{"id":10551,"date":"2023-07-17T08:01:54","date_gmt":"2023-07-17T06:01:54","guid":{"rendered":"https:\/\/www-akustikksenter.wp3.hcweb.dev\/?page_id=10551"},"modified":"2026-04-15T10:44:39","modified_gmt":"2026-04-15T08:44:39","slug":"produktionsmiljo-og-udvikling","status":"publish","type":"page","link":"https:\/\/www.akustikksenter.no\/da\/om-oss\/produksjon-miljo-og-utvikling\/","title":{"rendered":"Produktion, milj\u00f8 og udvikling"},"content":{"rendered":"<p>Siden 2007<\/p>\n<h1>\n\t\tProduktion og udvikling\n\t<\/h1>\n<h2>\n\t\tInnovation, milj\u00f8 og b\u00e6redygtighed i fokus\n\t<\/h2>\n\t\t\t\t<img decoding=\"async\" src=\"https:\/\/www.akustikksenter.no\/wp-content\/uploads\/2019\/03\/Gr\u00f8nn-produksjon.png\" alt=\"Gr\u00f8n produktion\" itemprop=\"image\" height=\"300\" width=\"300\" title=\"Gr\u00f8n produktion\" onerror=\"this.style.display='none'\"  \/>\n\t<h3>Gr\u00f8n produktion<\/h3>\n<p>Ved hj\u00e6lp af 9.000 kvadratmeter topmoderne solpaneler har vi en produktion, der hovedsageligt k\u00f8rer p\u00e5 solenergi (ca. 61 %). Det reducerer forbruget af fossile br\u00e6ndstoffer som olie, gas og kul til at producere vores absorbenter. Det er vigtigt for os i vores bestr\u00e6belser p\u00e5 at opn\u00e5 en ren produktion og bidrage til at forbedre klimaet.<\/p>\n<p>Gr\u00f8n produktion og produkter af h\u00f8j kvalitet med lang levetid skaber b\u00e6redygtige produkter.<\/p>\n\t\t\t\t<img decoding=\"async\" src=\"https:\/\/www.akustikksenter.no\/wp-content\/uploads\/2019\/03\/Nye-produksjonsmaskiner.png\" alt=\"Nye produktionsmaskiner\" itemprop=\"image\" height=\"300\" width=\"300\" title=\"Nye produktionsmaskiner\" onerror=\"this.style.display='none'\"  \/>\n\t<h3>Produktionsudstyr<\/h3>\n<p>I de senere \u00e5r har vi investeret massivt i nye, avancerede maskiner, der udf\u00f8rer opgaver hurtigere, mere effektivt, sikrere og med st\u00f8rre pr\u00e6cision end nogensinde f\u00f8r. Nye tyske produktionslinjer installeret mellem 2016 og 2019 har lettet produktionen af lydabsorberende materialer i verdensklasse. Ud over CE-kravene opfylder produkterne de strengeste krav til emissioner og ikke-brug af giftige stoffer, dvs. produkterne er f.eks. M1-certificerede. M1-certificeret.<\/p>\n<p><a href=\"https:\/\/www.akustikksenter.no\/da\/om-os\/certificeringer-og-ekspertise\/\">L\u00e6s mere om ekspertise og certificering.<\/a><\/p>\n\t\t\t\t<img decoding=\"async\" src=\"https:\/\/www.akustikksenter.no\/wp-content\/uploads\/2019\/03\/WeChat-Image_20181008110901-scaled.jpg\" alt=\"WeChat Billede_20181008110901\" itemprop=\"image\" height=\"1707\" width=\"2560\" title=\"WeChat Billede_20181008110901\" onerror=\"this.style.display='none'\"  \/>\n\t\t\t\t<img decoding=\"async\" src=\"https:\/\/www.akustikksenter.no\/wp-content\/uploads\/2019\/03\/IMG_0875-scaled.jpg\" alt=\"IMG_0875\" itemprop=\"image\" height=\"1920\" width=\"2560\" title=\"IMG_0875\" onerror=\"this.style.display='none'\"  \/>\n\t\t\t\t<img decoding=\"async\" src=\"https:\/\/www.akustikksenter.no\/wp-content\/uploads\/2019\/03\/Alt-vann-blir-resirkulert-og-renset.png\" alt=\"Alt vand genbruges og renses\" itemprop=\"image\" height=\"300\" width=\"300\" title=\"Alt vand genbruges og renses\" onerror=\"this.style.display='none'\"  \/>\n\t<h3>Alt vand genbruges og renses<\/h3>\n<p>Fremstillingen af vores produkter kr\u00e6ver en vis m\u00e6ngde vand til f.eks. k\u00f8ling af varmt udstyr og reng\u00f8ring. Alt vand, der forurenes af vores produktion, g\u00e5r gennem et rensningsanl\u00e6g p\u00e5 fabrikken, hvor det returneres til rent vand og dermed genbruges som en del af en mere b\u00e6redygtig produktion.<\/p>\n\t\t\t\t<img decoding=\"async\" src=\"https:\/\/www.akustikksenter.no\/wp-content\/uploads\/2019\/03\/Oppsamling-og-resirkulering-av-st\u00f8v.png\" alt=\"St\u00f8vopsamling og genbrug\" itemprop=\"image\" height=\"300\" width=\"300\" title=\"St\u00f8vopsamling og genbrug\" onerror=\"this.style.display='none'\"  \/>\n\t<h3>Indsamling og genbrug af produktionsst\u00f8v<\/h3>\n<p>De fleste af vores produkter best\u00e5r hovedsageligt af komprimeret glasuld. Under produktionen opst\u00e5r der st\u00f8v, n\u00e5r glasulden forarbejdes og raffineres. St\u00f8vet opsamles og anvendes i nye og innovative produkter.<\/p>\n\t\t\t\t<img decoding=\"async\" src=\"https:\/\/www.akustikksenter.no\/wp-content\/uploads\/2019\/05\/Forskning-og-utvikling.png\" alt=\"Forskning og udvikling\" itemprop=\"image\" height=\"300\" width=\"300\" title=\"Forskning og udvikling\" onerror=\"this.style.display='none'\"  \/>\n\t<h3>Arbejdsmilj\u00f8 og HSE<\/h3>\n<p>Produktionsrammerne, arbejdsmilj\u00f8et og HSE p\u00e5 fabrikken f\u00f8lger vores retningslinjer, som er baseret p\u00e5 norske standarder. Der er h\u00f8jt kvalificerede, fastansatte, universitetsuddannede ingeni\u00f8rer. Kvalitetskontroll\u00f8rer og produktionsmedarbejdere har stor erfaring. Der er ordnede arbejdsforhold og faciliteter, der svarer til det bedste inden for skandinaviske arbejdsforhold.<\/p>\n<p>Ledende kinesiske medarbejdere bes\u00f8ger Norge for at udveksle ekspertise og erfaring. Vi er ivrige efter at overf\u00f8re best practice og give en forst\u00e5else af kravene p\u00e5 vores marked.<\/p>\n<p>Fabrikken er den eneste af sin slags i Kina med sin egen skole og et uddannelsesprogram for medarbejderne.<\/p>\n\t\t\t\t<img decoding=\"async\" src=\"https:\/\/www.akustikksenter.no\/wp-content\/uploads\/2019\/03\/Forskning-og-utvikling.png\" alt=\"Forskning og udvikling\" itemprop=\"image\" height=\"300\" width=\"300\" title=\"Forskning og udvikling\" onerror=\"this.style.display='none'\"  \/>\n\t<h3>Forskning og udvikling<\/h3>\n<p>I en verden, der er s\u00e5 dynamisk som den, vi lever i, er der ikke noget, der er det samme fra m\u00e5ned til m\u00e5ned. P\u00e5 Norsk Akustikksenter unders\u00f8ger vi konstant b\u00e5de det nationale og det internationale marked for nye m\u00e5der at absorbere lydb\u00f8lger p\u00e5.<\/p>\n<p>Vi arbejder t\u00e6t sammen med verdens f\u00f8rende institutioner inden for lydabsorption og akustik.  Vi har udviklet alle vores produkter og har flere sp\u00e6ndende projekter, der vil blive lanceret i fremtiden.<\/p>\n\t\t\t\t<img decoding=\"async\" src=\"https:\/\/www.akustikksenter.no\/wp-content\/uploads\/2019\/05\/Foto-til-utdanningsprogram-e1662383243245.jpg\" alt=\"Foto til uddannelsesprogram\" itemprop=\"image\" height=\"1180\" width=\"1728\" title=\"Foto til uddannelsesprogram\" onerror=\"this.style.display='none'\"  \/>\n\t\t\t\t<img decoding=\"async\" src=\"https:\/\/www.akustikksenter.no\/wp-content\/uploads\/2019\/03\/IMG_0879-scaled.jpg\" alt=\"IMG_0879\" itemprop=\"image\" height=\"1920\" width=\"2560\" title=\"IMG_0879\" onerror=\"this.style.display='none'\"  \/>\n\t\t\t\t<img decoding=\"async\" src=\"https:\/\/www.akustikksenter.no\/wp-content\/uploads\/2023\/11\/Banner-til-web-6-vi-er-sertifisert.jpg\" alt=\"Banner-til-web-6-vi-er-certificeret\" itemprop=\"image\" height=\"1080\" width=\"1920\" title=\"Banner-til-web-6-vi-er-certificeret\" onerror=\"this.style.display='none'\"  \/>\n<h2>\n\t\tMilj\u00f8fyrt\u00e5rn\n\t<\/h2>\n\t<p>Norsk Akustisk Senter har taget en bevidst beslutning om at p\u00e5tage sig et klima- og milj\u00f8ansvar gennem <a href=\"https:\/\/www.miljofyrtarn.no\/\" target=\"_blank\" rel=\"noreferrer noopener\">Milj\u00f8fyrt\u00e5rn<\/a>\u00a0certificering.<\/p>\n\t<p>Milj\u00f8fyrt\u00e5rn giver os en konkret ramme som milj\u00f8ledelsessystem, hvor vi aktivt har sat milj\u00f8m\u00e5l og opfylder n\u00f8je definerede krav inden for sundhed, milj\u00f8, sikkerhed, arbejdsmilj\u00f8, energi, affald, transport og \u00e6stetik. Gennem en grundig milj\u00f8analyse har vi nu opn\u00e5et en Milj\u00f8fyrt\u00e5rn-certificering, som understreger vores engagement i b\u00e6redygtige principper. <a href=\"https:\/\/www.akustikksenter.no\/da\/arkiv\/vi-er-oko-tarn-certificerede\/\">L\u00e6s mere her<\/a>.<\/p>\n<p><a href=\"https:\/\/www.akustikksenter.no\/da\/om-os\/produktionsmiljo-og-udvikling\/klimaregnskab\/\">Se vores klimaregnskab.\u00a0<\/a><\/p>","protected":false},"excerpt":{"rendered":"<p>Siden 2007 Produktion og udvikling Fokus p\u00e5 innovation, milj\u00f8 og b\u00e6redygtighed Gr\u00f8n produktion Ved hj\u00e6lp af 9.000 kvadratmeter topmoderne solpaneler har vi en produktion, der hovedsageligt k\u00f8rer p\u00e5 solenergi (ca. 61 %). Det reducerer forbruget af fossile br\u00e6ndstoffer som olie, gas og kul til at producere vores absorbenter. Det er vigtigt for os...<\/p>","protected":false},"author":1,"featured_media":10210,"parent":129,"menu_order":0,"comment_status":"closed","ping_status":"closed","template":"","meta":{"_acf_changed":false,"footnotes":""},"class_list":["post-10551","page","type-page","status-publish","has-post-thumbnail","hentry"],"acf":[],"yoast_head":"<!-- This site is optimized with the Yoast SEO plugin v27.5 - https:\/\/yoast.com\/product\/yoast-seo-wordpress\/ -->\n<title>Produksjon, milj\u00f8 og utvikling | Akustikksenter<\/title>\n<meta name=\"description\" content=\"B\u00e6rekraftig produksjon av akustikkl\u00f8sninger med fokus p\u00e5 milj\u00f8 og utvikling. Vi kombinerer kvalitet, design og ansvarlige materialvalg.\" \/>\n<meta name=\"robots\" content=\"index, follow, max-snippet:-1, max-image-preview:large, max-video-preview:-1\" \/>\n<link rel=\"canonical\" href=\"https:\/\/www.akustikksenter.no\/da\/om-os\/produktionsmiljo-og-udvikling\/\" \/>\n<meta property=\"og:locale\" content=\"da_DK\" \/>\n<meta property=\"og:type\" content=\"article\" \/>\n<meta property=\"og:title\" content=\"Produksjon, milj\u00f8 og utvikling | Akustikksenter\" \/>\n<meta property=\"og:description\" content=\"B\u00e6rekraftig produksjon av akustikkl\u00f8sninger med fokus p\u00e5 milj\u00f8 og utvikling. Vi kombinerer kvalitet, design og ansvarlige materialvalg.\" \/>\n<meta property=\"og:url\" content=\"https:\/\/www.akustikksenter.no\/da\/om-os\/produktionsmiljo-og-udvikling\/\" \/>\n<meta property=\"og:site_name\" content=\"Norsk Akustikksenter\" \/>\n<meta property=\"article:publisher\" content=\"https:\/\/www.facebook.com\/Akustikksenter\/\" \/>\n<meta property=\"article:modified_time\" content=\"2026-04-15T08:44:39+00:00\" \/>\n<meta property=\"og:image\" content=\"https:\/\/www.akustikksenter.no\/wp-content\/uploads\/2018\/03\/Moterom-Akustikkbildfe-og-Frigg-Hex.jpeg\" \/>\n\t<meta property=\"og:image:width\" content=\"2048\" \/>\n\t<meta property=\"og:image:height\" content=\"1536\" \/>\n\t<meta property=\"og:image:type\" content=\"image\/jpeg\" \/>\n<meta name=\"twitter:label1\" content=\"Estimeret l\u00e6setid\" \/>\n\t<meta name=\"twitter:data1\" content=\"5 minutter\" \/>\n<script type=\"application\/ld+json\" class=\"yoast-schema-graph\">{\"@context\":\"https:\\\/\\\/schema.org\",\"@graph\":[{\"@type\":\"WebPage\",\"@id\":\"https:\\\/\\\/www.akustikksenter.no\\\/om-oss\\\/produksjon-miljo-og-utvikling\\\/\",\"url\":\"https:\\\/\\\/www.akustikksenter.no\\\/om-oss\\\/produksjon-miljo-og-utvikling\\\/\",\"name\":\"Produksjon, milj\u00f8 og utvikling | Akustikksenter\",\"isPartOf\":{\"@id\":\"https:\\\/\\\/www.akustikksenter.no\\\/#website\"},\"primaryImageOfPage\":{\"@id\":\"https:\\\/\\\/www.akustikksenter.no\\\/om-oss\\\/produksjon-miljo-og-utvikling\\\/#primaryimage\"},\"image\":{\"@id\":\"https:\\\/\\\/www.akustikksenter.no\\\/om-oss\\\/produksjon-miljo-og-utvikling\\\/#primaryimage\"},\"thumbnailUrl\":\"https:\\\/\\\/www.akustikksenter.no\\\/wp-content\\\/uploads\\\/2018\\\/03\\\/Moterom-Akustikkbildfe-og-Frigg-Hex.jpeg\",\"datePublished\":\"2023-07-17T06:01:54+00:00\",\"dateModified\":\"2026-04-15T08:44:39+00:00\",\"description\":\"B\u00e6rekraftig produksjon av akustikkl\u00f8sninger med fokus p\u00e5 milj\u00f8 og utvikling. Vi kombinerer kvalitet, design og ansvarlige materialvalg.\",\"breadcrumb\":{\"@id\":\"https:\\\/\\\/www.akustikksenter.no\\\/om-oss\\\/produksjon-miljo-og-utvikling\\\/#breadcrumb\"},\"inLanguage\":\"da-DK\",\"potentialAction\":[{\"@type\":\"ReadAction\",\"target\":[\"https:\\\/\\\/www.akustikksenter.no\\\/om-oss\\\/produksjon-miljo-og-utvikling\\\/\"]}]},{\"@type\":\"ImageObject\",\"inLanguage\":\"da-DK\",\"@id\":\"https:\\\/\\\/www.akustikksenter.no\\\/om-oss\\\/produksjon-miljo-og-utvikling\\\/#primaryimage\",\"url\":\"https:\\\/\\\/www.akustikksenter.no\\\/wp-content\\\/uploads\\\/2018\\\/03\\\/Moterom-Akustikkbildfe-og-Frigg-Hex.jpeg\",\"contentUrl\":\"https:\\\/\\\/www.akustikksenter.no\\\/wp-content\\\/uploads\\\/2018\\\/03\\\/Moterom-Akustikkbildfe-og-Frigg-Hex.jpeg\",\"width\":2048,\"height\":1536},{\"@type\":\"BreadcrumbList\",\"@id\":\"https:\\\/\\\/www.akustikksenter.no\\\/om-oss\\\/produksjon-miljo-og-utvikling\\\/#breadcrumb\",\"itemListElement\":[{\"@type\":\"ListItem\",\"position\":1,\"name\":\"Hjem\",\"item\":\"https:\\\/\\\/www.akustikksenter.no\\\/\"},{\"@type\":\"ListItem\",\"position\":2,\"name\":\"Om Norsk Akustikksenter\",\"item\":\"https:\\\/\\\/www.akustikksenter.no\\\/om-oss\\\/\"},{\"@type\":\"ListItem\",\"position\":3,\"name\":\"Produksjon, milj\u00f8 og utvikling\"}]},{\"@type\":\"WebSite\",\"@id\":\"https:\\\/\\\/www.akustikksenter.no\\\/#website\",\"url\":\"https:\\\/\\\/www.akustikksenter.no\\\/\",\"name\":\"Norsk Akustikksenter\",\"description\":\"Totalleverand\u00f8r av akustikkl\u00f8sninger\",\"publisher\":{\"@id\":\"https:\\\/\\\/www.akustikksenter.no\\\/#organization\"},\"potentialAction\":[{\"@type\":\"SearchAction\",\"target\":{\"@type\":\"EntryPoint\",\"urlTemplate\":\"https:\\\/\\\/www.akustikksenter.no\\\/?s={search_term_string}\"},\"query-input\":{\"@type\":\"PropertyValueSpecification\",\"valueRequired\":true,\"valueName\":\"search_term_string\"}}],\"inLanguage\":\"da-DK\"},{\"@type\":\"Organization\",\"@id\":\"https:\\\/\\\/www.akustikksenter.no\\\/#organization\",\"name\":\"Norsk Akustikksenter\",\"alternateName\":\"Akustikksenter\",\"url\":\"https:\\\/\\\/www.akustikksenter.no\\\/\",\"logo\":{\"@type\":\"ImageObject\",\"inLanguage\":\"da-DK\",\"@id\":\"https:\\\/\\\/www.akustikksenter.no\\\/#\\\/schema\\\/logo\\\/image\\\/\",\"url\":\"https:\\\/\\\/www.akustikksenter.no\\\/wp-content\\\/uploads\\\/2018\\\/02\\\/Norsk-Akkustikksenter_nyLogo_payoff-3-e1518606723632.png\",\"contentUrl\":\"https:\\\/\\\/www.akustikksenter.no\\\/wp-content\\\/uploads\\\/2018\\\/02\\\/Norsk-Akkustikksenter_nyLogo_payoff-3-e1518606723632.png\",\"width\":232,\"height\":93,\"caption\":\"Norsk Akustikksenter\"},\"image\":{\"@id\":\"https:\\\/\\\/www.akustikksenter.no\\\/#\\\/schema\\\/logo\\\/image\\\/\"},\"sameAs\":[\"https:\\\/\\\/www.facebook.com\\\/Akustikksenter\\\/\",\"https:\\\/\\\/www.pinterest.com\\\/akustikksenter\\\/\",\"https:\\\/\\\/www.instagram.com\\\/akustikksenter_norway\\\/\",\"https:\\\/\\\/no.linkedin.com\\\/company\\\/norsk-akustikksenter-as\"]}]}<\/script>\n<!-- \/ Yoast SEO plugin. -->","yoast_head_json":{"title":"Produktion, milj\u00f8 og udvikling | Akustikcenter","description":"B\u00e6redygtig produktion af akustikl\u00f8sninger med fokus p\u00e5 milj\u00f8 og udvikling. Vi kombinerer kvalitet, design og ansvarlige materialevalg.","robots":{"index":"index","follow":"follow","max-snippet":"max-snippet:-1","max-image-preview":"max-image-preview:large","max-video-preview":"max-video-preview:-1"},"canonical":"https:\/\/www.akustikksenter.no\/da\/om-os\/produktionsmiljo-og-udvikling\/","og_locale":"da_DK","og_type":"article","og_title":"Produksjon, milj\u00f8 og utvikling | Akustikksenter","og_description":"B\u00e6rekraftig produksjon av akustikkl\u00f8sninger med fokus p\u00e5 milj\u00f8 og utvikling. Vi kombinerer kvalitet, design og ansvarlige materialvalg.","og_url":"https:\/\/www.akustikksenter.no\/da\/om-os\/produktionsmiljo-og-udvikling\/","og_site_name":"Norsk Akustikksenter","article_publisher":"https:\/\/www.facebook.com\/Akustikksenter\/","article_modified_time":"2026-04-15T08:44:39+00:00","og_image":[{"width":2048,"height":1536,"url":"https:\/\/www.akustikksenter.no\/wp-content\/uploads\/2018\/03\/Moterom-Akustikkbildfe-og-Frigg-Hex.jpeg","type":"image\/jpeg"}],"twitter_misc":{"Estimeret l\u00e6setid":"5 minutter"},"schema":{"@context":"https:\/\/schema.org","@graph":[{"@type":"WebPage","@id":"https:\/\/www.akustikksenter.no\/om-oss\/produksjon-miljo-og-utvikling\/","url":"https:\/\/www.akustikksenter.no\/om-oss\/produksjon-miljo-og-utvikling\/","name":"Produktion, milj\u00f8 og udvikling | Akustikcenter","isPartOf":{"@id":"https:\/\/www.akustikksenter.no\/#website"},"primaryImageOfPage":{"@id":"https:\/\/www.akustikksenter.no\/om-oss\/produksjon-miljo-og-utvikling\/#primaryimage"},"image":{"@id":"https:\/\/www.akustikksenter.no\/om-oss\/produksjon-miljo-og-utvikling\/#primaryimage"},"thumbnailUrl":"https:\/\/www.akustikksenter.no\/wp-content\/uploads\/2018\/03\/Moterom-Akustikkbildfe-og-Frigg-Hex.jpeg","datePublished":"2023-07-17T06:01:54+00:00","dateModified":"2026-04-15T08:44:39+00:00","description":"B\u00e6redygtig produktion af akustikl\u00f8sninger med fokus p\u00e5 milj\u00f8 og udvikling. Vi kombinerer kvalitet, design og ansvarlige materialevalg.","breadcrumb":{"@id":"https:\/\/www.akustikksenter.no\/om-oss\/produksjon-miljo-og-utvikling\/#breadcrumb"},"inLanguage":"da-DK","potentialAction":[{"@type":"ReadAction","target":["https:\/\/www.akustikksenter.no\/om-oss\/produksjon-miljo-og-utvikling\/"]}]},{"@type":"ImageObject","inLanguage":"da-DK","@id":"https:\/\/www.akustikksenter.no\/om-oss\/produksjon-miljo-og-utvikling\/#primaryimage","url":"https:\/\/www.akustikksenter.no\/wp-content\/uploads\/2018\/03\/Moterom-Akustikkbildfe-og-Frigg-Hex.jpeg","contentUrl":"https:\/\/www.akustikksenter.no\/wp-content\/uploads\/2018\/03\/Moterom-Akustikkbildfe-og-Frigg-Hex.jpeg","width":2048,"height":1536},{"@type":"BreadcrumbList","@id":"https:\/\/www.akustikksenter.no\/om-oss\/produksjon-miljo-og-utvikling\/#breadcrumb","itemListElement":[{"@type":"ListItem","position":1,"name":"Hjem","item":"https:\/\/www.akustikksenter.no\/"},{"@type":"ListItem","position":2,"name":"Om Norsk Akustikksenter","item":"https:\/\/www.akustikksenter.no\/om-oss\/"},{"@type":"ListItem","position":3,"name":"Produksjon, milj\u00f8 og utvikling"}]},{"@type":"WebSite","@id":"https:\/\/www.akustikksenter.no\/#website","url":"https:\/\/www.akustikksenter.no\/","name":"Norsk Akustik Center","description":"Totalleverand\u00f8r af akustiske l\u00f8sninger","publisher":{"@id":"https:\/\/www.akustikksenter.no\/#organization"},"potentialAction":[{"@type":"SearchAction","target":{"@type":"EntryPoint","urlTemplate":"https:\/\/www.akustikksenter.no\/?s={search_term_string}"},"query-input":{"@type":"PropertyValueSpecification","valueRequired":true,"valueName":"search_term_string"}}],"inLanguage":"da-DK"},{"@type":"Organization","@id":"https:\/\/www.akustikksenter.no\/#organization","name":"Norsk Akustik Center","alternateName":"Akustikksenter","url":"https:\/\/www.akustikksenter.no\/","logo":{"@type":"ImageObject","inLanguage":"da-DK","@id":"https:\/\/www.akustikksenter.no\/#\/schema\/logo\/image\/","url":"https:\/\/www.akustikksenter.no\/wp-content\/uploads\/2018\/02\/Norsk-Akkustikksenter_nyLogo_payoff-3-e1518606723632.png","contentUrl":"https:\/\/www.akustikksenter.no\/wp-content\/uploads\/2018\/02\/Norsk-Akkustikksenter_nyLogo_payoff-3-e1518606723632.png","width":232,"height":93,"caption":"Norsk Akustikksenter"},"image":{"@id":"https:\/\/www.akustikksenter.no\/#\/schema\/logo\/image\/"},"sameAs":["https:\/\/www.facebook.com\/Akustikksenter\/","https:\/\/www.pinterest.com\/akustikksenter\/","https:\/\/www.instagram.com\/akustikksenter_norway\/","https:\/\/no.linkedin.com\/company\/norsk-akustikksenter-as"]}]}},"_links":{"self":[{"href":"https:\/\/www.akustikksenter.no\/da\/wp-json\/wp\/v2\/pages\/10551","targetHints":{"allow":["GET"]}}],"collection":[{"href":"https:\/\/www.akustikksenter.no\/da\/wp-json\/wp\/v2\/pages"}],"about":[{"href":"https:\/\/www.akustikksenter.no\/da\/wp-json\/wp\/v2\/types\/page"}],"author":[{"embeddable":true,"href":"https:\/\/www.akustikksenter.no\/da\/wp-json\/wp\/v2\/users\/1"}],"replies":[{"embeddable":true,"href":"https:\/\/www.akustikksenter.no\/da\/wp-json\/wp\/v2\/comments?post=10551"}],"version-history":[{"count":1,"href":"https:\/\/www.akustikksenter.no\/da\/wp-json\/wp\/v2\/pages\/10551\/revisions"}],"predecessor-version":[{"id":13071,"href":"https:\/\/www.akustikksenter.no\/da\/wp-json\/wp\/v2\/pages\/10551\/revisions\/13071"}],"up":[{"embeddable":true,"href":"https:\/\/www.akustikksenter.no\/da\/wp-json\/wp\/v2\/pages\/129"}],"wp:featuredmedia":[{"embeddable":true,"href":"https:\/\/www.akustikksenter.no\/da\/wp-json\/wp\/v2\/media\/10210"}],"wp:attachment":[{"href":"https:\/\/www.akustikksenter.no\/da\/wp-json\/wp\/v2\/media?parent=10551"}],"curies":[{"name":"wp","href":"https:\/\/api.w.org\/{rel}","templated":true}]}}