{"id":11725,"date":"2024-05-14T15:47:31","date_gmt":"2024-05-14T13:47:31","guid":{"rendered":"https:\/\/www-akustikksenter.wp3.hcweb.dev\/?page_id=11725"},"modified":"2026-04-15T10:48:52","modified_gmt":"2026-04-15T08:48:52","slug":"klimaregnskab","status":"publish","type":"page","link":"https:\/\/www.akustikksenter.no\/da\/om-oss\/produksjon-miljo-og-utvikling\/klimaregnskap\/","title":{"rendered":"Klimaregnskab for Norsk Akustikksenter AS"},"content":{"rendered":"<h1>Klimaregnskab for<br \/>\nNorsk Akustikcenter 2024<\/h1>\n\t\t\t\t<img decoding=\"async\" src=\"https:\/\/www.akustikksenter.no\/wp-content\/uploads\/2025\/04\/fotavtrykk-co2-2024.png\" alt=\"co2-fodaftryk 2024\" itemprop=\"image\" height=\"360\" width=\"360\" title=\"co2-fodaftryk 2024\" onerror=\"this.style.display='none'\"  \/>\n\t\t\t\t<img decoding=\"async\" src=\"https:\/\/www.akustikksenter.no\/wp-content\/uploads\/2025\/04\/Prosentvis-fordeling-av-CO2-utslipp-2024.svg\" alt=\"Procentvis fordeling af CO2-emissioner 2024\" itemprop=\"image\" title=\"Procentvis fordeling af CO2-emissioner 2024\" onerror=\"this.style.display='none'\"  \/>\n\t<h2>Vores kommentarer til klimaregnskabet<\/h2>\n<p>Virksomheden har nu et stabilt lavt forbrug af energi, emissioner og affald. Det skyldes, at kontoret og showroomet er placeret i moderne lokaler. 2024 har v\u00e6ret et aktivt \u00e5r med mange rejser og \u00f8get salg. Det har f\u00f8rt til h\u00f8jere aktivitet og et \u00f8get antal rejser. Planlagte foranstaltninger er blevet implementeret, og vores fodaftryk er lavt.<\/p>\n\t\t<ul>\n\t\t\t\t\t<li>\n\t\t\t\t\n\t\t<p>Affald og genbrug 0,01%<\/p>\t\t\t\n\t\t\t<\/li>\n\t\t\t\t\t<li>\n\t\t\t\t\n\t\t<p>Energi 5.82%<\/p>\t\t\t\n\t\t\t<\/li>\n\t\t\t\t\t<li>\n\t\t\t\t\n\t\t<p>Transport 94.17%<\/p>\t\t\t\n\t\t\t<\/li>\n\t\t\t\t<\/ul>\n\t<a href=\"https:\/\/www.akustikksenter.no\/wp-content\/uploads\/2025\/04\/MFT-Miljofyrtarn.pdf\" target=\"_self\" role=\"button\" download=\"MFT-Miljofyrtarn.pdf\" aria-label=\"L\u00e6s hele rapporten (2024)\">\n\t\t\t\t\t\tL\u00e6s hele rapporten (2024)\n\t\t\t\t\t<\/a>\n\t<h2>Carbon footprint for Norsk Akustikcenter 2023<\/h2>\n\t\t\t\t<img decoding=\"async\" src=\"https:\/\/www.akustikksenter.no\/wp-content\/uploads\/2024\/05\/fotavtryk-c02-2023.png\" alt=\"fodaftryk c02 2023\" itemprop=\"image\" height=\"338\" width=\"338\" title=\"fodaftryk c02 2023\" onerror=\"this.style.display='none'\"  \/>\n\t\t\t\t<img decoding=\"async\" src=\"https:\/\/www.akustikksenter.no\/wp-content\/uploads\/2024\/05\/P-R-O-S-E-N-T-V-I-S-F-O-R-D-E-L-I-N-G-AV-CO-2-U-TS-L-I-P-P-2023.png\" alt=\"P R O S E N T V I S F O R D E L I N G AV CO 2 - U TS L I P P 2023\" itemprop=\"image\" height=\"341\" width=\"340\" title=\"P R O S E N T V I S F O R D E L I N G AV CO 2 - U TS L I P P 2023\" onerror=\"this.style.display='none'\"  \/>\n\t<h3>Vores kommentarer til klimaregnskabet for 2023<\/h3>\n2023 var et \u00e5r med store omstruktureringer i virksomheden. Lageret blev flyttet til en ekstern lager- og logistikleverand\u00f8r. Stavanger-kontoret flyttede ind i et kontorf\u00e6llesskab. Oslo-kontoret flyttede fra gamle og ineffektive kontorer den 30. juni 2013. Medarbejderne havde hjemmekontor, indtil de flyttede ind i nye, moderne kontorf\u00e6llesskaber den 1. november 2013.<br \/>\nPlanlagte tiltag er blevet implementeret, og vi fremst\u00e5r mere effektive og med forudsigelige omkostninger og milj\u00f8p\u00e5virkning.\n\t\t<ul>\n\t\t\t\t\t<li>\n\t\t\t\t\n\t\t<p>Affald og genbrug 0,13%<\/p>\t\t\t\n\t\t\t<\/li>\n\t\t\t\t\t<li>\n\t\t\t\t\n\t\t<p>Energi 0,78%<\/p>\t\t\t\n\t\t\t<\/li>\n\t\t\t\t\t<li>\n\t\t\t\t\n\t\t<p>Transport 99.09%<\/p>\t\t\t\n\t\t\t<\/li>\n\t\t\t\t<\/ul>\n\t<a href=\"https:\/\/www.akustikksenter.no\/wp-content\/uploads\/2024\/05\/MFT-Miljofyrtarn-2023.pdf\" target=\"_self\" role=\"button\" download=\"MFT-Miljofyrtarn-2023.pdf\" aria-label=\"L\u00e6s hele rapporten (2023)\">\n\t\t\t\t\t\tL\u00e6s hele rapporten (2023)\n\t\t\t\t\t<\/a>\n\t\t\t\t<img decoding=\"async\" src=\"https:\/\/www.akustikksenter.no\/wp-content\/uploads\/2020\/02\/miljofyrtarn.png\" alt=\"Milj\u00f8m\u00e6ssigt fyrt\u00e5rn\" itemprop=\"image\" height=\"851\" width=\"1000\" title=\"Milj\u00f8m\u00e6ssigt fyrt\u00e5rn\" onerror=\"this.style.display='none'\"  \/>\n\t<p>Norsk Akustisk Senter har taget en bevidst beslutning om at p\u00e5tage sig et klima- og milj\u00f8ansvar gennem\u00a0<a href=\"https:\/\/www.miljofyrtarn.no\/\" target=\"_blank\" rel=\"noreferrer noopener\">Milj\u00f8fyrt\u00e5rn<\/a>\u00a0certificering.<\/p>\n<p>L\u00e6s om vores fokus p\u00e5<a href=\"https:\/\/www.akustikksenter.no\/da\/om-os\/produktionsmiljo-og-udvikling\/\"> innovation, milj\u00f8 og b\u00e6redygtighed.\u00a0<\/a><\/p>","protected":false},"excerpt":{"rendered":"<p>Klimaregnskap for Norsk Akustikksenter 2024 V\u00e5r kommentar til klimaregnskapet Selskapet har n\u00e5 et stabilt lite forbruk av energi, utslipp og avfall. Dette er grunnet kontor og showroom i moderne kontorfellesskap. 2024 har v\u00e6rt et aktivt \u00e5r med mye reisevirksomhet og \u00f8kt omsetning. Dette har medf\u00f8rt h\u00f8yere aktivitet og \u00f8kt antall reiser. Planlagte tiltak er gjennomf\u00f8rt&hellip;<\/p>","protected":false},"author":1,"featured_media":11745,"parent":10551,"menu_order":0,"comment_status":"closed","ping_status":"closed","template":"","meta":{"_acf_changed":false,"footnotes":""},"class_list":["post-11725","page","type-page","status-publish","has-post-thumbnail","hentry"],"acf":[],"yoast_head":"<!-- This site is optimized with the Yoast SEO plugin v27.5 - https:\/\/yoast.com\/product\/yoast-seo-wordpress\/ -->\n<title>Klimaregnskap | Akustikksenter \u2013 b\u00e6rekraft og milj\u00f8<\/title>\n<meta name=\"description\" content=\"Se v\u00e5rt klimaregnskap og arbeid med b\u00e6rekraft. Oversikt over utslipp, energi og tiltak for mer milj\u00f8vennlig produksjon av akustikkl\u00f8sninger.\" \/>\n<meta name=\"robots\" content=\"index, follow, max-snippet:-1, max-image-preview:large, max-video-preview:-1\" \/>\n<link rel=\"canonical\" href=\"https:\/\/www.akustikksenter.no\/da\/om-os\/produktionsmiljo-og-udvikling\/klimaregnskab\/\" \/>\n<meta property=\"og:locale\" content=\"da_DK\" \/>\n<meta property=\"og:type\" content=\"article\" \/>\n<meta property=\"og:title\" content=\"Klimaregnskap | Akustikksenter \u2013 b\u00e6rekraft og milj\u00f8\" \/>\n<meta property=\"og:description\" content=\"Se v\u00e5rt klimaregnskap og arbeid med b\u00e6rekraft. Oversikt over utslipp, energi og tiltak for mer milj\u00f8vennlig produksjon av akustikkl\u00f8sninger.\" \/>\n<meta property=\"og:url\" content=\"https:\/\/www.akustikksenter.no\/da\/om-os\/produktionsmiljo-og-udvikling\/klimaregnskab\/\" \/>\n<meta property=\"og:site_name\" content=\"Norsk Akustikksenter\" \/>\n<meta property=\"article:publisher\" content=\"https:\/\/www.facebook.com\/Akustikksenter\/\" \/>\n<meta property=\"article:modified_time\" content=\"2026-04-15T08:48:52+00:00\" \/>\n<meta property=\"og:image\" content=\"https:\/\/www.akustikksenter.no\/wp-content\/uploads\/2024\/05\/P-R-O-S-E-N-T-V-I-S-F-O-R-D-E-L-I-N-G-AV-CO-2-U-TS-L-I-P-P-2023.png\" \/>\n\t<meta property=\"og:image:width\" content=\"340\" \/>\n\t<meta property=\"og:image:height\" content=\"341\" \/>\n\t<meta property=\"og:image:type\" content=\"image\/png\" \/>\n<meta name=\"twitter:label1\" content=\"Estimeret l\u00e6setid\" \/>\n\t<meta name=\"twitter:data1\" content=\"2 minutter\" \/>\n<script type=\"application\/ld+json\" class=\"yoast-schema-graph\">{\"@context\":\"https:\\\/\\\/schema.org\",\"@graph\":[{\"@type\":\"WebPage\",\"@id\":\"https:\\\/\\\/www.akustikksenter.no\\\/om-oss\\\/produksjon-miljo-og-utvikling\\\/klimaregnskap\\\/\",\"url\":\"https:\\\/\\\/www.akustikksenter.no\\\/om-oss\\\/produksjon-miljo-og-utvikling\\\/klimaregnskap\\\/\",\"name\":\"Klimaregnskap | Akustikksenter \u2013 b\u00e6rekraft og milj\u00f8\",\"isPartOf\":{\"@id\":\"https:\\\/\\\/www.akustikksenter.no\\\/#website\"},\"primaryImageOfPage\":{\"@id\":\"https:\\\/\\\/www.akustikksenter.no\\\/om-oss\\\/produksjon-miljo-og-utvikling\\\/klimaregnskap\\\/#primaryimage\"},\"image\":{\"@id\":\"https:\\\/\\\/www.akustikksenter.no\\\/om-oss\\\/produksjon-miljo-og-utvikling\\\/klimaregnskap\\\/#primaryimage\"},\"thumbnailUrl\":\"https:\\\/\\\/www.akustikksenter.no\\\/wp-content\\\/uploads\\\/2024\\\/05\\\/P-R-O-S-E-N-T-V-I-S-F-O-R-D-E-L-I-N-G-AV-CO-2-U-TS-L-I-P-P-2023.png\",\"datePublished\":\"2024-05-14T13:47:31+00:00\",\"dateModified\":\"2026-04-15T08:48:52+00:00\",\"description\":\"Se v\u00e5rt klimaregnskap og arbeid med b\u00e6rekraft. Oversikt over utslipp, energi og tiltak for mer milj\u00f8vennlig produksjon av akustikkl\u00f8sninger.\",\"breadcrumb\":{\"@id\":\"https:\\\/\\\/www.akustikksenter.no\\\/om-oss\\\/produksjon-miljo-og-utvikling\\\/klimaregnskap\\\/#breadcrumb\"},\"inLanguage\":\"da-DK\",\"potentialAction\":[{\"@type\":\"ReadAction\",\"target\":[\"https:\\\/\\\/www.akustikksenter.no\\\/om-oss\\\/produksjon-miljo-og-utvikling\\\/klimaregnskap\\\/\"]}]},{\"@type\":\"ImageObject\",\"inLanguage\":\"da-DK\",\"@id\":\"https:\\\/\\\/www.akustikksenter.no\\\/om-oss\\\/produksjon-miljo-og-utvikling\\\/klimaregnskap\\\/#primaryimage\",\"url\":\"https:\\\/\\\/www.akustikksenter.no\\\/wp-content\\\/uploads\\\/2024\\\/05\\\/P-R-O-S-E-N-T-V-I-S-F-O-R-D-E-L-I-N-G-AV-CO-2-U-TS-L-I-P-P-2023.png\",\"contentUrl\":\"https:\\\/\\\/www.akustikksenter.no\\\/wp-content\\\/uploads\\\/2024\\\/05\\\/P-R-O-S-E-N-T-V-I-S-F-O-R-D-E-L-I-N-G-AV-CO-2-U-TS-L-I-P-P-2023.png\",\"width\":340,\"height\":341},{\"@type\":\"BreadcrumbList\",\"@id\":\"https:\\\/\\\/www.akustikksenter.no\\\/om-oss\\\/produksjon-miljo-og-utvikling\\\/klimaregnskap\\\/#breadcrumb\",\"itemListElement\":[{\"@type\":\"ListItem\",\"position\":1,\"name\":\"Hjem\",\"item\":\"https:\\\/\\\/www.akustikksenter.no\\\/\"},{\"@type\":\"ListItem\",\"position\":2,\"name\":\"Om Norsk Akustikksenter\",\"item\":\"https:\\\/\\\/www.akustikksenter.no\\\/om-oss\\\/\"},{\"@type\":\"ListItem\",\"position\":3,\"name\":\"Produksjon, milj\u00f8 og utvikling\",\"item\":\"https:\\\/\\\/www.akustikksenter.no\\\/om-oss\\\/produksjon-miljo-og-utvikling\\\/\"},{\"@type\":\"ListItem\",\"position\":4,\"name\":\"Klimaregnskap for Norsk Akustikksenter AS\"}]},{\"@type\":\"WebSite\",\"@id\":\"https:\\\/\\\/www.akustikksenter.no\\\/#website\",\"url\":\"https:\\\/\\\/www.akustikksenter.no\\\/\",\"name\":\"Norsk Akustikksenter\",\"description\":\"Totalleverand\u00f8r av akustikkl\u00f8sninger\",\"publisher\":{\"@id\":\"https:\\\/\\\/www.akustikksenter.no\\\/#organization\"},\"potentialAction\":[{\"@type\":\"SearchAction\",\"target\":{\"@type\":\"EntryPoint\",\"urlTemplate\":\"https:\\\/\\\/www.akustikksenter.no\\\/?s={search_term_string}\"},\"query-input\":{\"@type\":\"PropertyValueSpecification\",\"valueRequired\":true,\"valueName\":\"search_term_string\"}}],\"inLanguage\":\"da-DK\"},{\"@type\":\"Organization\",\"@id\":\"https:\\\/\\\/www.akustikksenter.no\\\/#organization\",\"name\":\"Norsk Akustikksenter\",\"alternateName\":\"Akustikksenter\",\"url\":\"https:\\\/\\\/www.akustikksenter.no\\\/\",\"logo\":{\"@type\":\"ImageObject\",\"inLanguage\":\"da-DK\",\"@id\":\"https:\\\/\\\/www.akustikksenter.no\\\/#\\\/schema\\\/logo\\\/image\\\/\",\"url\":\"https:\\\/\\\/www.akustikksenter.no\\\/wp-content\\\/uploads\\\/2018\\\/02\\\/Norsk-Akkustikksenter_nyLogo_payoff-3-e1518606723632.png\",\"contentUrl\":\"https:\\\/\\\/www.akustikksenter.no\\\/wp-content\\\/uploads\\\/2018\\\/02\\\/Norsk-Akkustikksenter_nyLogo_payoff-3-e1518606723632.png\",\"width\":232,\"height\":93,\"caption\":\"Norsk Akustikksenter\"},\"image\":{\"@id\":\"https:\\\/\\\/www.akustikksenter.no\\\/#\\\/schema\\\/logo\\\/image\\\/\"},\"sameAs\":[\"https:\\\/\\\/www.facebook.com\\\/Akustikksenter\\\/\",\"https:\\\/\\\/www.pinterest.com\\\/akustikksenter\\\/\",\"https:\\\/\\\/www.instagram.com\\\/akustikksenter_norway\\\/\",\"https:\\\/\\\/no.linkedin.com\\\/company\\\/norsk-akustikksenter-as\"]}]}<\/script>\n<!-- \/ Yoast SEO plugin. -->","yoast_head_json":{"title":"Klimaregnskab | Akustikcenter - b\u00e6redygtighed og milj\u00f8","description":"Se vores klimaregnskab og arbejde med b\u00e6redygtighed. Oversigt over udledninger, energi og tiltag til mere milj\u00f8venlig produktion af akustikl\u00f8sninger.","robots":{"index":"index","follow":"follow","max-snippet":"max-snippet:-1","max-image-preview":"max-image-preview:large","max-video-preview":"max-video-preview:-1"},"canonical":"https:\/\/www.akustikksenter.no\/da\/om-os\/produktionsmiljo-og-udvikling\/klimaregnskab\/","og_locale":"da_DK","og_type":"article","og_title":"Klimaregnskap | Akustikksenter \u2013 b\u00e6rekraft og milj\u00f8","og_description":"Se v\u00e5rt klimaregnskap og arbeid med b\u00e6rekraft. Oversikt over utslipp, energi og tiltak for mer milj\u00f8vennlig produksjon av akustikkl\u00f8sninger.","og_url":"https:\/\/www.akustikksenter.no\/da\/om-os\/produktionsmiljo-og-udvikling\/klimaregnskab\/","og_site_name":"Norsk Akustikksenter","article_publisher":"https:\/\/www.facebook.com\/Akustikksenter\/","article_modified_time":"2026-04-15T08:48:52+00:00","og_image":[{"width":340,"height":341,"url":"https:\/\/www.akustikksenter.no\/wp-content\/uploads\/2024\/05\/P-R-O-S-E-N-T-V-I-S-F-O-R-D-E-L-I-N-G-AV-CO-2-U-TS-L-I-P-P-2023.png","type":"image\/png"}],"twitter_misc":{"Estimeret l\u00e6setid":"2 minutter"},"schema":{"@context":"https:\/\/schema.org","@graph":[{"@type":"WebPage","@id":"https:\/\/www.akustikksenter.no\/om-oss\/produksjon-miljo-og-utvikling\/klimaregnskap\/","url":"https:\/\/www.akustikksenter.no\/om-oss\/produksjon-miljo-og-utvikling\/klimaregnskap\/","name":"Klimaregnskab | Akustikcenter - b\u00e6redygtighed og milj\u00f8","isPartOf":{"@id":"https:\/\/www.akustikksenter.no\/#website"},"primaryImageOfPage":{"@id":"https:\/\/www.akustikksenter.no\/om-oss\/produksjon-miljo-og-utvikling\/klimaregnskap\/#primaryimage"},"image":{"@id":"https:\/\/www.akustikksenter.no\/om-oss\/produksjon-miljo-og-utvikling\/klimaregnskap\/#primaryimage"},"thumbnailUrl":"https:\/\/www.akustikksenter.no\/wp-content\/uploads\/2024\/05\/P-R-O-S-E-N-T-V-I-S-F-O-R-D-E-L-I-N-G-AV-CO-2-U-TS-L-I-P-P-2023.png","datePublished":"2024-05-14T13:47:31+00:00","dateModified":"2026-04-15T08:48:52+00:00","description":"Se vores klimaregnskab og arbejde med b\u00e6redygtighed. Oversigt over udledninger, energi og tiltag til mere milj\u00f8venlig produktion af akustikl\u00f8sninger.","breadcrumb":{"@id":"https:\/\/www.akustikksenter.no\/om-oss\/produksjon-miljo-og-utvikling\/klimaregnskap\/#breadcrumb"},"inLanguage":"da-DK","potentialAction":[{"@type":"ReadAction","target":["https:\/\/www.akustikksenter.no\/om-oss\/produksjon-miljo-og-utvikling\/klimaregnskap\/"]}]},{"@type":"ImageObject","inLanguage":"da-DK","@id":"https:\/\/www.akustikksenter.no\/om-oss\/produksjon-miljo-og-utvikling\/klimaregnskap\/#primaryimage","url":"https:\/\/www.akustikksenter.no\/wp-content\/uploads\/2024\/05\/P-R-O-S-E-N-T-V-I-S-F-O-R-D-E-L-I-N-G-AV-CO-2-U-TS-L-I-P-P-2023.png","contentUrl":"https:\/\/www.akustikksenter.no\/wp-content\/uploads\/2024\/05\/P-R-O-S-E-N-T-V-I-S-F-O-R-D-E-L-I-N-G-AV-CO-2-U-TS-L-I-P-P-2023.png","width":340,"height":341},{"@type":"BreadcrumbList","@id":"https:\/\/www.akustikksenter.no\/om-oss\/produksjon-miljo-og-utvikling\/klimaregnskap\/#breadcrumb","itemListElement":[{"@type":"ListItem","position":1,"name":"Hjem","item":"https:\/\/www.akustikksenter.no\/"},{"@type":"ListItem","position":2,"name":"Om Norsk Akustikksenter","item":"https:\/\/www.akustikksenter.no\/om-oss\/"},{"@type":"ListItem","position":3,"name":"Produksjon, milj\u00f8 og utvikling","item":"https:\/\/www.akustikksenter.no\/om-oss\/produksjon-miljo-og-utvikling\/"},{"@type":"ListItem","position":4,"name":"Klimaregnskap for Norsk Akustikksenter AS"}]},{"@type":"WebSite","@id":"https:\/\/www.akustikksenter.no\/#website","url":"https:\/\/www.akustikksenter.no\/","name":"Norsk Akustik Center","description":"Totalleverand\u00f8r af akustiske l\u00f8sninger","publisher":{"@id":"https:\/\/www.akustikksenter.no\/#organization"},"potentialAction":[{"@type":"SearchAction","target":{"@type":"EntryPoint","urlTemplate":"https:\/\/www.akustikksenter.no\/?s={search_term_string}"},"query-input":{"@type":"PropertyValueSpecification","valueRequired":true,"valueName":"search_term_string"}}],"inLanguage":"da-DK"},{"@type":"Organization","@id":"https:\/\/www.akustikksenter.no\/#organization","name":"Norsk Akustik Center","alternateName":"Akustikksenter","url":"https:\/\/www.akustikksenter.no\/","logo":{"@type":"ImageObject","inLanguage":"da-DK","@id":"https:\/\/www.akustikksenter.no\/#\/schema\/logo\/image\/","url":"https:\/\/www.akustikksenter.no\/wp-content\/uploads\/2018\/02\/Norsk-Akkustikksenter_nyLogo_payoff-3-e1518606723632.png","contentUrl":"https:\/\/www.akustikksenter.no\/wp-content\/uploads\/2018\/02\/Norsk-Akkustikksenter_nyLogo_payoff-3-e1518606723632.png","width":232,"height":93,"caption":"Norsk Akustikksenter"},"image":{"@id":"https:\/\/www.akustikksenter.no\/#\/schema\/logo\/image\/"},"sameAs":["https:\/\/www.facebook.com\/Akustikksenter\/","https:\/\/www.pinterest.com\/akustikksenter\/","https:\/\/www.instagram.com\/akustikksenter_norway\/","https:\/\/no.linkedin.com\/company\/norsk-akustikksenter-as"]}]}},"_links":{"self":[{"href":"https:\/\/www.akustikksenter.no\/da\/wp-json\/wp\/v2\/pages\/11725","targetHints":{"allow":["GET"]}}],"collection":[{"href":"https:\/\/www.akustikksenter.no\/da\/wp-json\/wp\/v2\/pages"}],"about":[{"href":"https:\/\/www.akustikksenter.no\/da\/wp-json\/wp\/v2\/types\/page"}],"author":[{"embeddable":true,"href":"https:\/\/www.akustikksenter.no\/da\/wp-json\/wp\/v2\/users\/1"}],"replies":[{"embeddable":true,"href":"https:\/\/www.akustikksenter.no\/da\/wp-json\/wp\/v2\/comments?post=11725"}],"version-history":[{"count":2,"href":"https:\/\/www.akustikksenter.no\/da\/wp-json\/wp\/v2\/pages\/11725\/revisions"}],"predecessor-version":[{"id":13039,"href":"https:\/\/www.akustikksenter.no\/da\/wp-json\/wp\/v2\/pages\/11725\/revisions\/13039"}],"up":[{"embeddable":true,"href":"https:\/\/www.akustikksenter.no\/da\/wp-json\/wp\/v2\/pages\/10551"}],"wp:featuredmedia":[{"embeddable":true,"href":"https:\/\/www.akustikksenter.no\/da\/wp-json\/wp\/v2\/media\/11745"}],"wp:attachment":[{"href":"https:\/\/www.akustikksenter.no\/da\/wp-json\/wp\/v2\/media?parent=11725"}],"curies":[{"name":"wp","href":"https:\/\/api.w.org\/{rel}","templated":true}]}}