{"id":2602,"date":"2016-11-22T08:51:29","date_gmt":"2016-11-22T07:51:29","guid":{"rendered":"https:\/\/www-akustikksenter.wp3.hcweb.dev\/?page_id=2602"},"modified":"2026-04-15T10:24:39","modified_gmt":"2026-04-15T08:24:39","slug":"ce-certificering","status":"publish","type":"page","link":"https:\/\/www.akustikksenter.no\/da\/ce-sertifisering\/","title":{"rendered":"CE-certificering"},"content":{"rendered":"<p><strong>Alle produkter, som vi udvikler og markedsf\u00f8rer i Norden, er CE-certificerede i overensstemmelse med den g\u00e6ldende standard.<\/strong><\/p>\n<p>Et stort antal produkter er udviklet af os og certificeret af os. CE-certificeringens registreringsnummer fremg\u00e5r ogs\u00e5 af det enkelte produkts datablad og DoP-certifikat. Datablade og DoP-certifikater findes nemt p\u00e5 det enkelte produkt p\u00e5 vores hjemmeside.<\/p>\n<p>CE-certificering af vores produkter udf\u00f8res af det uafh\u00e6ngige firma Warrington Certification, Storbritannien.<\/p>\n<p>Vi sikrer, at produkter, som vi f\u00f8rer, og som er udviklet af andre producenter, ogs\u00e5 er beh\u00f8rigt certificeret til det nordiske marked, hvis det kr\u00e6ves.<\/p>\n\n\t\t<style>\n\t\t\t#gallery-1 {\n\t\t\t\tmargin: auto;\n\t\t\t}\n\t\t\t#gallery-1 .gallery-item {\n\t\t\t\tfloat: left;\n\t\t\t\tmargin-top: 10px;\n\t\t\t\ttext-align: center;\n\t\t\t\twidth: 33%;\n\t\t\t}\n\t\t\t#gallery-1 img {\n\t\t\t\tborder: 2px solid #cfcfcf;\n\t\t\t}\n\t\t\t#gallery-1 .gallery-caption {\n\t\t\t\tmargin-left: 0;\n\t\t\t}\n\t\t\t\/* see gallery_shortcode() in wp-includes\/media.php *\/\n\t\t<\/style>\n\t\t<div id='gallery-1' class='gallery galleryid-2602 gallery-columns-3 gallery-size-large'><dl class='gallery-item'>\n\t\t\t<dt class='gallery-icon portrait'>\n\t\t\t\t<a href='https:\/\/www.akustikksenter.no\/da\/ce-sertifisering\/ce-eksempel-1\/'><img decoding=\"async\" width=\"700\" height=\"963\" src=\"https:\/\/www.akustikksenter.no\/wp-content\/uploads\/2021\/06\/CE-eksempel-1.jpg\" class=\"attachment-large size-large\" alt=\"\" srcset=\"https:\/\/www.akustikksenter.no\/wp-content\/uploads\/2021\/06\/CE-eksempel-1.jpg 700w, https:\/\/www.akustikksenter.no\/wp-content\/uploads\/2021\/06\/CE-eksempel-1-450x619.jpg 450w, https:\/\/www.akustikksenter.no\/wp-content\/uploads\/2021\/06\/CE-eksempel-1-291x400.jpg 291w, https:\/\/www.akustikksenter.no\/wp-content\/uploads\/2021\/06\/CE-eksempel-1-145x200.jpg 145w, https:\/\/www.akustikksenter.no\/wp-content\/uploads\/2021\/06\/CE-eksempel-1-182x250.jpg 182w, https:\/\/www.akustikksenter.no\/wp-content\/uploads\/2021\/06\/CE-eksempel-1-250x344.jpg 250w, https:\/\/www.akustikksenter.no\/wp-content\/uploads\/2021\/06\/CE-eksempel-1-500x688.jpg 500w\" sizes=\"(max-width: 700px) 100vw, 700px\" \/><\/a>\n\t\t\t<\/dt><\/dl><dl class='gallery-item'>\n\t\t\t<dt class='gallery-icon portrait'>\n\t\t\t\t<a href='https:\/\/www.akustikksenter.no\/da\/ce-sertifisering\/ce-eksempel-2\/'><img decoding=\"async\" width=\"700\" height=\"963\" src=\"https:\/\/www.akustikksenter.no\/wp-content\/uploads\/2021\/06\/CE-eksempel-2.jpg\" class=\"attachment-large size-large\" alt=\"\" srcset=\"https:\/\/www.akustikksenter.no\/wp-content\/uploads\/2021\/06\/CE-eksempel-2.jpg 700w, https:\/\/www.akustikksenter.no\/wp-content\/uploads\/2021\/06\/CE-eksempel-2-450x619.jpg 450w, https:\/\/www.akustikksenter.no\/wp-content\/uploads\/2021\/06\/CE-eksempel-2-291x400.jpg 291w, https:\/\/www.akustikksenter.no\/wp-content\/uploads\/2021\/06\/CE-eksempel-2-145x200.jpg 145w, https:\/\/www.akustikksenter.no\/wp-content\/uploads\/2021\/06\/CE-eksempel-2-182x250.jpg 182w, https:\/\/www.akustikksenter.no\/wp-content\/uploads\/2021\/06\/CE-eksempel-2-250x344.jpg 250w, https:\/\/www.akustikksenter.no\/wp-content\/uploads\/2021\/06\/CE-eksempel-2-500x688.jpg 500w\" sizes=\"(max-width: 700px) 100vw, 700px\" \/><\/a>\n\t\t\t<\/dt><\/dl>\n\t\t\t<br style='clear: both' \/>\n\t\t<\/div>","protected":false},"excerpt":{"rendered":"<p>Alle produkter, som vi udvikler og markedsf\u00f8rer i Norden, er CE-certificerede i henhold til g\u00e6ldende standarder. Et stort antal produkter er udviklet af os og certificeret af os. Det enkelte produkts datablad og DoP-certifikat viser ogs\u00e5 CE-certificeringens registreringsnummer. Datablade og DoP-certifikater kan nemt findes p\u00e5 det enkelte produkt p\u00e5 vores hjemmeside ....<\/p>","protected":false},"author":1,"featured_media":0,"parent":0,"menu_order":0,"comment_status":"closed","ping_status":"closed","template":"","meta":{"_acf_changed":false,"footnotes":""},"class_list":["post-2602","page","type-page","status-publish","hentry"],"acf":[],"yoast_head":"<!-- This site is optimized with the Yoast SEO plugin v27.5 - https:\/\/yoast.com\/product\/yoast-seo-wordpress\/ -->\n<title>CE-sertifiserte akustikkl\u00f8sninger | Dokumentert kvalitet<\/title>\n<meta name=\"description\" content=\"CE-sertifiserte akustikkprodukter med dokumentert kvalitet og ytelse. Oppfyller gjeldende standarder for sikkerhet, milj\u00f8 og lydabsorpsjon.\" \/>\n<meta name=\"robots\" content=\"index, follow, max-snippet:-1, max-image-preview:large, max-video-preview:-1\" \/>\n<link rel=\"canonical\" href=\"https:\/\/www.akustikksenter.no\/da\/ce-certificering\/\" \/>\n<meta property=\"og:locale\" content=\"da_DK\" \/>\n<meta property=\"og:type\" content=\"article\" \/>\n<meta property=\"og:title\" content=\"CE-sertifiserte akustikkl\u00f8sninger | Dokumentert kvalitet\" \/>\n<meta property=\"og:description\" content=\"CE-sertifiserte akustikkprodukter med dokumentert kvalitet og ytelse. Oppfyller gjeldende standarder for sikkerhet, milj\u00f8 og lydabsorpsjon.\" \/>\n<meta property=\"og:url\" content=\"https:\/\/www.akustikksenter.no\/da\/ce-certificering\/\" \/>\n<meta property=\"og:site_name\" content=\"Norsk Akustikksenter\" \/>\n<meta property=\"article:publisher\" content=\"https:\/\/www.facebook.com\/Akustikksenter\/\" \/>\n<meta property=\"article:modified_time\" content=\"2026-04-15T08:24:39+00:00\" \/>\n<meta property=\"og:image\" content=\"https:\/\/www.akustikksenter.no\/wp-content\/uploads\/2021\/06\/CE-eksempel-1.jpg\" \/>\n<meta name=\"twitter:label1\" content=\"Estimeret l\u00e6setid\" \/>\n\t<meta name=\"twitter:data1\" content=\"1 minut\" \/>\n<script type=\"application\/ld+json\" class=\"yoast-schema-graph\">{\"@context\":\"https:\\\/\\\/schema.org\",\"@graph\":[{\"@type\":\"WebPage\",\"@id\":\"https:\\\/\\\/www.akustikksenter.no\\\/ce-sertifisering\\\/\",\"url\":\"https:\\\/\\\/www.akustikksenter.no\\\/ce-sertifisering\\\/\",\"name\":\"CE-sertifiserte akustikkl\u00f8sninger | Dokumentert kvalitet\",\"isPartOf\":{\"@id\":\"https:\\\/\\\/www.akustikksenter.no\\\/#website\"},\"datePublished\":\"2016-11-22T07:51:29+00:00\",\"dateModified\":\"2026-04-15T08:24:39+00:00\",\"description\":\"CE-sertifiserte akustikkprodukter med dokumentert kvalitet og ytelse. Oppfyller gjeldende standarder for sikkerhet, milj\u00f8 og lydabsorpsjon.\",\"breadcrumb\":{\"@id\":\"https:\\\/\\\/www.akustikksenter.no\\\/ce-sertifisering\\\/#breadcrumb\"},\"inLanguage\":\"da-DK\",\"potentialAction\":[{\"@type\":\"ReadAction\",\"target\":[\"https:\\\/\\\/www.akustikksenter.no\\\/ce-sertifisering\\\/\"]}]},{\"@type\":\"BreadcrumbList\",\"@id\":\"https:\\\/\\\/www.akustikksenter.no\\\/ce-sertifisering\\\/#breadcrumb\",\"itemListElement\":[{\"@type\":\"ListItem\",\"position\":1,\"name\":\"Hjem\",\"item\":\"https:\\\/\\\/www.akustikksenter.no\\\/\"},{\"@type\":\"ListItem\",\"position\":2,\"name\":\"CE sertifisering\"}]},{\"@type\":\"WebSite\",\"@id\":\"https:\\\/\\\/www.akustikksenter.no\\\/#website\",\"url\":\"https:\\\/\\\/www.akustikksenter.no\\\/\",\"name\":\"Norsk Akustikksenter\",\"description\":\"Totalleverand\u00f8r av akustikkl\u00f8sninger\",\"publisher\":{\"@id\":\"https:\\\/\\\/www.akustikksenter.no\\\/#organization\"},\"potentialAction\":[{\"@type\":\"SearchAction\",\"target\":{\"@type\":\"EntryPoint\",\"urlTemplate\":\"https:\\\/\\\/www.akustikksenter.no\\\/?s={search_term_string}\"},\"query-input\":{\"@type\":\"PropertyValueSpecification\",\"valueRequired\":true,\"valueName\":\"search_term_string\"}}],\"inLanguage\":\"da-DK\"},{\"@type\":\"Organization\",\"@id\":\"https:\\\/\\\/www.akustikksenter.no\\\/#organization\",\"name\":\"Norsk Akustikksenter\",\"alternateName\":\"Akustikksenter\",\"url\":\"https:\\\/\\\/www.akustikksenter.no\\\/\",\"logo\":{\"@type\":\"ImageObject\",\"inLanguage\":\"da-DK\",\"@id\":\"https:\\\/\\\/www.akustikksenter.no\\\/#\\\/schema\\\/logo\\\/image\\\/\",\"url\":\"https:\\\/\\\/www.akustikksenter.no\\\/wp-content\\\/uploads\\\/2018\\\/02\\\/Norsk-Akkustikksenter_nyLogo_payoff-3-e1518606723632.png\",\"contentUrl\":\"https:\\\/\\\/www.akustikksenter.no\\\/wp-content\\\/uploads\\\/2018\\\/02\\\/Norsk-Akkustikksenter_nyLogo_payoff-3-e1518606723632.png\",\"width\":232,\"height\":93,\"caption\":\"Norsk Akustikksenter\"},\"image\":{\"@id\":\"https:\\\/\\\/www.akustikksenter.no\\\/#\\\/schema\\\/logo\\\/image\\\/\"},\"sameAs\":[\"https:\\\/\\\/www.facebook.com\\\/Akustikksenter\\\/\",\"https:\\\/\\\/www.pinterest.com\\\/akustikksenter\\\/\",\"https:\\\/\\\/www.instagram.com\\\/akustikksenter_norway\\\/\",\"https:\\\/\\\/no.linkedin.com\\\/company\\\/norsk-akustikksenter-as\"]}]}<\/script>\n<!-- \/ Yoast SEO plugin. -->","yoast_head_json":{"title":"CE-certificerede akustikl\u00f8sninger | Dokumenteret kvalitet","description":"CE-certificerede akustikprodukter med dokumenteret kvalitet og ydeevne. Opfylder g\u00e6ldende standarder for sikkerhed, milj\u00f8 og lydabsorption.","robots":{"index":"index","follow":"follow","max-snippet":"max-snippet:-1","max-image-preview":"max-image-preview:large","max-video-preview":"max-video-preview:-1"},"canonical":"https:\/\/www.akustikksenter.no\/da\/ce-certificering\/","og_locale":"da_DK","og_type":"article","og_title":"CE-sertifiserte akustikkl\u00f8sninger | Dokumentert kvalitet","og_description":"CE-sertifiserte akustikkprodukter med dokumentert kvalitet og ytelse. Oppfyller gjeldende standarder for sikkerhet, milj\u00f8 og lydabsorpsjon.","og_url":"https:\/\/www.akustikksenter.no\/da\/ce-certificering\/","og_site_name":"Norsk Akustikksenter","article_publisher":"https:\/\/www.facebook.com\/Akustikksenter\/","article_modified_time":"2026-04-15T08:24:39+00:00","og_image":[{"url":"https:\/\/www.akustikksenter.no\/wp-content\/uploads\/2021\/06\/CE-eksempel-1.jpg","type":"","width":"","height":""}],"twitter_misc":{"Estimeret l\u00e6setid":"1 minut"},"schema":{"@context":"https:\/\/schema.org","@graph":[{"@type":"WebPage","@id":"https:\/\/www.akustikksenter.no\/ce-sertifisering\/","url":"https:\/\/www.akustikksenter.no\/ce-sertifisering\/","name":"CE-certificerede akustikl\u00f8sninger | Dokumenteret kvalitet","isPartOf":{"@id":"https:\/\/www.akustikksenter.no\/#website"},"datePublished":"2016-11-22T07:51:29+00:00","dateModified":"2026-04-15T08:24:39+00:00","description":"CE-certificerede akustikprodukter med dokumenteret kvalitet og ydeevne. Opfylder g\u00e6ldende standarder for sikkerhed, milj\u00f8 og lydabsorption.","breadcrumb":{"@id":"https:\/\/www.akustikksenter.no\/ce-sertifisering\/#breadcrumb"},"inLanguage":"da-DK","potentialAction":[{"@type":"ReadAction","target":["https:\/\/www.akustikksenter.no\/ce-sertifisering\/"]}]},{"@type":"BreadcrumbList","@id":"https:\/\/www.akustikksenter.no\/ce-sertifisering\/#breadcrumb","itemListElement":[{"@type":"ListItem","position":1,"name":"Hjem","item":"https:\/\/www.akustikksenter.no\/"},{"@type":"ListItem","position":2,"name":"CE sertifisering"}]},{"@type":"WebSite","@id":"https:\/\/www.akustikksenter.no\/#website","url":"https:\/\/www.akustikksenter.no\/","name":"Norsk Akustik Center","description":"Totalleverand\u00f8r af akustiske l\u00f8sninger","publisher":{"@id":"https:\/\/www.akustikksenter.no\/#organization"},"potentialAction":[{"@type":"SearchAction","target":{"@type":"EntryPoint","urlTemplate":"https:\/\/www.akustikksenter.no\/?s={search_term_string}"},"query-input":{"@type":"PropertyValueSpecification","valueRequired":true,"valueName":"search_term_string"}}],"inLanguage":"da-DK"},{"@type":"Organization","@id":"https:\/\/www.akustikksenter.no\/#organization","name":"Norsk Akustik Center","alternateName":"Akustikksenter","url":"https:\/\/www.akustikksenter.no\/","logo":{"@type":"ImageObject","inLanguage":"da-DK","@id":"https:\/\/www.akustikksenter.no\/#\/schema\/logo\/image\/","url":"https:\/\/www.akustikksenter.no\/wp-content\/uploads\/2018\/02\/Norsk-Akkustikksenter_nyLogo_payoff-3-e1518606723632.png","contentUrl":"https:\/\/www.akustikksenter.no\/wp-content\/uploads\/2018\/02\/Norsk-Akkustikksenter_nyLogo_payoff-3-e1518606723632.png","width":232,"height":93,"caption":"Norsk Akustikksenter"},"image":{"@id":"https:\/\/www.akustikksenter.no\/#\/schema\/logo\/image\/"},"sameAs":["https:\/\/www.facebook.com\/Akustikksenter\/","https:\/\/www.pinterest.com\/akustikksenter\/","https:\/\/www.instagram.com\/akustikksenter_norway\/","https:\/\/no.linkedin.com\/company\/norsk-akustikksenter-as"]}]}},"_links":{"self":[{"href":"https:\/\/www.akustikksenter.no\/da\/wp-json\/wp\/v2\/pages\/2602","targetHints":{"allow":["GET"]}}],"collection":[{"href":"https:\/\/www.akustikksenter.no\/da\/wp-json\/wp\/v2\/pages"}],"about":[{"href":"https:\/\/www.akustikksenter.no\/da\/wp-json\/wp\/v2\/types\/page"}],"author":[{"embeddable":true,"href":"https:\/\/www.akustikksenter.no\/da\/wp-json\/wp\/v2\/users\/1"}],"replies":[{"embeddable":true,"href":"https:\/\/www.akustikksenter.no\/da\/wp-json\/wp\/v2\/comments?post=2602"}],"version-history":[{"count":1,"href":"https:\/\/www.akustikksenter.no\/da\/wp-json\/wp\/v2\/pages\/2602\/revisions"}],"predecessor-version":[{"id":14436,"href":"https:\/\/www.akustikksenter.no\/da\/wp-json\/wp\/v2\/pages\/2602\/revisions\/14436"}],"wp:attachment":[{"href":"https:\/\/www.akustikksenter.no\/da\/wp-json\/wp\/v2\/media?parent=2602"}],"curies":[{"name":"wp","href":"https:\/\/api.w.org\/{rel}","templated":true}]}}