{"id":4155,"date":"2018-05-22T13:27:24","date_gmt":"2018-05-22T11:27:24","guid":{"rendered":"https:\/\/www.akustikksenter.no\/?page_id=4155"},"modified":"2026-04-15T10:28:57","modified_gmt":"2026-04-15T08:28:57","slug":"privatliv","status":"publish","type":"page","link":"https:\/\/www.akustikksenter.no\/da\/personvern\/","title":{"rendered":"Privatlivspolitik"},"content":{"rendered":"<strong>Norsk Akustik Center as<\/strong><br \/>\nAuglendsmyr\u00e5 13<br \/>\n4016 Stavanger, Norge<br \/>\nOrg. nr. 915 530 001\n<p>&nbsp;<\/p>\n\t<strong>Kontaktoplysninger<\/strong><br \/>\nTelefon 902 38 611<br \/>\n<a href=\"mailto:post@akustikksenter.no\">post@akustikksenter.no<\/a>\n\t\t\t\t\t<a role=\"heading\" aria-level=\"2\" tabindex=\"-1\"  id=\"fl-accordion--label-0\">Oplysninger, vi indsamler<\/a>\n\t\t\t\t\t\t\t\t\t\t\t<button type=\"button\" id=\"fl-accordion--icon-0\" aria-expanded=\"false\" aria-controls=\"fl-accordion--panel-0\"><i>Udvid<\/i><\/button>\n\t\t\t\t\t<p>N\u00e5r du bes\u00f8ger hjemmesiden, kan vores webudbyder indsamle de n\u00f8dvendige oplysninger, der kr\u00e6ves for at levere en stabil service.<\/p>\n<p>Du kan l\u00e6se mere om dette i <a href=\"https:\/\/www.hjelseth.com\/personvern\/\">Hjelseth Computers' privatlivspolitik<\/a>.<\/p>\n<p>&nbsp;<\/p>\n\t\t\t\t\t<a role=\"heading\" aria-level=\"2\" tabindex=\"-1\"  id=\"fl-accordion--label-1\">Cookies (sm\u00e5kager)<\/a>\n\t\t\t\t\t\t\t\t\t\t\t<button type=\"button\" id=\"fl-accordion--icon-1\" aria-expanded=\"false\" aria-controls=\"fl-accordion--panel-1\"><i>Udvid<\/i><\/button>\n\t\t\t\t\t<h3>S\u00e5dan bruger vi cookies<\/h3>\n<p>Vi bruger cookies til at give dig bedre service. Nogle cookies er afg\u00f8rende for hjemmesidens funktionalitet, mens andre bruges til at forbedre ydeevnen og brugeroplevelsen.<\/p>\nFunktionelle cookies bruges til at:<br \/>\n- Husk dine login-oplysninger<br \/>\n- S\u00f8rg for sikkerhed, n\u00e5r du er logget ind<br \/>\n- sikre, at websiderne ser ensartede ud\nPerformance-cookies bruges til:<br \/>\n- Forbedre hjemmesidens ydeevne ved at f\u00e5 siderne til at loade hurtigere<br \/>\n- forbedre brugeroplevelsen\nM\u00e5lrettede cookies bruges til:<br \/>\n- lader dig dele og synes godt om indhold<br \/>\n- sende oplysninger til andre hjemmesider for at tilpasse deres reklamer\n<h3>Eksempler p\u00e5 anvendelse<\/h3>\nCookies bruges til at give dig bedre tjenester, for eksempel ved at<br \/>\n- aktivere en tjeneste, der genkender din enhed, s\u00e5 du ikke beh\u00f8ver at indtaste de samme oplysninger flere gange<br \/>\n- Husk, at du allerede har indtastet dit brugernavn og din adgangskode, n\u00e5r du er logget ind p\u00e5 siderne, s\u00e5 du ikke beh\u00f8ver at g\u00f8re det igen for hver side.<br \/>\n- m\u00e5le, hvor mange mennesker der bruger vores tjenester, s\u00e5 vi kan g\u00f8re dem nemmere og hurtigere<br \/>\n- analysere data for at hj\u00e6lpe os med at forst\u00e5, hvordan du bruger onlinetjenester, s\u00e5 vi kan forbedre dem\nHvis du ikke tillader os at bruge cookies, vil visse funktioner og hjemmesider ikke fungere korrekt.<br \/>\nHvis du vil slette cookies, der allerede er gemt p\u00e5 din computer, skal du f\u00f8lge instruktionerne for din browser ved at klikke p\u00e5 Hj\u00e6lp i menuen.\n<p>Du kan l\u00e6se mere om cookies, og hvordan du bruger dem, p\u00e5 <a href=\"http:\/\/www.aboutcookies.org\/\">www.aboutcookies.org<\/a> eller ved at klikke p\u00e5 Hj\u00e6lp i din browser.<\/p>\n<p>&nbsp;<\/p>\n\t\t\t\t\t<a role=\"heading\" aria-level=\"2\" tabindex=\"-1\"  id=\"fl-accordion--label-2\">Statistik<\/a>\n\t\t\t\t\t\t\t\t\t\t\t<button type=\"button\" id=\"fl-accordion--icon-2\" aria-expanded=\"false\" aria-controls=\"fl-accordion--panel-2\"><i>Udvid<\/i><\/button>\n\t\t\t\t\t<p>Vi bruger Google Analytics til at m\u00e5le antallet af bes\u00f8gende, hvilke sider der er mest popul\u00e6re, varigheden af bes\u00f8gene og andre relaterede oplysninger.<\/p>\n<p>Disse oplysninger anonymiseres s\u00e5 vidt muligt via Google Analytics\u2019 v\u00e6rkt\u00f8jer, og de bruges kun til at give et overordnet indtryk, vi identificerer ikke enkeltpersoner gennem statistikindsamling.<\/p>\n<p>L\u00e6s mere i <a href=\"https:\/\/policies.google.com\/privacy\">Googles privatlivspolitik<\/a>.<\/p>\n\t\t\t\t\t<a role=\"heading\" aria-level=\"2\" tabindex=\"-1\"  id=\"fl-accordion--label-3\">Webshop<\/a>\n\t\t\t\t\t\t\t\t\t\t\t<button type=\"button\" id=\"fl-accordion--icon-3\" aria-expanded=\"false\" aria-controls=\"fl-accordion--panel-3\"><i>Udvid<\/i><\/button>\n\t\t\t\t\t<p>Vi indsamler oplysninger relateret til ordrer og gemmer dem, s\u00e5 l\u00e6nge det er n\u00f8dvendigt. Du har mulighed for at f\u00e5 slettet oplysninger fra din personlige konto (profil) i onlinebutikken. For at g\u00f8re dette skal du sende os en anmodning om sletning af personlige data. Du har ret til at kr\u00e6ve adgang til og sletning af personlige data. Du kan l\u00e6se mere om dine krav og rettigheder p\u00e5 det norske datatilsyns egen hjemmeside.\u00a0<a href=\"https:\/\/www.datatilsynet.no\/\">datatilsynet.no<\/a>.<\/p>\n<p>&nbsp;<\/p>\n\t\t\t\t\t<a role=\"heading\" aria-level=\"2\" tabindex=\"-1\"  id=\"fl-accordion--label-4\">Tredjepartsv\u00e6rkt\u00f8jer<\/a>\n\t\t\t\t\t\t\t\t\t\t\t<button type=\"button\" id=\"fl-accordion--icon-4\" aria-expanded=\"false\" aria-controls=\"fl-accordion--panel-4\"><i>Udvid<\/i><\/button>\n\t\t\t\t\t<h3>Tekster<\/h3>\n<p>Hjemmesiden bruger teksttyper, der er gjort tilg\u00e6ngelige via <a href=\"https:\/\/fonts.google.com\">Google-skrifttyper<\/a>. S\u00e5 vidt vi ved, indsamles der ingen oplysninger om den bes\u00f8gende, n\u00e5r s\u00e5danne teksttyper indl\u00e6ses.<\/p>\n<h3>Indhold fra tredjeparter<\/h3>\n<p>Vi inkluderer nogle gange videoklip, billeder eller indhold fra andre tredjepartswebsteder. S\u00e5dant indhold behandler den bes\u00f8gende, som om de var p\u00e5 det inkluderede indholds egen hjemmeside, og det kan derfor forekomme, at der gemmes cookies eller indsamles statistik af disse tredjeparter.<\/p>\n<h3>Brug af Microsoft Clarity<\/h3>\n<p>Vi bruger Microsoft Clarity p\u00e5 vores hjemmesider til at analysere brugeradf\u00e6rd, f.eks. bes\u00f8g, klikm\u00f8nstre, scrolling og sessionsvarighed. Det hj\u00e6lper os med at forbedre brugeroplevelsen, navigationen og tilpasningen af indholdet. Data indsamles via cookies og andre sporingsteknologier, der blandt andet registrerer enhedsoplysninger, og hvordan du interagerer med siderne.<\/p>\n<p>Ved at bruge webstedet accepterer du, at vi og Microsoft kan indsamle og bruge disse oplysninger til vores webstedsanalyse og optimeringsform\u00e5l.<\/p>\n<p>Oplysninger indsamlet via Microsoft Clarity kan omfatte:<\/p>\n<p>Interaktionsdata (brugerklik, bev\u00e6gelser, scrolling)<\/p>\n<p>Tekniske data (browser, enhed, sk\u00e6rmst\u00f8rrelse)<\/p>\n<h4>Information om sessionen<\/h4>\n<p>Dataindsamling med Microsoft Clarity finder kun sted, n\u00e5r brugeren har givet udtrykkeligt samtykke via vores cookie-samtykke-l\u00f8sning.<\/p>\n<p><em>For mere information om, hvordan Microsoft behandler personlige data, se <a href=\"https:\/\/www.microsoft.com\/en-us\/privacy\/privacystatement\" target=\"_blank\" rel=\"noopener\">Microsofts egen privatlivspolitik<\/a>.<\/em><\/p>\n<p>&nbsp;<\/p>\n\t\t\t\t\t<a role=\"heading\" aria-level=\"2\" tabindex=\"-1\"  id=\"fl-accordion--label-5\">Generelt<\/a>\n\t\t\t\t\t\t\t\t\t\t\t<button type=\"button\" id=\"fl-accordion--icon-5\" aria-expanded=\"false\" aria-controls=\"fl-accordion--panel-5\"><i>Udvid<\/i><\/button>\n\t\t\t\t\t<h3>Kontaktformular<\/h3>\n<p>P\u00e5 vores hjemmeside kan du ogs\u00e5 kontakte os via en kontaktformular, og i s\u00e5 fald beder vi om navn og kontaktoplysninger p\u00e5 en kontaktperson. De personoplysninger, vi modtager i forbindelse med din henvendelse, vil ikke blive brugt til andre form\u00e5l end at kontakte dig.<\/p>","protected":false},"excerpt":{"rendered":"<p>Norsk Akustikksenter as Auglendsmyr\u00e5 13 4016 Stavanger Org.nr. 915 530 001 Kontaktoplysninger Telefon 902 38 611 post@akustikksenter.no Oplysninger, vi indsamler Udvid N\u00e5r du bes\u00f8ger hjemmesiden, kan vores webudbyder indsamle oplysninger, der er n\u00f8dvendige for at levere en stabil tjeneste. Du kan l\u00e6se mere om dette i Hjelseth Computers' privatlivspolitik.   Cookies...<\/p>","protected":false},"author":1,"featured_media":0,"parent":0,"menu_order":0,"comment_status":"closed","ping_status":"closed","template":"","meta":{"_acf_changed":false,"footnotes":""},"class_list":["post-4155","page","type-page","status-publish","hentry"],"acf":[],"yoast_head":"<!-- This site is optimized with the Yoast SEO plugin v27.3 - https:\/\/yoast.com\/product\/yoast-seo-wordpress\/ -->\n<title>Personvern | Akustikksenter \u2013 slik behandler vi data<\/title>\n<meta name=\"description\" content=\"Les hvordan Akustikksenter behandler personopplysninger. Informasjon om lagring, bruk av data og dine rettigheter i henhold til gjeldende regelverk.\" \/>\n<meta name=\"robots\" content=\"index, follow, max-snippet:-1, max-image-preview:large, max-video-preview:-1\" \/>\n<link rel=\"canonical\" href=\"https:\/\/www.akustikksenter.no\/da\/privatliv\/\" \/>\n<meta property=\"og:locale\" content=\"da_DK\" \/>\n<meta property=\"og:type\" content=\"article\" \/>\n<meta property=\"og:title\" content=\"Personvern | Akustikksenter \u2013 slik behandler vi data\" \/>\n<meta property=\"og:description\" content=\"Les hvordan Akustikksenter behandler personopplysninger. Informasjon om lagring, bruk av data og dine rettigheter i henhold til gjeldende regelverk.\" \/>\n<meta property=\"og:url\" content=\"https:\/\/www.akustikksenter.no\/da\/privatliv\/\" \/>\n<meta property=\"og:site_name\" content=\"Norsk Akustikksenter\" \/>\n<meta property=\"article:publisher\" content=\"https:\/\/www.facebook.com\/Akustikksenter\/\" \/>\n<meta property=\"article:modified_time\" content=\"2026-04-15T08:28:57+00:00\" \/>\n<meta name=\"twitter:label1\" content=\"Estimeret l\u00e6setid\" \/>\n\t<meta name=\"twitter:data1\" content=\"4 minutter\" \/>\n<script type=\"application\/ld+json\" class=\"yoast-schema-graph\">{\"@context\":\"https:\\\/\\\/schema.org\",\"@graph\":[{\"@type\":\"WebPage\",\"@id\":\"https:\\\/\\\/www.akustikksenter.no\\\/personvern\\\/\",\"url\":\"https:\\\/\\\/www.akustikksenter.no\\\/personvern\\\/\",\"name\":\"Personvern | Akustikksenter \u2013 slik behandler vi data\",\"isPartOf\":{\"@id\":\"https:\\\/\\\/www.akustikksenter.no\\\/#website\"},\"datePublished\":\"2018-05-22T11:27:24+00:00\",\"dateModified\":\"2026-04-15T08:28:57+00:00\",\"description\":\"Les hvordan Akustikksenter behandler personopplysninger. Informasjon om lagring, bruk av data og dine rettigheter i henhold til gjeldende regelverk.\",\"breadcrumb\":{\"@id\":\"https:\\\/\\\/www.akustikksenter.no\\\/personvern\\\/#breadcrumb\"},\"inLanguage\":\"da-DK\",\"potentialAction\":[{\"@type\":\"ReadAction\",\"target\":[\"https:\\\/\\\/www.akustikksenter.no\\\/personvern\\\/\"]}]},{\"@type\":\"BreadcrumbList\",\"@id\":\"https:\\\/\\\/www.akustikksenter.no\\\/personvern\\\/#breadcrumb\",\"itemListElement\":[{\"@type\":\"ListItem\",\"position\":1,\"name\":\"Hjem\",\"item\":\"https:\\\/\\\/www.akustikksenter.no\\\/\"},{\"@type\":\"ListItem\",\"position\":2,\"name\":\"Personvern\"}]},{\"@type\":\"WebSite\",\"@id\":\"https:\\\/\\\/www.akustikksenter.no\\\/#website\",\"url\":\"https:\\\/\\\/www.akustikksenter.no\\\/\",\"name\":\"Norsk Akustikksenter\",\"description\":\"Totalleverand\u00f8r av akustikkl\u00f8sninger\",\"publisher\":{\"@id\":\"https:\\\/\\\/www.akustikksenter.no\\\/#organization\"},\"potentialAction\":[{\"@type\":\"SearchAction\",\"target\":{\"@type\":\"EntryPoint\",\"urlTemplate\":\"https:\\\/\\\/www.akustikksenter.no\\\/?s={search_term_string}\"},\"query-input\":{\"@type\":\"PropertyValueSpecification\",\"valueRequired\":true,\"valueName\":\"search_term_string\"}}],\"inLanguage\":\"da-DK\"},{\"@type\":\"Organization\",\"@id\":\"https:\\\/\\\/www.akustikksenter.no\\\/#organization\",\"name\":\"Norsk Akustikksenter\",\"alternateName\":\"Akustikksenter\",\"url\":\"https:\\\/\\\/www.akustikksenter.no\\\/\",\"logo\":{\"@type\":\"ImageObject\",\"inLanguage\":\"da-DK\",\"@id\":\"https:\\\/\\\/www.akustikksenter.no\\\/#\\\/schema\\\/logo\\\/image\\\/\",\"url\":\"https:\\\/\\\/www.akustikksenter.no\\\/wp-content\\\/uploads\\\/2018\\\/02\\\/Norsk-Akkustikksenter_nyLogo_payoff-3-e1518606723632.png\",\"contentUrl\":\"https:\\\/\\\/www.akustikksenter.no\\\/wp-content\\\/uploads\\\/2018\\\/02\\\/Norsk-Akkustikksenter_nyLogo_payoff-3-e1518606723632.png\",\"width\":232,\"height\":93,\"caption\":\"Norsk Akustikksenter\"},\"image\":{\"@id\":\"https:\\\/\\\/www.akustikksenter.no\\\/#\\\/schema\\\/logo\\\/image\\\/\"},\"sameAs\":[\"https:\\\/\\\/www.facebook.com\\\/Akustikksenter\\\/\",\"https:\\\/\\\/www.pinterest.com\\\/akustikksenter\\\/\",\"https:\\\/\\\/www.instagram.com\\\/akustikksenter_norway\\\/\",\"https:\\\/\\\/no.linkedin.com\\\/company\\\/norsk-akustikksenter-as\"]}]}<\/script>\n<!-- \/ Yoast SEO plugin. -->","yoast_head_json":{"title":"Personvern | Akustikksenter \u2013 slik behandler vi data","description":"Les hvordan Akustikksenter behandler personopplysninger. Informasjon om lagring, bruk av data og dine rettigheter i henhold til gjeldende regelverk.","robots":{"index":"index","follow":"follow","max-snippet":"max-snippet:-1","max-image-preview":"max-image-preview:large","max-video-preview":"max-video-preview:-1"},"canonical":"https:\/\/www.akustikksenter.no\/da\/privatliv\/","og_locale":"da_DK","og_type":"article","og_title":"Personvern | Akustikksenter \u2013 slik behandler vi data","og_description":"Les hvordan Akustikksenter behandler personopplysninger. Informasjon om lagring, bruk av data og dine rettigheter i henhold til gjeldende regelverk.","og_url":"https:\/\/www.akustikksenter.no\/da\/privatliv\/","og_site_name":"Norsk Akustikksenter","article_publisher":"https:\/\/www.facebook.com\/Akustikksenter\/","article_modified_time":"2026-04-15T08:28:57+00:00","twitter_misc":{"Estimeret l\u00e6setid":"4 minutter"},"schema":{"@context":"https:\/\/schema.org","@graph":[{"@type":"WebPage","@id":"https:\/\/www.akustikksenter.no\/personvern\/","url":"https:\/\/www.akustikksenter.no\/personvern\/","name":"Personvern | Akustikksenter \u2013 slik behandler vi data","isPartOf":{"@id":"https:\/\/www.akustikksenter.no\/#website"},"datePublished":"2018-05-22T11:27:24+00:00","dateModified":"2026-04-15T08:28:57+00:00","description":"Les hvordan Akustikksenter behandler personopplysninger. Informasjon om lagring, bruk av data og dine rettigheter i henhold til gjeldende regelverk.","breadcrumb":{"@id":"https:\/\/www.akustikksenter.no\/personvern\/#breadcrumb"},"inLanguage":"da-DK","potentialAction":[{"@type":"ReadAction","target":["https:\/\/www.akustikksenter.no\/personvern\/"]}]},{"@type":"BreadcrumbList","@id":"https:\/\/www.akustikksenter.no\/personvern\/#breadcrumb","itemListElement":[{"@type":"ListItem","position":1,"name":"Hjem","item":"https:\/\/www.akustikksenter.no\/"},{"@type":"ListItem","position":2,"name":"Personvern"}]},{"@type":"WebSite","@id":"https:\/\/www.akustikksenter.no\/#website","url":"https:\/\/www.akustikksenter.no\/","name":"Norsk Akustik Center","description":"Totalleverand\u00f8r af akustiske l\u00f8sninger","publisher":{"@id":"https:\/\/www.akustikksenter.no\/#organization"},"potentialAction":[{"@type":"SearchAction","target":{"@type":"EntryPoint","urlTemplate":"https:\/\/www.akustikksenter.no\/?s={search_term_string}"},"query-input":{"@type":"PropertyValueSpecification","valueRequired":true,"valueName":"search_term_string"}}],"inLanguage":"da-DK"},{"@type":"Organization","@id":"https:\/\/www.akustikksenter.no\/#organization","name":"Norsk Akustik Center","alternateName":"Akustikksenter","url":"https:\/\/www.akustikksenter.no\/","logo":{"@type":"ImageObject","inLanguage":"da-DK","@id":"https:\/\/www.akustikksenter.no\/#\/schema\/logo\/image\/","url":"https:\/\/www.akustikksenter.no\/wp-content\/uploads\/2018\/02\/Norsk-Akkustikksenter_nyLogo_payoff-3-e1518606723632.png","contentUrl":"https:\/\/www.akustikksenter.no\/wp-content\/uploads\/2018\/02\/Norsk-Akkustikksenter_nyLogo_payoff-3-e1518606723632.png","width":232,"height":93,"caption":"Norsk Akustikksenter"},"image":{"@id":"https:\/\/www.akustikksenter.no\/#\/schema\/logo\/image\/"},"sameAs":["https:\/\/www.facebook.com\/Akustikksenter\/","https:\/\/www.pinterest.com\/akustikksenter\/","https:\/\/www.instagram.com\/akustikksenter_norway\/","https:\/\/no.linkedin.com\/company\/norsk-akustikksenter-as"]}]}},"_links":{"self":[{"href":"https:\/\/www.akustikksenter.no\/da\/wp-json\/wp\/v2\/pages\/4155","targetHints":{"allow":["GET"]}}],"collection":[{"href":"https:\/\/www.akustikksenter.no\/da\/wp-json\/wp\/v2\/pages"}],"about":[{"href":"https:\/\/www.akustikksenter.no\/da\/wp-json\/wp\/v2\/types\/page"}],"author":[{"embeddable":true,"href":"https:\/\/www.akustikksenter.no\/da\/wp-json\/wp\/v2\/users\/1"}],"replies":[{"embeddable":true,"href":"https:\/\/www.akustikksenter.no\/da\/wp-json\/wp\/v2\/comments?post=4155"}],"version-history":[{"count":2,"href":"https:\/\/www.akustikksenter.no\/da\/wp-json\/wp\/v2\/pages\/4155\/revisions"}],"predecessor-version":[{"id":14279,"href":"https:\/\/www.akustikksenter.no\/da\/wp-json\/wp\/v2\/pages\/4155\/revisions\/14279"}],"wp:attachment":[{"href":"https:\/\/www.akustikksenter.no\/da\/wp-json\/wp\/v2\/media?parent=4155"}],"curies":[{"name":"wp","href":"https:\/\/api.w.org\/{rel}","templated":true}]}}