{"id":4449,"date":"2018-08-16T21:47:28","date_gmt":"2018-08-16T19:47:28","guid":{"rendered":"https:\/\/www-akustikksenter.wp3.hcweb.dev\/?page_id=4449"},"modified":"2026-04-15T10:23:21","modified_gmt":"2026-04-15T08:23:21","slug":"om-koncept-og-produkter","status":"publish","type":"page","link":"https:\/\/www.akustikksenter.no\/da\/om-konsept-og-produkter\/","title":{"rendered":"Vores koncept og produkter"},"content":{"rendered":"<h1>\n\t\tVores koncept\n\t<\/h1>\n\t<h2>Tager du akustikken alvorligt?<br \/>\nVi hj\u00e6lper dig med omfattende og effektive l\u00f8sninger.<\/h2>\n\t<h2>Vi hj\u00e6lper dig gennem hele processen, fra A til Z.<\/h2>\n\t<p><strong>Norsk Akustikksenter tilbyder l\u00f8sninger til lydregulering, der skaber et godt og effektivt akustisk milj\u00f8 i overensstemmelse med den norske standard.<\/strong><\/p>\n<p>Grundlaget for at opn\u00e5 et optimalt lydkontrolresultat er at m\u00e5le og beregne akustikken i bygningen. Derefter beregner man, hvad der skal g\u00f8res for at bringe omr\u00e5det i overensstemmelse med g\u00e6ldende regler og\/eller deres krav. Vi starter med at beregne akustikken i rummet. Du modtager en rapport med beregninger, anbefalede og tilpassede l\u00f8sninger og omkostningsestimater. Sammen bliver vi enige om typen af foranstaltninger, og vi sender varerne til dig. Du kan selv udf\u00f8re installationen (du modtager vejledning fra os), eller vi kan arrangere professionelle installat\u00f8rer til en aftalt pris.<\/p>\n<p>Vi er m\u00e5ske Norges eneste specialcenter for lydkontrol, der har udviklet et system til m\u00e5ling og kortl\u00e6gning til en f\u00e6rdig og verificeret l\u00f8sning.<\/p>\n<p><strong>Vi leder gerne efter en samlet l\u00f8sning og tilbyder det rigtige produkt til dit problem.<\/strong><\/p>\n\t<h3><strong>Kvalitetsprodukter skr\u00e6ddersyet til det nordiske marked<\/strong><\/h3>\n<p>Vores produkter er blandt de allerbedste p\u00e5 markedet og er udviklet og skr\u00e6ddersyet til det nordiske marked.<\/p>\n<p>Produkterne er udviklet over mange \u00e5r gennem l\u00f8bende forbedringer og test b\u00e5de i laboratorier og i \"marken\", og vi har komplet dokumentation for effekten samt et stort antal alsidige referencer.\u00a0<a href=\"https:\/\/www.akustikksenter.no\/da\/ce-certificering\/\">Alle produkter er CE-certificerede, hvilket du kan l\u00e6se mere om her.<\/a>.<\/p>\n<p>Vi har produkter til de fleste typer bygninger og lydm\u00e6ssige udfordringer, og vi kan levere specialprodukter i tilpassede st\u00f8rrelser, former og farver. Vores fokus er p\u00e5 den h\u00f8jest mulige kvalitet af vores produkter og tjenester.<\/p>\n<h3><strong>Kvalitet i alle faser<\/strong><\/h3>\n<p>Produkterne er f\u00f8rst og fremmest fremstillet til at give den bedst mulige absorption af lydb\u00f8lger i hele hertzspektret. For det andet er de udstyret med overflader, der er velegnede til dekoration med tryk uden at forringe de lydabsorberende egenskaber v\u00e6sentligt. De bedste resultater opn\u00e5s ved at bruge UV-printere. Andre trykmetoder har en tendens til at m\u00e6tte overfladen for meget og dermed forringe diskens egenskaber.<\/p>\n<p>Laboratorietests bekr\u00e6fter, at de lydabsorberende produkter er i de lydklasser, vi \u00f8nsker, at de skal v\u00e6re i. For eksempel nogle i lydklasse A og andre i lydklasse B. Vi fremstiller ikke produkter i lavere lydklasser end B.<\/p>\n<p>Vores produkter i lydklasse A har en absorptionskoefficient (NRC) p\u00e5 0,9 til 1,0. Dette er i overensstemmelse med den nuv\u00e6rende EN-ISO-standard for b\u00e5de lydabsorption og test.<\/p>\n<p>Vores produkter i lydklasse B kan opn\u00e5 lydklasse A ved at fors\u00e6nke, dvs. tilf\u00f8je mindst 50 mm luft bag panelet. Dette g\u00f8res for at give panelerne et bredere anvendelsesomr\u00e5de.<\/p>\n<p>Det faktum, at skiverne er s\u00e5 effektive, betyder, at den samme lydreduktion opn\u00e5s med f\u00e6rre skiver sammenlignet med de fleste andre l\u00f8sninger p\u00e5 markedet.<\/p>\n<p><a href=\"https:\/\/www.akustikksenter.no\/da\/kunnskap-og-kvalitet\/\">L\u00e6s mere om viden og kvalitet her<\/a>.<\/p>\n<p><a href=\"https:\/\/www.akustikksenter.no\/wp-content\/uploads\/2014\/08\/Skjermbilde_3_just.jpg\"><img decoding=\"async\" src=\"https:\/\/www.akustikksenter.no\/wp-content\/uploads\/2014\/08\/Skjermbilde_3_just.jpg\" alt=\"Trykt akustikpanel med god lydabsorption\" width=\"827\" height=\"520\" \/><\/a><a href=\"https:\/\/www.akustikksenter.no\/da\/butik\/lydabsorberende-produkter\/lyddemping-med-dekor\/\">Trykt akustikpanel med god lydabsorption<\/a><\/p>\n<p>&nbsp;<\/p>\n\t<h3><strong>Hvor meget kr\u00e6ver det?<\/strong><\/h3>\n<p>Det er fuldt ud muligt at m\u00e5le et rum og derefter bruge dataene til at bestemme ret pr\u00e6cist, hvor mange kvadratmeter lydabsorberende overflade, der er brug for for at opn\u00e5 et \u00f8nsket resultat. Det er videnskab og ret komplekst.<\/p>\n<p>En enklere tilgang er nok mere praktisk i de fleste tilf\u00e6lde. Start med at s\u00e6tte lydskiver op, hvor det er tydeligt, at lyden er generende. Placer skiverne s\u00e5 t\u00e6t p\u00e5 st\u00f8jkilderne som muligt. Og s\u00e6t skiver op, hvor der er mange h\u00e5rde, reflekterende overflader.<\/p>\n<p><img decoding=\"async\" src=\"https:\/\/www.akustikksenter.no\/wp-content\/uploads\/2017\/09\/IMG_1483-kopi-1024x1006.jpg\" alt=\"\" width=\"1024\" height=\"1006\" \/><\/p>\n<h3><strong>H\u00e5rde overflader vs. bl\u00f8de overflader, find balancen<\/strong><\/h3>\n<p>Hvor der er mange h\u00e5rde og kompakte overflader, vil lyde blive reflekteret og kastet rundt i lang tid, f\u00f8r de d\u00f8r ud. Jo mere lyd, der skabes i rummet af stemmer, musik eller maskiner, jo sv\u00e6rere bliver det for din h\u00f8relse at sortere nye lyde fra gamle ekkoer. Det udvikler sig hurtigt til et kaos af st\u00f8j, der g\u00f8r samtale og lytning n\u00e6sten umulig. For mange bliver rummet h\u00e5bl\u00f8st at opholde sig i.<\/p>\n<p>Hvor der er mange bl\u00f8de, por\u00f8se og absorberende overflader, vil lydene d\u00f8 ud n\u00e6sten med det samme og ikke blande sig med nye lyde. Det skyldes, at der ikke er ekko i rummet, og at lydene derfor d\u00f8r ud lige s\u00e5 hurtigt, som n\u00e5r vi st\u00e5r i skoven og taler sammen. Det er alts\u00e5 muligt at f\u00f8re samtaler, synge, spille musik og helst alt sammen p\u00e5 \u00e9n gang, uden at det bliver kaotisk, st\u00f8jende og irriterende.<\/p>\n<h3><strong>Opn\u00e5 naturlig lyd<\/strong><\/h3>\n<p>Det betyder derfor meget, hvordan vi indretter vores hjem. Hvis der er meget glas, h\u00e5rde v\u00e6gge, h\u00e5rde gulve og h\u00e5rde lofter, er vi n\u00f8dt til at kompensere for det ved at omgive os med nok por\u00f8se, absorberende overflader og \"ting\" til at skabe en naturlig balance. Den naturlige balance kan findes i naturen. Man er n\u00f8dt til at eksperimentere for at opn\u00e5 den. Gode redskaber til at opn\u00e5 god lydabsorption er tekstilbetrukne m\u00f8bler, bl\u00f8de t\u00e6pper, fyldige gardiner, planter, b\u00f8ger i reoler og selvf\u00f8lgelig lydabsorberende paneler p\u00e5 v\u00e6gge og i lofter.<\/p>\n<p>&nbsp;<\/p>","protected":false},"excerpt":{"rendered":"<p>Vores koncept Tager du akustik alvorligt? Vi hj\u00e6lper dig med holistiske og effektive l\u00f8sninger. Vi hj\u00e6lper dig gennem hele processen, fra A til Z. Norsk Akustikcenter tilbyder lydkontroll\u00f8sninger, der skaber et godt og effektivt akustisk milj\u00f8 i overensstemmelse med Norsk Standard. Hj\u00f8rnestenen i at opn\u00e5 optimale lydkontrolresultater er at foretage m\u00e5linger...<\/p>","protected":false},"author":1,"featured_media":0,"parent":0,"menu_order":0,"comment_status":"closed","ping_status":"closed","template":"","meta":{"_acf_changed":false,"footnotes":""},"class_list":["post-4449","page","type-page","status-publish","hentry"],"acf":[],"yoast_head":"<!-- This site is optimized with the Yoast SEO plugin v27.5 - https:\/\/yoast.com\/product\/yoast-seo-wordpress\/ -->\n<title>Om konsept og produkter | Akustikkl\u00f8sninger<\/title>\n<meta name=\"description\" content=\"Helhetlige akustikkl\u00f8sninger for bygg og rom. Vi m\u00e5ler, beregner og leverer produkter som gir bedre lydmilj\u00f8, kvalitet og dokumentert effekt.\" \/>\n<meta name=\"robots\" content=\"index, follow, max-snippet:-1, max-image-preview:large, max-video-preview:-1\" \/>\n<link rel=\"canonical\" href=\"https:\/\/www.akustikksenter.no\/da\/om-koncept-og-produkter\/\" \/>\n<meta property=\"og:locale\" content=\"da_DK\" \/>\n<meta property=\"og:type\" content=\"article\" \/>\n<meta property=\"og:title\" content=\"Om konsept og produkter | Akustikkl\u00f8sninger\" \/>\n<meta property=\"og:description\" content=\"Helhetlige akustikkl\u00f8sninger for bygg og rom. Vi m\u00e5ler, beregner og leverer produkter som gir bedre lydmilj\u00f8, kvalitet og dokumentert effekt.\" \/>\n<meta property=\"og:url\" content=\"https:\/\/www.akustikksenter.no\/da\/om-koncept-og-produkter\/\" \/>\n<meta property=\"og:site_name\" content=\"Norsk Akustikksenter\" \/>\n<meta property=\"article:publisher\" content=\"https:\/\/www.facebook.com\/Akustikksenter\/\" \/>\n<meta property=\"article:modified_time\" content=\"2026-04-15T08:23:21+00:00\" \/>\n<meta property=\"og:image\" content=\"https:\/\/www.akustikksenter.no\/wp-content\/uploads\/2014\/08\/Skjermbilde_3_just.jpg\" \/>\n<meta name=\"twitter:label1\" content=\"Estimeret l\u00e6setid\" \/>\n\t<meta name=\"twitter:data1\" content=\"5 minutter\" \/>\n<script type=\"application\/ld+json\" class=\"yoast-schema-graph\">{\"@context\":\"https:\\\/\\\/schema.org\",\"@graph\":[{\"@type\":\"WebPage\",\"@id\":\"https:\\\/\\\/www.akustikksenter.no\\\/om-konsept-og-produkter\\\/\",\"url\":\"https:\\\/\\\/www.akustikksenter.no\\\/om-konsept-og-produkter\\\/\",\"name\":\"Om konsept og produkter | Akustikkl\u00f8sninger\",\"isPartOf\":{\"@id\":\"https:\\\/\\\/www.akustikksenter.no\\\/#website\"},\"primaryImageOfPage\":{\"@id\":\"https:\\\/\\\/www.akustikksenter.no\\\/om-konsept-og-produkter\\\/#primaryimage\"},\"image\":{\"@id\":\"https:\\\/\\\/www.akustikksenter.no\\\/om-konsept-og-produkter\\\/#primaryimage\"},\"thumbnailUrl\":\"https:\\\/\\\/www.akustikksenter.no\\\/wp-content\\\/uploads\\\/2014\\\/08\\\/Skjermbilde_3_just.jpg\",\"datePublished\":\"2018-08-16T19:47:28+00:00\",\"dateModified\":\"2026-04-15T08:23:21+00:00\",\"description\":\"Helhetlige akustikkl\u00f8sninger for bygg og rom. Vi m\u00e5ler, beregner og leverer produkter som gir bedre lydmilj\u00f8, kvalitet og dokumentert effekt.\",\"breadcrumb\":{\"@id\":\"https:\\\/\\\/www.akustikksenter.no\\\/om-konsept-og-produkter\\\/#breadcrumb\"},\"inLanguage\":\"da-DK\",\"potentialAction\":[{\"@type\":\"ReadAction\",\"target\":[\"https:\\\/\\\/www.akustikksenter.no\\\/om-konsept-og-produkter\\\/\"]}]},{\"@type\":\"ImageObject\",\"inLanguage\":\"da-DK\",\"@id\":\"https:\\\/\\\/www.akustikksenter.no\\\/om-konsept-og-produkter\\\/#primaryimage\",\"url\":\"https:\\\/\\\/www.akustikksenter.no\\\/wp-content\\\/uploads\\\/2014\\\/08\\\/Skjermbilde_3_just.jpg\",\"contentUrl\":\"https:\\\/\\\/www.akustikksenter.no\\\/wp-content\\\/uploads\\\/2014\\\/08\\\/Skjermbilde_3_just.jpg\"},{\"@type\":\"BreadcrumbList\",\"@id\":\"https:\\\/\\\/www.akustikksenter.no\\\/om-konsept-og-produkter\\\/#breadcrumb\",\"itemListElement\":[{\"@type\":\"ListItem\",\"position\":1,\"name\":\"Hjem\",\"item\":\"https:\\\/\\\/www.akustikksenter.no\\\/\"},{\"@type\":\"ListItem\",\"position\":2,\"name\":\"V\u00e5rt konsept og v\u00e5re produkter\"}]},{\"@type\":\"WebSite\",\"@id\":\"https:\\\/\\\/www.akustikksenter.no\\\/#website\",\"url\":\"https:\\\/\\\/www.akustikksenter.no\\\/\",\"name\":\"Norsk Akustikksenter\",\"description\":\"Totalleverand\u00f8r av akustikkl\u00f8sninger\",\"publisher\":{\"@id\":\"https:\\\/\\\/www.akustikksenter.no\\\/#organization\"},\"potentialAction\":[{\"@type\":\"SearchAction\",\"target\":{\"@type\":\"EntryPoint\",\"urlTemplate\":\"https:\\\/\\\/www.akustikksenter.no\\\/?s={search_term_string}\"},\"query-input\":{\"@type\":\"PropertyValueSpecification\",\"valueRequired\":true,\"valueName\":\"search_term_string\"}}],\"inLanguage\":\"da-DK\"},{\"@type\":\"Organization\",\"@id\":\"https:\\\/\\\/www.akustikksenter.no\\\/#organization\",\"name\":\"Norsk Akustikksenter\",\"alternateName\":\"Akustikksenter\",\"url\":\"https:\\\/\\\/www.akustikksenter.no\\\/\",\"logo\":{\"@type\":\"ImageObject\",\"inLanguage\":\"da-DK\",\"@id\":\"https:\\\/\\\/www.akustikksenter.no\\\/#\\\/schema\\\/logo\\\/image\\\/\",\"url\":\"https:\\\/\\\/www.akustikksenter.no\\\/wp-content\\\/uploads\\\/2018\\\/02\\\/Norsk-Akkustikksenter_nyLogo_payoff-3-e1518606723632.png\",\"contentUrl\":\"https:\\\/\\\/www.akustikksenter.no\\\/wp-content\\\/uploads\\\/2018\\\/02\\\/Norsk-Akkustikksenter_nyLogo_payoff-3-e1518606723632.png\",\"width\":232,\"height\":93,\"caption\":\"Norsk Akustikksenter\"},\"image\":{\"@id\":\"https:\\\/\\\/www.akustikksenter.no\\\/#\\\/schema\\\/logo\\\/image\\\/\"},\"sameAs\":[\"https:\\\/\\\/www.facebook.com\\\/Akustikksenter\\\/\",\"https:\\\/\\\/www.pinterest.com\\\/akustikksenter\\\/\",\"https:\\\/\\\/www.instagram.com\\\/akustikksenter_norway\\\/\",\"https:\\\/\\\/no.linkedin.com\\\/company\\\/norsk-akustikksenter-as\"]}]}<\/script>\n<!-- \/ Yoast SEO plugin. -->","yoast_head_json":{"title":"Om koncept og produkter | Akustiske l\u00f8sninger","description":"Helhedsorienterede akustikl\u00f8sninger til bygninger og rum. Vi m\u00e5ler, beregner og leverer produkter, der giver et bedre lydmilj\u00f8, kvalitet og dokumenteret effekt.","robots":{"index":"index","follow":"follow","max-snippet":"max-snippet:-1","max-image-preview":"max-image-preview:large","max-video-preview":"max-video-preview:-1"},"canonical":"https:\/\/www.akustikksenter.no\/da\/om-koncept-og-produkter\/","og_locale":"da_DK","og_type":"article","og_title":"Om konsept og produkter | Akustikkl\u00f8sninger","og_description":"Helhetlige akustikkl\u00f8sninger for bygg og rom. Vi m\u00e5ler, beregner og leverer produkter som gir bedre lydmilj\u00f8, kvalitet og dokumentert effekt.","og_url":"https:\/\/www.akustikksenter.no\/da\/om-koncept-og-produkter\/","og_site_name":"Norsk Akustikksenter","article_publisher":"https:\/\/www.facebook.com\/Akustikksenter\/","article_modified_time":"2026-04-15T08:23:21+00:00","og_image":[{"url":"https:\/\/www.akustikksenter.no\/wp-content\/uploads\/2014\/08\/Skjermbilde_3_just.jpg","type":"","width":"","height":""}],"twitter_misc":{"Estimeret l\u00e6setid":"5 minutter"},"schema":{"@context":"https:\/\/schema.org","@graph":[{"@type":"WebPage","@id":"https:\/\/www.akustikksenter.no\/om-konsept-og-produkter\/","url":"https:\/\/www.akustikksenter.no\/om-konsept-og-produkter\/","name":"Om koncept og produkter | Akustiske l\u00f8sninger","isPartOf":{"@id":"https:\/\/www.akustikksenter.no\/#website"},"primaryImageOfPage":{"@id":"https:\/\/www.akustikksenter.no\/om-konsept-og-produkter\/#primaryimage"},"image":{"@id":"https:\/\/www.akustikksenter.no\/om-konsept-og-produkter\/#primaryimage"},"thumbnailUrl":"https:\/\/www.akustikksenter.no\/wp-content\/uploads\/2014\/08\/Skjermbilde_3_just.jpg","datePublished":"2018-08-16T19:47:28+00:00","dateModified":"2026-04-15T08:23:21+00:00","description":"Helhedsorienterede akustikl\u00f8sninger til bygninger og rum. Vi m\u00e5ler, beregner og leverer produkter, der giver et bedre lydmilj\u00f8, kvalitet og dokumenteret effekt.","breadcrumb":{"@id":"https:\/\/www.akustikksenter.no\/om-konsept-og-produkter\/#breadcrumb"},"inLanguage":"da-DK","potentialAction":[{"@type":"ReadAction","target":["https:\/\/www.akustikksenter.no\/om-konsept-og-produkter\/"]}]},{"@type":"ImageObject","inLanguage":"da-DK","@id":"https:\/\/www.akustikksenter.no\/om-konsept-og-produkter\/#primaryimage","url":"https:\/\/www.akustikksenter.no\/wp-content\/uploads\/2014\/08\/Skjermbilde_3_just.jpg","contentUrl":"https:\/\/www.akustikksenter.no\/wp-content\/uploads\/2014\/08\/Skjermbilde_3_just.jpg"},{"@type":"BreadcrumbList","@id":"https:\/\/www.akustikksenter.no\/om-konsept-og-produkter\/#breadcrumb","itemListElement":[{"@type":"ListItem","position":1,"name":"Hjem","item":"https:\/\/www.akustikksenter.no\/"},{"@type":"ListItem","position":2,"name":"V\u00e5rt konsept og v\u00e5re produkter"}]},{"@type":"WebSite","@id":"https:\/\/www.akustikksenter.no\/#website","url":"https:\/\/www.akustikksenter.no\/","name":"Norsk Akustik Center","description":"Totalleverand\u00f8r af akustiske l\u00f8sninger","publisher":{"@id":"https:\/\/www.akustikksenter.no\/#organization"},"potentialAction":[{"@type":"SearchAction","target":{"@type":"EntryPoint","urlTemplate":"https:\/\/www.akustikksenter.no\/?s={search_term_string}"},"query-input":{"@type":"PropertyValueSpecification","valueRequired":true,"valueName":"search_term_string"}}],"inLanguage":"da-DK"},{"@type":"Organization","@id":"https:\/\/www.akustikksenter.no\/#organization","name":"Norsk Akustik Center","alternateName":"Akustikksenter","url":"https:\/\/www.akustikksenter.no\/","logo":{"@type":"ImageObject","inLanguage":"da-DK","@id":"https:\/\/www.akustikksenter.no\/#\/schema\/logo\/image\/","url":"https:\/\/www.akustikksenter.no\/wp-content\/uploads\/2018\/02\/Norsk-Akkustikksenter_nyLogo_payoff-3-e1518606723632.png","contentUrl":"https:\/\/www.akustikksenter.no\/wp-content\/uploads\/2018\/02\/Norsk-Akkustikksenter_nyLogo_payoff-3-e1518606723632.png","width":232,"height":93,"caption":"Norsk Akustikksenter"},"image":{"@id":"https:\/\/www.akustikksenter.no\/#\/schema\/logo\/image\/"},"sameAs":["https:\/\/www.facebook.com\/Akustikksenter\/","https:\/\/www.pinterest.com\/akustikksenter\/","https:\/\/www.instagram.com\/akustikksenter_norway\/","https:\/\/no.linkedin.com\/company\/norsk-akustikksenter-as"]}]}},"_links":{"self":[{"href":"https:\/\/www.akustikksenter.no\/da\/wp-json\/wp\/v2\/pages\/4449","targetHints":{"allow":["GET"]}}],"collection":[{"href":"https:\/\/www.akustikksenter.no\/da\/wp-json\/wp\/v2\/pages"}],"about":[{"href":"https:\/\/www.akustikksenter.no\/da\/wp-json\/wp\/v2\/types\/page"}],"author":[{"embeddable":true,"href":"https:\/\/www.akustikksenter.no\/da\/wp-json\/wp\/v2\/users\/1"}],"replies":[{"embeddable":true,"href":"https:\/\/www.akustikksenter.no\/da\/wp-json\/wp\/v2\/comments?post=4449"}],"version-history":[{"count":1,"href":"https:\/\/www.akustikksenter.no\/da\/wp-json\/wp\/v2\/pages\/4449\/revisions"}],"predecessor-version":[{"id":14435,"href":"https:\/\/www.akustikksenter.no\/da\/wp-json\/wp\/v2\/pages\/4449\/revisions\/14435"}],"wp:attachment":[{"href":"https:\/\/www.akustikksenter.no\/da\/wp-json\/wp\/v2\/media?parent=4449"}],"curies":[{"name":"wp","href":"https:\/\/api.w.org\/{rel}","templated":true}]}}