{"id":5983,"date":"2019-05-06T10:58:02","date_gmt":"2019-05-06T08:58:02","guid":{"rendered":"https:\/\/www.akustikksenter.no\/?page_id=5983"},"modified":"2023-08-21T13:42:24","modified_gmt":"2023-08-21T11:42:24","slug":"leverings-og-betalingsbetingelser","status":"publish","type":"page","link":"https:\/\/www.akustikksenter.no\/da\/leverings-og-betalingsbetingelser\/","title":{"rendered":"Salgs- og leveringsbetingelser"},"content":{"rendered":"<h6>Dette dokument er kun til hjemmesiden og g\u00e6lder kun for <strong>forbrugerk\u00f8b<\/strong>og er derfor kun baseret p\u00e5 <strong>Lov om forbrugerk\u00f8b. <\/strong>I aftaler mellem virksomheder, kommuner osv. <strong>k\u00f8beloven<\/strong> der g\u00e6lder. <\/h6>\n<h4><strong>Generelt<\/strong><\/h4>\n<p>Disse salgsbetingelser g\u00e6lder for salg af vores varer. Salgsbetingelserne udg\u00f8r sammen med din ordre, der er bekr\u00e6ftet via en ordrebekr\u00e6ftelse, det samlede aftalegrundlag for k\u00f8bet.<\/p>\n<p>Forbrugerk\u00f8b reguleres bl.a. af disse love:<\/p>\n<ul>\n<li>Lov om forbrugerk\u00f8b<\/li>\n<li>Annulleringsloven<\/li>\n<li>Lov om markedsf\u00f8ringspraksis<\/li>\n<li>Lov om e-handel<\/li>\n<\/ul>\n<p>Derudover er dine personlige data beskyttet af persondataloven, og der er mere information om dette p\u00e5 lovdata.no, hvis du vil vide mere om dine rettigheder og forpligtelser i forbindelse med forbrugerk\u00f8b.<\/p>\n<h4><strong>Parter<\/strong><\/h4>\n<p><em>S\u00e6lger<\/em> er Norsk Akustikksenter AS, som i det f\u00f8lgende omtales som \"vi\" eller \"os\".\u00a0<em>K\u00f8ber<\/em> er den person, der er angivet som k\u00f8ber i ordren, og som i det f\u00f8lgende omtales som \"du\", \"dig\", \"din\" eller \"din\".<\/p>\n<h4><strong>Bestilling<\/strong><\/h4>\n<p>Din ordre er bindende, n\u00e5r ordren er registreret og bekr\u00e6ftet af os. Vi er ogs\u00e5 bundet af din ordre, hvis den ikke afviger fra, hvad vi tilbyder i vores onlinebutik. Du har dog ret til at fortryde k\u00f8bet i henhold til fortrydelsesloven, se afsnittet \"Fortrydelse\" nedenfor. \"Fortrydelsesret\" nedenfor. For bestilte varer m\u00e5 vi tage forbehold for forsinkede leveringstider og udsolgte situationer. N\u00e5r vi modtager din ordre, bekr\u00e6fter vi ordren og sender dig automatisk en ordrebekr\u00e6ftelse via e-mail. L\u00e6s venligst ordrebekr\u00e6ftelsen omhyggeligt, n\u00e5r du modtager den, og kontroller, om ordrebekr\u00e6ftelsen er i overensstemmelse med ordren. N\u00e5r du bestiller til en anden modtager end den kundeprofil, der er registreret, skal du v\u00e6re opm\u00e6rksom p\u00e5, at den person, der er angivet som kunde, er ansvarlig for ordren i sin helhed.<\/p>\n<h4><strong>Information i onlinebutikken<\/strong><\/h4>\n<p>Vi bestr\u00e6ber os p\u00e5 at give vores kunder s\u00e5 pr\u00e6cise oplysninger om vores produkter som muligt. Vi forbeholder os dog retten til at lave skrive-\/trykkefejl i vores onlinebutik. Desuden forbeholder vi os ret til at kontakte dig og foresl\u00e5 et andet produkt eller annullere din ordre eller en del af den, hvis produktet er udsolgt.<\/p>\n<h4><strong>Priser<\/strong><\/h4>\n<p>Alle vores priser er angivet med og uden moms. Den samlede pris for k\u00f8bet vil fremg\u00e5 f\u00f8r den endelige betaling og inkluderer alle udgifter forbundet med k\u00f8bet s\u00e5som forsendelse, emballage osv.  Hvis den angivne pris er et estimat, forbeholder vi os ret til at \u00e6ndre prisen i overensstemmelse hermed.<\/p>\n<h4><strong>Betaling og betingelser<\/strong><\/h4>\n<p><em>Betaling sker via faktura.<\/em> Du vil modtage en faktura fra os efter din bestilling. Fragten beregnes og tilf\u00f8jes ordrebekr\u00e6ftelsen, medmindre andet er aftalt. Medmindre andet er aftalt, afsendes varerne, n\u00e5r fakturaen er betalt. S\u00e6lger forbeholder sig ejendomsretten til varerne, indtil den fulde k\u00f8besum er betalt i overensstemmelse med lov om salgspant. I tilf\u00e6lde af forsinket betaling p\u00e5l\u00e6gges et rykkergebyr og morarenter.<\/p>\n<h4><strong>Levering og forsinkelser <\/strong><\/h4>\n<p>Levering af produkterne sker p\u00e5 den m\u00e5de og p\u00e5 det sted, der er angivet i ordrebekr\u00e6ftelsen. Vi b\u00e6rer risikoen for produkterne, indtil de er overtaget af dig, dvs. n\u00e5r du har taget produkterne i besiddelse. Varerne skal opbevares p\u00e5 et t\u00f8rt og sikkert sted. Hvis levering af produkterne forsinkes, vil vi informere dig, s\u00e5 snart vi er opm\u00e6rksomme p\u00e5 det, sammen med oplysninger om, hvorvidt og hvorn\u00e5r levering kan finde sted, eller om produktet\/produkterne er udsolgt. Afh\u00e6ngig af varens art og forsinkelsens l\u00e6ngde kan du efter omst\u00e6ndighederne tilbageholde k\u00f8besummen, kr\u00e6ve levering, kr\u00e6ve erstatning eller h\u00e6ve aftalen. I overensstemmelse med den norske k\u00f8belov.<\/p>\n<h4><strong>Unders\u00f8gelse af produkterne<\/strong><\/h4>\n<p>Ved modtagelse af varerne kontrolleres emballagen og m\u00e6ngden i forhold til den vedlagte f\u00f8lgeseddel. Hvis der er synlige skader p\u00e5 emballagen og varerne under transporten, skal dette rapporteres til chauff\u00f8ren. <u>med det samme<\/u>. Tag billeder som dokumentation. Fragtfirmaet h\u00e6fter derefter for eventuelle skader p\u00e5 varerne. Hvis der er mangler ved leverancen, skal fragtfirmaet straks underrettes. Skader (inkl. fotodokumentation) og eventuelle mangler skal sendes til os pr. e-mail.<\/p>\n<h4><strong>Dine rettigheder i tilf\u00e6lde af fejl og mangler (reklamationer)<\/strong><\/h4>\n<p>Hvis der er fejl eller mangler ved produkterne, kan du efter omst\u00e6ndighederne kr\u00e6ve afhj\u00e6lpning af fejlen, omlevering, afslag i prisen, erstatning eller oph\u00e6velse af k\u00f8bet. Manglen skal foreligge, n\u00e5r du tager produkterne i besiddelse. Meddelelse om fejl og mangler ved produkterne kan gives skriftligt til os. Dette skal ske inden for rimelig tid efter, at du har opdaget fejlen eller manglen. Af hensyn til bevisf\u00f8relsen anbefaler vi, at reklamationer sendes til os skriftligt. Vi bekr\u00e6fter modtagelsen af alle reklamationer skriftligt.<\/p>\n<h4><strong>Konsekvenser af ikke-leverede materialer <\/strong><\/h4>\n<p>Kunden\/kontaktpersonen er ikke til stede eller ikke tilg\u00e6ngelig p\u00e5 det oplyste telefonnummer. Fragtfirmaet k\u00f8rer en omvej, varerne kan ikke leveres og returneres til lageret. Omkostninger i forbindelse med en s\u00e5dan begivenhed d\u00e6kkes ikke af fragtfirmaet eller af os. Du vil blive opkr\u00e6vet ekstra omkostninger for vejafgift og omlevering. Hvis dette resulterer i yderligere omkostninger s\u00e5som leje af lager, vil du som kunde blive opkr\u00e6vet.<\/p>\n<h4><strong>Uafhentede varer - lagerleje \u00a0<\/strong><\/h4>\n<p>Efter meddelelse om, at varen\/varerne er ankommet, skal de leveres\/afhentes inden for 3 dage. Vi modtager besked fra fragtfirmaet om uafhentede varer. Der sendes en p\u00e5mindelsesmail til dig. Fragtfirmaet beregner lagerleje fra dag 3. Lejen afh\u00e6nger af forsendelsens volumen\/v\u00e6gt og antallet af dage.<\/p>\n<h4><strong>Ret til annullering<\/strong><\/h4>\n<p>Fortrydelsesloven giver dig ret til at fortryde dit k\u00f8b. Fortrydelsesretten kr\u00e6ver, at du giver os besked senest 14 dage efter, at du har modtaget leverancen (fortrydelsesfrist). Hvis du ikke har modtaget en fortrydelsesformular enten i ordrebekr\u00e6ftelsen (link) eller ved levering af produkterne, forl\u00e6nges fristen til 12 m\u00e5neder. For at fortrydelsesretten kan udnyttes, skal produktet leveres til os i samme m\u00e6ngde og i samme stand, som du modtog det. Absorbenter er skr\u00f8belige, og derfor kan \u00f8delagte pakker ikke returneres. Kun hele, ubrudte kasser. Returnering skal meddeles skriftligt. Alle produkter skal returneres til os inden for rimelig tid. Eventuel returforsendelse skal betales af dig. Du b\u00e6rer risikoen for transporten til os. Varerne kontrolleres ved modtagelsen. Der krediteres for ubeskadigede varer. Ingen returret p\u00e5 specialproduktion og print. Vi er forpligtet til at refundere dig, hvad du har betalt for varen. Tilbagebetalingen skal ske senest fjorten dage efter, at vi har modtaget varen fra dig. Produktet skal returneres til os i original emballage sammen med en udfyldt fortrydelsesformular. Yderligere oplysninger om, hvordan du ud\u00f8ver din fortrydelsesret, findes i fortrydelsesformularen.<\/p>\n<p><em><a href=\"https:\/\/www.akustikksenter.no\/wp-content\/uploads\/2023\/08\/Angrerettskjema-Privatkunder.pdf\">Afbestillingsformular Privatkunder<\/a><\/em><\/p>\n<h4><strong>Oplysninger om privatlivets fred<\/strong><\/h4>\n<p>If\u00f8lge loven skal vi bede om dit samtykke til at behandle oplysninger om dig, s\u00e5som dit navn, din adresse og din e-mailadresse. Alle oplysninger, der gives til os, eller som vi modtager, n\u00e5r du bes\u00f8ger vores hjemmeside, vil blive behandlet af os i vores egenskab af persondataansvarlig. Oplysningerne vil blive brugt til at g\u00f8re det muligt for os at opfylde vores forpligtelser over for dig, til at informere dig om tilbud inden for dine personlige interesseomr\u00e5der og i forbindelse med markedsf\u00f8ring relateret til vores tjenester. Vi vil aldrig tillade en tredjepart at bruge dine personlige data til markedsf\u00f8ringsform\u00e5l, medmindre du selv giver tilladelse til det. Som kunde kan du ogs\u00e5 nogle gange modtage markedsf\u00f8ring fra os via e-mail, men hvis du \u00f8nsker det, kan du frav\u00e6lge denne funktion; du vil modtage oplysninger om, hvordan du g\u00f8r dette i den e-mail\/nyhedsbrev, du modtager. Den angivne e-mailadresse bruges ogs\u00e5 til markedsf\u00f8ringsform\u00e5l, hvis du har valgt denne mulighed i dine kontoindstillinger. Du har ret til, efter anmodning, at f\u00e5 adgang til personlige data, der er registreret om dig hos os. Hvis disse oplysninger er forkerte, ufuldst\u00e6ndige eller irrelevante, har du ret til at anmode om, at oplysningerne bliver rettet eller slettet.<\/p>\n<h4><strong>Tvister<\/strong><\/h4>\n<p>Parterne skal bestr\u00e6be sig p\u00e5 at l\u00f8se eventuelle tvister i mindelighed. Hvis dette ikke lykkes, kan du indbringe sagen for Forbrugerr\u00e5det p\u00e5 din bop\u00e6l. Alle tvister skal l\u00f8ses i overensstemmelse med norsk lov. Hvis sagen indbringes for domstolene, skal den afg\u00f8res ved k\u00f8bers v\u00e6rneting, hvilket normalt vil sige i det omr\u00e5de, hvor du bor.<\/p>\n<h4><strong>Stor kraft<\/strong><\/h4>\n<p>Norsk Akustikksenter AS er fritaget for sine forpligtelser i henhold til denne aftale, hvis misligholdelsen skyldes befriende omst\u00e6ndigheder som beskrevet nedenfor, og omst\u00e6ndighederne forhindrer, vanskeligg\u00f8r eller forsinker opfyldelsen. Som befriende omst\u00e6ndigheder anses bl.a. handlinger eller undladelser fra myndighedernes side, konflikt p\u00e5 arbejdsmarkedet, blokader, brand, oversv\u00f8mmelse, sabotage, st\u00f8rre ulykker eller andre former for naturkatastrofer. Force majeure omfatter statslige reguleringer, der p\u00e5virker markedet og produkterne negativt, s\u00e5som restriktioner, advarsler, salgsforbud etc., og hvis virksomheden uds\u00e6ttes for kriminel aktivitet, der p\u00e5virker forretningen.<\/p>","protected":false},"excerpt":{"rendered":"<p>Dette dokument er kun til hjemmesiden og g\u00e6lder kun for forbrugerk\u00f8b, og er derfor kun baseret p\u00e5 forbrugerk\u00f8bsloven. Ved aftaler mellem virksomheder, kommuner m.v. g\u00e6lder k\u00f8beloven. Generelt Disse salgsbetingelser g\u00e6lder for salg af vores varer. Sammen med din bestilling, bekr\u00e6ftet ved en ordrebekr\u00e6ftelse, udg\u00f8r disse salgsbetingelser det samlede aftalegrundlag for k\u00f8bet. Forbrugerk\u00f8b er blandt...<\/p>","protected":false},"author":1,"featured_media":0,"parent":0,"menu_order":0,"comment_status":"closed","ping_status":"closed","template":"","meta":{"_acf_changed":false,"footnotes":""},"class_list":["post-5983","page","type-page","status-publish","hentry"],"acf":[],"yoast_head":"<!-- This site is optimized with the Yoast SEO plugin v27.2 - https:\/\/yoast.com\/product\/yoast-seo-wordpress\/ -->\n<title>Salgs \u2013 og leveringsbetingelser - Norsk Akustikksenter<\/title>\n<meta name=\"robots\" content=\"index, follow, max-snippet:-1, max-image-preview:large, max-video-preview:-1\" \/>\n<link rel=\"canonical\" href=\"https:\/\/www.akustikksenter.no\/da\/leverings-og-betalingsbetingelser\/\" \/>\n<meta property=\"og:locale\" content=\"da_DK\" \/>\n<meta property=\"og:type\" content=\"article\" \/>\n<meta property=\"og:title\" content=\"Salgs \u2013 og leveringsbetingelser - Norsk Akustikksenter\" \/>\n<meta property=\"og:description\" content=\"Dette dokumentet er kun for nettsiden og gjelder kun forbrukerkj\u00f8p, og tar derfor kun utgangspunkt i forbrukerkj\u00f8psloven. Ved avtaler mellom bedrifter, kommuner osv er det kj\u00f8psloven som gjelder. Generelt Disse salgsbetingelsene gjelder for salg av v\u00e5re varer. Salgsbetingelsene utgj\u00f8r sammen med din bestilling, bekreftet gjennom en ordrebekreftelse, det samlede avtalegrunnlaget for kj\u00f8pet. Forbrukerkj\u00f8p er blant&hellip;\" \/>\n<meta property=\"og:url\" content=\"https:\/\/www.akustikksenter.no\/da\/leverings-og-betalingsbetingelser\/\" \/>\n<meta property=\"og:site_name\" content=\"Norsk Akustikksenter\" \/>\n<meta property=\"article:publisher\" content=\"https:\/\/www.facebook.com\/Akustikksenter\/\" \/>\n<meta property=\"article:modified_time\" content=\"2023-08-21T11:42:24+00:00\" \/>\n<meta name=\"twitter:label1\" content=\"Estimeret l\u00e6setid\" \/>\n\t<meta name=\"twitter:data1\" content=\"7 minutter\" \/>\n<script type=\"application\/ld+json\" class=\"yoast-schema-graph\">{\"@context\":\"https:\/\/schema.org\",\"@graph\":[{\"@type\":\"WebPage\",\"@id\":\"https:\/\/www.akustikksenter.no\/leverings-og-betalingsbetingelser\/\",\"url\":\"https:\/\/www.akustikksenter.no\/leverings-og-betalingsbetingelser\/\",\"name\":\"Salgs \u2013 og leveringsbetingelser - Norsk Akustikksenter\",\"isPartOf\":{\"@id\":\"https:\/\/www.akustikksenter.no\/#website\"},\"datePublished\":\"2019-05-06T08:58:02+00:00\",\"dateModified\":\"2023-08-21T11:42:24+00:00\",\"breadcrumb\":{\"@id\":\"https:\/\/www.akustikksenter.no\/leverings-og-betalingsbetingelser\/#breadcrumb\"},\"inLanguage\":\"da-DK\",\"potentialAction\":[{\"@type\":\"ReadAction\",\"target\":[\"https:\/\/www.akustikksenter.no\/leverings-og-betalingsbetingelser\/\"]}]},{\"@type\":\"BreadcrumbList\",\"@id\":\"https:\/\/www.akustikksenter.no\/leverings-og-betalingsbetingelser\/#breadcrumb\",\"itemListElement\":[{\"@type\":\"ListItem\",\"position\":1,\"name\":\"Hjem\",\"item\":\"https:\/\/www.akustikksenter.no\/\"},{\"@type\":\"ListItem\",\"position\":2,\"name\":\"Salgs \u2013 og leveringsbetingelser\"}]},{\"@type\":\"WebSite\",\"@id\":\"https:\/\/www.akustikksenter.no\/#website\",\"url\":\"https:\/\/www.akustikksenter.no\/\",\"name\":\"Norsk Akustikksenter\",\"description\":\"Totalleverand\u00f8r av akustikkl\u00f8sninger\",\"publisher\":{\"@id\":\"https:\/\/www.akustikksenter.no\/#organization\"},\"potentialAction\":[{\"@type\":\"SearchAction\",\"target\":{\"@type\":\"EntryPoint\",\"urlTemplate\":\"https:\/\/www.akustikksenter.no\/?s={search_term_string}\"},\"query-input\":{\"@type\":\"PropertyValueSpecification\",\"valueRequired\":true,\"valueName\":\"search_term_string\"}}],\"inLanguage\":\"da-DK\"},{\"@type\":\"Organization\",\"@id\":\"https:\/\/www.akustikksenter.no\/#organization\",\"name\":\"Norsk Akustikksenter\",\"alternateName\":\"Akustikksenter\",\"url\":\"https:\/\/www.akustikksenter.no\/\",\"logo\":{\"@type\":\"ImageObject\",\"inLanguage\":\"da-DK\",\"@id\":\"https:\/\/www.akustikksenter.no\/#\/schema\/logo\/image\/\",\"url\":\"https:\/\/www.akustikksenter.no\/wp-content\/uploads\/2018\/02\/Norsk-Akkustikksenter_nyLogo_payoff-3-e1518606723632.png\",\"contentUrl\":\"https:\/\/www.akustikksenter.no\/wp-content\/uploads\/2018\/02\/Norsk-Akkustikksenter_nyLogo_payoff-3-e1518606723632.png\",\"width\":232,\"height\":93,\"caption\":\"Norsk Akustikksenter\"},\"image\":{\"@id\":\"https:\/\/www.akustikksenter.no\/#\/schema\/logo\/image\/\"},\"sameAs\":[\"https:\/\/www.facebook.com\/Akustikksenter\/\",\"https:\/\/www.pinterest.com\/akustikksenter\/\",\"https:\/\/www.instagram.com\/akustikksenter_norway\/\",\"https:\/\/no.linkedin.com\/company\/norsk-akustikksenter-as\"]}]}<\/script>\n<!-- \/ Yoast SEO plugin. -->","yoast_head_json":{"title":"Salgs- og leveringsbetingelser - Norsk Akustikksenter","robots":{"index":"index","follow":"follow","max-snippet":"max-snippet:-1","max-image-preview":"max-image-preview:large","max-video-preview":"max-video-preview:-1"},"canonical":"https:\/\/www.akustikksenter.no\/da\/leverings-og-betalingsbetingelser\/","og_locale":"da_DK","og_type":"article","og_title":"Salgs \u2013 og leveringsbetingelser - Norsk Akustikksenter","og_description":"Dette dokumentet er kun for nettsiden og gjelder kun forbrukerkj\u00f8p, og tar derfor kun utgangspunkt i forbrukerkj\u00f8psloven. Ved avtaler mellom bedrifter, kommuner osv er det kj\u00f8psloven som gjelder. Generelt Disse salgsbetingelsene gjelder for salg av v\u00e5re varer. Salgsbetingelsene utgj\u00f8r sammen med din bestilling, bekreftet gjennom en ordrebekreftelse, det samlede avtalegrunnlaget for kj\u00f8pet. Forbrukerkj\u00f8p er blant&hellip;","og_url":"https:\/\/www.akustikksenter.no\/da\/leverings-og-betalingsbetingelser\/","og_site_name":"Norsk Akustikksenter","article_publisher":"https:\/\/www.facebook.com\/Akustikksenter\/","article_modified_time":"2023-08-21T11:42:24+00:00","twitter_misc":{"Estimeret l\u00e6setid":"7 minutter"},"schema":{"@context":"https:\/\/schema.org","@graph":[{"@type":"WebPage","@id":"https:\/\/www.akustikksenter.no\/leverings-og-betalingsbetingelser\/","url":"https:\/\/www.akustikksenter.no\/leverings-og-betalingsbetingelser\/","name":"Salgs- og leveringsbetingelser - Norsk Akustikksenter","isPartOf":{"@id":"https:\/\/www.akustikksenter.no\/#website"},"datePublished":"2019-05-06T08:58:02+00:00","dateModified":"2023-08-21T11:42:24+00:00","breadcrumb":{"@id":"https:\/\/www.akustikksenter.no\/leverings-og-betalingsbetingelser\/#breadcrumb"},"inLanguage":"da-DK","potentialAction":[{"@type":"ReadAction","target":["https:\/\/www.akustikksenter.no\/leverings-og-betalingsbetingelser\/"]}]},{"@type":"BreadcrumbList","@id":"https:\/\/www.akustikksenter.no\/leverings-og-betalingsbetingelser\/#breadcrumb","itemListElement":[{"@type":"ListItem","position":1,"name":"Hjem","item":"https:\/\/www.akustikksenter.no\/"},{"@type":"ListItem","position":2,"name":"Salgs \u2013 og leveringsbetingelser"}]},{"@type":"WebSite","@id":"https:\/\/www.akustikksenter.no\/#website","url":"https:\/\/www.akustikksenter.no\/","name":"Norsk Akustik Center","description":"Totalleverand\u00f8r af akustiske l\u00f8sninger","publisher":{"@id":"https:\/\/www.akustikksenter.no\/#organization"},"potentialAction":[{"@type":"SearchAction","target":{"@type":"EntryPoint","urlTemplate":"https:\/\/www.akustikksenter.no\/?s={search_term_string}"},"query-input":{"@type":"PropertyValueSpecification","valueRequired":true,"valueName":"search_term_string"}}],"inLanguage":"da-DK"},{"@type":"Organization","@id":"https:\/\/www.akustikksenter.no\/#organization","name":"Norsk Akustik Center","alternateName":"Akustikksenter","url":"https:\/\/www.akustikksenter.no\/","logo":{"@type":"ImageObject","inLanguage":"da-DK","@id":"https:\/\/www.akustikksenter.no\/#\/schema\/logo\/image\/","url":"https:\/\/www.akustikksenter.no\/wp-content\/uploads\/2018\/02\/Norsk-Akkustikksenter_nyLogo_payoff-3-e1518606723632.png","contentUrl":"https:\/\/www.akustikksenter.no\/wp-content\/uploads\/2018\/02\/Norsk-Akkustikksenter_nyLogo_payoff-3-e1518606723632.png","width":232,"height":93,"caption":"Norsk Akustikksenter"},"image":{"@id":"https:\/\/www.akustikksenter.no\/#\/schema\/logo\/image\/"},"sameAs":["https:\/\/www.facebook.com\/Akustikksenter\/","https:\/\/www.pinterest.com\/akustikksenter\/","https:\/\/www.instagram.com\/akustikksenter_norway\/","https:\/\/no.linkedin.com\/company\/norsk-akustikksenter-as"]}]}},"_links":{"self":[{"href":"https:\/\/www.akustikksenter.no\/da\/wp-json\/wp\/v2\/pages\/5983","targetHints":{"allow":["GET"]}}],"collection":[{"href":"https:\/\/www.akustikksenter.no\/da\/wp-json\/wp\/v2\/pages"}],"about":[{"href":"https:\/\/www.akustikksenter.no\/da\/wp-json\/wp\/v2\/types\/page"}],"author":[{"embeddable":true,"href":"https:\/\/www.akustikksenter.no\/da\/wp-json\/wp\/v2\/users\/1"}],"replies":[{"embeddable":true,"href":"https:\/\/www.akustikksenter.no\/da\/wp-json\/wp\/v2\/comments?post=5983"}],"version-history":[{"count":0,"href":"https:\/\/www.akustikksenter.no\/da\/wp-json\/wp\/v2\/pages\/5983\/revisions"}],"wp:attachment":[{"href":"https:\/\/www.akustikksenter.no\/da\/wp-json\/wp\/v2\/media?parent=5983"}],"curies":[{"name":"wp","href":"https:\/\/api.w.org\/{rel}","templated":true}]}}