{"id":6,"date":"2013-10-11T08:51:29","date_gmt":"2013-10-11T08:51:29","guid":{"rendered":"https:\/\/www.akustikksenter.no\/?page_id=6"},"modified":"2022-06-24T12:57:39","modified_gmt":"2022-06-24T10:57:39","slug":"indkobsvogn","status":"publish","type":"page","link":"https:\/\/www.akustikksenter.no\/da\/handlevogn\/","title":{"rendered":"Indk\u00f8bsvogn"},"content":{"rendered":"<h3><strong>Kj\u00f8p dine lyddempende produkter her.<\/strong><\/h3>\n<p>De fleste varer er p\u00e5 lager og kan leveres innen kort tid.<br \/>\nTrenger du hjelp til \u00e5 beregne hvor mye du trenger eller lage et forslag til l\u00f8sning. Kontakt oss p\u00e5 post@akustikksenter.no eller ring 902 38 611.<\/p>\n<p>Vil du at faktura skal sendes til egen adresse eller har andre sp\u00f8rsm\u00e5l vedr. levering og faktura &#8211;\u00a0 ta kontakt med oss s\u00e5 ordner vi det.<\/p>","protected":false},"excerpt":{"rendered":"<p>Kj\u00f8p dine lyddempende produkter her. De fleste varer er p\u00e5 lager og kan leveres innen kort tid. Trenger du hjelp til \u00e5 beregne hvor mye du trenger eller lage et forslag til l\u00f8sning. Kontakt oss p\u00e5 post@akustikksenter.no eller ring 902 38 611. Vil du at faktura skal sendes til egen adresse eller har andre sp\u00f8rsm\u00e5l&hellip;<\/p>","protected":false},"author":1,"featured_media":0,"parent":0,"menu_order":0,"comment_status":"closed","ping_status":"closed","template":"","meta":{"_acf_changed":false,"footnotes":""},"class_list":["post-6","page","type-page","status-publish","hentry"],"acf":[],"yoast_head":"<!-- This site is optimized with the Yoast SEO plugin v27.2 - https:\/\/yoast.com\/product\/yoast-seo-wordpress\/ -->\n<title>Handlevogn - Norsk Akustikksenter<\/title>\n<meta name=\"robots\" content=\"index, follow, max-snippet:-1, max-image-preview:large, max-video-preview:-1\" \/>\n<link rel=\"canonical\" href=\"https:\/\/www.akustikksenter.no\/da\/indkobsvogn\/\" \/>\n<meta property=\"og:locale\" content=\"da_DK\" \/>\n<meta property=\"og:type\" content=\"article\" \/>\n<meta property=\"og:title\" content=\"Handlevogn - Norsk Akustikksenter\" \/>\n<meta property=\"og:description\" content=\"Kj\u00f8p dine lyddempende produkter her. De fleste varer er p\u00e5 lager og kan leveres innen kort tid. Trenger du hjelp til \u00e5 beregne hvor mye du trenger eller lage et forslag til l\u00f8sning. Kontakt oss p\u00e5 post@akustikksenter.no eller ring 902 38 611. Vil du at faktura skal sendes til egen adresse eller har andre sp\u00f8rsm\u00e5l&hellip;\" \/>\n<meta property=\"og:url\" content=\"https:\/\/www.akustikksenter.no\/da\/indkobsvogn\/\" \/>\n<meta property=\"og:site_name\" content=\"Norsk Akustikksenter\" \/>\n<meta property=\"article:publisher\" content=\"https:\/\/www.facebook.com\/Akustikksenter\/\" \/>\n<meta property=\"article:modified_time\" content=\"2022-06-24T10:57:39+00:00\" \/>\n<meta name=\"twitter:label1\" content=\"Estimeret l\u00e6setid\" \/>\n\t<meta name=\"twitter:data1\" content=\"1 minut\" \/>\n<script type=\"application\/ld+json\" class=\"yoast-schema-graph\">{\"@context\":\"https:\/\/schema.org\",\"@graph\":[{\"@type\":\"WebPage\",\"@id\":\"https:\/\/www.akustikksenter.no\/handlevogn\/\",\"url\":\"https:\/\/www.akustikksenter.no\/handlevogn\/\",\"name\":\"Handlevogn - Norsk Akustikksenter\",\"isPartOf\":{\"@id\":\"https:\/\/www.akustikksenter.no\/#website\"},\"datePublished\":\"2013-10-11T08:51:29+00:00\",\"dateModified\":\"2022-06-24T10:57:39+00:00\",\"breadcrumb\":{\"@id\":\"https:\/\/www.akustikksenter.no\/handlevogn\/#breadcrumb\"},\"inLanguage\":\"da-DK\",\"potentialAction\":[{\"@type\":\"ReadAction\",\"target\":[\"https:\/\/www.akustikksenter.no\/handlevogn\/\"]}]},{\"@type\":\"BreadcrumbList\",\"@id\":\"https:\/\/www.akustikksenter.no\/handlevogn\/#breadcrumb\",\"itemListElement\":[{\"@type\":\"ListItem\",\"position\":1,\"name\":\"Hjem\",\"item\":\"https:\/\/www.akustikksenter.no\/\"},{\"@type\":\"ListItem\",\"position\":2,\"name\":\"Handlevogn\"}]},{\"@type\":\"WebSite\",\"@id\":\"https:\/\/www.akustikksenter.no\/#website\",\"url\":\"https:\/\/www.akustikksenter.no\/\",\"name\":\"Norsk Akustikksenter\",\"description\":\"Totalleverand\u00f8r av akustikkl\u00f8sninger\",\"publisher\":{\"@id\":\"https:\/\/www.akustikksenter.no\/#organization\"},\"potentialAction\":[{\"@type\":\"SearchAction\",\"target\":{\"@type\":\"EntryPoint\",\"urlTemplate\":\"https:\/\/www.akustikksenter.no\/?s={search_term_string}\"},\"query-input\":{\"@type\":\"PropertyValueSpecification\",\"valueRequired\":true,\"valueName\":\"search_term_string\"}}],\"inLanguage\":\"da-DK\"},{\"@type\":\"Organization\",\"@id\":\"https:\/\/www.akustikksenter.no\/#organization\",\"name\":\"Norsk Akustikksenter\",\"alternateName\":\"Akustikksenter\",\"url\":\"https:\/\/www.akustikksenter.no\/\",\"logo\":{\"@type\":\"ImageObject\",\"inLanguage\":\"da-DK\",\"@id\":\"https:\/\/www.akustikksenter.no\/#\/schema\/logo\/image\/\",\"url\":\"https:\/\/www.akustikksenter.no\/wp-content\/uploads\/2018\/02\/Norsk-Akkustikksenter_nyLogo_payoff-3-e1518606723632.png\",\"contentUrl\":\"https:\/\/www.akustikksenter.no\/wp-content\/uploads\/2018\/02\/Norsk-Akkustikksenter_nyLogo_payoff-3-e1518606723632.png\",\"width\":232,\"height\":93,\"caption\":\"Norsk Akustikksenter\"},\"image\":{\"@id\":\"https:\/\/www.akustikksenter.no\/#\/schema\/logo\/image\/\"},\"sameAs\":[\"https:\/\/www.facebook.com\/Akustikksenter\/\",\"https:\/\/www.pinterest.com\/akustikksenter\/\",\"https:\/\/www.instagram.com\/akustikksenter_norway\/\",\"https:\/\/no.linkedin.com\/company\/norsk-akustikksenter-as\"]}]}<\/script>\n<!-- \/ Yoast SEO plugin. -->","yoast_head_json":{"title":"Indk\u00f8bsvogn - Norsk Akustik Center","robots":{"index":"index","follow":"follow","max-snippet":"max-snippet:-1","max-image-preview":"max-image-preview:large","max-video-preview":"max-video-preview:-1"},"canonical":"https:\/\/www.akustikksenter.no\/da\/indkobsvogn\/","og_locale":"da_DK","og_type":"article","og_title":"Handlevogn - Norsk Akustikksenter","og_description":"Kj\u00f8p dine lyddempende produkter her. De fleste varer er p\u00e5 lager og kan leveres innen kort tid. Trenger du hjelp til \u00e5 beregne hvor mye du trenger eller lage et forslag til l\u00f8sning. Kontakt oss p\u00e5 post@akustikksenter.no eller ring 902 38 611. Vil du at faktura skal sendes til egen adresse eller har andre sp\u00f8rsm\u00e5l&hellip;","og_url":"https:\/\/www.akustikksenter.no\/da\/indkobsvogn\/","og_site_name":"Norsk Akustikksenter","article_publisher":"https:\/\/www.facebook.com\/Akustikksenter\/","article_modified_time":"2022-06-24T10:57:39+00:00","twitter_misc":{"Estimeret l\u00e6setid":"1 minut"},"schema":{"@context":"https:\/\/schema.org","@graph":[{"@type":"WebPage","@id":"https:\/\/www.akustikksenter.no\/handlevogn\/","url":"https:\/\/www.akustikksenter.no\/handlevogn\/","name":"Indk\u00f8bsvogn - Norsk Akustik Center","isPartOf":{"@id":"https:\/\/www.akustikksenter.no\/#website"},"datePublished":"2013-10-11T08:51:29+00:00","dateModified":"2022-06-24T10:57:39+00:00","breadcrumb":{"@id":"https:\/\/www.akustikksenter.no\/handlevogn\/#breadcrumb"},"inLanguage":"da-DK","potentialAction":[{"@type":"ReadAction","target":["https:\/\/www.akustikksenter.no\/handlevogn\/"]}]},{"@type":"BreadcrumbList","@id":"https:\/\/www.akustikksenter.no\/handlevogn\/#breadcrumb","itemListElement":[{"@type":"ListItem","position":1,"name":"Hjem","item":"https:\/\/www.akustikksenter.no\/"},{"@type":"ListItem","position":2,"name":"Handlevogn"}]},{"@type":"WebSite","@id":"https:\/\/www.akustikksenter.no\/#website","url":"https:\/\/www.akustikksenter.no\/","name":"Norsk Akustik Center","description":"Totalleverand\u00f8r af akustiske l\u00f8sninger","publisher":{"@id":"https:\/\/www.akustikksenter.no\/#organization"},"potentialAction":[{"@type":"SearchAction","target":{"@type":"EntryPoint","urlTemplate":"https:\/\/www.akustikksenter.no\/?s={search_term_string}"},"query-input":{"@type":"PropertyValueSpecification","valueRequired":true,"valueName":"search_term_string"}}],"inLanguage":"da-DK"},{"@type":"Organization","@id":"https:\/\/www.akustikksenter.no\/#organization","name":"Norsk Akustik Center","alternateName":"Akustikksenter","url":"https:\/\/www.akustikksenter.no\/","logo":{"@type":"ImageObject","inLanguage":"da-DK","@id":"https:\/\/www.akustikksenter.no\/#\/schema\/logo\/image\/","url":"https:\/\/www.akustikksenter.no\/wp-content\/uploads\/2018\/02\/Norsk-Akkustikksenter_nyLogo_payoff-3-e1518606723632.png","contentUrl":"https:\/\/www.akustikksenter.no\/wp-content\/uploads\/2018\/02\/Norsk-Akkustikksenter_nyLogo_payoff-3-e1518606723632.png","width":232,"height":93,"caption":"Norsk Akustikksenter"},"image":{"@id":"https:\/\/www.akustikksenter.no\/#\/schema\/logo\/image\/"},"sameAs":["https:\/\/www.facebook.com\/Akustikksenter\/","https:\/\/www.pinterest.com\/akustikksenter\/","https:\/\/www.instagram.com\/akustikksenter_norway\/","https:\/\/no.linkedin.com\/company\/norsk-akustikksenter-as"]}]}},"_links":{"self":[{"href":"https:\/\/www.akustikksenter.no\/da\/wp-json\/wp\/v2\/pages\/6","targetHints":{"allow":["GET"]}}],"collection":[{"href":"https:\/\/www.akustikksenter.no\/da\/wp-json\/wp\/v2\/pages"}],"about":[{"href":"https:\/\/www.akustikksenter.no\/da\/wp-json\/wp\/v2\/types\/page"}],"author":[{"embeddable":true,"href":"https:\/\/www.akustikksenter.no\/da\/wp-json\/wp\/v2\/users\/1"}],"replies":[{"embeddable":true,"href":"https:\/\/www.akustikksenter.no\/da\/wp-json\/wp\/v2\/comments?post=6"}],"version-history":[{"count":0,"href":"https:\/\/www.akustikksenter.no\/da\/wp-json\/wp\/v2\/pages\/6\/revisions"}],"wp:attachment":[{"href":"https:\/\/www.akustikksenter.no\/da\/wp-json\/wp\/v2\/media?parent=6"}],"curies":[{"name":"wp","href":"https:\/\/api.w.org\/{rel}","templated":true}]}}