{"id":11332,"date":"2023-12-18T15:11:00","date_gmt":"2023-12-18T14:11:00","guid":{"rendered":"https:\/\/www-akustikksenter.wp3.hcweb.dev\/?post_type=product&#038;p=11332"},"modified":"2026-03-11T13:38:54","modified_gmt":"2026-03-11T12:38:54","slug":"akustikbilleder-tryksatte-lyddaempende-paneler","status":"publish","type":"product","link":"https:\/\/www.akustikksenter.no\/da\/butikk\/dekor-og-trykk\/akustikkbilder-lyddempende-plater-med-trykk\/","title":{"rendered":"Akustiske billeder - trykte lydd\u00e6mpende plader"},"content":{"rendered":"<p><span style=\"font-size: 20px;\"><strong>Forestil dig at f\u00e5 dit yndlingsmotiv eller design med p\u00e5 et foto, samtidig med at det giver effektiv lydisolering.<\/strong><\/span><\/p>\n<p>P\u00e5 v\u00e6ggen, i trappeopgangen, i loftet, som skillev\u00e6g? Det bestemmer du selv!<\/p>\n<p>Vi har udviklet lydabsorberende paneler, som er s\u00e6rligt velegnede til tryk og giver et eksklusivt og flot resultat. Samtidig med at du f\u00e5r en effektiv lydabsorption i rummet.<\/p>\n<p>De tekstilbelagte lydplader kan ogs\u00e5 t\u00e5le lidt h\u00e5rdh\u00e6ndet behandling og kan installeres p\u00e5 udsatte steder.<\/p>\n<p><strong>Pris: kr. 3200,- pr. kvadratmeter ekskl. moms \/ NOK 4000- pr. kvadratmeter inkl. moms.<\/strong><br \/>\nMinimumspris kr. 3200,- pr. print ekskl. moms \/ kr. 4000,- inkl. moms pga. faste opstartsomkostninger.<\/p>\n<p><strong><img decoding=\"async\" class=\"wp-image-10176 alignnone\" src=\"https:\/\/www.akustikksenter.no\/wp-content\/uploads\/2023\/04\/eventyrlig-317x400.png\" alt=\"\" width=\"114\" height=\"110\" \/>Brugt i eventyrlig ombygning<\/strong><\/p>","protected":false},"excerpt":{"rendered":"<p>F\u00e5 dit yndlingsmotiv eller -design som effektiv og dekorativ lydabsorption. Vi har udviklet lydabsorberende skiver, der er s\u00e6rligt velegnede til tryk.<br \/>\n<strong>Pris fra<\/strong>\u00a0 3200 kr. pr. kvadratmeter ekskl. moms \/ 4000 kr. inkl. moms.<\/p>","protected":false},"featured_media":8871,"template":"","meta":{"_acf_changed":false},"kampanje":[],"product_brand":[],"product_cat":[121,348],"product_tag":[355,356,328,330,332,333,327,334,292],"class_list":{"0":"post-11332","1":"product","2":"type-product","3":"status-publish","4":"has-post-thumbnail","6":"product_cat-dekor-og-trykk","7":"product_cat-dekor-absorbenter-vegg-og-tak","8":"product_tag-akustikkbilde","9":"product_tag-dekor","10":"product_tag-hjemmekino-og-lydstudio","11":"product_tag-hotell-restaurant-og-uteliv","12":"product_tag-industri-kjopesenter-og-butikk","13":"product_tag-kontor-moterom-og-kantine","14":"product_tag-privat-bolig","15":"product_tag-skoler-og-barnehager","16":"product_tag-tekstiloverflate","18":"first","19":"instock","20":"taxable","21":"shipping-taxable","22":"product-type-simple"},"acf":[],"yoast_head":"<!-- This site is optimized with the Yoast SEO plugin v27.5 - https:\/\/yoast.com\/product\/yoast-seo-wordpress\/ -->\n<title>Akustikkbilder - lyddempende plater med trykk - Norsk Akustikksenter<\/title>\n<meta name=\"description\" content=\"F\u00e5 ditt favoritt motiv eller design som effektiv og dekorativ lyddemping. \u200bVi har utviklet lydabsorberende plater som egner seg spesielt for trykt.\" \/>\n<meta name=\"robots\" content=\"index, follow, max-snippet:-1, max-image-preview:large, max-video-preview:-1\" \/>\n<link rel=\"canonical\" href=\"https:\/\/www.akustikksenter.no\/da\/butik\/indretning-og-print\/akustikbilleder-tryksatte-lyddaempende-paneler\/\" \/>\n<meta property=\"og:locale\" content=\"da_DK\" \/>\n<meta property=\"og:type\" content=\"article\" \/>\n<meta property=\"og:title\" content=\"Akustikkbilder - lyddempende plater med trykk - Norsk Akustikksenter\" \/>\n<meta property=\"og:description\" content=\"F\u00e5 ditt favoritt motiv eller design som effektiv og dekorativ lyddemping. \u200bVi har utviklet lydabsorberende plater som egner seg spesielt for trykt.\" \/>\n<meta property=\"og:url\" content=\"https:\/\/www.akustikksenter.no\/da\/butik\/indretning-og-print\/akustikbilleder-tryksatte-lyddaempende-paneler\/\" \/>\n<meta property=\"og:site_name\" content=\"Norsk Akustikksenter\" \/>\n<meta property=\"article:publisher\" content=\"https:\/\/www.facebook.com\/Akustikksenter\/\" \/>\n<meta property=\"article:modified_time\" content=\"2026-03-11T12:38:54+00:00\" \/>\n<meta property=\"og:image\" content=\"https:\/\/www.akustikksenter.no\/wp-content\/uploads\/2022\/08\/Equinor-scaled.jpg\" \/>\n\t<meta property=\"og:image:width\" content=\"2560\" \/>\n\t<meta property=\"og:image:height\" content=\"1920\" \/>\n\t<meta property=\"og:image:type\" content=\"image\/jpeg\" \/>\n<meta name=\"twitter:label1\" content=\"Estimeret l\u00e6setid\" \/>\n\t<meta name=\"twitter:data1\" content=\"1 minut\" \/>\n<script type=\"application\/ld+json\" class=\"yoast-schema-graph\">{\"@context\":\"https:\\\/\\\/schema.org\",\"@graph\":[{\"@type\":\"WebPage\",\"@id\":\"https:\\\/\\\/www.akustikksenter.no\\\/butikk\\\/dekor-og-trykk\\\/akustikkbilder-lyddempende-plater-med-trykk\\\/\",\"url\":\"https:\\\/\\\/www.akustikksenter.no\\\/butikk\\\/dekor-og-trykk\\\/akustikkbilder-lyddempende-plater-med-trykk\\\/\",\"name\":\"Akustikkbilder - lyddempende plater med trykk - Norsk Akustikksenter\",\"isPartOf\":{\"@id\":\"https:\\\/\\\/www.akustikksenter.no\\\/#website\"},\"primaryImageOfPage\":{\"@id\":\"https:\\\/\\\/www.akustikksenter.no\\\/butikk\\\/dekor-og-trykk\\\/akustikkbilder-lyddempende-plater-med-trykk\\\/#primaryimage\"},\"image\":{\"@id\":\"https:\\\/\\\/www.akustikksenter.no\\\/butikk\\\/dekor-og-trykk\\\/akustikkbilder-lyddempende-plater-med-trykk\\\/#primaryimage\"},\"thumbnailUrl\":\"https:\\\/\\\/www.akustikksenter.no\\\/wp-content\\\/uploads\\\/2022\\\/08\\\/Equinor-scaled.jpg\",\"datePublished\":\"2023-12-18T14:11:00+00:00\",\"dateModified\":\"2026-03-11T12:38:54+00:00\",\"description\":\"F\u00e5 ditt favoritt motiv eller design som effektiv og dekorativ lyddemping. \u200bVi har utviklet lydabsorberende plater som egner seg spesielt for trykt.\",\"breadcrumb\":{\"@id\":\"https:\\\/\\\/www.akustikksenter.no\\\/butikk\\\/dekor-og-trykk\\\/akustikkbilder-lyddempende-plater-med-trykk\\\/#breadcrumb\"},\"inLanguage\":\"da-DK\",\"potentialAction\":[{\"@type\":\"ReadAction\",\"target\":[\"https:\\\/\\\/www.akustikksenter.no\\\/butikk\\\/dekor-og-trykk\\\/akustikkbilder-lyddempende-plater-med-trykk\\\/\"]}]},{\"@type\":\"ImageObject\",\"inLanguage\":\"da-DK\",\"@id\":\"https:\\\/\\\/www.akustikksenter.no\\\/butikk\\\/dekor-og-trykk\\\/akustikkbilder-lyddempende-plater-med-trykk\\\/#primaryimage\",\"url\":\"https:\\\/\\\/www.akustikksenter.no\\\/wp-content\\\/uploads\\\/2022\\\/08\\\/Equinor-scaled.jpg\",\"contentUrl\":\"https:\\\/\\\/www.akustikksenter.no\\\/wp-content\\\/uploads\\\/2022\\\/08\\\/Equinor-scaled.jpg\",\"width\":2560,\"height\":1920},{\"@type\":\"BreadcrumbList\",\"@id\":\"https:\\\/\\\/www.akustikksenter.no\\\/butikk\\\/dekor-og-trykk\\\/akustikkbilder-lyddempende-plater-med-trykk\\\/#breadcrumb\",\"itemListElement\":[{\"@type\":\"ListItem\",\"position\":1,\"name\":\"Hjem\",\"item\":\"https:\\\/\\\/www.akustikksenter.no\\\/\"},{\"@type\":\"ListItem\",\"position\":2,\"name\":\"Nettbutikk\",\"item\":\"https:\\\/\\\/www.akustikksenter.no\\\/nettbutikk\\\/\"},{\"@type\":\"ListItem\",\"position\":3,\"name\":\"Akustikkbilder &#8211; lyddempende plater med trykk\"}]},{\"@type\":\"WebSite\",\"@id\":\"https:\\\/\\\/www.akustikksenter.no\\\/#website\",\"url\":\"https:\\\/\\\/www.akustikksenter.no\\\/\",\"name\":\"Norsk Akustikksenter\",\"description\":\"Totalleverand\u00f8r av akustikkl\u00f8sninger\",\"publisher\":{\"@id\":\"https:\\\/\\\/www.akustikksenter.no\\\/#organization\"},\"potentialAction\":[{\"@type\":\"SearchAction\",\"target\":{\"@type\":\"EntryPoint\",\"urlTemplate\":\"https:\\\/\\\/www.akustikksenter.no\\\/?s={search_term_string}\"},\"query-input\":{\"@type\":\"PropertyValueSpecification\",\"valueRequired\":true,\"valueName\":\"search_term_string\"}}],\"inLanguage\":\"da-DK\"},{\"@type\":\"Organization\",\"@id\":\"https:\\\/\\\/www.akustikksenter.no\\\/#organization\",\"name\":\"Norsk Akustikksenter\",\"alternateName\":\"Akustikksenter\",\"url\":\"https:\\\/\\\/www.akustikksenter.no\\\/\",\"logo\":{\"@type\":\"ImageObject\",\"inLanguage\":\"da-DK\",\"@id\":\"https:\\\/\\\/www.akustikksenter.no\\\/#\\\/schema\\\/logo\\\/image\\\/\",\"url\":\"https:\\\/\\\/www.akustikksenter.no\\\/wp-content\\\/uploads\\\/2018\\\/02\\\/Norsk-Akkustikksenter_nyLogo_payoff-3-e1518606723632.png\",\"contentUrl\":\"https:\\\/\\\/www.akustikksenter.no\\\/wp-content\\\/uploads\\\/2018\\\/02\\\/Norsk-Akkustikksenter_nyLogo_payoff-3-e1518606723632.png\",\"width\":232,\"height\":93,\"caption\":\"Norsk Akustikksenter\"},\"image\":{\"@id\":\"https:\\\/\\\/www.akustikksenter.no\\\/#\\\/schema\\\/logo\\\/image\\\/\"},\"sameAs\":[\"https:\\\/\\\/www.facebook.com\\\/Akustikksenter\\\/\",\"https:\\\/\\\/www.pinterest.com\\\/akustikksenter\\\/\",\"https:\\\/\\\/www.instagram.com\\\/akustikksenter_norway\\\/\",\"https:\\\/\\\/no.linkedin.com\\\/company\\\/norsk-akustikksenter-as\"]}]}<\/script>\n<!-- \/ Yoast SEO plugin. -->","yoast_head_json":{"title":"Akustiske billeder - trykte lydd\u00e6mpende paneler - Norsk Akustikksenter","description":"F\u00e5 dit yndlingsmotiv eller -design som effektiv og dekorativ lydabsorption. Vi har udviklet lydabsorberende skiver, der er s\u00e6rligt velegnede til tryk.","robots":{"index":"index","follow":"follow","max-snippet":"max-snippet:-1","max-image-preview":"max-image-preview:large","max-video-preview":"max-video-preview:-1"},"canonical":"https:\/\/www.akustikksenter.no\/da\/butik\/indretning-og-print\/akustikbilleder-tryksatte-lyddaempende-paneler\/","og_locale":"da_DK","og_type":"article","og_title":"Akustikkbilder - lyddempende plater med trykk - Norsk Akustikksenter","og_description":"F\u00e5 ditt favoritt motiv eller design som effektiv og dekorativ lyddemping. \u200bVi har utviklet lydabsorberende plater som egner seg spesielt for trykt.","og_url":"https:\/\/www.akustikksenter.no\/da\/butik\/indretning-og-print\/akustikbilleder-tryksatte-lyddaempende-paneler\/","og_site_name":"Norsk Akustikksenter","article_publisher":"https:\/\/www.facebook.com\/Akustikksenter\/","article_modified_time":"2026-03-11T12:38:54+00:00","og_image":[{"width":2560,"height":1920,"url":"https:\/\/www.akustikksenter.no\/wp-content\/uploads\/2022\/08\/Equinor-scaled.jpg","type":"image\/jpeg"}],"twitter_misc":{"Estimeret l\u00e6setid":"1 minut"},"schema":{"@context":"https:\/\/schema.org","@graph":[{"@type":"WebPage","@id":"https:\/\/www.akustikksenter.no\/butikk\/dekor-og-trykk\/akustikkbilder-lyddempende-plater-med-trykk\/","url":"https:\/\/www.akustikksenter.no\/butikk\/dekor-og-trykk\/akustikkbilder-lyddempende-plater-med-trykk\/","name":"Akustiske billeder - trykte lydd\u00e6mpende paneler - Norsk Akustikksenter","isPartOf":{"@id":"https:\/\/www.akustikksenter.no\/#website"},"primaryImageOfPage":{"@id":"https:\/\/www.akustikksenter.no\/butikk\/dekor-og-trykk\/akustikkbilder-lyddempende-plater-med-trykk\/#primaryimage"},"image":{"@id":"https:\/\/www.akustikksenter.no\/butikk\/dekor-og-trykk\/akustikkbilder-lyddempende-plater-med-trykk\/#primaryimage"},"thumbnailUrl":"https:\/\/www.akustikksenter.no\/wp-content\/uploads\/2022\/08\/Equinor-scaled.jpg","datePublished":"2023-12-18T14:11:00+00:00","dateModified":"2026-03-11T12:38:54+00:00","description":"F\u00e5 dit yndlingsmotiv eller -design som effektiv og dekorativ lydabsorption. Vi har udviklet lydabsorberende skiver, der er s\u00e6rligt velegnede til tryk.","breadcrumb":{"@id":"https:\/\/www.akustikksenter.no\/butikk\/dekor-og-trykk\/akustikkbilder-lyddempende-plater-med-trykk\/#breadcrumb"},"inLanguage":"da-DK","potentialAction":[{"@type":"ReadAction","target":["https:\/\/www.akustikksenter.no\/butikk\/dekor-og-trykk\/akustikkbilder-lyddempende-plater-med-trykk\/"]}]},{"@type":"ImageObject","inLanguage":"da-DK","@id":"https:\/\/www.akustikksenter.no\/butikk\/dekor-og-trykk\/akustikkbilder-lyddempende-plater-med-trykk\/#primaryimage","url":"https:\/\/www.akustikksenter.no\/wp-content\/uploads\/2022\/08\/Equinor-scaled.jpg","contentUrl":"https:\/\/www.akustikksenter.no\/wp-content\/uploads\/2022\/08\/Equinor-scaled.jpg","width":2560,"height":1920},{"@type":"BreadcrumbList","@id":"https:\/\/www.akustikksenter.no\/butikk\/dekor-og-trykk\/akustikkbilder-lyddempende-plater-med-trykk\/#breadcrumb","itemListElement":[{"@type":"ListItem","position":1,"name":"Hjem","item":"https:\/\/www.akustikksenter.no\/"},{"@type":"ListItem","position":2,"name":"Nettbutikk","item":"https:\/\/www.akustikksenter.no\/nettbutikk\/"},{"@type":"ListItem","position":3,"name":"Akustikkbilder &#8211; lyddempende plater med trykk"}]},{"@type":"WebSite","@id":"https:\/\/www.akustikksenter.no\/#website","url":"https:\/\/www.akustikksenter.no\/","name":"Norsk Akustik Center","description":"Totalleverand\u00f8r af akustiske l\u00f8sninger","publisher":{"@id":"https:\/\/www.akustikksenter.no\/#organization"},"potentialAction":[{"@type":"SearchAction","target":{"@type":"EntryPoint","urlTemplate":"https:\/\/www.akustikksenter.no\/?s={search_term_string}"},"query-input":{"@type":"PropertyValueSpecification","valueRequired":true,"valueName":"search_term_string"}}],"inLanguage":"da-DK"},{"@type":"Organization","@id":"https:\/\/www.akustikksenter.no\/#organization","name":"Norsk Akustik Center","alternateName":"Akustikksenter","url":"https:\/\/www.akustikksenter.no\/","logo":{"@type":"ImageObject","inLanguage":"da-DK","@id":"https:\/\/www.akustikksenter.no\/#\/schema\/logo\/image\/","url":"https:\/\/www.akustikksenter.no\/wp-content\/uploads\/2018\/02\/Norsk-Akkustikksenter_nyLogo_payoff-3-e1518606723632.png","contentUrl":"https:\/\/www.akustikksenter.no\/wp-content\/uploads\/2018\/02\/Norsk-Akkustikksenter_nyLogo_payoff-3-e1518606723632.png","width":232,"height":93,"caption":"Norsk Akustikksenter"},"image":{"@id":"https:\/\/www.akustikksenter.no\/#\/schema\/logo\/image\/"},"sameAs":["https:\/\/www.facebook.com\/Akustikksenter\/","https:\/\/www.pinterest.com\/akustikksenter\/","https:\/\/www.instagram.com\/akustikksenter_norway\/","https:\/\/no.linkedin.com\/company\/norsk-akustikksenter-as"]}]}},"_links":{"self":[{"href":"https:\/\/www.akustikksenter.no\/da\/wp-json\/wp\/v2\/product\/11332","targetHints":{"allow":["GET"]}}],"collection":[{"href":"https:\/\/www.akustikksenter.no\/da\/wp-json\/wp\/v2\/product"}],"about":[{"href":"https:\/\/www.akustikksenter.no\/da\/wp-json\/wp\/v2\/types\/product"}],"wp:featuredmedia":[{"embeddable":true,"href":"https:\/\/www.akustikksenter.no\/da\/wp-json\/wp\/v2\/media\/8871"}],"wp:attachment":[{"href":"https:\/\/www.akustikksenter.no\/da\/wp-json\/wp\/v2\/media?parent=11332"}],"wp:term":[{"taxonomy":"kampanje","embeddable":true,"href":"https:\/\/www.akustikksenter.no\/da\/wp-json\/wp\/v2\/kampanje?post=11332"},{"taxonomy":"product_brand","embeddable":true,"href":"https:\/\/www.akustikksenter.no\/da\/wp-json\/wp\/v2\/product_brand?post=11332"},{"taxonomy":"product_cat","embeddable":true,"href":"https:\/\/www.akustikksenter.no\/da\/wp-json\/wp\/v2\/product_cat?post=11332"},{"taxonomy":"product_tag","embeddable":true,"href":"https:\/\/www.akustikksenter.no\/da\/wp-json\/wp\/v2\/product_tag?post=11332"}],"curies":[{"name":"wp","href":"https:\/\/api.w.org\/{rel}","templated":true}]}}