{"id":11509,"date":"2024-02-28T13:40:47","date_gmt":"2024-02-28T12:40:47","guid":{"rendered":"https:\/\/www-akustikksenter.wp3.hcweb.dev\/?post_type=product&#038;p=11509"},"modified":"2026-02-02T10:54:29","modified_gmt":"2026-02-02T09:54:29","slug":"komplet-t-24-system","status":"publish","type":"product","link":"https:\/\/www.akustikksenter.no\/da\/butikk\/systemhimling\/komplett-t-24-system\/","title":{"rendered":"Komplet T-24 loftsystem UDEN loftpaneler"},"content":{"rendered":"<p>PRIS PER m\u00b2<\/p>\n<p>Anbefaler 8-10% i till\u00e6g til krympning og tilpasninger.<\/p>\n<h3><strong>HVID Loftsystem. <em>CE-godkendt<\/em><\/strong><\/h3>\n<p>Produkter, der indg\u00e5r i det komplette systemloft MATT WHITE :<\/p>\n<ul>\n<li><a href=\"https:\/\/www.akustikksenter.no\/da\/butik\/systemloft\/hovedprofil-l3000-h38-b24-mm-tykkelse-03mm\/\">Hovedprofil (varenr. TG 00001)<\/a><\/li>\n<li><a href=\"https:\/\/www.akustikksenter.no\/da\/butik\/systemloft\/standard-vaeglampe\/\">V\u00e6ggl\u00f8d<\/a>\u00a0<a href=\"https:\/\/www.akustikksenter.no\/da\/butik\/systemloft\/standard-vaeglampe\/\">(varenr. TG00004)<\/a><\/li>\n<li><a href=\"https:\/\/www.akustikksenter.no\/da\/butik\/systemloft\/tvaerprofil-l600-h-38-b24mm-tykkelse-03-mm\/\">Tv\u00e6rprofil 600 mm (varenr. TG00005)<\/a><\/li>\n<li><a href=\"https:\/\/www.akustikksenter.no\/da\/butik\/systemloft\/tvaerprofil-l1200-h38-b24mm\/\">Tv\u00e6rprofil 1200 mm (varenr. TG00006)<\/a><\/li>\n<li><a href=\"https:\/\/www.akustikksenter.no\/da\/butik\/systemloft\/ophaengningspendul-2\/\">Oph\u00e6ngspendel 30\/60 cm (varenr. TG00011)<\/a><\/li>\n<li><a href=\"https:\/\/www.akustikksenter.no\/da\/butik\/systemloft\/sikringsskrue-til-t-system\/\">Fastg\u00f8relsesskruer til v\u00e6gliste, hvid (varenr. TG 00021)<\/a><\/li>\n<\/ul>\n<p>&nbsp;<\/p>\n<h3><strong>SVART-loftsystem. <em>CE-godkendt<\/em><\/strong><\/h3>\n<p>Produkter, der indg\u00e5r i det komplette systemloft MATT BLACK :<\/p>\n<ul>\n<li><a href=\"https:\/\/www.akustikksenter.no\/da\/butik\/systemloft\/hovedprofil-l3000-h38-b24-mm-tykkelse-03mm\/\">Hovedprofil (varenr. TG00001BLK)<\/a><\/li>\n<li><a href=\"https:\/\/www.akustikksenter.no\/da\/butik\/systemloft\/standard-vaeglampe\/\">V\u00e6ggl\u00f8d<\/a>\u00a0<a href=\"https:\/\/www.akustikksenter.no\/da\/butik\/systemloft\/standard-vaeglampe\/\">(varenr. TG00004BLK)<\/a><\/li>\n<li><a href=\"https:\/\/www.akustikksenter.no\/da\/butik\/systemloft\/tvaerprofil-l600-h-38-b24mm-tykkelse-03-mm\/\">Tv\u00e6rprofil 600 mm (varenr. TG00005BLK)<\/a><\/li>\n<li><a href=\"https:\/\/www.akustikksenter.no\/da\/butik\/systemloft\/tvaerprofil-l1200-h38-b24mm\/\">Tv\u00e6rprofil 1200 mm (varenr. TG00006BLK)<\/a><\/li>\n<li><a href=\"https:\/\/www.akustikksenter.no\/da\/butik\/systemloft\/ophaengningspendul-2\/\">Oph\u00e6ngspendel 30\/60 cm (varenr. TG00011)<\/a><\/li>\n<li><a href=\"https:\/\/www.akustikksenter.no\/da\/butik\/systemloft\/sikringsskrue-til-t-system\/\">Fastg\u00f8relsesskruer til v\u00e6gliste, sort (varenr. TG 00022)<\/a><\/li>\n<\/ul>\n<p>&nbsp;<\/p>\n<p><strong>10 m\u00b2 best\u00e5r af:<\/strong><\/p>\n<p><img decoding=\"async\" class=\"alignnone wp-image-11551\" src=\"https:\/\/www.akustikksenter.no\/wp-content\/uploads\/2024\/03\/tabell-02-02.svg\" alt=\"\" width=\"880\" height=\"357\" \/><\/p>\n<p>&nbsp;<\/p>\n<p>10%-spild tages normalt i betragtning. Det er ikke inkluderet i modellen ovenfor.<\/p>","protected":false},"excerpt":{"rendered":"<p>Komplet T-24 skinnesystem Mat hvid eller sort finish i h\u00f8j kvalitet. Standard 60\/60-l\u00f8sning. CE-godkendt.<\/p>\n<p>Samme pris for 60\/120-l\u00f8sning. Hvis du \u00f8nsker andre l\u00e6ngder af <a href=\"https:\/\/www.akustikksenter.no\/da\/butik\/systemloft\/ophaengningspendul-2\/\">oph\u00e6ngningspendul,<\/a> kontakt os, s\u00e5 organiserer vi det.<\/p>","protected":false},"featured_media":9285,"template":"","meta":{"_acf_changed":false},"kampanje":[],"product_brand":[],"product_cat":[21],"product_tag":[329,29,330,331,332,333,334,289],"class_list":{"0":"post-11509","1":"product","2":"type-product","3":"status-publish","4":"has-post-thumbnail","6":"product_cat-systemhimling","7":"product_tag-bibliotek-og-museum","8":"product_tag-himlingsplate","9":"product_tag-hotell-restaurant-og-uteliv","10":"product_tag-idrettshaller-og-treningssenter","11":"product_tag-industri-kjopesenter-og-butikk","12":"product_tag-kontor-moterom-og-kantine","13":"product_tag-skoler-og-barnehager","14":"product_tag-tak","15":"pa_farge-matt-hvit","16":"pa_farge-matt-svart","18":"first","19":"instock","20":"taxable","21":"shipping-taxable","22":"purchasable","23":"product-type-variable","24":"has-default-attributes"},"acf":[],"yoast_head":"<!-- This site is optimized with the Yoast SEO plugin v27.5 - https:\/\/yoast.com\/product\/yoast-seo-wordpress\/ -->\n<title>Komplett T-24 himlingssystem UTEN himlingsplater - Norsk Akustikksenter<\/title>\n<meta name=\"description\" content=\"Komplett T-24 skinnesystem matt hvit eller svart utf\u00f8relse av h\u00f8y kvalitet. Standard 60\/60 l\u00f8sning. Pris pr. M2. Minimumsbestilling 10 m2. CE Godkjent.\" \/>\n<meta name=\"robots\" content=\"index, follow, max-snippet:-1, max-image-preview:large, max-video-preview:-1\" \/>\n<link rel=\"canonical\" href=\"https:\/\/www.akustikksenter.no\/da\/butik\/systemloft\/komplet-t-24-system\/\" \/>\n<meta property=\"og:locale\" content=\"da_DK\" \/>\n<meta property=\"og:type\" content=\"article\" \/>\n<meta property=\"og:title\" content=\"Komplett T-24 himlingssystem UTEN himlingsplater - Norsk Akustikksenter\" \/>\n<meta property=\"og:description\" content=\"Komplett T-24 skinnesystem matt hvit eller svart utf\u00f8relse av h\u00f8y kvalitet. Standard 60\/60 l\u00f8sning. Pris pr. M2. Minimumsbestilling 10 m2. CE Godkjent.\" \/>\n<meta property=\"og:url\" content=\"https:\/\/www.akustikksenter.no\/da\/butik\/systemloft\/komplet-t-24-system\/\" \/>\n<meta property=\"og:site_name\" content=\"Norsk Akustikksenter\" \/>\n<meta property=\"article:publisher\" content=\"https:\/\/www.facebook.com\/Akustikksenter\/\" \/>\n<meta property=\"article:modified_time\" content=\"2026-02-02T09:54:29+00:00\" \/>\n<meta property=\"og:image\" content=\"https:\/\/www.akustikksenter.no\/wp-content\/uploads\/2022\/09\/Systemhimling.png\" \/>\n\t<meta property=\"og:image:width\" content=\"960\" \/>\n\t<meta property=\"og:image:height\" content=\"720\" \/>\n\t<meta property=\"og:image:type\" content=\"image\/png\" \/>\n<meta name=\"twitter:label1\" content=\"Estimeret l\u00e6setid\" \/>\n\t<meta name=\"twitter:data1\" content=\"1 minut\" \/>\n<script type=\"application\/ld+json\" class=\"yoast-schema-graph\">{\"@context\":\"https:\\\/\\\/schema.org\",\"@graph\":[{\"@type\":\"WebPage\",\"@id\":\"https:\\\/\\\/www.akustikksenter.no\\\/butikk\\\/systemhimling\\\/komplett-t-24-system\\\/\",\"url\":\"https:\\\/\\\/www.akustikksenter.no\\\/butikk\\\/systemhimling\\\/komplett-t-24-system\\\/\",\"name\":\"Komplett T-24 himlingssystem UTEN himlingsplater - Norsk Akustikksenter\",\"isPartOf\":{\"@id\":\"https:\\\/\\\/www.akustikksenter.no\\\/#website\"},\"primaryImageOfPage\":{\"@id\":\"https:\\\/\\\/www.akustikksenter.no\\\/butikk\\\/systemhimling\\\/komplett-t-24-system\\\/#primaryimage\"},\"image\":{\"@id\":\"https:\\\/\\\/www.akustikksenter.no\\\/butikk\\\/systemhimling\\\/komplett-t-24-system\\\/#primaryimage\"},\"thumbnailUrl\":\"https:\\\/\\\/www.akustikksenter.no\\\/wp-content\\\/uploads\\\/2022\\\/09\\\/Systemhimling.png\",\"datePublished\":\"2024-02-28T12:40:47+00:00\",\"dateModified\":\"2026-02-02T09:54:29+00:00\",\"description\":\"Komplett T-24 skinnesystem matt hvit eller svart utf\u00f8relse av h\u00f8y kvalitet. Standard 60\\\/60 l\u00f8sning. Pris pr. M2. Minimumsbestilling 10 m2. CE Godkjent.\",\"breadcrumb\":{\"@id\":\"https:\\\/\\\/www.akustikksenter.no\\\/butikk\\\/systemhimling\\\/komplett-t-24-system\\\/#breadcrumb\"},\"inLanguage\":\"da-DK\",\"potentialAction\":[{\"@type\":\"ReadAction\",\"target\":[\"https:\\\/\\\/www.akustikksenter.no\\\/butikk\\\/systemhimling\\\/komplett-t-24-system\\\/\"]}]},{\"@type\":\"ImageObject\",\"inLanguage\":\"da-DK\",\"@id\":\"https:\\\/\\\/www.akustikksenter.no\\\/butikk\\\/systemhimling\\\/komplett-t-24-system\\\/#primaryimage\",\"url\":\"https:\\\/\\\/www.akustikksenter.no\\\/wp-content\\\/uploads\\\/2022\\\/09\\\/Systemhimling.png\",\"contentUrl\":\"https:\\\/\\\/www.akustikksenter.no\\\/wp-content\\\/uploads\\\/2022\\\/09\\\/Systemhimling.png\",\"width\":960,\"height\":720},{\"@type\":\"BreadcrumbList\",\"@id\":\"https:\\\/\\\/www.akustikksenter.no\\\/butikk\\\/systemhimling\\\/komplett-t-24-system\\\/#breadcrumb\",\"itemListElement\":[{\"@type\":\"ListItem\",\"position\":1,\"name\":\"Hjem\",\"item\":\"https:\\\/\\\/www.akustikksenter.no\\\/\"},{\"@type\":\"ListItem\",\"position\":2,\"name\":\"Nettbutikk\",\"item\":\"https:\\\/\\\/www.akustikksenter.no\\\/nettbutikk\\\/\"},{\"@type\":\"ListItem\",\"position\":3,\"name\":\"Komplett T-24 himlingssystem UTEN himlingsplater\"}]},{\"@type\":\"WebSite\",\"@id\":\"https:\\\/\\\/www.akustikksenter.no\\\/#website\",\"url\":\"https:\\\/\\\/www.akustikksenter.no\\\/\",\"name\":\"Norsk Akustikksenter\",\"description\":\"Totalleverand\u00f8r av akustikkl\u00f8sninger\",\"publisher\":{\"@id\":\"https:\\\/\\\/www.akustikksenter.no\\\/#organization\"},\"potentialAction\":[{\"@type\":\"SearchAction\",\"target\":{\"@type\":\"EntryPoint\",\"urlTemplate\":\"https:\\\/\\\/www.akustikksenter.no\\\/?s={search_term_string}\"},\"query-input\":{\"@type\":\"PropertyValueSpecification\",\"valueRequired\":true,\"valueName\":\"search_term_string\"}}],\"inLanguage\":\"da-DK\"},{\"@type\":\"Organization\",\"@id\":\"https:\\\/\\\/www.akustikksenter.no\\\/#organization\",\"name\":\"Norsk Akustikksenter\",\"alternateName\":\"Akustikksenter\",\"url\":\"https:\\\/\\\/www.akustikksenter.no\\\/\",\"logo\":{\"@type\":\"ImageObject\",\"inLanguage\":\"da-DK\",\"@id\":\"https:\\\/\\\/www.akustikksenter.no\\\/#\\\/schema\\\/logo\\\/image\\\/\",\"url\":\"https:\\\/\\\/www.akustikksenter.no\\\/wp-content\\\/uploads\\\/2018\\\/02\\\/Norsk-Akkustikksenter_nyLogo_payoff-3-e1518606723632.png\",\"contentUrl\":\"https:\\\/\\\/www.akustikksenter.no\\\/wp-content\\\/uploads\\\/2018\\\/02\\\/Norsk-Akkustikksenter_nyLogo_payoff-3-e1518606723632.png\",\"width\":232,\"height\":93,\"caption\":\"Norsk Akustikksenter\"},\"image\":{\"@id\":\"https:\\\/\\\/www.akustikksenter.no\\\/#\\\/schema\\\/logo\\\/image\\\/\"},\"sameAs\":[\"https:\\\/\\\/www.facebook.com\\\/Akustikksenter\\\/\",\"https:\\\/\\\/www.pinterest.com\\\/akustikksenter\\\/\",\"https:\\\/\\\/www.instagram.com\\\/akustikksenter_norway\\\/\",\"https:\\\/\\\/no.linkedin.com\\\/company\\\/norsk-akustikksenter-as\"]}]}<\/script>\n<!-- \/ Yoast SEO plugin. -->","yoast_head_json":{"title":"Komplet T-24 loftsystem UDEN loftplader - Norsk Akustikcenter","description":"Komplet T-24 skinnesystem i mat hvid eller sort finish af h\u00f8j kvalitet. Standard 60\/60-l\u00f8sning. Pris pr. m2. Minimumsordre 10 m2. CE-godkendt.","robots":{"index":"index","follow":"follow","max-snippet":"max-snippet:-1","max-image-preview":"max-image-preview:large","max-video-preview":"max-video-preview:-1"},"canonical":"https:\/\/www.akustikksenter.no\/da\/butik\/systemloft\/komplet-t-24-system\/","og_locale":"da_DK","og_type":"article","og_title":"Komplett T-24 himlingssystem UTEN himlingsplater - Norsk Akustikksenter","og_description":"Komplett T-24 skinnesystem matt hvit eller svart utf\u00f8relse av h\u00f8y kvalitet. Standard 60\/60 l\u00f8sning. Pris pr. M2. Minimumsbestilling 10 m2. CE Godkjent.","og_url":"https:\/\/www.akustikksenter.no\/da\/butik\/systemloft\/komplet-t-24-system\/","og_site_name":"Norsk Akustikksenter","article_publisher":"https:\/\/www.facebook.com\/Akustikksenter\/","article_modified_time":"2026-02-02T09:54:29+00:00","og_image":[{"width":960,"height":720,"url":"https:\/\/www.akustikksenter.no\/wp-content\/uploads\/2022\/09\/Systemhimling.png","type":"image\/png"}],"twitter_misc":{"Estimeret l\u00e6setid":"1 minut"},"schema":{"@context":"https:\/\/schema.org","@graph":[{"@type":"WebPage","@id":"https:\/\/www.akustikksenter.no\/butikk\/systemhimling\/komplett-t-24-system\/","url":"https:\/\/www.akustikksenter.no\/butikk\/systemhimling\/komplett-t-24-system\/","name":"Komplet T-24 loftsystem UDEN loftplader - Norsk Akustikcenter","isPartOf":{"@id":"https:\/\/www.akustikksenter.no\/#website"},"primaryImageOfPage":{"@id":"https:\/\/www.akustikksenter.no\/butikk\/systemhimling\/komplett-t-24-system\/#primaryimage"},"image":{"@id":"https:\/\/www.akustikksenter.no\/butikk\/systemhimling\/komplett-t-24-system\/#primaryimage"},"thumbnailUrl":"https:\/\/www.akustikksenter.no\/wp-content\/uploads\/2022\/09\/Systemhimling.png","datePublished":"2024-02-28T12:40:47+00:00","dateModified":"2026-02-02T09:54:29+00:00","description":"Komplet T-24 skinnesystem i mat hvid eller sort finish af h\u00f8j kvalitet. Standard 60\/60-l\u00f8sning. Pris pr. m2. Minimumsordre 10 m2. CE-godkendt.","breadcrumb":{"@id":"https:\/\/www.akustikksenter.no\/butikk\/systemhimling\/komplett-t-24-system\/#breadcrumb"},"inLanguage":"da-DK","potentialAction":[{"@type":"ReadAction","target":["https:\/\/www.akustikksenter.no\/butikk\/systemhimling\/komplett-t-24-system\/"]}]},{"@type":"ImageObject","inLanguage":"da-DK","@id":"https:\/\/www.akustikksenter.no\/butikk\/systemhimling\/komplett-t-24-system\/#primaryimage","url":"https:\/\/www.akustikksenter.no\/wp-content\/uploads\/2022\/09\/Systemhimling.png","contentUrl":"https:\/\/www.akustikksenter.no\/wp-content\/uploads\/2022\/09\/Systemhimling.png","width":960,"height":720},{"@type":"BreadcrumbList","@id":"https:\/\/www.akustikksenter.no\/butikk\/systemhimling\/komplett-t-24-system\/#breadcrumb","itemListElement":[{"@type":"ListItem","position":1,"name":"Hjem","item":"https:\/\/www.akustikksenter.no\/"},{"@type":"ListItem","position":2,"name":"Nettbutikk","item":"https:\/\/www.akustikksenter.no\/nettbutikk\/"},{"@type":"ListItem","position":3,"name":"Komplett T-24 himlingssystem UTEN himlingsplater"}]},{"@type":"WebSite","@id":"https:\/\/www.akustikksenter.no\/#website","url":"https:\/\/www.akustikksenter.no\/","name":"Norsk Akustik Center","description":"Totalleverand\u00f8r af akustiske l\u00f8sninger","publisher":{"@id":"https:\/\/www.akustikksenter.no\/#organization"},"potentialAction":[{"@type":"SearchAction","target":{"@type":"EntryPoint","urlTemplate":"https:\/\/www.akustikksenter.no\/?s={search_term_string}"},"query-input":{"@type":"PropertyValueSpecification","valueRequired":true,"valueName":"search_term_string"}}],"inLanguage":"da-DK"},{"@type":"Organization","@id":"https:\/\/www.akustikksenter.no\/#organization","name":"Norsk Akustik Center","alternateName":"Akustikksenter","url":"https:\/\/www.akustikksenter.no\/","logo":{"@type":"ImageObject","inLanguage":"da-DK","@id":"https:\/\/www.akustikksenter.no\/#\/schema\/logo\/image\/","url":"https:\/\/www.akustikksenter.no\/wp-content\/uploads\/2018\/02\/Norsk-Akkustikksenter_nyLogo_payoff-3-e1518606723632.png","contentUrl":"https:\/\/www.akustikksenter.no\/wp-content\/uploads\/2018\/02\/Norsk-Akkustikksenter_nyLogo_payoff-3-e1518606723632.png","width":232,"height":93,"caption":"Norsk Akustikksenter"},"image":{"@id":"https:\/\/www.akustikksenter.no\/#\/schema\/logo\/image\/"},"sameAs":["https:\/\/www.facebook.com\/Akustikksenter\/","https:\/\/www.pinterest.com\/akustikksenter\/","https:\/\/www.instagram.com\/akustikksenter_norway\/","https:\/\/no.linkedin.com\/company\/norsk-akustikksenter-as"]}]}},"_links":{"self":[{"href":"https:\/\/www.akustikksenter.no\/da\/wp-json\/wp\/v2\/product\/11509","targetHints":{"allow":["GET"]}}],"collection":[{"href":"https:\/\/www.akustikksenter.no\/da\/wp-json\/wp\/v2\/product"}],"about":[{"href":"https:\/\/www.akustikksenter.no\/da\/wp-json\/wp\/v2\/types\/product"}],"wp:featuredmedia":[{"embeddable":true,"href":"https:\/\/www.akustikksenter.no\/da\/wp-json\/wp\/v2\/media\/9285"}],"wp:attachment":[{"href":"https:\/\/www.akustikksenter.no\/da\/wp-json\/wp\/v2\/media?parent=11509"}],"wp:term":[{"taxonomy":"kampanje","embeddable":true,"href":"https:\/\/www.akustikksenter.no\/da\/wp-json\/wp\/v2\/kampanje?post=11509"},{"taxonomy":"product_brand","embeddable":true,"href":"https:\/\/www.akustikksenter.no\/da\/wp-json\/wp\/v2\/product_brand?post=11509"},{"taxonomy":"product_cat","embeddable":true,"href":"https:\/\/www.akustikksenter.no\/da\/wp-json\/wp\/v2\/product_cat?post=11509"},{"taxonomy":"product_tag","embeddable":true,"href":"https:\/\/www.akustikksenter.no\/da\/wp-json\/wp\/v2\/product_tag?post=11509"}],"curies":[{"name":"wp","href":"https:\/\/api.w.org\/{rel}","templated":true}]}}