{"id":13286,"date":"2025-07-02T13:45:42","date_gmt":"2025-07-02T11:45:42","guid":{"rendered":"https:\/\/www.akustikksenter.no\/?post_type=product&#038;p=13286"},"modified":"2026-02-24T13:57:36","modified_gmt":"2026-02-24T12:57:36","slug":"lydabsorberende-skive-med-overflade-af-egetrae","status":"publish","type":"product","link":"https:\/\/www.akustikksenter.no\/da\/butikk\/direkte-monterte-absorbenter-vegg-og-tak\/lyddempende-plate-eik-overflate\/","title":{"rendered":"Lydabsorberende skive Egetr\u00e6slook"},"content":{"rendered":"<p style=\"font-weight: 400;\"><em><strong>Eira Eg<\/strong><\/em> har en fin overflade (ikke-v\u00e6vet stof) og egner sig bedst til lofter, mens <em><strong>Frigg Eg<\/strong><\/em> har en mere struktureret overflade (tekstil) med en s\u00e6rlig detaljeret kantforsegling og slagfast overflade, der passer bedst til v\u00e6gge. Panelerne er 40 mm tykke og har en meget god lydabsorption - lydabsorptionsklasse A.<\/p>\n<p>Tavlerne er trykt med egetr\u00e6slook. Kanterne er hvide.<\/p>\n<p style=\"font-weight: 400;\">Panelerne har en overflade, der g\u00f8r dem nemme at vedligeholde og giver dem en lang levetid sammenlignet med mere traditionelle absorbenter p\u00e5 markedet. Det g\u00f8r produktet meget b\u00e6redygtigt og milj\u00f8venligt. Med god lysreflektion er de derfor meget velegnede til de fleste typer rum; i parcelhuse, lydstudier, kontor- og undervisningsmilj\u00f8er, b\u00f8rnehaver, multifunktionsrum, kantiner og generelt rum med meget st\u00f8j.<\/p>\n<p style=\"font-weight: 400;\"><strong>Husk at bestille fastg\u00f8relseselementer.<\/strong><\/p>\n<p style=\"font-weight: 400;\"><strong>Installation<\/strong>. Se under monteringsfanen.<\/p>\n<p style=\"font-weight: 400;\"><strong>St\u00f8rrelser.\u00a0<\/strong>Standardst\u00f8rrelserne 60x60 cm og 60\u00d7120 cm er normalt p\u00e5 lager. Specialst\u00f8rrelser og andre farver\/overflader kan bestilles.<\/p>\n<p style=\"font-weight: 400;\"><strong>Brandklasse: <\/strong><em>Eira Eg <\/em>er klasse A. <em>Frigg Eg<\/em> er brandklasse B. Se mere information i databladene. Brandklassen er i henhold til EN 13501-1.<\/p>\n<p style=\"font-weight: 400;\"><strong>Produkterne er M1-certificerede.<\/strong>\u00a0Det betyder, at produktet er blevet testet og opfylder de strengeste internationale krav til emissioner og ikke-brug af giftige komponenter. Der er s\u00e6rlige krav til akustiske produkter, som skal opfyldes for at opn\u00e5 M1-certificering.<\/p>\n<p style=\"font-weight: 400;\"><strong>\u00a0<\/strong><strong>Isolerende egenskaber.<\/strong>\u00a0Absorberne har meget gode varmeisolerende egenskaber. Laboratorietestet i overensstemmelse med g\u00e6ldende regler. Termisk varmeledningsevne \/ Lambda-v\u00e6rdi = 0,033W\/(m-K). Termisk varmemodstand = 1,191 (m2-K)\/W.<\/p>\n<p style=\"font-weight: 400;\"><strong>\u00a0<\/strong><strong>EPD<\/strong> (Milj\u00f8m\u00e6ssig produktdeklaration). Produktet har gennemf\u00f8rt LCA-rapporten (Life Cycle Assessment) og modtaget EPD-certifikatet (Environmental Product Declaration).<\/p>\n<p style=\"font-weight: 400;\"><strong>\u00a0<\/strong><strong>Reng\u00f8ring og vedligeholdelse<\/strong>. Panelerne har en overflade, der tillader afst\u00f8vning, st\u00f8vsugning og sk\u00e5nsom vask med en let fugtig klud. Hvis panelerne males over, vil de miste deres egenskaber.<\/p>","protected":false},"excerpt":{"rendered":"<h2><b>Introduktionspris<\/b><\/h2>\n<p><strong>Egetr\u00e6slook - v\u00e6lg mellem to overflader til tag og v\u00e6g.<\/strong><\/p>\n<p><em><strong>Eira Eg<\/strong><\/em> har en fin overflade (ikke-v\u00e6vet stof) og egner sig bedst til lofter, mens <em><strong>Frigg Eg<\/strong><\/em> har en mere struktureret overflade (tekstil) med en s\u00e6rlig detaljeret kantforsegling og slagfast overflade, der passer bedst til v\u00e6gge. Panelerne er 40 mm tykke og har en meget god lydabsorption - lydabsorptionsklasse A.<\/p>\n<p>Gr\u00f8n produktion, h\u00f8j kvalitet og lang levetid g\u00f8r produktet meget b\u00e6redygtigt.<\/p>","protected":false},"featured_media":13306,"template":"","meta":{"_acf_changed":false},"kampanje":[],"product_brand":[],"product_cat":[348,18],"product_tag":[329,328,330,333,327,334,289,291],"class_list":{"0":"post-13286","1":"product","2":"type-product","3":"status-publish","4":"has-post-thumbnail","6":"product_cat-dekor-absorbenter-vegg-og-tak","7":"product_cat-direkte-monterte-absorbenter-vegg-og-tak","8":"product_tag-bibliotek-og-museum","9":"product_tag-hjemmekino-og-lydstudio","10":"product_tag-hotell-restaurant-og-uteliv","11":"product_tag-kontor-moterom-og-kantine","12":"product_tag-privat-bolig","13":"product_tag-skoler-og-barnehager","14":"product_tag-tak","15":"product_tag-vegg","16":"pa_farge-eik-overflate","18":"first","19":"instock","20":"taxable","21":"shipping-taxable","22":"purchasable","23":"product-type-variable"},"acf":[],"yoast_head":"<!-- This site is optimized with the Yoast SEO plugin v27.4 - https:\/\/yoast.com\/product\/yoast-seo-wordpress\/ -->\n<title>Lyddempende plate Eik utseende - Norsk Akustikksenter<\/title>\n<meta name=\"description\" content=\"Eik utseende - velg mellom to overflater til tak og vegg.Eira Eik har en fin overflate (fiberduk) og passer best i taket, mens Frigg Eik har en mer strukturert overflate (tekstil) med spesielt forseggjort kant forsegling og slagfast overflate som passer best p\u00e5 vegg. Platene er 40 mm tykke og har s\u00e6rdeles god lydabsorbsjon \u2013 lyddemping klasse A.\" \/>\n<meta name=\"robots\" content=\"index, follow, max-snippet:-1, max-image-preview:large, max-video-preview:-1\" \/>\n<link rel=\"canonical\" href=\"https:\/\/www.akustikksenter.no\/da\/butik\/direkte-monterede-absorbenter-til-vaeg-og-loft\/lydabsorberende-skive-med-overflade-af-egetrae\/\" \/>\n<meta property=\"og:locale\" content=\"da_DK\" \/>\n<meta property=\"og:type\" content=\"article\" \/>\n<meta property=\"og:title\" content=\"Lyddempende plate Eik utseende - Norsk Akustikksenter\" \/>\n<meta property=\"og:description\" content=\"Eik utseende - velg mellom to overflater til tak og vegg.Eira Eik har en fin overflate (fiberduk) og passer best i taket, mens Frigg Eik har en mer strukturert overflate (tekstil) med spesielt forseggjort kant forsegling og slagfast overflate som passer best p\u00e5 vegg. Platene er 40 mm tykke og har s\u00e6rdeles god lydabsorbsjon \u2013 lyddemping klasse A.\" \/>\n<meta property=\"og:url\" content=\"https:\/\/www.akustikksenter.no\/da\/butik\/direkte-monterede-absorbenter-til-vaeg-og-loft\/lydabsorberende-skive-med-overflade-af-egetrae\/\" \/>\n<meta property=\"og:site_name\" content=\"Norsk Akustikksenter\" \/>\n<meta property=\"article:publisher\" content=\"https:\/\/www.facebook.com\/Akustikksenter\/\" \/>\n<meta property=\"article:modified_time\" content=\"2026-02-24T12:57:36+00:00\" \/>\n<meta property=\"og:image\" content=\"https:\/\/www.akustikksenter.no\/wp-content\/uploads\/2025\/07\/Produktbilde-Frigg-EIK-1-1-1024x1024.png\" \/>\n\t<meta property=\"og:image:width\" content=\"1024\" \/>\n\t<meta property=\"og:image:height\" content=\"1024\" \/>\n\t<meta property=\"og:image:type\" content=\"image\/png\" \/>\n<meta name=\"twitter:label1\" content=\"Estimeret l\u00e6setid\" \/>\n\t<meta name=\"twitter:data1\" content=\"1 minut\" \/>\n<script type=\"application\/ld+json\" class=\"yoast-schema-graph\">{\"@context\":\"https:\\\/\\\/schema.org\",\"@graph\":[{\"@type\":\"WebPage\",\"@id\":\"https:\\\/\\\/www.akustikksenter.no\\\/butikk\\\/direkte-monterte-absorbenter-vegg-og-tak\\\/lyddempende-plate-eik-overflate\\\/\",\"url\":\"https:\\\/\\\/www.akustikksenter.no\\\/butikk\\\/direkte-monterte-absorbenter-vegg-og-tak\\\/lyddempende-plate-eik-overflate\\\/\",\"name\":\"Lyddempende plate Eik utseende - Norsk Akustikksenter\",\"isPartOf\":{\"@id\":\"https:\\\/\\\/www.akustikksenter.no\\\/#website\"},\"primaryImageOfPage\":{\"@id\":\"https:\\\/\\\/www.akustikksenter.no\\\/butikk\\\/direkte-monterte-absorbenter-vegg-og-tak\\\/lyddempende-plate-eik-overflate\\\/#primaryimage\"},\"image\":{\"@id\":\"https:\\\/\\\/www.akustikksenter.no\\\/butikk\\\/direkte-monterte-absorbenter-vegg-og-tak\\\/lyddempende-plate-eik-overflate\\\/#primaryimage\"},\"thumbnailUrl\":\"https:\\\/\\\/www.akustikksenter.no\\\/wp-content\\\/uploads\\\/2025\\\/07\\\/Produktbilde-Frigg-EIK-1-1.png\",\"datePublished\":\"2025-07-02T11:45:42+00:00\",\"dateModified\":\"2026-02-24T12:57:36+00:00\",\"description\":\"Eik utseende - velg mellom to overflater til tak og vegg.Eira Eik har en fin overflate (fiberduk) og passer best i taket, mens Frigg Eik har en mer strukturert overflate (tekstil) med spesielt forseggjort kant forsegling og slagfast overflate som passer best p\u00e5 vegg. Platene er 40 mm tykke og har s\u00e6rdeles god lydabsorbsjon \u2013 lyddemping klasse A.\",\"breadcrumb\":{\"@id\":\"https:\\\/\\\/www.akustikksenter.no\\\/butikk\\\/direkte-monterte-absorbenter-vegg-og-tak\\\/lyddempende-plate-eik-overflate\\\/#breadcrumb\"},\"inLanguage\":\"da-DK\",\"potentialAction\":[{\"@type\":\"ReadAction\",\"target\":[\"https:\\\/\\\/www.akustikksenter.no\\\/butikk\\\/direkte-monterte-absorbenter-vegg-og-tak\\\/lyddempende-plate-eik-overflate\\\/\"]}]},{\"@type\":\"ImageObject\",\"inLanguage\":\"da-DK\",\"@id\":\"https:\\\/\\\/www.akustikksenter.no\\\/butikk\\\/direkte-monterte-absorbenter-vegg-og-tak\\\/lyddempende-plate-eik-overflate\\\/#primaryimage\",\"url\":\"https:\\\/\\\/www.akustikksenter.no\\\/wp-content\\\/uploads\\\/2025\\\/07\\\/Produktbilde-Frigg-EIK-1-1.png\",\"contentUrl\":\"https:\\\/\\\/www.akustikksenter.no\\\/wp-content\\\/uploads\\\/2025\\\/07\\\/Produktbilde-Frigg-EIK-1-1.png\",\"width\":2101,\"height\":2101},{\"@type\":\"BreadcrumbList\",\"@id\":\"https:\\\/\\\/www.akustikksenter.no\\\/butikk\\\/direkte-monterte-absorbenter-vegg-og-tak\\\/lyddempende-plate-eik-overflate\\\/#breadcrumb\",\"itemListElement\":[{\"@type\":\"ListItem\",\"position\":1,\"name\":\"Hjem\",\"item\":\"https:\\\/\\\/www.akustikksenter.no\\\/\"},{\"@type\":\"ListItem\",\"position\":2,\"name\":\"Nettbutikk\",\"item\":\"https:\\\/\\\/www.akustikksenter.no\\\/nettbutikk\\\/\"},{\"@type\":\"ListItem\",\"position\":3,\"name\":\"Lyddempende plate Eik utseende\"}]},{\"@type\":\"WebSite\",\"@id\":\"https:\\\/\\\/www.akustikksenter.no\\\/#website\",\"url\":\"https:\\\/\\\/www.akustikksenter.no\\\/\",\"name\":\"Norsk Akustikksenter\",\"description\":\"Totalleverand\u00f8r av akustikkl\u00f8sninger\",\"publisher\":{\"@id\":\"https:\\\/\\\/www.akustikksenter.no\\\/#organization\"},\"potentialAction\":[{\"@type\":\"SearchAction\",\"target\":{\"@type\":\"EntryPoint\",\"urlTemplate\":\"https:\\\/\\\/www.akustikksenter.no\\\/?s={search_term_string}\"},\"query-input\":{\"@type\":\"PropertyValueSpecification\",\"valueRequired\":true,\"valueName\":\"search_term_string\"}}],\"inLanguage\":\"da-DK\"},{\"@type\":\"Organization\",\"@id\":\"https:\\\/\\\/www.akustikksenter.no\\\/#organization\",\"name\":\"Norsk Akustikksenter\",\"alternateName\":\"Akustikksenter\",\"url\":\"https:\\\/\\\/www.akustikksenter.no\\\/\",\"logo\":{\"@type\":\"ImageObject\",\"inLanguage\":\"da-DK\",\"@id\":\"https:\\\/\\\/www.akustikksenter.no\\\/#\\\/schema\\\/logo\\\/image\\\/\",\"url\":\"https:\\\/\\\/www.akustikksenter.no\\\/wp-content\\\/uploads\\\/2018\\\/02\\\/Norsk-Akkustikksenter_nyLogo_payoff-3-e1518606723632.png\",\"contentUrl\":\"https:\\\/\\\/www.akustikksenter.no\\\/wp-content\\\/uploads\\\/2018\\\/02\\\/Norsk-Akkustikksenter_nyLogo_payoff-3-e1518606723632.png\",\"width\":232,\"height\":93,\"caption\":\"Norsk Akustikksenter\"},\"image\":{\"@id\":\"https:\\\/\\\/www.akustikksenter.no\\\/#\\\/schema\\\/logo\\\/image\\\/\"},\"sameAs\":[\"https:\\\/\\\/www.facebook.com\\\/Akustikksenter\\\/\",\"https:\\\/\\\/www.pinterest.com\\\/akustikksenter\\\/\",\"https:\\\/\\\/www.instagram.com\\\/akustikksenter_norway\\\/\",\"https:\\\/\\\/no.linkedin.com\\\/company\\\/norsk-akustikksenter-as\"]}]}<\/script>\n<!-- \/ Yoast SEO plugin. -->","yoast_head_json":{"title":"Lydabsorberende panel i egetr\u00e6slook - Norsk Akustikcenter","description":"Eira Oak har en fin overflade (ikke-v\u00e6vet) og egner sig bedst til lofter, mens Frigg Oak har en mere struktureret overflade (tekstil) med en s\u00e6rlig detaljeret kantforsegling og slagfast overflade, der egner sig bedst til v\u00e6gge. Pladerne er 40 mm tykke og har en meget god lydabsorption - lydabsorptionsklasse A.","robots":{"index":"index","follow":"follow","max-snippet":"max-snippet:-1","max-image-preview":"max-image-preview:large","max-video-preview":"max-video-preview:-1"},"canonical":"https:\/\/www.akustikksenter.no\/da\/butik\/direkte-monterede-absorbenter-til-vaeg-og-loft\/lydabsorberende-skive-med-overflade-af-egetrae\/","og_locale":"da_DK","og_type":"article","og_title":"Lyddempende plate Eik utseende - Norsk Akustikksenter","og_description":"Eik utseende - velg mellom to overflater til tak og vegg.Eira Eik har en fin overflate (fiberduk) og passer best i taket, mens Frigg Eik har en mer strukturert overflate (tekstil) med spesielt forseggjort kant forsegling og slagfast overflate som passer best p\u00e5 vegg. Platene er 40 mm tykke og har s\u00e6rdeles god lydabsorbsjon \u2013 lyddemping klasse A.","og_url":"https:\/\/www.akustikksenter.no\/da\/butik\/direkte-monterede-absorbenter-til-vaeg-og-loft\/lydabsorberende-skive-med-overflade-af-egetrae\/","og_site_name":"Norsk Akustikksenter","article_publisher":"https:\/\/www.facebook.com\/Akustikksenter\/","article_modified_time":"2026-02-24T12:57:36+00:00","og_image":[{"width":1024,"height":1024,"url":"https:\/\/www.akustikksenter.no\/wp-content\/uploads\/2025\/07\/Produktbilde-Frigg-EIK-1-1-1024x1024.png","type":"image\/png"}],"twitter_misc":{"Estimeret l\u00e6setid":"1 minut"},"schema":{"@context":"https:\/\/schema.org","@graph":[{"@type":"WebPage","@id":"https:\/\/www.akustikksenter.no\/butikk\/direkte-monterte-absorbenter-vegg-og-tak\/lyddempende-plate-eik-overflate\/","url":"https:\/\/www.akustikksenter.no\/butikk\/direkte-monterte-absorbenter-vegg-og-tak\/lyddempende-plate-eik-overflate\/","name":"Lydabsorberende panel i egetr\u00e6slook - Norsk Akustikcenter","isPartOf":{"@id":"https:\/\/www.akustikksenter.no\/#website"},"primaryImageOfPage":{"@id":"https:\/\/www.akustikksenter.no\/butikk\/direkte-monterte-absorbenter-vegg-og-tak\/lyddempende-plate-eik-overflate\/#primaryimage"},"image":{"@id":"https:\/\/www.akustikksenter.no\/butikk\/direkte-monterte-absorbenter-vegg-og-tak\/lyddempende-plate-eik-overflate\/#primaryimage"},"thumbnailUrl":"https:\/\/www.akustikksenter.no\/wp-content\/uploads\/2025\/07\/Produktbilde-Frigg-EIK-1-1.png","datePublished":"2025-07-02T11:45:42+00:00","dateModified":"2026-02-24T12:57:36+00:00","description":"Eira Oak har en fin overflade (ikke-v\u00e6vet) og egner sig bedst til lofter, mens Frigg Oak har en mere struktureret overflade (tekstil) med en s\u00e6rlig detaljeret kantforsegling og slagfast overflade, der egner sig bedst til v\u00e6gge. Pladerne er 40 mm tykke og har en meget god lydabsorption - lydabsorptionsklasse A.","breadcrumb":{"@id":"https:\/\/www.akustikksenter.no\/butikk\/direkte-monterte-absorbenter-vegg-og-tak\/lyddempende-plate-eik-overflate\/#breadcrumb"},"inLanguage":"da-DK","potentialAction":[{"@type":"ReadAction","target":["https:\/\/www.akustikksenter.no\/butikk\/direkte-monterte-absorbenter-vegg-og-tak\/lyddempende-plate-eik-overflate\/"]}]},{"@type":"ImageObject","inLanguage":"da-DK","@id":"https:\/\/www.akustikksenter.no\/butikk\/direkte-monterte-absorbenter-vegg-og-tak\/lyddempende-plate-eik-overflate\/#primaryimage","url":"https:\/\/www.akustikksenter.no\/wp-content\/uploads\/2025\/07\/Produktbilde-Frigg-EIK-1-1.png","contentUrl":"https:\/\/www.akustikksenter.no\/wp-content\/uploads\/2025\/07\/Produktbilde-Frigg-EIK-1-1.png","width":2101,"height":2101},{"@type":"BreadcrumbList","@id":"https:\/\/www.akustikksenter.no\/butikk\/direkte-monterte-absorbenter-vegg-og-tak\/lyddempende-plate-eik-overflate\/#breadcrumb","itemListElement":[{"@type":"ListItem","position":1,"name":"Hjem","item":"https:\/\/www.akustikksenter.no\/"},{"@type":"ListItem","position":2,"name":"Nettbutikk","item":"https:\/\/www.akustikksenter.no\/nettbutikk\/"},{"@type":"ListItem","position":3,"name":"Lyddempende plate Eik utseende"}]},{"@type":"WebSite","@id":"https:\/\/www.akustikksenter.no\/#website","url":"https:\/\/www.akustikksenter.no\/","name":"Norsk Akustik Center","description":"Totalleverand\u00f8r af akustiske l\u00f8sninger","publisher":{"@id":"https:\/\/www.akustikksenter.no\/#organization"},"potentialAction":[{"@type":"SearchAction","target":{"@type":"EntryPoint","urlTemplate":"https:\/\/www.akustikksenter.no\/?s={search_term_string}"},"query-input":{"@type":"PropertyValueSpecification","valueRequired":true,"valueName":"search_term_string"}}],"inLanguage":"da-DK"},{"@type":"Organization","@id":"https:\/\/www.akustikksenter.no\/#organization","name":"Norsk Akustik Center","alternateName":"Akustikksenter","url":"https:\/\/www.akustikksenter.no\/","logo":{"@type":"ImageObject","inLanguage":"da-DK","@id":"https:\/\/www.akustikksenter.no\/#\/schema\/logo\/image\/","url":"https:\/\/www.akustikksenter.no\/wp-content\/uploads\/2018\/02\/Norsk-Akkustikksenter_nyLogo_payoff-3-e1518606723632.png","contentUrl":"https:\/\/www.akustikksenter.no\/wp-content\/uploads\/2018\/02\/Norsk-Akkustikksenter_nyLogo_payoff-3-e1518606723632.png","width":232,"height":93,"caption":"Norsk Akustikksenter"},"image":{"@id":"https:\/\/www.akustikksenter.no\/#\/schema\/logo\/image\/"},"sameAs":["https:\/\/www.facebook.com\/Akustikksenter\/","https:\/\/www.pinterest.com\/akustikksenter\/","https:\/\/www.instagram.com\/akustikksenter_norway\/","https:\/\/no.linkedin.com\/company\/norsk-akustikksenter-as"]}]}},"_links":{"self":[{"href":"https:\/\/www.akustikksenter.no\/da\/wp-json\/wp\/v2\/product\/13286","targetHints":{"allow":["GET"]}}],"collection":[{"href":"https:\/\/www.akustikksenter.no\/da\/wp-json\/wp\/v2\/product"}],"about":[{"href":"https:\/\/www.akustikksenter.no\/da\/wp-json\/wp\/v2\/types\/product"}],"wp:featuredmedia":[{"embeddable":true,"href":"https:\/\/www.akustikksenter.no\/da\/wp-json\/wp\/v2\/media\/13306"}],"wp:attachment":[{"href":"https:\/\/www.akustikksenter.no\/da\/wp-json\/wp\/v2\/media?parent=13286"}],"wp:term":[{"taxonomy":"kampanje","embeddable":true,"href":"https:\/\/www.akustikksenter.no\/da\/wp-json\/wp\/v2\/kampanje?post=13286"},{"taxonomy":"product_brand","embeddable":true,"href":"https:\/\/www.akustikksenter.no\/da\/wp-json\/wp\/v2\/product_brand?post=13286"},{"taxonomy":"product_cat","embeddable":true,"href":"https:\/\/www.akustikksenter.no\/da\/wp-json\/wp\/v2\/product_cat?post=13286"},{"taxonomy":"product_tag","embeddable":true,"href":"https:\/\/www.akustikksenter.no\/da\/wp-json\/wp\/v2\/product_tag?post=13286"}],"curies":[{"name":"wp","href":"https:\/\/api.w.org\/{rel}","templated":true}]}}