{"id":13776,"date":"2025-10-29T11:48:33","date_gmt":"2025-10-29T10:48:33","guid":{"rendered":"https:\/\/www.akustikksenter.no\/?post_type=product&#038;p=13776"},"modified":"2026-02-24T13:54:21","modified_gmt":"2026-02-24T12:54:21","slug":"eira-40mm-hvid-lyddaempende-skive","status":"publish","type":"product","link":"https:\/\/www.akustikksenter.no\/da\/butikk\/direkte-monterte-absorbenter-vegg-og-tak\/eira-40mm-hvit-lyddempende-plate\/","title":{"rendered":"Eira\u2122 40mm Hvid - lydabsorberende skive"},"content":{"rendered":"<p><img loading=\"lazy\" decoding=\"async\" class=\"alignnone wp-image-5130\" src=\"https:\/\/www.akustikksenter.no\/wp-content\/uploads\/2018\/11\/klasse_A-150x150.png\" alt=\"\" width=\"57\" height=\"57\" \/><br \/>\nFlisen er 40 mm og er specielt udviklet til montering direkte p\u00e5 loft eller v\u00e6g. Pladen har en traditionel finstruktureret (silkemat) overflade med en s\u00e6rlig detaljeret kantforsegling.  Pladen har en fremragende lydabsorption og er meget lydabsorberende. Med h\u00f8j lysrefleksion er den derfor meget velegnet til de fleste typer rum; i parcelhuse, lydstudier, kontor- og undervisningsmilj\u00f8er, b\u00f8rnehaver, multirum, kantiner og generelt rum med meget st\u00f8j.<\/p>\n<p><strong>Husk at bestille fastg\u00f8relseselementer.<\/strong><\/p>\n<p><strong>Montering.<\/strong> Monteres\/limes direkte p\u00e5 loft eller v\u00e6g. Fastg\u00f8res med lim. Du skal bruge 1 patron til 2 m2 absorberende materiale. <a href=\"https:\/\/www.akustikksenter.no\/da\/butik\/installation-og-fastgorelse\/montagelim-med-hoj-klaebeevne\/\">Lim til tag<\/a>\u00a0 og\u00a0<a href=\"https:\/\/www.akustikksenter.no\/da\/butik\/installation-og-fastgorelse\/fix-alle-x-treme\/\">Kl\u00e6ber til v\u00e6gge og skr\u00e5 tage<\/a><\/p>\n<p><strong>St\u00f8rrelser.\u00a0<\/strong>Standardst\u00f8rrelser og -farver p\u00e5 lager. Specialst\u00f8rrelser kan bestilles. Hvis du \u00f8nsker specialfarver, anbefaler vi produktet Loke\u212240 mm, fordi overfladestoffet er mere velegnet til indfarvning af din egen valgte farvekode.<\/p>\n<p><strong>Farver.\u00a0<\/strong>Standardfarverne er hvid (NCS S 0502-R50B) og mat. <a href=\"https:\/\/www.akustikksenter.no\/da\/butik\/direkte-monterede-absorbenter-til-vaeg-og-loft\/eira-40-mm-lyddaempende-plade\/\">helt sort<\/a> med den n\u00e6rmeste farvekode RAL 9017 (trafiksort). Specialfarver kan bestilles (minimumsm\u00e6ngde er 100 m2).<\/p>\n<p><strong>Brandklasse\u00a0<\/strong>A2-s1, d0, i henhold til EN 13501-1<\/p>\n<p><strong>Produktet er M1-certificeret.<\/strong> Det betyder, at produktet er blevet testet og opfylder de strengeste internationale krav til emissioner og ikke-brug af giftige komponenter. Der er s\u00e6rlige krav til akustiske produkter, som skal opfyldes for at opn\u00e5 M1-certificering.<\/p>\n<p><strong>Isolerende egenskaber.<\/strong>\u00a0Absorberne har meget gode isoleringsegenskaber. Laboratorietestet i overensstemmelse med g\u00e6ldende regler. Termisk varmeledningsevne \/ Lambda-v\u00e6rdi = 0,033 W\/(m-K). Termisk varmemodstand = 1,191 (m2-K)\/W.<\/p>\n<p><strong>EPD<\/strong> (Milj\u00f8m\u00e6ssig produktdeklaration). Produktet har gennemf\u00f8rt LCA-rapporten (Life Cycle Assessment) og modtaget EPD-certifikatet (Environmental Product Declaration).<\/p>\n<p><strong>Reng\u00f8ring og vedligeholdelse<\/strong>. Disken har en overflade, der g\u00f8r det nemt at st\u00f8ve af og st\u00f8vsuge. Hvis skiven males over, vil den miste sine egenskaber.<\/p>\n<p>&nbsp;<\/p>","protected":false},"excerpt":{"rendered":"<div class=\"woocommerce-product-details__short-description\">\n<p>Meget god lydabsorption - lydd\u00e6mpning, klasse A.  Specielt udviklet til direkte loft- eller v\u00e6gmontering. Standardfarverne er hvid\/mat <a href=\"https:\/\/www.akustikksenter.no\/da\/butik\/direkte-monterede-absorbenter-til-vaeg-og-loft\/eira-40-mm-lyddaempende-plade\/\">helt sort<\/a>.<\/p>\n<p>Gr\u00f8n produktion, h\u00f8j kvalitet og lang levetid g\u00f8r produktet meget b\u00e6redygtigt.<\/p>\n<\/div>","protected":false},"featured_media":2718,"template":"","meta":{"_acf_changed":false},"kampanje":[],"product_brand":[],"product_cat":[18],"product_tag":[290,330,331,332,333,327,334,289,291],"class_list":{"0":"post-13776","1":"product","2":"type-product","3":"status-publish","4":"has-post-thumbnail","6":"product_cat-direkte-monterte-absorbenter-vegg-og-tak","7":"product_tag-direktemontert","8":"product_tag-hotell-restaurant-og-uteliv","9":"product_tag-idrettshaller-og-treningssenter","10":"product_tag-industri-kjopesenter-og-butikk","11":"product_tag-kontor-moterom-og-kantine","12":"product_tag-privat-bolig","13":"product_tag-skoler-og-barnehager","14":"product_tag-tak","15":"product_tag-vegg","16":"pa_farge-hvit","17":"pa_farge-svart","18":"pa_storrelse_type-vnr-86001blk-200x600x40mm-24-stk-288-m2","19":"pa_storrelse_type-vnr-86002blk-600x600x40mm-8stk-288m","20":"pa_storrelse_type-vnr-86003blk-600x1200x40mm-6stk-432m","21":"pa_storrelse_type-vnr-86005blk-400x600x40mm-12stk-288m","22":"pa_storrelse_type-vnr-86007blk-300x600x40mm-16stk-288m","23":"pa_storrelse_type-vnr-86010-600x600x40mm-8stk-288m","25":"first","26":"instock","27":"featured","28":"taxable","29":"shipping-taxable","30":"purchasable","31":"product-type-variable","32":"has-default-attributes"},"acf":[],"yoast_head":"<!-- This site is optimized with the Yoast SEO plugin v27.3 - https:\/\/yoast.com\/product\/yoast-seo-wordpress\/ -->\n<title>Eira\u2122 40mm Hvit - lyddempende plate - Norsk Akustikksenter<\/title>\n<meta name=\"description\" content=\"S\u00e6rdeles god lydabsorbsjon. Lyddemping klasse A. Platen er 40 mm og utviklet spesielt til montasje direkte i tak eller p\u00e5 vegg. Standardfarger er hvit og matt helsvart. M1 og EPD Sertifikat.\" \/>\n<meta name=\"robots\" content=\"index, follow, max-snippet:-1, max-image-preview:large, max-video-preview:-1\" \/>\n<link rel=\"canonical\" href=\"https:\/\/www.akustikksenter.no\/da\/butik\/direkte-monterede-absorbenter-til-vaeg-og-loft\/eira-40mm-hvid-lyddaempende-skive\/\" \/>\n<meta property=\"og:locale\" content=\"da_DK\" \/>\n<meta property=\"og:type\" content=\"article\" \/>\n<meta property=\"og:title\" content=\"Eira\u2122 40mm Hvit - lyddempende plate - Norsk Akustikksenter\" \/>\n<meta property=\"og:description\" content=\"S\u00e6rdeles god lydabsorbsjon. Lyddemping klasse A. Platen er 40 mm og utviklet spesielt til montasje direkte i tak eller p\u00e5 vegg. Standardfarger er hvit og matt helsvart. M1 og EPD Sertifikat.\" \/>\n<meta property=\"og:url\" content=\"https:\/\/www.akustikksenter.no\/da\/butik\/direkte-monterede-absorbenter-til-vaeg-og-loft\/eira-40mm-hvid-lyddaempende-skive\/\" \/>\n<meta property=\"og:site_name\" content=\"Norsk Akustikksenter\" \/>\n<meta property=\"article:publisher\" content=\"https:\/\/www.facebook.com\/Akustikksenter\/\" \/>\n<meta property=\"article:modified_time\" content=\"2026-02-24T12:54:21+00:00\" \/>\n<meta property=\"og:image\" content=\"https:\/\/www.akustikksenter.no\/wp-content\/uploads\/2016\/06\/Eira40_hvit.jpg\" \/>\n\t<meta property=\"og:image:width\" content=\"1800\" \/>\n\t<meta property=\"og:image:height\" content=\"1251\" \/>\n\t<meta property=\"og:image:type\" content=\"image\/jpeg\" \/>\n<meta name=\"twitter:label1\" content=\"Estimeret l\u00e6setid\" \/>\n\t<meta name=\"twitter:data1\" content=\"1 minut\" \/>\n<script type=\"application\/ld+json\" class=\"yoast-schema-graph\">{\"@context\":\"https:\\\/\\\/schema.org\",\"@graph\":[{\"@type\":\"WebPage\",\"@id\":\"https:\\\/\\\/www.akustikksenter.no\\\/butikk\\\/direkte-monterte-absorbenter-vegg-og-tak\\\/eira-40mm-hvit-lyddempende-plate\\\/\",\"url\":\"https:\\\/\\\/www.akustikksenter.no\\\/butikk\\\/direkte-monterte-absorbenter-vegg-og-tak\\\/eira-40mm-hvit-lyddempende-plate\\\/\",\"name\":\"Eira\u2122 40mm Hvit - lyddempende plate - Norsk Akustikksenter\",\"isPartOf\":{\"@id\":\"https:\\\/\\\/www.akustikksenter.no\\\/#website\"},\"primaryImageOfPage\":{\"@id\":\"https:\\\/\\\/www.akustikksenter.no\\\/butikk\\\/direkte-monterte-absorbenter-vegg-og-tak\\\/eira-40mm-hvit-lyddempende-plate\\\/#primaryimage\"},\"image\":{\"@id\":\"https:\\\/\\\/www.akustikksenter.no\\\/butikk\\\/direkte-monterte-absorbenter-vegg-og-tak\\\/eira-40mm-hvit-lyddempende-plate\\\/#primaryimage\"},\"thumbnailUrl\":\"https:\\\/\\\/www.akustikksenter.no\\\/wp-content\\\/uploads\\\/2016\\\/06\\\/Eira40_hvit.jpg\",\"datePublished\":\"2025-10-29T10:48:33+00:00\",\"dateModified\":\"2026-02-24T12:54:21+00:00\",\"description\":\"S\u00e6rdeles god lydabsorbsjon. Lyddemping klasse A. Platen er 40 mm og utviklet spesielt til montasje direkte i tak eller p\u00e5 vegg. Standardfarger er hvit og matt helsvart. M1 og EPD Sertifikat.\",\"breadcrumb\":{\"@id\":\"https:\\\/\\\/www.akustikksenter.no\\\/butikk\\\/direkte-monterte-absorbenter-vegg-og-tak\\\/eira-40mm-hvit-lyddempende-plate\\\/#breadcrumb\"},\"inLanguage\":\"da-DK\",\"potentialAction\":[{\"@type\":\"ReadAction\",\"target\":[\"https:\\\/\\\/www.akustikksenter.no\\\/butikk\\\/direkte-monterte-absorbenter-vegg-og-tak\\\/eira-40mm-hvit-lyddempende-plate\\\/\"]}]},{\"@type\":\"ImageObject\",\"inLanguage\":\"da-DK\",\"@id\":\"https:\\\/\\\/www.akustikksenter.no\\\/butikk\\\/direkte-monterte-absorbenter-vegg-og-tak\\\/eira-40mm-hvit-lyddempende-plate\\\/#primaryimage\",\"url\":\"https:\\\/\\\/www.akustikksenter.no\\\/wp-content\\\/uploads\\\/2016\\\/06\\\/Eira40_hvit.jpg\",\"contentUrl\":\"https:\\\/\\\/www.akustikksenter.no\\\/wp-content\\\/uploads\\\/2016\\\/06\\\/Eira40_hvit.jpg\",\"width\":1800,\"height\":1251},{\"@type\":\"BreadcrumbList\",\"@id\":\"https:\\\/\\\/www.akustikksenter.no\\\/butikk\\\/direkte-monterte-absorbenter-vegg-og-tak\\\/eira-40mm-hvit-lyddempende-plate\\\/#breadcrumb\",\"itemListElement\":[{\"@type\":\"ListItem\",\"position\":1,\"name\":\"Hjem\",\"item\":\"https:\\\/\\\/www.akustikksenter.no\\\/\"},{\"@type\":\"ListItem\",\"position\":2,\"name\":\"Nettbutikk\",\"item\":\"https:\\\/\\\/www.akustikksenter.no\\\/nettbutikk\\\/\"},{\"@type\":\"ListItem\",\"position\":3,\"name\":\"Eira\u2122 40mm Hvit &#8211; lyddempende plate\"}]},{\"@type\":\"WebSite\",\"@id\":\"https:\\\/\\\/www.akustikksenter.no\\\/#website\",\"url\":\"https:\\\/\\\/www.akustikksenter.no\\\/\",\"name\":\"Norsk Akustikksenter\",\"description\":\"Totalleverand\u00f8r av akustikkl\u00f8sninger\",\"publisher\":{\"@id\":\"https:\\\/\\\/www.akustikksenter.no\\\/#organization\"},\"potentialAction\":[{\"@type\":\"SearchAction\",\"target\":{\"@type\":\"EntryPoint\",\"urlTemplate\":\"https:\\\/\\\/www.akustikksenter.no\\\/?s={search_term_string}\"},\"query-input\":{\"@type\":\"PropertyValueSpecification\",\"valueRequired\":true,\"valueName\":\"search_term_string\"}}],\"inLanguage\":\"da-DK\"},{\"@type\":\"Organization\",\"@id\":\"https:\\\/\\\/www.akustikksenter.no\\\/#organization\",\"name\":\"Norsk Akustikksenter\",\"alternateName\":\"Akustikksenter\",\"url\":\"https:\\\/\\\/www.akustikksenter.no\\\/\",\"logo\":{\"@type\":\"ImageObject\",\"inLanguage\":\"da-DK\",\"@id\":\"https:\\\/\\\/www.akustikksenter.no\\\/#\\\/schema\\\/logo\\\/image\\\/\",\"url\":\"https:\\\/\\\/www.akustikksenter.no\\\/wp-content\\\/uploads\\\/2018\\\/02\\\/Norsk-Akkustikksenter_nyLogo_payoff-3-e1518606723632.png\",\"contentUrl\":\"https:\\\/\\\/www.akustikksenter.no\\\/wp-content\\\/uploads\\\/2018\\\/02\\\/Norsk-Akkustikksenter_nyLogo_payoff-3-e1518606723632.png\",\"width\":232,\"height\":93,\"caption\":\"Norsk Akustikksenter\"},\"image\":{\"@id\":\"https:\\\/\\\/www.akustikksenter.no\\\/#\\\/schema\\\/logo\\\/image\\\/\"},\"sameAs\":[\"https:\\\/\\\/www.facebook.com\\\/Akustikksenter\\\/\",\"https:\\\/\\\/www.pinterest.com\\\/akustikksenter\\\/\",\"https:\\\/\\\/www.instagram.com\\\/akustikksenter_norway\\\/\",\"https:\\\/\\\/no.linkedin.com\\\/company\\\/norsk-akustikksenter-as\"]}]}<\/script>\n<!-- \/ Yoast SEO plugin. -->","yoast_head_json":{"title":"Eira\u2122 40mm Hvid - lydabsorberende panel - Norsk Akustik Center","description":"Ekstremt god lydabsorption. Lydd\u00e6mpningsklasse A. Panelet er 40 mm og er specielt udviklet til montering direkte p\u00e5 lofter eller v\u00e6gge. Standardfarverne er hvid og mat helsort. M1- og EPD-certifikat.","robots":{"index":"index","follow":"follow","max-snippet":"max-snippet:-1","max-image-preview":"max-image-preview:large","max-video-preview":"max-video-preview:-1"},"canonical":"https:\/\/www.akustikksenter.no\/da\/butik\/direkte-monterede-absorbenter-til-vaeg-og-loft\/eira-40mm-hvid-lyddaempende-skive\/","og_locale":"da_DK","og_type":"article","og_title":"Eira\u2122 40mm Hvit - lyddempende plate - Norsk Akustikksenter","og_description":"S\u00e6rdeles god lydabsorbsjon. Lyddemping klasse A. Platen er 40 mm og utviklet spesielt til montasje direkte i tak eller p\u00e5 vegg. Standardfarger er hvit og matt helsvart. M1 og EPD Sertifikat.","og_url":"https:\/\/www.akustikksenter.no\/da\/butik\/direkte-monterede-absorbenter-til-vaeg-og-loft\/eira-40mm-hvid-lyddaempende-skive\/","og_site_name":"Norsk Akustikksenter","article_publisher":"https:\/\/www.facebook.com\/Akustikksenter\/","article_modified_time":"2026-02-24T12:54:21+00:00","og_image":[{"width":1800,"height":1251,"url":"https:\/\/www.akustikksenter.no\/wp-content\/uploads\/2016\/06\/Eira40_hvit.jpg","type":"image\/jpeg"}],"twitter_misc":{"Estimeret l\u00e6setid":"1 minut"},"schema":{"@context":"https:\/\/schema.org","@graph":[{"@type":"WebPage","@id":"https:\/\/www.akustikksenter.no\/butikk\/direkte-monterte-absorbenter-vegg-og-tak\/eira-40mm-hvit-lyddempende-plate\/","url":"https:\/\/www.akustikksenter.no\/butikk\/direkte-monterte-absorbenter-vegg-og-tak\/eira-40mm-hvit-lyddempende-plate\/","name":"Eira\u2122 40mm Hvid - lydabsorberende panel - Norsk Akustik Center","isPartOf":{"@id":"https:\/\/www.akustikksenter.no\/#website"},"primaryImageOfPage":{"@id":"https:\/\/www.akustikksenter.no\/butikk\/direkte-monterte-absorbenter-vegg-og-tak\/eira-40mm-hvit-lyddempende-plate\/#primaryimage"},"image":{"@id":"https:\/\/www.akustikksenter.no\/butikk\/direkte-monterte-absorbenter-vegg-og-tak\/eira-40mm-hvit-lyddempende-plate\/#primaryimage"},"thumbnailUrl":"https:\/\/www.akustikksenter.no\/wp-content\/uploads\/2016\/06\/Eira40_hvit.jpg","datePublished":"2025-10-29T10:48:33+00:00","dateModified":"2026-02-24T12:54:21+00:00","description":"Ekstremt god lydabsorption. Lydd\u00e6mpningsklasse A. Panelet er 40 mm og er specielt udviklet til montering direkte p\u00e5 lofter eller v\u00e6gge. Standardfarverne er hvid og mat helsort. M1- og EPD-certifikat.","breadcrumb":{"@id":"https:\/\/www.akustikksenter.no\/butikk\/direkte-monterte-absorbenter-vegg-og-tak\/eira-40mm-hvit-lyddempende-plate\/#breadcrumb"},"inLanguage":"da-DK","potentialAction":[{"@type":"ReadAction","target":["https:\/\/www.akustikksenter.no\/butikk\/direkte-monterte-absorbenter-vegg-og-tak\/eira-40mm-hvit-lyddempende-plate\/"]}]},{"@type":"ImageObject","inLanguage":"da-DK","@id":"https:\/\/www.akustikksenter.no\/butikk\/direkte-monterte-absorbenter-vegg-og-tak\/eira-40mm-hvit-lyddempende-plate\/#primaryimage","url":"https:\/\/www.akustikksenter.no\/wp-content\/uploads\/2016\/06\/Eira40_hvit.jpg","contentUrl":"https:\/\/www.akustikksenter.no\/wp-content\/uploads\/2016\/06\/Eira40_hvit.jpg","width":1800,"height":1251},{"@type":"BreadcrumbList","@id":"https:\/\/www.akustikksenter.no\/butikk\/direkte-monterte-absorbenter-vegg-og-tak\/eira-40mm-hvit-lyddempende-plate\/#breadcrumb","itemListElement":[{"@type":"ListItem","position":1,"name":"Hjem","item":"https:\/\/www.akustikksenter.no\/"},{"@type":"ListItem","position":2,"name":"Nettbutikk","item":"https:\/\/www.akustikksenter.no\/nettbutikk\/"},{"@type":"ListItem","position":3,"name":"Eira\u2122 40mm Hvit &#8211; lyddempende plate"}]},{"@type":"WebSite","@id":"https:\/\/www.akustikksenter.no\/#website","url":"https:\/\/www.akustikksenter.no\/","name":"Norsk Akustik Center","description":"Totalleverand\u00f8r af akustiske l\u00f8sninger","publisher":{"@id":"https:\/\/www.akustikksenter.no\/#organization"},"potentialAction":[{"@type":"SearchAction","target":{"@type":"EntryPoint","urlTemplate":"https:\/\/www.akustikksenter.no\/?s={search_term_string}"},"query-input":{"@type":"PropertyValueSpecification","valueRequired":true,"valueName":"search_term_string"}}],"inLanguage":"da-DK"},{"@type":"Organization","@id":"https:\/\/www.akustikksenter.no\/#organization","name":"Norsk Akustik Center","alternateName":"Akustikksenter","url":"https:\/\/www.akustikksenter.no\/","logo":{"@type":"ImageObject","inLanguage":"da-DK","@id":"https:\/\/www.akustikksenter.no\/#\/schema\/logo\/image\/","url":"https:\/\/www.akustikksenter.no\/wp-content\/uploads\/2018\/02\/Norsk-Akkustikksenter_nyLogo_payoff-3-e1518606723632.png","contentUrl":"https:\/\/www.akustikksenter.no\/wp-content\/uploads\/2018\/02\/Norsk-Akkustikksenter_nyLogo_payoff-3-e1518606723632.png","width":232,"height":93,"caption":"Norsk Akustikksenter"},"image":{"@id":"https:\/\/www.akustikksenter.no\/#\/schema\/logo\/image\/"},"sameAs":["https:\/\/www.facebook.com\/Akustikksenter\/","https:\/\/www.pinterest.com\/akustikksenter\/","https:\/\/www.instagram.com\/akustikksenter_norway\/","https:\/\/no.linkedin.com\/company\/norsk-akustikksenter-as"]}]}},"_links":{"self":[{"href":"https:\/\/www.akustikksenter.no\/da\/wp-json\/wp\/v2\/product\/13776","targetHints":{"allow":["GET"]}}],"collection":[{"href":"https:\/\/www.akustikksenter.no\/da\/wp-json\/wp\/v2\/product"}],"about":[{"href":"https:\/\/www.akustikksenter.no\/da\/wp-json\/wp\/v2\/types\/product"}],"wp:featuredmedia":[{"embeddable":true,"href":"https:\/\/www.akustikksenter.no\/da\/wp-json\/wp\/v2\/media\/2718"}],"wp:attachment":[{"href":"https:\/\/www.akustikksenter.no\/da\/wp-json\/wp\/v2\/media?parent=13776"}],"wp:term":[{"taxonomy":"kampanje","embeddable":true,"href":"https:\/\/www.akustikksenter.no\/da\/wp-json\/wp\/v2\/kampanje?post=13776"},{"taxonomy":"product_brand","embeddable":true,"href":"https:\/\/www.akustikksenter.no\/da\/wp-json\/wp\/v2\/product_brand?post=13776"},{"taxonomy":"product_cat","embeddable":true,"href":"https:\/\/www.akustikksenter.no\/da\/wp-json\/wp\/v2\/product_cat?post=13776"},{"taxonomy":"product_tag","embeddable":true,"href":"https:\/\/www.akustikksenter.no\/da\/wp-json\/wp\/v2\/product_tag?post=13776"}],"curies":[{"name":"wp","href":"https:\/\/api.w.org\/{rel}","templated":true}]}}