{"id":13785,"date":"2025-10-29T11:59:48","date_gmt":"2025-10-29T10:59:48","guid":{"rendered":"https:\/\/www.akustikksenter.no\/?post_type=product&#038;p=13785"},"modified":"2026-02-02T10:28:16","modified_gmt":"2026-02-02T09:28:16","slug":"loke-40mm-gra-lyddaempende-skive","status":"publish","type":"product","link":"https:\/\/www.akustikksenter.no\/da\/butikk\/direkte-monterte-absorbenter-vegg-og-tak\/loke-40mm-gra-lyddempende-plate\/","title":{"rendered":"Loke\u2122 40 mm gr\u00e5 - lydabsorberende skive"},"content":{"rendered":"<p><img loading=\"lazy\" decoding=\"async\" class=\"alignnone wp-image-5130\" src=\"https:\/\/www.akustikksenter.no\/wp-content\/uploads\/2018\/11\/klasse_A-150x150.png\" alt=\"\" width=\"57\" height=\"57\" \/><\/p>\n<p>Panelet er 40 mm og har en traditionel struktureret overflade med en specielt udformet kantforsegling.  Pladen har en fremragende lydabsorption og er meget lydabsorberende. Panelet har ogs\u00e5 en bel\u00e6gning p\u00e5 overfladen, der g\u00f8r det lettere at vedligeholde og giver det en lang levetid sammenlignet med mere traditionelle absorbenter p\u00e5 markedet. Det g\u00f8r produktet meget b\u00e6redygtigt og milj\u00f8venligt. Med sin h\u00f8je lysrefleksion er den derfor meget velegnet til de fleste typer rum; i parcelhuse, lydstudier, kontor- og undervisningsmilj\u00f8er, b\u00f8rnehaver, multifunktionsrum, kantiner og generelt rum med meget st\u00f8j.<\/p>\n<p><strong>Husk at bestille fastg\u00f8relseselementer.<\/strong><\/p>\n<p>Panelet monteres\/limes direkte p\u00e5 loftet eller v\u00e6ggen. Fastg\u00f8res med lim. Du skal bruge 1 patron til 2 m2 absorberende materiale.\u00a0<a href=\"https:\/\/www.akustikksenter.no\/da\/butik\/installation-og-fastgorelse\/montagelim-med-hoj-klaebeevne\/\">Lim til tag<\/a>\u00a0 og\u00a0<a href=\"https:\/\/www.akustikksenter.no\/da\/butik\/installation-og-fastgorelse\/fix-alle-x-treme\/\">Kl\u00e6ber til v\u00e6gge og skr\u00e5 tage<\/a><\/p>\n<p><strong>St\u00f8rrelser. <\/strong>Standardst\u00f8rrelser og -farver p\u00e5 lager. Specialst\u00f8rrelser og -farver kan bestilles.<\/p>\n<p><strong>Farver. <\/strong>Standardfarverne er <a href=\"https:\/\/www.akustikksenter.no\/da\/butik\/direkte-monterede-absorbenter-til-vaeg-og-loft\/loke-40mm\/\">hvid<\/a> (NCS 0502-Y) og gr\u00e5 (RAL 7037). Specialfarver kan bestilles (minimumsm\u00e6ngde er 100 m2).<\/p>\n<p><strong>Brandklasse <\/strong>A2-s1, d0, i henhold til EN 13501-1<\/p>\n<p><strong>Produktet er M1-certificeret.<\/strong> Det betyder, at produktet er blevet testet og opfylder de strengeste internationale krav til emissioner og ikke-brug af giftige komponenter. Der er s\u00e6rlige krav til akustiske produkter, som skal opfyldes for at opn\u00e5 M1-certificering.<\/p>\n<p>Isolerende egenskaber. Absorberne har meget gode isolerende egenskaber. Laboratorietestet i overensstemmelse med g\u00e6ldende regler. Termisk varmeledningsevne \/ Lambda-v\u00e6rdi = 0,033W\/(m-K). Termisk varmemodstand = 1,191 (m2-K)\/W.<\/p>\n<p>EPD (milj\u00f8m\u00e6ssig produktdeklaration). Produktet har gennemf\u00f8rt LCA-rapporten (Life Cycle Assessment) og modtaget EPD-certifikatet (Environmental Product Declaration).<\/p>\n<p><strong>Reng\u00f8ring og vedligeholdelse<\/strong>. Pladen har en overflade, der g\u00f8r det muligt at st\u00f8ve af, st\u00f8vsuge og vaske forsigtigt med en let fugtig klud. Hvis pladen males over, vil den miste sine egenskaber.<\/p>","protected":false},"excerpt":{"rendered":"<p>Meget god lydabsorption - lydd\u00e6mpning, klasse A. Panelet er specielt udviklet til montering direkte p\u00e5 loft eller v\u00e6g. Standardfarver: <a href=\"https:\/\/www.akustikksenter.no\/da\/butik\/direkte-monterede-absorbenter-til-vaeg-og-loft\/loke-40mm\/\">hvid<\/a> \/ beton gr\u00e5. Gr\u00f8n produktion, h\u00f8j kvalitet og lang levetid g\u00f8r produktet meget b\u00e6redygtigt.<\/p>\n<p>&nbsp;<\/p>","protected":false},"featured_media":1836,"template":"","meta":{"_acf_changed":false},"kampanje":[],"product_brand":[],"product_cat":[18],"product_tag":[290,330,331,332,333,327,334,289,291],"class_list":{"0":"post-13785","1":"product","2":"type-product","3":"status-publish","4":"has-post-thumbnail","6":"product_cat-direkte-monterte-absorbenter-vegg-og-tak","7":"product_tag-direktemontert","8":"product_tag-hotell-restaurant-og-uteliv","9":"product_tag-idrettshaller-og-treningssenter","10":"product_tag-industri-kjopesenter-og-butikk","11":"product_tag-kontor-moterom-og-kantine","12":"product_tag-privat-bolig","13":"product_tag-skoler-og-barnehager","14":"product_tag-tak","15":"product_tag-vegg","16":"pa_farge-gra","17":"pa_farge-hvit","19":"first","20":"instock","21":"featured","22":"taxable","23":"shipping-taxable","24":"purchasable","25":"product-type-variable","26":"has-default-attributes"},"acf":[],"yoast_head":"<!-- This site is optimized with the Yoast SEO plugin v27.4 - https:\/\/yoast.com\/product\/yoast-seo-wordpress\/ -->\n<title>Loke\u2122 40mm Gr\u00e5 - lyddempende plate - Norsk Akustikksenter<\/title>\n<meta name=\"description\" content=\"S\u00e6rdeles god lydabsorbsjon og h\u00f8y kvalitet. Lyddemping, klasse A. Platen er 40 mm og utviklet spesielt til montasje direkte i tak eller p\u00e5 vegg. CE godkjent med M1 og EPD sertifikat. Lang levetid og lite vedlikehold gj\u00f8r produktet meget b\u00e6rekraftig og milj\u00f8vennlig.\" \/>\n<meta name=\"robots\" content=\"index, follow, max-snippet:-1, max-image-preview:large, max-video-preview:-1\" \/>\n<link rel=\"canonical\" href=\"https:\/\/www.akustikksenter.no\/da\/butik\/direkte-monterede-absorbenter-til-vaeg-og-loft\/loke-40mm-gra-lyddaempende-skive\/\" \/>\n<meta property=\"og:locale\" content=\"da_DK\" \/>\n<meta property=\"og:type\" content=\"article\" \/>\n<meta property=\"og:title\" content=\"Loke\u2122 40mm Gr\u00e5 - lyddempende plate - Norsk Akustikksenter\" \/>\n<meta property=\"og:description\" content=\"S\u00e6rdeles god lydabsorbsjon og h\u00f8y kvalitet. Lyddemping, klasse A. Platen er 40 mm og utviklet spesielt til montasje direkte i tak eller p\u00e5 vegg. CE godkjent med M1 og EPD sertifikat. Lang levetid og lite vedlikehold gj\u00f8r produktet meget b\u00e6rekraftig og milj\u00f8vennlig.\" \/>\n<meta property=\"og:url\" content=\"https:\/\/www.akustikksenter.no\/da\/butik\/direkte-monterede-absorbenter-til-vaeg-og-loft\/loke-40mm-gra-lyddaempende-skive\/\" \/>\n<meta property=\"og:site_name\" content=\"Norsk Akustikksenter\" \/>\n<meta property=\"article:publisher\" content=\"https:\/\/www.facebook.com\/Akustikksenter\/\" \/>\n<meta property=\"article:modified_time\" content=\"2026-02-02T09:28:16+00:00\" \/>\n<meta property=\"og:image\" content=\"https:\/\/www.akustikksenter.no\/wp-content\/uploads\/2015\/04\/86002GRE-loke-b-kant-600x600x40.jpg\" \/>\n\t<meta property=\"og:image:width\" content=\"1400\" \/>\n\t<meta property=\"og:image:height\" content=\"881\" \/>\n\t<meta property=\"og:image:type\" content=\"image\/jpeg\" \/>\n<meta name=\"twitter:label1\" content=\"Estimeret l\u00e6setid\" \/>\n\t<meta name=\"twitter:data1\" content=\"2 minutter\" \/>\n<script type=\"application\/ld+json\" class=\"yoast-schema-graph\">{\"@context\":\"https:\\\/\\\/schema.org\",\"@graph\":[{\"@type\":\"WebPage\",\"@id\":\"https:\\\/\\\/www.akustikksenter.no\\\/butikk\\\/direkte-monterte-absorbenter-vegg-og-tak\\\/loke-40mm-gra-lyddempende-plate\\\/\",\"url\":\"https:\\\/\\\/www.akustikksenter.no\\\/butikk\\\/direkte-monterte-absorbenter-vegg-og-tak\\\/loke-40mm-gra-lyddempende-plate\\\/\",\"name\":\"Loke\u2122 40mm Gr\u00e5 - lyddempende plate - Norsk Akustikksenter\",\"isPartOf\":{\"@id\":\"https:\\\/\\\/www.akustikksenter.no\\\/#website\"},\"primaryImageOfPage\":{\"@id\":\"https:\\\/\\\/www.akustikksenter.no\\\/butikk\\\/direkte-monterte-absorbenter-vegg-og-tak\\\/loke-40mm-gra-lyddempende-plate\\\/#primaryimage\"},\"image\":{\"@id\":\"https:\\\/\\\/www.akustikksenter.no\\\/butikk\\\/direkte-monterte-absorbenter-vegg-og-tak\\\/loke-40mm-gra-lyddempende-plate\\\/#primaryimage\"},\"thumbnailUrl\":\"https:\\\/\\\/www.akustikksenter.no\\\/wp-content\\\/uploads\\\/2015\\\/04\\\/86002GRE-loke-b-kant-600x600x40.jpg\",\"datePublished\":\"2025-10-29T10:59:48+00:00\",\"dateModified\":\"2026-02-02T09:28:16+00:00\",\"description\":\"S\u00e6rdeles god lydabsorbsjon og h\u00f8y kvalitet. Lyddemping, klasse A. Platen er 40 mm og utviklet spesielt til montasje direkte i tak eller p\u00e5 vegg. CE godkjent med M1 og EPD sertifikat. Lang levetid og lite vedlikehold gj\u00f8r produktet meget b\u00e6rekraftig og milj\u00f8vennlig.\",\"breadcrumb\":{\"@id\":\"https:\\\/\\\/www.akustikksenter.no\\\/butikk\\\/direkte-monterte-absorbenter-vegg-og-tak\\\/loke-40mm-gra-lyddempende-plate\\\/#breadcrumb\"},\"inLanguage\":\"da-DK\",\"potentialAction\":[{\"@type\":\"ReadAction\",\"target\":[\"https:\\\/\\\/www.akustikksenter.no\\\/butikk\\\/direkte-monterte-absorbenter-vegg-og-tak\\\/loke-40mm-gra-lyddempende-plate\\\/\"]}]},{\"@type\":\"ImageObject\",\"inLanguage\":\"da-DK\",\"@id\":\"https:\\\/\\\/www.akustikksenter.no\\\/butikk\\\/direkte-monterte-absorbenter-vegg-og-tak\\\/loke-40mm-gra-lyddempende-plate\\\/#primaryimage\",\"url\":\"https:\\\/\\\/www.akustikksenter.no\\\/wp-content\\\/uploads\\\/2015\\\/04\\\/86002GRE-loke-b-kant-600x600x40.jpg\",\"contentUrl\":\"https:\\\/\\\/www.akustikksenter.no\\\/wp-content\\\/uploads\\\/2015\\\/04\\\/86002GRE-loke-b-kant-600x600x40.jpg\",\"width\":1400,\"height\":881},{\"@type\":\"BreadcrumbList\",\"@id\":\"https:\\\/\\\/www.akustikksenter.no\\\/butikk\\\/direkte-monterte-absorbenter-vegg-og-tak\\\/loke-40mm-gra-lyddempende-plate\\\/#breadcrumb\",\"itemListElement\":[{\"@type\":\"ListItem\",\"position\":1,\"name\":\"Hjem\",\"item\":\"https:\\\/\\\/www.akustikksenter.no\\\/\"},{\"@type\":\"ListItem\",\"position\":2,\"name\":\"Nettbutikk\",\"item\":\"https:\\\/\\\/www.akustikksenter.no\\\/nettbutikk\\\/\"},{\"@type\":\"ListItem\",\"position\":3,\"name\":\"Loke\u2122 40mm Gr\u00e5 &#8211; lyddempende plate\"}]},{\"@type\":\"WebSite\",\"@id\":\"https:\\\/\\\/www.akustikksenter.no\\\/#website\",\"url\":\"https:\\\/\\\/www.akustikksenter.no\\\/\",\"name\":\"Norsk Akustikksenter\",\"description\":\"Totalleverand\u00f8r av akustikkl\u00f8sninger\",\"publisher\":{\"@id\":\"https:\\\/\\\/www.akustikksenter.no\\\/#organization\"},\"potentialAction\":[{\"@type\":\"SearchAction\",\"target\":{\"@type\":\"EntryPoint\",\"urlTemplate\":\"https:\\\/\\\/www.akustikksenter.no\\\/?s={search_term_string}\"},\"query-input\":{\"@type\":\"PropertyValueSpecification\",\"valueRequired\":true,\"valueName\":\"search_term_string\"}}],\"inLanguage\":\"da-DK\"},{\"@type\":\"Organization\",\"@id\":\"https:\\\/\\\/www.akustikksenter.no\\\/#organization\",\"name\":\"Norsk Akustikksenter\",\"alternateName\":\"Akustikksenter\",\"url\":\"https:\\\/\\\/www.akustikksenter.no\\\/\",\"logo\":{\"@type\":\"ImageObject\",\"inLanguage\":\"da-DK\",\"@id\":\"https:\\\/\\\/www.akustikksenter.no\\\/#\\\/schema\\\/logo\\\/image\\\/\",\"url\":\"https:\\\/\\\/www.akustikksenter.no\\\/wp-content\\\/uploads\\\/2018\\\/02\\\/Norsk-Akkustikksenter_nyLogo_payoff-3-e1518606723632.png\",\"contentUrl\":\"https:\\\/\\\/www.akustikksenter.no\\\/wp-content\\\/uploads\\\/2018\\\/02\\\/Norsk-Akkustikksenter_nyLogo_payoff-3-e1518606723632.png\",\"width\":232,\"height\":93,\"caption\":\"Norsk Akustikksenter\"},\"image\":{\"@id\":\"https:\\\/\\\/www.akustikksenter.no\\\/#\\\/schema\\\/logo\\\/image\\\/\"},\"sameAs\":[\"https:\\\/\\\/www.facebook.com\\\/Akustikksenter\\\/\",\"https:\\\/\\\/www.pinterest.com\\\/akustikksenter\\\/\",\"https:\\\/\\\/www.instagram.com\\\/akustikksenter_norway\\\/\",\"https:\\\/\\\/no.linkedin.com\\\/company\\\/norsk-akustikksenter-as\"]}]}<\/script>\n<!-- \/ Yoast SEO plugin. -->","yoast_head_json":{"title":"Loke\u2122 40mm Grey - lydabsorberende panel - Norsk Akustikcenter","description":"Ekstremt god lydabsorption og h\u00f8j kvalitet. Lydabsorption, klasse A. Panelet er 40 mm og designet specielt til installation direkte i lofter eller p\u00e5 v\u00e6gge. CE-godkendt med M1- og EPD-certifikat. Lang levetid og lav vedligeholdelse g\u00f8r produktet meget b\u00e6redygtigt og milj\u00f8venligt.","robots":{"index":"index","follow":"follow","max-snippet":"max-snippet:-1","max-image-preview":"max-image-preview:large","max-video-preview":"max-video-preview:-1"},"canonical":"https:\/\/www.akustikksenter.no\/da\/butik\/direkte-monterede-absorbenter-til-vaeg-og-loft\/loke-40mm-gra-lyddaempende-skive\/","og_locale":"da_DK","og_type":"article","og_title":"Loke\u2122 40mm Gr\u00e5 - lyddempende plate - Norsk Akustikksenter","og_description":"S\u00e6rdeles god lydabsorbsjon og h\u00f8y kvalitet. Lyddemping, klasse A. Platen er 40 mm og utviklet spesielt til montasje direkte i tak eller p\u00e5 vegg. CE godkjent med M1 og EPD sertifikat. Lang levetid og lite vedlikehold gj\u00f8r produktet meget b\u00e6rekraftig og milj\u00f8vennlig.","og_url":"https:\/\/www.akustikksenter.no\/da\/butik\/direkte-monterede-absorbenter-til-vaeg-og-loft\/loke-40mm-gra-lyddaempende-skive\/","og_site_name":"Norsk Akustikksenter","article_publisher":"https:\/\/www.facebook.com\/Akustikksenter\/","article_modified_time":"2026-02-02T09:28:16+00:00","og_image":[{"width":1400,"height":881,"url":"https:\/\/www.akustikksenter.no\/wp-content\/uploads\/2015\/04\/86002GRE-loke-b-kant-600x600x40.jpg","type":"image\/jpeg"}],"twitter_misc":{"Estimeret l\u00e6setid":"2 minutter"},"schema":{"@context":"https:\/\/schema.org","@graph":[{"@type":"WebPage","@id":"https:\/\/www.akustikksenter.no\/butikk\/direkte-monterte-absorbenter-vegg-og-tak\/loke-40mm-gra-lyddempende-plate\/","url":"https:\/\/www.akustikksenter.no\/butikk\/direkte-monterte-absorbenter-vegg-og-tak\/loke-40mm-gra-lyddempende-plate\/","name":"Loke\u2122 40mm Grey - lydabsorberende panel - Norsk Akustikcenter","isPartOf":{"@id":"https:\/\/www.akustikksenter.no\/#website"},"primaryImageOfPage":{"@id":"https:\/\/www.akustikksenter.no\/butikk\/direkte-monterte-absorbenter-vegg-og-tak\/loke-40mm-gra-lyddempende-plate\/#primaryimage"},"image":{"@id":"https:\/\/www.akustikksenter.no\/butikk\/direkte-monterte-absorbenter-vegg-og-tak\/loke-40mm-gra-lyddempende-plate\/#primaryimage"},"thumbnailUrl":"https:\/\/www.akustikksenter.no\/wp-content\/uploads\/2015\/04\/86002GRE-loke-b-kant-600x600x40.jpg","datePublished":"2025-10-29T10:59:48+00:00","dateModified":"2026-02-02T09:28:16+00:00","description":"Ekstremt god lydabsorption og h\u00f8j kvalitet. Lydabsorption, klasse A. Panelet er 40 mm og designet specielt til installation direkte i lofter eller p\u00e5 v\u00e6gge. CE-godkendt med M1- og EPD-certifikat. Lang levetid og lav vedligeholdelse g\u00f8r produktet meget b\u00e6redygtigt og milj\u00f8venligt.","breadcrumb":{"@id":"https:\/\/www.akustikksenter.no\/butikk\/direkte-monterte-absorbenter-vegg-og-tak\/loke-40mm-gra-lyddempende-plate\/#breadcrumb"},"inLanguage":"da-DK","potentialAction":[{"@type":"ReadAction","target":["https:\/\/www.akustikksenter.no\/butikk\/direkte-monterte-absorbenter-vegg-og-tak\/loke-40mm-gra-lyddempende-plate\/"]}]},{"@type":"ImageObject","inLanguage":"da-DK","@id":"https:\/\/www.akustikksenter.no\/butikk\/direkte-monterte-absorbenter-vegg-og-tak\/loke-40mm-gra-lyddempende-plate\/#primaryimage","url":"https:\/\/www.akustikksenter.no\/wp-content\/uploads\/2015\/04\/86002GRE-loke-b-kant-600x600x40.jpg","contentUrl":"https:\/\/www.akustikksenter.no\/wp-content\/uploads\/2015\/04\/86002GRE-loke-b-kant-600x600x40.jpg","width":1400,"height":881},{"@type":"BreadcrumbList","@id":"https:\/\/www.akustikksenter.no\/butikk\/direkte-monterte-absorbenter-vegg-og-tak\/loke-40mm-gra-lyddempende-plate\/#breadcrumb","itemListElement":[{"@type":"ListItem","position":1,"name":"Hjem","item":"https:\/\/www.akustikksenter.no\/"},{"@type":"ListItem","position":2,"name":"Nettbutikk","item":"https:\/\/www.akustikksenter.no\/nettbutikk\/"},{"@type":"ListItem","position":3,"name":"Loke\u2122 40mm Gr\u00e5 &#8211; lyddempende plate"}]},{"@type":"WebSite","@id":"https:\/\/www.akustikksenter.no\/#website","url":"https:\/\/www.akustikksenter.no\/","name":"Norsk Akustik Center","description":"Totalleverand\u00f8r af akustiske l\u00f8sninger","publisher":{"@id":"https:\/\/www.akustikksenter.no\/#organization"},"potentialAction":[{"@type":"SearchAction","target":{"@type":"EntryPoint","urlTemplate":"https:\/\/www.akustikksenter.no\/?s={search_term_string}"},"query-input":{"@type":"PropertyValueSpecification","valueRequired":true,"valueName":"search_term_string"}}],"inLanguage":"da-DK"},{"@type":"Organization","@id":"https:\/\/www.akustikksenter.no\/#organization","name":"Norsk Akustik Center","alternateName":"Akustikksenter","url":"https:\/\/www.akustikksenter.no\/","logo":{"@type":"ImageObject","inLanguage":"da-DK","@id":"https:\/\/www.akustikksenter.no\/#\/schema\/logo\/image\/","url":"https:\/\/www.akustikksenter.no\/wp-content\/uploads\/2018\/02\/Norsk-Akkustikksenter_nyLogo_payoff-3-e1518606723632.png","contentUrl":"https:\/\/www.akustikksenter.no\/wp-content\/uploads\/2018\/02\/Norsk-Akkustikksenter_nyLogo_payoff-3-e1518606723632.png","width":232,"height":93,"caption":"Norsk Akustikksenter"},"image":{"@id":"https:\/\/www.akustikksenter.no\/#\/schema\/logo\/image\/"},"sameAs":["https:\/\/www.facebook.com\/Akustikksenter\/","https:\/\/www.pinterest.com\/akustikksenter\/","https:\/\/www.instagram.com\/akustikksenter_norway\/","https:\/\/no.linkedin.com\/company\/norsk-akustikksenter-as"]}]}},"_links":{"self":[{"href":"https:\/\/www.akustikksenter.no\/da\/wp-json\/wp\/v2\/product\/13785","targetHints":{"allow":["GET"]}}],"collection":[{"href":"https:\/\/www.akustikksenter.no\/da\/wp-json\/wp\/v2\/product"}],"about":[{"href":"https:\/\/www.akustikksenter.no\/da\/wp-json\/wp\/v2\/types\/product"}],"wp:featuredmedia":[{"embeddable":true,"href":"https:\/\/www.akustikksenter.no\/da\/wp-json\/wp\/v2\/media\/1836"}],"wp:attachment":[{"href":"https:\/\/www.akustikksenter.no\/da\/wp-json\/wp\/v2\/media?parent=13785"}],"wp:term":[{"taxonomy":"kampanje","embeddable":true,"href":"https:\/\/www.akustikksenter.no\/da\/wp-json\/wp\/v2\/kampanje?post=13785"},{"taxonomy":"product_brand","embeddable":true,"href":"https:\/\/www.akustikksenter.no\/da\/wp-json\/wp\/v2\/product_brand?post=13785"},{"taxonomy":"product_cat","embeddable":true,"href":"https:\/\/www.akustikksenter.no\/da\/wp-json\/wp\/v2\/product_cat?post=13785"},{"taxonomy":"product_tag","embeddable":true,"href":"https:\/\/www.akustikksenter.no\/da\/wp-json\/wp\/v2\/product_tag?post=13785"}],"curies":[{"name":"wp","href":"https:\/\/api.w.org\/{rel}","templated":true}]}}