{"id":13827,"date":"2025-11-06T08:59:55","date_gmt":"2025-11-06T07:59:55","guid":{"rendered":"https:\/\/www-akustikksenter.wp3.hcweb.dev\/?post_type=product&#038;p=13827"},"modified":"2026-02-02T10:28:15","modified_gmt":"2026-02-02T09:28:15","slug":"soudal-spraylim-500-ml","status":"publish","type":"product","link":"https:\/\/www.akustikksenter.no\/da\/butikk\/montasje-og-feste\/soudal-spraylim-500-ml\/","title":{"rendered":"Soudal Spraylim 500 ml. Kl\u00e6ber til jakkens overfladestof"},"content":{"rendered":"<p style=\"font-weight: 400;\">Soudabond 265 Classic Spray 500 ml er en universel kontaktlim, der er klar til brug. Den p\u00e5f\u00f8rte lim er nem at bruge og giver en st\u00e6rk binding ved limning af tekstiler og glasfiberdug.<\/p>\n<p style=\"font-weight: 400;\">H\u00f8j kl\u00e6bestyrke med fremragende vedh\u00e6ftning til mange materialer. Det h\u00f8jeffektive kl\u00e6bemiddel er velegnet til brug p\u00e5 glatte overflader og giver brugeren en hurtig t\u00f8rretid til hurtig og effektiv limning.<\/p>\n<p>Til limning af en lang r\u00e6kke materialer. Classic Spray er meget velegnet til limning af emballagematerialer, tekstiler, fleksible gulvbel\u00e6gninger og andre letv\u00e6gtsmaterialer som kork, l\u00e6der, pap, papir, t\u00e6pper, plast, glasfiber og polystyren. Kan ogs\u00e5 bruges til limning af laminat (HPL) og finer. Anbefales kun til brug p\u00e5 glatte overflader.<\/p>\n<p style=\"font-weight: 400;\"><strong>Funktioner:<\/strong><\/p>\n<ul style=\"font-weight: 400;\">\n<li>Universel brug<\/li>\n<li>Hurtig opbygning af styrke<\/li>\n<li>Hurtig t\u00f8rringsproces<\/li>\n<li>God vedh\u00e6ftning til mange materialer<\/li>\n<li>Dichlormethan (DCM) fri<\/li>\n<\/ul>\n<p style=\"font-weight: 400;\">","protected":false},"excerpt":{"rendered":"<p>Spr\u00f8jtelim bruges til at lime tekstiler og glasfiberstoffer, n\u00e5r de sk\u00e6res til og monteres under installationen. Det p\u00e5f\u00f8rte kl\u00e6bemiddel er nemt at bruge og giver en st\u00e6rk binding ved limning. Du bruger det, n\u00e5r du har sk\u00e5ret og tilpasset Frigg<sup>TM<\/sup>\u00a0\u00a0eller Loke 40<sup>TM<\/sup>St\u00e6rkt absorberende og skal lime tekstil- eller glasfiberdugen p\u00e5 plads p\u00e5 bagsiden af pladen.<\/p>","protected":false},"featured_media":13830,"template":"","meta":{"_acf_changed":false},"kampanje":[],"product_brand":[],"product_cat":[23],"product_tag":[],"class_list":{"0":"post-13827","1":"product","2":"type-product","3":"status-publish","4":"has-post-thumbnail","6":"product_cat-montasje-og-feste","8":"first","9":"instock","10":"sale","11":"taxable","12":"shipping-taxable","13":"purchasable","14":"product-type-simple"},"acf":[],"yoast_head":"<!-- This site is optimized with the Yoast SEO plugin v27.5 - https:\/\/yoast.com\/product\/yoast-seo-wordpress\/ -->\n<title>Soudal Spraylim 500 ml. Feste ved kapp overflateduk - Norsk Akustikksenter<\/title>\n<meta name=\"robots\" content=\"index, follow, max-snippet:-1, max-image-preview:large, max-video-preview:-1\" \/>\n<link rel=\"canonical\" href=\"https:\/\/www.akustikksenter.no\/da\/butik\/installation-og-fastgorelse\/soudal-spraylim-500-ml\/\" \/>\n<meta property=\"og:locale\" content=\"da_DK\" \/>\n<meta property=\"og:type\" content=\"article\" \/>\n<meta property=\"og:title\" content=\"Soudal Spraylim 500 ml. Feste ved kapp overflateduk - Norsk Akustikksenter\" \/>\n<meta property=\"og:description\" content=\"Spraylim brukes til \u00e5 feste tekstil og glassfiberduk ved kapping og tilpasning ved montasje. Det p\u00e5f\u00f8rte limet er enkelt \u00e5 bruke og gir en sterk binding ved liming. Du bruker det n\u00e5r du har kappet og tilpasset FriggTM\u00a0\u00a0eller Loke 40TMStrong absorbenten og skal lime tekstilet eller glassfiberduken p\u00e5 plass p\u00e5 baksiden av platen.\" \/>\n<meta property=\"og:url\" content=\"https:\/\/www.akustikksenter.no\/da\/butik\/installation-og-fastgorelse\/soudal-spraylim-500-ml\/\" \/>\n<meta property=\"og:site_name\" content=\"Norsk Akustikksenter\" \/>\n<meta property=\"article:publisher\" content=\"https:\/\/www.facebook.com\/Akustikksenter\/\" \/>\n<meta property=\"article:modified_time\" content=\"2026-02-02T09:28:15+00:00\" \/>\n<meta property=\"og:image\" content=\"https:\/\/www.akustikksenter.no\/wp-content\/uploads\/2025\/11\/Bilde-Soudal-Classic-Spray-500ml_prodkutbilde.jpg\" \/>\n\t<meta property=\"og:image:width\" content=\"1000\" \/>\n\t<meta property=\"og:image:height\" content=\"1024\" \/>\n\t<meta property=\"og:image:type\" content=\"image\/jpeg\" \/>\n<meta name=\"twitter:label1\" content=\"Estimeret l\u00e6setid\" \/>\n\t<meta name=\"twitter:data1\" content=\"1 minut\" \/>\n<script type=\"application\/ld+json\" class=\"yoast-schema-graph\">{\"@context\":\"https:\\\/\\\/schema.org\",\"@graph\":[{\"@type\":\"WebPage\",\"@id\":\"https:\\\/\\\/www.akustikksenter.no\\\/butikk\\\/montasje-og-feste\\\/soudal-spraylim-500-ml\\\/\",\"url\":\"https:\\\/\\\/www.akustikksenter.no\\\/butikk\\\/montasje-og-feste\\\/soudal-spraylim-500-ml\\\/\",\"name\":\"Soudal Spraylim 500 ml. Feste ved kapp overflateduk - Norsk Akustikksenter\",\"isPartOf\":{\"@id\":\"https:\\\/\\\/www.akustikksenter.no\\\/#website\"},\"primaryImageOfPage\":{\"@id\":\"https:\\\/\\\/www.akustikksenter.no\\\/butikk\\\/montasje-og-feste\\\/soudal-spraylim-500-ml\\\/#primaryimage\"},\"image\":{\"@id\":\"https:\\\/\\\/www.akustikksenter.no\\\/butikk\\\/montasje-og-feste\\\/soudal-spraylim-500-ml\\\/#primaryimage\"},\"thumbnailUrl\":\"https:\\\/\\\/www.akustikksenter.no\\\/wp-content\\\/uploads\\\/2025\\\/11\\\/Bilde-Soudal-Classic-Spray-500ml_prodkutbilde.jpg\",\"datePublished\":\"2025-11-06T07:59:55+00:00\",\"dateModified\":\"2026-02-02T09:28:15+00:00\",\"breadcrumb\":{\"@id\":\"https:\\\/\\\/www.akustikksenter.no\\\/butikk\\\/montasje-og-feste\\\/soudal-spraylim-500-ml\\\/#breadcrumb\"},\"inLanguage\":\"da-DK\",\"potentialAction\":[{\"@type\":\"ReadAction\",\"target\":[\"https:\\\/\\\/www.akustikksenter.no\\\/butikk\\\/montasje-og-feste\\\/soudal-spraylim-500-ml\\\/\"]}]},{\"@type\":\"ImageObject\",\"inLanguage\":\"da-DK\",\"@id\":\"https:\\\/\\\/www.akustikksenter.no\\\/butikk\\\/montasje-og-feste\\\/soudal-spraylim-500-ml\\\/#primaryimage\",\"url\":\"https:\\\/\\\/www.akustikksenter.no\\\/wp-content\\\/uploads\\\/2025\\\/11\\\/Bilde-Soudal-Classic-Spray-500ml_prodkutbilde.jpg\",\"contentUrl\":\"https:\\\/\\\/www.akustikksenter.no\\\/wp-content\\\/uploads\\\/2025\\\/11\\\/Bilde-Soudal-Classic-Spray-500ml_prodkutbilde.jpg\",\"width\":1000,\"height\":1024},{\"@type\":\"BreadcrumbList\",\"@id\":\"https:\\\/\\\/www.akustikksenter.no\\\/butikk\\\/montasje-og-feste\\\/soudal-spraylim-500-ml\\\/#breadcrumb\",\"itemListElement\":[{\"@type\":\"ListItem\",\"position\":1,\"name\":\"Hjem\",\"item\":\"https:\\\/\\\/www.akustikksenter.no\\\/\"},{\"@type\":\"ListItem\",\"position\":2,\"name\":\"Nettbutikk\",\"item\":\"https:\\\/\\\/www.akustikksenter.no\\\/nettbutikk\\\/\"},{\"@type\":\"ListItem\",\"position\":3,\"name\":\"Soudal Spraylim 500 ml. Feste ved kapp overflateduk\"}]},{\"@type\":\"WebSite\",\"@id\":\"https:\\\/\\\/www.akustikksenter.no\\\/#website\",\"url\":\"https:\\\/\\\/www.akustikksenter.no\\\/\",\"name\":\"Norsk Akustikksenter\",\"description\":\"Totalleverand\u00f8r av akustikkl\u00f8sninger\",\"publisher\":{\"@id\":\"https:\\\/\\\/www.akustikksenter.no\\\/#organization\"},\"potentialAction\":[{\"@type\":\"SearchAction\",\"target\":{\"@type\":\"EntryPoint\",\"urlTemplate\":\"https:\\\/\\\/www.akustikksenter.no\\\/?s={search_term_string}\"},\"query-input\":{\"@type\":\"PropertyValueSpecification\",\"valueRequired\":true,\"valueName\":\"search_term_string\"}}],\"inLanguage\":\"da-DK\"},{\"@type\":\"Organization\",\"@id\":\"https:\\\/\\\/www.akustikksenter.no\\\/#organization\",\"name\":\"Norsk Akustikksenter\",\"alternateName\":\"Akustikksenter\",\"url\":\"https:\\\/\\\/www.akustikksenter.no\\\/\",\"logo\":{\"@type\":\"ImageObject\",\"inLanguage\":\"da-DK\",\"@id\":\"https:\\\/\\\/www.akustikksenter.no\\\/#\\\/schema\\\/logo\\\/image\\\/\",\"url\":\"https:\\\/\\\/www.akustikksenter.no\\\/wp-content\\\/uploads\\\/2018\\\/02\\\/Norsk-Akkustikksenter_nyLogo_payoff-3-e1518606723632.png\",\"contentUrl\":\"https:\\\/\\\/www.akustikksenter.no\\\/wp-content\\\/uploads\\\/2018\\\/02\\\/Norsk-Akkustikksenter_nyLogo_payoff-3-e1518606723632.png\",\"width\":232,\"height\":93,\"caption\":\"Norsk Akustikksenter\"},\"image\":{\"@id\":\"https:\\\/\\\/www.akustikksenter.no\\\/#\\\/schema\\\/logo\\\/image\\\/\"},\"sameAs\":[\"https:\\\/\\\/www.facebook.com\\\/Akustikksenter\\\/\",\"https:\\\/\\\/www.pinterest.com\\\/akustikksenter\\\/\",\"https:\\\/\\\/www.instagram.com\\\/akustikksenter_norway\\\/\",\"https:\\\/\\\/no.linkedin.com\\\/company\\\/norsk-akustikksenter-as\"]}]}<\/script>\n<!-- \/ Yoast SEO plugin. -->","yoast_head_json":{"title":"Soudal spraylim 500 ml. Fastg\u00f8relse p\u00e5 kappens overflade - Norsk Akustik Center","robots":{"index":"index","follow":"follow","max-snippet":"max-snippet:-1","max-image-preview":"max-image-preview:large","max-video-preview":"max-video-preview:-1"},"canonical":"https:\/\/www.akustikksenter.no\/da\/butik\/installation-og-fastgorelse\/soudal-spraylim-500-ml\/","og_locale":"da_DK","og_type":"article","og_title":"Soudal Spraylim 500 ml. Feste ved kapp overflateduk - Norsk Akustikksenter","og_description":"Spraylim brukes til \u00e5 feste tekstil og glassfiberduk ved kapping og tilpasning ved montasje. Det p\u00e5f\u00f8rte limet er enkelt \u00e5 bruke og gir en sterk binding ved liming. Du bruker det n\u00e5r du har kappet og tilpasset FriggTM\u00a0\u00a0eller Loke 40TMStrong absorbenten og skal lime tekstilet eller glassfiberduken p\u00e5 plass p\u00e5 baksiden av platen.","og_url":"https:\/\/www.akustikksenter.no\/da\/butik\/installation-og-fastgorelse\/soudal-spraylim-500-ml\/","og_site_name":"Norsk Akustikksenter","article_publisher":"https:\/\/www.facebook.com\/Akustikksenter\/","article_modified_time":"2026-02-02T09:28:15+00:00","og_image":[{"width":1000,"height":1024,"url":"https:\/\/www.akustikksenter.no\/wp-content\/uploads\/2025\/11\/Bilde-Soudal-Classic-Spray-500ml_prodkutbilde.jpg","type":"image\/jpeg"}],"twitter_misc":{"Estimeret l\u00e6setid":"1 minut"},"schema":{"@context":"https:\/\/schema.org","@graph":[{"@type":"WebPage","@id":"https:\/\/www.akustikksenter.no\/butikk\/montasje-og-feste\/soudal-spraylim-500-ml\/","url":"https:\/\/www.akustikksenter.no\/butikk\/montasje-og-feste\/soudal-spraylim-500-ml\/","name":"Soudal spraylim 500 ml. Fastg\u00f8relse p\u00e5 kappens overflade - Norsk Akustik Center","isPartOf":{"@id":"https:\/\/www.akustikksenter.no\/#website"},"primaryImageOfPage":{"@id":"https:\/\/www.akustikksenter.no\/butikk\/montasje-og-feste\/soudal-spraylim-500-ml\/#primaryimage"},"image":{"@id":"https:\/\/www.akustikksenter.no\/butikk\/montasje-og-feste\/soudal-spraylim-500-ml\/#primaryimage"},"thumbnailUrl":"https:\/\/www.akustikksenter.no\/wp-content\/uploads\/2025\/11\/Bilde-Soudal-Classic-Spray-500ml_prodkutbilde.jpg","datePublished":"2025-11-06T07:59:55+00:00","dateModified":"2026-02-02T09:28:15+00:00","breadcrumb":{"@id":"https:\/\/www.akustikksenter.no\/butikk\/montasje-og-feste\/soudal-spraylim-500-ml\/#breadcrumb"},"inLanguage":"da-DK","potentialAction":[{"@type":"ReadAction","target":["https:\/\/www.akustikksenter.no\/butikk\/montasje-og-feste\/soudal-spraylim-500-ml\/"]}]},{"@type":"ImageObject","inLanguage":"da-DK","@id":"https:\/\/www.akustikksenter.no\/butikk\/montasje-og-feste\/soudal-spraylim-500-ml\/#primaryimage","url":"https:\/\/www.akustikksenter.no\/wp-content\/uploads\/2025\/11\/Bilde-Soudal-Classic-Spray-500ml_prodkutbilde.jpg","contentUrl":"https:\/\/www.akustikksenter.no\/wp-content\/uploads\/2025\/11\/Bilde-Soudal-Classic-Spray-500ml_prodkutbilde.jpg","width":1000,"height":1024},{"@type":"BreadcrumbList","@id":"https:\/\/www.akustikksenter.no\/butikk\/montasje-og-feste\/soudal-spraylim-500-ml\/#breadcrumb","itemListElement":[{"@type":"ListItem","position":1,"name":"Hjem","item":"https:\/\/www.akustikksenter.no\/"},{"@type":"ListItem","position":2,"name":"Nettbutikk","item":"https:\/\/www.akustikksenter.no\/nettbutikk\/"},{"@type":"ListItem","position":3,"name":"Soudal Spraylim 500 ml. Feste ved kapp overflateduk"}]},{"@type":"WebSite","@id":"https:\/\/www.akustikksenter.no\/#website","url":"https:\/\/www.akustikksenter.no\/","name":"Norsk Akustik Center","description":"Totalleverand\u00f8r af akustiske l\u00f8sninger","publisher":{"@id":"https:\/\/www.akustikksenter.no\/#organization"},"potentialAction":[{"@type":"SearchAction","target":{"@type":"EntryPoint","urlTemplate":"https:\/\/www.akustikksenter.no\/?s={search_term_string}"},"query-input":{"@type":"PropertyValueSpecification","valueRequired":true,"valueName":"search_term_string"}}],"inLanguage":"da-DK"},{"@type":"Organization","@id":"https:\/\/www.akustikksenter.no\/#organization","name":"Norsk Akustik Center","alternateName":"Akustikksenter","url":"https:\/\/www.akustikksenter.no\/","logo":{"@type":"ImageObject","inLanguage":"da-DK","@id":"https:\/\/www.akustikksenter.no\/#\/schema\/logo\/image\/","url":"https:\/\/www.akustikksenter.no\/wp-content\/uploads\/2018\/02\/Norsk-Akkustikksenter_nyLogo_payoff-3-e1518606723632.png","contentUrl":"https:\/\/www.akustikksenter.no\/wp-content\/uploads\/2018\/02\/Norsk-Akkustikksenter_nyLogo_payoff-3-e1518606723632.png","width":232,"height":93,"caption":"Norsk Akustikksenter"},"image":{"@id":"https:\/\/www.akustikksenter.no\/#\/schema\/logo\/image\/"},"sameAs":["https:\/\/www.facebook.com\/Akustikksenter\/","https:\/\/www.pinterest.com\/akustikksenter\/","https:\/\/www.instagram.com\/akustikksenter_norway\/","https:\/\/no.linkedin.com\/company\/norsk-akustikksenter-as"]}]}},"_links":{"self":[{"href":"https:\/\/www.akustikksenter.no\/da\/wp-json\/wp\/v2\/product\/13827","targetHints":{"allow":["GET"]}}],"collection":[{"href":"https:\/\/www.akustikksenter.no\/da\/wp-json\/wp\/v2\/product"}],"about":[{"href":"https:\/\/www.akustikksenter.no\/da\/wp-json\/wp\/v2\/types\/product"}],"wp:featuredmedia":[{"embeddable":true,"href":"https:\/\/www.akustikksenter.no\/da\/wp-json\/wp\/v2\/media\/13830"}],"wp:attachment":[{"href":"https:\/\/www.akustikksenter.no\/da\/wp-json\/wp\/v2\/media?parent=13827"}],"wp:term":[{"taxonomy":"kampanje","embeddable":true,"href":"https:\/\/www.akustikksenter.no\/da\/wp-json\/wp\/v2\/kampanje?post=13827"},{"taxonomy":"product_brand","embeddable":true,"href":"https:\/\/www.akustikksenter.no\/da\/wp-json\/wp\/v2\/product_brand?post=13827"},{"taxonomy":"product_cat","embeddable":true,"href":"https:\/\/www.akustikksenter.no\/da\/wp-json\/wp\/v2\/product_cat?post=13827"},{"taxonomy":"product_tag","embeddable":true,"href":"https:\/\/www.akustikksenter.no\/da\/wp-json\/wp\/v2\/product_tag?post=13827"}],"curies":[{"name":"wp","href":"https:\/\/api.w.org\/{rel}","templated":true}]}}