{"id":164,"date":"2016-06-13T22:20:43","date_gmt":"2016-06-13T20:20:43","guid":{"rendered":"https:\/\/www-akustikksenter.wp3.hcweb.dev\/?post_type=product&#038;p=164"},"modified":"2026-03-13T14:52:44","modified_gmt":"2026-03-13T13:52:44","slug":"luge-15","status":"publish","type":"product","link":"https:\/\/www.akustikksenter.no\/da\/butikk\/systemhimling\/loke-15\/","title":{"rendered":"Loke\u2122 loftplade 15 mm lydabsorberende"},"content":{"rendered":"<p><strong><img decoding=\"async\" class=\"alignnone wp-image-5130\" src=\"https:\/\/www.akustikksenter.no\/wp-content\/uploads\/2018\/11\/klasse_A-150x150.png\" alt=\"\" width=\"57\" height=\"57\" \/><\/strong><\/p>\n<p><strong>Produktet har den traditionelle overfladestruktur, der kendetegner glasuldlofter. <\/strong><\/p>\n<p>15 mm absorber. Produktet har fremragende lydabsorberende og lysreflekterende egenskaber. Derfor er produktet velegnet til brug i kontormilj\u00f8er, l\u00e6ringsmilj\u00f8er, daginstitutioner og rum med meget st\u00f8jende omgivelser. F\u00e5s i forskellige formater og kantdesign. Skiven har en bel\u00e6gning p\u00e5 overfladen, som g\u00f8r den lettere at vedligeholde og giver den en l\u00e6ngere levetid end mere traditionelle absorbenter p\u00e5 markedet.<\/p>\n<p>Lydabsorberende. A+E-kant.<br \/>\n<strong>E-edge er en handelsvare.<\/strong><\/p>\n<h4>For st\u00f8rre ordrer, bedes du anmode om <a href=\"https:\/\/www.akustikksenter.no\/da\/kontakt\/\">tilbud.<\/a><\/h4>\n<p><strong>Farve<\/strong>. Den n\u00e6rmeste farvekode er NCS S0502-Y. Lysrefleksion er 83%. Panelerne f\u00e5s i kantdesign A og E. Specialfarver kan bestilles (minimumsm\u00e6ngde er 100 m2).<\/p>\n<p><strong>Brandklasse.\u00a0<\/strong>A2-s1,d0, i henhold til EN 13501-1<\/p>\n<p><strong>Produktet er M1-certificeret.<\/strong> Det betyder, at produktet er blevet testet og opfylder de strengeste internationale krav til emissioner og ikke-brug af giftige komponenter. Der er s\u00e6rlige krav til akustiske produkter, som skal opfyldes for at opn\u00e5 M1-certificering.<\/p>\n<p><strong>EPD<\/strong> (Milj\u00f8m\u00e6ssig produktdeklaration). Produktet har gennemf\u00f8rt LCA-rapporten (Life Cycle Assessment) og modtaget EPD-certifikatet (Environmental Product Declaration).<\/p>\n<p><strong>Reng\u00f8ring og vedligeholdelse<\/strong>. Pladen har en overflade, der g\u00f8r det muligt at st\u00f8ve af, st\u00f8vsuge og vaske forsigtigt med en let fugtig klud. Hvis pladen males over, vil den miste sine egenskaber.<\/p>\n<p>&nbsp;<\/p>","protected":false},"excerpt":{"rendered":"<p>Meget god lydabsorption. Klasse A-lydd\u00e6mpning til systemlofter for optimale akustikl\u00f8sninger. Produktet har fremragende lydabsorberende og lysreflekterende egenskaber. Gr\u00f8n produktion, h\u00f8j kvalitet og lang levetid g\u00f8r produktet meget b\u00e6redygtigt.<\/p>\n<div class=\"fl-module fl-module-fl-woo-product-description fl-node-5e4690fcb5e19\" data-node=\"5e4690fcb5e19\">\n<div class=\"fl-module-content fl-node-content\">\n<div class=\"woocommerce-product-details__short-description\">\n<p>Lydabsorberende. A+E-kant.<br \/>\n<strong>E-edge er en handelsvare.<\/strong><\/p>\n<p><strong>For st\u00f8rre ordrer, bedes du anmode om <a href=\"https:\/\/www.akustikksenter.no\/da\/kontakt\/\">tilbud.<\/a><\/strong><\/p>\n<\/div>\n<\/div>\n<\/div>","protected":false},"featured_media":1492,"template":"","meta":{"_acf_changed":false},"kampanje":[],"product_brand":[],"product_cat":[21],"product_tag":[29,330,331,332,333,334],"class_list":{"0":"post-164","1":"product","2":"type-product","3":"status-publish","4":"has-post-thumbnail","6":"product_cat-systemhimling","7":"product_tag-himlingsplate","8":"product_tag-hotell-restaurant-og-uteliv","9":"product_tag-idrettshaller-og-treningssenter","10":"product_tag-industri-kjopesenter-og-butikk","11":"product_tag-kontor-moterom-og-kantine","12":"product_tag-skoler-og-barnehager","13":"pa_kanttype-a-kant","14":"pa_kanttype-e-kant","15":"pa_storrelse_type-vnr-86002db-59259249mm-a-kant-hvit-6stk-216m","16":"pa_storrelse_type-vnr-86003db-592119249mm-a-kant-hvit-4stk-288m","17":"pa_storrelse_type-vnr-86053-29359315mm-a-kant-hvit-48stk-864m","18":"pa_storrelse_type-vnr-86054-59359315mm-a-kant-hvit-24stk-864m","19":"pa_storrelse_type-vnr-86055-593119315mm-a-kant-hvit-12stk-864m","20":"pa_storrelse_type-vnr-86056-29359315mm-e-kant-hvit-48stk-864m","21":"pa_storrelse_type-vnr-86057-59359315mm-e-kant-hvit-24stk-864m","22":"pa_storrelse_type-vnr-86058-593119315mm-e-kant-hvit-12stk-864m","23":"pa_storrelse_type-59359340mm-b-kant-8-stk-288m","24":"pa_storrelse_type-593119340mm-b-kant-6-stk-432m","26":"first","27":"instock","28":"featured","29":"taxable","30":"shipping-taxable","31":"purchasable","32":"product-type-variable"},"acf":[],"yoast_head":"<!-- This site is optimized with the Yoast SEO plugin v27.5 - https:\/\/yoast.com\/product\/yoast-seo-wordpress\/ -->\n<title>Lyddempende Loke\u2122 himlingsplate 15 mm - Norsk Akustikksenter<\/title>\n<meta name=\"description\" content=\"S\u00e6rdeles god lydabsorbsjon. Lyddemping, klasse A.\u00a0 15 mm absorbent til systemhimling for optimal akustisk l\u00f8sning. Produktet har utmerkede lydabsorbsjons- og lysrefleksjonsegenskaper. M1 og EPD Sertifikat.\" \/>\n<meta name=\"robots\" content=\"index, follow, max-snippet:-1, max-image-preview:large, max-video-preview:-1\" \/>\n<link rel=\"canonical\" href=\"https:\/\/www.akustikksenter.no\/da\/butik\/systemloft\/luge-15\/\" \/>\n<meta property=\"og:locale\" content=\"da_DK\" \/>\n<meta property=\"og:type\" content=\"article\" \/>\n<meta property=\"og:title\" content=\"Lyddempende Loke\u2122 himlingsplate 15 mm - Norsk Akustikksenter\" \/>\n<meta property=\"og:description\" content=\"S\u00e6rdeles god lydabsorbsjon. Lyddemping, klasse A.\u00a0 15 mm absorbent til systemhimling for optimal akustisk l\u00f8sning. Produktet har utmerkede lydabsorbsjons- og lysrefleksjonsegenskaper. M1 og EPD Sertifikat.\" \/>\n<meta property=\"og:url\" content=\"https:\/\/www.akustikksenter.no\/da\/butik\/systemloft\/luge-15\/\" \/>\n<meta property=\"og:site_name\" content=\"Norsk Akustikksenter\" \/>\n<meta property=\"article:publisher\" content=\"https:\/\/www.facebook.com\/Akustikksenter\/\" \/>\n<meta property=\"article:modified_time\" content=\"2026-03-13T13:52:44+00:00\" \/>\n<meta property=\"og:image\" content=\"https:\/\/www.akustikksenter.no\/wp-content\/uploads\/2013\/11\/86054-loke-a-kant-593x593x15.jpg\" \/>\n\t<meta property=\"og:image:width\" content=\"1600\" \/>\n\t<meta property=\"og:image:height\" content=\"1007\" \/>\n\t<meta property=\"og:image:type\" content=\"image\/jpeg\" \/>\n<meta name=\"twitter:label1\" content=\"Estimeret l\u00e6setid\" \/>\n\t<meta name=\"twitter:data1\" content=\"1 minut\" \/>\n<script type=\"application\/ld+json\" class=\"yoast-schema-graph\">{\"@context\":\"https:\\\/\\\/schema.org\",\"@graph\":[{\"@type\":\"WebPage\",\"@id\":\"https:\\\/\\\/www.akustikksenter.no\\\/butikk\\\/systemhimling\\\/loke-15\\\/\",\"url\":\"https:\\\/\\\/www.akustikksenter.no\\\/butikk\\\/systemhimling\\\/loke-15\\\/\",\"name\":\"Lyddempende Loke\u2122 himlingsplate 15 mm - Norsk Akustikksenter\",\"isPartOf\":{\"@id\":\"https:\\\/\\\/www.akustikksenter.no\\\/#website\"},\"primaryImageOfPage\":{\"@id\":\"https:\\\/\\\/www.akustikksenter.no\\\/butikk\\\/systemhimling\\\/loke-15\\\/#primaryimage\"},\"image\":{\"@id\":\"https:\\\/\\\/www.akustikksenter.no\\\/butikk\\\/systemhimling\\\/loke-15\\\/#primaryimage\"},\"thumbnailUrl\":\"https:\\\/\\\/www.akustikksenter.no\\\/wp-content\\\/uploads\\\/2013\\\/11\\\/86054-loke-a-kant-593x593x15.jpg\",\"datePublished\":\"2016-06-13T20:20:43+00:00\",\"dateModified\":\"2026-03-13T13:52:44+00:00\",\"description\":\"S\u00e6rdeles god lydabsorbsjon. Lyddemping, klasse A.\u00a0 15 mm absorbent til systemhimling for optimal akustisk l\u00f8sning. Produktet har utmerkede lydabsorbsjons- og lysrefleksjonsegenskaper. M1 og EPD Sertifikat.\",\"breadcrumb\":{\"@id\":\"https:\\\/\\\/www.akustikksenter.no\\\/butikk\\\/systemhimling\\\/loke-15\\\/#breadcrumb\"},\"inLanguage\":\"da-DK\",\"potentialAction\":[{\"@type\":\"ReadAction\",\"target\":[\"https:\\\/\\\/www.akustikksenter.no\\\/butikk\\\/systemhimling\\\/loke-15\\\/\"]}]},{\"@type\":\"ImageObject\",\"inLanguage\":\"da-DK\",\"@id\":\"https:\\\/\\\/www.akustikksenter.no\\\/butikk\\\/systemhimling\\\/loke-15\\\/#primaryimage\",\"url\":\"https:\\\/\\\/www.akustikksenter.no\\\/wp-content\\\/uploads\\\/2013\\\/11\\\/86054-loke-a-kant-593x593x15.jpg\",\"contentUrl\":\"https:\\\/\\\/www.akustikksenter.no\\\/wp-content\\\/uploads\\\/2013\\\/11\\\/86054-loke-a-kant-593x593x15.jpg\",\"width\":1600,\"height\":1007},{\"@type\":\"BreadcrumbList\",\"@id\":\"https:\\\/\\\/www.akustikksenter.no\\\/butikk\\\/systemhimling\\\/loke-15\\\/#breadcrumb\",\"itemListElement\":[{\"@type\":\"ListItem\",\"position\":1,\"name\":\"Hjem\",\"item\":\"https:\\\/\\\/www.akustikksenter.no\\\/\"},{\"@type\":\"ListItem\",\"position\":2,\"name\":\"Nettbutikk\",\"item\":\"https:\\\/\\\/www.akustikksenter.no\\\/nettbutikk\\\/\"},{\"@type\":\"ListItem\",\"position\":3,\"name\":\"Loke\u2122 Himlingsplate 15mm lyddempende\"}]},{\"@type\":\"WebSite\",\"@id\":\"https:\\\/\\\/www.akustikksenter.no\\\/#website\",\"url\":\"https:\\\/\\\/www.akustikksenter.no\\\/\",\"name\":\"Norsk Akustikksenter\",\"description\":\"Totalleverand\u00f8r av akustikkl\u00f8sninger\",\"publisher\":{\"@id\":\"https:\\\/\\\/www.akustikksenter.no\\\/#organization\"},\"potentialAction\":[{\"@type\":\"SearchAction\",\"target\":{\"@type\":\"EntryPoint\",\"urlTemplate\":\"https:\\\/\\\/www.akustikksenter.no\\\/?s={search_term_string}\"},\"query-input\":{\"@type\":\"PropertyValueSpecification\",\"valueRequired\":true,\"valueName\":\"search_term_string\"}}],\"inLanguage\":\"da-DK\"},{\"@type\":\"Organization\",\"@id\":\"https:\\\/\\\/www.akustikksenter.no\\\/#organization\",\"name\":\"Norsk Akustikksenter\",\"alternateName\":\"Akustikksenter\",\"url\":\"https:\\\/\\\/www.akustikksenter.no\\\/\",\"logo\":{\"@type\":\"ImageObject\",\"inLanguage\":\"da-DK\",\"@id\":\"https:\\\/\\\/www.akustikksenter.no\\\/#\\\/schema\\\/logo\\\/image\\\/\",\"url\":\"https:\\\/\\\/www.akustikksenter.no\\\/wp-content\\\/uploads\\\/2018\\\/02\\\/Norsk-Akkustikksenter_nyLogo_payoff-3-e1518606723632.png\",\"contentUrl\":\"https:\\\/\\\/www.akustikksenter.no\\\/wp-content\\\/uploads\\\/2018\\\/02\\\/Norsk-Akkustikksenter_nyLogo_payoff-3-e1518606723632.png\",\"width\":232,\"height\":93,\"caption\":\"Norsk Akustikksenter\"},\"image\":{\"@id\":\"https:\\\/\\\/www.akustikksenter.no\\\/#\\\/schema\\\/logo\\\/image\\\/\"},\"sameAs\":[\"https:\\\/\\\/www.facebook.com\\\/Akustikksenter\\\/\",\"https:\\\/\\\/www.pinterest.com\\\/akustikksenter\\\/\",\"https:\\\/\\\/www.instagram.com\\\/akustikksenter_norway\\\/\",\"https:\\\/\\\/no.linkedin.com\\\/company\\\/norsk-akustikksenter-as\"]}]}<\/script>\n<!-- \/ Yoast SEO plugin. -->","yoast_head_json":{"title":"Lydabsorberende Loke\u2122 loftsplade 15 mm - Norsk Akustikksenter","description":"Ekstremt god lydabsorption. Lydd\u00e6mpning, klasse A.  15 mm absorbent til systemloft for optimal akustikl\u00f8sning. Produktet har fremragende lydabsorptions- og lysrefleksionsegenskaber. M1- og EPD-certifikat.","robots":{"index":"index","follow":"follow","max-snippet":"max-snippet:-1","max-image-preview":"max-image-preview:large","max-video-preview":"max-video-preview:-1"},"canonical":"https:\/\/www.akustikksenter.no\/da\/butik\/systemloft\/luge-15\/","og_locale":"da_DK","og_type":"article","og_title":"Lyddempende Loke\u2122 himlingsplate 15 mm - Norsk Akustikksenter","og_description":"S\u00e6rdeles god lydabsorbsjon. Lyddemping, klasse A.\u00a0 15 mm absorbent til systemhimling for optimal akustisk l\u00f8sning. Produktet har utmerkede lydabsorbsjons- og lysrefleksjonsegenskaper. M1 og EPD Sertifikat.","og_url":"https:\/\/www.akustikksenter.no\/da\/butik\/systemloft\/luge-15\/","og_site_name":"Norsk Akustikksenter","article_publisher":"https:\/\/www.facebook.com\/Akustikksenter\/","article_modified_time":"2026-03-13T13:52:44+00:00","og_image":[{"width":1600,"height":1007,"url":"https:\/\/www.akustikksenter.no\/wp-content\/uploads\/2013\/11\/86054-loke-a-kant-593x593x15.jpg","type":"image\/jpeg"}],"twitter_misc":{"Estimeret l\u00e6setid":"1 minut"},"schema":{"@context":"https:\/\/schema.org","@graph":[{"@type":"WebPage","@id":"https:\/\/www.akustikksenter.no\/butikk\/systemhimling\/loke-15\/","url":"https:\/\/www.akustikksenter.no\/butikk\/systemhimling\/loke-15\/","name":"Lydabsorberende Loke\u2122 loftsplade 15 mm - Norsk Akustikksenter","isPartOf":{"@id":"https:\/\/www.akustikksenter.no\/#website"},"primaryImageOfPage":{"@id":"https:\/\/www.akustikksenter.no\/butikk\/systemhimling\/loke-15\/#primaryimage"},"image":{"@id":"https:\/\/www.akustikksenter.no\/butikk\/systemhimling\/loke-15\/#primaryimage"},"thumbnailUrl":"https:\/\/www.akustikksenter.no\/wp-content\/uploads\/2013\/11\/86054-loke-a-kant-593x593x15.jpg","datePublished":"2016-06-13T20:20:43+00:00","dateModified":"2026-03-13T13:52:44+00:00","description":"Ekstremt god lydabsorption. Lydd\u00e6mpning, klasse A.  15 mm absorbent til systemloft for optimal akustikl\u00f8sning. Produktet har fremragende lydabsorptions- og lysrefleksionsegenskaber. M1- og EPD-certifikat.","breadcrumb":{"@id":"https:\/\/www.akustikksenter.no\/butikk\/systemhimling\/loke-15\/#breadcrumb"},"inLanguage":"da-DK","potentialAction":[{"@type":"ReadAction","target":["https:\/\/www.akustikksenter.no\/butikk\/systemhimling\/loke-15\/"]}]},{"@type":"ImageObject","inLanguage":"da-DK","@id":"https:\/\/www.akustikksenter.no\/butikk\/systemhimling\/loke-15\/#primaryimage","url":"https:\/\/www.akustikksenter.no\/wp-content\/uploads\/2013\/11\/86054-loke-a-kant-593x593x15.jpg","contentUrl":"https:\/\/www.akustikksenter.no\/wp-content\/uploads\/2013\/11\/86054-loke-a-kant-593x593x15.jpg","width":1600,"height":1007},{"@type":"BreadcrumbList","@id":"https:\/\/www.akustikksenter.no\/butikk\/systemhimling\/loke-15\/#breadcrumb","itemListElement":[{"@type":"ListItem","position":1,"name":"Hjem","item":"https:\/\/www.akustikksenter.no\/"},{"@type":"ListItem","position":2,"name":"Nettbutikk","item":"https:\/\/www.akustikksenter.no\/nettbutikk\/"},{"@type":"ListItem","position":3,"name":"Loke\u2122 Himlingsplate 15mm lyddempende"}]},{"@type":"WebSite","@id":"https:\/\/www.akustikksenter.no\/#website","url":"https:\/\/www.akustikksenter.no\/","name":"Norsk Akustik Center","description":"Totalleverand\u00f8r af akustiske l\u00f8sninger","publisher":{"@id":"https:\/\/www.akustikksenter.no\/#organization"},"potentialAction":[{"@type":"SearchAction","target":{"@type":"EntryPoint","urlTemplate":"https:\/\/www.akustikksenter.no\/?s={search_term_string}"},"query-input":{"@type":"PropertyValueSpecification","valueRequired":true,"valueName":"search_term_string"}}],"inLanguage":"da-DK"},{"@type":"Organization","@id":"https:\/\/www.akustikksenter.no\/#organization","name":"Norsk Akustik Center","alternateName":"Akustikksenter","url":"https:\/\/www.akustikksenter.no\/","logo":{"@type":"ImageObject","inLanguage":"da-DK","@id":"https:\/\/www.akustikksenter.no\/#\/schema\/logo\/image\/","url":"https:\/\/www.akustikksenter.no\/wp-content\/uploads\/2018\/02\/Norsk-Akkustikksenter_nyLogo_payoff-3-e1518606723632.png","contentUrl":"https:\/\/www.akustikksenter.no\/wp-content\/uploads\/2018\/02\/Norsk-Akkustikksenter_nyLogo_payoff-3-e1518606723632.png","width":232,"height":93,"caption":"Norsk Akustikksenter"},"image":{"@id":"https:\/\/www.akustikksenter.no\/#\/schema\/logo\/image\/"},"sameAs":["https:\/\/www.facebook.com\/Akustikksenter\/","https:\/\/www.pinterest.com\/akustikksenter\/","https:\/\/www.instagram.com\/akustikksenter_norway\/","https:\/\/no.linkedin.com\/company\/norsk-akustikksenter-as"]}]}},"_links":{"self":[{"href":"https:\/\/www.akustikksenter.no\/da\/wp-json\/wp\/v2\/product\/164","targetHints":{"allow":["GET"]}}],"collection":[{"href":"https:\/\/www.akustikksenter.no\/da\/wp-json\/wp\/v2\/product"}],"about":[{"href":"https:\/\/www.akustikksenter.no\/da\/wp-json\/wp\/v2\/types\/product"}],"wp:featuredmedia":[{"embeddable":true,"href":"https:\/\/www.akustikksenter.no\/da\/wp-json\/wp\/v2\/media\/1492"}],"wp:attachment":[{"href":"https:\/\/www.akustikksenter.no\/da\/wp-json\/wp\/v2\/media?parent=164"}],"wp:term":[{"taxonomy":"kampanje","embeddable":true,"href":"https:\/\/www.akustikksenter.no\/da\/wp-json\/wp\/v2\/kampanje?post=164"},{"taxonomy":"product_brand","embeddable":true,"href":"https:\/\/www.akustikksenter.no\/da\/wp-json\/wp\/v2\/product_brand?post=164"},{"taxonomy":"product_cat","embeddable":true,"href":"https:\/\/www.akustikksenter.no\/da\/wp-json\/wp\/v2\/product_cat?post=164"},{"taxonomy":"product_tag","embeddable":true,"href":"https:\/\/www.akustikksenter.no\/da\/wp-json\/wp\/v2\/product_tag?post=164"}],"curies":[{"name":"wp","href":"https:\/\/api.w.org\/{rel}","templated":true}]}}