{"id":1818,"date":"2016-06-10T14:47:46","date_gmt":"2016-06-10T12:47:46","guid":{"rendered":"https:\/\/www.akustikksenter.no\/?post_type=product&#038;p=1818"},"modified":"2026-02-24T10:50:59","modified_gmt":"2026-02-24T09:50:59","slug":"fastgorelsesskrue-med-daekkop","status":"publish","type":"product","link":"https:\/\/www.akustikksenter.no\/da\/butikk\/montasje-og-feste\/festeskrue-med-dekorkopp\/","title":{"rendered":"D\u00e6kkop til skrue"},"content":{"rendered":"<p><strong>Dekorativ kop til skrue ved<\/strong><strong>\u00a0montering af paneler p\u00e5 v\u00e6g eller loft.<\/strong><\/p>\n<p>Beslaget best\u00e5r af en perforeret messingskive med en d\u00e6kkop i poleret aluminium i mat sort, hvid og beige. D\u00e6kkoppen har en diameter p\u00e5 15 mm. Skiven fordeler trykket fra skruen, der bruges til at fastg\u00f8re lydabsorbenten, uden at beskadige selve pladen. Et s\u00e6t best\u00e5r af 4 hulskiver og 4 dekorative kopper. Skruehovedets diameter kan v\u00e6re mellem 6 og 9 mm. Skruer medf\u00f8lger ikke. Anbefaling til gips og tr\u00e6 er 4,2 x 55 eller 4,2 x 65 sp\u00e5npladeskruer. Anbefaling til betonv\u00e6gge er 6 x 80 s\u00f8mplugs. Vi anbefaler gode, tynde skruer med grove riller, der giver et godt greb. S\u00e5 l\u00e6nge de skrues i gips uden at dreje, glider de ikke. Sidder som st\u00f8bt p\u00e5 en tr\u00e6baggrund. Tag hensyn til tykkelsen af br\u00e6ttet p\u00e5 den v\u00e6g, det skal h\u00e6nge p\u00e5. .<\/p>\n<p><a href=\"https:\/\/www.akustikksenter.no\/da\/arkiv\/installationsvejledning-vaegabsorber\/\">\u00a0Se installationsvejledningen her.<\/a><\/p>","protected":false},"excerpt":{"rendered":"<p>Beslag til montering af akustikpaneler p\u00e5 v\u00e6g eller loft. F\u00e5s i poleret aluminium, mat sort, hvid og beige. Best\u00e5r af 2 dele. S\u00e6lges i pakker med 4 stk. Pris pr. pakke.<br \/>\nSkruehovedets diameter kan v\u00e6re mellem 6 og 9 mm, og selve skruen til fastg\u00f8relse p\u00e5 v\u00e6ggen eller i loftet medf\u00f8lger ikke.<\/p>","protected":false},"featured_media":1820,"template":"","meta":{"_acf_changed":false},"kampanje":[],"product_brand":[],"product_cat":[23],"product_tag":[],"class_list":{"0":"post-1818","1":"product","2":"type-product","3":"status-publish","4":"has-post-thumbnail","6":"product_cat-montasje-og-feste","7":"pa_farge-aluminium","8":"pa_farge-beige","9":"pa_farge-hvit","10":"pa_farge-svart","12":"first","13":"instock","14":"taxable","15":"shipping-taxable","16":"purchasable","17":"product-type-variable"},"acf":[],"yoast_head":"<!-- This site is optimized with the Yoast SEO plugin v27.3 - https:\/\/yoast.com\/product\/yoast-seo-wordpress\/ -->\n<title>Dekorkopp for skrue - Norsk Akustikksenter<\/title>\n<meta name=\"description\" content=\"Feste for montering av akustikkplater til vegg eller tak. F\u00e5s i matt svart, hvit eller beige og polert aluminium. Best\u00e5r av 2 deler. Selges i pakker av 4 stk. Selve skruen for feste i veggen medf\u00f8lger ikke.\" \/>\n<meta name=\"robots\" content=\"index, follow, max-snippet:-1, max-image-preview:large, max-video-preview:-1\" \/>\n<link rel=\"canonical\" href=\"https:\/\/www.akustikksenter.no\/da\/butik\/installation-og-fastgorelse\/fastgorelsesskrue-med-daekkop\/\" \/>\n<meta property=\"og:locale\" content=\"da_DK\" \/>\n<meta property=\"og:type\" content=\"article\" \/>\n<meta property=\"og:title\" content=\"Dekorkopp for skrue - Norsk Akustikksenter\" \/>\n<meta property=\"og:description\" content=\"Feste for montering av akustikkplater til vegg eller tak. F\u00e5s i matt svart, hvit eller beige og polert aluminium. Best\u00e5r av 2 deler. Selges i pakker av 4 stk. Selve skruen for feste i veggen medf\u00f8lger ikke.\" \/>\n<meta property=\"og:url\" content=\"https:\/\/www.akustikksenter.no\/da\/butik\/installation-og-fastgorelse\/fastgorelsesskrue-med-daekkop\/\" \/>\n<meta property=\"og:site_name\" content=\"Norsk Akustikksenter\" \/>\n<meta property=\"article:publisher\" content=\"https:\/\/www.facebook.com\/Akustikksenter\/\" \/>\n<meta property=\"article:modified_time\" content=\"2026-02-24T09:50:59+00:00\" \/>\n<meta property=\"og:image\" content=\"https:\/\/www.akustikksenter.no\/wp-content\/uploads\/2015\/03\/86023-festeskrue-vegg.jpg\" \/>\n\t<meta property=\"og:image:width\" content=\"800\" \/>\n\t<meta property=\"og:image:height\" content=\"703\" \/>\n\t<meta property=\"og:image:type\" content=\"image\/jpeg\" \/>\n<meta name=\"twitter:label1\" content=\"Estimeret l\u00e6setid\" \/>\n\t<meta name=\"twitter:data1\" content=\"1 minut\" \/>\n<script type=\"application\/ld+json\" class=\"yoast-schema-graph\">{\"@context\":\"https:\\\/\\\/schema.org\",\"@graph\":[{\"@type\":\"WebPage\",\"@id\":\"https:\\\/\\\/www.akustikksenter.no\\\/butikk\\\/montasje-og-feste\\\/festeskrue-med-dekorkopp\\\/\",\"url\":\"https:\\\/\\\/www.akustikksenter.no\\\/butikk\\\/montasje-og-feste\\\/festeskrue-med-dekorkopp\\\/\",\"name\":\"Dekorkopp for skrue - Norsk Akustikksenter\",\"isPartOf\":{\"@id\":\"https:\\\/\\\/www.akustikksenter.no\\\/#website\"},\"primaryImageOfPage\":{\"@id\":\"https:\\\/\\\/www.akustikksenter.no\\\/butikk\\\/montasje-og-feste\\\/festeskrue-med-dekorkopp\\\/#primaryimage\"},\"image\":{\"@id\":\"https:\\\/\\\/www.akustikksenter.no\\\/butikk\\\/montasje-og-feste\\\/festeskrue-med-dekorkopp\\\/#primaryimage\"},\"thumbnailUrl\":\"https:\\\/\\\/www.akustikksenter.no\\\/wp-content\\\/uploads\\\/2015\\\/03\\\/86023-festeskrue-vegg.jpg\",\"datePublished\":\"2016-06-10T12:47:46+00:00\",\"dateModified\":\"2026-02-24T09:50:59+00:00\",\"description\":\"Feste for montering av akustikkplater til vegg eller tak. F\u00e5s i matt svart, hvit eller beige og polert aluminium. Best\u00e5r av 2 deler. Selges i pakker av 4 stk. Selve skruen for feste i veggen medf\u00f8lger ikke.\",\"breadcrumb\":{\"@id\":\"https:\\\/\\\/www.akustikksenter.no\\\/butikk\\\/montasje-og-feste\\\/festeskrue-med-dekorkopp\\\/#breadcrumb\"},\"inLanguage\":\"da-DK\",\"potentialAction\":[{\"@type\":\"ReadAction\",\"target\":[\"https:\\\/\\\/www.akustikksenter.no\\\/butikk\\\/montasje-og-feste\\\/festeskrue-med-dekorkopp\\\/\"]}]},{\"@type\":\"ImageObject\",\"inLanguage\":\"da-DK\",\"@id\":\"https:\\\/\\\/www.akustikksenter.no\\\/butikk\\\/montasje-og-feste\\\/festeskrue-med-dekorkopp\\\/#primaryimage\",\"url\":\"https:\\\/\\\/www.akustikksenter.no\\\/wp-content\\\/uploads\\\/2015\\\/03\\\/86023-festeskrue-vegg.jpg\",\"contentUrl\":\"https:\\\/\\\/www.akustikksenter.no\\\/wp-content\\\/uploads\\\/2015\\\/03\\\/86023-festeskrue-vegg.jpg\",\"width\":800,\"height\":703},{\"@type\":\"BreadcrumbList\",\"@id\":\"https:\\\/\\\/www.akustikksenter.no\\\/butikk\\\/montasje-og-feste\\\/festeskrue-med-dekorkopp\\\/#breadcrumb\",\"itemListElement\":[{\"@type\":\"ListItem\",\"position\":1,\"name\":\"Hjem\",\"item\":\"https:\\\/\\\/www.akustikksenter.no\\\/\"},{\"@type\":\"ListItem\",\"position\":2,\"name\":\"Nettbutikk\",\"item\":\"https:\\\/\\\/www.akustikksenter.no\\\/nettbutikk\\\/\"},{\"@type\":\"ListItem\",\"position\":3,\"name\":\"Dekorkopp for skrue\"}]},{\"@type\":\"WebSite\",\"@id\":\"https:\\\/\\\/www.akustikksenter.no\\\/#website\",\"url\":\"https:\\\/\\\/www.akustikksenter.no\\\/\",\"name\":\"Norsk Akustikksenter\",\"description\":\"Totalleverand\u00f8r av akustikkl\u00f8sninger\",\"publisher\":{\"@id\":\"https:\\\/\\\/www.akustikksenter.no\\\/#organization\"},\"potentialAction\":[{\"@type\":\"SearchAction\",\"target\":{\"@type\":\"EntryPoint\",\"urlTemplate\":\"https:\\\/\\\/www.akustikksenter.no\\\/?s={search_term_string}\"},\"query-input\":{\"@type\":\"PropertyValueSpecification\",\"valueRequired\":true,\"valueName\":\"search_term_string\"}}],\"inLanguage\":\"da-DK\"},{\"@type\":\"Organization\",\"@id\":\"https:\\\/\\\/www.akustikksenter.no\\\/#organization\",\"name\":\"Norsk Akustikksenter\",\"alternateName\":\"Akustikksenter\",\"url\":\"https:\\\/\\\/www.akustikksenter.no\\\/\",\"logo\":{\"@type\":\"ImageObject\",\"inLanguage\":\"da-DK\",\"@id\":\"https:\\\/\\\/www.akustikksenter.no\\\/#\\\/schema\\\/logo\\\/image\\\/\",\"url\":\"https:\\\/\\\/www.akustikksenter.no\\\/wp-content\\\/uploads\\\/2018\\\/02\\\/Norsk-Akkustikksenter_nyLogo_payoff-3-e1518606723632.png\",\"contentUrl\":\"https:\\\/\\\/www.akustikksenter.no\\\/wp-content\\\/uploads\\\/2018\\\/02\\\/Norsk-Akkustikksenter_nyLogo_payoff-3-e1518606723632.png\",\"width\":232,\"height\":93,\"caption\":\"Norsk Akustikksenter\"},\"image\":{\"@id\":\"https:\\\/\\\/www.akustikksenter.no\\\/#\\\/schema\\\/logo\\\/image\\\/\"},\"sameAs\":[\"https:\\\/\\\/www.facebook.com\\\/Akustikksenter\\\/\",\"https:\\\/\\\/www.pinterest.com\\\/akustikksenter\\\/\",\"https:\\\/\\\/www.instagram.com\\\/akustikksenter_norway\\\/\",\"https:\\\/\\\/no.linkedin.com\\\/company\\\/norsk-akustikksenter-as\"]}]}<\/script>\n<!-- \/ Yoast SEO plugin. -->","yoast_head_json":{"title":"D\u00e6kkop til skrue - Norsk Akustikksenter","description":"Beslag til montering af akustikpaneler p\u00e5 v\u00e6g eller loft. F\u00e5s i mat sort, hvid eller beige og poleret aluminium. Best\u00e5r af 2 dele. S\u00e6lges i pakker med 4 stk. Skruen til fastg\u00f8relse p\u00e5 v\u00e6ggen medf\u00f8lger ikke.","robots":{"index":"index","follow":"follow","max-snippet":"max-snippet:-1","max-image-preview":"max-image-preview:large","max-video-preview":"max-video-preview:-1"},"canonical":"https:\/\/www.akustikksenter.no\/da\/butik\/installation-og-fastgorelse\/fastgorelsesskrue-med-daekkop\/","og_locale":"da_DK","og_type":"article","og_title":"Dekorkopp for skrue - Norsk Akustikksenter","og_description":"Feste for montering av akustikkplater til vegg eller tak. F\u00e5s i matt svart, hvit eller beige og polert aluminium. Best\u00e5r av 2 deler. Selges i pakker av 4 stk. Selve skruen for feste i veggen medf\u00f8lger ikke.","og_url":"https:\/\/www.akustikksenter.no\/da\/butik\/installation-og-fastgorelse\/fastgorelsesskrue-med-daekkop\/","og_site_name":"Norsk Akustikksenter","article_publisher":"https:\/\/www.facebook.com\/Akustikksenter\/","article_modified_time":"2026-02-24T09:50:59+00:00","og_image":[{"width":800,"height":703,"url":"https:\/\/www.akustikksenter.no\/wp-content\/uploads\/2015\/03\/86023-festeskrue-vegg.jpg","type":"image\/jpeg"}],"twitter_misc":{"Estimeret l\u00e6setid":"1 minut"},"schema":{"@context":"https:\/\/schema.org","@graph":[{"@type":"WebPage","@id":"https:\/\/www.akustikksenter.no\/butikk\/montasje-og-feste\/festeskrue-med-dekorkopp\/","url":"https:\/\/www.akustikksenter.no\/butikk\/montasje-og-feste\/festeskrue-med-dekorkopp\/","name":"D\u00e6kkop til skrue - Norsk Akustikksenter","isPartOf":{"@id":"https:\/\/www.akustikksenter.no\/#website"},"primaryImageOfPage":{"@id":"https:\/\/www.akustikksenter.no\/butikk\/montasje-og-feste\/festeskrue-med-dekorkopp\/#primaryimage"},"image":{"@id":"https:\/\/www.akustikksenter.no\/butikk\/montasje-og-feste\/festeskrue-med-dekorkopp\/#primaryimage"},"thumbnailUrl":"https:\/\/www.akustikksenter.no\/wp-content\/uploads\/2015\/03\/86023-festeskrue-vegg.jpg","datePublished":"2016-06-10T12:47:46+00:00","dateModified":"2026-02-24T09:50:59+00:00","description":"Beslag til montering af akustikpaneler p\u00e5 v\u00e6g eller loft. F\u00e5s i mat sort, hvid eller beige og poleret aluminium. Best\u00e5r af 2 dele. S\u00e6lges i pakker med 4 stk. Skruen til fastg\u00f8relse p\u00e5 v\u00e6ggen medf\u00f8lger ikke.","breadcrumb":{"@id":"https:\/\/www.akustikksenter.no\/butikk\/montasje-og-feste\/festeskrue-med-dekorkopp\/#breadcrumb"},"inLanguage":"da-DK","potentialAction":[{"@type":"ReadAction","target":["https:\/\/www.akustikksenter.no\/butikk\/montasje-og-feste\/festeskrue-med-dekorkopp\/"]}]},{"@type":"ImageObject","inLanguage":"da-DK","@id":"https:\/\/www.akustikksenter.no\/butikk\/montasje-og-feste\/festeskrue-med-dekorkopp\/#primaryimage","url":"https:\/\/www.akustikksenter.no\/wp-content\/uploads\/2015\/03\/86023-festeskrue-vegg.jpg","contentUrl":"https:\/\/www.akustikksenter.no\/wp-content\/uploads\/2015\/03\/86023-festeskrue-vegg.jpg","width":800,"height":703},{"@type":"BreadcrumbList","@id":"https:\/\/www.akustikksenter.no\/butikk\/montasje-og-feste\/festeskrue-med-dekorkopp\/#breadcrumb","itemListElement":[{"@type":"ListItem","position":1,"name":"Hjem","item":"https:\/\/www.akustikksenter.no\/"},{"@type":"ListItem","position":2,"name":"Nettbutikk","item":"https:\/\/www.akustikksenter.no\/nettbutikk\/"},{"@type":"ListItem","position":3,"name":"Dekorkopp for skrue"}]},{"@type":"WebSite","@id":"https:\/\/www.akustikksenter.no\/#website","url":"https:\/\/www.akustikksenter.no\/","name":"Norsk Akustik Center","description":"Totalleverand\u00f8r af akustiske l\u00f8sninger","publisher":{"@id":"https:\/\/www.akustikksenter.no\/#organization"},"potentialAction":[{"@type":"SearchAction","target":{"@type":"EntryPoint","urlTemplate":"https:\/\/www.akustikksenter.no\/?s={search_term_string}"},"query-input":{"@type":"PropertyValueSpecification","valueRequired":true,"valueName":"search_term_string"}}],"inLanguage":"da-DK"},{"@type":"Organization","@id":"https:\/\/www.akustikksenter.no\/#organization","name":"Norsk Akustik Center","alternateName":"Akustikksenter","url":"https:\/\/www.akustikksenter.no\/","logo":{"@type":"ImageObject","inLanguage":"da-DK","@id":"https:\/\/www.akustikksenter.no\/#\/schema\/logo\/image\/","url":"https:\/\/www.akustikksenter.no\/wp-content\/uploads\/2018\/02\/Norsk-Akkustikksenter_nyLogo_payoff-3-e1518606723632.png","contentUrl":"https:\/\/www.akustikksenter.no\/wp-content\/uploads\/2018\/02\/Norsk-Akkustikksenter_nyLogo_payoff-3-e1518606723632.png","width":232,"height":93,"caption":"Norsk Akustikksenter"},"image":{"@id":"https:\/\/www.akustikksenter.no\/#\/schema\/logo\/image\/"},"sameAs":["https:\/\/www.facebook.com\/Akustikksenter\/","https:\/\/www.pinterest.com\/akustikksenter\/","https:\/\/www.instagram.com\/akustikksenter_norway\/","https:\/\/no.linkedin.com\/company\/norsk-akustikksenter-as"]}]}},"_links":{"self":[{"href":"https:\/\/www.akustikksenter.no\/da\/wp-json\/wp\/v2\/product\/1818","targetHints":{"allow":["GET"]}}],"collection":[{"href":"https:\/\/www.akustikksenter.no\/da\/wp-json\/wp\/v2\/product"}],"about":[{"href":"https:\/\/www.akustikksenter.no\/da\/wp-json\/wp\/v2\/types\/product"}],"wp:featuredmedia":[{"embeddable":true,"href":"https:\/\/www.akustikksenter.no\/da\/wp-json\/wp\/v2\/media\/1820"}],"wp:attachment":[{"href":"https:\/\/www.akustikksenter.no\/da\/wp-json\/wp\/v2\/media?parent=1818"}],"wp:term":[{"taxonomy":"kampanje","embeddable":true,"href":"https:\/\/www.akustikksenter.no\/da\/wp-json\/wp\/v2\/kampanje?post=1818"},{"taxonomy":"product_brand","embeddable":true,"href":"https:\/\/www.akustikksenter.no\/da\/wp-json\/wp\/v2\/product_brand?post=1818"},{"taxonomy":"product_cat","embeddable":true,"href":"https:\/\/www.akustikksenter.no\/da\/wp-json\/wp\/v2\/product_cat?post=1818"},{"taxonomy":"product_tag","embeddable":true,"href":"https:\/\/www.akustikksenter.no\/da\/wp-json\/wp\/v2\/product_tag?post=1818"}],"curies":[{"name":"wp","href":"https:\/\/api.w.org\/{rel}","templated":true}]}}