{"id":2067,"date":"2016-06-12T13:25:16","date_gmt":"2016-06-12T11:25:16","guid":{"rendered":"https:\/\/www-akustikksenter.wp3.hcweb.dev\/?post_type=product&#038;p=2067"},"modified":"2026-02-24T14:21:56","modified_gmt":"2026-02-24T13:21:56","slug":"hygiejneluge-1540-mm","status":"publish","type":"product","link":"https:\/\/www.akustikksenter.no\/da\/butikk\/systemhimling\/loke-hygiene-1540mm\/","title":{"rendered":"Loke\u2122 15 mm hygiejne loftplade lydabsorberende"},"content":{"rendered":"<p><img decoding=\"async\" class=\"alignnone wp-image-5130\" src=\"https:\/\/www.akustikksenter.no\/wp-content\/uploads\/2018\/11\/klasse_A-300x300.png\" alt=\"\" width=\"70\" height=\"70\" \/><\/p>\n<p>Fliserne er ideelle til brug i k\u00f8kkener, brusebade, garderober og andre omr\u00e5der med meget trafik. Fliserne har fremragende lydabsorberende og lysreflekterende egenskaber og er derfor et klasse A-produkt. Panelerne f\u00e5s i forskellige formater. Panelerne er antibakterielle og svampedr\u00e6bende. Pladens overflade er vandt\u00e6t og kan derfor modst\u00e5 vask og fugtige milj\u00f8er.<\/p>\n<p><strong>Farve<\/strong>. Den n\u00e6rmeste farvekode er NCS S0502-Y. Lysrefleksion er 83%. Panelerne f\u00e5s i kantdesign A og E (E-kant p\u00e5 foresp\u00f8rgsel). Specialfarver kan bestilles (minimumsm\u00e6ngde er 100 m2).<\/p>\n<p><strong>Brandklasse.\u00a0<\/strong>A2-s1,d0, i henhold til EN 13501-1<\/p>\n<p><strong>Modstandsdygtig over for fugt. <\/strong>Kortet er dimensionsstabilt ved en relativ luftfugtighed p\u00e5 op til 90% og en temperatur p\u00e5 40\u00b0C.<\/p>\n<p><strong>Antibakteriel. <\/strong>Pladen er kant- og overfladebehandlet for at eliminere bakterier og svamp\/mug. Modstandsdygtighed over for svamp og skimmel er testet i overensstemmelse med ASTM G 21-13.<br \/>\nResistens over for Escherichia Coli og Staphylococcus er testet i henhold til ASTM E 2149-2013a. Modstandsdygtighed over for Staphylococcus Aureus ATCC 6538P, Escherichia Coli ATCC 8739 er testet i henhold til ISO 22196:2011. Vandbaserede kl\u00e6bemidler, der fastg\u00f8r pladens komponenter individuelt, behandles p\u00e5 samme m\u00e5de.<\/p>\n<p><strong>Reng\u00f8ring og vedligeholdelse<\/strong>. <em>Hygiejnisk overflade<\/em>. Panelets synlige overflade og kanter er belagt med vandfast maling, og panelet kan derfor vaskes med almindeligt husholdningsreng\u00f8ringsmiddel p\u00e5 disse sider. Efter vask vil panelet fremst\u00e5 rent efter t\u00f8rring. Hvis panelet overmales, vil det miste sine egenskaber.<\/p>\n<p><strong>Produktet er M1-certificeret. <\/strong>Det betyder, at produktet er blevet testet og opfylder de strengeste internationale krav til emissioner og ikke-brug af giftige komponenter. Der er s\u00e6rlige krav til akustiske produkter, som skal opfyldes for at opn\u00e5 M1-certificering.<\/p>\n<p style=\"margin: 0cm 0cm 18.0pt 0cm;\"><strong><span style=\"font-family: 'Lato',sans-serif; color: #262626;\">EPD (milj\u00f8varedeklaration).\u00a0<\/span><\/strong><span style=\"font-family: 'Lato',sans-serif; color: #262626;\">Produktet har afsluttet LCA-rapporten (Life Cycle Assessment) og modtaget et EPD-certifikat (Environmental Product Declaration).<\/span><\/p>","protected":false},"excerpt":{"rendered":"<p>Hygiejnisk disk. Meget god lydabsorption. Lydd\u00e6mpning, klasse A.  15 mm absorbent til systemloft for optimal akustisk l\u00f8sning. Gr\u00f8n produktion, h\u00f8j kvalitet og lang levetid g\u00f8r produktet meget b\u00e6redygtigt.<\/p>\n<p>Lydabsorberende. A+E-kant.<br \/>\n<strong>E-edge er en handelsvare.<\/strong><\/p>\n<h4><\/h4>","protected":false},"featured_media":2073,"template":"","meta":{"_acf_changed":false},"kampanje":[],"product_brand":[],"product_cat":[21],"product_tag":[330,293,331,332,333,334],"class_list":{"0":"post-2067","1":"product","2":"type-product","3":"status-publish","4":"has-post-thumbnail","6":"product_cat-systemhimling","7":"product_tag-hotell-restaurant-og-uteliv","8":"product_tag-hygiene","9":"product_tag-idrettshaller-og-treningssenter","10":"product_tag-industri-kjopesenter-og-butikk","11":"product_tag-kontor-moterom-og-kantine","12":"product_tag-skoler-og-barnehager","13":"pa_storrelse_type-vnr-86002hyg-60060040mm-a-kant-hvit-8-stk-288m","14":"pa_storrelse_type-vnr-86007hyg-30060040mm-b-kant-hvit-16-stk-288m","15":"pa_storrelse_type-vnr-86054hyg-59359315mm-a-kant-hvit-24-stk-864m","16":"pa_storrelse_type-vnr-86055hyg-593119315mm-a-kant-hvit-12stk-864m","18":"first","19":"instock","20":"taxable","21":"shipping-taxable","22":"purchasable","23":"product-type-variable"},"acf":[],"yoast_head":"<!-- This site is optimized with the Yoast SEO plugin v27.5 - https:\/\/yoast.com\/product\/yoast-seo-wordpress\/ -->\n<title>Loke\u2122 15mm Hygiene Himlingsplate lyddempende - Norsk Akustikksenter<\/title>\n<meta name=\"description\" content=\"Hygiene plate. S\u00e6rdeles god lydabsorbsjon. Lyddemping, klasse A.\u00a0 15 mm absorbent til systemhimling for optimal akustisk l\u00f8sning. M1 og EDP Sertifikat.\" \/>\n<meta name=\"robots\" content=\"index, follow, max-snippet:-1, max-image-preview:large, max-video-preview:-1\" \/>\n<link rel=\"canonical\" href=\"https:\/\/www.akustikksenter.no\/da\/butik\/systemloft\/hygiejneluge-1540-mm\/\" \/>\n<meta property=\"og:locale\" content=\"da_DK\" \/>\n<meta property=\"og:type\" content=\"article\" \/>\n<meta property=\"og:title\" content=\"Loke\u2122 15mm Hygiene Himlingsplate lyddempende - Norsk Akustikksenter\" \/>\n<meta property=\"og:description\" content=\"Hygiene plate. S\u00e6rdeles god lydabsorbsjon. Lyddemping, klasse A.\u00a0 15 mm absorbent til systemhimling for optimal akustisk l\u00f8sning. M1 og EDP Sertifikat.\" \/>\n<meta property=\"og:url\" content=\"https:\/\/www.akustikksenter.no\/da\/butik\/systemloft\/hygiejneluge-1540-mm\/\" \/>\n<meta property=\"og:site_name\" content=\"Norsk Akustikksenter\" \/>\n<meta property=\"article:publisher\" content=\"https:\/\/www.facebook.com\/Akustikksenter\/\" \/>\n<meta property=\"article:modified_time\" content=\"2026-02-24T13:21:56+00:00\" \/>\n<meta property=\"og:image\" content=\"https:\/\/www.akustikksenter.no\/wp-content\/uploads\/2015\/12\/86054HYG-e1657109209338.jpg\" \/>\n\t<meta property=\"og:image:width\" content=\"1348\" \/>\n\t<meta property=\"og:image:height\" content=\"1007\" \/>\n\t<meta property=\"og:image:type\" content=\"image\/jpeg\" \/>\n<meta name=\"twitter:label1\" content=\"Estimeret l\u00e6setid\" \/>\n\t<meta name=\"twitter:data1\" content=\"1 minut\" \/>\n<script type=\"application\/ld+json\" class=\"yoast-schema-graph\">{\"@context\":\"https:\\\/\\\/schema.org\",\"@graph\":[{\"@type\":\"WebPage\",\"@id\":\"https:\\\/\\\/www.akustikksenter.no\\\/butikk\\\/systemhimling\\\/loke-hygiene-1540mm\\\/\",\"url\":\"https:\\\/\\\/www.akustikksenter.no\\\/butikk\\\/systemhimling\\\/loke-hygiene-1540mm\\\/\",\"name\":\"Loke\u2122 15mm Hygiene Himlingsplate lyddempende - Norsk Akustikksenter\",\"isPartOf\":{\"@id\":\"https:\\\/\\\/www.akustikksenter.no\\\/#website\"},\"primaryImageOfPage\":{\"@id\":\"https:\\\/\\\/www.akustikksenter.no\\\/butikk\\\/systemhimling\\\/loke-hygiene-1540mm\\\/#primaryimage\"},\"image\":{\"@id\":\"https:\\\/\\\/www.akustikksenter.no\\\/butikk\\\/systemhimling\\\/loke-hygiene-1540mm\\\/#primaryimage\"},\"thumbnailUrl\":\"https:\\\/\\\/www.akustikksenter.no\\\/wp-content\\\/uploads\\\/2015\\\/12\\\/86054HYG-e1657109209338.jpg\",\"datePublished\":\"2016-06-12T11:25:16+00:00\",\"dateModified\":\"2026-02-24T13:21:56+00:00\",\"description\":\"Hygiene plate. S\u00e6rdeles god lydabsorbsjon. Lyddemping, klasse A.\u00a0 15 mm absorbent til systemhimling for optimal akustisk l\u00f8sning. M1 og EDP Sertifikat.\",\"breadcrumb\":{\"@id\":\"https:\\\/\\\/www.akustikksenter.no\\\/butikk\\\/systemhimling\\\/loke-hygiene-1540mm\\\/#breadcrumb\"},\"inLanguage\":\"da-DK\",\"potentialAction\":[{\"@type\":\"ReadAction\",\"target\":[\"https:\\\/\\\/www.akustikksenter.no\\\/butikk\\\/systemhimling\\\/loke-hygiene-1540mm\\\/\"]}]},{\"@type\":\"ImageObject\",\"inLanguage\":\"da-DK\",\"@id\":\"https:\\\/\\\/www.akustikksenter.no\\\/butikk\\\/systemhimling\\\/loke-hygiene-1540mm\\\/#primaryimage\",\"url\":\"https:\\\/\\\/www.akustikksenter.no\\\/wp-content\\\/uploads\\\/2015\\\/12\\\/86054HYG-e1657109209338.jpg\",\"contentUrl\":\"https:\\\/\\\/www.akustikksenter.no\\\/wp-content\\\/uploads\\\/2015\\\/12\\\/86054HYG-e1657109209338.jpg\",\"width\":1348,\"height\":1007},{\"@type\":\"BreadcrumbList\",\"@id\":\"https:\\\/\\\/www.akustikksenter.no\\\/butikk\\\/systemhimling\\\/loke-hygiene-1540mm\\\/#breadcrumb\",\"itemListElement\":[{\"@type\":\"ListItem\",\"position\":1,\"name\":\"Hjem\",\"item\":\"https:\\\/\\\/www.akustikksenter.no\\\/\"},{\"@type\":\"ListItem\",\"position\":2,\"name\":\"Nettbutikk\",\"item\":\"https:\\\/\\\/www.akustikksenter.no\\\/nettbutikk\\\/\"},{\"@type\":\"ListItem\",\"position\":3,\"name\":\"Loke\u2122 15mm Hygiene Himlingsplate lyddempende\"}]},{\"@type\":\"WebSite\",\"@id\":\"https:\\\/\\\/www.akustikksenter.no\\\/#website\",\"url\":\"https:\\\/\\\/www.akustikksenter.no\\\/\",\"name\":\"Norsk Akustikksenter\",\"description\":\"Totalleverand\u00f8r av akustikkl\u00f8sninger\",\"publisher\":{\"@id\":\"https:\\\/\\\/www.akustikksenter.no\\\/#organization\"},\"potentialAction\":[{\"@type\":\"SearchAction\",\"target\":{\"@type\":\"EntryPoint\",\"urlTemplate\":\"https:\\\/\\\/www.akustikksenter.no\\\/?s={search_term_string}\"},\"query-input\":{\"@type\":\"PropertyValueSpecification\",\"valueRequired\":true,\"valueName\":\"search_term_string\"}}],\"inLanguage\":\"da-DK\"},{\"@type\":\"Organization\",\"@id\":\"https:\\\/\\\/www.akustikksenter.no\\\/#organization\",\"name\":\"Norsk Akustikksenter\",\"alternateName\":\"Akustikksenter\",\"url\":\"https:\\\/\\\/www.akustikksenter.no\\\/\",\"logo\":{\"@type\":\"ImageObject\",\"inLanguage\":\"da-DK\",\"@id\":\"https:\\\/\\\/www.akustikksenter.no\\\/#\\\/schema\\\/logo\\\/image\\\/\",\"url\":\"https:\\\/\\\/www.akustikksenter.no\\\/wp-content\\\/uploads\\\/2018\\\/02\\\/Norsk-Akkustikksenter_nyLogo_payoff-3-e1518606723632.png\",\"contentUrl\":\"https:\\\/\\\/www.akustikksenter.no\\\/wp-content\\\/uploads\\\/2018\\\/02\\\/Norsk-Akkustikksenter_nyLogo_payoff-3-e1518606723632.png\",\"width\":232,\"height\":93,\"caption\":\"Norsk Akustikksenter\"},\"image\":{\"@id\":\"https:\\\/\\\/www.akustikksenter.no\\\/#\\\/schema\\\/logo\\\/image\\\/\"},\"sameAs\":[\"https:\\\/\\\/www.facebook.com\\\/Akustikksenter\\\/\",\"https:\\\/\\\/www.pinterest.com\\\/akustikksenter\\\/\",\"https:\\\/\\\/www.instagram.com\\\/akustikksenter_norway\\\/\",\"https:\\\/\\\/no.linkedin.com\\\/company\\\/norsk-akustikksenter-as\"]}]}<\/script>\n<!-- \/ Yoast SEO plugin. -->","yoast_head_json":{"title":"Loke\u2122 15mm Hygiene Loftplade lydabsorberende - Norsk Akustikksenter","description":"Hygiejnisk skive. Ekstremt god lydabsorption. Lydabsorption, klasse A.  15 mm absorber til systemloft for optimal akustisk l\u00f8sning. M1- og EDP-certifikat.","robots":{"index":"index","follow":"follow","max-snippet":"max-snippet:-1","max-image-preview":"max-image-preview:large","max-video-preview":"max-video-preview:-1"},"canonical":"https:\/\/www.akustikksenter.no\/da\/butik\/systemloft\/hygiejneluge-1540-mm\/","og_locale":"da_DK","og_type":"article","og_title":"Loke\u2122 15mm Hygiene Himlingsplate lyddempende - Norsk Akustikksenter","og_description":"Hygiene plate. S\u00e6rdeles god lydabsorbsjon. Lyddemping, klasse A.\u00a0 15 mm absorbent til systemhimling for optimal akustisk l\u00f8sning. M1 og EDP Sertifikat.","og_url":"https:\/\/www.akustikksenter.no\/da\/butik\/systemloft\/hygiejneluge-1540-mm\/","og_site_name":"Norsk Akustikksenter","article_publisher":"https:\/\/www.facebook.com\/Akustikksenter\/","article_modified_time":"2026-02-24T13:21:56+00:00","og_image":[{"width":1348,"height":1007,"url":"https:\/\/www.akustikksenter.no\/wp-content\/uploads\/2015\/12\/86054HYG-e1657109209338.jpg","type":"image\/jpeg"}],"twitter_misc":{"Estimeret l\u00e6setid":"1 minut"},"schema":{"@context":"https:\/\/schema.org","@graph":[{"@type":"WebPage","@id":"https:\/\/www.akustikksenter.no\/butikk\/systemhimling\/loke-hygiene-1540mm\/","url":"https:\/\/www.akustikksenter.no\/butikk\/systemhimling\/loke-hygiene-1540mm\/","name":"Loke\u2122 15mm Hygiene Loftplade lydabsorberende - Norsk Akustikksenter","isPartOf":{"@id":"https:\/\/www.akustikksenter.no\/#website"},"primaryImageOfPage":{"@id":"https:\/\/www.akustikksenter.no\/butikk\/systemhimling\/loke-hygiene-1540mm\/#primaryimage"},"image":{"@id":"https:\/\/www.akustikksenter.no\/butikk\/systemhimling\/loke-hygiene-1540mm\/#primaryimage"},"thumbnailUrl":"https:\/\/www.akustikksenter.no\/wp-content\/uploads\/2015\/12\/86054HYG-e1657109209338.jpg","datePublished":"2016-06-12T11:25:16+00:00","dateModified":"2026-02-24T13:21:56+00:00","description":"Hygiejnisk skive. Ekstremt god lydabsorption. Lydabsorption, klasse A.  15 mm absorber til systemloft for optimal akustisk l\u00f8sning. M1- og EDP-certifikat.","breadcrumb":{"@id":"https:\/\/www.akustikksenter.no\/butikk\/systemhimling\/loke-hygiene-1540mm\/#breadcrumb"},"inLanguage":"da-DK","potentialAction":[{"@type":"ReadAction","target":["https:\/\/www.akustikksenter.no\/butikk\/systemhimling\/loke-hygiene-1540mm\/"]}]},{"@type":"ImageObject","inLanguage":"da-DK","@id":"https:\/\/www.akustikksenter.no\/butikk\/systemhimling\/loke-hygiene-1540mm\/#primaryimage","url":"https:\/\/www.akustikksenter.no\/wp-content\/uploads\/2015\/12\/86054HYG-e1657109209338.jpg","contentUrl":"https:\/\/www.akustikksenter.no\/wp-content\/uploads\/2015\/12\/86054HYG-e1657109209338.jpg","width":1348,"height":1007},{"@type":"BreadcrumbList","@id":"https:\/\/www.akustikksenter.no\/butikk\/systemhimling\/loke-hygiene-1540mm\/#breadcrumb","itemListElement":[{"@type":"ListItem","position":1,"name":"Hjem","item":"https:\/\/www.akustikksenter.no\/"},{"@type":"ListItem","position":2,"name":"Nettbutikk","item":"https:\/\/www.akustikksenter.no\/nettbutikk\/"},{"@type":"ListItem","position":3,"name":"Loke\u2122 15mm Hygiene Himlingsplate lyddempende"}]},{"@type":"WebSite","@id":"https:\/\/www.akustikksenter.no\/#website","url":"https:\/\/www.akustikksenter.no\/","name":"Norsk Akustik Center","description":"Totalleverand\u00f8r af akustiske l\u00f8sninger","publisher":{"@id":"https:\/\/www.akustikksenter.no\/#organization"},"potentialAction":[{"@type":"SearchAction","target":{"@type":"EntryPoint","urlTemplate":"https:\/\/www.akustikksenter.no\/?s={search_term_string}"},"query-input":{"@type":"PropertyValueSpecification","valueRequired":true,"valueName":"search_term_string"}}],"inLanguage":"da-DK"},{"@type":"Organization","@id":"https:\/\/www.akustikksenter.no\/#organization","name":"Norsk Akustik Center","alternateName":"Akustikksenter","url":"https:\/\/www.akustikksenter.no\/","logo":{"@type":"ImageObject","inLanguage":"da-DK","@id":"https:\/\/www.akustikksenter.no\/#\/schema\/logo\/image\/","url":"https:\/\/www.akustikksenter.no\/wp-content\/uploads\/2018\/02\/Norsk-Akkustikksenter_nyLogo_payoff-3-e1518606723632.png","contentUrl":"https:\/\/www.akustikksenter.no\/wp-content\/uploads\/2018\/02\/Norsk-Akkustikksenter_nyLogo_payoff-3-e1518606723632.png","width":232,"height":93,"caption":"Norsk Akustikksenter"},"image":{"@id":"https:\/\/www.akustikksenter.no\/#\/schema\/logo\/image\/"},"sameAs":["https:\/\/www.facebook.com\/Akustikksenter\/","https:\/\/www.pinterest.com\/akustikksenter\/","https:\/\/www.instagram.com\/akustikksenter_norway\/","https:\/\/no.linkedin.com\/company\/norsk-akustikksenter-as"]}]}},"_links":{"self":[{"href":"https:\/\/www.akustikksenter.no\/da\/wp-json\/wp\/v2\/product\/2067","targetHints":{"allow":["GET"]}}],"collection":[{"href":"https:\/\/www.akustikksenter.no\/da\/wp-json\/wp\/v2\/product"}],"about":[{"href":"https:\/\/www.akustikksenter.no\/da\/wp-json\/wp\/v2\/types\/product"}],"wp:featuredmedia":[{"embeddable":true,"href":"https:\/\/www.akustikksenter.no\/da\/wp-json\/wp\/v2\/media\/2073"}],"wp:attachment":[{"href":"https:\/\/www.akustikksenter.no\/da\/wp-json\/wp\/v2\/media?parent=2067"}],"wp:term":[{"taxonomy":"kampanje","embeddable":true,"href":"https:\/\/www.akustikksenter.no\/da\/wp-json\/wp\/v2\/kampanje?post=2067"},{"taxonomy":"product_brand","embeddable":true,"href":"https:\/\/www.akustikksenter.no\/da\/wp-json\/wp\/v2\/product_brand?post=2067"},{"taxonomy":"product_cat","embeddable":true,"href":"https:\/\/www.akustikksenter.no\/da\/wp-json\/wp\/v2\/product_cat?post=2067"},{"taxonomy":"product_tag","embeddable":true,"href":"https:\/\/www.akustikksenter.no\/da\/wp-json\/wp\/v2\/product_tag?post=2067"}],"curies":[{"name":"wp","href":"https:\/\/api.w.org\/{rel}","templated":true}]}}