{"id":2172,"date":"2016-01-20T08:52:04","date_gmt":"2016-01-20T07:52:04","guid":{"rendered":"https:\/\/www-akustikksenter.wp3.hcweb.dev\/butikk\/lyddempende-produkter\/loke-hygiene-40mm\/"},"modified":"2026-05-12T11:14:13","modified_gmt":"2026-05-12T09:14:13","slug":"loke-hygiejne-40mm","status":"publish","type":"product","link":"https:\/\/www.akustikksenter.no\/da\/butikk\/direkte-monterte-absorbenter-vegg-og-tak\/loke-hygiene-40mm\/","title":{"rendered":"Loke\u2122 Hygiene 40 mm lydd\u00e6mpende skive"},"content":{"rendered":"<p><img decoding=\"async\" class=\"alignnone wp-image-5130\" src=\"https:\/\/www.akustikksenter.no\/wp-content\/uploads\/2018\/11\/klasse_A-150x150.png\" alt=\"\" width=\"57\" height=\"57\" \/><\/p>\n<p>Fliserne er ideelle til brug i k\u00f8kkener, brusebade, garderober og andre omr\u00e5der med meget trafik. Fliserne har fremragende lydabsorberende og lysreflekterende egenskaber og er derfor et klasse A-produkt. Panelerne kan bestilles i forskellige st\u00f8rrelser. Panelerne er antibakterielle og svampedr\u00e6bende. Pladens overflade er vandt\u00e6t og kan derfor modst\u00e5 vask og fugtige milj\u00f8er.<\/p>\n<p>Panelet er designet specielt til installation direkte p\u00e5 loftet eller v\u00e6ggen, hvor der ikke er plads til et traditionelt oph\u00e6ngningssystem. Absorptionsklasse A, \u00aaw er beregnet til 1,00 i henhold til ISO 11654. Lysrefleksion er 84%. Panelerne f\u00e5s i kantdesign B.<\/p>\n<p>Panelet monteres\/limes direkte p\u00e5 loftet eller v\u00e6ggen. Fastg\u00f8res med lim. Du skal bruge 1 patron til 2 m2 absorberende materiale.\u00a0<a href=\"https:\/\/www.akustikksenter.no\/da\/butik\/ophaengning-og-fastgorelse\/montagelim-med-hoj-klaebeevne\/\">Lim til tag<\/a>\u00a0 og\u00a0<a href=\"https:\/\/www.akustikksenter.no\/da\/butik\/installation-og-fastgorelse\/fix-alle-x-treme\/\">Kl\u00e6ber til v\u00e6gge og skr\u00e5 tage<\/a><\/p>\n<p><strong>St\u00f8rrelser. <\/strong>Standardst\u00f8rrelser p\u00e5 lager. Specialst\u00f8rrelser og -farver kan bestilles.<\/p>\n<p><strong>Farver. <\/strong>Hvid. Den n\u00e6rmeste hvide farvekode er NCS 0502-Y.<\/p>\n<p><strong>Brandklasse <\/strong>A2-s1, d0, i henhold til EN 13501-1<\/p>\n<p><strong>Produktet er M1-certificeret.<\/strong>\u00a0Det betyder, at produktet er blevet testet og opfylder de strengeste internationale krav til emissioner og ikke-brug af giftige komponenter. Der er specifikke krav til akustiske produkter, der skal opfyldes for at opn\u00e5 M1-certificering<\/p>\n<p><strong>Reng\u00f8ring og vedligeholdelse<\/strong>. Pladen har en overflade, der g\u00f8r det muligt at st\u00f8ve af, st\u00f8vsuge og vaske forsigtigt med en let fugtig klud. Hvis pladen males over, vil den miste sine egenskaber.<\/p>\n<p><strong>Hygiejnisk overflade.<\/strong> Panelets synlige overflade og kanter er belagt med vandfast maling, og panelet kan derfor vaskes med almindeligt husholdningsreng\u00f8ringsmiddel p\u00e5 disse sider. Efter vask vil pladen fremst\u00e5 ren efter t\u00f8rring.<\/p>\n<p><strong>Antibakteriel overflade, <\/strong>Pladen er kant- og overfladebehandlet for at eliminere bakterier og svamp\/mug. Modstandsdygtighed over for svamp og skimmel er testet i overensstemmelse med ASTM G 21-13.<br \/>\nResistens over for Escherichia Coli og Staphylococcus er testet i henhold til ASTM E 2149-2013a. Modstandsdygtighed over for Staphylococcus Aureus ATCC 6538P, Escherichia Coli ATCC 8739 er testet i henhold til ISO 22196:2011. Vandbaserede kl\u00e6bemidler, der fastg\u00f8r pladens komponenter individuelt, behandles p\u00e5 samme m\u00e5de.<\/p>\n<p style=\"margin: 0cm 0cm 18.0pt 0cm;\"><strong><span style=\"font-family: 'Lato',sans-serif; color: #262626;\">Isolerende egenskaber.\u00a0<\/span><\/strong><span style=\"font-family: 'Lato',sans-serif; color: #262626;\">Absorberne har meget gode isoleringsegenskaber. Laboratorietestet i overensstemmelse med g\u00e6ldende regler. Termisk varmeledningsevne \/ Lambda-v\u00e6rdi = 0,033 W\/(m-K). Termisk varmemodstand = 1,191 (m2-K)\/W.<\/span><\/p>\n<p style=\"box-sizing: border-box; font-variant-ligatures: normal; font-variant-caps: normal; orphans: 2; text-align: start; widows: 2; -webkit-text-stroke-width: 0px; text-decoration-thickness: initial; text-decoration-style: initial; text-decoration-color: initial; word-spacing: 0px; margin: 0cm 0cm 18.0pt 0cm;\"><strong style=\"box-sizing: border-box;\"><span style=\"font-family: 'Lato',sans-serif; color: #262626;\">EPD (milj\u00f8varedeklaration).\u00a0<\/span><\/strong><span style=\"font-family: 'Lato',sans-serif; color: #262626;\">Produktet har afsluttet LCA-rapporten (Life Cycle Assessment) og modtaget et EPD-certifikat (Environmental Product Declaration).<\/span><\/p>","protected":false},"excerpt":{"rendered":"<p>Hygiejnepanel med vandt\u00e6t overflade og ekstremt god lydabsorption - lydd\u00e6mpning, klasse A.  Panelet er 40 mm og er specielt udviklet til montering direkte p\u00e5 lofter eller v\u00e6gge.<\/p>\n<p>Gr\u00f8n produktion, h\u00f8j kvalitet og lang levetid g\u00f8r produktet meget b\u00e6redygtigt.<\/p>\n<p>&nbsp;<\/p>","protected":false},"featured_media":2069,"template":"","meta":{"_acf_changed":false},"kampanje":[],"product_brand":[],"product_cat":[18],"product_tag":[330,293,331,332,333,327,334,289],"class_list":{"0":"post-2172","1":"product","2":"type-product","3":"status-publish","4":"has-post-thumbnail","6":"product_cat-direkte-monterte-absorbenter-vegg-og-tak","7":"product_tag-hotell-restaurant-og-uteliv","8":"product_tag-hygiene","9":"product_tag-idrettshaller-og-treningssenter","10":"product_tag-industri-kjopesenter-og-butikk","11":"product_tag-kontor-moterom-og-kantine","12":"product_tag-privat-bolig","13":"product_tag-skoler-og-barnehager","14":"product_tag-tak","15":"pa_storrelse_type-vnr-86002hyg-60060040mm-a-kant-hvit-8-stk-288m","16":"pa_storrelse_type-vnr-86007hyg-30060040mm-b-kant-hvit-16-stk-288m","17":"pa_storrelse_type-vnr-86054hyg-59359315mm-a-kant-hvit-24-stk-864m","18":"pa_storrelse_type-vnr-86055hyg-593119315mm-a-kant-hvit-12stk-864m","20":"first","21":"instock","22":"taxable","23":"shipping-taxable","24":"purchasable","25":"product-type-variable"},"acf":[],"yoast_head":"<!-- This site is optimized with the Yoast SEO plugin v27.5 - https:\/\/yoast.com\/product\/yoast-seo-wordpress\/ -->\n<title>Loke\u2122 Hygiene 40mm lyddempende plate - Norsk Akustikksenter<\/title>\n<meta name=\"description\" content=\"Hygieneplate med vanntett overflate og s\u00e6rdeles god lydabsorbsjon. Lyddemping, klasse A. Platen er 40 mm og utviklet spesielt til montasje direkte i tak eller p\u00e5 vegg. M1 og EPD Sertifikat.\" \/>\n<meta name=\"robots\" content=\"index, follow, max-snippet:-1, max-image-preview:large, max-video-preview:-1\" \/>\n<link rel=\"canonical\" href=\"https:\/\/www.akustikksenter.no\/da\/butik\/direkte-monterede-absorbenter-til-vaeg-og-loft\/loke-hygiejne-40mm\/\" \/>\n<meta property=\"og:locale\" content=\"da_DK\" \/>\n<meta property=\"og:type\" content=\"article\" \/>\n<meta property=\"og:title\" content=\"Loke\u2122 Hygiene 40mm lyddempende plate - Norsk Akustikksenter\" \/>\n<meta property=\"og:description\" content=\"Hygieneplate med vanntett overflate og s\u00e6rdeles god lydabsorbsjon. Lyddemping, klasse A. Platen er 40 mm og utviklet spesielt til montasje direkte i tak eller p\u00e5 vegg. M1 og EPD Sertifikat.\" \/>\n<meta property=\"og:url\" content=\"https:\/\/www.akustikksenter.no\/da\/butik\/direkte-monterede-absorbenter-til-vaeg-og-loft\/loke-hygiejne-40mm\/\" \/>\n<meta property=\"og:site_name\" content=\"Norsk Akustikksenter\" \/>\n<meta property=\"article:publisher\" content=\"https:\/\/www.facebook.com\/Akustikksenter\/\" \/>\n<meta property=\"article:modified_time\" content=\"2026-05-12T09:14:13+00:00\" \/>\n<meta property=\"og:image\" content=\"https:\/\/www.akustikksenter.no\/wp-content\/uploads\/2015\/12\/86002HYG-loke-b-kant-600x600x40.jpg\" \/>\n\t<meta property=\"og:image:width\" content=\"1600\" \/>\n\t<meta property=\"og:image:height\" content=\"1007\" \/>\n\t<meta property=\"og:image:type\" content=\"image\/jpeg\" \/>\n<meta name=\"twitter:label1\" content=\"Estimeret l\u00e6setid\" \/>\n\t<meta name=\"twitter:data1\" content=\"3 minutter\" \/>\n<script type=\"application\/ld+json\" class=\"yoast-schema-graph\">{\"@context\":\"https:\\\/\\\/schema.org\",\"@graph\":[{\"@type\":\"WebPage\",\"@id\":\"https:\\\/\\\/www.akustikksenter.no\\\/butikk\\\/direkte-monterte-absorbenter-vegg-og-tak\\\/loke-hygiene-40mm\\\/\",\"url\":\"https:\\\/\\\/www.akustikksenter.no\\\/butikk\\\/direkte-monterte-absorbenter-vegg-og-tak\\\/loke-hygiene-40mm\\\/\",\"name\":\"Loke\u2122 Hygiene 40mm lyddempende plate - Norsk Akustikksenter\",\"isPartOf\":{\"@id\":\"https:\\\/\\\/www.akustikksenter.no\\\/#website\"},\"primaryImageOfPage\":{\"@id\":\"https:\\\/\\\/www.akustikksenter.no\\\/butikk\\\/direkte-monterte-absorbenter-vegg-og-tak\\\/loke-hygiene-40mm\\\/#primaryimage\"},\"image\":{\"@id\":\"https:\\\/\\\/www.akustikksenter.no\\\/butikk\\\/direkte-monterte-absorbenter-vegg-og-tak\\\/loke-hygiene-40mm\\\/#primaryimage\"},\"thumbnailUrl\":\"https:\\\/\\\/www.akustikksenter.no\\\/wp-content\\\/uploads\\\/2015\\\/12\\\/86002HYG-loke-b-kant-600x600x40.jpg\",\"datePublished\":\"2016-01-20T07:52:04+00:00\",\"dateModified\":\"2026-05-12T09:14:13+00:00\",\"description\":\"Hygieneplate med vanntett overflate og s\u00e6rdeles god lydabsorbsjon. Lyddemping, klasse A. Platen er 40 mm og utviklet spesielt til montasje direkte i tak eller p\u00e5 vegg. M1 og EPD Sertifikat.\",\"breadcrumb\":{\"@id\":\"https:\\\/\\\/www.akustikksenter.no\\\/butikk\\\/direkte-monterte-absorbenter-vegg-og-tak\\\/loke-hygiene-40mm\\\/#breadcrumb\"},\"inLanguage\":\"da-DK\",\"potentialAction\":[{\"@type\":\"ReadAction\",\"target\":[\"https:\\\/\\\/www.akustikksenter.no\\\/butikk\\\/direkte-monterte-absorbenter-vegg-og-tak\\\/loke-hygiene-40mm\\\/\"]}]},{\"@type\":\"ImageObject\",\"inLanguage\":\"da-DK\",\"@id\":\"https:\\\/\\\/www.akustikksenter.no\\\/butikk\\\/direkte-monterte-absorbenter-vegg-og-tak\\\/loke-hygiene-40mm\\\/#primaryimage\",\"url\":\"https:\\\/\\\/www.akustikksenter.no\\\/wp-content\\\/uploads\\\/2015\\\/12\\\/86002HYG-loke-b-kant-600x600x40.jpg\",\"contentUrl\":\"https:\\\/\\\/www.akustikksenter.no\\\/wp-content\\\/uploads\\\/2015\\\/12\\\/86002HYG-loke-b-kant-600x600x40.jpg\",\"width\":1600,\"height\":1007},{\"@type\":\"BreadcrumbList\",\"@id\":\"https:\\\/\\\/www.akustikksenter.no\\\/butikk\\\/direkte-monterte-absorbenter-vegg-og-tak\\\/loke-hygiene-40mm\\\/#breadcrumb\",\"itemListElement\":[{\"@type\":\"ListItem\",\"position\":1,\"name\":\"Hjem\",\"item\":\"https:\\\/\\\/www.akustikksenter.no\\\/\"},{\"@type\":\"ListItem\",\"position\":2,\"name\":\"Nettbutikk\",\"item\":\"https:\\\/\\\/www.akustikksenter.no\\\/nettbutikk\\\/\"},{\"@type\":\"ListItem\",\"position\":3,\"name\":\"Loke\u2122 Hygiene 40mm lyddempende plate\"}]},{\"@type\":\"WebSite\",\"@id\":\"https:\\\/\\\/www.akustikksenter.no\\\/#website\",\"url\":\"https:\\\/\\\/www.akustikksenter.no\\\/\",\"name\":\"Norsk Akustikksenter\",\"description\":\"Totalleverand\u00f8r av akustikkl\u00f8sninger\",\"publisher\":{\"@id\":\"https:\\\/\\\/www.akustikksenter.no\\\/#organization\"},\"potentialAction\":[{\"@type\":\"SearchAction\",\"target\":{\"@type\":\"EntryPoint\",\"urlTemplate\":\"https:\\\/\\\/www.akustikksenter.no\\\/?s={search_term_string}\"},\"query-input\":{\"@type\":\"PropertyValueSpecification\",\"valueRequired\":true,\"valueName\":\"search_term_string\"}}],\"inLanguage\":\"da-DK\"},{\"@type\":\"Organization\",\"@id\":\"https:\\\/\\\/www.akustikksenter.no\\\/#organization\",\"name\":\"Norsk Akustikksenter\",\"alternateName\":\"Akustikksenter\",\"url\":\"https:\\\/\\\/www.akustikksenter.no\\\/\",\"logo\":{\"@type\":\"ImageObject\",\"inLanguage\":\"da-DK\",\"@id\":\"https:\\\/\\\/www.akustikksenter.no\\\/#\\\/schema\\\/logo\\\/image\\\/\",\"url\":\"https:\\\/\\\/www.akustikksenter.no\\\/wp-content\\\/uploads\\\/2018\\\/02\\\/Norsk-Akkustikksenter_nyLogo_payoff-3-e1518606723632.png\",\"contentUrl\":\"https:\\\/\\\/www.akustikksenter.no\\\/wp-content\\\/uploads\\\/2018\\\/02\\\/Norsk-Akkustikksenter_nyLogo_payoff-3-e1518606723632.png\",\"width\":232,\"height\":93,\"caption\":\"Norsk Akustikksenter\"},\"image\":{\"@id\":\"https:\\\/\\\/www.akustikksenter.no\\\/#\\\/schema\\\/logo\\\/image\\\/\"},\"sameAs\":[\"https:\\\/\\\/www.facebook.com\\\/Akustikksenter\\\/\",\"https:\\\/\\\/www.pinterest.com\\\/akustikksenter\\\/\",\"https:\\\/\\\/www.instagram.com\\\/akustikksenter_norway\\\/\",\"https:\\\/\\\/no.linkedin.com\\\/company\\\/norsk-akustikksenter-as\"]}]}<\/script>\n<!-- \/ Yoast SEO plugin. -->","yoast_head_json":{"title":"Loke\u2122 Hygiene 40mm lydabsorberende panel - Norsk Akustikcenter","description":"Hygiejneplade med vandt\u00e6t overflade og fremragende lydabsorption. Lydabsorption, klasse A. Pladen er 40 mm og er specielt udviklet til montering direkte p\u00e5 lofter eller v\u00e6gge. M1- og EPD-certifikat.","robots":{"index":"index","follow":"follow","max-snippet":"max-snippet:-1","max-image-preview":"max-image-preview:large","max-video-preview":"max-video-preview:-1"},"canonical":"https:\/\/www.akustikksenter.no\/da\/butik\/direkte-monterede-absorbenter-til-vaeg-og-loft\/loke-hygiejne-40mm\/","og_locale":"da_DK","og_type":"article","og_title":"Loke\u2122 Hygiene 40mm lyddempende plate - Norsk Akustikksenter","og_description":"Hygieneplate med vanntett overflate og s\u00e6rdeles god lydabsorbsjon. Lyddemping, klasse A. Platen er 40 mm og utviklet spesielt til montasje direkte i tak eller p\u00e5 vegg. M1 og EPD Sertifikat.","og_url":"https:\/\/www.akustikksenter.no\/da\/butik\/direkte-monterede-absorbenter-til-vaeg-og-loft\/loke-hygiejne-40mm\/","og_site_name":"Norsk Akustikksenter","article_publisher":"https:\/\/www.facebook.com\/Akustikksenter\/","article_modified_time":"2026-05-12T09:14:13+00:00","og_image":[{"width":1600,"height":1007,"url":"https:\/\/www.akustikksenter.no\/wp-content\/uploads\/2015\/12\/86002HYG-loke-b-kant-600x600x40.jpg","type":"image\/jpeg"}],"twitter_misc":{"Estimeret l\u00e6setid":"3 minutter"},"schema":{"@context":"https:\/\/schema.org","@graph":[{"@type":"WebPage","@id":"https:\/\/www.akustikksenter.no\/butikk\/direkte-monterte-absorbenter-vegg-og-tak\/loke-hygiene-40mm\/","url":"https:\/\/www.akustikksenter.no\/butikk\/direkte-monterte-absorbenter-vegg-og-tak\/loke-hygiene-40mm\/","name":"Loke\u2122 Hygiene 40mm lydabsorberende panel - Norsk Akustikcenter","isPartOf":{"@id":"https:\/\/www.akustikksenter.no\/#website"},"primaryImageOfPage":{"@id":"https:\/\/www.akustikksenter.no\/butikk\/direkte-monterte-absorbenter-vegg-og-tak\/loke-hygiene-40mm\/#primaryimage"},"image":{"@id":"https:\/\/www.akustikksenter.no\/butikk\/direkte-monterte-absorbenter-vegg-og-tak\/loke-hygiene-40mm\/#primaryimage"},"thumbnailUrl":"https:\/\/www.akustikksenter.no\/wp-content\/uploads\/2015\/12\/86002HYG-loke-b-kant-600x600x40.jpg","datePublished":"2016-01-20T07:52:04+00:00","dateModified":"2026-05-12T09:14:13+00:00","description":"Hygiejneplade med vandt\u00e6t overflade og fremragende lydabsorption. Lydabsorption, klasse A. Pladen er 40 mm og er specielt udviklet til montering direkte p\u00e5 lofter eller v\u00e6gge. M1- og EPD-certifikat.","breadcrumb":{"@id":"https:\/\/www.akustikksenter.no\/butikk\/direkte-monterte-absorbenter-vegg-og-tak\/loke-hygiene-40mm\/#breadcrumb"},"inLanguage":"da-DK","potentialAction":[{"@type":"ReadAction","target":["https:\/\/www.akustikksenter.no\/butikk\/direkte-monterte-absorbenter-vegg-og-tak\/loke-hygiene-40mm\/"]}]},{"@type":"ImageObject","inLanguage":"da-DK","@id":"https:\/\/www.akustikksenter.no\/butikk\/direkte-monterte-absorbenter-vegg-og-tak\/loke-hygiene-40mm\/#primaryimage","url":"https:\/\/www.akustikksenter.no\/wp-content\/uploads\/2015\/12\/86002HYG-loke-b-kant-600x600x40.jpg","contentUrl":"https:\/\/www.akustikksenter.no\/wp-content\/uploads\/2015\/12\/86002HYG-loke-b-kant-600x600x40.jpg","width":1600,"height":1007},{"@type":"BreadcrumbList","@id":"https:\/\/www.akustikksenter.no\/butikk\/direkte-monterte-absorbenter-vegg-og-tak\/loke-hygiene-40mm\/#breadcrumb","itemListElement":[{"@type":"ListItem","position":1,"name":"Hjem","item":"https:\/\/www.akustikksenter.no\/"},{"@type":"ListItem","position":2,"name":"Nettbutikk","item":"https:\/\/www.akustikksenter.no\/nettbutikk\/"},{"@type":"ListItem","position":3,"name":"Loke\u2122 Hygiene 40mm lyddempende plate"}]},{"@type":"WebSite","@id":"https:\/\/www.akustikksenter.no\/#website","url":"https:\/\/www.akustikksenter.no\/","name":"Norsk Akustik Center","description":"Totalleverand\u00f8r af akustiske l\u00f8sninger","publisher":{"@id":"https:\/\/www.akustikksenter.no\/#organization"},"potentialAction":[{"@type":"SearchAction","target":{"@type":"EntryPoint","urlTemplate":"https:\/\/www.akustikksenter.no\/?s={search_term_string}"},"query-input":{"@type":"PropertyValueSpecification","valueRequired":true,"valueName":"search_term_string"}}],"inLanguage":"da-DK"},{"@type":"Organization","@id":"https:\/\/www.akustikksenter.no\/#organization","name":"Norsk Akustik Center","alternateName":"Akustikksenter","url":"https:\/\/www.akustikksenter.no\/","logo":{"@type":"ImageObject","inLanguage":"da-DK","@id":"https:\/\/www.akustikksenter.no\/#\/schema\/logo\/image\/","url":"https:\/\/www.akustikksenter.no\/wp-content\/uploads\/2018\/02\/Norsk-Akkustikksenter_nyLogo_payoff-3-e1518606723632.png","contentUrl":"https:\/\/www.akustikksenter.no\/wp-content\/uploads\/2018\/02\/Norsk-Akkustikksenter_nyLogo_payoff-3-e1518606723632.png","width":232,"height":93,"caption":"Norsk Akustikksenter"},"image":{"@id":"https:\/\/www.akustikksenter.no\/#\/schema\/logo\/image\/"},"sameAs":["https:\/\/www.facebook.com\/Akustikksenter\/","https:\/\/www.pinterest.com\/akustikksenter\/","https:\/\/www.instagram.com\/akustikksenter_norway\/","https:\/\/no.linkedin.com\/company\/norsk-akustikksenter-as"]}]}},"_links":{"self":[{"href":"https:\/\/www.akustikksenter.no\/da\/wp-json\/wp\/v2\/product\/2172","targetHints":{"allow":["GET"]}}],"collection":[{"href":"https:\/\/www.akustikksenter.no\/da\/wp-json\/wp\/v2\/product"}],"about":[{"href":"https:\/\/www.akustikksenter.no\/da\/wp-json\/wp\/v2\/types\/product"}],"wp:featuredmedia":[{"embeddable":true,"href":"https:\/\/www.akustikksenter.no\/da\/wp-json\/wp\/v2\/media\/2069"}],"wp:attachment":[{"href":"https:\/\/www.akustikksenter.no\/da\/wp-json\/wp\/v2\/media?parent=2172"}],"wp:term":[{"taxonomy":"kampanje","embeddable":true,"href":"https:\/\/www.akustikksenter.no\/da\/wp-json\/wp\/v2\/kampanje?post=2172"},{"taxonomy":"product_brand","embeddable":true,"href":"https:\/\/www.akustikksenter.no\/da\/wp-json\/wp\/v2\/product_brand?post=2172"},{"taxonomy":"product_cat","embeddable":true,"href":"https:\/\/www.akustikksenter.no\/da\/wp-json\/wp\/v2\/product_cat?post=2172"},{"taxonomy":"product_tag","embeddable":true,"href":"https:\/\/www.akustikksenter.no\/da\/wp-json\/wp\/v2\/product_tag?post=2172"}],"curies":[{"name":"wp","href":"https:\/\/api.w.org\/{rel}","templated":true}]}}