{"id":2232,"date":"2017-06-16T22:21:45","date_gmt":"2017-06-16T20:21:45","guid":{"rendered":"https:\/\/www-akustikksenter.wp3.hcweb.dev\/?post_type=product&#038;p=2232"},"modified":"2026-03-11T11:36:53","modified_gmt":"2026-03-11T10:36:53","slug":"loke-db-49mm","status":"publish","type":"product","link":"https:\/\/www.akustikksenter.no\/da\/butikk\/systemhimling\/loke-db-49mm\/","title":{"rendered":"Loke\u2122 dB 49 mm Lydblokerende plade"},"content":{"rendered":"<p><img decoding=\"async\" class=\"alignnone wp-image-5130\" src=\"https:\/\/www.akustikksenter.no\/wp-content\/uploads\/2018\/11\/klasse_A-150x150.png\" alt=\"\" width=\"57\" height=\"57\" \/><\/p>\n<p>Har du brug for at l\u00f8se trinlyd mellem etager eller lyd mellem rum, kaldet lydgennemgang? Loke dB er utrolig effektiv. Skiven har to egenskaber: Den blokerer for gennemg\u00e5ende lyd og absorberer rumklang.<\/p>\n<ul>\n<li><b>Loke<\/b>\u2122<b>dB 49 mm\u00a0<\/b>er designet specielt til at d\u00e6mpe lyd mellem rum og gulve (trinlyd) og til at d\u00e6mpe efterklang i rum.<\/li>\n<li><u>Disken har 2 s\u00e6t egenskaber:<\/u><\/li>\n<li>Blokerer kontinuerlig lyd med 30 dB Rw (gennemsnit for hele Hz-spektret) i henhold til BS EN ISO 717-1:2013. BS EN ISO 717-1:2013.<\/li>\n<li>Lydisolering via loftet mellem to rum. D<sub>n,f,w<\/sub>\u00a0-v\u00e6rdi 42 dB i henhold til BS EN ISO 717-1:1997<\/li>\n<li>Absorberer efterklang i det rum, hvor den er installeret. NRC = 0,95, lydklasse A.<\/li>\n<li>L\u00e6s mere om <a href=\"https:\/\/www.akustikksenter.no\/wp-content\/uploads\/2017\/06\/Lydblokkerende-egenskaper-Loke-dB-og-Eira-dB.pdf\">Lydblokerende egenskaber Loke dB og Eira dB<\/a><\/li>\n<\/ul>\n<p>Pladen er 49 mm og best\u00e5r af<a href=\"https:\/\/www.akustikksenter.no\/da\/butik\/direkte-palimede-vaeg-og-loftsabsorbenter\/loke-40mm\/\"> Hul 40 mm<\/a> + 9 mm gipsplade limet p\u00e5 bagsiden. Absorberer som en Loke 40, men blokerer lyden hele vejen igennem med 30 dB Rw (gennemsnit for hele Hz-spektret).  Pladen er ideel til lydabsorption og lydisolering. Stopper lyd mellem rum og etager og forhindrer trinlyd fra etagen ovenover.<\/p>\n<p><strong>Montering.<\/strong> Limes direkte p\u00e5 underlaget eller l\u00e6gges i et traditionelt t-system.<\/p>\n<p><strong>Farver. <\/strong>Den n\u00e6rmeste farvekode for hvid er NCS 0502-Y.<\/p>\n<p><strong>Brandklasse.\u00a0<\/strong>A2-s1,d0, i henhold til EN 13501-1<\/p>\n<p><strong>Loke dB demonstration<\/strong><br \/>\nBehov for at l\u00f8se trinlyd mellem etager eller lyd mellem rum,<br \/>\nkaldet audio pass-through? Loke dB er utrolig effektiv.<\/p>\n<p><iframe loading=\"lazy\" src=\"https:\/\/player.vimeo.com\/video\/216151566?;color=dd3333&amp;title=0&amp;byline=0&amp;loop=1&amp;portrait=0\" width=\"640\" height=\"360\" frameborder=\"0\" allowfullscreen=\"allowfullscreen\"><\/iframe><\/p>\n<p>&nbsp;<\/p>\n<p><strong>Produktet er M1-certificeret.<\/strong> Det betyder, at produktet er blevet testet og opfylder de strengeste internationale krav til emissioner og ikke-brug af giftige komponenter. Der er s\u00e6rlige krav til akustiske produkter, som skal opfyldes for at opn\u00e5 M1-certificering.<\/p>\n<p style=\"margin: 0cm 0cm 18.0pt 0cm;\"><strong><span style=\"font-family: 'Lato',sans-serif; color: #262626;\">EPD (milj\u00f8varedeklaration).\u00a0<\/span><\/strong><span style=\"font-family: 'Lato',sans-serif; color: #262626;\">Produktet har afsluttet LCA-rapporten (Life Cycle Assessment) og modtaget et EPD-certifikat (Environmental Product Declaration).<\/span><\/p>\n<p><strong>Reng\u00f8ring og vedligeholdelse<\/strong><br \/>\nPladen har en overflade, der tillader afst\u00f8vning og forsigtig vask med en let fugtig klud. Hvis pladen males over, vil den miste sine egenskaber.<\/p>","protected":false},"excerpt":{"rendered":"<p>Har du brug for at l\u00f8se trinlyd mellem etager eller lyd mellem rum, kaldet lydgennemgang? Loke dB er utrolig effektiv.<br \/>\nPladen har to egenskaber: den blokerer for gennemg\u00e5ende lyd og absorberer efterklang i rummet.<\/p>\n<p>Gr\u00f8n produktion, h\u00f8j kvalitet og lang levetid g\u00f8r produktet meget b\u00e6redygtigt.<\/p>\n<p>&nbsp;<\/p>","protected":false},"featured_media":2237,"template":"","meta":{"_acf_changed":false},"kampanje":[],"product_brand":[],"product_cat":[319,21],"product_tag":[330,289,291],"class_list":{"0":"post-2232","1":"product","2":"type-product","3":"status-publish","4":"has-post-thumbnail","6":"product_cat-lydblokkerende-og-lyddempende-produkter","7":"product_cat-systemhimling","8":"product_tag-hotell-restaurant-og-uteliv","9":"product_tag-tak","10":"product_tag-vegg","11":"pa_storrelse_type-vnr-86002db-59259249mm-a-kant-hvit-6-stk-216-m","12":"pa_storrelse_type-vnr-86003db-592119249mm-a-kant-hvit-4-stk-288m","14":"first","15":"instock","16":"featured","17":"taxable","18":"shipping-taxable","19":"purchasable","20":"product-type-variable"},"acf":[],"yoast_head":"<!-- This site is optimized with the Yoast SEO plugin v27.5 - https:\/\/yoast.com\/product\/yoast-seo-wordpress\/ -->\n<title>Loke\u2122 dB 49 mm Lydblokkerende plate - Norsk Akustikksenter<\/title>\n<meta name=\"description\" content=\"Trenger du \u00e5 l\u00f8se trinnlyd mellom etasjer eller lyd mellom rom,\u00a0kalt lydgjennomgang? Loke dB er utrolig effektiv. Platen har to egenskaper, blokkerer gjennomg\u00e5ende lyd og absorberer etterklang i rommet. M1 og EPD Sertifikat.\" \/>\n<meta name=\"robots\" content=\"index, follow, max-snippet:-1, max-image-preview:large, max-video-preview:-1\" \/>\n<link rel=\"canonical\" href=\"https:\/\/www.akustikksenter.no\/da\/butik\/systemloft\/loke-db-49mm\/\" \/>\n<meta property=\"og:locale\" content=\"da_DK\" \/>\n<meta property=\"og:type\" content=\"article\" \/>\n<meta property=\"og:title\" content=\"Loke\u2122 dB 49 mm Lydblokkerende plate - Norsk Akustikksenter\" \/>\n<meta property=\"og:description\" content=\"Trenger du \u00e5 l\u00f8se trinnlyd mellom etasjer eller lyd mellom rom,\u00a0kalt lydgjennomgang? Loke dB er utrolig effektiv. Platen har to egenskaper, blokkerer gjennomg\u00e5ende lyd og absorberer etterklang i rommet. M1 og EPD Sertifikat.\" \/>\n<meta property=\"og:url\" content=\"https:\/\/www.akustikksenter.no\/da\/butik\/systemloft\/loke-db-49mm\/\" \/>\n<meta property=\"og:site_name\" content=\"Norsk Akustikksenter\" \/>\n<meta property=\"article:publisher\" content=\"https:\/\/www.facebook.com\/Akustikksenter\/\" \/>\n<meta property=\"article:modified_time\" content=\"2026-03-11T10:36:53+00:00\" \/>\n<meta property=\"og:image\" content=\"https:\/\/www.akustikksenter.no\/wp-content\/uploads\/2016\/02\/86002db--e1454879477284.jpg\" \/>\n\t<meta property=\"og:image:width\" content=\"1600\" \/>\n\t<meta property=\"og:image:height\" content=\"987\" \/>\n\t<meta property=\"og:image:type\" content=\"image\/jpeg\" \/>\n<meta name=\"twitter:label1\" content=\"Estimeret l\u00e6setid\" \/>\n\t<meta name=\"twitter:data1\" content=\"1 minut\" \/>\n<script type=\"application\/ld+json\" class=\"yoast-schema-graph\">{\"@context\":\"https:\\\/\\\/schema.org\",\"@graph\":[{\"@type\":\"WebPage\",\"@id\":\"https:\\\/\\\/www.akustikksenter.no\\\/butikk\\\/systemhimling\\\/loke-db-49mm\\\/\",\"url\":\"https:\\\/\\\/www.akustikksenter.no\\\/butikk\\\/systemhimling\\\/loke-db-49mm\\\/\",\"name\":\"Loke\u2122 dB 49 mm Lydblokkerende plate - Norsk Akustikksenter\",\"isPartOf\":{\"@id\":\"https:\\\/\\\/www.akustikksenter.no\\\/#website\"},\"primaryImageOfPage\":{\"@id\":\"https:\\\/\\\/www.akustikksenter.no\\\/butikk\\\/systemhimling\\\/loke-db-49mm\\\/#primaryimage\"},\"image\":{\"@id\":\"https:\\\/\\\/www.akustikksenter.no\\\/butikk\\\/systemhimling\\\/loke-db-49mm\\\/#primaryimage\"},\"thumbnailUrl\":\"https:\\\/\\\/www.akustikksenter.no\\\/wp-content\\\/uploads\\\/2016\\\/02\\\/86002db--e1454879477284.jpg\",\"datePublished\":\"2017-06-16T20:21:45+00:00\",\"dateModified\":\"2026-03-11T10:36:53+00:00\",\"description\":\"Trenger du \u00e5 l\u00f8se trinnlyd mellom etasjer eller lyd mellom rom,\u00a0kalt lydgjennomgang? Loke dB er utrolig effektiv. Platen har to egenskaper, blokkerer gjennomg\u00e5ende lyd og absorberer etterklang i rommet. M1 og EPD Sertifikat.\",\"breadcrumb\":{\"@id\":\"https:\\\/\\\/www.akustikksenter.no\\\/butikk\\\/systemhimling\\\/loke-db-49mm\\\/#breadcrumb\"},\"inLanguage\":\"da-DK\",\"potentialAction\":[{\"@type\":\"ReadAction\",\"target\":[\"https:\\\/\\\/www.akustikksenter.no\\\/butikk\\\/systemhimling\\\/loke-db-49mm\\\/\"]}]},{\"@type\":\"ImageObject\",\"inLanguage\":\"da-DK\",\"@id\":\"https:\\\/\\\/www.akustikksenter.no\\\/butikk\\\/systemhimling\\\/loke-db-49mm\\\/#primaryimage\",\"url\":\"https:\\\/\\\/www.akustikksenter.no\\\/wp-content\\\/uploads\\\/2016\\\/02\\\/86002db--e1454879477284.jpg\",\"contentUrl\":\"https:\\\/\\\/www.akustikksenter.no\\\/wp-content\\\/uploads\\\/2016\\\/02\\\/86002db--e1454879477284.jpg\",\"width\":1600,\"height\":987},{\"@type\":\"BreadcrumbList\",\"@id\":\"https:\\\/\\\/www.akustikksenter.no\\\/butikk\\\/systemhimling\\\/loke-db-49mm\\\/#breadcrumb\",\"itemListElement\":[{\"@type\":\"ListItem\",\"position\":1,\"name\":\"Hjem\",\"item\":\"https:\\\/\\\/www.akustikksenter.no\\\/\"},{\"@type\":\"ListItem\",\"position\":2,\"name\":\"Nettbutikk\",\"item\":\"https:\\\/\\\/www.akustikksenter.no\\\/nettbutikk\\\/\"},{\"@type\":\"ListItem\",\"position\":3,\"name\":\"Loke\u2122 dB 49 mm Lydblokkerende plate\"}]},{\"@type\":\"WebSite\",\"@id\":\"https:\\\/\\\/www.akustikksenter.no\\\/#website\",\"url\":\"https:\\\/\\\/www.akustikksenter.no\\\/\",\"name\":\"Norsk Akustikksenter\",\"description\":\"Totalleverand\u00f8r av akustikkl\u00f8sninger\",\"publisher\":{\"@id\":\"https:\\\/\\\/www.akustikksenter.no\\\/#organization\"},\"potentialAction\":[{\"@type\":\"SearchAction\",\"target\":{\"@type\":\"EntryPoint\",\"urlTemplate\":\"https:\\\/\\\/www.akustikksenter.no\\\/?s={search_term_string}\"},\"query-input\":{\"@type\":\"PropertyValueSpecification\",\"valueRequired\":true,\"valueName\":\"search_term_string\"}}],\"inLanguage\":\"da-DK\"},{\"@type\":\"Organization\",\"@id\":\"https:\\\/\\\/www.akustikksenter.no\\\/#organization\",\"name\":\"Norsk Akustikksenter\",\"alternateName\":\"Akustikksenter\",\"url\":\"https:\\\/\\\/www.akustikksenter.no\\\/\",\"logo\":{\"@type\":\"ImageObject\",\"inLanguage\":\"da-DK\",\"@id\":\"https:\\\/\\\/www.akustikksenter.no\\\/#\\\/schema\\\/logo\\\/image\\\/\",\"url\":\"https:\\\/\\\/www.akustikksenter.no\\\/wp-content\\\/uploads\\\/2018\\\/02\\\/Norsk-Akkustikksenter_nyLogo_payoff-3-e1518606723632.png\",\"contentUrl\":\"https:\\\/\\\/www.akustikksenter.no\\\/wp-content\\\/uploads\\\/2018\\\/02\\\/Norsk-Akkustikksenter_nyLogo_payoff-3-e1518606723632.png\",\"width\":232,\"height\":93,\"caption\":\"Norsk Akustikksenter\"},\"image\":{\"@id\":\"https:\\\/\\\/www.akustikksenter.no\\\/#\\\/schema\\\/logo\\\/image\\\/\"},\"sameAs\":[\"https:\\\/\\\/www.facebook.com\\\/Akustikksenter\\\/\",\"https:\\\/\\\/www.pinterest.com\\\/akustikksenter\\\/\",\"https:\\\/\\\/www.instagram.com\\\/akustikksenter_norway\\\/\",\"https:\\\/\\\/no.linkedin.com\\\/company\\\/norsk-akustikksenter-as\"]}]}<\/script>\n<!-- \/ Yoast SEO plugin. -->","yoast_head_json":{"title":"Loke\u2122 dB 49 mm lydblokerende skive - Norsk Akustikksenter","description":"Har du brug for at l\u00f8se trinlyd mellem etager eller lyd mellem rum, kaldet lydgennemgang? Loke dB er utrolig effektiv. Skiven har to egenskaber, den blokerer for gennemg\u00e5ende lyd og absorberer efterklang i rummet. M1- og EPD-certifikat.","robots":{"index":"index","follow":"follow","max-snippet":"max-snippet:-1","max-image-preview":"max-image-preview:large","max-video-preview":"max-video-preview:-1"},"canonical":"https:\/\/www.akustikksenter.no\/da\/butik\/systemloft\/loke-db-49mm\/","og_locale":"da_DK","og_type":"article","og_title":"Loke\u2122 dB 49 mm Lydblokkerende plate - Norsk Akustikksenter","og_description":"Trenger du \u00e5 l\u00f8se trinnlyd mellom etasjer eller lyd mellom rom,\u00a0kalt lydgjennomgang? Loke dB er utrolig effektiv. Platen har to egenskaper, blokkerer gjennomg\u00e5ende lyd og absorberer etterklang i rommet. M1 og EPD Sertifikat.","og_url":"https:\/\/www.akustikksenter.no\/da\/butik\/systemloft\/loke-db-49mm\/","og_site_name":"Norsk Akustikksenter","article_publisher":"https:\/\/www.facebook.com\/Akustikksenter\/","article_modified_time":"2026-03-11T10:36:53+00:00","og_image":[{"width":1600,"height":987,"url":"https:\/\/www.akustikksenter.no\/wp-content\/uploads\/2016\/02\/86002db--e1454879477284.jpg","type":"image\/jpeg"}],"twitter_misc":{"Estimeret l\u00e6setid":"1 minut"},"schema":{"@context":"https:\/\/schema.org","@graph":[{"@type":"WebPage","@id":"https:\/\/www.akustikksenter.no\/butikk\/systemhimling\/loke-db-49mm\/","url":"https:\/\/www.akustikksenter.no\/butikk\/systemhimling\/loke-db-49mm\/","name":"Loke\u2122 dB 49 mm lydblokerende skive - Norsk Akustikksenter","isPartOf":{"@id":"https:\/\/www.akustikksenter.no\/#website"},"primaryImageOfPage":{"@id":"https:\/\/www.akustikksenter.no\/butikk\/systemhimling\/loke-db-49mm\/#primaryimage"},"image":{"@id":"https:\/\/www.akustikksenter.no\/butikk\/systemhimling\/loke-db-49mm\/#primaryimage"},"thumbnailUrl":"https:\/\/www.akustikksenter.no\/wp-content\/uploads\/2016\/02\/86002db--e1454879477284.jpg","datePublished":"2017-06-16T20:21:45+00:00","dateModified":"2026-03-11T10:36:53+00:00","description":"Har du brug for at l\u00f8se trinlyd mellem etager eller lyd mellem rum, kaldet lydgennemgang? Loke dB er utrolig effektiv. Skiven har to egenskaber, den blokerer for gennemg\u00e5ende lyd og absorberer efterklang i rummet. M1- og EPD-certifikat.","breadcrumb":{"@id":"https:\/\/www.akustikksenter.no\/butikk\/systemhimling\/loke-db-49mm\/#breadcrumb"},"inLanguage":"da-DK","potentialAction":[{"@type":"ReadAction","target":["https:\/\/www.akustikksenter.no\/butikk\/systemhimling\/loke-db-49mm\/"]}]},{"@type":"ImageObject","inLanguage":"da-DK","@id":"https:\/\/www.akustikksenter.no\/butikk\/systemhimling\/loke-db-49mm\/#primaryimage","url":"https:\/\/www.akustikksenter.no\/wp-content\/uploads\/2016\/02\/86002db--e1454879477284.jpg","contentUrl":"https:\/\/www.akustikksenter.no\/wp-content\/uploads\/2016\/02\/86002db--e1454879477284.jpg","width":1600,"height":987},{"@type":"BreadcrumbList","@id":"https:\/\/www.akustikksenter.no\/butikk\/systemhimling\/loke-db-49mm\/#breadcrumb","itemListElement":[{"@type":"ListItem","position":1,"name":"Hjem","item":"https:\/\/www.akustikksenter.no\/"},{"@type":"ListItem","position":2,"name":"Nettbutikk","item":"https:\/\/www.akustikksenter.no\/nettbutikk\/"},{"@type":"ListItem","position":3,"name":"Loke\u2122 dB 49 mm Lydblokkerende plate"}]},{"@type":"WebSite","@id":"https:\/\/www.akustikksenter.no\/#website","url":"https:\/\/www.akustikksenter.no\/","name":"Norsk Akustik Center","description":"Totalleverand\u00f8r af akustiske l\u00f8sninger","publisher":{"@id":"https:\/\/www.akustikksenter.no\/#organization"},"potentialAction":[{"@type":"SearchAction","target":{"@type":"EntryPoint","urlTemplate":"https:\/\/www.akustikksenter.no\/?s={search_term_string}"},"query-input":{"@type":"PropertyValueSpecification","valueRequired":true,"valueName":"search_term_string"}}],"inLanguage":"da-DK"},{"@type":"Organization","@id":"https:\/\/www.akustikksenter.no\/#organization","name":"Norsk Akustik Center","alternateName":"Akustikksenter","url":"https:\/\/www.akustikksenter.no\/","logo":{"@type":"ImageObject","inLanguage":"da-DK","@id":"https:\/\/www.akustikksenter.no\/#\/schema\/logo\/image\/","url":"https:\/\/www.akustikksenter.no\/wp-content\/uploads\/2018\/02\/Norsk-Akkustikksenter_nyLogo_payoff-3-e1518606723632.png","contentUrl":"https:\/\/www.akustikksenter.no\/wp-content\/uploads\/2018\/02\/Norsk-Akkustikksenter_nyLogo_payoff-3-e1518606723632.png","width":232,"height":93,"caption":"Norsk Akustikksenter"},"image":{"@id":"https:\/\/www.akustikksenter.no\/#\/schema\/logo\/image\/"},"sameAs":["https:\/\/www.facebook.com\/Akustikksenter\/","https:\/\/www.pinterest.com\/akustikksenter\/","https:\/\/www.instagram.com\/akustikksenter_norway\/","https:\/\/no.linkedin.com\/company\/norsk-akustikksenter-as"]}]}},"_links":{"self":[{"href":"https:\/\/www.akustikksenter.no\/da\/wp-json\/wp\/v2\/product\/2232","targetHints":{"allow":["GET"]}}],"collection":[{"href":"https:\/\/www.akustikksenter.no\/da\/wp-json\/wp\/v2\/product"}],"about":[{"href":"https:\/\/www.akustikksenter.no\/da\/wp-json\/wp\/v2\/types\/product"}],"wp:featuredmedia":[{"embeddable":true,"href":"https:\/\/www.akustikksenter.no\/da\/wp-json\/wp\/v2\/media\/2237"}],"wp:attachment":[{"href":"https:\/\/www.akustikksenter.no\/da\/wp-json\/wp\/v2\/media?parent=2232"}],"wp:term":[{"taxonomy":"kampanje","embeddable":true,"href":"https:\/\/www.akustikksenter.no\/da\/wp-json\/wp\/v2\/kampanje?post=2232"},{"taxonomy":"product_brand","embeddable":true,"href":"https:\/\/www.akustikksenter.no\/da\/wp-json\/wp\/v2\/product_brand?post=2232"},{"taxonomy":"product_cat","embeddable":true,"href":"https:\/\/www.akustikksenter.no\/da\/wp-json\/wp\/v2\/product_cat?post=2232"},{"taxonomy":"product_tag","embeddable":true,"href":"https:\/\/www.akustikksenter.no\/da\/wp-json\/wp\/v2\/product_tag?post=2232"}],"curies":[{"name":"wp","href":"https:\/\/api.w.org\/{rel}","templated":true}]}}