{"id":2521,"date":"2015-09-05T12:51:18","date_gmt":"2015-09-05T10:51:18","guid":{"rendered":"https:\/\/www.akustikksenter.no\/?post_type=product&#038;p=2521"},"modified":"2026-02-02T10:28:21","modified_gmt":"2026-02-02T09:28:21","slug":"metalplade-ophaeng-akustikplade","status":"publish","type":"product","link":"https:\/\/www.akustikksenter.no\/da\/butikk\/montasje-og-feste\/metallplate-oppheng-akustikkplate\/","title":{"rendered":"Metalplade til oph\u00e6ngning af akustikpanel"},"content":{"rendered":"<p>Beslaget limes fast p\u00e5 akustikpanelet med montagelim. Se instruktionerne p\u00e5 kl\u00e6bemidlet for t\u00f8rretid.<\/p>\n<p>0,5 mm tyk metalplade med b\u00f8jet kant (til skrueoph\u00e6ng) til montering p\u00e5 bagsiden af akustikpanelet.<\/p>\n<p><strong>2 forskellige st\u00f8rrelser.<\/strong> 15 cm til akustikplader p\u00e5 maks. 60 x 60 cm og 30 cm til st\u00f8rre akustikplader. Brug to 30 cm til de st\u00f8rste paneler.<\/p>\n<p><em>Tip. T\u00f8r metalpladerne af med \"Blue Jif\" for at fjerne produktionsfilmen f\u00f8r limning. S\u00e5 h\u00e6fter det bedre.<\/em><\/p>\n<p>&gt; <a href=\"https:\/\/www.akustikksenter.no\/wp-content\/uploads\/2020\/08\/Veiledning-Metallbeslag.pdf\">Se installationsvejledningen<\/a><\/p>","protected":false},"excerpt":{"rendered":"<p>Fastg\u00f8r pladerne med kun \u00e9n skrue! Smart metalplade med b\u00f8jet kant, som monteres p\u00e5 bagsiden af akustikpanelet.<\/p>\n<p>Pris pr. enhed.<\/p>","protected":false},"featured_media":2525,"template":"","meta":{"_acf_changed":false},"kampanje":[],"product_brand":[],"product_cat":[23],"product_tag":[],"class_list":{"0":"post-2521","1":"product","2":"type-product","3":"status-publish","4":"has-post-thumbnail","6":"product_cat-montasje-og-feste","7":"pa_storrelse_type-vnr-86105-15x15-cm-x-05-mm","8":"pa_storrelse_type-vnr-86106-30x30-cm-x-05-mm","10":"first","11":"instock","12":"taxable","13":"shipping-taxable","14":"purchasable","15":"product-type-variable"},"acf":[],"yoast_head":"<!-- This site is optimized with the Yoast SEO plugin v27.3 - https:\/\/yoast.com\/product\/yoast-seo-wordpress\/ -->\n<title>Metallplate til oppheng av akustikkplate - Norsk Akustikksenter<\/title>\n<meta name=\"robots\" content=\"index, follow, max-snippet:-1, max-image-preview:large, max-video-preview:-1\" \/>\n<link rel=\"canonical\" href=\"https:\/\/www.akustikksenter.no\/da\/butik\/installation-og-fastgorelse\/metalplade-ophaeng-akustikplade\/\" \/>\n<meta property=\"og:locale\" content=\"da_DK\" \/>\n<meta property=\"og:type\" content=\"article\" \/>\n<meta property=\"og:title\" content=\"Metallplate til oppheng av akustikkplate - Norsk Akustikksenter\" \/>\n<meta property=\"og:description\" content=\"Fester platene p\u00e5 bare en skrue!\u00a0Smart metallplate med b\u00f8yd kant som monteres bak p\u00e5 akustikkplaten.  Pris pr. stk.\" \/>\n<meta property=\"og:url\" content=\"https:\/\/www.akustikksenter.no\/da\/butik\/installation-og-fastgorelse\/metalplade-ophaeng-akustikplade\/\" \/>\n<meta property=\"og:site_name\" content=\"Norsk Akustikksenter\" \/>\n<meta property=\"article:publisher\" content=\"https:\/\/www.facebook.com\/Akustikksenter\/\" \/>\n<meta property=\"article:modified_time\" content=\"2026-02-02T09:28:21+00:00\" \/>\n<meta property=\"og:image\" content=\"https:\/\/www.akustikksenter.no\/wp-content\/uploads\/2016\/09\/86105-06-beslag.jpg\" \/>\n\t<meta property=\"og:image:width\" content=\"960\" \/>\n\t<meta property=\"og:image:height\" content=\"924\" \/>\n\t<meta property=\"og:image:type\" content=\"image\/jpeg\" \/>\n<script type=\"application\/ld+json\" class=\"yoast-schema-graph\">{\"@context\":\"https:\\\/\\\/schema.org\",\"@graph\":[{\"@type\":\"WebPage\",\"@id\":\"https:\\\/\\\/www.akustikksenter.no\\\/butikk\\\/montasje-og-feste\\\/metallplate-oppheng-akustikkplate\\\/\",\"url\":\"https:\\\/\\\/www.akustikksenter.no\\\/butikk\\\/montasje-og-feste\\\/metallplate-oppheng-akustikkplate\\\/\",\"name\":\"Metallplate til oppheng av akustikkplate - Norsk Akustikksenter\",\"isPartOf\":{\"@id\":\"https:\\\/\\\/www.akustikksenter.no\\\/#website\"},\"primaryImageOfPage\":{\"@id\":\"https:\\\/\\\/www.akustikksenter.no\\\/butikk\\\/montasje-og-feste\\\/metallplate-oppheng-akustikkplate\\\/#primaryimage\"},\"image\":{\"@id\":\"https:\\\/\\\/www.akustikksenter.no\\\/butikk\\\/montasje-og-feste\\\/metallplate-oppheng-akustikkplate\\\/#primaryimage\"},\"thumbnailUrl\":\"https:\\\/\\\/www.akustikksenter.no\\\/wp-content\\\/uploads\\\/2016\\\/09\\\/86105-06-beslag.jpg\",\"datePublished\":\"2015-09-05T10:51:18+00:00\",\"dateModified\":\"2026-02-02T09:28:21+00:00\",\"breadcrumb\":{\"@id\":\"https:\\\/\\\/www.akustikksenter.no\\\/butikk\\\/montasje-og-feste\\\/metallplate-oppheng-akustikkplate\\\/#breadcrumb\"},\"inLanguage\":\"da-DK\",\"potentialAction\":[{\"@type\":\"ReadAction\",\"target\":[\"https:\\\/\\\/www.akustikksenter.no\\\/butikk\\\/montasje-og-feste\\\/metallplate-oppheng-akustikkplate\\\/\"]}]},{\"@type\":\"ImageObject\",\"inLanguage\":\"da-DK\",\"@id\":\"https:\\\/\\\/www.akustikksenter.no\\\/butikk\\\/montasje-og-feste\\\/metallplate-oppheng-akustikkplate\\\/#primaryimage\",\"url\":\"https:\\\/\\\/www.akustikksenter.no\\\/wp-content\\\/uploads\\\/2016\\\/09\\\/86105-06-beslag.jpg\",\"contentUrl\":\"https:\\\/\\\/www.akustikksenter.no\\\/wp-content\\\/uploads\\\/2016\\\/09\\\/86105-06-beslag.jpg\",\"width\":960,\"height\":924},{\"@type\":\"BreadcrumbList\",\"@id\":\"https:\\\/\\\/www.akustikksenter.no\\\/butikk\\\/montasje-og-feste\\\/metallplate-oppheng-akustikkplate\\\/#breadcrumb\",\"itemListElement\":[{\"@type\":\"ListItem\",\"position\":1,\"name\":\"Hjem\",\"item\":\"https:\\\/\\\/www.akustikksenter.no\\\/\"},{\"@type\":\"ListItem\",\"position\":2,\"name\":\"Nettbutikk\",\"item\":\"https:\\\/\\\/www.akustikksenter.no\\\/nettbutikk\\\/\"},{\"@type\":\"ListItem\",\"position\":3,\"name\":\"Metallplate til oppheng av akustikkplate\"}]},{\"@type\":\"WebSite\",\"@id\":\"https:\\\/\\\/www.akustikksenter.no\\\/#website\",\"url\":\"https:\\\/\\\/www.akustikksenter.no\\\/\",\"name\":\"Norsk Akustikksenter\",\"description\":\"Totalleverand\u00f8r av akustikkl\u00f8sninger\",\"publisher\":{\"@id\":\"https:\\\/\\\/www.akustikksenter.no\\\/#organization\"},\"potentialAction\":[{\"@type\":\"SearchAction\",\"target\":{\"@type\":\"EntryPoint\",\"urlTemplate\":\"https:\\\/\\\/www.akustikksenter.no\\\/?s={search_term_string}\"},\"query-input\":{\"@type\":\"PropertyValueSpecification\",\"valueRequired\":true,\"valueName\":\"search_term_string\"}}],\"inLanguage\":\"da-DK\"},{\"@type\":\"Organization\",\"@id\":\"https:\\\/\\\/www.akustikksenter.no\\\/#organization\",\"name\":\"Norsk Akustikksenter\",\"alternateName\":\"Akustikksenter\",\"url\":\"https:\\\/\\\/www.akustikksenter.no\\\/\",\"logo\":{\"@type\":\"ImageObject\",\"inLanguage\":\"da-DK\",\"@id\":\"https:\\\/\\\/www.akustikksenter.no\\\/#\\\/schema\\\/logo\\\/image\\\/\",\"url\":\"https:\\\/\\\/www.akustikksenter.no\\\/wp-content\\\/uploads\\\/2018\\\/02\\\/Norsk-Akkustikksenter_nyLogo_payoff-3-e1518606723632.png\",\"contentUrl\":\"https:\\\/\\\/www.akustikksenter.no\\\/wp-content\\\/uploads\\\/2018\\\/02\\\/Norsk-Akkustikksenter_nyLogo_payoff-3-e1518606723632.png\",\"width\":232,\"height\":93,\"caption\":\"Norsk Akustikksenter\"},\"image\":{\"@id\":\"https:\\\/\\\/www.akustikksenter.no\\\/#\\\/schema\\\/logo\\\/image\\\/\"},\"sameAs\":[\"https:\\\/\\\/www.facebook.com\\\/Akustikksenter\\\/\",\"https:\\\/\\\/www.pinterest.com\\\/akustikksenter\\\/\",\"https:\\\/\\\/www.instagram.com\\\/akustikksenter_norway\\\/\",\"https:\\\/\\\/no.linkedin.com\\\/company\\\/norsk-akustikksenter-as\"]}]}<\/script>\n<!-- \/ Yoast SEO plugin. -->","yoast_head_json":{"title":"Metalplade til oph\u00e6ngning af akustikpaneler - Norsk Akustikksenter","robots":{"index":"index","follow":"follow","max-snippet":"max-snippet:-1","max-image-preview":"max-image-preview:large","max-video-preview":"max-video-preview:-1"},"canonical":"https:\/\/www.akustikksenter.no\/da\/butik\/installation-og-fastgorelse\/metalplade-ophaeng-akustikplade\/","og_locale":"da_DK","og_type":"article","og_title":"Metallplate til oppheng av akustikkplate - Norsk Akustikksenter","og_description":"Fester platene p\u00e5 bare en skrue!\u00a0Smart metallplate med b\u00f8yd kant som monteres bak p\u00e5 akustikkplaten.  Pris pr. stk.","og_url":"https:\/\/www.akustikksenter.no\/da\/butik\/installation-og-fastgorelse\/metalplade-ophaeng-akustikplade\/","og_site_name":"Norsk Akustikksenter","article_publisher":"https:\/\/www.facebook.com\/Akustikksenter\/","article_modified_time":"2026-02-02T09:28:21+00:00","og_image":[{"width":960,"height":924,"url":"https:\/\/www.akustikksenter.no\/wp-content\/uploads\/2016\/09\/86105-06-beslag.jpg","type":"image\/jpeg"}],"schema":{"@context":"https:\/\/schema.org","@graph":[{"@type":"WebPage","@id":"https:\/\/www.akustikksenter.no\/butikk\/montasje-og-feste\/metallplate-oppheng-akustikkplate\/","url":"https:\/\/www.akustikksenter.no\/butikk\/montasje-og-feste\/metallplate-oppheng-akustikkplate\/","name":"Metalplade til oph\u00e6ngning af akustikpaneler - Norsk Akustikksenter","isPartOf":{"@id":"https:\/\/www.akustikksenter.no\/#website"},"primaryImageOfPage":{"@id":"https:\/\/www.akustikksenter.no\/butikk\/montasje-og-feste\/metallplate-oppheng-akustikkplate\/#primaryimage"},"image":{"@id":"https:\/\/www.akustikksenter.no\/butikk\/montasje-og-feste\/metallplate-oppheng-akustikkplate\/#primaryimage"},"thumbnailUrl":"https:\/\/www.akustikksenter.no\/wp-content\/uploads\/2016\/09\/86105-06-beslag.jpg","datePublished":"2015-09-05T10:51:18+00:00","dateModified":"2026-02-02T09:28:21+00:00","breadcrumb":{"@id":"https:\/\/www.akustikksenter.no\/butikk\/montasje-og-feste\/metallplate-oppheng-akustikkplate\/#breadcrumb"},"inLanguage":"da-DK","potentialAction":[{"@type":"ReadAction","target":["https:\/\/www.akustikksenter.no\/butikk\/montasje-og-feste\/metallplate-oppheng-akustikkplate\/"]}]},{"@type":"ImageObject","inLanguage":"da-DK","@id":"https:\/\/www.akustikksenter.no\/butikk\/montasje-og-feste\/metallplate-oppheng-akustikkplate\/#primaryimage","url":"https:\/\/www.akustikksenter.no\/wp-content\/uploads\/2016\/09\/86105-06-beslag.jpg","contentUrl":"https:\/\/www.akustikksenter.no\/wp-content\/uploads\/2016\/09\/86105-06-beslag.jpg","width":960,"height":924},{"@type":"BreadcrumbList","@id":"https:\/\/www.akustikksenter.no\/butikk\/montasje-og-feste\/metallplate-oppheng-akustikkplate\/#breadcrumb","itemListElement":[{"@type":"ListItem","position":1,"name":"Hjem","item":"https:\/\/www.akustikksenter.no\/"},{"@type":"ListItem","position":2,"name":"Nettbutikk","item":"https:\/\/www.akustikksenter.no\/nettbutikk\/"},{"@type":"ListItem","position":3,"name":"Metallplate til oppheng av akustikkplate"}]},{"@type":"WebSite","@id":"https:\/\/www.akustikksenter.no\/#website","url":"https:\/\/www.akustikksenter.no\/","name":"Norsk Akustik Center","description":"Totalleverand\u00f8r af akustiske l\u00f8sninger","publisher":{"@id":"https:\/\/www.akustikksenter.no\/#organization"},"potentialAction":[{"@type":"SearchAction","target":{"@type":"EntryPoint","urlTemplate":"https:\/\/www.akustikksenter.no\/?s={search_term_string}"},"query-input":{"@type":"PropertyValueSpecification","valueRequired":true,"valueName":"search_term_string"}}],"inLanguage":"da-DK"},{"@type":"Organization","@id":"https:\/\/www.akustikksenter.no\/#organization","name":"Norsk Akustik Center","alternateName":"Akustikksenter","url":"https:\/\/www.akustikksenter.no\/","logo":{"@type":"ImageObject","inLanguage":"da-DK","@id":"https:\/\/www.akustikksenter.no\/#\/schema\/logo\/image\/","url":"https:\/\/www.akustikksenter.no\/wp-content\/uploads\/2018\/02\/Norsk-Akkustikksenter_nyLogo_payoff-3-e1518606723632.png","contentUrl":"https:\/\/www.akustikksenter.no\/wp-content\/uploads\/2018\/02\/Norsk-Akkustikksenter_nyLogo_payoff-3-e1518606723632.png","width":232,"height":93,"caption":"Norsk Akustikksenter"},"image":{"@id":"https:\/\/www.akustikksenter.no\/#\/schema\/logo\/image\/"},"sameAs":["https:\/\/www.facebook.com\/Akustikksenter\/","https:\/\/www.pinterest.com\/akustikksenter\/","https:\/\/www.instagram.com\/akustikksenter_norway\/","https:\/\/no.linkedin.com\/company\/norsk-akustikksenter-as"]}]}},"_links":{"self":[{"href":"https:\/\/www.akustikksenter.no\/da\/wp-json\/wp\/v2\/product\/2521","targetHints":{"allow":["GET"]}}],"collection":[{"href":"https:\/\/www.akustikksenter.no\/da\/wp-json\/wp\/v2\/product"}],"about":[{"href":"https:\/\/www.akustikksenter.no\/da\/wp-json\/wp\/v2\/types\/product"}],"wp:featuredmedia":[{"embeddable":true,"href":"https:\/\/www.akustikksenter.no\/da\/wp-json\/wp\/v2\/media\/2525"}],"wp:attachment":[{"href":"https:\/\/www.akustikksenter.no\/da\/wp-json\/wp\/v2\/media?parent=2521"}],"wp:term":[{"taxonomy":"kampanje","embeddable":true,"href":"https:\/\/www.akustikksenter.no\/da\/wp-json\/wp\/v2\/kampanje?post=2521"},{"taxonomy":"product_brand","embeddable":true,"href":"https:\/\/www.akustikksenter.no\/da\/wp-json\/wp\/v2\/product_brand?post=2521"},{"taxonomy":"product_cat","embeddable":true,"href":"https:\/\/www.akustikksenter.no\/da\/wp-json\/wp\/v2\/product_cat?post=2521"},{"taxonomy":"product_tag","embeddable":true,"href":"https:\/\/www.akustikksenter.no\/da\/wp-json\/wp\/v2\/product_tag?post=2521"}],"curies":[{"name":"wp","href":"https:\/\/api.w.org\/{rel}","templated":true}]}}