{"id":2891,"date":"2016-06-14T15:01:07","date_gmt":"2016-06-14T13:01:07","guid":{"rendered":"https:\/\/www-akustikksenter.wp3.hcweb.dev\/?post_type=product&#038;p=2891"},"modified":"2026-02-24T14:24:39","modified_gmt":"2026-02-24T13:24:39","slug":"hugin-bordskaerm","status":"publish","type":"product","link":"https:\/\/www.akustikksenter.no\/da\/butikk\/skillevegger-og-bordskjermer\/hugin-bordskjerm\/","title":{"rendered":"Hugin\u2122 lydisolerende bordsk\u00e6rm"},"content":{"rendered":"<p><img decoding=\"async\" class=\"alignnone wp-image-5130\" src=\"https:\/\/www.akustikksenter.no\/wp-content\/uploads\/2018\/11\/klasse_A-150x150.png\" alt=\"\" width=\"57\" height=\"57\" \/><\/p>\n<p>Lydabsorberende bordsk\u00e6rm med f\u00e6nomenal lydabsorption i den h\u00f8jeste lydklasse (klasse A). Fremstillet af glasuld og brandh\u00e6mmende stof. F\u00e5s i beige, sort, koksgr\u00e5 og lysegr\u00e5. Sk\u00e6rmene er 50 mm tykke og st\u00e5r fast i egne monteringsbeslag af sort pulverlakeret st\u00e5l. Panelerne f\u00f8res hen over monteringsbeslaget, s\u00e5 det bliver \"usynligt\".<\/p>\n<h4>St\u00f8rrelser<\/h4>\n<ul>\n<li>650 x 800 x 50 mm (hxwxt) (sidesk\u00e6rm)<\/li>\n<li>650 x 1400 x 50 mm (hxbxd)<\/li>\n<li>650 x 1600 x 50 mm (hxbxd)<\/li>\n<li>650 x 1800 x 50 mm (hxbxd)<\/li>\n<li>650 x 2000 x 50 mm (hxbxt) -. <strong>Bestillingsvare<\/strong>. Kontakt venligst kundeservice p\u00e5 post@akustikksenter.no<\/li>\n<\/ul>\n<p>Hugin-monteringsbeslag medf\u00f8lger.<\/p>\n<p><strong>Brandklasse<\/strong>: Pladerne er ikke brandfarlige. Fodliste = A2, S1, D0, Tekstil: B, s2, d0. EN 13501-1<\/p>\n<p><strong>Produktet er M1-certificeret.<\/strong> Det betyder, at produktet er blevet testet og opfylder de strengeste internationale krav til emissioner og ikke-brug af giftige komponenter. Der er s\u00e6rlige krav til akustiske produkter, som skal opfyldes for at opn\u00e5 M1-certificering.<\/p>\n<p style=\"margin: 0cm 0cm 18.0pt 0cm;\"><strong><span style=\"font-family: 'Lato',sans-serif; color: #262626;\">EPD (milj\u00f8varedeklaration).\u00a0<\/span><\/strong><span style=\"font-family: 'Lato',sans-serif; color: #262626;\">Produktet har afsluttet LCA-rapporten (Life Cycle Assessment) og modtaget et EPD-certifikat (Environmental Product Declaration).<\/span><\/p>\n<p><strong>Slagfast.<\/strong> Absorbenten er testet for slagfasthed i klasse <strong>1A<\/strong> i henhold til EN13964, bilag D og DIN 18032:2018-11. Dette er bedst muligt for denne type produkt\/materiale<\/p>\n<p><strong>Reng\u00f8ring og vedligeholdelse<\/strong>. Pladen har en overflade, der g\u00f8r det muligt at st\u00f8ve af, st\u00f8vsuge og vaske forsigtigt med en let fugtig klud. Hvis pladen males over, vil den miste sine egenskaber.<\/p>","protected":false},"excerpt":{"rendered":"<p><strong>Akustisk bordsk\u00e6rm med f\u00e6nomenal lydabsorption i den h\u00f8jeste lydklasse A.\u00a0 <\/strong>Hugin skrivebordssk\u00e6rme d\u00e6mper lyden, s\u00e5 du kan nyde en behagelig arbejdsdag p\u00e5 kontoret. Du er velkommen til at kombinere med Hugin akustiske skillev\u00e6gge\u201d. Gr\u00f8n produktion, h\u00f8j kvalitet og lang levetid g\u00f8r produktet meget b\u00e6redygtigt.<\/p>","protected":false},"featured_media":12747,"template":"","meta":{"_acf_changed":false},"kampanje":[],"product_brand":[],"product_cat":[120],"product_tag":[],"class_list":{"0":"post-2891","1":"product","2":"type-product","3":"status-publish","4":"has-post-thumbnail","6":"product_cat-skillevegger-og-bordskjermer","7":"pa_farge-beige","8":"pa_farge-gra","9":"pa_farge-koksgra","10":"pa_farge-svart","12":"first","13":"instock","14":"featured","15":"taxable","16":"shipping-taxable","17":"purchasable","18":"product-type-variable"},"acf":[],"yoast_head":"<!-- This site is optimized with the Yoast SEO plugin v27.5 - https:\/\/yoast.com\/product\/yoast-seo-wordpress\/ -->\n<title>Hugin\u2122 lyddempende bordskjerm - Norsk Akustikksenter<\/title>\n<meta name=\"description\" content=\"Akustikk bordskjerm med fenomenal lyddemping.\u00a0\u00a0Hugin bordskjerm demper lyd slik at du f\u00e5r en behagelig arbeidsdag p\u00e5 kontoret. M1 og EPD Sertifikat.\" \/>\n<meta name=\"robots\" content=\"index, follow, max-snippet:-1, max-image-preview:large, max-video-preview:-1\" \/>\n<link rel=\"canonical\" href=\"https:\/\/www.akustikksenter.no\/da\/butik\/skillevaegge-og-bordskaerme\/hugin-bordskaerm\/\" \/>\n<meta property=\"og:locale\" content=\"da_DK\" \/>\n<meta property=\"og:type\" content=\"article\" \/>\n<meta property=\"og:title\" content=\"Hugin\u2122 lyddempende bordskjerm - Norsk Akustikksenter\" \/>\n<meta property=\"og:description\" content=\"Akustikk bordskjerm med fenomenal lyddemping.\u00a0\u00a0Hugin bordskjerm demper lyd slik at du f\u00e5r en behagelig arbeidsdag p\u00e5 kontoret. M1 og EPD Sertifikat.\" \/>\n<meta property=\"og:url\" content=\"https:\/\/www.akustikksenter.no\/da\/butik\/skillevaegge-og-bordskaerme\/hugin-bordskaerm\/\" \/>\n<meta property=\"og:site_name\" content=\"Norsk Akustikksenter\" \/>\n<meta property=\"article:publisher\" content=\"https:\/\/www.facebook.com\/Akustikksenter\/\" \/>\n<meta property=\"article:modified_time\" content=\"2026-02-24T13:24:39+00:00\" \/>\n<meta property=\"og:image\" content=\"https:\/\/www.akustikksenter.no\/wp-content\/uploads\/2025\/03\/Hugin-beige-bordskjerm-scaled.jpg\" \/>\n\t<meta property=\"og:image:width\" content=\"2560\" \/>\n\t<meta property=\"og:image:height\" content=\"1707\" \/>\n\t<meta property=\"og:image:type\" content=\"image\/jpeg\" \/>\n<meta name=\"twitter:label1\" content=\"Estimeret l\u00e6setid\" \/>\n\t<meta name=\"twitter:data1\" content=\"2 minutter\" \/>\n<script type=\"application\/ld+json\" class=\"yoast-schema-graph\">{\"@context\":\"https:\\\/\\\/schema.org\",\"@graph\":[{\"@type\":\"WebPage\",\"@id\":\"https:\\\/\\\/www.akustikksenter.no\\\/butikk\\\/skillevegger-og-bordskjermer\\\/hugin-bordskjerm\\\/\",\"url\":\"https:\\\/\\\/www.akustikksenter.no\\\/butikk\\\/skillevegger-og-bordskjermer\\\/hugin-bordskjerm\\\/\",\"name\":\"Hugin\u2122 lyddempende bordskjerm - Norsk Akustikksenter\",\"isPartOf\":{\"@id\":\"https:\\\/\\\/www.akustikksenter.no\\\/#website\"},\"primaryImageOfPage\":{\"@id\":\"https:\\\/\\\/www.akustikksenter.no\\\/butikk\\\/skillevegger-og-bordskjermer\\\/hugin-bordskjerm\\\/#primaryimage\"},\"image\":{\"@id\":\"https:\\\/\\\/www.akustikksenter.no\\\/butikk\\\/skillevegger-og-bordskjermer\\\/hugin-bordskjerm\\\/#primaryimage\"},\"thumbnailUrl\":\"https:\\\/\\\/www.akustikksenter.no\\\/wp-content\\\/uploads\\\/2025\\\/03\\\/Hugin-beige-bordskjerm-scaled.jpg\",\"datePublished\":\"2016-06-14T13:01:07+00:00\",\"dateModified\":\"2026-02-24T13:24:39+00:00\",\"description\":\"Akustikk bordskjerm med fenomenal lyddemping.\u00a0\u00a0Hugin bordskjerm demper lyd slik at du f\u00e5r en behagelig arbeidsdag p\u00e5 kontoret. M1 og EPD Sertifikat.\",\"breadcrumb\":{\"@id\":\"https:\\\/\\\/www.akustikksenter.no\\\/butikk\\\/skillevegger-og-bordskjermer\\\/hugin-bordskjerm\\\/#breadcrumb\"},\"inLanguage\":\"da-DK\",\"potentialAction\":[{\"@type\":\"ReadAction\",\"target\":[\"https:\\\/\\\/www.akustikksenter.no\\\/butikk\\\/skillevegger-og-bordskjermer\\\/hugin-bordskjerm\\\/\"]}]},{\"@type\":\"ImageObject\",\"inLanguage\":\"da-DK\",\"@id\":\"https:\\\/\\\/www.akustikksenter.no\\\/butikk\\\/skillevegger-og-bordskjermer\\\/hugin-bordskjerm\\\/#primaryimage\",\"url\":\"https:\\\/\\\/www.akustikksenter.no\\\/wp-content\\\/uploads\\\/2025\\\/03\\\/Hugin-beige-bordskjerm-scaled.jpg\",\"contentUrl\":\"https:\\\/\\\/www.akustikksenter.no\\\/wp-content\\\/uploads\\\/2025\\\/03\\\/Hugin-beige-bordskjerm-scaled.jpg\",\"width\":2560,\"height\":1707},{\"@type\":\"BreadcrumbList\",\"@id\":\"https:\\\/\\\/www.akustikksenter.no\\\/butikk\\\/skillevegger-og-bordskjermer\\\/hugin-bordskjerm\\\/#breadcrumb\",\"itemListElement\":[{\"@type\":\"ListItem\",\"position\":1,\"name\":\"Hjem\",\"item\":\"https:\\\/\\\/www.akustikksenter.no\\\/\"},{\"@type\":\"ListItem\",\"position\":2,\"name\":\"Nettbutikk\",\"item\":\"https:\\\/\\\/www.akustikksenter.no\\\/nettbutikk\\\/\"},{\"@type\":\"ListItem\",\"position\":3,\"name\":\"Hugin\u2122 lyddempende bordskjerm\"}]},{\"@type\":\"WebSite\",\"@id\":\"https:\\\/\\\/www.akustikksenter.no\\\/#website\",\"url\":\"https:\\\/\\\/www.akustikksenter.no\\\/\",\"name\":\"Norsk Akustikksenter\",\"description\":\"Totalleverand\u00f8r av akustikkl\u00f8sninger\",\"publisher\":{\"@id\":\"https:\\\/\\\/www.akustikksenter.no\\\/#organization\"},\"potentialAction\":[{\"@type\":\"SearchAction\",\"target\":{\"@type\":\"EntryPoint\",\"urlTemplate\":\"https:\\\/\\\/www.akustikksenter.no\\\/?s={search_term_string}\"},\"query-input\":{\"@type\":\"PropertyValueSpecification\",\"valueRequired\":true,\"valueName\":\"search_term_string\"}}],\"inLanguage\":\"da-DK\"},{\"@type\":\"Organization\",\"@id\":\"https:\\\/\\\/www.akustikksenter.no\\\/#organization\",\"name\":\"Norsk Akustikksenter\",\"alternateName\":\"Akustikksenter\",\"url\":\"https:\\\/\\\/www.akustikksenter.no\\\/\",\"logo\":{\"@type\":\"ImageObject\",\"inLanguage\":\"da-DK\",\"@id\":\"https:\\\/\\\/www.akustikksenter.no\\\/#\\\/schema\\\/logo\\\/image\\\/\",\"url\":\"https:\\\/\\\/www.akustikksenter.no\\\/wp-content\\\/uploads\\\/2018\\\/02\\\/Norsk-Akkustikksenter_nyLogo_payoff-3-e1518606723632.png\",\"contentUrl\":\"https:\\\/\\\/www.akustikksenter.no\\\/wp-content\\\/uploads\\\/2018\\\/02\\\/Norsk-Akkustikksenter_nyLogo_payoff-3-e1518606723632.png\",\"width\":232,\"height\":93,\"caption\":\"Norsk Akustikksenter\"},\"image\":{\"@id\":\"https:\\\/\\\/www.akustikksenter.no\\\/#\\\/schema\\\/logo\\\/image\\\/\"},\"sameAs\":[\"https:\\\/\\\/www.facebook.com\\\/Akustikksenter\\\/\",\"https:\\\/\\\/www.pinterest.com\\\/akustikksenter\\\/\",\"https:\\\/\\\/www.instagram.com\\\/akustikksenter_norway\\\/\",\"https:\\\/\\\/no.linkedin.com\\\/company\\\/norsk-akustikksenter-as\"]}]}<\/script>\n<!-- \/ Yoast SEO plugin. -->","yoast_head_json":{"title":"Hugin\u2122 lydabsorberende bordsk\u00e6rm - Norsk Akustikksenter","description":"Akustisk skrivebordssk\u00e6rm med f\u00e6nomenal lydabsorption.  Hugin skrivebordssk\u00e6rm d\u00e6mper lyden og giver en behagelig arbejdsdag p\u00e5 kontoret. M1- og EPD-certifikat.","robots":{"index":"index","follow":"follow","max-snippet":"max-snippet:-1","max-image-preview":"max-image-preview:large","max-video-preview":"max-video-preview:-1"},"canonical":"https:\/\/www.akustikksenter.no\/da\/butik\/skillevaegge-og-bordskaerme\/hugin-bordskaerm\/","og_locale":"da_DK","og_type":"article","og_title":"Hugin\u2122 lyddempende bordskjerm - Norsk Akustikksenter","og_description":"Akustikk bordskjerm med fenomenal lyddemping.\u00a0\u00a0Hugin bordskjerm demper lyd slik at du f\u00e5r en behagelig arbeidsdag p\u00e5 kontoret. M1 og EPD Sertifikat.","og_url":"https:\/\/www.akustikksenter.no\/da\/butik\/skillevaegge-og-bordskaerme\/hugin-bordskaerm\/","og_site_name":"Norsk Akustikksenter","article_publisher":"https:\/\/www.facebook.com\/Akustikksenter\/","article_modified_time":"2026-02-24T13:24:39+00:00","og_image":[{"width":2560,"height":1707,"url":"https:\/\/www.akustikksenter.no\/wp-content\/uploads\/2025\/03\/Hugin-beige-bordskjerm-scaled.jpg","type":"image\/jpeg"}],"twitter_misc":{"Estimeret l\u00e6setid":"2 minutter"},"schema":{"@context":"https:\/\/schema.org","@graph":[{"@type":"WebPage","@id":"https:\/\/www.akustikksenter.no\/butikk\/skillevegger-og-bordskjermer\/hugin-bordskjerm\/","url":"https:\/\/www.akustikksenter.no\/butikk\/skillevegger-og-bordskjermer\/hugin-bordskjerm\/","name":"Hugin\u2122 lydabsorberende bordsk\u00e6rm - Norsk Akustikksenter","isPartOf":{"@id":"https:\/\/www.akustikksenter.no\/#website"},"primaryImageOfPage":{"@id":"https:\/\/www.akustikksenter.no\/butikk\/skillevegger-og-bordskjermer\/hugin-bordskjerm\/#primaryimage"},"image":{"@id":"https:\/\/www.akustikksenter.no\/butikk\/skillevegger-og-bordskjermer\/hugin-bordskjerm\/#primaryimage"},"thumbnailUrl":"https:\/\/www.akustikksenter.no\/wp-content\/uploads\/2025\/03\/Hugin-beige-bordskjerm-scaled.jpg","datePublished":"2016-06-14T13:01:07+00:00","dateModified":"2026-02-24T13:24:39+00:00","description":"Akustisk skrivebordssk\u00e6rm med f\u00e6nomenal lydabsorption.  Hugin skrivebordssk\u00e6rm d\u00e6mper lyden og giver en behagelig arbejdsdag p\u00e5 kontoret. M1- og EPD-certifikat.","breadcrumb":{"@id":"https:\/\/www.akustikksenter.no\/butikk\/skillevegger-og-bordskjermer\/hugin-bordskjerm\/#breadcrumb"},"inLanguage":"da-DK","potentialAction":[{"@type":"ReadAction","target":["https:\/\/www.akustikksenter.no\/butikk\/skillevegger-og-bordskjermer\/hugin-bordskjerm\/"]}]},{"@type":"ImageObject","inLanguage":"da-DK","@id":"https:\/\/www.akustikksenter.no\/butikk\/skillevegger-og-bordskjermer\/hugin-bordskjerm\/#primaryimage","url":"https:\/\/www.akustikksenter.no\/wp-content\/uploads\/2025\/03\/Hugin-beige-bordskjerm-scaled.jpg","contentUrl":"https:\/\/www.akustikksenter.no\/wp-content\/uploads\/2025\/03\/Hugin-beige-bordskjerm-scaled.jpg","width":2560,"height":1707},{"@type":"BreadcrumbList","@id":"https:\/\/www.akustikksenter.no\/butikk\/skillevegger-og-bordskjermer\/hugin-bordskjerm\/#breadcrumb","itemListElement":[{"@type":"ListItem","position":1,"name":"Hjem","item":"https:\/\/www.akustikksenter.no\/"},{"@type":"ListItem","position":2,"name":"Nettbutikk","item":"https:\/\/www.akustikksenter.no\/nettbutikk\/"},{"@type":"ListItem","position":3,"name":"Hugin\u2122 lyddempende bordskjerm"}]},{"@type":"WebSite","@id":"https:\/\/www.akustikksenter.no\/#website","url":"https:\/\/www.akustikksenter.no\/","name":"Norsk Akustik Center","description":"Totalleverand\u00f8r af akustiske l\u00f8sninger","publisher":{"@id":"https:\/\/www.akustikksenter.no\/#organization"},"potentialAction":[{"@type":"SearchAction","target":{"@type":"EntryPoint","urlTemplate":"https:\/\/www.akustikksenter.no\/?s={search_term_string}"},"query-input":{"@type":"PropertyValueSpecification","valueRequired":true,"valueName":"search_term_string"}}],"inLanguage":"da-DK"},{"@type":"Organization","@id":"https:\/\/www.akustikksenter.no\/#organization","name":"Norsk Akustik Center","alternateName":"Akustikksenter","url":"https:\/\/www.akustikksenter.no\/","logo":{"@type":"ImageObject","inLanguage":"da-DK","@id":"https:\/\/www.akustikksenter.no\/#\/schema\/logo\/image\/","url":"https:\/\/www.akustikksenter.no\/wp-content\/uploads\/2018\/02\/Norsk-Akkustikksenter_nyLogo_payoff-3-e1518606723632.png","contentUrl":"https:\/\/www.akustikksenter.no\/wp-content\/uploads\/2018\/02\/Norsk-Akkustikksenter_nyLogo_payoff-3-e1518606723632.png","width":232,"height":93,"caption":"Norsk Akustikksenter"},"image":{"@id":"https:\/\/www.akustikksenter.no\/#\/schema\/logo\/image\/"},"sameAs":["https:\/\/www.facebook.com\/Akustikksenter\/","https:\/\/www.pinterest.com\/akustikksenter\/","https:\/\/www.instagram.com\/akustikksenter_norway\/","https:\/\/no.linkedin.com\/company\/norsk-akustikksenter-as"]}]}},"_links":{"self":[{"href":"https:\/\/www.akustikksenter.no\/da\/wp-json\/wp\/v2\/product\/2891","targetHints":{"allow":["GET"]}}],"collection":[{"href":"https:\/\/www.akustikksenter.no\/da\/wp-json\/wp\/v2\/product"}],"about":[{"href":"https:\/\/www.akustikksenter.no\/da\/wp-json\/wp\/v2\/types\/product"}],"wp:featuredmedia":[{"embeddable":true,"href":"https:\/\/www.akustikksenter.no\/da\/wp-json\/wp\/v2\/media\/12747"}],"wp:attachment":[{"href":"https:\/\/www.akustikksenter.no\/da\/wp-json\/wp\/v2\/media?parent=2891"}],"wp:term":[{"taxonomy":"kampanje","embeddable":true,"href":"https:\/\/www.akustikksenter.no\/da\/wp-json\/wp\/v2\/kampanje?post=2891"},{"taxonomy":"product_brand","embeddable":true,"href":"https:\/\/www.akustikksenter.no\/da\/wp-json\/wp\/v2\/product_brand?post=2891"},{"taxonomy":"product_cat","embeddable":true,"href":"https:\/\/www.akustikksenter.no\/da\/wp-json\/wp\/v2\/product_cat?post=2891"},{"taxonomy":"product_tag","embeddable":true,"href":"https:\/\/www.akustikksenter.no\/da\/wp-json\/wp\/v2\/product_tag?post=2891"}],"curies":[{"name":"wp","href":"https:\/\/api.w.org\/{rel}","templated":true}]}}