{"id":3105,"date":"2017-06-16T10:48:50","date_gmt":"2017-06-16T08:48:50","guid":{"rendered":"https:\/\/www.akustikksenter.no\/?post_type=product&#038;p=3105"},"modified":"2026-02-24T14:08:28","modified_gmt":"2026-02-24T13:08:28","slug":"loke-oval-flad-hvid-40mm","status":"publish","type":"product","link":"https:\/\/www.akustikksenter.no\/da\/butikk\/flater-og-baffler\/loke-oval-flate-hvit-40mm\/","title":{"rendered":"Loke\u2122 Oval lydd\u00e6mpende fl\u00e5de 40 mm"},"content":{"rendered":"<p><img loading=\"lazy\" decoding=\"async\" class=\"alignnone wp-image-5130\" src=\"https:\/\/www.akustikksenter.no\/wp-content\/uploads\/2018\/11\/klasse_A-150x150.png\" alt=\"\" width=\"57\" height=\"57\" \/><\/p>\n<p>Oval lydabsorberende skive med struktureret overflade.<\/p>\n<p>Panelet er designet specielt til installation nedh\u00e6ngt fra loftet eller limet p\u00e5 en v\u00e6g eller et loft. Panelet har en fint struktureret overflade p\u00e5 alle sider. Det har en ekstremt god lydabsorption og er meget lydabsorberende. Det er derfor meget velegnet til at reducere efterklang og st\u00f8j i alle typer omr\u00e5der, s\u00e5som kontorer og undervisningsmilj\u00f8er, daginstitutioner og rum med meget st\u00f8j.<\/p>\n<p><strong>Montering<\/strong>. Panelerne monteres p\u00e5 lofter med wireoph\u00e6ng. Oph\u00e6nget best\u00e5r af spiralskrue, wire og fastg\u00f8relseskrog.  Kan ogs\u00e5 limes p\u00e5 v\u00e6g eller loft. Panelerne passer ikke ind i et traditionelt T-system.<\/p>\n<p><strong>Kanttyper.\u00a0<\/strong>Kant A<\/p>\n<p><strong>St\u00f8rrelse. <\/strong>1100x2100x40mm.<\/p>\n<p>Standardst\u00f8rrelser og -farver p\u00e5 lager. Specialst\u00f8rrelser og -farver kan bestilles.<\/p>\n<p><strong>Farve. <\/strong>Hvid, n\u00e6rmeste farvekode NCS 0502-Y og m\u00f8rkegr\u00e5, farvekode NCS S 7005-G80Y \/ RAL 7039 Quarzgrau. Absorberen kan trykkes med en anden farve eller design\/billede. Specialproduktion med egen farvekode kan bestilles (minimum 100 m2). Spotlights\/belysning kan eftermonteres.<\/p>\n<p><strong>Brandklasse.\u00a0<\/strong>A2-s1,d0, i henhold til EN 13501-1<\/p>\n<p><strong>Produktet er M1-certificeret.<\/strong> Det betyder, at produktet er blevet testet og opfylder de strengeste internationale krav til emissioner og ikke-brug af giftige komponenter. Der er s\u00e6rlige krav til akustiske produkter, som skal opfyldes for at opn\u00e5 M1-certificering.<\/p>\n<p style=\"margin: 0cm 0cm 18.0pt 0cm;\"><strong><span style=\"font-family: 'Lato',sans-serif; color: #262626;\">EPD (milj\u00f8varedeklaration).\u00a0<\/span><\/strong><span style=\"font-family: 'Lato',sans-serif; color: #262626;\">Produktet har afsluttet LCA-rapporten (Life Cycle Assessment) og modtaget et EPD-certifikat (Environmental Product Declaration).<\/span><\/p>\n<p><strong>Reng\u00f8ring og vedligeholdelse<\/strong><br \/>\nPladen har en overflade, der g\u00f8r den let at st\u00f8ve af. Hvis pladen males over, mister den sine lydisolerende egenskaber.<\/p>\n<p>&nbsp;<\/p>","protected":false},"excerpt":{"rendered":"<p>Raft. Meget god lydabsorption - lydabsorption, klasse A.  Panelet er 1100x2100 mm og 40 mm tykt. Kan h\u00e6nges op i loftet eller limes direkte p\u00e5 v\u00e6ggen\/loftet.<\/p>\n<p>Gr\u00f8n produktion, h\u00f8j kvalitet og lang levetid g\u00f8r produktet meget b\u00e6redygtigt.<\/p>","protected":false},"featured_media":9022,"template":"","meta":{"_acf_changed":false},"kampanje":[],"product_brand":[],"product_cat":[348,317],"product_tag":[289],"class_list":{"0":"post-3105","1":"product","2":"type-product","3":"status-publish","4":"has-post-thumbnail","6":"product_cat-dekor-absorbenter-vegg-og-tak","7":"product_cat-flater-og-baffler","8":"product_tag-tak","9":"pa_farge-hvit","10":"pa_farge-mork-gra","12":"first","13":"instock","14":"featured","15":"taxable","16":"shipping-taxable","17":"purchasable","18":"product-type-variable","19":"has-default-attributes"},"acf":[],"yoast_head":"<!-- This site is optimized with the Yoast SEO plugin v27.3 - https:\/\/yoast.com\/product\/yoast-seo-wordpress\/ -->\n<title>Lyddempende oval fl\u00e5te Loke\u2122 40mm - Norsk Akustikksenter<\/title>\n<meta name=\"description\" content=\"Fl\u00e5te. S\u00e6rdeles god lydabsorbsjon. Lyddemping, klasse A. Platen er 40 mm tykk. Kan monteres med oppheng i tak eller limes direkte p\u00e5 vegg\/tak. M1 og EDP Sertifikat.\" \/>\n<meta name=\"robots\" content=\"index, follow, max-snippet:-1, max-image-preview:large, max-video-preview:-1\" \/>\n<link rel=\"canonical\" href=\"https:\/\/www.akustikksenter.no\/da\/butik\/overflader-og-bafler\/loke-oval-flad-hvid-40mm\/\" \/>\n<meta property=\"og:locale\" content=\"da_DK\" \/>\n<meta property=\"og:type\" content=\"article\" \/>\n<meta property=\"og:title\" content=\"Lyddempende oval fl\u00e5te Loke\u2122 40mm - Norsk Akustikksenter\" \/>\n<meta property=\"og:description\" content=\"Fl\u00e5te. S\u00e6rdeles god lydabsorbsjon. Lyddemping, klasse A. Platen er 40 mm tykk. Kan monteres med oppheng i tak eller limes direkte p\u00e5 vegg\/tak. M1 og EDP Sertifikat.\" \/>\n<meta property=\"og:url\" content=\"https:\/\/www.akustikksenter.no\/da\/butik\/overflader-og-bafler\/loke-oval-flad-hvid-40mm\/\" \/>\n<meta property=\"og:site_name\" content=\"Norsk Akustikksenter\" \/>\n<meta property=\"article:publisher\" content=\"https:\/\/www.facebook.com\/Akustikksenter\/\" \/>\n<meta property=\"article:modified_time\" content=\"2026-02-24T13:08:28+00:00\" \/>\n<meta property=\"og:image\" content=\"https:\/\/www.akustikksenter.no\/wp-content\/uploads\/2017\/06\/Oval-naerbilde.jpg\" \/>\n\t<meta property=\"og:image:width\" content=\"1561\" \/>\n\t<meta property=\"og:image:height\" content=\"1263\" \/>\n\t<meta property=\"og:image:type\" content=\"image\/jpeg\" \/>\n<meta name=\"twitter:label1\" content=\"Estimeret l\u00e6setid\" \/>\n\t<meta name=\"twitter:data1\" content=\"2 minutter\" \/>\n<script type=\"application\/ld+json\" class=\"yoast-schema-graph\">{\"@context\":\"https:\\\/\\\/schema.org\",\"@graph\":[{\"@type\":\"WebPage\",\"@id\":\"https:\\\/\\\/www.akustikksenter.no\\\/butikk\\\/flater-og-baffler\\\/loke-oval-flate-hvit-40mm\\\/\",\"url\":\"https:\\\/\\\/www.akustikksenter.no\\\/butikk\\\/flater-og-baffler\\\/loke-oval-flate-hvit-40mm\\\/\",\"name\":\"Lyddempende oval fl\u00e5te Loke\u2122 40mm - Norsk Akustikksenter\",\"isPartOf\":{\"@id\":\"https:\\\/\\\/www.akustikksenter.no\\\/#website\"},\"primaryImageOfPage\":{\"@id\":\"https:\\\/\\\/www.akustikksenter.no\\\/butikk\\\/flater-og-baffler\\\/loke-oval-flate-hvit-40mm\\\/#primaryimage\"},\"image\":{\"@id\":\"https:\\\/\\\/www.akustikksenter.no\\\/butikk\\\/flater-og-baffler\\\/loke-oval-flate-hvit-40mm\\\/#primaryimage\"},\"thumbnailUrl\":\"https:\\\/\\\/www.akustikksenter.no\\\/wp-content\\\/uploads\\\/2017\\\/06\\\/Oval-naerbilde.jpg\",\"datePublished\":\"2017-06-16T08:48:50+00:00\",\"dateModified\":\"2026-02-24T13:08:28+00:00\",\"description\":\"Fl\u00e5te. S\u00e6rdeles god lydabsorbsjon. Lyddemping, klasse A. Platen er 40 mm tykk. Kan monteres med oppheng i tak eller limes direkte p\u00e5 vegg\\\/tak. M1 og EDP Sertifikat.\",\"breadcrumb\":{\"@id\":\"https:\\\/\\\/www.akustikksenter.no\\\/butikk\\\/flater-og-baffler\\\/loke-oval-flate-hvit-40mm\\\/#breadcrumb\"},\"inLanguage\":\"da-DK\",\"potentialAction\":[{\"@type\":\"ReadAction\",\"target\":[\"https:\\\/\\\/www.akustikksenter.no\\\/butikk\\\/flater-og-baffler\\\/loke-oval-flate-hvit-40mm\\\/\"]}]},{\"@type\":\"ImageObject\",\"inLanguage\":\"da-DK\",\"@id\":\"https:\\\/\\\/www.akustikksenter.no\\\/butikk\\\/flater-og-baffler\\\/loke-oval-flate-hvit-40mm\\\/#primaryimage\",\"url\":\"https:\\\/\\\/www.akustikksenter.no\\\/wp-content\\\/uploads\\\/2017\\\/06\\\/Oval-naerbilde.jpg\",\"contentUrl\":\"https:\\\/\\\/www.akustikksenter.no\\\/wp-content\\\/uploads\\\/2017\\\/06\\\/Oval-naerbilde.jpg\",\"width\":1561,\"height\":1263},{\"@type\":\"BreadcrumbList\",\"@id\":\"https:\\\/\\\/www.akustikksenter.no\\\/butikk\\\/flater-og-baffler\\\/loke-oval-flate-hvit-40mm\\\/#breadcrumb\",\"itemListElement\":[{\"@type\":\"ListItem\",\"position\":1,\"name\":\"Hjem\",\"item\":\"https:\\\/\\\/www.akustikksenter.no\\\/\"},{\"@type\":\"ListItem\",\"position\":2,\"name\":\"Nettbutikk\",\"item\":\"https:\\\/\\\/www.akustikksenter.no\\\/nettbutikk\\\/\"},{\"@type\":\"ListItem\",\"position\":3,\"name\":\"Loke\u2122 Oval lyddempende fl\u00e5te 40mm\"}]},{\"@type\":\"WebSite\",\"@id\":\"https:\\\/\\\/www.akustikksenter.no\\\/#website\",\"url\":\"https:\\\/\\\/www.akustikksenter.no\\\/\",\"name\":\"Norsk Akustikksenter\",\"description\":\"Totalleverand\u00f8r av akustikkl\u00f8sninger\",\"publisher\":{\"@id\":\"https:\\\/\\\/www.akustikksenter.no\\\/#organization\"},\"potentialAction\":[{\"@type\":\"SearchAction\",\"target\":{\"@type\":\"EntryPoint\",\"urlTemplate\":\"https:\\\/\\\/www.akustikksenter.no\\\/?s={search_term_string}\"},\"query-input\":{\"@type\":\"PropertyValueSpecification\",\"valueRequired\":true,\"valueName\":\"search_term_string\"}}],\"inLanguage\":\"da-DK\"},{\"@type\":\"Organization\",\"@id\":\"https:\\\/\\\/www.akustikksenter.no\\\/#organization\",\"name\":\"Norsk Akustikksenter\",\"alternateName\":\"Akustikksenter\",\"url\":\"https:\\\/\\\/www.akustikksenter.no\\\/\",\"logo\":{\"@type\":\"ImageObject\",\"inLanguage\":\"da-DK\",\"@id\":\"https:\\\/\\\/www.akustikksenter.no\\\/#\\\/schema\\\/logo\\\/image\\\/\",\"url\":\"https:\\\/\\\/www.akustikksenter.no\\\/wp-content\\\/uploads\\\/2018\\\/02\\\/Norsk-Akkustikksenter_nyLogo_payoff-3-e1518606723632.png\",\"contentUrl\":\"https:\\\/\\\/www.akustikksenter.no\\\/wp-content\\\/uploads\\\/2018\\\/02\\\/Norsk-Akkustikksenter_nyLogo_payoff-3-e1518606723632.png\",\"width\":232,\"height\":93,\"caption\":\"Norsk Akustikksenter\"},\"image\":{\"@id\":\"https:\\\/\\\/www.akustikksenter.no\\\/#\\\/schema\\\/logo\\\/image\\\/\"},\"sameAs\":[\"https:\\\/\\\/www.facebook.com\\\/Akustikksenter\\\/\",\"https:\\\/\\\/www.pinterest.com\\\/akustikksenter\\\/\",\"https:\\\/\\\/www.instagram.com\\\/akustikksenter_norway\\\/\",\"https:\\\/\\\/no.linkedin.com\\\/company\\\/norsk-akustikksenter-as\"]}]}<\/script>\n<!-- \/ Yoast SEO plugin. -->","yoast_head_json":{"title":"Lydd\u00e6mpende oval fl\u00e5de Loke\u2122 40mm - Norsk Akustikksenter","description":"Fl\u00e5de. Ekstremt god lydabsorption. Lydd\u00e6mpning, klasse A. Panelet er 40 mm tykt. Kan h\u00e6nges op i loftet eller limes direkte p\u00e5 v\u00e6ggen\/loftet. M1- og EDP-certifikat.","robots":{"index":"index","follow":"follow","max-snippet":"max-snippet:-1","max-image-preview":"max-image-preview:large","max-video-preview":"max-video-preview:-1"},"canonical":"https:\/\/www.akustikksenter.no\/da\/butik\/overflader-og-bafler\/loke-oval-flad-hvid-40mm\/","og_locale":"da_DK","og_type":"article","og_title":"Lyddempende oval fl\u00e5te Loke\u2122 40mm - Norsk Akustikksenter","og_description":"Fl\u00e5te. S\u00e6rdeles god lydabsorbsjon. Lyddemping, klasse A. Platen er 40 mm tykk. Kan monteres med oppheng i tak eller limes direkte p\u00e5 vegg\/tak. M1 og EDP Sertifikat.","og_url":"https:\/\/www.akustikksenter.no\/da\/butik\/overflader-og-bafler\/loke-oval-flad-hvid-40mm\/","og_site_name":"Norsk Akustikksenter","article_publisher":"https:\/\/www.facebook.com\/Akustikksenter\/","article_modified_time":"2026-02-24T13:08:28+00:00","og_image":[{"width":1561,"height":1263,"url":"https:\/\/www.akustikksenter.no\/wp-content\/uploads\/2017\/06\/Oval-naerbilde.jpg","type":"image\/jpeg"}],"twitter_misc":{"Estimeret l\u00e6setid":"2 minutter"},"schema":{"@context":"https:\/\/schema.org","@graph":[{"@type":"WebPage","@id":"https:\/\/www.akustikksenter.no\/butikk\/flater-og-baffler\/loke-oval-flate-hvit-40mm\/","url":"https:\/\/www.akustikksenter.no\/butikk\/flater-og-baffler\/loke-oval-flate-hvit-40mm\/","name":"Lydd\u00e6mpende oval fl\u00e5de Loke\u2122 40mm - Norsk Akustikksenter","isPartOf":{"@id":"https:\/\/www.akustikksenter.no\/#website"},"primaryImageOfPage":{"@id":"https:\/\/www.akustikksenter.no\/butikk\/flater-og-baffler\/loke-oval-flate-hvit-40mm\/#primaryimage"},"image":{"@id":"https:\/\/www.akustikksenter.no\/butikk\/flater-og-baffler\/loke-oval-flate-hvit-40mm\/#primaryimage"},"thumbnailUrl":"https:\/\/www.akustikksenter.no\/wp-content\/uploads\/2017\/06\/Oval-naerbilde.jpg","datePublished":"2017-06-16T08:48:50+00:00","dateModified":"2026-02-24T13:08:28+00:00","description":"Fl\u00e5de. Ekstremt god lydabsorption. Lydd\u00e6mpning, klasse A. Panelet er 40 mm tykt. Kan h\u00e6nges op i loftet eller limes direkte p\u00e5 v\u00e6ggen\/loftet. M1- og EDP-certifikat.","breadcrumb":{"@id":"https:\/\/www.akustikksenter.no\/butikk\/flater-og-baffler\/loke-oval-flate-hvit-40mm\/#breadcrumb"},"inLanguage":"da-DK","potentialAction":[{"@type":"ReadAction","target":["https:\/\/www.akustikksenter.no\/butikk\/flater-og-baffler\/loke-oval-flate-hvit-40mm\/"]}]},{"@type":"ImageObject","inLanguage":"da-DK","@id":"https:\/\/www.akustikksenter.no\/butikk\/flater-og-baffler\/loke-oval-flate-hvit-40mm\/#primaryimage","url":"https:\/\/www.akustikksenter.no\/wp-content\/uploads\/2017\/06\/Oval-naerbilde.jpg","contentUrl":"https:\/\/www.akustikksenter.no\/wp-content\/uploads\/2017\/06\/Oval-naerbilde.jpg","width":1561,"height":1263},{"@type":"BreadcrumbList","@id":"https:\/\/www.akustikksenter.no\/butikk\/flater-og-baffler\/loke-oval-flate-hvit-40mm\/#breadcrumb","itemListElement":[{"@type":"ListItem","position":1,"name":"Hjem","item":"https:\/\/www.akustikksenter.no\/"},{"@type":"ListItem","position":2,"name":"Nettbutikk","item":"https:\/\/www.akustikksenter.no\/nettbutikk\/"},{"@type":"ListItem","position":3,"name":"Loke\u2122 Oval lyddempende fl\u00e5te 40mm"}]},{"@type":"WebSite","@id":"https:\/\/www.akustikksenter.no\/#website","url":"https:\/\/www.akustikksenter.no\/","name":"Norsk Akustik Center","description":"Totalleverand\u00f8r af akustiske l\u00f8sninger","publisher":{"@id":"https:\/\/www.akustikksenter.no\/#organization"},"potentialAction":[{"@type":"SearchAction","target":{"@type":"EntryPoint","urlTemplate":"https:\/\/www.akustikksenter.no\/?s={search_term_string}"},"query-input":{"@type":"PropertyValueSpecification","valueRequired":true,"valueName":"search_term_string"}}],"inLanguage":"da-DK"},{"@type":"Organization","@id":"https:\/\/www.akustikksenter.no\/#organization","name":"Norsk Akustik Center","alternateName":"Akustikksenter","url":"https:\/\/www.akustikksenter.no\/","logo":{"@type":"ImageObject","inLanguage":"da-DK","@id":"https:\/\/www.akustikksenter.no\/#\/schema\/logo\/image\/","url":"https:\/\/www.akustikksenter.no\/wp-content\/uploads\/2018\/02\/Norsk-Akkustikksenter_nyLogo_payoff-3-e1518606723632.png","contentUrl":"https:\/\/www.akustikksenter.no\/wp-content\/uploads\/2018\/02\/Norsk-Akkustikksenter_nyLogo_payoff-3-e1518606723632.png","width":232,"height":93,"caption":"Norsk Akustikksenter"},"image":{"@id":"https:\/\/www.akustikksenter.no\/#\/schema\/logo\/image\/"},"sameAs":["https:\/\/www.facebook.com\/Akustikksenter\/","https:\/\/www.pinterest.com\/akustikksenter\/","https:\/\/www.instagram.com\/akustikksenter_norway\/","https:\/\/no.linkedin.com\/company\/norsk-akustikksenter-as"]}]}},"_links":{"self":[{"href":"https:\/\/www.akustikksenter.no\/da\/wp-json\/wp\/v2\/product\/3105","targetHints":{"allow":["GET"]}}],"collection":[{"href":"https:\/\/www.akustikksenter.no\/da\/wp-json\/wp\/v2\/product"}],"about":[{"href":"https:\/\/www.akustikksenter.no\/da\/wp-json\/wp\/v2\/types\/product"}],"wp:featuredmedia":[{"embeddable":true,"href":"https:\/\/www.akustikksenter.no\/da\/wp-json\/wp\/v2\/media\/9022"}],"wp:attachment":[{"href":"https:\/\/www.akustikksenter.no\/da\/wp-json\/wp\/v2\/media?parent=3105"}],"wp:term":[{"taxonomy":"kampanje","embeddable":true,"href":"https:\/\/www.akustikksenter.no\/da\/wp-json\/wp\/v2\/kampanje?post=3105"},{"taxonomy":"product_brand","embeddable":true,"href":"https:\/\/www.akustikksenter.no\/da\/wp-json\/wp\/v2\/product_brand?post=3105"},{"taxonomy":"product_cat","embeddable":true,"href":"https:\/\/www.akustikksenter.no\/da\/wp-json\/wp\/v2\/product_cat?post=3105"},{"taxonomy":"product_tag","embeddable":true,"href":"https:\/\/www.akustikksenter.no\/da\/wp-json\/wp\/v2\/product_tag?post=3105"}],"curies":[{"name":"wp","href":"https:\/\/api.w.org\/{rel}","templated":true}]}}