{"id":3434,"date":"2014-11-24T09:34:07","date_gmt":"2014-11-24T08:34:07","guid":{"rendered":"https:\/\/www.akustikksenter.no\/?post_type=product&#038;p=3434"},"modified":"2026-02-02T10:28:21","modified_gmt":"2026-02-02T09:28:21","slug":"spraymaling-stovbinder","status":"publish","type":"product","link":"https:\/\/www.akustikksenter.no\/da\/butikk\/montasje-og-feste\/spraylakk-stovbinder\/","title":{"rendered":"Wurth Spraymaling. St\u00f8vbinder ved sk\u00e6ring"},"content":{"rendered":"<p>Vi anbefaler, at du bruger en spray til at binde glasuld og st\u00f8v, n\u00e5r du sk\u00e6rer i absorbenterne.<\/p>\n<p>Farver: hvid (RAL 9010) og sort (RAL 9005)<\/p>\n<p>&nbsp;<\/p>","protected":false},"excerpt":{"rendered":"<p>Forsegling af afsk\u00e5rne absorbenter. Dette er for at binde st\u00f8vet.<br \/>\nF\u00e5s i hvid og sort.<br \/>\n400 ml. Pris per styk.<\/p>","protected":false},"featured_media":9162,"template":"","meta":{"_acf_changed":false},"kampanje":[],"product_brand":[],"product_cat":[23],"product_tag":[],"class_list":{"0":"post-3434","1":"product","2":"type-product","3":"status-publish","4":"has-post-thumbnail","6":"product_cat-montasje-og-feste","7":"pa_farge-hvit","8":"pa_farge-svart","10":"first","11":"instock","12":"taxable","13":"shipping-taxable","14":"purchasable","15":"product-type-variable","16":"has-default-attributes"},"acf":[],"yoast_head":"<!-- This site is optimized with the Yoast SEO plugin v27.2 - https:\/\/yoast.com\/product\/yoast-seo-wordpress\/ -->\n<title>Wurth Spraylakk. St\u00f8vbinder ved kapping - Norsk Akustikksenter<\/title>\n<meta name=\"description\" content=\"Forsegling av kuttede absorbenter. Dette for \u00e5 binde st\u00f8vet. F\u00e5s i hvit og svart.400ml. Unng\u00e5 \u00f8yne og spray i \u00e5pent omr\u00e5de. Pris pr. stk.\" \/>\n<meta name=\"robots\" content=\"index, follow, max-snippet:-1, max-image-preview:large, max-video-preview:-1\" \/>\n<link rel=\"canonical\" href=\"https:\/\/www.akustikksenter.no\/da\/butik\/installation-og-fastgorelse\/spraymaling-stovbinder\/\" \/>\n<meta property=\"og:locale\" content=\"da_DK\" \/>\n<meta property=\"og:type\" content=\"article\" \/>\n<meta property=\"og:title\" content=\"Wurth Spraylakk. St\u00f8vbinder ved kapping - Norsk Akustikksenter\" \/>\n<meta property=\"og:description\" content=\"Forsegling av kuttede absorbenter. Dette for \u00e5 binde st\u00f8vet. F\u00e5s i hvit og svart.400ml. Unng\u00e5 \u00f8yne og spray i \u00e5pent omr\u00e5de. Pris pr. stk.\" \/>\n<meta property=\"og:url\" content=\"https:\/\/www.akustikksenter.no\/da\/butik\/installation-og-fastgorelse\/spraymaling-stovbinder\/\" \/>\n<meta property=\"og:site_name\" content=\"Norsk Akustikksenter\" \/>\n<meta property=\"article:publisher\" content=\"https:\/\/www.facebook.com\/Akustikksenter\/\" \/>\n<meta property=\"article:modified_time\" content=\"2026-02-02T09:28:21+00:00\" \/>\n<meta property=\"og:image\" content=\"https:\/\/www.akustikksenter.no\/wp-content\/uploads\/2014\/11\/0893349005-spraylakk-dypsort_l-002.png\" \/>\n\t<meta property=\"og:image:width\" content=\"629\" \/>\n\t<meta property=\"og:image:height\" content=\"629\" \/>\n\t<meta property=\"og:image:type\" content=\"image\/png\" \/>\n<script type=\"application\/ld+json\" class=\"yoast-schema-graph\">{\"@context\":\"https:\/\/schema.org\",\"@graph\":[{\"@type\":\"WebPage\",\"@id\":\"https:\/\/www.akustikksenter.no\/butikk\/montasje-og-feste\/spraylakk-stovbinder\/\",\"url\":\"https:\/\/www.akustikksenter.no\/butikk\/montasje-og-feste\/spraylakk-stovbinder\/\",\"name\":\"Wurth Spraylakk. St\u00f8vbinder ved kapping - Norsk Akustikksenter\",\"isPartOf\":{\"@id\":\"https:\/\/www.akustikksenter.no\/#website\"},\"primaryImageOfPage\":{\"@id\":\"https:\/\/www.akustikksenter.no\/butikk\/montasje-og-feste\/spraylakk-stovbinder\/#primaryimage\"},\"image\":{\"@id\":\"https:\/\/www.akustikksenter.no\/butikk\/montasje-og-feste\/spraylakk-stovbinder\/#primaryimage\"},\"thumbnailUrl\":\"https:\/\/www.akustikksenter.no\/wp-content\/uploads\/2014\/11\/0893349005-spraylakk-dypsort_l-002.png\",\"datePublished\":\"2014-11-24T08:34:07+00:00\",\"dateModified\":\"2026-02-02T09:28:21+00:00\",\"description\":\"Forsegling av kuttede absorbenter. Dette for \u00e5 binde st\u00f8vet. F\u00e5s i hvit og svart.400ml. Unng\u00e5 \u00f8yne og spray i \u00e5pent omr\u00e5de. Pris pr. stk.\",\"breadcrumb\":{\"@id\":\"https:\/\/www.akustikksenter.no\/butikk\/montasje-og-feste\/spraylakk-stovbinder\/#breadcrumb\"},\"inLanguage\":\"da-DK\",\"potentialAction\":[{\"@type\":\"ReadAction\",\"target\":[\"https:\/\/www.akustikksenter.no\/butikk\/montasje-og-feste\/spraylakk-stovbinder\/\"]}]},{\"@type\":\"ImageObject\",\"inLanguage\":\"da-DK\",\"@id\":\"https:\/\/www.akustikksenter.no\/butikk\/montasje-og-feste\/spraylakk-stovbinder\/#primaryimage\",\"url\":\"https:\/\/www.akustikksenter.no\/wp-content\/uploads\/2014\/11\/0893349005-spraylakk-dypsort_l-002.png\",\"contentUrl\":\"https:\/\/www.akustikksenter.no\/wp-content\/uploads\/2014\/11\/0893349005-spraylakk-dypsort_l-002.png\",\"width\":629,\"height\":629},{\"@type\":\"BreadcrumbList\",\"@id\":\"https:\/\/www.akustikksenter.no\/butikk\/montasje-og-feste\/spraylakk-stovbinder\/#breadcrumb\",\"itemListElement\":[{\"@type\":\"ListItem\",\"position\":1,\"name\":\"Hjem\",\"item\":\"https:\/\/www.akustikksenter.no\/\"},{\"@type\":\"ListItem\",\"position\":2,\"name\":\"Nettbutikk\",\"item\":\"https:\/\/www.akustikksenter.no\/nettbutikk\/\"},{\"@type\":\"ListItem\",\"position\":3,\"name\":\"Wurth Spraylakk. St\u00f8vbinder ved kapping\"}]},{\"@type\":\"WebSite\",\"@id\":\"https:\/\/www.akustikksenter.no\/#website\",\"url\":\"https:\/\/www.akustikksenter.no\/\",\"name\":\"Norsk Akustikksenter\",\"description\":\"Totalleverand\u00f8r av akustikkl\u00f8sninger\",\"publisher\":{\"@id\":\"https:\/\/www.akustikksenter.no\/#organization\"},\"potentialAction\":[{\"@type\":\"SearchAction\",\"target\":{\"@type\":\"EntryPoint\",\"urlTemplate\":\"https:\/\/www.akustikksenter.no\/?s={search_term_string}\"},\"query-input\":{\"@type\":\"PropertyValueSpecification\",\"valueRequired\":true,\"valueName\":\"search_term_string\"}}],\"inLanguage\":\"da-DK\"},{\"@type\":\"Organization\",\"@id\":\"https:\/\/www.akustikksenter.no\/#organization\",\"name\":\"Norsk Akustikksenter\",\"alternateName\":\"Akustikksenter\",\"url\":\"https:\/\/www.akustikksenter.no\/\",\"logo\":{\"@type\":\"ImageObject\",\"inLanguage\":\"da-DK\",\"@id\":\"https:\/\/www.akustikksenter.no\/#\/schema\/logo\/image\/\",\"url\":\"https:\/\/www.akustikksenter.no\/wp-content\/uploads\/2018\/02\/Norsk-Akkustikksenter_nyLogo_payoff-3-e1518606723632.png\",\"contentUrl\":\"https:\/\/www.akustikksenter.no\/wp-content\/uploads\/2018\/02\/Norsk-Akkustikksenter_nyLogo_payoff-3-e1518606723632.png\",\"width\":232,\"height\":93,\"caption\":\"Norsk Akustikksenter\"},\"image\":{\"@id\":\"https:\/\/www.akustikksenter.no\/#\/schema\/logo\/image\/\"},\"sameAs\":[\"https:\/\/www.facebook.com\/Akustikksenter\/\",\"https:\/\/www.pinterest.com\/akustikksenter\/\",\"https:\/\/www.instagram.com\/akustikksenter_norway\/\",\"https:\/\/no.linkedin.com\/company\/norsk-akustikksenter-as\"]}]}<\/script>\n<!-- \/ Yoast SEO plugin. -->","yoast_head_json":{"title":"Wurth Spraymaling. St\u00f8vbinder ved sk\u00e6ring - Norsk Akustikksenter","description":"Forsegling af afsk\u00e5rne absorbenter. Dette for at binde st\u00f8vet. F\u00e5s i hvid og sort. 400 ml. Undg\u00e5 \u00f8jne og spray i \u00e5bne omr\u00e5der. Pris pr. stk.","robots":{"index":"index","follow":"follow","max-snippet":"max-snippet:-1","max-image-preview":"max-image-preview:large","max-video-preview":"max-video-preview:-1"},"canonical":"https:\/\/www.akustikksenter.no\/da\/butik\/installation-og-fastgorelse\/spraymaling-stovbinder\/","og_locale":"da_DK","og_type":"article","og_title":"Wurth Spraylakk. St\u00f8vbinder ved kapping - Norsk Akustikksenter","og_description":"Forsegling av kuttede absorbenter. Dette for \u00e5 binde st\u00f8vet. F\u00e5s i hvit og svart.400ml. Unng\u00e5 \u00f8yne og spray i \u00e5pent omr\u00e5de. Pris pr. stk.","og_url":"https:\/\/www.akustikksenter.no\/da\/butik\/installation-og-fastgorelse\/spraymaling-stovbinder\/","og_site_name":"Norsk Akustikksenter","article_publisher":"https:\/\/www.facebook.com\/Akustikksenter\/","article_modified_time":"2026-02-02T09:28:21+00:00","og_image":[{"width":629,"height":629,"url":"https:\/\/www.akustikksenter.no\/wp-content\/uploads\/2014\/11\/0893349005-spraylakk-dypsort_l-002.png","type":"image\/png"}],"schema":{"@context":"https:\/\/schema.org","@graph":[{"@type":"WebPage","@id":"https:\/\/www.akustikksenter.no\/butikk\/montasje-og-feste\/spraylakk-stovbinder\/","url":"https:\/\/www.akustikksenter.no\/butikk\/montasje-og-feste\/spraylakk-stovbinder\/","name":"Wurth Spraymaling. St\u00f8vbinder ved sk\u00e6ring - Norsk Akustikksenter","isPartOf":{"@id":"https:\/\/www.akustikksenter.no\/#website"},"primaryImageOfPage":{"@id":"https:\/\/www.akustikksenter.no\/butikk\/montasje-og-feste\/spraylakk-stovbinder\/#primaryimage"},"image":{"@id":"https:\/\/www.akustikksenter.no\/butikk\/montasje-og-feste\/spraylakk-stovbinder\/#primaryimage"},"thumbnailUrl":"https:\/\/www.akustikksenter.no\/wp-content\/uploads\/2014\/11\/0893349005-spraylakk-dypsort_l-002.png","datePublished":"2014-11-24T08:34:07+00:00","dateModified":"2026-02-02T09:28:21+00:00","description":"Forsegling af afsk\u00e5rne absorbenter. Dette for at binde st\u00f8vet. F\u00e5s i hvid og sort. 400 ml. Undg\u00e5 \u00f8jne og spray i \u00e5bne omr\u00e5der. Pris pr. stk.","breadcrumb":{"@id":"https:\/\/www.akustikksenter.no\/butikk\/montasje-og-feste\/spraylakk-stovbinder\/#breadcrumb"},"inLanguage":"da-DK","potentialAction":[{"@type":"ReadAction","target":["https:\/\/www.akustikksenter.no\/butikk\/montasje-og-feste\/spraylakk-stovbinder\/"]}]},{"@type":"ImageObject","inLanguage":"da-DK","@id":"https:\/\/www.akustikksenter.no\/butikk\/montasje-og-feste\/spraylakk-stovbinder\/#primaryimage","url":"https:\/\/www.akustikksenter.no\/wp-content\/uploads\/2014\/11\/0893349005-spraylakk-dypsort_l-002.png","contentUrl":"https:\/\/www.akustikksenter.no\/wp-content\/uploads\/2014\/11\/0893349005-spraylakk-dypsort_l-002.png","width":629,"height":629},{"@type":"BreadcrumbList","@id":"https:\/\/www.akustikksenter.no\/butikk\/montasje-og-feste\/spraylakk-stovbinder\/#breadcrumb","itemListElement":[{"@type":"ListItem","position":1,"name":"Hjem","item":"https:\/\/www.akustikksenter.no\/"},{"@type":"ListItem","position":2,"name":"Nettbutikk","item":"https:\/\/www.akustikksenter.no\/nettbutikk\/"},{"@type":"ListItem","position":3,"name":"Wurth Spraylakk. St\u00f8vbinder ved kapping"}]},{"@type":"WebSite","@id":"https:\/\/www.akustikksenter.no\/#website","url":"https:\/\/www.akustikksenter.no\/","name":"Norsk Akustik Center","description":"Totalleverand\u00f8r af akustiske l\u00f8sninger","publisher":{"@id":"https:\/\/www.akustikksenter.no\/#organization"},"potentialAction":[{"@type":"SearchAction","target":{"@type":"EntryPoint","urlTemplate":"https:\/\/www.akustikksenter.no\/?s={search_term_string}"},"query-input":{"@type":"PropertyValueSpecification","valueRequired":true,"valueName":"search_term_string"}}],"inLanguage":"da-DK"},{"@type":"Organization","@id":"https:\/\/www.akustikksenter.no\/#organization","name":"Norsk Akustik Center","alternateName":"Akustikksenter","url":"https:\/\/www.akustikksenter.no\/","logo":{"@type":"ImageObject","inLanguage":"da-DK","@id":"https:\/\/www.akustikksenter.no\/#\/schema\/logo\/image\/","url":"https:\/\/www.akustikksenter.no\/wp-content\/uploads\/2018\/02\/Norsk-Akkustikksenter_nyLogo_payoff-3-e1518606723632.png","contentUrl":"https:\/\/www.akustikksenter.no\/wp-content\/uploads\/2018\/02\/Norsk-Akkustikksenter_nyLogo_payoff-3-e1518606723632.png","width":232,"height":93,"caption":"Norsk Akustikksenter"},"image":{"@id":"https:\/\/www.akustikksenter.no\/#\/schema\/logo\/image\/"},"sameAs":["https:\/\/www.facebook.com\/Akustikksenter\/","https:\/\/www.pinterest.com\/akustikksenter\/","https:\/\/www.instagram.com\/akustikksenter_norway\/","https:\/\/no.linkedin.com\/company\/norsk-akustikksenter-as"]}]}},"_links":{"self":[{"href":"https:\/\/www.akustikksenter.no\/da\/wp-json\/wp\/v2\/product\/3434","targetHints":{"allow":["GET"]}}],"collection":[{"href":"https:\/\/www.akustikksenter.no\/da\/wp-json\/wp\/v2\/product"}],"about":[{"href":"https:\/\/www.akustikksenter.no\/da\/wp-json\/wp\/v2\/types\/product"}],"wp:featuredmedia":[{"embeddable":true,"href":"https:\/\/www.akustikksenter.no\/da\/wp-json\/wp\/v2\/media\/9162"}],"wp:attachment":[{"href":"https:\/\/www.akustikksenter.no\/da\/wp-json\/wp\/v2\/media?parent=3434"}],"wp:term":[{"taxonomy":"kampanje","embeddable":true,"href":"https:\/\/www.akustikksenter.no\/da\/wp-json\/wp\/v2\/kampanje?post=3434"},{"taxonomy":"product_brand","embeddable":true,"href":"https:\/\/www.akustikksenter.no\/da\/wp-json\/wp\/v2\/product_brand?post=3434"},{"taxonomy":"product_cat","embeddable":true,"href":"https:\/\/www.akustikksenter.no\/da\/wp-json\/wp\/v2\/product_cat?post=3434"},{"taxonomy":"product_tag","embeddable":true,"href":"https:\/\/www.akustikksenter.no\/da\/wp-json\/wp\/v2\/product_tag?post=3434"}],"curies":[{"name":"wp","href":"https:\/\/api.w.org\/{rel}","templated":true}]}}