{"id":361,"date":"2014-02-05T13:23:51","date_gmt":"2014-02-05T12:23:51","guid":{"rendered":"https:\/\/www-akustikksenter.wp3.hcweb.dev\/?post_type=product&#038;p=361"},"modified":"2025-11-18T13:12:13","modified_gmt":"2025-11-18T12:12:13","slug":"mikrofon","status":"publish","type":"product","link":"https:\/\/www.akustikksenter.no\/da\/butikk\/systemhimling\/micro\/","title":{"rendered":"Mikro-loftplade"},"content":{"rendered":"<p><strong>Overfladen med karakteristiske runde huller \u00d81,8 mm placeret diagonalt.\u00a0<\/strong><br \/>\nOverfladen er for-lakeret med god holdbarhed. Produktet t\u00e5ler reng\u00f8ring og er derfor velegnet til milj\u00f8er med h\u00f8je hygiejnekrav.<\/p>\n<p><strong>Farve- og lysrefleksion<\/strong><br \/>\nStandardfarven er hvid (RAL 9010).  Lysrefleksion er minimum 60%.<\/p>\n<p><strong>Installation<\/strong><br \/>\nPanelerne er monteret i et skjult oph\u00e6ngssystem kaldet TightC.<\/p>\n<p>Absorptionstesten er udf\u00f8rt med 20 mm indkapslet glasuldsplade p\u00e5 indersiden i overensstemmelse med ISO 354. Produkterne er klassificeret som klasse A, og absorptionskoefficienten \u00aaw er beregnet til 0,95 i henhold til ISO 11654. Perforeringsklassen er 22%.<\/p>\n<p>Klasse A-l\u00f8sningen kr\u00e6ver en absorbent\/loftsplade p\u00e5 15 eller 40 mm, lydklasse A, som placeres oven p\u00e5 Micro-loftspladen.<\/p>\n<p>&nbsp;<\/p>","protected":false},"excerpt":{"rendered":"<p>Minimalistisk design i metal. Panelet er perforeret med runde huller. Installeret med 15 - 40 mm indkapslet glasuldspanel p\u00e5 indersiden til lydklasse A.<\/p>\n<h4><\/h4>","protected":false},"featured_media":362,"template":"","meta":{"_acf_changed":false},"kampanje":[],"product_brand":[],"product_cat":[21],"product_tag":[],"class_list":{"0":"post-361","1":"product","2":"type-product","3":"status-publish","4":"has-post-thumbnail","6":"product_cat-systemhimling","8":"first","9":"instock","10":"taxable","11":"shipping-taxable","12":"purchasable","13":"product-type-simple"},"acf":[],"yoast_head":"<!-- This site is optimized with the Yoast SEO plugin v27.5 - https:\/\/yoast.com\/product\/yoast-seo-wordpress\/ -->\n<title>Micro Himlingsplate - Norsk Akustikksenter<\/title>\n<meta name=\"description\" content=\"Minimalistisk design i metall. Platen har perforering med runde hull. Monteres med 20 mm innkapslet glassullplate p\u00e5 innsiden for lydklasse A.\" \/>\n<meta name=\"robots\" content=\"index, follow, max-snippet:-1, max-image-preview:large, max-video-preview:-1\" \/>\n<link rel=\"canonical\" href=\"https:\/\/www.akustikksenter.no\/da\/butik\/systemloft\/mikrofon\/\" \/>\n<meta property=\"og:locale\" content=\"da_DK\" \/>\n<meta property=\"og:type\" content=\"article\" \/>\n<meta property=\"og:title\" content=\"Micro Himlingsplate - Norsk Akustikksenter\" \/>\n<meta property=\"og:description\" content=\"Minimalistisk design i metall. Platen har perforering med runde hull. Monteres med 20 mm innkapslet glassullplate p\u00e5 innsiden for lydklasse A.\" \/>\n<meta property=\"og:url\" content=\"https:\/\/www.akustikksenter.no\/da\/butik\/systemloft\/mikrofon\/\" \/>\n<meta property=\"og:site_name\" content=\"Norsk Akustikksenter\" \/>\n<meta property=\"article:publisher\" content=\"https:\/\/www.facebook.com\/Akustikksenter\/\" \/>\n<meta property=\"article:modified_time\" content=\"2025-11-18T12:12:13+00:00\" \/>\n<meta property=\"og:image\" content=\"https:\/\/www.akustikksenter.no\/wp-content\/uploads\/2014\/02\/micro.jpg\" \/>\n\t<meta property=\"og:image:width\" content=\"500\" \/>\n\t<meta property=\"og:image:height\" content=\"286\" \/>\n\t<meta property=\"og:image:type\" content=\"image\/jpeg\" \/>\n<meta name=\"twitter:label1\" content=\"Estimeret l\u00e6setid\" \/>\n\t<meta name=\"twitter:data1\" content=\"1 minut\" \/>\n<script type=\"application\/ld+json\" class=\"yoast-schema-graph\">{\"@context\":\"https:\\\/\\\/schema.org\",\"@graph\":[{\"@type\":\"WebPage\",\"@id\":\"https:\\\/\\\/www.akustikksenter.no\\\/butikk\\\/systemhimling\\\/micro\\\/\",\"url\":\"https:\\\/\\\/www.akustikksenter.no\\\/butikk\\\/systemhimling\\\/micro\\\/\",\"name\":\"Micro Himlingsplate - Norsk Akustikksenter\",\"isPartOf\":{\"@id\":\"https:\\\/\\\/www.akustikksenter.no\\\/#website\"},\"primaryImageOfPage\":{\"@id\":\"https:\\\/\\\/www.akustikksenter.no\\\/butikk\\\/systemhimling\\\/micro\\\/#primaryimage\"},\"image\":{\"@id\":\"https:\\\/\\\/www.akustikksenter.no\\\/butikk\\\/systemhimling\\\/micro\\\/#primaryimage\"},\"thumbnailUrl\":\"https:\\\/\\\/www.akustikksenter.no\\\/wp-content\\\/uploads\\\/2014\\\/02\\\/micro.jpg\",\"datePublished\":\"2014-02-05T12:23:51+00:00\",\"dateModified\":\"2025-11-18T12:12:13+00:00\",\"description\":\"Minimalistisk design i metall. Platen har perforering med runde hull. Monteres med 20 mm innkapslet glassullplate p\u00e5 innsiden for lydklasse A.\",\"breadcrumb\":{\"@id\":\"https:\\\/\\\/www.akustikksenter.no\\\/butikk\\\/systemhimling\\\/micro\\\/#breadcrumb\"},\"inLanguage\":\"da-DK\",\"potentialAction\":[{\"@type\":\"ReadAction\",\"target\":[\"https:\\\/\\\/www.akustikksenter.no\\\/butikk\\\/systemhimling\\\/micro\\\/\"]}]},{\"@type\":\"ImageObject\",\"inLanguage\":\"da-DK\",\"@id\":\"https:\\\/\\\/www.akustikksenter.no\\\/butikk\\\/systemhimling\\\/micro\\\/#primaryimage\",\"url\":\"https:\\\/\\\/www.akustikksenter.no\\\/wp-content\\\/uploads\\\/2014\\\/02\\\/micro.jpg\",\"contentUrl\":\"https:\\\/\\\/www.akustikksenter.no\\\/wp-content\\\/uploads\\\/2014\\\/02\\\/micro.jpg\",\"width\":500,\"height\":286},{\"@type\":\"BreadcrumbList\",\"@id\":\"https:\\\/\\\/www.akustikksenter.no\\\/butikk\\\/systemhimling\\\/micro\\\/#breadcrumb\",\"itemListElement\":[{\"@type\":\"ListItem\",\"position\":1,\"name\":\"Hjem\",\"item\":\"https:\\\/\\\/www.akustikksenter.no\\\/\"},{\"@type\":\"ListItem\",\"position\":2,\"name\":\"Nettbutikk\",\"item\":\"https:\\\/\\\/www.akustikksenter.no\\\/nettbutikk\\\/\"},{\"@type\":\"ListItem\",\"position\":3,\"name\":\"Micro Himlingsplate\"}]},{\"@type\":\"WebSite\",\"@id\":\"https:\\\/\\\/www.akustikksenter.no\\\/#website\",\"url\":\"https:\\\/\\\/www.akustikksenter.no\\\/\",\"name\":\"Norsk Akustikksenter\",\"description\":\"Totalleverand\u00f8r av akustikkl\u00f8sninger\",\"publisher\":{\"@id\":\"https:\\\/\\\/www.akustikksenter.no\\\/#organization\"},\"potentialAction\":[{\"@type\":\"SearchAction\",\"target\":{\"@type\":\"EntryPoint\",\"urlTemplate\":\"https:\\\/\\\/www.akustikksenter.no\\\/?s={search_term_string}\"},\"query-input\":{\"@type\":\"PropertyValueSpecification\",\"valueRequired\":true,\"valueName\":\"search_term_string\"}}],\"inLanguage\":\"da-DK\"},{\"@type\":\"Organization\",\"@id\":\"https:\\\/\\\/www.akustikksenter.no\\\/#organization\",\"name\":\"Norsk Akustikksenter\",\"alternateName\":\"Akustikksenter\",\"url\":\"https:\\\/\\\/www.akustikksenter.no\\\/\",\"logo\":{\"@type\":\"ImageObject\",\"inLanguage\":\"da-DK\",\"@id\":\"https:\\\/\\\/www.akustikksenter.no\\\/#\\\/schema\\\/logo\\\/image\\\/\",\"url\":\"https:\\\/\\\/www.akustikksenter.no\\\/wp-content\\\/uploads\\\/2018\\\/02\\\/Norsk-Akkustikksenter_nyLogo_payoff-3-e1518606723632.png\",\"contentUrl\":\"https:\\\/\\\/www.akustikksenter.no\\\/wp-content\\\/uploads\\\/2018\\\/02\\\/Norsk-Akkustikksenter_nyLogo_payoff-3-e1518606723632.png\",\"width\":232,\"height\":93,\"caption\":\"Norsk Akustikksenter\"},\"image\":{\"@id\":\"https:\\\/\\\/www.akustikksenter.no\\\/#\\\/schema\\\/logo\\\/image\\\/\"},\"sameAs\":[\"https:\\\/\\\/www.facebook.com\\\/Akustikksenter\\\/\",\"https:\\\/\\\/www.pinterest.com\\\/akustikksenter\\\/\",\"https:\\\/\\\/www.instagram.com\\\/akustikksenter_norway\\\/\",\"https:\\\/\\\/no.linkedin.com\\\/company\\\/norsk-akustikksenter-as\"]}]}<\/script>\n<!-- \/ Yoast SEO plugin. -->","yoast_head_json":{"title":"Mikro-loftplader - Norsk Akustik Center","description":"Minimalistisk design i metal. Pladen har perforering med runde huller. Monteret med 20 mm indkapslet glasuldsplade p\u00e5 indersiden til lydklasse A.","robots":{"index":"index","follow":"follow","max-snippet":"max-snippet:-1","max-image-preview":"max-image-preview:large","max-video-preview":"max-video-preview:-1"},"canonical":"https:\/\/www.akustikksenter.no\/da\/butik\/systemloft\/mikrofon\/","og_locale":"da_DK","og_type":"article","og_title":"Micro Himlingsplate - Norsk Akustikksenter","og_description":"Minimalistisk design i metall. Platen har perforering med runde hull. Monteres med 20 mm innkapslet glassullplate p\u00e5 innsiden for lydklasse A.","og_url":"https:\/\/www.akustikksenter.no\/da\/butik\/systemloft\/mikrofon\/","og_site_name":"Norsk Akustikksenter","article_publisher":"https:\/\/www.facebook.com\/Akustikksenter\/","article_modified_time":"2025-11-18T12:12:13+00:00","og_image":[{"width":500,"height":286,"url":"https:\/\/www.akustikksenter.no\/wp-content\/uploads\/2014\/02\/micro.jpg","type":"image\/jpeg"}],"twitter_misc":{"Estimeret l\u00e6setid":"1 minut"},"schema":{"@context":"https:\/\/schema.org","@graph":[{"@type":"WebPage","@id":"https:\/\/www.akustikksenter.no\/butikk\/systemhimling\/micro\/","url":"https:\/\/www.akustikksenter.no\/butikk\/systemhimling\/micro\/","name":"Mikro-loftplader - Norsk Akustik Center","isPartOf":{"@id":"https:\/\/www.akustikksenter.no\/#website"},"primaryImageOfPage":{"@id":"https:\/\/www.akustikksenter.no\/butikk\/systemhimling\/micro\/#primaryimage"},"image":{"@id":"https:\/\/www.akustikksenter.no\/butikk\/systemhimling\/micro\/#primaryimage"},"thumbnailUrl":"https:\/\/www.akustikksenter.no\/wp-content\/uploads\/2014\/02\/micro.jpg","datePublished":"2014-02-05T12:23:51+00:00","dateModified":"2025-11-18T12:12:13+00:00","description":"Minimalistisk design i metal. Pladen har perforering med runde huller. Monteret med 20 mm indkapslet glasuldsplade p\u00e5 indersiden til lydklasse A.","breadcrumb":{"@id":"https:\/\/www.akustikksenter.no\/butikk\/systemhimling\/micro\/#breadcrumb"},"inLanguage":"da-DK","potentialAction":[{"@type":"ReadAction","target":["https:\/\/www.akustikksenter.no\/butikk\/systemhimling\/micro\/"]}]},{"@type":"ImageObject","inLanguage":"da-DK","@id":"https:\/\/www.akustikksenter.no\/butikk\/systemhimling\/micro\/#primaryimage","url":"https:\/\/www.akustikksenter.no\/wp-content\/uploads\/2014\/02\/micro.jpg","contentUrl":"https:\/\/www.akustikksenter.no\/wp-content\/uploads\/2014\/02\/micro.jpg","width":500,"height":286},{"@type":"BreadcrumbList","@id":"https:\/\/www.akustikksenter.no\/butikk\/systemhimling\/micro\/#breadcrumb","itemListElement":[{"@type":"ListItem","position":1,"name":"Hjem","item":"https:\/\/www.akustikksenter.no\/"},{"@type":"ListItem","position":2,"name":"Nettbutikk","item":"https:\/\/www.akustikksenter.no\/nettbutikk\/"},{"@type":"ListItem","position":3,"name":"Micro Himlingsplate"}]},{"@type":"WebSite","@id":"https:\/\/www.akustikksenter.no\/#website","url":"https:\/\/www.akustikksenter.no\/","name":"Norsk Akustik Center","description":"Totalleverand\u00f8r af akustiske l\u00f8sninger","publisher":{"@id":"https:\/\/www.akustikksenter.no\/#organization"},"potentialAction":[{"@type":"SearchAction","target":{"@type":"EntryPoint","urlTemplate":"https:\/\/www.akustikksenter.no\/?s={search_term_string}"},"query-input":{"@type":"PropertyValueSpecification","valueRequired":true,"valueName":"search_term_string"}}],"inLanguage":"da-DK"},{"@type":"Organization","@id":"https:\/\/www.akustikksenter.no\/#organization","name":"Norsk Akustik Center","alternateName":"Akustikksenter","url":"https:\/\/www.akustikksenter.no\/","logo":{"@type":"ImageObject","inLanguage":"da-DK","@id":"https:\/\/www.akustikksenter.no\/#\/schema\/logo\/image\/","url":"https:\/\/www.akustikksenter.no\/wp-content\/uploads\/2018\/02\/Norsk-Akkustikksenter_nyLogo_payoff-3-e1518606723632.png","contentUrl":"https:\/\/www.akustikksenter.no\/wp-content\/uploads\/2018\/02\/Norsk-Akkustikksenter_nyLogo_payoff-3-e1518606723632.png","width":232,"height":93,"caption":"Norsk Akustikksenter"},"image":{"@id":"https:\/\/www.akustikksenter.no\/#\/schema\/logo\/image\/"},"sameAs":["https:\/\/www.facebook.com\/Akustikksenter\/","https:\/\/www.pinterest.com\/akustikksenter\/","https:\/\/www.instagram.com\/akustikksenter_norway\/","https:\/\/no.linkedin.com\/company\/norsk-akustikksenter-as"]}]}},"_links":{"self":[{"href":"https:\/\/www.akustikksenter.no\/da\/wp-json\/wp\/v2\/product\/361","targetHints":{"allow":["GET"]}}],"collection":[{"href":"https:\/\/www.akustikksenter.no\/da\/wp-json\/wp\/v2\/product"}],"about":[{"href":"https:\/\/www.akustikksenter.no\/da\/wp-json\/wp\/v2\/types\/product"}],"wp:featuredmedia":[{"embeddable":true,"href":"https:\/\/www.akustikksenter.no\/da\/wp-json\/wp\/v2\/media\/362"}],"wp:attachment":[{"href":"https:\/\/www.akustikksenter.no\/da\/wp-json\/wp\/v2\/media?parent=361"}],"wp:term":[{"taxonomy":"kampanje","embeddable":true,"href":"https:\/\/www.akustikksenter.no\/da\/wp-json\/wp\/v2\/kampanje?post=361"},{"taxonomy":"product_brand","embeddable":true,"href":"https:\/\/www.akustikksenter.no\/da\/wp-json\/wp\/v2\/product_brand?post=361"},{"taxonomy":"product_cat","embeddable":true,"href":"https:\/\/www.akustikksenter.no\/da\/wp-json\/wp\/v2\/product_cat?post=361"},{"taxonomy":"product_tag","embeddable":true,"href":"https:\/\/www.akustikksenter.no\/da\/wp-json\/wp\/v2\/product_tag?post=361"}],"curies":[{"name":"wp","href":"https:\/\/api.w.org\/{rel}","templated":true}]}}