{"id":3871,"date":"2022-03-22T14:03:12","date_gmt":"2022-03-22T13:03:12","guid":{"rendered":"https:\/\/www-akustikksenter.wp3.hcweb.dev\/?post_type=product&#038;p=3871"},"modified":"2026-04-09T15:48:13","modified_gmt":"2026-04-09T13:48:13","slug":"frigg40mm-tekstil","status":"publish","type":"product","link":"https:\/\/www.akustikksenter.no\/da\/butikk\/direkte-monterte-absorbenter-vegg-og-tak\/frigg40mm-tekstil\/","title":{"rendered":"Frigg\u212240 mm lydabsorberende tekstilplade"},"content":{"rendered":"<p><b><img decoding=\"async\" class=\"alignnone wp-image-7313\" src=\"https:\/\/www.akustikksenter.no\/wp-content\/uploads\/2020\/02\/klasse-A-med-stjerne.png\" alt=\"\" width=\"66\" height=\"56\" \/>\u00a0 \u00a0<\/b><\/p>\n<p><b><br \/>\nDekorative lydabsorbenter af h\u00f8j kvalitet - lydd\u00e6mpere.\u00a0<\/b><b>Meget effektive lydabsorbenter.<\/b><\/p>\n<p>Lydabsorbenterne er 40 mm og bekl\u00e6dt med tekstil og f\u00e5s i flere forskellige farver og st\u00f8rrelser. Overfladen er slagfast og meget robust, hvilket g\u00f8r dem velegnede til brug i alle typer rum med mange former for aktivitet. De kan f.eks. ogs\u00e5 bruges i fitnesscentre, b\u00f8rnehaver og b\u00f8rnev\u00e6relser. De kan selvf\u00f8lgelig ogs\u00e5 bruges dekorativt p\u00e5 kontorer og i hjemmet. N\u00e5r der skal trykkes dekoration p\u00e5 lydabsorbenter, foretr\u00e6kker vi at bruge denne absorbent, da den giver et flot resultat. Disse lydabsorbenter kan ogs\u00e5 bruges som opslagstavler, men v\u00e6r opm\u00e6rksom p\u00e5, at den lydabsorberende effekt er reduceret.<\/p>\n<p><strong>V\u00e6gabsorbenter fremstillet af glasuld og brandh\u00e6mmende tekstil. Fremragende til lydabsorption.<br \/>\n<\/strong><br \/>\nFremstillet i overensstemmelse med EN 13964: 2014.<\/p>\n<p>Kernen i panelerne best\u00e5r af glasuld med en densitet p\u00e5 120 g. Den synlige overflade er belagt med farvet tekstil. Bagsiden er d\u00e6kket af transparent ikke-v\u00e6vet stof. Kanterne er forseglet under tekstilet med vandbaseret kalklim. Pladen er 40 mm tyk.<\/p>\n<p>Fastg\u00f8res normalt med montagelim, alternativt med et oph\u00e6ngsbeslag eller skruer.<\/p>\n<p><strong>St\u00f8rrelser<\/strong><br \/>\nStandardst\u00f8rrelser p\u00e5 lager. Specialst\u00f8rrelser kan bestilles.<\/p>\n<p><strong>Farver<\/strong><br \/>\nHvid, beige, lysegr\u00e5, koksgr\u00e5, sort eller med <a href=\"https:\/\/www.akustikksenter.no\/da\/onlinebutik\/akustiske-billeder\/?_gl=1*t9bpu7*_up*MQ..*_ga*MTMwODM1OTQwLjE2OTQxODE3MzM.*_ga_XPZ7G5SB2Y*MTY5NDE4MTczMi4xLjAuMTY5NDE4MTczMi4wLjAuMA..\">trykt farve\/motiv<\/a>.<\/p>\n<p><strong>Brandklasse.<\/strong> Pladerne er ikke-br\u00e6ndbare. Kerne af glasuld: A2-s1,d0 ref. EN 13501-1 og overfladebekl\u00e6dning (hvid): B-s2,d0 ref. EN 13501-1<\/p>\n<p><strong>Slagfast.\u00a0<\/strong>Absorberen er testet for slagfasthed i klasse 1A i overensstemmelse med EN13964, bilag D og DIN 18032:2018-11. Det er det bedst mulige for denne type produkt\/materiale.<\/p>\n<p><strong>Produktet er M1-certificeret.\u00a0<\/strong>Det betyder, at produktet er blevet testet og opfylder de strengeste internationale krav til emissioner og ikke-brug af giftige komponenter. Der er specifikke krav til akustiske produkter, der skal opfyldes for at opn\u00e5 M1-certificering<\/p>\n<p><strong>Isolerende egenskaber.\u00a0<\/strong>Absorberne har meget gode isoleringsegenskaber. Laboratorietestet i overensstemmelse med g\u00e6ldende regler. Termisk varmeledningsevne \/ Lambda-v\u00e6rdi = 0,033 W\/(m-K). Termisk varmemodstand = 1,191 (m2-K)\/W.<\/p>\n<p><strong>EPD (milj\u00f8varedeklaration).\u00a0<\/strong>Produktet har afsluttet LCA-rapporten (Life Cycle Assessment) og modtaget et EPD-certifikat (Environmental Product Declaration).<\/p>\n<p><strong>Reng\u00f8ring og vedligeholdelse.\u00a0<\/strong>Pladen har en overflade, der g\u00f8r det muligt at st\u00f8ve af, st\u00f8vsuge og vaske forsigtigt med en let fugtig klud. Hvis pladen males over, vil den miste sine egenskaber.<\/p>\n<p><a href=\"https:\/\/www.akustikksenter.no\/da\/onlinebutik\/akustiske-billeder\/\"><em>Perfekt til akustiske billeder\u00a0<\/em><\/a><\/p>","protected":false},"excerpt":{"rendered":"<p><b>Meget effektive og dekorative lydd\u00e6mpende tekstilpaneler.\u00a0 <\/b>De f\u00e5s i flere forskellige farver og st\u00f8rrelser. Overfladen er slagfast og meget robust. Kan ogs\u00e5 bruges som opslagstavler. Gr\u00f8n produktion, h\u00f8j kvalitet og lang levetid g\u00f8r produktet meget b\u00e6redygtigt.<\/p>\n<p>&nbsp;<\/p>","protected":false},"featured_media":8680,"template":"","meta":{"_acf_changed":false},"kampanje":[],"product_brand":[],"product_cat":[348,18],"product_tag":[330,331,332,333,327,334,292],"class_list":{"0":"post-3871","1":"product","2":"type-product","3":"status-publish","4":"has-post-thumbnail","6":"product_cat-dekor-absorbenter-vegg-og-tak","7":"product_cat-direkte-monterte-absorbenter-vegg-og-tak","8":"product_tag-hotell-restaurant-og-uteliv","9":"product_tag-idrettshaller-og-treningssenter","10":"product_tag-industri-kjopesenter-og-butikk","11":"product_tag-kontor-moterom-og-kantine","12":"product_tag-privat-bolig","13":"product_tag-skoler-og-barnehager","14":"product_tag-tekstiloverflate","15":"pa_farge-beige","16":"pa_farge-gra","17":"pa_farge-hvit","18":"pa_farge-koksgra","19":"pa_farge-svart","20":"pa_storrelse_type-vnr-80004-1200200040mm-b-kant-hvit-2-stk-48-m","21":"pa_storrelse_type-vnr-80004blk-1200200040mm-b-kant-svart-2-stk-48-m","22":"pa_storrelse_type-vnr-80004coal-1200200040mm-b-kant-koksgra-2-stk-48-m","23":"pa_storrelse_type-vnr-80004gre-1200200040mm-b-kant-gra-2-stk-48-m","24":"pa_storrelse_type-vnr-85098-300120040mm-b-kant-gra-6-stk-216-m","25":"pa_storrelse_type-vnr-85099-300120040mm-b-kant-koksgra-6-stk-216-m","26":"pa_storrelse_type-vnr-86093-60060040mm-b-kant-hvit-8-stk-288-m","27":"pa_storrelse_type-vnr-86093blk-60060040mm-b-kant-svart-8-stk-288-m","28":"pa_storrelse_type-vnr-86093coal-60060040mm-b-kant-koksgra-8-stk-288-m","29":"pa_storrelse_type-vnr-86094-600120040mm-b-kant-hvit-6-stk-432-m","30":"pa_storrelse_type-vnr-86094blk-600120040mm-b-kant-svart-6-stk-432-m","31":"pa_storrelse_type-vnr-86094coal-600120040mm-b-kant-koksgra-6-stk-432-m","32":"pa_storrelse_type-vnr-86095-60060040mm-b-kant-gra-8-stk-288-m","33":"pa_storrelse_type-vnr-86097-600120040mm-b-kant-gra-6-stk-432-m","35":"first","36":"instock","37":"featured","38":"taxable","39":"shipping-taxable","40":"purchasable","41":"product-type-variable"},"acf":[],"yoast_head":"<!-- This site is optimized with the Yoast SEO plugin v27.5 - https:\/\/yoast.com\/product\/yoast-seo-wordpress\/ -->\n<title>Frigg\u212240mm tekstil lyddempende plate - Norsk Akustikksenter<\/title>\n<meta name=\"description\" content=\"Effektive og dekorative lyddempende plater. Platen er 40 mm og trukket med tekstil. Flere farger og st\u00f8rrelser. Overflaten er slagfast og meget robust. Kan brukes som oppslagstavle.\" \/>\n<meta name=\"robots\" content=\"index, follow, max-snippet:-1, max-image-preview:large, max-video-preview:-1\" \/>\n<link rel=\"canonical\" href=\"https:\/\/www.akustikksenter.no\/da\/butik\/direkte-monterede-absorbenter-til-vaeg-og-loft\/frigg40mm-tekstil\/\" \/>\n<meta property=\"og:locale\" content=\"da_DK\" \/>\n<meta property=\"og:type\" content=\"article\" \/>\n<meta property=\"og:title\" content=\"Frigg\u212240mm tekstil lyddempende plate - Norsk Akustikksenter\" \/>\n<meta property=\"og:description\" content=\"Effektive og dekorative lyddempende plater. Platen er 40 mm og trukket med tekstil. Flere farger og st\u00f8rrelser. Overflaten er slagfast og meget robust. Kan brukes som oppslagstavle.\" \/>\n<meta property=\"og:url\" content=\"https:\/\/www.akustikksenter.no\/da\/butik\/direkte-monterede-absorbenter-til-vaeg-og-loft\/frigg40mm-tekstil\/\" \/>\n<meta property=\"og:site_name\" content=\"Norsk Akustikksenter\" \/>\n<meta property=\"article:publisher\" content=\"https:\/\/www.facebook.com\/Akustikksenter\/\" \/>\n<meta property=\"article:modified_time\" content=\"2026-04-09T13:48:13+00:00\" \/>\n<meta property=\"og:image\" content=\"https:\/\/www.akustikksenter.no\/wp-content\/uploads\/2016\/06\/Frigg-40-Coal-II-scaled.jpg\" \/>\n\t<meta property=\"og:image:width\" content=\"2560\" \/>\n\t<meta property=\"og:image:height\" content=\"1920\" \/>\n\t<meta property=\"og:image:type\" content=\"image\/jpeg\" \/>\n<meta name=\"twitter:label1\" content=\"Estimeret l\u00e6setid\" \/>\n\t<meta name=\"twitter:data1\" content=\"2 minutter\" \/>\n<script type=\"application\/ld+json\" class=\"yoast-schema-graph\">{\"@context\":\"https:\\\/\\\/schema.org\",\"@graph\":[{\"@type\":\"WebPage\",\"@id\":\"https:\\\/\\\/www.akustikksenter.no\\\/butikk\\\/direkte-monterte-absorbenter-vegg-og-tak\\\/frigg40mm-tekstil\\\/\",\"url\":\"https:\\\/\\\/www.akustikksenter.no\\\/butikk\\\/direkte-monterte-absorbenter-vegg-og-tak\\\/frigg40mm-tekstil\\\/\",\"name\":\"Frigg\u212240mm tekstil lyddempende plate - Norsk Akustikksenter\",\"isPartOf\":{\"@id\":\"https:\\\/\\\/www.akustikksenter.no\\\/#website\"},\"primaryImageOfPage\":{\"@id\":\"https:\\\/\\\/www.akustikksenter.no\\\/butikk\\\/direkte-monterte-absorbenter-vegg-og-tak\\\/frigg40mm-tekstil\\\/#primaryimage\"},\"image\":{\"@id\":\"https:\\\/\\\/www.akustikksenter.no\\\/butikk\\\/direkte-monterte-absorbenter-vegg-og-tak\\\/frigg40mm-tekstil\\\/#primaryimage\"},\"thumbnailUrl\":\"https:\\\/\\\/www.akustikksenter.no\\\/wp-content\\\/uploads\\\/2016\\\/06\\\/Frigg-40-Coal-II-scaled.jpg\",\"datePublished\":\"2022-03-22T13:03:12+00:00\",\"dateModified\":\"2026-04-09T13:48:13+00:00\",\"description\":\"Effektive og dekorative lyddempende plater. Platen er 40 mm og trukket med tekstil. Flere farger og st\u00f8rrelser. Overflaten er slagfast og meget robust. Kan brukes som oppslagstavle.\",\"breadcrumb\":{\"@id\":\"https:\\\/\\\/www.akustikksenter.no\\\/butikk\\\/direkte-monterte-absorbenter-vegg-og-tak\\\/frigg40mm-tekstil\\\/#breadcrumb\"},\"inLanguage\":\"da-DK\",\"potentialAction\":[{\"@type\":\"ReadAction\",\"target\":[\"https:\\\/\\\/www.akustikksenter.no\\\/butikk\\\/direkte-monterte-absorbenter-vegg-og-tak\\\/frigg40mm-tekstil\\\/\"]}]},{\"@type\":\"ImageObject\",\"inLanguage\":\"da-DK\",\"@id\":\"https:\\\/\\\/www.akustikksenter.no\\\/butikk\\\/direkte-monterte-absorbenter-vegg-og-tak\\\/frigg40mm-tekstil\\\/#primaryimage\",\"url\":\"https:\\\/\\\/www.akustikksenter.no\\\/wp-content\\\/uploads\\\/2016\\\/06\\\/Frigg-40-Coal-II-scaled.jpg\",\"contentUrl\":\"https:\\\/\\\/www.akustikksenter.no\\\/wp-content\\\/uploads\\\/2016\\\/06\\\/Frigg-40-Coal-II-scaled.jpg\",\"width\":2560,\"height\":1920},{\"@type\":\"BreadcrumbList\",\"@id\":\"https:\\\/\\\/www.akustikksenter.no\\\/butikk\\\/direkte-monterte-absorbenter-vegg-og-tak\\\/frigg40mm-tekstil\\\/#breadcrumb\",\"itemListElement\":[{\"@type\":\"ListItem\",\"position\":1,\"name\":\"Hjem\",\"item\":\"https:\\\/\\\/www.akustikksenter.no\\\/\"},{\"@type\":\"ListItem\",\"position\":2,\"name\":\"Nettbutikk\",\"item\":\"https:\\\/\\\/www.akustikksenter.no\\\/nettbutikk\\\/\"},{\"@type\":\"ListItem\",\"position\":3,\"name\":\"Frigg\u212240mm tekstil lyddempende plate\"}]},{\"@type\":\"WebSite\",\"@id\":\"https:\\\/\\\/www.akustikksenter.no\\\/#website\",\"url\":\"https:\\\/\\\/www.akustikksenter.no\\\/\",\"name\":\"Norsk Akustikksenter\",\"description\":\"Totalleverand\u00f8r av akustikkl\u00f8sninger\",\"publisher\":{\"@id\":\"https:\\\/\\\/www.akustikksenter.no\\\/#organization\"},\"potentialAction\":[{\"@type\":\"SearchAction\",\"target\":{\"@type\":\"EntryPoint\",\"urlTemplate\":\"https:\\\/\\\/www.akustikksenter.no\\\/?s={search_term_string}\"},\"query-input\":{\"@type\":\"PropertyValueSpecification\",\"valueRequired\":true,\"valueName\":\"search_term_string\"}}],\"inLanguage\":\"da-DK\"},{\"@type\":\"Organization\",\"@id\":\"https:\\\/\\\/www.akustikksenter.no\\\/#organization\",\"name\":\"Norsk Akustikksenter\",\"alternateName\":\"Akustikksenter\",\"url\":\"https:\\\/\\\/www.akustikksenter.no\\\/\",\"logo\":{\"@type\":\"ImageObject\",\"inLanguage\":\"da-DK\",\"@id\":\"https:\\\/\\\/www.akustikksenter.no\\\/#\\\/schema\\\/logo\\\/image\\\/\",\"url\":\"https:\\\/\\\/www.akustikksenter.no\\\/wp-content\\\/uploads\\\/2018\\\/02\\\/Norsk-Akkustikksenter_nyLogo_payoff-3-e1518606723632.png\",\"contentUrl\":\"https:\\\/\\\/www.akustikksenter.no\\\/wp-content\\\/uploads\\\/2018\\\/02\\\/Norsk-Akkustikksenter_nyLogo_payoff-3-e1518606723632.png\",\"width\":232,\"height\":93,\"caption\":\"Norsk Akustikksenter\"},\"image\":{\"@id\":\"https:\\\/\\\/www.akustikksenter.no\\\/#\\\/schema\\\/logo\\\/image\\\/\"},\"sameAs\":[\"https:\\\/\\\/www.facebook.com\\\/Akustikksenter\\\/\",\"https:\\\/\\\/www.pinterest.com\\\/akustikksenter\\\/\",\"https:\\\/\\\/www.instagram.com\\\/akustikksenter_norway\\\/\",\"https:\\\/\\\/no.linkedin.com\\\/company\\\/norsk-akustikksenter-as\"]}]}<\/script>\n<!-- \/ Yoast SEO plugin. -->","yoast_head_json":{"title":"Frigg\u212240mm tekstil lydisoleringsplade - Norsk Akustikksenter","description":"Effektive og dekorative lydd\u00e6mpende paneler. Panelet er 40 mm og bekl\u00e6dt med stof. Flere farver og st\u00f8rrelser. Overfladen er slagfast og meget robust. Kan bruges som opslagstavle.","robots":{"index":"index","follow":"follow","max-snippet":"max-snippet:-1","max-image-preview":"max-image-preview:large","max-video-preview":"max-video-preview:-1"},"canonical":"https:\/\/www.akustikksenter.no\/da\/butik\/direkte-monterede-absorbenter-til-vaeg-og-loft\/frigg40mm-tekstil\/","og_locale":"da_DK","og_type":"article","og_title":"Frigg\u212240mm tekstil lyddempende plate - Norsk Akustikksenter","og_description":"Effektive og dekorative lyddempende plater. Platen er 40 mm og trukket med tekstil. Flere farger og st\u00f8rrelser. Overflaten er slagfast og meget robust. Kan brukes som oppslagstavle.","og_url":"https:\/\/www.akustikksenter.no\/da\/butik\/direkte-monterede-absorbenter-til-vaeg-og-loft\/frigg40mm-tekstil\/","og_site_name":"Norsk Akustikksenter","article_publisher":"https:\/\/www.facebook.com\/Akustikksenter\/","article_modified_time":"2026-04-09T13:48:13+00:00","og_image":[{"width":2560,"height":1920,"url":"https:\/\/www.akustikksenter.no\/wp-content\/uploads\/2016\/06\/Frigg-40-Coal-II-scaled.jpg","type":"image\/jpeg"}],"twitter_misc":{"Estimeret l\u00e6setid":"2 minutter"},"schema":{"@context":"https:\/\/schema.org","@graph":[{"@type":"WebPage","@id":"https:\/\/www.akustikksenter.no\/butikk\/direkte-monterte-absorbenter-vegg-og-tak\/frigg40mm-tekstil\/","url":"https:\/\/www.akustikksenter.no\/butikk\/direkte-monterte-absorbenter-vegg-og-tak\/frigg40mm-tekstil\/","name":"Frigg\u212240mm tekstil lydisoleringsplade - Norsk Akustikksenter","isPartOf":{"@id":"https:\/\/www.akustikksenter.no\/#website"},"primaryImageOfPage":{"@id":"https:\/\/www.akustikksenter.no\/butikk\/direkte-monterte-absorbenter-vegg-og-tak\/frigg40mm-tekstil\/#primaryimage"},"image":{"@id":"https:\/\/www.akustikksenter.no\/butikk\/direkte-monterte-absorbenter-vegg-og-tak\/frigg40mm-tekstil\/#primaryimage"},"thumbnailUrl":"https:\/\/www.akustikksenter.no\/wp-content\/uploads\/2016\/06\/Frigg-40-Coal-II-scaled.jpg","datePublished":"2022-03-22T13:03:12+00:00","dateModified":"2026-04-09T13:48:13+00:00","description":"Effektive og dekorative lydd\u00e6mpende paneler. Panelet er 40 mm og bekl\u00e6dt med stof. Flere farver og st\u00f8rrelser. Overfladen er slagfast og meget robust. Kan bruges som opslagstavle.","breadcrumb":{"@id":"https:\/\/www.akustikksenter.no\/butikk\/direkte-monterte-absorbenter-vegg-og-tak\/frigg40mm-tekstil\/#breadcrumb"},"inLanguage":"da-DK","potentialAction":[{"@type":"ReadAction","target":["https:\/\/www.akustikksenter.no\/butikk\/direkte-monterte-absorbenter-vegg-og-tak\/frigg40mm-tekstil\/"]}]},{"@type":"ImageObject","inLanguage":"da-DK","@id":"https:\/\/www.akustikksenter.no\/butikk\/direkte-monterte-absorbenter-vegg-og-tak\/frigg40mm-tekstil\/#primaryimage","url":"https:\/\/www.akustikksenter.no\/wp-content\/uploads\/2016\/06\/Frigg-40-Coal-II-scaled.jpg","contentUrl":"https:\/\/www.akustikksenter.no\/wp-content\/uploads\/2016\/06\/Frigg-40-Coal-II-scaled.jpg","width":2560,"height":1920},{"@type":"BreadcrumbList","@id":"https:\/\/www.akustikksenter.no\/butikk\/direkte-monterte-absorbenter-vegg-og-tak\/frigg40mm-tekstil\/#breadcrumb","itemListElement":[{"@type":"ListItem","position":1,"name":"Hjem","item":"https:\/\/www.akustikksenter.no\/"},{"@type":"ListItem","position":2,"name":"Nettbutikk","item":"https:\/\/www.akustikksenter.no\/nettbutikk\/"},{"@type":"ListItem","position":3,"name":"Frigg\u212240mm tekstil lyddempende plate"}]},{"@type":"WebSite","@id":"https:\/\/www.akustikksenter.no\/#website","url":"https:\/\/www.akustikksenter.no\/","name":"Norsk Akustik Center","description":"Totalleverand\u00f8r af akustiske l\u00f8sninger","publisher":{"@id":"https:\/\/www.akustikksenter.no\/#organization"},"potentialAction":[{"@type":"SearchAction","target":{"@type":"EntryPoint","urlTemplate":"https:\/\/www.akustikksenter.no\/?s={search_term_string}"},"query-input":{"@type":"PropertyValueSpecification","valueRequired":true,"valueName":"search_term_string"}}],"inLanguage":"da-DK"},{"@type":"Organization","@id":"https:\/\/www.akustikksenter.no\/#organization","name":"Norsk Akustik Center","alternateName":"Akustikksenter","url":"https:\/\/www.akustikksenter.no\/","logo":{"@type":"ImageObject","inLanguage":"da-DK","@id":"https:\/\/www.akustikksenter.no\/#\/schema\/logo\/image\/","url":"https:\/\/www.akustikksenter.no\/wp-content\/uploads\/2018\/02\/Norsk-Akkustikksenter_nyLogo_payoff-3-e1518606723632.png","contentUrl":"https:\/\/www.akustikksenter.no\/wp-content\/uploads\/2018\/02\/Norsk-Akkustikksenter_nyLogo_payoff-3-e1518606723632.png","width":232,"height":93,"caption":"Norsk Akustikksenter"},"image":{"@id":"https:\/\/www.akustikksenter.no\/#\/schema\/logo\/image\/"},"sameAs":["https:\/\/www.facebook.com\/Akustikksenter\/","https:\/\/www.pinterest.com\/akustikksenter\/","https:\/\/www.instagram.com\/akustikksenter_norway\/","https:\/\/no.linkedin.com\/company\/norsk-akustikksenter-as"]}]}},"_links":{"self":[{"href":"https:\/\/www.akustikksenter.no\/da\/wp-json\/wp\/v2\/product\/3871","targetHints":{"allow":["GET"]}}],"collection":[{"href":"https:\/\/www.akustikksenter.no\/da\/wp-json\/wp\/v2\/product"}],"about":[{"href":"https:\/\/www.akustikksenter.no\/da\/wp-json\/wp\/v2\/types\/product"}],"wp:featuredmedia":[{"embeddable":true,"href":"https:\/\/www.akustikksenter.no\/da\/wp-json\/wp\/v2\/media\/8680"}],"wp:attachment":[{"href":"https:\/\/www.akustikksenter.no\/da\/wp-json\/wp\/v2\/media?parent=3871"}],"wp:term":[{"taxonomy":"kampanje","embeddable":true,"href":"https:\/\/www.akustikksenter.no\/da\/wp-json\/wp\/v2\/kampanje?post=3871"},{"taxonomy":"product_brand","embeddable":true,"href":"https:\/\/www.akustikksenter.no\/da\/wp-json\/wp\/v2\/product_brand?post=3871"},{"taxonomy":"product_cat","embeddable":true,"href":"https:\/\/www.akustikksenter.no\/da\/wp-json\/wp\/v2\/product_cat?post=3871"},{"taxonomy":"product_tag","embeddable":true,"href":"https:\/\/www.akustikksenter.no\/da\/wp-json\/wp\/v2\/product_tag?post=3871"}],"curies":[{"name":"wp","href":"https:\/\/api.w.org\/{rel}","templated":true}]}}