{"id":390,"date":"2016-06-15T13:50:35","date_gmt":"2016-06-15T11:50:35","guid":{"rendered":"https:\/\/www-akustikksenter.wp3.hcweb.dev\/?post_type=product&#038;p=390"},"modified":"2026-02-24T13:58:57","modified_gmt":"2026-02-24T12:58:57","slug":"vaegabsorberende-tekstil","status":"publish","type":"product","link":"https:\/\/www.akustikksenter.no\/da\/butikk\/direkte-monterte-absorbenter-vegg-og-tak\/veggabsorbent-tekstil\/","title":{"rendered":"Frigg\u212225 mm lydisolerende tekstilplade"},"content":{"rendered":"<p><b><img decoding=\"async\" class=\"alignnone wp-image-7313\" src=\"https:\/\/www.akustikksenter.no\/wp-content\/uploads\/2020\/02\/klasse-A-med-stjerne.png\" alt=\"\" width=\"70\" height=\"64\" srcset=\"https:\/\/www.akustikksenter.no\/wp-content\/uploads\/2020\/02\/klasse-A-med-stjerne.png 546w, https:\/\/www.akustikksenter.no\/wp-content\/uploads\/2020\/02\/klasse-A-med-stjerne-450x412.png 450w, https:\/\/www.akustikksenter.no\/wp-content\/uploads\/2020\/02\/klasse-A-med-stjerne-400x366.png 400w, https:\/\/www.akustikksenter.no\/wp-content\/uploads\/2020\/02\/klasse-A-med-stjerne-200x183.png 200w, https:\/\/www.akustikksenter.no\/wp-content\/uploads\/2020\/02\/klasse-A-med-stjerne-250x229.png 250w, https:\/\/www.akustikksenter.no\/wp-content\/uploads\/2020\/02\/klasse-A-med-stjerne-500x458.png 500w\" sizes=\"(max-width: 70px) 100vw, 70px\" \/><\/b><\/p>\n<p><b>Dekorative lydabsorbenter af h\u00f8j kvalitet - lydd\u00e6mpere.\u00a0<\/b><b>Meget effektive lydd\u00e6mpende absorbenter<\/b><\/p>\n<p>Lydabsorbenterne er bekl\u00e6dt med stof og f\u00e5s i flere forskellige farver og st\u00f8rrelser. Overfladen er slagfast og meget robust, hvilket g\u00f8r dem velegnede til brug i alle typer rum med mange former for aktivitet. De kan f.eks. ogs\u00e5 bruges i fitnesscentre, b\u00f8rnehaver og b\u00f8rnev\u00e6relser. De kan selvf\u00f8lgelig ogs\u00e5 bruges dekorativt p\u00e5 kontorer og i hjemmet. N\u00e5r der skal trykkes dekoration p\u00e5 lydabsorbenter, foretr\u00e6kker vi at bruge denne absorbent, da den giver et flot resultat. Disse lydabsorbenter kan ogs\u00e5 bruges som opslagstavler, men v\u00e6r opm\u00e6rksom p\u00e5, at den lydd\u00e6mpende effekt reduceres.<\/p>\n<p><strong>V\u00e6gabsorbenter fremstillet af glasuld og brandh\u00e6mmende tekstil. Fremragende til lydabsorption.<br \/>\n<\/strong><br \/>\nFremstillet i overensstemmelse med EN 13964: 2014.<\/p>\n<p>Kernen i panelerne best\u00e5r af glasuld med en densitet p\u00e5 120 g. Den synlige overflade er belagt med farvet tekstil. Bagsiden er d\u00e6kket af transparent ikke-v\u00e6vet stof. Kanterne er forseglet under tekstilet med vandbaseret kalklim. Pladen er 25 mm tyk.<\/p>\n<p>Fastg\u00f8res normalt med montagelim, alternativt med et oph\u00e6ngsbeslag eller skruer.<\/p>\n<p><strong>Brandklasse<\/strong><br \/>\nPladerne er ikke brandfarlige. Baseboard = A2, S1, D0, Tekstil: C, S2, D0<\/p>\n<p><strong>Produktet er M1-certificeret.<\/strong> Det betyder, at produktet er blevet testet og opfylder de strengeste internationale krav til emissioner og ikke-brug af giftige komponenter. Der er s\u00e6rlige krav til akustiske produkter, som skal opfyldes for at opn\u00e5 M1-certificering.<\/p>\n<p style=\"margin: 0cm 0cm 18.0pt 0cm;\"><strong><span style=\"font-family: 'Lato',sans-serif; color: #262626;\">EPD (milj\u00f8varedeklaration).\u00a0<\/span><\/strong><span style=\"font-family: 'Lato',sans-serif; color: #262626;\">Produktet har afsluttet LCA-rapporten (Life Cycle Assessment) og modtaget et EPD-certifikat (Environmental Product Declaration).<\/span><\/p>\n<p><strong>Slagfast<\/strong><br \/>\nAbsorberen er testet for slagfasthed i klasse 1A i overensstemmelse med EN13964, bilag D og DIN 18032:2018-11. Det er det bedst mulige for denne type produkt\/materiale.<\/p>\n<p><strong>St\u00f8rrelser<\/strong><br \/>\nStandardst\u00f8rrelser p\u00e5 lager. Specialst\u00f8rrelser kan bestilles.<\/p>\n<p><strong>Farver<\/strong><br \/>\nHvid, lysegr\u00e5, koksgr\u00e5, sort, hvid med trykt farve\/motiv.<\/p>\n<p><strong>Reng\u00f8ring og vedligeholdelse<\/strong>. Pladen har en overflade, der g\u00f8r det muligt at st\u00f8ve af, st\u00f8vsuge og vaske forsigtigt med en let fugtig klud. Hvis pladen males over, vil den miste sine egenskaber.<\/p>\n<hr \/>\n<p><a href=\"https:\/\/www.akustikksenter.no\/da\/onlinebutik\/akustiske-billeder\/\"><em>Perfekt til akustiske billeder\u00a0<\/em><\/a><\/p>\n<hr \/>\n<p>&nbsp;<\/p>","protected":false},"excerpt":{"rendered":"<p><b>Meget effektive lydd\u00e6mpende skiver. <\/b>Dekorative lydabsorbenter bekl\u00e6dt med tekstil, i flere forskellige farver og st\u00f8rrelser. Overfladen er slagfast og meget robust. Kan ogs\u00e5 bruges som opslagstavler.<\/p>\n<p>Gr\u00f8n produktion, h\u00f8j kvalitet og lang levetid g\u00f8r produktet meget b\u00e6redygtigt.<\/p>","protected":false},"featured_media":12589,"template":"","meta":{"_acf_changed":false},"kampanje":[],"product_brand":[],"product_cat":[348,18],"product_tag":[330,331,332,333,327,334,292],"class_list":{"0":"post-390","1":"product","2":"type-product","3":"status-publish","4":"has-post-thumbnail","6":"product_cat-dekor-absorbenter-vegg-og-tak","7":"product_cat-direkte-monterte-absorbenter-vegg-og-tak","8":"product_tag-hotell-restaurant-og-uteliv","9":"product_tag-idrettshaller-og-treningssenter","10":"product_tag-industri-kjopesenter-og-butikk","11":"product_tag-kontor-moterom-og-kantine","12":"product_tag-privat-bolig","13":"product_tag-skoler-og-barnehager","14":"product_tag-tekstiloverflate","15":"pa_farge-gra","16":"pa_farge-hvit","17":"pa_farge-koksgra","18":"pa_farge-svart","19":"pa_storrelse_type-60060025mm-b-kant-10stk-36m","20":"pa_storrelse_type-vnr-8597coal-60060025mm-b-kant-koksgra-10-stk-36-m","21":"pa_storrelse_type-600120025mm-b-kant-gra-6stk-432m","22":"pa_storrelse_type-vnr-8598coal-600120025mm-b-kant-koksgra-6-stk-432-m","23":"pa_storrelse_type-1000120025mm-b-kant-gra-4stk-48m","24":"pa_storrelse_type-vnr-8599coal-1000120025mm-b-kant-koksgra-4-stk-48-m","25":"pa_storrelse_type-vnr-8600-1000150025mm-b-kant-hvit-2-stk-3-m","26":"pa_storrelse_type-1200150025mm-b-kant-gra-4stk-72m","27":"pa_storrelse_type-vnr-86018blk-1200150025mm-b-kant-sort-2stk-36m","28":"pa_storrelse_type-vnr-86018coal-1200150025mm-b-kant-koksgra-2-stk-36-m","29":"pa_storrelse_type-vnr-86021-800100025mm-b-kant-hvit-5-stk-4-m","30":"pa_storrelse_type-vnr-86022-50070025mm-b-kant-hvit-10-stk-35-m","31":"pa_storrelse_type-600120025mm-b-kant-sort-6stk-432m","32":"pa_storrelse_type-1200150025mm-b-kant-2-stk","33":"pa_storrelse_type-vnr-86070-600150025mm-b-kant-gra-6stk-54m","34":"pa_storrelse_type-vnr-86073wht-1200180025mm-b-kant-hvit-2-stk-432m","35":"pa_storrelse_type-vnr-86073gre-1200180025mm-b-kant-gra-2-stk-432m2","36":"pa_storrelse_type-vnr-86098-30060025mm-b-kant-sort-20stk-36m","37":"pa_storrelse_type-60060025mm-b-kant-sort-10stk-36m","38":"pa_storrelse_type-vnr-8635blk-20060025mm-b-kant-sort-30-stk-36-m2","39":"pa_storrelse_type-60060025mm-b-kant-10-stk-36m","40":"pa_storrelse_type-600120025mm-b-kant-6-stk-432m","41":"pa_storrelse_type-1000120025mm-b-kant-4-stk-48m","42":"pa_storrelse_type-1200240030mm-b-kant-4-stk-1152m","44":"first","45":"instock","46":"featured","47":"taxable","48":"shipping-taxable","49":"purchasable","50":"product-type-variable","51":"has-default-attributes"},"acf":[],"yoast_head":"<!-- This site is optimized with the Yoast SEO plugin v27.5 - https:\/\/yoast.com\/product\/yoast-seo-wordpress\/ -->\n<title>Frigg\u212225mm tekstil lyddempende plate - Norsk Akustikksenter<\/title>\n<meta name=\"description\" content=\"Sv\u00e6rt effektiv lyddempende og slagfast plate. Dekorative lydabsorbenter trukket med tekstil, i flere forskjellige farger og st\u00f8rrelser. Overflaten er slagfast og meget robust. Kan ogs\u00e5 brukes som oppslagstavler.\" \/>\n<meta name=\"robots\" content=\"index, follow, max-snippet:-1, max-image-preview:large, max-video-preview:-1\" \/>\n<link rel=\"canonical\" href=\"https:\/\/www.akustikksenter.no\/da\/butik\/direkte-monterede-absorbenter-til-vaeg-og-loft\/vaegabsorberende-tekstil\/\" \/>\n<meta property=\"og:locale\" content=\"da_DK\" \/>\n<meta property=\"og:type\" content=\"article\" \/>\n<meta property=\"og:title\" content=\"Frigg\u212225mm tekstil lyddempende plate - Norsk Akustikksenter\" \/>\n<meta property=\"og:description\" content=\"Sv\u00e6rt effektiv lyddempende og slagfast plate. Dekorative lydabsorbenter trukket med tekstil, i flere forskjellige farger og st\u00f8rrelser. Overflaten er slagfast og meget robust. Kan ogs\u00e5 brukes som oppslagstavler.\" \/>\n<meta property=\"og:url\" content=\"https:\/\/www.akustikksenter.no\/da\/butik\/direkte-monterede-absorbenter-til-vaeg-og-loft\/vaegabsorberende-tekstil\/\" \/>\n<meta property=\"og:site_name\" content=\"Norsk Akustikksenter\" \/>\n<meta property=\"article:publisher\" content=\"https:\/\/www.facebook.com\/Akustikksenter\/\" \/>\n<meta property=\"article:modified_time\" content=\"2026-02-24T12:58:57+00:00\" \/>\n<meta property=\"og:image\" content=\"https:\/\/www.akustikksenter.no\/wp-content\/uploads\/2016\/06\/Frigg-hvit-25-mm-1.jpg\" \/>\n\t<meta property=\"og:image:width\" content=\"1600\" \/>\n\t<meta property=\"og:image:height\" content=\"1068\" \/>\n\t<meta property=\"og:image:type\" content=\"image\/jpeg\" \/>\n<meta name=\"twitter:label1\" content=\"Estimeret l\u00e6setid\" \/>\n\t<meta name=\"twitter:data1\" content=\"2 minutter\" \/>\n<script type=\"application\/ld+json\" class=\"yoast-schema-graph\">{\"@context\":\"https:\\\/\\\/schema.org\",\"@graph\":[{\"@type\":\"WebPage\",\"@id\":\"https:\\\/\\\/www.akustikksenter.no\\\/butikk\\\/direkte-monterte-absorbenter-vegg-og-tak\\\/veggabsorbent-tekstil\\\/\",\"url\":\"https:\\\/\\\/www.akustikksenter.no\\\/butikk\\\/direkte-monterte-absorbenter-vegg-og-tak\\\/veggabsorbent-tekstil\\\/\",\"name\":\"Frigg\u212225mm tekstil lyddempende plate - Norsk Akustikksenter\",\"isPartOf\":{\"@id\":\"https:\\\/\\\/www.akustikksenter.no\\\/#website\"},\"primaryImageOfPage\":{\"@id\":\"https:\\\/\\\/www.akustikksenter.no\\\/butikk\\\/direkte-monterte-absorbenter-vegg-og-tak\\\/veggabsorbent-tekstil\\\/#primaryimage\"},\"image\":{\"@id\":\"https:\\\/\\\/www.akustikksenter.no\\\/butikk\\\/direkte-monterte-absorbenter-vegg-og-tak\\\/veggabsorbent-tekstil\\\/#primaryimage\"},\"thumbnailUrl\":\"https:\\\/\\\/www.akustikksenter.no\\\/wp-content\\\/uploads\\\/2016\\\/06\\\/Frigg-hvit-25-mm-1.jpg\",\"datePublished\":\"2016-06-15T11:50:35+00:00\",\"dateModified\":\"2026-02-24T12:58:57+00:00\",\"description\":\"Sv\u00e6rt effektiv lyddempende og slagfast plate. Dekorative lydabsorbenter trukket med tekstil, i flere forskjellige farger og st\u00f8rrelser. Overflaten er slagfast og meget robust. Kan ogs\u00e5 brukes som oppslagstavler.\",\"breadcrumb\":{\"@id\":\"https:\\\/\\\/www.akustikksenter.no\\\/butikk\\\/direkte-monterte-absorbenter-vegg-og-tak\\\/veggabsorbent-tekstil\\\/#breadcrumb\"},\"inLanguage\":\"da-DK\",\"potentialAction\":[{\"@type\":\"ReadAction\",\"target\":[\"https:\\\/\\\/www.akustikksenter.no\\\/butikk\\\/direkte-monterte-absorbenter-vegg-og-tak\\\/veggabsorbent-tekstil\\\/\"]}]},{\"@type\":\"ImageObject\",\"inLanguage\":\"da-DK\",\"@id\":\"https:\\\/\\\/www.akustikksenter.no\\\/butikk\\\/direkte-monterte-absorbenter-vegg-og-tak\\\/veggabsorbent-tekstil\\\/#primaryimage\",\"url\":\"https:\\\/\\\/www.akustikksenter.no\\\/wp-content\\\/uploads\\\/2016\\\/06\\\/Frigg-hvit-25-mm-1.jpg\",\"contentUrl\":\"https:\\\/\\\/www.akustikksenter.no\\\/wp-content\\\/uploads\\\/2016\\\/06\\\/Frigg-hvit-25-mm-1.jpg\",\"width\":1600,\"height\":1068},{\"@type\":\"BreadcrumbList\",\"@id\":\"https:\\\/\\\/www.akustikksenter.no\\\/butikk\\\/direkte-monterte-absorbenter-vegg-og-tak\\\/veggabsorbent-tekstil\\\/#breadcrumb\",\"itemListElement\":[{\"@type\":\"ListItem\",\"position\":1,\"name\":\"Hjem\",\"item\":\"https:\\\/\\\/www.akustikksenter.no\\\/\"},{\"@type\":\"ListItem\",\"position\":2,\"name\":\"Nettbutikk\",\"item\":\"https:\\\/\\\/www.akustikksenter.no\\\/nettbutikk\\\/\"},{\"@type\":\"ListItem\",\"position\":3,\"name\":\"Frigg\u212225mm tekstil lyddempende plate\"}]},{\"@type\":\"WebSite\",\"@id\":\"https:\\\/\\\/www.akustikksenter.no\\\/#website\",\"url\":\"https:\\\/\\\/www.akustikksenter.no\\\/\",\"name\":\"Norsk Akustikksenter\",\"description\":\"Totalleverand\u00f8r av akustikkl\u00f8sninger\",\"publisher\":{\"@id\":\"https:\\\/\\\/www.akustikksenter.no\\\/#organization\"},\"potentialAction\":[{\"@type\":\"SearchAction\",\"target\":{\"@type\":\"EntryPoint\",\"urlTemplate\":\"https:\\\/\\\/www.akustikksenter.no\\\/?s={search_term_string}\"},\"query-input\":{\"@type\":\"PropertyValueSpecification\",\"valueRequired\":true,\"valueName\":\"search_term_string\"}}],\"inLanguage\":\"da-DK\"},{\"@type\":\"Organization\",\"@id\":\"https:\\\/\\\/www.akustikksenter.no\\\/#organization\",\"name\":\"Norsk Akustikksenter\",\"alternateName\":\"Akustikksenter\",\"url\":\"https:\\\/\\\/www.akustikksenter.no\\\/\",\"logo\":{\"@type\":\"ImageObject\",\"inLanguage\":\"da-DK\",\"@id\":\"https:\\\/\\\/www.akustikksenter.no\\\/#\\\/schema\\\/logo\\\/image\\\/\",\"url\":\"https:\\\/\\\/www.akustikksenter.no\\\/wp-content\\\/uploads\\\/2018\\\/02\\\/Norsk-Akkustikksenter_nyLogo_payoff-3-e1518606723632.png\",\"contentUrl\":\"https:\\\/\\\/www.akustikksenter.no\\\/wp-content\\\/uploads\\\/2018\\\/02\\\/Norsk-Akkustikksenter_nyLogo_payoff-3-e1518606723632.png\",\"width\":232,\"height\":93,\"caption\":\"Norsk Akustikksenter\"},\"image\":{\"@id\":\"https:\\\/\\\/www.akustikksenter.no\\\/#\\\/schema\\\/logo\\\/image\\\/\"},\"sameAs\":[\"https:\\\/\\\/www.facebook.com\\\/Akustikksenter\\\/\",\"https:\\\/\\\/www.pinterest.com\\\/akustikksenter\\\/\",\"https:\\\/\\\/www.instagram.com\\\/akustikksenter_norway\\\/\",\"https:\\\/\\\/no.linkedin.com\\\/company\\\/norsk-akustikksenter-as\"]}]}<\/script>\n<!-- \/ Yoast SEO plugin. -->","yoast_head_json":{"title":"Frigg\u212225mm lydabsorberende plade af tekstil - Norsk Akustikksenter","description":"Meget effektiv lydabsorberende og slagfast skive. Dekorative lydabsorbenter bekl\u00e6dt med tekstil, i flere forskellige farver og st\u00f8rrelser. Overfladen er slagfast og meget robust. Kan ogs\u00e5 bruges som opslagstavler.","robots":{"index":"index","follow":"follow","max-snippet":"max-snippet:-1","max-image-preview":"max-image-preview:large","max-video-preview":"max-video-preview:-1"},"canonical":"https:\/\/www.akustikksenter.no\/da\/butik\/direkte-monterede-absorbenter-til-vaeg-og-loft\/vaegabsorberende-tekstil\/","og_locale":"da_DK","og_type":"article","og_title":"Frigg\u212225mm tekstil lyddempende plate - Norsk Akustikksenter","og_description":"Sv\u00e6rt effektiv lyddempende og slagfast plate. Dekorative lydabsorbenter trukket med tekstil, i flere forskjellige farger og st\u00f8rrelser. Overflaten er slagfast og meget robust. Kan ogs\u00e5 brukes som oppslagstavler.","og_url":"https:\/\/www.akustikksenter.no\/da\/butik\/direkte-monterede-absorbenter-til-vaeg-og-loft\/vaegabsorberende-tekstil\/","og_site_name":"Norsk Akustikksenter","article_publisher":"https:\/\/www.facebook.com\/Akustikksenter\/","article_modified_time":"2026-02-24T12:58:57+00:00","og_image":[{"width":1600,"height":1068,"url":"https:\/\/www.akustikksenter.no\/wp-content\/uploads\/2016\/06\/Frigg-hvit-25-mm-1.jpg","type":"image\/jpeg"}],"twitter_misc":{"Estimeret l\u00e6setid":"2 minutter"},"schema":{"@context":"https:\/\/schema.org","@graph":[{"@type":"WebPage","@id":"https:\/\/www.akustikksenter.no\/butikk\/direkte-monterte-absorbenter-vegg-og-tak\/veggabsorbent-tekstil\/","url":"https:\/\/www.akustikksenter.no\/butikk\/direkte-monterte-absorbenter-vegg-og-tak\/veggabsorbent-tekstil\/","name":"Frigg\u212225mm lydabsorberende plade af tekstil - Norsk Akustikksenter","isPartOf":{"@id":"https:\/\/www.akustikksenter.no\/#website"},"primaryImageOfPage":{"@id":"https:\/\/www.akustikksenter.no\/butikk\/direkte-monterte-absorbenter-vegg-og-tak\/veggabsorbent-tekstil\/#primaryimage"},"image":{"@id":"https:\/\/www.akustikksenter.no\/butikk\/direkte-monterte-absorbenter-vegg-og-tak\/veggabsorbent-tekstil\/#primaryimage"},"thumbnailUrl":"https:\/\/www.akustikksenter.no\/wp-content\/uploads\/2016\/06\/Frigg-hvit-25-mm-1.jpg","datePublished":"2016-06-15T11:50:35+00:00","dateModified":"2026-02-24T12:58:57+00:00","description":"Meget effektiv lydabsorberende og slagfast skive. Dekorative lydabsorbenter bekl\u00e6dt med tekstil, i flere forskellige farver og st\u00f8rrelser. Overfladen er slagfast og meget robust. Kan ogs\u00e5 bruges som opslagstavler.","breadcrumb":{"@id":"https:\/\/www.akustikksenter.no\/butikk\/direkte-monterte-absorbenter-vegg-og-tak\/veggabsorbent-tekstil\/#breadcrumb"},"inLanguage":"da-DK","potentialAction":[{"@type":"ReadAction","target":["https:\/\/www.akustikksenter.no\/butikk\/direkte-monterte-absorbenter-vegg-og-tak\/veggabsorbent-tekstil\/"]}]},{"@type":"ImageObject","inLanguage":"da-DK","@id":"https:\/\/www.akustikksenter.no\/butikk\/direkte-monterte-absorbenter-vegg-og-tak\/veggabsorbent-tekstil\/#primaryimage","url":"https:\/\/www.akustikksenter.no\/wp-content\/uploads\/2016\/06\/Frigg-hvit-25-mm-1.jpg","contentUrl":"https:\/\/www.akustikksenter.no\/wp-content\/uploads\/2016\/06\/Frigg-hvit-25-mm-1.jpg","width":1600,"height":1068},{"@type":"BreadcrumbList","@id":"https:\/\/www.akustikksenter.no\/butikk\/direkte-monterte-absorbenter-vegg-og-tak\/veggabsorbent-tekstil\/#breadcrumb","itemListElement":[{"@type":"ListItem","position":1,"name":"Hjem","item":"https:\/\/www.akustikksenter.no\/"},{"@type":"ListItem","position":2,"name":"Nettbutikk","item":"https:\/\/www.akustikksenter.no\/nettbutikk\/"},{"@type":"ListItem","position":3,"name":"Frigg\u212225mm tekstil lyddempende plate"}]},{"@type":"WebSite","@id":"https:\/\/www.akustikksenter.no\/#website","url":"https:\/\/www.akustikksenter.no\/","name":"Norsk Akustik Center","description":"Totalleverand\u00f8r af akustiske l\u00f8sninger","publisher":{"@id":"https:\/\/www.akustikksenter.no\/#organization"},"potentialAction":[{"@type":"SearchAction","target":{"@type":"EntryPoint","urlTemplate":"https:\/\/www.akustikksenter.no\/?s={search_term_string}"},"query-input":{"@type":"PropertyValueSpecification","valueRequired":true,"valueName":"search_term_string"}}],"inLanguage":"da-DK"},{"@type":"Organization","@id":"https:\/\/www.akustikksenter.no\/#organization","name":"Norsk Akustik Center","alternateName":"Akustikksenter","url":"https:\/\/www.akustikksenter.no\/","logo":{"@type":"ImageObject","inLanguage":"da-DK","@id":"https:\/\/www.akustikksenter.no\/#\/schema\/logo\/image\/","url":"https:\/\/www.akustikksenter.no\/wp-content\/uploads\/2018\/02\/Norsk-Akkustikksenter_nyLogo_payoff-3-e1518606723632.png","contentUrl":"https:\/\/www.akustikksenter.no\/wp-content\/uploads\/2018\/02\/Norsk-Akkustikksenter_nyLogo_payoff-3-e1518606723632.png","width":232,"height":93,"caption":"Norsk Akustikksenter"},"image":{"@id":"https:\/\/www.akustikksenter.no\/#\/schema\/logo\/image\/"},"sameAs":["https:\/\/www.facebook.com\/Akustikksenter\/","https:\/\/www.pinterest.com\/akustikksenter\/","https:\/\/www.instagram.com\/akustikksenter_norway\/","https:\/\/no.linkedin.com\/company\/norsk-akustikksenter-as"]}]}},"_links":{"self":[{"href":"https:\/\/www.akustikksenter.no\/da\/wp-json\/wp\/v2\/product\/390","targetHints":{"allow":["GET"]}}],"collection":[{"href":"https:\/\/www.akustikksenter.no\/da\/wp-json\/wp\/v2\/product"}],"about":[{"href":"https:\/\/www.akustikksenter.no\/da\/wp-json\/wp\/v2\/types\/product"}],"wp:featuredmedia":[{"embeddable":true,"href":"https:\/\/www.akustikksenter.no\/da\/wp-json\/wp\/v2\/media\/12589"}],"wp:attachment":[{"href":"https:\/\/www.akustikksenter.no\/da\/wp-json\/wp\/v2\/media?parent=390"}],"wp:term":[{"taxonomy":"kampanje","embeddable":true,"href":"https:\/\/www.akustikksenter.no\/da\/wp-json\/wp\/v2\/kampanje?post=390"},{"taxonomy":"product_brand","embeddable":true,"href":"https:\/\/www.akustikksenter.no\/da\/wp-json\/wp\/v2\/product_brand?post=390"},{"taxonomy":"product_cat","embeddable":true,"href":"https:\/\/www.akustikksenter.no\/da\/wp-json\/wp\/v2\/product_cat?post=390"},{"taxonomy":"product_tag","embeddable":true,"href":"https:\/\/www.akustikksenter.no\/da\/wp-json\/wp\/v2\/product_tag?post=390"}],"curies":[{"name":"wp","href":"https:\/\/api.w.org\/{rel}","templated":true}]}}