{"id":3985,"date":"2017-04-11T09:36:34","date_gmt":"2017-04-11T07:36:34","guid":{"rendered":"https:\/\/www.akustikksenter.no\/?post_type=product&#038;p=3985"},"modified":"2026-02-24T14:28:57","modified_gmt":"2026-02-24T13:28:57","slug":"startpakke-til-loft-og-vaeg-40","status":"publish","type":"product","link":"https:\/\/www.akustikksenter.no\/da\/butikk\/startpakker\/startpakke-tak-og-eller-vegg-loke-40\/","title":{"rendered":"Startpakke til loft eller v\u00e6g. Loke\u2122 40 lydabsorberende plade"},"content":{"rendered":"<p>Vi ved, at det er nyt for de fleste, og mange oplever akustiske problemer, men uden at vide, hvordan de skal l\u00f8ses. Vi foresl\u00e5r derfor, at du pr\u00f8ver en af pakkerne for at komme i gang. Dette er nok d\u00e6mpning til et rum p\u00e5 mellem 8 og 10 m2.<\/p>\n<p>Pakken indeholder alt, hvad du skal bruge til installationen:<\/p>\n<ul>\n<li>5,76 m\u00b2 <a href=\"https:\/\/www.akustikksenter.no\/da\/butik\/lydabsorberende-produkter\/loke-40mm\/\">Loke<\/a><a href=\"https:\/\/www.akustikksenter.no\/da\/butik\/lydabsorberende-produkter\/loke-40mm\/\">\u2122<\/a><a href=\"https:\/\/www.akustikksenter.no\/da\/butik\/lydabsorberende-produkter\/loke-40mm\/\"> 40 (vnr. 86002).<\/a>\u00a0Absorber med hvid akustisk folie. Hvide kanter.<br \/>\n2 \u00e6sker - 16 diske i 600*600 mm format.<\/li>\n<li>3 stk. <a href=\"https:\/\/www.akustikksenter.no\/da\/butik\/ophaengning-og-fastgorelse\/montagelim-med-hoj-klaebeevne\/\">Montagelim med h\u00f8j kl\u00e6beevne<\/a> (nr. 8647)<\/li>\n<li>1 pakke (10 stk.) <a href=\"https:\/\/www.akustikksenter.no\/da\/butik\/tilbehor\/montagehandske\/\">Hvide monteringshandsker<\/a><\/li>\n<\/ul>\n<p><a href=\"https:\/\/www.akustikksenter.no\/da\/butik\/lydabsorberende-produkter\/loke-40mm\/\"><img loading=\"lazy\" decoding=\"async\" class=\"alignnone wp-image-1481 size-thumbnail\" src=\"https:\/\/www.akustikksenter.no\/wp-content\/uploads\/2014\/02\/86002-loke-b-kant600x600x40-detail-150x150.jpg\" alt=\"\" width=\"150\" height=\"150\" srcset=\"https:\/\/www.akustikksenter.no\/wp-content\/uploads\/2014\/02\/86002-loke-b-kant600x600x40-detail-150x150.jpg 150w, https:\/\/www.akustikksenter.no\/wp-content\/uploads\/2014\/02\/86002-loke-b-kant600x600x40-detail-450x450.jpg 450w, https:\/\/www.akustikksenter.no\/wp-content\/uploads\/2014\/02\/86002-loke-b-kant600x600x40-detail-100x100.jpg 100w, https:\/\/www.akustikksenter.no\/wp-content\/uploads\/2014\/02\/86002-loke-b-kant600x600x40-detail-80x80.jpg 80w, https:\/\/www.akustikksenter.no\/wp-content\/uploads\/2014\/02\/86002-loke-b-kant600x600x40-detail-300x300.jpg 300w, https:\/\/www.akustikksenter.no\/wp-content\/uploads\/2014\/02\/86002-loke-b-kant600x600x40-detail-500x500.jpg 500w\" sizes=\"auto, (max-width: 150px) 100vw, 150px\" \/><\/a>\u00a0<a href=\"https:\/\/www.akustikksenter.no\/da\/butik\/ophaengning-og-fastgorelse\/montagelim-med-hoj-klaebeevne\/\"><img loading=\"lazy\" decoding=\"async\" class=\"alignnone wp-image-1478 size-thumbnail\" src=\"https:\/\/www.akustikksenter.no\/wp-content\/uploads\/2014\/03\/8647-high-tack-montasjelim2-150x150.jpg\" alt=\"\" width=\"150\" height=\"150\" \/><\/a>\u00a0<a href=\"https:\/\/www.akustikksenter.no\/da\/butik\/tilbehor\/montagehandske\/\"><img loading=\"lazy\" decoding=\"async\" class=\"alignnone wp-image-1484 size-thumbnail\" src=\"https:\/\/www.akustikksenter.no\/wp-content\/uploads\/2014\/02\/86012-monasjehanske-10pack1-150x150.jpg\" alt=\"\" width=\"150\" height=\"150\" \/><\/a><\/p>\n<p>&nbsp;<\/p>\n<p>L\u00e6s mere om <a href=\"https:\/\/www.akustikksenter.no\/da\/privat-funkis\/\">Privat bolig: Akustikberegning og hvordan man g\u00f8r det<\/a><\/p>","protected":false},"excerpt":{"rendered":"<p>Startpakke med alt, hvad du skal bruge til at d\u00e6mpe et rum af <strong>mellem 8 og 10 m2.<\/strong><\/p>\n<p>Loft- eller v\u00e6gmontering.  Indeholder Loke 4o\u2122, hvid, kl\u00e6bemiddel og handsker. S\u00e6rligt god lydabsorption og har en s\u00e6rlig overflade, der g\u00f8r den langtidsholdbar og nem at vedligeholde. Pladen er specielt udviklet til montering direkte p\u00e5 loft eller v\u00e6g.<\/p>\n<p>Gr\u00f8n produktion, h\u00f8j kvalitet og lang levetid g\u00f8r produktet meget b\u00e6redygtigt.<\/p>","protected":false},"featured_media":4026,"template":"","meta":{"_acf_changed":false},"kampanje":[],"product_brand":[],"product_cat":[225],"product_tag":[],"class_list":{"0":"post-3985","1":"product","2":"type-product","3":"status-publish","4":"has-post-thumbnail","6":"product_cat-startpakker","8":"first","9":"instock","10":"sale","11":"taxable","12":"shipping-taxable","13":"purchasable","14":"product-type-simple"},"acf":[],"yoast_head":"<!-- This site is optimized with the Yoast SEO plugin v27.3 - https:\/\/yoast.com\/product\/yoast-seo-wordpress\/ -->\n<title>Startpakke til tak eller vegg. Loke\u2122 40 lyddempende plate - Norsk Akustikksenter<\/title>\n<meta name=\"description\" content=\"Startpakke med alt du trenger til demping av et\u00a0rom p\u00e5 mellom 8 \u2013 10 m2. Montering i tak eller vegg.\u00a0 Innehold: 2 esker Loke 4o\u2122,hvit, lim og hansker.\u00a0S\u00e6rdeles god lydabsorbsjon og har en spesiell overflate som gir den lang levetid og enkel \u00e5 vedlikeholde.\" \/>\n<meta name=\"robots\" content=\"index, follow, max-snippet:-1, max-image-preview:large, max-video-preview:-1\" \/>\n<link rel=\"canonical\" href=\"https:\/\/www.akustikksenter.no\/da\/butik\/startpakker\/startpakke-til-loft-og-vaeg-40\/\" \/>\n<meta property=\"og:locale\" content=\"da_DK\" \/>\n<meta property=\"og:type\" content=\"article\" \/>\n<meta property=\"og:title\" content=\"Startpakke til tak eller vegg. Loke\u2122 40 lyddempende plate - Norsk Akustikksenter\" \/>\n<meta property=\"og:description\" content=\"Startpakke med alt du trenger til demping av et\u00a0rom p\u00e5 mellom 8 \u2013 10 m2. Montering i tak eller vegg.\u00a0 Innehold: 2 esker Loke 4o\u2122,hvit, lim og hansker.\u00a0S\u00e6rdeles god lydabsorbsjon og har en spesiell overflate som gir den lang levetid og enkel \u00e5 vedlikeholde.\" \/>\n<meta property=\"og:url\" content=\"https:\/\/www.akustikksenter.no\/da\/butik\/startpakker\/startpakke-til-loft-og-vaeg-40\/\" \/>\n<meta property=\"og:site_name\" content=\"Norsk Akustikksenter\" \/>\n<meta property=\"article:publisher\" content=\"https:\/\/www.facebook.com\/Akustikksenter\/\" \/>\n<meta property=\"article:modified_time\" content=\"2026-02-24T13:28:57+00:00\" \/>\n<meta property=\"og:image\" content=\"https:\/\/www.akustikksenter.no\/wp-content\/uploads\/2018\/04\/startpakke-loke40-2.jpg\" \/>\n\t<meta property=\"og:image:width\" content=\"1851\" \/>\n\t<meta property=\"og:image:height\" content=\"2016\" \/>\n\t<meta property=\"og:image:type\" content=\"image\/jpeg\" \/>\n<meta name=\"twitter:label1\" content=\"Estimeret l\u00e6setid\" \/>\n\t<meta name=\"twitter:data1\" content=\"2 minutter\" \/>\n<script type=\"application\/ld+json\" class=\"yoast-schema-graph\">{\"@context\":\"https:\\\/\\\/schema.org\",\"@graph\":[{\"@type\":\"WebPage\",\"@id\":\"https:\\\/\\\/www.akustikksenter.no\\\/butikk\\\/startpakker\\\/startpakke-tak-og-eller-vegg-loke-40\\\/\",\"url\":\"https:\\\/\\\/www.akustikksenter.no\\\/butikk\\\/startpakker\\\/startpakke-tak-og-eller-vegg-loke-40\\\/\",\"name\":\"Startpakke til tak eller vegg. Loke\u2122 40 lyddempende plate - Norsk Akustikksenter\",\"isPartOf\":{\"@id\":\"https:\\\/\\\/www.akustikksenter.no\\\/#website\"},\"primaryImageOfPage\":{\"@id\":\"https:\\\/\\\/www.akustikksenter.no\\\/butikk\\\/startpakker\\\/startpakke-tak-og-eller-vegg-loke-40\\\/#primaryimage\"},\"image\":{\"@id\":\"https:\\\/\\\/www.akustikksenter.no\\\/butikk\\\/startpakker\\\/startpakke-tak-og-eller-vegg-loke-40\\\/#primaryimage\"},\"thumbnailUrl\":\"https:\\\/\\\/www.akustikksenter.no\\\/wp-content\\\/uploads\\\/2018\\\/04\\\/startpakke-loke40-2.jpg\",\"datePublished\":\"2017-04-11T07:36:34+00:00\",\"dateModified\":\"2026-02-24T13:28:57+00:00\",\"description\":\"Startpakke med alt du trenger til demping av et\u00a0rom p\u00e5 mellom 8 \u2013 10 m2. Montering i tak eller vegg.\u00a0 Innehold: 2 esker Loke 4o\u2122,hvit, lim og hansker.\u00a0S\u00e6rdeles god lydabsorbsjon og har en spesiell overflate som gir den lang levetid og enkel \u00e5 vedlikeholde.\",\"breadcrumb\":{\"@id\":\"https:\\\/\\\/www.akustikksenter.no\\\/butikk\\\/startpakker\\\/startpakke-tak-og-eller-vegg-loke-40\\\/#breadcrumb\"},\"inLanguage\":\"da-DK\",\"potentialAction\":[{\"@type\":\"ReadAction\",\"target\":[\"https:\\\/\\\/www.akustikksenter.no\\\/butikk\\\/startpakker\\\/startpakke-tak-og-eller-vegg-loke-40\\\/\"]}]},{\"@type\":\"ImageObject\",\"inLanguage\":\"da-DK\",\"@id\":\"https:\\\/\\\/www.akustikksenter.no\\\/butikk\\\/startpakker\\\/startpakke-tak-og-eller-vegg-loke-40\\\/#primaryimage\",\"url\":\"https:\\\/\\\/www.akustikksenter.no\\\/wp-content\\\/uploads\\\/2018\\\/04\\\/startpakke-loke40-2.jpg\",\"contentUrl\":\"https:\\\/\\\/www.akustikksenter.no\\\/wp-content\\\/uploads\\\/2018\\\/04\\\/startpakke-loke40-2.jpg\",\"width\":1851,\"height\":2016},{\"@type\":\"BreadcrumbList\",\"@id\":\"https:\\\/\\\/www.akustikksenter.no\\\/butikk\\\/startpakker\\\/startpakke-tak-og-eller-vegg-loke-40\\\/#breadcrumb\",\"itemListElement\":[{\"@type\":\"ListItem\",\"position\":1,\"name\":\"Hjem\",\"item\":\"https:\\\/\\\/www.akustikksenter.no\\\/\"},{\"@type\":\"ListItem\",\"position\":2,\"name\":\"Nettbutikk\",\"item\":\"https:\\\/\\\/www.akustikksenter.no\\\/nettbutikk\\\/\"},{\"@type\":\"ListItem\",\"position\":3,\"name\":\"Startpakke til tak eller vegg. Loke\u2122 40 lyddempende plate\"}]},{\"@type\":\"WebSite\",\"@id\":\"https:\\\/\\\/www.akustikksenter.no\\\/#website\",\"url\":\"https:\\\/\\\/www.akustikksenter.no\\\/\",\"name\":\"Norsk Akustikksenter\",\"description\":\"Totalleverand\u00f8r av akustikkl\u00f8sninger\",\"publisher\":{\"@id\":\"https:\\\/\\\/www.akustikksenter.no\\\/#organization\"},\"potentialAction\":[{\"@type\":\"SearchAction\",\"target\":{\"@type\":\"EntryPoint\",\"urlTemplate\":\"https:\\\/\\\/www.akustikksenter.no\\\/?s={search_term_string}\"},\"query-input\":{\"@type\":\"PropertyValueSpecification\",\"valueRequired\":true,\"valueName\":\"search_term_string\"}}],\"inLanguage\":\"da-DK\"},{\"@type\":\"Organization\",\"@id\":\"https:\\\/\\\/www.akustikksenter.no\\\/#organization\",\"name\":\"Norsk Akustikksenter\",\"alternateName\":\"Akustikksenter\",\"url\":\"https:\\\/\\\/www.akustikksenter.no\\\/\",\"logo\":{\"@type\":\"ImageObject\",\"inLanguage\":\"da-DK\",\"@id\":\"https:\\\/\\\/www.akustikksenter.no\\\/#\\\/schema\\\/logo\\\/image\\\/\",\"url\":\"https:\\\/\\\/www.akustikksenter.no\\\/wp-content\\\/uploads\\\/2018\\\/02\\\/Norsk-Akkustikksenter_nyLogo_payoff-3-e1518606723632.png\",\"contentUrl\":\"https:\\\/\\\/www.akustikksenter.no\\\/wp-content\\\/uploads\\\/2018\\\/02\\\/Norsk-Akkustikksenter_nyLogo_payoff-3-e1518606723632.png\",\"width\":232,\"height\":93,\"caption\":\"Norsk Akustikksenter\"},\"image\":{\"@id\":\"https:\\\/\\\/www.akustikksenter.no\\\/#\\\/schema\\\/logo\\\/image\\\/\"},\"sameAs\":[\"https:\\\/\\\/www.facebook.com\\\/Akustikksenter\\\/\",\"https:\\\/\\\/www.pinterest.com\\\/akustikksenter\\\/\",\"https:\\\/\\\/www.instagram.com\\\/akustikksenter_norway\\\/\",\"https:\\\/\\\/no.linkedin.com\\\/company\\\/norsk-akustikksenter-as\"]}]}<\/script>\n<!-- \/ Yoast SEO plugin. -->","yoast_head_json":{"title":"Startpakke til loft eller v\u00e6g. Loke\u2122 40 lydabsorberende plade - Norsk Akustik Senter","description":"Startpakke med alt, hvad du skal bruge til at d\u00e6mpe et rum p\u00e5 mellem 8 og 10 m2. Installation i loft eller v\u00e6g.  Indhold: 2 \u00e6sker Loke 4o\u2122, hvid, lim og handsker. Ekstremt god lydabsorption og har en s\u00e6rlig overflade, der g\u00f8r den langtidsholdbar og nem at vedligeholde.","robots":{"index":"index","follow":"follow","max-snippet":"max-snippet:-1","max-image-preview":"max-image-preview:large","max-video-preview":"max-video-preview:-1"},"canonical":"https:\/\/www.akustikksenter.no\/da\/butik\/startpakker\/startpakke-til-loft-og-vaeg-40\/","og_locale":"da_DK","og_type":"article","og_title":"Startpakke til tak eller vegg. Loke\u2122 40 lyddempende plate - Norsk Akustikksenter","og_description":"Startpakke med alt du trenger til demping av et\u00a0rom p\u00e5 mellom 8 \u2013 10 m2. Montering i tak eller vegg.\u00a0 Innehold: 2 esker Loke 4o\u2122,hvit, lim og hansker.\u00a0S\u00e6rdeles god lydabsorbsjon og har en spesiell overflate som gir den lang levetid og enkel \u00e5 vedlikeholde.","og_url":"https:\/\/www.akustikksenter.no\/da\/butik\/startpakker\/startpakke-til-loft-og-vaeg-40\/","og_site_name":"Norsk Akustikksenter","article_publisher":"https:\/\/www.facebook.com\/Akustikksenter\/","article_modified_time":"2026-02-24T13:28:57+00:00","og_image":[{"width":1851,"height":2016,"url":"https:\/\/www.akustikksenter.no\/wp-content\/uploads\/2018\/04\/startpakke-loke40-2.jpg","type":"image\/jpeg"}],"twitter_misc":{"Estimeret l\u00e6setid":"2 minutter"},"schema":{"@context":"https:\/\/schema.org","@graph":[{"@type":"WebPage","@id":"https:\/\/www.akustikksenter.no\/butikk\/startpakker\/startpakke-tak-og-eller-vegg-loke-40\/","url":"https:\/\/www.akustikksenter.no\/butikk\/startpakker\/startpakke-tak-og-eller-vegg-loke-40\/","name":"Startpakke til loft eller v\u00e6g. Loke\u2122 40 lydabsorberende plade - Norsk Akustik Senter","isPartOf":{"@id":"https:\/\/www.akustikksenter.no\/#website"},"primaryImageOfPage":{"@id":"https:\/\/www.akustikksenter.no\/butikk\/startpakker\/startpakke-tak-og-eller-vegg-loke-40\/#primaryimage"},"image":{"@id":"https:\/\/www.akustikksenter.no\/butikk\/startpakker\/startpakke-tak-og-eller-vegg-loke-40\/#primaryimage"},"thumbnailUrl":"https:\/\/www.akustikksenter.no\/wp-content\/uploads\/2018\/04\/startpakke-loke40-2.jpg","datePublished":"2017-04-11T07:36:34+00:00","dateModified":"2026-02-24T13:28:57+00:00","description":"Startpakke med alt, hvad du skal bruge til at d\u00e6mpe et rum p\u00e5 mellem 8 og 10 m2. Installation i loft eller v\u00e6g.  Indhold: 2 \u00e6sker Loke 4o\u2122, hvid, lim og handsker. Ekstremt god lydabsorption og har en s\u00e6rlig overflade, der g\u00f8r den langtidsholdbar og nem at vedligeholde.","breadcrumb":{"@id":"https:\/\/www.akustikksenter.no\/butikk\/startpakker\/startpakke-tak-og-eller-vegg-loke-40\/#breadcrumb"},"inLanguage":"da-DK","potentialAction":[{"@type":"ReadAction","target":["https:\/\/www.akustikksenter.no\/butikk\/startpakker\/startpakke-tak-og-eller-vegg-loke-40\/"]}]},{"@type":"ImageObject","inLanguage":"da-DK","@id":"https:\/\/www.akustikksenter.no\/butikk\/startpakker\/startpakke-tak-og-eller-vegg-loke-40\/#primaryimage","url":"https:\/\/www.akustikksenter.no\/wp-content\/uploads\/2018\/04\/startpakke-loke40-2.jpg","contentUrl":"https:\/\/www.akustikksenter.no\/wp-content\/uploads\/2018\/04\/startpakke-loke40-2.jpg","width":1851,"height":2016},{"@type":"BreadcrumbList","@id":"https:\/\/www.akustikksenter.no\/butikk\/startpakker\/startpakke-tak-og-eller-vegg-loke-40\/#breadcrumb","itemListElement":[{"@type":"ListItem","position":1,"name":"Hjem","item":"https:\/\/www.akustikksenter.no\/"},{"@type":"ListItem","position":2,"name":"Nettbutikk","item":"https:\/\/www.akustikksenter.no\/nettbutikk\/"},{"@type":"ListItem","position":3,"name":"Startpakke til tak eller vegg. Loke\u2122 40 lyddempende plate"}]},{"@type":"WebSite","@id":"https:\/\/www.akustikksenter.no\/#website","url":"https:\/\/www.akustikksenter.no\/","name":"Norsk Akustik Center","description":"Totalleverand\u00f8r af akustiske l\u00f8sninger","publisher":{"@id":"https:\/\/www.akustikksenter.no\/#organization"},"potentialAction":[{"@type":"SearchAction","target":{"@type":"EntryPoint","urlTemplate":"https:\/\/www.akustikksenter.no\/?s={search_term_string}"},"query-input":{"@type":"PropertyValueSpecification","valueRequired":true,"valueName":"search_term_string"}}],"inLanguage":"da-DK"},{"@type":"Organization","@id":"https:\/\/www.akustikksenter.no\/#organization","name":"Norsk Akustik Center","alternateName":"Akustikksenter","url":"https:\/\/www.akustikksenter.no\/","logo":{"@type":"ImageObject","inLanguage":"da-DK","@id":"https:\/\/www.akustikksenter.no\/#\/schema\/logo\/image\/","url":"https:\/\/www.akustikksenter.no\/wp-content\/uploads\/2018\/02\/Norsk-Akkustikksenter_nyLogo_payoff-3-e1518606723632.png","contentUrl":"https:\/\/www.akustikksenter.no\/wp-content\/uploads\/2018\/02\/Norsk-Akkustikksenter_nyLogo_payoff-3-e1518606723632.png","width":232,"height":93,"caption":"Norsk Akustikksenter"},"image":{"@id":"https:\/\/www.akustikksenter.no\/#\/schema\/logo\/image\/"},"sameAs":["https:\/\/www.facebook.com\/Akustikksenter\/","https:\/\/www.pinterest.com\/akustikksenter\/","https:\/\/www.instagram.com\/akustikksenter_norway\/","https:\/\/no.linkedin.com\/company\/norsk-akustikksenter-as"]}]}},"_links":{"self":[{"href":"https:\/\/www.akustikksenter.no\/da\/wp-json\/wp\/v2\/product\/3985","targetHints":{"allow":["GET"]}}],"collection":[{"href":"https:\/\/www.akustikksenter.no\/da\/wp-json\/wp\/v2\/product"}],"about":[{"href":"https:\/\/www.akustikksenter.no\/da\/wp-json\/wp\/v2\/types\/product"}],"wp:featuredmedia":[{"embeddable":true,"href":"https:\/\/www.akustikksenter.no\/da\/wp-json\/wp\/v2\/media\/4026"}],"wp:attachment":[{"href":"https:\/\/www.akustikksenter.no\/da\/wp-json\/wp\/v2\/media?parent=3985"}],"wp:term":[{"taxonomy":"kampanje","embeddable":true,"href":"https:\/\/www.akustikksenter.no\/da\/wp-json\/wp\/v2\/kampanje?post=3985"},{"taxonomy":"product_brand","embeddable":true,"href":"https:\/\/www.akustikksenter.no\/da\/wp-json\/wp\/v2\/product_brand?post=3985"},{"taxonomy":"product_cat","embeddable":true,"href":"https:\/\/www.akustikksenter.no\/da\/wp-json\/wp\/v2\/product_cat?post=3985"},{"taxonomy":"product_tag","embeddable":true,"href":"https:\/\/www.akustikksenter.no\/da\/wp-json\/wp\/v2\/product_tag?post=3985"}],"curies":[{"name":"wp","href":"https:\/\/api.w.org\/{rel}","templated":true}]}}