{"id":4654,"date":"2018-09-03T17:21:13","date_gmt":"2018-09-03T15:21:13","guid":{"rendered":"https:\/\/www-akustikksenter.wp3.hcweb.dev\/?post_type=product&#038;p=4654"},"modified":"2026-02-24T13:55:28","modified_gmt":"2026-02-24T12:55:28","slug":"loke-strong-40-mm-lyddaempende-skive","status":"publish","type":"product","link":"https:\/\/www.akustikksenter.no\/da\/butikk\/direkte-monterte-absorbenter-vegg-og-tak\/loke-strong-40mm-lyddempende-plate\/","title":{"rendered":"Loke\u2122 St\u00e6rk 40 mm lydd\u00e6mpende plade"},"content":{"rendered":"<p><img decoding=\"async\" class=\"alignnone wp-image-5130\" src=\"https:\/\/www.akustikksenter.no\/wp-content\/uploads\/2018\/11\/klasse_A-150x150.png\" alt=\"\" width=\"57\" height=\"57\" \/><\/p>\n<p>En unik absorber, der er specielt udviklet til at modst\u00e5 h\u00e5rdh\u00e6ndet behandling. Absorberen er bekl\u00e6dt med glasfiberdug p\u00e5 de synlige overflader og har en meget h\u00f8j overfladestyrke. Det g\u00f8r den meget modstandsdygtig over for slag og f.eks. boldspil. Absorberen har en meget god lydabsorption og er meget lydabsorberende. Velegnet til brug i s\u00e6rligt udsatte milj\u00f8er som skoler, ungdomsklubber, b\u00f8rnehaver, offentlige bygninger, parkeringspladser osv.<\/p>\n<p>Kernen i absorberen best\u00e5r af sammenpresset glasuld. De synlige overflader er d\u00e6kket af farvet glasfiberdug, som ogs\u00e5 er viklet rundt om siderne og fastgjort p\u00e5 bagsiden af pladen. Det er for at forhindre, at det flosser og bliver beskadiget. Bagsiden er bekl\u00e6dt med transparent fiberdug. Kanterne forsegles grundigt.<\/p>\n<p>Panelet monteres\/limes direkte p\u00e5 loftet eller v\u00e6ggen. Fastg\u00f8res med lim. Du skal bruge 1 patron til 2 m2 absorberende materiale.<\/p>\n<p><strong>St\u00f8rrelser. <\/strong>Standardst\u00f8rrelser og -farver p\u00e5 lager. Specialst\u00f8rrelser og farven sortgr\u00e5 (mat sort) kan bestilles.<\/p>\n<p><strong>Farver.<\/strong> Standardfarverne p\u00e5 absorberen er hvid, lysegr\u00e5 og sortgr\u00e5. Den n\u00e6rmeste farvekode for lysegr\u00e5 er RAL 7038, den n\u00e6rmeste farvekode for hvid er RAL 9003 og for sortgr\u00e5 RAL 7021.<\/p>\n<p><strong>Brandklasse.<\/strong> Absorberende komplet: A2-s2, d0 i henhold til EN 13501-1. Overfladeklud: A2-s2, d0 iht. EN 13501-1. Kerne af glasuld: A2-s1, d0 iht. EN 13501-1.<\/p>\n<p><strong>Produktet er slagfast. <\/strong>Absorberen er testet for slagfasthed i klasse 1A i overensstemmelse med EN13964, bilag D og DIN 18032:2018-11. Det er det bedst mulige for denne type produkt\/materiale.<\/p>\n<p><strong>Produktet er M1-certificeret<\/strong><br \/>\nDet betyder, at produktet er blevet testet og opfylder de strengeste internationale krav til emissioner og ikke-brug af giftige komponenter. Der er s\u00e6rlige krav til akustiske produkter, som skal opfyldes for at opn\u00e5 M1-certificering.<\/p>\n<p style=\"margin: 0cm 0cm 18.0pt 0cm;\"><strong><span style=\"font-family: 'Lato',sans-serif; color: #262626;\">Isolerende egenskaber.\u00a0<\/span><\/strong><span style=\"font-family: 'Lato',sans-serif; color: #262626;\">Absorberne har meget gode isoleringsegenskaber. Laboratorietestet i overensstemmelse med g\u00e6ldende regler. Termisk varmeledningsevne \/ Lambda-v\u00e6rdi = 0,033 W\/(m-K). Termisk varmemodstand = 1,191 (m2-K)\/W.<\/span><\/p>\n<p style=\"box-sizing: border-box; font-variant-ligatures: normal; font-variant-caps: normal; orphans: 2; text-align: start; widows: 2; -webkit-text-stroke-width: 0px; text-decoration-thickness: initial; text-decoration-style: initial; text-decoration-color: initial; word-spacing: 0px; margin: 0cm 0cm 18.0pt 0cm;\"><strong style=\"box-sizing: border-box;\"><span style=\"font-family: 'Lato',sans-serif; color: #262626;\">EPD (milj\u00f8varedeklaration).\u00a0<\/span><\/strong><span style=\"font-family: 'Lato',sans-serif; color: #262626;\">Produktet har afsluttet LCA-rapporten (Life Cycle Assessment) og modtaget et EPD-certifikat (Environmental Product Declaration).<\/span><\/p>\n<p><strong>Reng\u00f8ring og vedligeholdelse<\/strong>. Pladen har en overflade, der g\u00f8r det muligt at st\u00f8ve af, st\u00f8vsuge og vaske forsigtigt med en let fugtig klud. Hvis pladen males over, vil den miste sine egenskaber.<\/p>\n<p>&nbsp;<\/p>","protected":false},"excerpt":{"rendered":"<p>Absorbenten, der t\u00e5ler h\u00e5rdh\u00e6ndet behandling og er slagfast.<\/p>\n<p>Meget god lydabsorption - lydd\u00e6mpning, klasse A. Panelet er 40 mm og designet til brug i s\u00e6rligt udsatte milj\u00f8er. Standardfarverne er hvid, gr\u00e5 og sortgr\u00e5.<\/p>\n<p>Gr\u00f8n produktion, h\u00f8j kvalitet og lang levetid g\u00f8r produktet meget b\u00e6redygtigt.<\/p>","protected":false},"featured_media":4658,"template":"","meta":{"_acf_changed":false},"kampanje":[],"product_brand":[],"product_cat":[18],"product_tag":[290,330,331,332,327,334,289,291],"class_list":{"0":"post-4654","1":"product","2":"type-product","3":"status-publish","4":"has-post-thumbnail","6":"product_cat-direkte-monterte-absorbenter-vegg-og-tak","7":"product_tag-direktemontert","8":"product_tag-hotell-restaurant-og-uteliv","9":"product_tag-idrettshaller-og-treningssenter","10":"product_tag-industri-kjopesenter-og-butikk","11":"product_tag-privat-bolig","12":"product_tag-skoler-og-barnehager","13":"product_tag-tak","14":"product_tag-vegg","15":"pa_farge-gra","16":"pa_farge-hvit","17":"pa_farge-svart","19":"first","20":"instock","21":"taxable","22":"shipping-taxable","23":"purchasable","24":"product-type-variable"},"acf":[],"yoast_head":"<!-- This site is optimized with the Yoast SEO plugin v27.4 - https:\/\/yoast.com\/product\/yoast-seo-wordpress\/ -->\n<title>Loke\u2122 Strong 40mm lyddempende plate - Norsk Akustikksenter<\/title>\n<meta name=\"description\" content=\"Absorbenten som motst\u00e5r r\u00f8ff behandling og er slagsikker. Lyddemping, klasse A. Platen er 40 mm, trukket med glassfiberduk. Standardfarger er hvit og gr\u00e5. M1 og EPD Sertifikat.\" \/>\n<meta name=\"robots\" content=\"index, follow, max-snippet:-1, max-image-preview:large, max-video-preview:-1\" \/>\n<link rel=\"canonical\" href=\"https:\/\/www.akustikksenter.no\/da\/butik\/direkte-monterede-absorbenter-til-vaeg-og-loft\/loke-strong-40-mm-lyddaempende-skive\/\" \/>\n<meta property=\"og:locale\" content=\"da_DK\" \/>\n<meta property=\"og:type\" content=\"article\" \/>\n<meta property=\"og:title\" content=\"Loke\u2122 Strong 40mm lyddempende plate - Norsk Akustikksenter\" \/>\n<meta property=\"og:description\" content=\"Absorbenten som motst\u00e5r r\u00f8ff behandling og er slagsikker. Lyddemping, klasse A. Platen er 40 mm, trukket med glassfiberduk. Standardfarger er hvit og gr\u00e5. M1 og EPD Sertifikat.\" \/>\n<meta property=\"og:url\" content=\"https:\/\/www.akustikksenter.no\/da\/butik\/direkte-monterede-absorbenter-til-vaeg-og-loft\/loke-strong-40-mm-lyddaempende-skive\/\" \/>\n<meta property=\"og:site_name\" content=\"Norsk Akustikksenter\" \/>\n<meta property=\"article:publisher\" content=\"https:\/\/www.facebook.com\/Akustikksenter\/\" \/>\n<meta property=\"article:modified_time\" content=\"2026-02-24T12:55:28+00:00\" \/>\n<meta property=\"og:image\" content=\"https:\/\/www.akustikksenter.no\/wp-content\/uploads\/2018\/09\/loka-strong-40mm.jpg\" \/>\n\t<meta property=\"og:image:width\" content=\"1600\" \/>\n\t<meta property=\"og:image:height\" content=\"1259\" \/>\n\t<meta property=\"og:image:type\" content=\"image\/jpeg\" \/>\n<meta name=\"twitter:label1\" content=\"Estimeret l\u00e6setid\" \/>\n\t<meta name=\"twitter:data1\" content=\"2 minutter\" \/>\n<script type=\"application\/ld+json\" class=\"yoast-schema-graph\">{\"@context\":\"https:\\\/\\\/schema.org\",\"@graph\":[{\"@type\":\"WebPage\",\"@id\":\"https:\\\/\\\/www.akustikksenter.no\\\/butikk\\\/direkte-monterte-absorbenter-vegg-og-tak\\\/loke-strong-40mm-lyddempende-plate\\\/\",\"url\":\"https:\\\/\\\/www.akustikksenter.no\\\/butikk\\\/direkte-monterte-absorbenter-vegg-og-tak\\\/loke-strong-40mm-lyddempende-plate\\\/\",\"name\":\"Loke\u2122 Strong 40mm lyddempende plate - Norsk Akustikksenter\",\"isPartOf\":{\"@id\":\"https:\\\/\\\/www.akustikksenter.no\\\/#website\"},\"primaryImageOfPage\":{\"@id\":\"https:\\\/\\\/www.akustikksenter.no\\\/butikk\\\/direkte-monterte-absorbenter-vegg-og-tak\\\/loke-strong-40mm-lyddempende-plate\\\/#primaryimage\"},\"image\":{\"@id\":\"https:\\\/\\\/www.akustikksenter.no\\\/butikk\\\/direkte-monterte-absorbenter-vegg-og-tak\\\/loke-strong-40mm-lyddempende-plate\\\/#primaryimage\"},\"thumbnailUrl\":\"https:\\\/\\\/www.akustikksenter.no\\\/wp-content\\\/uploads\\\/2018\\\/09\\\/loka-strong-40mm.jpg\",\"datePublished\":\"2018-09-03T15:21:13+00:00\",\"dateModified\":\"2026-02-24T12:55:28+00:00\",\"description\":\"Absorbenten som motst\u00e5r r\u00f8ff behandling og er slagsikker. Lyddemping, klasse A. Platen er 40 mm, trukket med glassfiberduk. Standardfarger er hvit og gr\u00e5. M1 og EPD Sertifikat.\",\"breadcrumb\":{\"@id\":\"https:\\\/\\\/www.akustikksenter.no\\\/butikk\\\/direkte-monterte-absorbenter-vegg-og-tak\\\/loke-strong-40mm-lyddempende-plate\\\/#breadcrumb\"},\"inLanguage\":\"da-DK\",\"potentialAction\":[{\"@type\":\"ReadAction\",\"target\":[\"https:\\\/\\\/www.akustikksenter.no\\\/butikk\\\/direkte-monterte-absorbenter-vegg-og-tak\\\/loke-strong-40mm-lyddempende-plate\\\/\"]}]},{\"@type\":\"ImageObject\",\"inLanguage\":\"da-DK\",\"@id\":\"https:\\\/\\\/www.akustikksenter.no\\\/butikk\\\/direkte-monterte-absorbenter-vegg-og-tak\\\/loke-strong-40mm-lyddempende-plate\\\/#primaryimage\",\"url\":\"https:\\\/\\\/www.akustikksenter.no\\\/wp-content\\\/uploads\\\/2018\\\/09\\\/loka-strong-40mm.jpg\",\"contentUrl\":\"https:\\\/\\\/www.akustikksenter.no\\\/wp-content\\\/uploads\\\/2018\\\/09\\\/loka-strong-40mm.jpg\",\"width\":1600,\"height\":1259},{\"@type\":\"BreadcrumbList\",\"@id\":\"https:\\\/\\\/www.akustikksenter.no\\\/butikk\\\/direkte-monterte-absorbenter-vegg-og-tak\\\/loke-strong-40mm-lyddempende-plate\\\/#breadcrumb\",\"itemListElement\":[{\"@type\":\"ListItem\",\"position\":1,\"name\":\"Hjem\",\"item\":\"https:\\\/\\\/www.akustikksenter.no\\\/\"},{\"@type\":\"ListItem\",\"position\":2,\"name\":\"Nettbutikk\",\"item\":\"https:\\\/\\\/www.akustikksenter.no\\\/nettbutikk\\\/\"},{\"@type\":\"ListItem\",\"position\":3,\"name\":\"Loke\u2122 Strong 40mm lyddempende plate\"}]},{\"@type\":\"WebSite\",\"@id\":\"https:\\\/\\\/www.akustikksenter.no\\\/#website\",\"url\":\"https:\\\/\\\/www.akustikksenter.no\\\/\",\"name\":\"Norsk Akustikksenter\",\"description\":\"Totalleverand\u00f8r av akustikkl\u00f8sninger\",\"publisher\":{\"@id\":\"https:\\\/\\\/www.akustikksenter.no\\\/#organization\"},\"potentialAction\":[{\"@type\":\"SearchAction\",\"target\":{\"@type\":\"EntryPoint\",\"urlTemplate\":\"https:\\\/\\\/www.akustikksenter.no\\\/?s={search_term_string}\"},\"query-input\":{\"@type\":\"PropertyValueSpecification\",\"valueRequired\":true,\"valueName\":\"search_term_string\"}}],\"inLanguage\":\"da-DK\"},{\"@type\":\"Organization\",\"@id\":\"https:\\\/\\\/www.akustikksenter.no\\\/#organization\",\"name\":\"Norsk Akustikksenter\",\"alternateName\":\"Akustikksenter\",\"url\":\"https:\\\/\\\/www.akustikksenter.no\\\/\",\"logo\":{\"@type\":\"ImageObject\",\"inLanguage\":\"da-DK\",\"@id\":\"https:\\\/\\\/www.akustikksenter.no\\\/#\\\/schema\\\/logo\\\/image\\\/\",\"url\":\"https:\\\/\\\/www.akustikksenter.no\\\/wp-content\\\/uploads\\\/2018\\\/02\\\/Norsk-Akkustikksenter_nyLogo_payoff-3-e1518606723632.png\",\"contentUrl\":\"https:\\\/\\\/www.akustikksenter.no\\\/wp-content\\\/uploads\\\/2018\\\/02\\\/Norsk-Akkustikksenter_nyLogo_payoff-3-e1518606723632.png\",\"width\":232,\"height\":93,\"caption\":\"Norsk Akustikksenter\"},\"image\":{\"@id\":\"https:\\\/\\\/www.akustikksenter.no\\\/#\\\/schema\\\/logo\\\/image\\\/\"},\"sameAs\":[\"https:\\\/\\\/www.facebook.com\\\/Akustikksenter\\\/\",\"https:\\\/\\\/www.pinterest.com\\\/akustikksenter\\\/\",\"https:\\\/\\\/www.instagram.com\\\/akustikksenter_norway\\\/\",\"https:\\\/\\\/no.linkedin.com\\\/company\\\/norsk-akustikksenter-as\"]}]}<\/script>\n<!-- \/ Yoast SEO plugin. -->","yoast_head_json":{"title":"Loke\u2122 Strong 40mm lydd\u00e6mpende plade - Norsk Akustikksenter","description":"Absorberen, der t\u00e5ler h\u00e5rdh\u00e6ndet behandling og er slagfast. Lydabsorption, klasse A. Panelet er 40 mm, bekl\u00e6dt med glasfiberdug. Standardfarverne er hvid og gr\u00e5. M1- og EPD-certifikat.","robots":{"index":"index","follow":"follow","max-snippet":"max-snippet:-1","max-image-preview":"max-image-preview:large","max-video-preview":"max-video-preview:-1"},"canonical":"https:\/\/www.akustikksenter.no\/da\/butik\/direkte-monterede-absorbenter-til-vaeg-og-loft\/loke-strong-40-mm-lyddaempende-skive\/","og_locale":"da_DK","og_type":"article","og_title":"Loke\u2122 Strong 40mm lyddempende plate - Norsk Akustikksenter","og_description":"Absorbenten som motst\u00e5r r\u00f8ff behandling og er slagsikker. Lyddemping, klasse A. Platen er 40 mm, trukket med glassfiberduk. Standardfarger er hvit og gr\u00e5. M1 og EPD Sertifikat.","og_url":"https:\/\/www.akustikksenter.no\/da\/butik\/direkte-monterede-absorbenter-til-vaeg-og-loft\/loke-strong-40-mm-lyddaempende-skive\/","og_site_name":"Norsk Akustikksenter","article_publisher":"https:\/\/www.facebook.com\/Akustikksenter\/","article_modified_time":"2026-02-24T12:55:28+00:00","og_image":[{"width":1600,"height":1259,"url":"https:\/\/www.akustikksenter.no\/wp-content\/uploads\/2018\/09\/loka-strong-40mm.jpg","type":"image\/jpeg"}],"twitter_misc":{"Estimeret l\u00e6setid":"2 minutter"},"schema":{"@context":"https:\/\/schema.org","@graph":[{"@type":"WebPage","@id":"https:\/\/www.akustikksenter.no\/butikk\/direkte-monterte-absorbenter-vegg-og-tak\/loke-strong-40mm-lyddempende-plate\/","url":"https:\/\/www.akustikksenter.no\/butikk\/direkte-monterte-absorbenter-vegg-og-tak\/loke-strong-40mm-lyddempende-plate\/","name":"Loke\u2122 Strong 40mm lydd\u00e6mpende plade - Norsk Akustikksenter","isPartOf":{"@id":"https:\/\/www.akustikksenter.no\/#website"},"primaryImageOfPage":{"@id":"https:\/\/www.akustikksenter.no\/butikk\/direkte-monterte-absorbenter-vegg-og-tak\/loke-strong-40mm-lyddempende-plate\/#primaryimage"},"image":{"@id":"https:\/\/www.akustikksenter.no\/butikk\/direkte-monterte-absorbenter-vegg-og-tak\/loke-strong-40mm-lyddempende-plate\/#primaryimage"},"thumbnailUrl":"https:\/\/www.akustikksenter.no\/wp-content\/uploads\/2018\/09\/loka-strong-40mm.jpg","datePublished":"2018-09-03T15:21:13+00:00","dateModified":"2026-02-24T12:55:28+00:00","description":"Absorberen, der t\u00e5ler h\u00e5rdh\u00e6ndet behandling og er slagfast. Lydabsorption, klasse A. Panelet er 40 mm, bekl\u00e6dt med glasfiberdug. Standardfarverne er hvid og gr\u00e5. M1- og EPD-certifikat.","breadcrumb":{"@id":"https:\/\/www.akustikksenter.no\/butikk\/direkte-monterte-absorbenter-vegg-og-tak\/loke-strong-40mm-lyddempende-plate\/#breadcrumb"},"inLanguage":"da-DK","potentialAction":[{"@type":"ReadAction","target":["https:\/\/www.akustikksenter.no\/butikk\/direkte-monterte-absorbenter-vegg-og-tak\/loke-strong-40mm-lyddempende-plate\/"]}]},{"@type":"ImageObject","inLanguage":"da-DK","@id":"https:\/\/www.akustikksenter.no\/butikk\/direkte-monterte-absorbenter-vegg-og-tak\/loke-strong-40mm-lyddempende-plate\/#primaryimage","url":"https:\/\/www.akustikksenter.no\/wp-content\/uploads\/2018\/09\/loka-strong-40mm.jpg","contentUrl":"https:\/\/www.akustikksenter.no\/wp-content\/uploads\/2018\/09\/loka-strong-40mm.jpg","width":1600,"height":1259},{"@type":"BreadcrumbList","@id":"https:\/\/www.akustikksenter.no\/butikk\/direkte-monterte-absorbenter-vegg-og-tak\/loke-strong-40mm-lyddempende-plate\/#breadcrumb","itemListElement":[{"@type":"ListItem","position":1,"name":"Hjem","item":"https:\/\/www.akustikksenter.no\/"},{"@type":"ListItem","position":2,"name":"Nettbutikk","item":"https:\/\/www.akustikksenter.no\/nettbutikk\/"},{"@type":"ListItem","position":3,"name":"Loke\u2122 Strong 40mm lyddempende plate"}]},{"@type":"WebSite","@id":"https:\/\/www.akustikksenter.no\/#website","url":"https:\/\/www.akustikksenter.no\/","name":"Norsk Akustik Center","description":"Totalleverand\u00f8r af akustiske l\u00f8sninger","publisher":{"@id":"https:\/\/www.akustikksenter.no\/#organization"},"potentialAction":[{"@type":"SearchAction","target":{"@type":"EntryPoint","urlTemplate":"https:\/\/www.akustikksenter.no\/?s={search_term_string}"},"query-input":{"@type":"PropertyValueSpecification","valueRequired":true,"valueName":"search_term_string"}}],"inLanguage":"da-DK"},{"@type":"Organization","@id":"https:\/\/www.akustikksenter.no\/#organization","name":"Norsk Akustik Center","alternateName":"Akustikksenter","url":"https:\/\/www.akustikksenter.no\/","logo":{"@type":"ImageObject","inLanguage":"da-DK","@id":"https:\/\/www.akustikksenter.no\/#\/schema\/logo\/image\/","url":"https:\/\/www.akustikksenter.no\/wp-content\/uploads\/2018\/02\/Norsk-Akkustikksenter_nyLogo_payoff-3-e1518606723632.png","contentUrl":"https:\/\/www.akustikksenter.no\/wp-content\/uploads\/2018\/02\/Norsk-Akkustikksenter_nyLogo_payoff-3-e1518606723632.png","width":232,"height":93,"caption":"Norsk Akustikksenter"},"image":{"@id":"https:\/\/www.akustikksenter.no\/#\/schema\/logo\/image\/"},"sameAs":["https:\/\/www.facebook.com\/Akustikksenter\/","https:\/\/www.pinterest.com\/akustikksenter\/","https:\/\/www.instagram.com\/akustikksenter_norway\/","https:\/\/no.linkedin.com\/company\/norsk-akustikksenter-as"]}]}},"_links":{"self":[{"href":"https:\/\/www.akustikksenter.no\/da\/wp-json\/wp\/v2\/product\/4654","targetHints":{"allow":["GET"]}}],"collection":[{"href":"https:\/\/www.akustikksenter.no\/da\/wp-json\/wp\/v2\/product"}],"about":[{"href":"https:\/\/www.akustikksenter.no\/da\/wp-json\/wp\/v2\/types\/product"}],"wp:featuredmedia":[{"embeddable":true,"href":"https:\/\/www.akustikksenter.no\/da\/wp-json\/wp\/v2\/media\/4658"}],"wp:attachment":[{"href":"https:\/\/www.akustikksenter.no\/da\/wp-json\/wp\/v2\/media?parent=4654"}],"wp:term":[{"taxonomy":"kampanje","embeddable":true,"href":"https:\/\/www.akustikksenter.no\/da\/wp-json\/wp\/v2\/kampanje?post=4654"},{"taxonomy":"product_brand","embeddable":true,"href":"https:\/\/www.akustikksenter.no\/da\/wp-json\/wp\/v2\/product_brand?post=4654"},{"taxonomy":"product_cat","embeddable":true,"href":"https:\/\/www.akustikksenter.no\/da\/wp-json\/wp\/v2\/product_cat?post=4654"},{"taxonomy":"product_tag","embeddable":true,"href":"https:\/\/www.akustikksenter.no\/da\/wp-json\/wp\/v2\/product_tag?post=4654"}],"curies":[{"name":"wp","href":"https:\/\/api.w.org\/{rel}","templated":true}]}}