{"id":781,"date":"2016-06-13T11:23:24","date_gmt":"2016-06-13T09:23:24","guid":{"rendered":"https:\/\/www-akustikksenter.wp3.hcweb.dev\/?post_type=product&#038;p=781"},"modified":"2026-03-04T09:22:12","modified_gmt":"2026-03-04T08:22:12","slug":"hakkevaeg","status":"publish","type":"product","link":"https:\/\/www.akustikksenter.no\/da\/butikk\/skillevegger-og-bordskjermer\/hugin-skillevegg\/","title":{"rendered":"Hugin\u2122 lydabsorberende skillev\u00e6g"},"content":{"rendered":"<p><img decoding=\"async\" class=\"alignnone wp-image-5130\" src=\"https:\/\/www.akustikksenter.no\/wp-content\/uploads\/2018\/11\/klasse_A-150x150.png\" alt=\"\" width=\"57\" height=\"57\" \/><\/p>\n<p>Lydabsorberende skillev\u00e6g med f\u00e6nomenal lydd\u00e6mpning i den h\u00f8jeste klasse (klasse A). Fremstillet af glasuld og brandh\u00e6mmende stof. F\u00e5s i beige, lysegr\u00e5 og koksgr\u00e5. V\u00e6ggene er 50 mm tykke og st\u00e5r solidt p\u00e5 to f\u00f8dder (mat sort og gr\u00e5) af pulverlakeret st\u00e5l. Panelerne har afrundede hj\u00f8rner, og overfladen er meget robust.<\/p>\n<p>Hugin\u2122-skillev\u00e6gge kan bruges b\u00e5de lodret (1500*1200) og vandret (1200*1500). Vi kan ogs\u00e5 producere skillev\u00e6gge i andre st\u00f8rrelser og i farverne hvid og sort. Dette er en specialbestilling med lidt l\u00e6ngere leveringstid.<\/p>\n<p>Hvis du \u00f8nsker en anden kombination af fodfarve end den, der er vist som standard, bedes du give os besked i din bestilling. Vi \u00e6ndrer den uden ekstra omkostninger.<\/p>\n<p><strong>Tilbeh\u00f8r: <\/strong><\/p>\n<p>Topliste (sort eller gr\u00e5 farve) i flere bredder. Dette er for at undg\u00e5 slitage p\u00e5 toppen af skillev\u00e6ggen under s\u00e6rligt barske forhold. <a href=\"https:\/\/www.akustikksenter.no\/da\/butik\/skillevaegge-og-bordskaerme\/tilbehor-skillevaeg-tekstil-overflade\/\">Se produktet her.<\/a><\/p>\n<p>Fastg\u00f8relsesskinne til skillev\u00e6gge og opslagstavler. Hvis du ikke vil bruge stifter til fastg\u00f8relse (f.eks. opslagstavler), kan du montere skinner og s\u00e6tte papir fast her. <a href=\"https:\/\/www.akustikksenter.no\/da\/butik\/skillevaegge-og-bordskaerme\/fastgorelsesskinne-til-skillevaeg-og-opslagstavle\/\">Se produktet her.<\/a><\/p>\n<p>F\u00f8dder. Hvis du har brug for ekstra f\u00f8dder, f\u00e5s de i sort og gr\u00e5. <a href=\"https:\/\/www.akustikksenter.no\/da\/butik\/skillevaegge-og-bordskaerme\/fodskillevaeg\/\">Se produktet her. <\/a><\/p>\n<p><em>Fremstillet i pulverlakeret st\u00e5l.\u00a0<\/em><\/p>\n<p>&nbsp;<\/p>\n<p><strong>Brandklasse<\/strong>: Pladerne er ikke br\u00e6ndbare. Kerne af glasuld: A2-s1,d0 ref. EN 13501-1. Overfladeklud: B-s2,d0 ref. EN 13501-1<\/p>\n<p><strong>Produktet er M1-certificeret.<\/strong> Det betyder, at produktet er blevet testet og opfylder de strengeste internationale krav til emissioner og ikke-brug af giftige komponenter. Der er s\u00e6rlige krav til akustiske produkter, som skal opfyldes for at opn\u00e5 M1-certificering.<\/p>\n<p style=\"margin: 0cm 0cm 18.0pt 0cm;\"><strong><span style=\"font-family: 'Lato',sans-serif; color: #262626;\">EPD (milj\u00f8varedeklaration).\u00a0<\/span><\/strong><span style=\"font-family: 'Lato',sans-serif; color: #262626;\">Produktet har afsluttet LCA-rapporten (Life Cycle Assessment) og modtaget et EPD-certifikat (Environmental Product Declaration).<\/span><\/p>\n<p><strong>Slagfast.<\/strong> Absorberen er testet for slagfasthed i klasse 1A i overensstemmelse med EN13964, bilag D og DIN 18032:2018-11. Dette er det bedst mulige for denne type produkt\/materiale.<\/p>\n<p><strong>Reng\u00f8ring og vedligeholdelse<\/strong>. Pladen har en overflade, der g\u00f8r det muligt at st\u00f8ve af, st\u00f8vsuge og vaske forsigtigt med en let fugtig klud. Hvis pladen males over, vil den miste sine egenskaber.<\/p>\n<p>&nbsp;<\/p>","protected":false},"excerpt":{"rendered":"<p>Akustisk skillev\u00e6g med f\u00e6nomenal lydabsorption i den h\u00f8jeste klasse (klasse A). Hugin akustikskillev\u00e6gge d\u00e6mper lyden, s\u00e5 du kan nyde en behagelig arbejdsdag p\u00e5 kontoret. Kombiner med Hugin akustiske skrivebordssk\u00e6rme. Gr\u00f8n produktion, h\u00f8j kvalitet og lang levetid g\u00f8r produktet meget b\u00e6redygtigt.<\/p>","protected":false},"featured_media":14307,"template":"","meta":{"_acf_changed":false},"kampanje":[],"product_brand":[],"product_cat":[120],"product_tag":[],"class_list":{"0":"post-781","1":"product","2":"type-product","3":"status-publish","4":"has-post-thumbnail","6":"product_cat-skillevegger-og-bordskjermer","7":"pa_farge-beige","8":"pa_farge-gra","9":"pa_farge-hvit","10":"pa_farge-koksgra","11":"pa_farge-svart","13":"first","14":"instock","15":"featured","16":"taxable","17":"shipping-taxable","18":"purchasable","19":"product-type-variable"},"acf":[],"yoast_head":"<!-- This site is optimized with the Yoast SEO plugin v27.5 - https:\/\/yoast.com\/product\/yoast-seo-wordpress\/ -->\n<title>Hugin\u2122 lyddempende skillevegg - Norsk Akustikksenter<\/title>\n<meta name=\"description\" content=\"Akustikk skillevegg med fenomenal lyddemping, den absoberer lyd slik at du f\u00e5r en behagelig arbeidsdag p\u00e5 kontoret. Kombiner gjerne med Hugin akustikk bordskjermer. M1 og EDP Sertifikat.\" \/>\n<meta name=\"robots\" content=\"index, follow, max-snippet:-1, max-image-preview:large, max-video-preview:-1\" \/>\n<link rel=\"canonical\" href=\"https:\/\/www.akustikksenter.no\/da\/butik\/skillevaegge-og-bordskaerme\/hakkevaeg\/\" \/>\n<meta property=\"og:locale\" content=\"da_DK\" \/>\n<meta property=\"og:type\" content=\"article\" \/>\n<meta property=\"og:title\" content=\"Hugin\u2122 lyddempende skillevegg - Norsk Akustikksenter\" \/>\n<meta property=\"og:description\" content=\"Akustikk skillevegg med fenomenal lyddemping, den absoberer lyd slik at du f\u00e5r en behagelig arbeidsdag p\u00e5 kontoret. Kombiner gjerne med Hugin akustikk bordskjermer. M1 og EDP Sertifikat.\" \/>\n<meta property=\"og:url\" content=\"https:\/\/www.akustikksenter.no\/da\/butik\/skillevaegge-og-bordskaerme\/hakkevaeg\/\" \/>\n<meta property=\"og:site_name\" content=\"Norsk Akustikksenter\" \/>\n<meta property=\"article:publisher\" content=\"https:\/\/www.facebook.com\/Akustikksenter\/\" \/>\n<meta property=\"article:modified_time\" content=\"2026-03-04T08:22:12+00:00\" \/>\n<meta property=\"og:image\" content=\"https:\/\/www.akustikksenter.no\/wp-content\/uploads\/2016\/06\/Hugin\u2122-lyddempende-skillevegg-Beige-987x1024.jpg\" \/>\n\t<meta property=\"og:image:width\" content=\"987\" \/>\n\t<meta property=\"og:image:height\" content=\"1024\" \/>\n\t<meta property=\"og:image:type\" content=\"image\/jpeg\" \/>\n<meta name=\"twitter:label1\" content=\"Estimeret l\u00e6setid\" \/>\n\t<meta name=\"twitter:data1\" content=\"1 minut\" \/>\n<script type=\"application\/ld+json\" class=\"yoast-schema-graph\">{\"@context\":\"https:\\\/\\\/schema.org\",\"@graph\":[{\"@type\":\"WebPage\",\"@id\":\"https:\\\/\\\/www.akustikksenter.no\\\/butikk\\\/skillevegger-og-bordskjermer\\\/hugin-skillevegg\\\/\",\"url\":\"https:\\\/\\\/www.akustikksenter.no\\\/butikk\\\/skillevegger-og-bordskjermer\\\/hugin-skillevegg\\\/\",\"name\":\"Hugin\u2122 lyddempende skillevegg - Norsk Akustikksenter\",\"isPartOf\":{\"@id\":\"https:\\\/\\\/www.akustikksenter.no\\\/#website\"},\"primaryImageOfPage\":{\"@id\":\"https:\\\/\\\/www.akustikksenter.no\\\/butikk\\\/skillevegger-og-bordskjermer\\\/hugin-skillevegg\\\/#primaryimage\"},\"image\":{\"@id\":\"https:\\\/\\\/www.akustikksenter.no\\\/butikk\\\/skillevegger-og-bordskjermer\\\/hugin-skillevegg\\\/#primaryimage\"},\"thumbnailUrl\":\"https:\\\/\\\/www.akustikksenter.no\\\/wp-content\\\/uploads\\\/2016\\\/06\\\/Hugin\u2122-lyddempende-skillevegg-Beige.jpg\",\"datePublished\":\"2016-06-13T09:23:24+00:00\",\"dateModified\":\"2026-03-04T08:22:12+00:00\",\"description\":\"Akustikk skillevegg med fenomenal lyddemping, den absoberer lyd slik at du f\u00e5r en behagelig arbeidsdag p\u00e5 kontoret. Kombiner gjerne med Hugin akustikk bordskjermer. M1 og EDP Sertifikat.\",\"breadcrumb\":{\"@id\":\"https:\\\/\\\/www.akustikksenter.no\\\/butikk\\\/skillevegger-og-bordskjermer\\\/hugin-skillevegg\\\/#breadcrumb\"},\"inLanguage\":\"da-DK\",\"potentialAction\":[{\"@type\":\"ReadAction\",\"target\":[\"https:\\\/\\\/www.akustikksenter.no\\\/butikk\\\/skillevegger-og-bordskjermer\\\/hugin-skillevegg\\\/\"]}]},{\"@type\":\"ImageObject\",\"inLanguage\":\"da-DK\",\"@id\":\"https:\\\/\\\/www.akustikksenter.no\\\/butikk\\\/skillevegger-og-bordskjermer\\\/hugin-skillevegg\\\/#primaryimage\",\"url\":\"https:\\\/\\\/www.akustikksenter.no\\\/wp-content\\\/uploads\\\/2016\\\/06\\\/Hugin\u2122-lyddempende-skillevegg-Beige.jpg\",\"contentUrl\":\"https:\\\/\\\/www.akustikksenter.no\\\/wp-content\\\/uploads\\\/2016\\\/06\\\/Hugin\u2122-lyddempende-skillevegg-Beige.jpg\",\"width\":2187,\"height\":2270},{\"@type\":\"BreadcrumbList\",\"@id\":\"https:\\\/\\\/www.akustikksenter.no\\\/butikk\\\/skillevegger-og-bordskjermer\\\/hugin-skillevegg\\\/#breadcrumb\",\"itemListElement\":[{\"@type\":\"ListItem\",\"position\":1,\"name\":\"Hjem\",\"item\":\"https:\\\/\\\/www.akustikksenter.no\\\/\"},{\"@type\":\"ListItem\",\"position\":2,\"name\":\"Nettbutikk\",\"item\":\"https:\\\/\\\/www.akustikksenter.no\\\/nettbutikk\\\/\"},{\"@type\":\"ListItem\",\"position\":3,\"name\":\"Hugin\u2122 lyddempende skillevegg\"}]},{\"@type\":\"WebSite\",\"@id\":\"https:\\\/\\\/www.akustikksenter.no\\\/#website\",\"url\":\"https:\\\/\\\/www.akustikksenter.no\\\/\",\"name\":\"Norsk Akustikksenter\",\"description\":\"Totalleverand\u00f8r av akustikkl\u00f8sninger\",\"publisher\":{\"@id\":\"https:\\\/\\\/www.akustikksenter.no\\\/#organization\"},\"potentialAction\":[{\"@type\":\"SearchAction\",\"target\":{\"@type\":\"EntryPoint\",\"urlTemplate\":\"https:\\\/\\\/www.akustikksenter.no\\\/?s={search_term_string}\"},\"query-input\":{\"@type\":\"PropertyValueSpecification\",\"valueRequired\":true,\"valueName\":\"search_term_string\"}}],\"inLanguage\":\"da-DK\"},{\"@type\":\"Organization\",\"@id\":\"https:\\\/\\\/www.akustikksenter.no\\\/#organization\",\"name\":\"Norsk Akustikksenter\",\"alternateName\":\"Akustikksenter\",\"url\":\"https:\\\/\\\/www.akustikksenter.no\\\/\",\"logo\":{\"@type\":\"ImageObject\",\"inLanguage\":\"da-DK\",\"@id\":\"https:\\\/\\\/www.akustikksenter.no\\\/#\\\/schema\\\/logo\\\/image\\\/\",\"url\":\"https:\\\/\\\/www.akustikksenter.no\\\/wp-content\\\/uploads\\\/2018\\\/02\\\/Norsk-Akkustikksenter_nyLogo_payoff-3-e1518606723632.png\",\"contentUrl\":\"https:\\\/\\\/www.akustikksenter.no\\\/wp-content\\\/uploads\\\/2018\\\/02\\\/Norsk-Akkustikksenter_nyLogo_payoff-3-e1518606723632.png\",\"width\":232,\"height\":93,\"caption\":\"Norsk Akustikksenter\"},\"image\":{\"@id\":\"https:\\\/\\\/www.akustikksenter.no\\\/#\\\/schema\\\/logo\\\/image\\\/\"},\"sameAs\":[\"https:\\\/\\\/www.facebook.com\\\/Akustikksenter\\\/\",\"https:\\\/\\\/www.pinterest.com\\\/akustikksenter\\\/\",\"https:\\\/\\\/www.instagram.com\\\/akustikksenter_norway\\\/\",\"https:\\\/\\\/no.linkedin.com\\\/company\\\/norsk-akustikksenter-as\"]}]}<\/script>\n<!-- \/ Yoast SEO plugin. -->","yoast_head_json":{"title":"Hugin\u2122 lydabsorberende skillev\u00e6g - Norsk Akustikksenter","description":"Akustisk skillev\u00e6g med f\u00e6nomenal lydabsorption, der absorberer lyden, s\u00e5 du f\u00e5r en behagelig arbejdsdag p\u00e5 kontoret. Kombiner med Hugin akustiske skrivebordssk\u00e6rme. M1- og EDP-certifikat.","robots":{"index":"index","follow":"follow","max-snippet":"max-snippet:-1","max-image-preview":"max-image-preview:large","max-video-preview":"max-video-preview:-1"},"canonical":"https:\/\/www.akustikksenter.no\/da\/butik\/skillevaegge-og-bordskaerme\/hakkevaeg\/","og_locale":"da_DK","og_type":"article","og_title":"Hugin\u2122 lyddempende skillevegg - Norsk Akustikksenter","og_description":"Akustikk skillevegg med fenomenal lyddemping, den absoberer lyd slik at du f\u00e5r en behagelig arbeidsdag p\u00e5 kontoret. Kombiner gjerne med Hugin akustikk bordskjermer. M1 og EDP Sertifikat.","og_url":"https:\/\/www.akustikksenter.no\/da\/butik\/skillevaegge-og-bordskaerme\/hakkevaeg\/","og_site_name":"Norsk Akustikksenter","article_publisher":"https:\/\/www.facebook.com\/Akustikksenter\/","article_modified_time":"2026-03-04T08:22:12+00:00","og_image":[{"width":987,"height":1024,"url":"https:\/\/www.akustikksenter.no\/wp-content\/uploads\/2016\/06\/Hugin\u2122-lyddempende-skillevegg-Beige-987x1024.jpg","type":"image\/jpeg"}],"twitter_misc":{"Estimeret l\u00e6setid":"1 minut"},"schema":{"@context":"https:\/\/schema.org","@graph":[{"@type":"WebPage","@id":"https:\/\/www.akustikksenter.no\/butikk\/skillevegger-og-bordskjermer\/hugin-skillevegg\/","url":"https:\/\/www.akustikksenter.no\/butikk\/skillevegger-og-bordskjermer\/hugin-skillevegg\/","name":"Hugin\u2122 lydabsorberende skillev\u00e6g - Norsk Akustikksenter","isPartOf":{"@id":"https:\/\/www.akustikksenter.no\/#website"},"primaryImageOfPage":{"@id":"https:\/\/www.akustikksenter.no\/butikk\/skillevegger-og-bordskjermer\/hugin-skillevegg\/#primaryimage"},"image":{"@id":"https:\/\/www.akustikksenter.no\/butikk\/skillevegger-og-bordskjermer\/hugin-skillevegg\/#primaryimage"},"thumbnailUrl":"https:\/\/www.akustikksenter.no\/wp-content\/uploads\/2016\/06\/Hugin\u2122-lyddempende-skillevegg-Beige.jpg","datePublished":"2016-06-13T09:23:24+00:00","dateModified":"2026-03-04T08:22:12+00:00","description":"Akustisk skillev\u00e6g med f\u00e6nomenal lydabsorption, der absorberer lyden, s\u00e5 du f\u00e5r en behagelig arbejdsdag p\u00e5 kontoret. Kombiner med Hugin akustiske skrivebordssk\u00e6rme. M1- og EDP-certifikat.","breadcrumb":{"@id":"https:\/\/www.akustikksenter.no\/butikk\/skillevegger-og-bordskjermer\/hugin-skillevegg\/#breadcrumb"},"inLanguage":"da-DK","potentialAction":[{"@type":"ReadAction","target":["https:\/\/www.akustikksenter.no\/butikk\/skillevegger-og-bordskjermer\/hugin-skillevegg\/"]}]},{"@type":"ImageObject","inLanguage":"da-DK","@id":"https:\/\/www.akustikksenter.no\/butikk\/skillevegger-og-bordskjermer\/hugin-skillevegg\/#primaryimage","url":"https:\/\/www.akustikksenter.no\/wp-content\/uploads\/2016\/06\/Hugin\u2122-lyddempende-skillevegg-Beige.jpg","contentUrl":"https:\/\/www.akustikksenter.no\/wp-content\/uploads\/2016\/06\/Hugin\u2122-lyddempende-skillevegg-Beige.jpg","width":2187,"height":2270},{"@type":"BreadcrumbList","@id":"https:\/\/www.akustikksenter.no\/butikk\/skillevegger-og-bordskjermer\/hugin-skillevegg\/#breadcrumb","itemListElement":[{"@type":"ListItem","position":1,"name":"Hjem","item":"https:\/\/www.akustikksenter.no\/"},{"@type":"ListItem","position":2,"name":"Nettbutikk","item":"https:\/\/www.akustikksenter.no\/nettbutikk\/"},{"@type":"ListItem","position":3,"name":"Hugin\u2122 lyddempende skillevegg"}]},{"@type":"WebSite","@id":"https:\/\/www.akustikksenter.no\/#website","url":"https:\/\/www.akustikksenter.no\/","name":"Norsk Akustik Center","description":"Totalleverand\u00f8r af akustiske l\u00f8sninger","publisher":{"@id":"https:\/\/www.akustikksenter.no\/#organization"},"potentialAction":[{"@type":"SearchAction","target":{"@type":"EntryPoint","urlTemplate":"https:\/\/www.akustikksenter.no\/?s={search_term_string}"},"query-input":{"@type":"PropertyValueSpecification","valueRequired":true,"valueName":"search_term_string"}}],"inLanguage":"da-DK"},{"@type":"Organization","@id":"https:\/\/www.akustikksenter.no\/#organization","name":"Norsk Akustik Center","alternateName":"Akustikksenter","url":"https:\/\/www.akustikksenter.no\/","logo":{"@type":"ImageObject","inLanguage":"da-DK","@id":"https:\/\/www.akustikksenter.no\/#\/schema\/logo\/image\/","url":"https:\/\/www.akustikksenter.no\/wp-content\/uploads\/2018\/02\/Norsk-Akkustikksenter_nyLogo_payoff-3-e1518606723632.png","contentUrl":"https:\/\/www.akustikksenter.no\/wp-content\/uploads\/2018\/02\/Norsk-Akkustikksenter_nyLogo_payoff-3-e1518606723632.png","width":232,"height":93,"caption":"Norsk Akustikksenter"},"image":{"@id":"https:\/\/www.akustikksenter.no\/#\/schema\/logo\/image\/"},"sameAs":["https:\/\/www.facebook.com\/Akustikksenter\/","https:\/\/www.pinterest.com\/akustikksenter\/","https:\/\/www.instagram.com\/akustikksenter_norway\/","https:\/\/no.linkedin.com\/company\/norsk-akustikksenter-as"]}]}},"_links":{"self":[{"href":"https:\/\/www.akustikksenter.no\/da\/wp-json\/wp\/v2\/product\/781","targetHints":{"allow":["GET"]}}],"collection":[{"href":"https:\/\/www.akustikksenter.no\/da\/wp-json\/wp\/v2\/product"}],"about":[{"href":"https:\/\/www.akustikksenter.no\/da\/wp-json\/wp\/v2\/types\/product"}],"wp:featuredmedia":[{"embeddable":true,"href":"https:\/\/www.akustikksenter.no\/da\/wp-json\/wp\/v2\/media\/14307"}],"wp:attachment":[{"href":"https:\/\/www.akustikksenter.no\/da\/wp-json\/wp\/v2\/media?parent=781"}],"wp:term":[{"taxonomy":"kampanje","embeddable":true,"href":"https:\/\/www.akustikksenter.no\/da\/wp-json\/wp\/v2\/kampanje?post=781"},{"taxonomy":"product_brand","embeddable":true,"href":"https:\/\/www.akustikksenter.no\/da\/wp-json\/wp\/v2\/product_brand?post=781"},{"taxonomy":"product_cat","embeddable":true,"href":"https:\/\/www.akustikksenter.no\/da\/wp-json\/wp\/v2\/product_cat?post=781"},{"taxonomy":"product_tag","embeddable":true,"href":"https:\/\/www.akustikksenter.no\/da\/wp-json\/wp\/v2\/product_tag?post=781"}],"curies":[{"name":"wp","href":"https:\/\/api.w.org\/{rel}","templated":true}]}}