{"id":782,"date":"2016-06-11T11:24:06","date_gmt":"2016-06-11T09:24:06","guid":{"rendered":"https:\/\/www-akustikksenter.wp3.hcweb.dev\/?post_type=product&#038;p=782"},"modified":"2026-02-02T10:28:21","modified_gmt":"2026-02-02T09:28:21","slug":"montagelim-med-hoj-klaebeevne","status":"publish","type":"product","link":"https:\/\/www.akustikksenter.no\/da\/butikk\/montasje-og-feste\/high-tack-montasjelim\/","title":{"rendered":"Soudal Fix ALL Montagelim med h\u00f8j kl\u00e6beevne. H\u00f8j kl\u00e6beevne"},"content":{"rendered":"<p>Bruges til fastg\u00f8relse af absorbenter p\u00e5 lofter. Kan ogs\u00e5 bruges p\u00e5 skr\u00e5nende overflader, men s\u00e5 skal man holde skiven mod underlaget, indtil den ikke l\u00e6ngere glider\/glider.<\/p>\n<p>Soudal Fix ALL High Tack er en fleksibel fugelim med h\u00f8j styrke og meget h\u00f8j \u00f8jeblikkelig kl\u00e6beevne. Til h\u00f8jtydende fleksibel limning og forsegling af alle materialer p\u00e5 de fleste, selv fugtige overflader, b\u00e5de por\u00f8se og glatte.<\/p>\n<p>P\u00e5f\u00f8r, tryk let og afslut. Vi anbefaler at bruge 1 patron til 2 m2 absorberende overflade.<\/p>\n<p><strong>Farver<\/strong>. Hvid og sort<\/p>","protected":false},"excerpt":{"rendered":"<p>Til lofter og vandrette flader.<\/p>\n<p>Soudal Fix All High Tack er en fleksibel fugelim med h\u00f8j styrke til \u00f8jeblikkelig vedh\u00e6ftning.<\/p>\n<p>290 ml. Pris per styk.<\/p>\n<p><strong>Du skal bruge 1 kl\u00e6bepatron til 2 m\u00b2 absorberende materiale.\u00a0<\/strong><\/p>","protected":false},"featured_media":9101,"template":"","meta":{"_acf_changed":false},"kampanje":[],"product_brand":[],"product_cat":[23],"product_tag":[],"class_list":{"0":"post-782","1":"product","2":"type-product","3":"status-publish","4":"has-post-thumbnail","6":"product_cat-montasje-og-feste","7":"pa_farge-hvit","8":"pa_farge-svart","10":"first","11":"instock","12":"taxable","13":"shipping-taxable","14":"purchasable","15":"product-type-variable"},"acf":[],"yoast_head":"<!-- This site is optimized with the Yoast SEO plugin v27.4 - https:\/\/yoast.com\/product\/yoast-seo-wordpress\/ -->\n<title>Soudal Fix ALL High tack montasjelim. Tak - Norsk Akustikksenter<\/title>\n<meta name=\"description\" content=\"Til tak og horisontale flater.Soudal Fix All High Tack er en fleksibel h\u00f8ystyrke fugelim for umiddelbar heft.290ml. Pris pr. stk.\" \/>\n<meta name=\"robots\" content=\"index, follow, max-snippet:-1, max-image-preview:large, max-video-preview:-1\" \/>\n<link rel=\"canonical\" href=\"https:\/\/www.akustikksenter.no\/da\/butik\/installation-og-fastgorelse\/montagelim-med-hoj-klaebeevne\/\" \/>\n<meta property=\"og:locale\" content=\"da_DK\" \/>\n<meta property=\"og:type\" content=\"article\" \/>\n<meta property=\"og:title\" content=\"Soudal Fix ALL High tack montasjelim. Tak - Norsk Akustikksenter\" \/>\n<meta property=\"og:description\" content=\"Til tak og horisontale flater.Soudal Fix All High Tack er en fleksibel h\u00f8ystyrke fugelim for umiddelbar heft.290ml. Pris pr. stk.\" \/>\n<meta property=\"og:url\" content=\"https:\/\/www.akustikksenter.no\/da\/butik\/installation-og-fastgorelse\/montagelim-med-hoj-klaebeevne\/\" \/>\n<meta property=\"og:site_name\" content=\"Norsk Akustikksenter\" \/>\n<meta property=\"article:publisher\" content=\"https:\/\/www.facebook.com\/Akustikksenter\/\" \/>\n<meta property=\"article:modified_time\" content=\"2026-02-02T09:28:21+00:00\" \/>\n<meta property=\"og:image\" content=\"https:\/\/www.akustikksenter.no\/wp-content\/uploads\/2016\/06\/High-Tack.jpg\" \/>\n\t<meta property=\"og:image:width\" content=\"700\" \/>\n\t<meta property=\"og:image:height\" content=\"525\" \/>\n\t<meta property=\"og:image:type\" content=\"image\/jpeg\" \/>\n<script type=\"application\/ld+json\" class=\"yoast-schema-graph\">{\"@context\":\"https:\\\/\\\/schema.org\",\"@graph\":[{\"@type\":\"WebPage\",\"@id\":\"https:\\\/\\\/www.akustikksenter.no\\\/butikk\\\/montasje-og-feste\\\/high-tack-montasjelim\\\/\",\"url\":\"https:\\\/\\\/www.akustikksenter.no\\\/butikk\\\/montasje-og-feste\\\/high-tack-montasjelim\\\/\",\"name\":\"Soudal Fix ALL High tack montasjelim. Tak - Norsk Akustikksenter\",\"isPartOf\":{\"@id\":\"https:\\\/\\\/www.akustikksenter.no\\\/#website\"},\"primaryImageOfPage\":{\"@id\":\"https:\\\/\\\/www.akustikksenter.no\\\/butikk\\\/montasje-og-feste\\\/high-tack-montasjelim\\\/#primaryimage\"},\"image\":{\"@id\":\"https:\\\/\\\/www.akustikksenter.no\\\/butikk\\\/montasje-og-feste\\\/high-tack-montasjelim\\\/#primaryimage\"},\"thumbnailUrl\":\"https:\\\/\\\/www.akustikksenter.no\\\/wp-content\\\/uploads\\\/2016\\\/06\\\/High-Tack.jpg\",\"datePublished\":\"2016-06-11T09:24:06+00:00\",\"dateModified\":\"2026-02-02T09:28:21+00:00\",\"description\":\"Til tak og horisontale flater.Soudal Fix All High Tack er en fleksibel h\u00f8ystyrke fugelim for umiddelbar heft.290ml. Pris pr. stk.\",\"breadcrumb\":{\"@id\":\"https:\\\/\\\/www.akustikksenter.no\\\/butikk\\\/montasje-og-feste\\\/high-tack-montasjelim\\\/#breadcrumb\"},\"inLanguage\":\"da-DK\",\"potentialAction\":[{\"@type\":\"ReadAction\",\"target\":[\"https:\\\/\\\/www.akustikksenter.no\\\/butikk\\\/montasje-og-feste\\\/high-tack-montasjelim\\\/\"]}]},{\"@type\":\"ImageObject\",\"inLanguage\":\"da-DK\",\"@id\":\"https:\\\/\\\/www.akustikksenter.no\\\/butikk\\\/montasje-og-feste\\\/high-tack-montasjelim\\\/#primaryimage\",\"url\":\"https:\\\/\\\/www.akustikksenter.no\\\/wp-content\\\/uploads\\\/2016\\\/06\\\/High-Tack.jpg\",\"contentUrl\":\"https:\\\/\\\/www.akustikksenter.no\\\/wp-content\\\/uploads\\\/2016\\\/06\\\/High-Tack.jpg\",\"width\":700,\"height\":525},{\"@type\":\"BreadcrumbList\",\"@id\":\"https:\\\/\\\/www.akustikksenter.no\\\/butikk\\\/montasje-og-feste\\\/high-tack-montasjelim\\\/#breadcrumb\",\"itemListElement\":[{\"@type\":\"ListItem\",\"position\":1,\"name\":\"Hjem\",\"item\":\"https:\\\/\\\/www.akustikksenter.no\\\/\"},{\"@type\":\"ListItem\",\"position\":2,\"name\":\"Nettbutikk\",\"item\":\"https:\\\/\\\/www.akustikksenter.no\\\/nettbutikk\\\/\"},{\"@type\":\"ListItem\",\"position\":3,\"name\":\"Soudal Fix ALL High tack montasjelim. Tak\"}]},{\"@type\":\"WebSite\",\"@id\":\"https:\\\/\\\/www.akustikksenter.no\\\/#website\",\"url\":\"https:\\\/\\\/www.akustikksenter.no\\\/\",\"name\":\"Norsk Akustikksenter\",\"description\":\"Totalleverand\u00f8r av akustikkl\u00f8sninger\",\"publisher\":{\"@id\":\"https:\\\/\\\/www.akustikksenter.no\\\/#organization\"},\"potentialAction\":[{\"@type\":\"SearchAction\",\"target\":{\"@type\":\"EntryPoint\",\"urlTemplate\":\"https:\\\/\\\/www.akustikksenter.no\\\/?s={search_term_string}\"},\"query-input\":{\"@type\":\"PropertyValueSpecification\",\"valueRequired\":true,\"valueName\":\"search_term_string\"}}],\"inLanguage\":\"da-DK\"},{\"@type\":\"Organization\",\"@id\":\"https:\\\/\\\/www.akustikksenter.no\\\/#organization\",\"name\":\"Norsk Akustikksenter\",\"alternateName\":\"Akustikksenter\",\"url\":\"https:\\\/\\\/www.akustikksenter.no\\\/\",\"logo\":{\"@type\":\"ImageObject\",\"inLanguage\":\"da-DK\",\"@id\":\"https:\\\/\\\/www.akustikksenter.no\\\/#\\\/schema\\\/logo\\\/image\\\/\",\"url\":\"https:\\\/\\\/www.akustikksenter.no\\\/wp-content\\\/uploads\\\/2018\\\/02\\\/Norsk-Akkustikksenter_nyLogo_payoff-3-e1518606723632.png\",\"contentUrl\":\"https:\\\/\\\/www.akustikksenter.no\\\/wp-content\\\/uploads\\\/2018\\\/02\\\/Norsk-Akkustikksenter_nyLogo_payoff-3-e1518606723632.png\",\"width\":232,\"height\":93,\"caption\":\"Norsk Akustikksenter\"},\"image\":{\"@id\":\"https:\\\/\\\/www.akustikksenter.no\\\/#\\\/schema\\\/logo\\\/image\\\/\"},\"sameAs\":[\"https:\\\/\\\/www.facebook.com\\\/Akustikksenter\\\/\",\"https:\\\/\\\/www.pinterest.com\\\/akustikksenter\\\/\",\"https:\\\/\\\/www.instagram.com\\\/akustikksenter_norway\\\/\",\"https:\\\/\\\/no.linkedin.com\\\/company\\\/norsk-akustikksenter-as\"]}]}<\/script>\n<!-- \/ Yoast SEO plugin. -->","yoast_head_json":{"title":"Soudal Fix ALL High tack montagelim. Lofter - Norsk Akustisk Senter","description":"Til lofter og vandrette flader.Soudal Fix All High Tack er en fleksibel, h\u00f8jtydende fugelim til \u00f8jeblikkelig vedh\u00e6ftning.290 ml. Pris per styk.","robots":{"index":"index","follow":"follow","max-snippet":"max-snippet:-1","max-image-preview":"max-image-preview:large","max-video-preview":"max-video-preview:-1"},"canonical":"https:\/\/www.akustikksenter.no\/da\/butik\/installation-og-fastgorelse\/montagelim-med-hoj-klaebeevne\/","og_locale":"da_DK","og_type":"article","og_title":"Soudal Fix ALL High tack montasjelim. Tak - Norsk Akustikksenter","og_description":"Til tak og horisontale flater.Soudal Fix All High Tack er en fleksibel h\u00f8ystyrke fugelim for umiddelbar heft.290ml. Pris pr. stk.","og_url":"https:\/\/www.akustikksenter.no\/da\/butik\/installation-og-fastgorelse\/montagelim-med-hoj-klaebeevne\/","og_site_name":"Norsk Akustikksenter","article_publisher":"https:\/\/www.facebook.com\/Akustikksenter\/","article_modified_time":"2026-02-02T09:28:21+00:00","og_image":[{"width":700,"height":525,"url":"https:\/\/www.akustikksenter.no\/wp-content\/uploads\/2016\/06\/High-Tack.jpg","type":"image\/jpeg"}],"schema":{"@context":"https:\/\/schema.org","@graph":[{"@type":"WebPage","@id":"https:\/\/www.akustikksenter.no\/butikk\/montasje-og-feste\/high-tack-montasjelim\/","url":"https:\/\/www.akustikksenter.no\/butikk\/montasje-og-feste\/high-tack-montasjelim\/","name":"Soudal Fix ALL High tack montagelim. Lofter - Norsk Akustisk Senter","isPartOf":{"@id":"https:\/\/www.akustikksenter.no\/#website"},"primaryImageOfPage":{"@id":"https:\/\/www.akustikksenter.no\/butikk\/montasje-og-feste\/high-tack-montasjelim\/#primaryimage"},"image":{"@id":"https:\/\/www.akustikksenter.no\/butikk\/montasje-og-feste\/high-tack-montasjelim\/#primaryimage"},"thumbnailUrl":"https:\/\/www.akustikksenter.no\/wp-content\/uploads\/2016\/06\/High-Tack.jpg","datePublished":"2016-06-11T09:24:06+00:00","dateModified":"2026-02-02T09:28:21+00:00","description":"Til lofter og vandrette flader.Soudal Fix All High Tack er en fleksibel, h\u00f8jtydende fugelim til \u00f8jeblikkelig vedh\u00e6ftning.290 ml. Pris per styk.","breadcrumb":{"@id":"https:\/\/www.akustikksenter.no\/butikk\/montasje-og-feste\/high-tack-montasjelim\/#breadcrumb"},"inLanguage":"da-DK","potentialAction":[{"@type":"ReadAction","target":["https:\/\/www.akustikksenter.no\/butikk\/montasje-og-feste\/high-tack-montasjelim\/"]}]},{"@type":"ImageObject","inLanguage":"da-DK","@id":"https:\/\/www.akustikksenter.no\/butikk\/montasje-og-feste\/high-tack-montasjelim\/#primaryimage","url":"https:\/\/www.akustikksenter.no\/wp-content\/uploads\/2016\/06\/High-Tack.jpg","contentUrl":"https:\/\/www.akustikksenter.no\/wp-content\/uploads\/2016\/06\/High-Tack.jpg","width":700,"height":525},{"@type":"BreadcrumbList","@id":"https:\/\/www.akustikksenter.no\/butikk\/montasje-og-feste\/high-tack-montasjelim\/#breadcrumb","itemListElement":[{"@type":"ListItem","position":1,"name":"Hjem","item":"https:\/\/www.akustikksenter.no\/"},{"@type":"ListItem","position":2,"name":"Nettbutikk","item":"https:\/\/www.akustikksenter.no\/nettbutikk\/"},{"@type":"ListItem","position":3,"name":"Soudal Fix ALL High tack montasjelim. Tak"}]},{"@type":"WebSite","@id":"https:\/\/www.akustikksenter.no\/#website","url":"https:\/\/www.akustikksenter.no\/","name":"Norsk Akustik Center","description":"Totalleverand\u00f8r af akustiske l\u00f8sninger","publisher":{"@id":"https:\/\/www.akustikksenter.no\/#organization"},"potentialAction":[{"@type":"SearchAction","target":{"@type":"EntryPoint","urlTemplate":"https:\/\/www.akustikksenter.no\/?s={search_term_string}"},"query-input":{"@type":"PropertyValueSpecification","valueRequired":true,"valueName":"search_term_string"}}],"inLanguage":"da-DK"},{"@type":"Organization","@id":"https:\/\/www.akustikksenter.no\/#organization","name":"Norsk Akustik Center","alternateName":"Akustikksenter","url":"https:\/\/www.akustikksenter.no\/","logo":{"@type":"ImageObject","inLanguage":"da-DK","@id":"https:\/\/www.akustikksenter.no\/#\/schema\/logo\/image\/","url":"https:\/\/www.akustikksenter.no\/wp-content\/uploads\/2018\/02\/Norsk-Akkustikksenter_nyLogo_payoff-3-e1518606723632.png","contentUrl":"https:\/\/www.akustikksenter.no\/wp-content\/uploads\/2018\/02\/Norsk-Akkustikksenter_nyLogo_payoff-3-e1518606723632.png","width":232,"height":93,"caption":"Norsk Akustikksenter"},"image":{"@id":"https:\/\/www.akustikksenter.no\/#\/schema\/logo\/image\/"},"sameAs":["https:\/\/www.facebook.com\/Akustikksenter\/","https:\/\/www.pinterest.com\/akustikksenter\/","https:\/\/www.instagram.com\/akustikksenter_norway\/","https:\/\/no.linkedin.com\/company\/norsk-akustikksenter-as"]}]}},"_links":{"self":[{"href":"https:\/\/www.akustikksenter.no\/da\/wp-json\/wp\/v2\/product\/782","targetHints":{"allow":["GET"]}}],"collection":[{"href":"https:\/\/www.akustikksenter.no\/da\/wp-json\/wp\/v2\/product"}],"about":[{"href":"https:\/\/www.akustikksenter.no\/da\/wp-json\/wp\/v2\/types\/product"}],"wp:featuredmedia":[{"embeddable":true,"href":"https:\/\/www.akustikksenter.no\/da\/wp-json\/wp\/v2\/media\/9101"}],"wp:attachment":[{"href":"https:\/\/www.akustikksenter.no\/da\/wp-json\/wp\/v2\/media?parent=782"}],"wp:term":[{"taxonomy":"kampanje","embeddable":true,"href":"https:\/\/www.akustikksenter.no\/da\/wp-json\/wp\/v2\/kampanje?post=782"},{"taxonomy":"product_brand","embeddable":true,"href":"https:\/\/www.akustikksenter.no\/da\/wp-json\/wp\/v2\/product_brand?post=782"},{"taxonomy":"product_cat","embeddable":true,"href":"https:\/\/www.akustikksenter.no\/da\/wp-json\/wp\/v2\/product_cat?post=782"},{"taxonomy":"product_tag","embeddable":true,"href":"https:\/\/www.akustikksenter.no\/da\/wp-json\/wp\/v2\/product_tag?post=782"}],"curies":[{"name":"wp","href":"https:\/\/api.w.org\/{rel}","templated":true}]}}