{"id":8517,"date":"2022-07-06T17:35:14","date_gmt":"2022-07-06T15:35:14","guid":{"rendered":"https:\/\/www.akustikksenter.no\/?post_type=product&#038;p=8517"},"modified":"2026-04-09T15:59:04","modified_gmt":"2026-04-09T13:59:04","slug":"frigg-hex-40-mm","status":"publish","type":"product","link":"https:\/\/www.akustikksenter.no\/da\/butikk\/direkte-monterte-absorbenter-vegg-og-tak\/frigg-hex-40-mm\/","title":{"rendered":"Frigg\u2122 Hex 40 mm lydd\u00e6mpende plade"},"content":{"rendered":"<p><b>Meget effektive og dekorative lydabsorbenter.\u00a0<\/b><\/p>\n<p>Lydabsorbenterne er bekl\u00e6dt med stof og kommer i en dekorativ sekskantet form. Overfladen er slagfast og meget robust og er derfor velegnet til brug i alle typer rum med mange former for aktivitet. De kan for eksempel bruges i m\u00f8delokaler, lydrum, indspilningsstudier, fitnesscentre, daginstitutioner og b\u00f8rnev\u00e6relser. De kan selvf\u00f8lgelig ogs\u00e5 bruges dekorativt p\u00e5 kontorer og i hjemmet.<\/p>\n<p>Frigg Hexagon f\u00e5s i farverne: beige, sort, gr\u00e5 og koksgr\u00e5 eller med <a href=\"https:\/\/www.akustikksenter.no\/da\/onlinebutik\/akustiske-billeder\/?_gl=1*t9bpu7*_up*MQ..*_ga*MTMwODM1OTQwLjE2OTQxODE3MzM.*_ga_XPZ7G5SB2Y*MTY5NDE4MTczMi4xLjAuMTY5NDE4MTczMi4wLjAuMA..\">trykt farve\/motiv<\/a>.<\/p>\n<p>St\u00f8rrelse: 600x520x40 mm (0,23 m)<sup>2<\/sup>)<\/p>\n<p>S\u00e6lges enkeltvis eller i \u00e6sker med 10 stk.<\/p>\n<p>&nbsp;<\/p>\n<p><strong>V\u00e6gabsorbenter fremstillet af glasuld og brandh\u00e6mmende tekstil.<br \/>\n<\/strong>Fremstillet og testet i overensstemmelse med EN 13964: 2014.<\/p>\n<p>Kernen i panelerne best\u00e5r af glasuld med en densitet p\u00e5 100 kg\/m3. Den synlige overflade er belagt med farvet tekstil. Bagsiden er bekl\u00e6dt med transparent ikke-v\u00e6vet stof. Kanterne er forseglet under tekstilet med vandbaseret kalklim. Pladen er 40 mm tyk.<\/p>\n<p><strong>Brandklasse.<\/strong>\u00a0Pladerne er ikke-br\u00e6ndbare. Kerne af glasuld: A2-s1,d0 ref. EN 13501-1 og overfladebekl\u00e6dning (hvid): B-s2,d0 ref. EN 13501-1<\/p>\n<p><strong>Slagfast<\/strong>. Absorberen er testet for slagfasthed i klasse 1A i overensstemmelse med EN13964, bilag D og DIN 18032:2018-11. Det er det bedst mulige for denne type produkt\/materiale.<\/p>\n<p><strong>Produktet er M1-certificeret.\u00a0<\/strong>Det betyder, at produktet er blevet testet og opfylder de strengeste internationale krav til emissioner og ikke-brug af giftige komponenter. Der er specifikke krav til akustiske produkter, der skal opfyldes for at opn\u00e5 M1-certificering<\/p>\n<p><strong>Isolerende egenskaber.\u00a0<\/strong>Absorberne har meget gode isoleringsegenskaber. Laboratorietestet i overensstemmelse med g\u00e6ldende regler. Termisk varmeledningsevne \/ Lambda-v\u00e6rdi = 0,033 W\/(m-K). Termisk varmemodstand = 1,191 (m2-K)\/W.<\/p>\n<p><strong>EPD (milj\u00f8varedeklaration).\u00a0<\/strong>Produktet har afsluttet LCA-rapporten (Life Cycle Assessment) og modtaget et EPD-certifikat (Environmental Product Declaration).<\/p>\n<p><strong>Reng\u00f8ring og vedligeholdelse.\u00a0<\/strong>Disken har en overflade, der g\u00f8r det muligt at st\u00f8ve af, st\u00f8vsuge og vaske forsigtigt med en let fugtig klud. Hvis disken males over, vil den miste sine egenskaber.<\/p>\n<p>&nbsp;<\/p>\n<p>&nbsp;<\/p>","protected":false},"excerpt":{"rendered":"<p><b>Dekorative og meget effektive lydabsorbenter.\u00a0<\/b><\/p>\n<p>Lydabsorbenterne er bekl\u00e6dt med stof og har en dekorativ sekskantet form.<br \/>\nS\u00e6lges enkeltvis eller i \u00e6sker med 10 stk. Den angivne pris er pr. stk.<\/p>\n<p>Gr\u00f8n produktion, h\u00f8j kvalitet og lang levetid g\u00f8r produktet meget b\u00e6redygtigt.<\/p>\n<p>St\u00f8rrelse: 600x520x40 mm (0,23 m)<sup>2<\/sup>)<\/p>","protected":false},"featured_media":12095,"template":"","meta":{"_acf_changed":false},"kampanje":[],"product_brand":[],"product_cat":[348,18],"product_tag":[328,330,331,333,327,334,289,291],"class_list":{"0":"post-8517","1":"product","2":"type-product","3":"status-publish","4":"has-post-thumbnail","6":"product_cat-dekor-absorbenter-vegg-og-tak","7":"product_cat-direkte-monterte-absorbenter-vegg-og-tak","8":"product_tag-hjemmekino-og-lydstudio","9":"product_tag-hotell-restaurant-og-uteliv","10":"product_tag-idrettshaller-og-treningssenter","11":"product_tag-kontor-moterom-og-kantine","12":"product_tag-privat-bolig","13":"product_tag-skoler-og-barnehager","14":"product_tag-tak","15":"product_tag-vegg","16":"pa_farge-beige","17":"pa_farge-gra","18":"pa_farge-hvit","19":"pa_farge-koksgra","20":"pa_farge-svart","22":"first","23":"instock","24":"taxable","25":"shipping-taxable","26":"purchasable","27":"product-type-variable"},"acf":[],"yoast_head":"<!-- This site is optimized with the Yoast SEO plugin v27.3 - https:\/\/yoast.com\/product\/yoast-seo-wordpress\/ -->\n<title>Frigg\u2122 Hex 40 mm lyddempende plate - Norsk Akustikksenter<\/title>\n<meta name=\"description\" content=\"Dekorative og sv\u00e6rt effektive lyddempende absorbenter. Lydabsorbentene er trukket med tekstil og kommer i dekorativ heksagon form. Selges pr. stk.\" \/>\n<meta name=\"robots\" content=\"index, follow, max-snippet:-1, max-image-preview:large, max-video-preview:-1\" \/>\n<link rel=\"canonical\" href=\"https:\/\/www.akustikksenter.no\/da\/butik\/direkte-monterede-absorbenter-til-vaeg-og-loft\/frigg-hex-40-mm\/\" \/>\n<meta property=\"og:locale\" content=\"da_DK\" \/>\n<meta property=\"og:type\" content=\"article\" \/>\n<meta property=\"og:title\" content=\"Frigg\u2122 Hex 40 mm lyddempende plate - Norsk Akustikksenter\" \/>\n<meta property=\"og:description\" content=\"Dekorative og sv\u00e6rt effektive lyddempende absorbenter. Lydabsorbentene er trukket med tekstil og kommer i dekorativ heksagon form. Selges pr. stk.\" \/>\n<meta property=\"og:url\" content=\"https:\/\/www.akustikksenter.no\/da\/butik\/direkte-monterede-absorbenter-til-vaeg-og-loft\/frigg-hex-40-mm\/\" \/>\n<meta property=\"og:site_name\" content=\"Norsk Akustikksenter\" \/>\n<meta property=\"article:publisher\" content=\"https:\/\/www.facebook.com\/Akustikksenter\/\" \/>\n<meta property=\"article:modified_time\" content=\"2026-04-09T13:59:04+00:00\" \/>\n<meta property=\"og:image\" content=\"https:\/\/www.akustikksenter.no\/wp-content\/uploads\/2024\/09\/IMG_20240801_114413-1024x900.png\" \/>\n\t<meta property=\"og:image:width\" content=\"1024\" \/>\n\t<meta property=\"og:image:height\" content=\"900\" \/>\n\t<meta property=\"og:image:type\" content=\"image\/png\" \/>\n<meta name=\"twitter:label1\" content=\"Estimeret l\u00e6setid\" \/>\n\t<meta name=\"twitter:data1\" content=\"2 minutter\" \/>\n<script type=\"application\/ld+json\" class=\"yoast-schema-graph\">{\"@context\":\"https:\\\/\\\/schema.org\",\"@graph\":[{\"@type\":\"WebPage\",\"@id\":\"https:\\\/\\\/www.akustikksenter.no\\\/butikk\\\/direkte-monterte-absorbenter-vegg-og-tak\\\/frigg-hex-40-mm\\\/\",\"url\":\"https:\\\/\\\/www.akustikksenter.no\\\/butikk\\\/direkte-monterte-absorbenter-vegg-og-tak\\\/frigg-hex-40-mm\\\/\",\"name\":\"Frigg\u2122 Hex 40 mm lyddempende plate - Norsk Akustikksenter\",\"isPartOf\":{\"@id\":\"https:\\\/\\\/www.akustikksenter.no\\\/#website\"},\"primaryImageOfPage\":{\"@id\":\"https:\\\/\\\/www.akustikksenter.no\\\/butikk\\\/direkte-monterte-absorbenter-vegg-og-tak\\\/frigg-hex-40-mm\\\/#primaryimage\"},\"image\":{\"@id\":\"https:\\\/\\\/www.akustikksenter.no\\\/butikk\\\/direkte-monterte-absorbenter-vegg-og-tak\\\/frigg-hex-40-mm\\\/#primaryimage\"},\"thumbnailUrl\":\"https:\\\/\\\/www.akustikksenter.no\\\/wp-content\\\/uploads\\\/2024\\\/09\\\/IMG_20240801_114413.png\",\"datePublished\":\"2022-07-06T15:35:14+00:00\",\"dateModified\":\"2026-04-09T13:59:04+00:00\",\"description\":\"Dekorative og sv\u00e6rt effektive lyddempende absorbenter. Lydabsorbentene er trukket med tekstil og kommer i dekorativ heksagon form. Selges pr. stk.\",\"breadcrumb\":{\"@id\":\"https:\\\/\\\/www.akustikksenter.no\\\/butikk\\\/direkte-monterte-absorbenter-vegg-og-tak\\\/frigg-hex-40-mm\\\/#breadcrumb\"},\"inLanguage\":\"da-DK\",\"potentialAction\":[{\"@type\":\"ReadAction\",\"target\":[\"https:\\\/\\\/www.akustikksenter.no\\\/butikk\\\/direkte-monterte-absorbenter-vegg-og-tak\\\/frigg-hex-40-mm\\\/\"]}]},{\"@type\":\"ImageObject\",\"inLanguage\":\"da-DK\",\"@id\":\"https:\\\/\\\/www.akustikksenter.no\\\/butikk\\\/direkte-monterte-absorbenter-vegg-og-tak\\\/frigg-hex-40-mm\\\/#primaryimage\",\"url\":\"https:\\\/\\\/www.akustikksenter.no\\\/wp-content\\\/uploads\\\/2024\\\/09\\\/IMG_20240801_114413.png\",\"contentUrl\":\"https:\\\/\\\/www.akustikksenter.no\\\/wp-content\\\/uploads\\\/2024\\\/09\\\/IMG_20240801_114413.png\",\"width\":2912,\"height\":2560,\"caption\":\"Frigg\u2122 Hex 40 mm lyddempende plate\"},{\"@type\":\"BreadcrumbList\",\"@id\":\"https:\\\/\\\/www.akustikksenter.no\\\/butikk\\\/direkte-monterte-absorbenter-vegg-og-tak\\\/frigg-hex-40-mm\\\/#breadcrumb\",\"itemListElement\":[{\"@type\":\"ListItem\",\"position\":1,\"name\":\"Hjem\",\"item\":\"https:\\\/\\\/www.akustikksenter.no\\\/\"},{\"@type\":\"ListItem\",\"position\":2,\"name\":\"Nettbutikk\",\"item\":\"https:\\\/\\\/www.akustikksenter.no\\\/nettbutikk\\\/\"},{\"@type\":\"ListItem\",\"position\":3,\"name\":\"Frigg\u2122 Hex 40 mm lyddempende plate\"}]},{\"@type\":\"WebSite\",\"@id\":\"https:\\\/\\\/www.akustikksenter.no\\\/#website\",\"url\":\"https:\\\/\\\/www.akustikksenter.no\\\/\",\"name\":\"Norsk Akustikksenter\",\"description\":\"Totalleverand\u00f8r av akustikkl\u00f8sninger\",\"publisher\":{\"@id\":\"https:\\\/\\\/www.akustikksenter.no\\\/#organization\"},\"potentialAction\":[{\"@type\":\"SearchAction\",\"target\":{\"@type\":\"EntryPoint\",\"urlTemplate\":\"https:\\\/\\\/www.akustikksenter.no\\\/?s={search_term_string}\"},\"query-input\":{\"@type\":\"PropertyValueSpecification\",\"valueRequired\":true,\"valueName\":\"search_term_string\"}}],\"inLanguage\":\"da-DK\"},{\"@type\":\"Organization\",\"@id\":\"https:\\\/\\\/www.akustikksenter.no\\\/#organization\",\"name\":\"Norsk Akustikksenter\",\"alternateName\":\"Akustikksenter\",\"url\":\"https:\\\/\\\/www.akustikksenter.no\\\/\",\"logo\":{\"@type\":\"ImageObject\",\"inLanguage\":\"da-DK\",\"@id\":\"https:\\\/\\\/www.akustikksenter.no\\\/#\\\/schema\\\/logo\\\/image\\\/\",\"url\":\"https:\\\/\\\/www.akustikksenter.no\\\/wp-content\\\/uploads\\\/2018\\\/02\\\/Norsk-Akkustikksenter_nyLogo_payoff-3-e1518606723632.png\",\"contentUrl\":\"https:\\\/\\\/www.akustikksenter.no\\\/wp-content\\\/uploads\\\/2018\\\/02\\\/Norsk-Akkustikksenter_nyLogo_payoff-3-e1518606723632.png\",\"width\":232,\"height\":93,\"caption\":\"Norsk Akustikksenter\"},\"image\":{\"@id\":\"https:\\\/\\\/www.akustikksenter.no\\\/#\\\/schema\\\/logo\\\/image\\\/\"},\"sameAs\":[\"https:\\\/\\\/www.facebook.com\\\/Akustikksenter\\\/\",\"https:\\\/\\\/www.pinterest.com\\\/akustikksenter\\\/\",\"https:\\\/\\\/www.instagram.com\\\/akustikksenter_norway\\\/\",\"https:\\\/\\\/no.linkedin.com\\\/company\\\/norsk-akustikksenter-as\"]}]}<\/script>\n<!-- \/ Yoast SEO plugin. -->","yoast_head_json":{"title":"Frigg\u2122 Hex 40 mm lydd\u00e6mpende plade - Norsk Akustikksenter","description":"Dekorative og meget effektive lydabsorbenter. Lydabsorbenterne er bekl\u00e6dt med stof og kommer i en dekorativ sekskantet form. S\u00e6lges per styk.","robots":{"index":"index","follow":"follow","max-snippet":"max-snippet:-1","max-image-preview":"max-image-preview:large","max-video-preview":"max-video-preview:-1"},"canonical":"https:\/\/www.akustikksenter.no\/da\/butik\/direkte-monterede-absorbenter-til-vaeg-og-loft\/frigg-hex-40-mm\/","og_locale":"da_DK","og_type":"article","og_title":"Frigg\u2122 Hex 40 mm lyddempende plate - Norsk Akustikksenter","og_description":"Dekorative og sv\u00e6rt effektive lyddempende absorbenter. Lydabsorbentene er trukket med tekstil og kommer i dekorativ heksagon form. Selges pr. stk.","og_url":"https:\/\/www.akustikksenter.no\/da\/butik\/direkte-monterede-absorbenter-til-vaeg-og-loft\/frigg-hex-40-mm\/","og_site_name":"Norsk Akustikksenter","article_publisher":"https:\/\/www.facebook.com\/Akustikksenter\/","article_modified_time":"2026-04-09T13:59:04+00:00","og_image":[{"width":1024,"height":900,"url":"https:\/\/www.akustikksenter.no\/wp-content\/uploads\/2024\/09\/IMG_20240801_114413-1024x900.png","type":"image\/png"}],"twitter_misc":{"Estimeret l\u00e6setid":"2 minutter"},"schema":{"@context":"https:\/\/schema.org","@graph":[{"@type":"WebPage","@id":"https:\/\/www.akustikksenter.no\/butikk\/direkte-monterte-absorbenter-vegg-og-tak\/frigg-hex-40-mm\/","url":"https:\/\/www.akustikksenter.no\/butikk\/direkte-monterte-absorbenter-vegg-og-tak\/frigg-hex-40-mm\/","name":"Frigg\u2122 Hex 40 mm lydd\u00e6mpende plade - Norsk Akustikksenter","isPartOf":{"@id":"https:\/\/www.akustikksenter.no\/#website"},"primaryImageOfPage":{"@id":"https:\/\/www.akustikksenter.no\/butikk\/direkte-monterte-absorbenter-vegg-og-tak\/frigg-hex-40-mm\/#primaryimage"},"image":{"@id":"https:\/\/www.akustikksenter.no\/butikk\/direkte-monterte-absorbenter-vegg-og-tak\/frigg-hex-40-mm\/#primaryimage"},"thumbnailUrl":"https:\/\/www.akustikksenter.no\/wp-content\/uploads\/2024\/09\/IMG_20240801_114413.png","datePublished":"2022-07-06T15:35:14+00:00","dateModified":"2026-04-09T13:59:04+00:00","description":"Dekorative og meget effektive lydabsorbenter. Lydabsorbenterne er bekl\u00e6dt med stof og kommer i en dekorativ sekskantet form. S\u00e6lges per styk.","breadcrumb":{"@id":"https:\/\/www.akustikksenter.no\/butikk\/direkte-monterte-absorbenter-vegg-og-tak\/frigg-hex-40-mm\/#breadcrumb"},"inLanguage":"da-DK","potentialAction":[{"@type":"ReadAction","target":["https:\/\/www.akustikksenter.no\/butikk\/direkte-monterte-absorbenter-vegg-og-tak\/frigg-hex-40-mm\/"]}]},{"@type":"ImageObject","inLanguage":"da-DK","@id":"https:\/\/www.akustikksenter.no\/butikk\/direkte-monterte-absorbenter-vegg-og-tak\/frigg-hex-40-mm\/#primaryimage","url":"https:\/\/www.akustikksenter.no\/wp-content\/uploads\/2024\/09\/IMG_20240801_114413.png","contentUrl":"https:\/\/www.akustikksenter.no\/wp-content\/uploads\/2024\/09\/IMG_20240801_114413.png","width":2912,"height":2560,"caption":"Frigg\u2122 Hex 40 mm lyddempende plate"},{"@type":"BreadcrumbList","@id":"https:\/\/www.akustikksenter.no\/butikk\/direkte-monterte-absorbenter-vegg-og-tak\/frigg-hex-40-mm\/#breadcrumb","itemListElement":[{"@type":"ListItem","position":1,"name":"Hjem","item":"https:\/\/www.akustikksenter.no\/"},{"@type":"ListItem","position":2,"name":"Nettbutikk","item":"https:\/\/www.akustikksenter.no\/nettbutikk\/"},{"@type":"ListItem","position":3,"name":"Frigg\u2122 Hex 40 mm lyddempende plate"}]},{"@type":"WebSite","@id":"https:\/\/www.akustikksenter.no\/#website","url":"https:\/\/www.akustikksenter.no\/","name":"Norsk Akustik Center","description":"Totalleverand\u00f8r af akustiske l\u00f8sninger","publisher":{"@id":"https:\/\/www.akustikksenter.no\/#organization"},"potentialAction":[{"@type":"SearchAction","target":{"@type":"EntryPoint","urlTemplate":"https:\/\/www.akustikksenter.no\/?s={search_term_string}"},"query-input":{"@type":"PropertyValueSpecification","valueRequired":true,"valueName":"search_term_string"}}],"inLanguage":"da-DK"},{"@type":"Organization","@id":"https:\/\/www.akustikksenter.no\/#organization","name":"Norsk Akustik Center","alternateName":"Akustikksenter","url":"https:\/\/www.akustikksenter.no\/","logo":{"@type":"ImageObject","inLanguage":"da-DK","@id":"https:\/\/www.akustikksenter.no\/#\/schema\/logo\/image\/","url":"https:\/\/www.akustikksenter.no\/wp-content\/uploads\/2018\/02\/Norsk-Akkustikksenter_nyLogo_payoff-3-e1518606723632.png","contentUrl":"https:\/\/www.akustikksenter.no\/wp-content\/uploads\/2018\/02\/Norsk-Akkustikksenter_nyLogo_payoff-3-e1518606723632.png","width":232,"height":93,"caption":"Norsk Akustikksenter"},"image":{"@id":"https:\/\/www.akustikksenter.no\/#\/schema\/logo\/image\/"},"sameAs":["https:\/\/www.facebook.com\/Akustikksenter\/","https:\/\/www.pinterest.com\/akustikksenter\/","https:\/\/www.instagram.com\/akustikksenter_norway\/","https:\/\/no.linkedin.com\/company\/norsk-akustikksenter-as"]}]}},"_links":{"self":[{"href":"https:\/\/www.akustikksenter.no\/da\/wp-json\/wp\/v2\/product\/8517","targetHints":{"allow":["GET"]}}],"collection":[{"href":"https:\/\/www.akustikksenter.no\/da\/wp-json\/wp\/v2\/product"}],"about":[{"href":"https:\/\/www.akustikksenter.no\/da\/wp-json\/wp\/v2\/types\/product"}],"wp:featuredmedia":[{"embeddable":true,"href":"https:\/\/www.akustikksenter.no\/da\/wp-json\/wp\/v2\/media\/12095"}],"wp:attachment":[{"href":"https:\/\/www.akustikksenter.no\/da\/wp-json\/wp\/v2\/media?parent=8517"}],"wp:term":[{"taxonomy":"kampanje","embeddable":true,"href":"https:\/\/www.akustikksenter.no\/da\/wp-json\/wp\/v2\/kampanje?post=8517"},{"taxonomy":"product_brand","embeddable":true,"href":"https:\/\/www.akustikksenter.no\/da\/wp-json\/wp\/v2\/product_brand?post=8517"},{"taxonomy":"product_cat","embeddable":true,"href":"https:\/\/www.akustikksenter.no\/da\/wp-json\/wp\/v2\/product_cat?post=8517"},{"taxonomy":"product_tag","embeddable":true,"href":"https:\/\/www.akustikksenter.no\/da\/wp-json\/wp\/v2\/product_tag?post=8517"}],"curies":[{"name":"wp","href":"https:\/\/api.w.org\/{rel}","templated":true}]}}