{"id":9450,"date":"2022-09-26T15:26:48","date_gmt":"2022-09-26T13:26:48","guid":{"rendered":"https:\/\/www.akustikksenter.no\/?post_type=product&#038;p=9450"},"modified":"2026-02-24T14:38:48","modified_gmt":"2026-02-24T13:38:48","slug":"pakkeaflaesning-frigg-indretning-lydabsorbenter","status":"publish","type":"product","link":"https:\/\/www.akustikksenter.no\/da\/butikk\/startpakker\/pakkelosning-frigg-dekor-lydabsorbenter\/","title":{"rendered":"Startpakke Frigg Dekor lydabsorbenter"},"content":{"rendered":"<p><strong><u>Indhold lysegr\u00e5 pakke (varenummer:7004) :<\/u><\/strong><\/p>\n<ul>\n<li><a href=\"https:\/\/www.akustikksenter.no\/da\/butik\/direkte-palimede-vaeg-og-loftsabsorbenter\/frigg40mm-tekstil\/?attribute_pa_farge=gra&amp;attribute_pa_storrelse=300-x-1200\">1 \u00e6ske med 4 skiver i st\u00f8rrelsen 30\u00d7120 cm. Vare nr. 85098<\/a><\/li>\n<li><a href=\"https:\/\/www.akustikksenter.no\/da\/butik\/direkte-palimede-vaeg-og-loftsabsorbenter\/frigg40mm-tekstil\/?attribute_pa_farge=gra&amp;attribute_pa_storrelse=600-x-600\">1 \u00e6ske med 8 skiver i st\u00f8rrelsen 60\u00d760 cm. Vare nr. 86095<\/a><\/li>\n<li><a href=\"https:\/\/www.akustikksenter.no\/da\/butik\/ophaengning-og-fastgorelse\/fix-alle-x-treme\/\">3 stk. kl\u00e6ber til v\u00e6g. Vare nr. 8645<\/a><\/li>\n<li>eller<\/li>\n<li><a href=\"https:\/\/www.akustikksenter.no\/da\/butik\/installation-og-fastgorelse\/fastgorelsesskrue-med-daekkop\/?attribute_pa_farge=aluminium\">4 pakker med 16 stk. d\u00e6ksk\u00e5le til skruer (blanke). Vare nr. 86023<\/a><\/li>\n<li><a href=\"https:\/\/www.akustikksenter.no\/da\/butik\/installation-og-fastgorelse\/montagehandske\/\">1 pakke handsker<\/a><\/li>\n<\/ul>\n<p>&nbsp;<\/p>\n<p><strong><u>Indeholder koksgr\u00e5 pakke (varenummer: 7005):<\/u><\/strong><\/p>\n<ul>\n<li><a href=\"https:\/\/www.akustikksenter.no\/da\/butik\/direkte-palimede-vaeg-og-loftsabsorbenter\/frigg40mm-tekstil\/?attribute_pa_farge=koksgra&amp;attribute_pa_storrelse=300-x-1200\">1 \u00e6ske med 4 skiver i st\u00f8rrelsen 30\u00d7120 cm. Vare nr. 85099COAL<\/a><\/li>\n<li><a href=\"https:\/\/www.akustikksenter.no\/da\/butik\/direkte-palimede-vaeg-og-loftsabsorbenter\/frigg40mm-tekstil\/?attribute_pa_farge=koksgra&amp;attribute_pa_storrelse=600-x-600\">1 \u00e6ske med 8 skiver i st\u00f8rrelsen 60\u00d760 cm. Vare nr. 86093COAL<\/a><\/li>\n<li><a href=\"https:\/\/www.akustikksenter.no\/da\/butik\/ophaengning-og-fastgorelse\/fix-alle-x-treme\/\">3 stk. kl\u00e6ber til v\u00e6g. Vare nr. 8645<\/a><\/li>\n<li>eller<\/li>\n<li><a href=\"https:\/\/www.akustikksenter.no\/da\/butik\/installation-og-fastgorelse\/fastgorelsesskrue-med-daekkop\/?attribute_pa_farge=svart\">4 pakker med 16 dekorative kopper til skruer (mat sort). Vare nr. 86023BLK<\/a><\/li>\n<li><a href=\"https:\/\/www.akustikksenter.no\/da\/butik\/installation-og-fastgorelse\/montagehandske\/\">1 pakke handsker<\/a><\/li>\n<\/ul>\n<p>&nbsp;<\/p>","protected":false},"excerpt":{"rendered":"<p><strong>Pakkel\u00f8sning til stuer, tv-stuer, indspilningsstudier, sovev\u00e6relser, kontorer og m\u00f8delokaler<\/strong>. Kan ogs\u00e5 bruges som opslagstavler og kan t\u00e5le n\u00e5le. Dekorative lydabsorbenter i ensartet h\u00f8j kvalitet og finish. Skab dit eget design, og mont\u00e9r selv.<\/p>\n<p>Pakken indeholder 4,3 meter<sup>2<\/sup> h\u00f8j kvalitet <a href=\"https:\/\/www.akustikksenter.no\/da\/butik\/direkte-palimede-vaeg-og-loftsabsorbenter\/frigg40mm-tekstil\/\">lydabsorbenter i lydklasse A<\/a>. Nok til at opn\u00e5 gode, forbedrede akustiske forhold i de fleste rum, der er fra ca. 10 - 20 m.<sup>2<\/sup>. Der er 4 paneler i st\u00f8rrelsen 30\u00d7120 cm og 8 paneler i st\u00f8rrelsen 60\u00d760 cm. De er 4 cm tykke, slagfaste og meget robuste. L\u00e6s mere l\u00e6ngere nede under detaljer om pakkens indhold. Gr\u00f8n produktion, h\u00f8j kvalitet og lang levetid g\u00f8r produktet meget b\u00e6redygtigt.<\/p>\n<p>V\u00e6lg mellem lysegr\u00e5 eller koksgr\u00e5 lydplader, og skriv, hvis du vil <strong>lim eller dekorative kopper<\/strong> til skruer.<\/p>","protected":false},"featured_media":9451,"template":"","meta":{"_acf_changed":false},"kampanje":[],"product_brand":[],"product_cat":[225],"product_tag":[],"class_list":{"0":"post-9450","1":"product","2":"type-product","3":"status-publish","4":"has-post-thumbnail","6":"product_cat-startpakker","7":"pa_farge-gra","8":"pa_farge-koksgra","10":"first","11":"instock","12":"taxable","13":"shipping-taxable","14":"purchasable","15":"product-type-variable","16":"has-default-attributes"},"acf":[],"yoast_head":"<!-- This site is optimized with the Yoast SEO plugin v27.3 - https:\/\/yoast.com\/product\/yoast-seo-wordpress\/ -->\n<title>Startpakke Frigg Dekor lydabsorbenter - Norsk Akustikksenter<\/title>\n<meta name=\"description\" content=\"Dekorative lydplater av gjennomf\u00f8rt h\u00f8y kvalitet og finish. Enkel montering. Pakkel\u00f8sning til stuer, TV-rom, lydstudio, soverom, kontorer og m\u00f8terom.\" \/>\n<meta name=\"robots\" content=\"index, follow, max-snippet:-1, max-image-preview:large, max-video-preview:-1\" \/>\n<link rel=\"canonical\" href=\"https:\/\/www.akustikksenter.no\/da\/butik\/startpakker\/pakkeaflaesning-frigg-indretning-lydabsorbenter\/\" \/>\n<meta property=\"og:locale\" content=\"da_DK\" \/>\n<meta property=\"og:type\" content=\"article\" \/>\n<meta property=\"og:title\" content=\"Startpakke Frigg Dekor lydabsorbenter - Norsk Akustikksenter\" \/>\n<meta property=\"og:description\" content=\"Dekorative lydplater av gjennomf\u00f8rt h\u00f8y kvalitet og finish. Enkel montering. Pakkel\u00f8sning til stuer, TV-rom, lydstudio, soverom, kontorer og m\u00f8terom.\" \/>\n<meta property=\"og:url\" content=\"https:\/\/www.akustikksenter.no\/da\/butik\/startpakker\/pakkeaflaesning-frigg-indretning-lydabsorbenter\/\" \/>\n<meta property=\"og:site_name\" content=\"Norsk Akustikksenter\" \/>\n<meta property=\"article:publisher\" content=\"https:\/\/www.facebook.com\/Akustikksenter\/\" \/>\n<meta property=\"article:modified_time\" content=\"2026-02-24T13:38:48+00:00\" \/>\n<meta property=\"og:image\" content=\"https:\/\/www.akustikksenter.no\/wp-content\/uploads\/2022\/09\/Pakkelosning-Frigg-Dekor-lydplater-1024x938.png\" \/>\n\t<meta property=\"og:image:width\" content=\"1024\" \/>\n\t<meta property=\"og:image:height\" content=\"938\" \/>\n\t<meta property=\"og:image:type\" content=\"image\/png\" \/>\n<script type=\"application\/ld+json\" class=\"yoast-schema-graph\">{\"@context\":\"https:\\\/\\\/schema.org\",\"@graph\":[{\"@type\":\"WebPage\",\"@id\":\"https:\\\/\\\/www.akustikksenter.no\\\/butikk\\\/startpakker\\\/pakkelosning-frigg-dekor-lydabsorbenter\\\/\",\"url\":\"https:\\\/\\\/www.akustikksenter.no\\\/butikk\\\/startpakker\\\/pakkelosning-frigg-dekor-lydabsorbenter\\\/\",\"name\":\"Startpakke Frigg Dekor lydabsorbenter - Norsk Akustikksenter\",\"isPartOf\":{\"@id\":\"https:\\\/\\\/www.akustikksenter.no\\\/#website\"},\"primaryImageOfPage\":{\"@id\":\"https:\\\/\\\/www.akustikksenter.no\\\/butikk\\\/startpakker\\\/pakkelosning-frigg-dekor-lydabsorbenter\\\/#primaryimage\"},\"image\":{\"@id\":\"https:\\\/\\\/www.akustikksenter.no\\\/butikk\\\/startpakker\\\/pakkelosning-frigg-dekor-lydabsorbenter\\\/#primaryimage\"},\"thumbnailUrl\":\"https:\\\/\\\/www.akustikksenter.no\\\/wp-content\\\/uploads\\\/2022\\\/09\\\/Pakkelosning-Frigg-Dekor-lydplater.png\",\"datePublished\":\"2022-09-26T13:26:48+00:00\",\"dateModified\":\"2026-02-24T13:38:48+00:00\",\"description\":\"Dekorative lydplater av gjennomf\u00f8rt h\u00f8y kvalitet og finish. Enkel montering. Pakkel\u00f8sning til stuer, TV-rom, lydstudio, soverom, kontorer og m\u00f8terom.\",\"breadcrumb\":{\"@id\":\"https:\\\/\\\/www.akustikksenter.no\\\/butikk\\\/startpakker\\\/pakkelosning-frigg-dekor-lydabsorbenter\\\/#breadcrumb\"},\"inLanguage\":\"da-DK\",\"potentialAction\":[{\"@type\":\"ReadAction\",\"target\":[\"https:\\\/\\\/www.akustikksenter.no\\\/butikk\\\/startpakker\\\/pakkelosning-frigg-dekor-lydabsorbenter\\\/\"]}]},{\"@type\":\"ImageObject\",\"inLanguage\":\"da-DK\",\"@id\":\"https:\\\/\\\/www.akustikksenter.no\\\/butikk\\\/startpakker\\\/pakkelosning-frigg-dekor-lydabsorbenter\\\/#primaryimage\",\"url\":\"https:\\\/\\\/www.akustikksenter.no\\\/wp-content\\\/uploads\\\/2022\\\/09\\\/Pakkelosning-Frigg-Dekor-lydplater.png\",\"contentUrl\":\"https:\\\/\\\/www.akustikksenter.no\\\/wp-content\\\/uploads\\\/2022\\\/09\\\/Pakkelosning-Frigg-Dekor-lydplater.png\",\"width\":2557,\"height\":2343},{\"@type\":\"BreadcrumbList\",\"@id\":\"https:\\\/\\\/www.akustikksenter.no\\\/butikk\\\/startpakker\\\/pakkelosning-frigg-dekor-lydabsorbenter\\\/#breadcrumb\",\"itemListElement\":[{\"@type\":\"ListItem\",\"position\":1,\"name\":\"Hjem\",\"item\":\"https:\\\/\\\/www.akustikksenter.no\\\/\"},{\"@type\":\"ListItem\",\"position\":2,\"name\":\"Nettbutikk\",\"item\":\"https:\\\/\\\/www.akustikksenter.no\\\/nettbutikk\\\/\"},{\"@type\":\"ListItem\",\"position\":3,\"name\":\"Startpakke Frigg Dekor lydabsorbenter\"}]},{\"@type\":\"WebSite\",\"@id\":\"https:\\\/\\\/www.akustikksenter.no\\\/#website\",\"url\":\"https:\\\/\\\/www.akustikksenter.no\\\/\",\"name\":\"Norsk Akustikksenter\",\"description\":\"Totalleverand\u00f8r av akustikkl\u00f8sninger\",\"publisher\":{\"@id\":\"https:\\\/\\\/www.akustikksenter.no\\\/#organization\"},\"potentialAction\":[{\"@type\":\"SearchAction\",\"target\":{\"@type\":\"EntryPoint\",\"urlTemplate\":\"https:\\\/\\\/www.akustikksenter.no\\\/?s={search_term_string}\"},\"query-input\":{\"@type\":\"PropertyValueSpecification\",\"valueRequired\":true,\"valueName\":\"search_term_string\"}}],\"inLanguage\":\"da-DK\"},{\"@type\":\"Organization\",\"@id\":\"https:\\\/\\\/www.akustikksenter.no\\\/#organization\",\"name\":\"Norsk Akustikksenter\",\"alternateName\":\"Akustikksenter\",\"url\":\"https:\\\/\\\/www.akustikksenter.no\\\/\",\"logo\":{\"@type\":\"ImageObject\",\"inLanguage\":\"da-DK\",\"@id\":\"https:\\\/\\\/www.akustikksenter.no\\\/#\\\/schema\\\/logo\\\/image\\\/\",\"url\":\"https:\\\/\\\/www.akustikksenter.no\\\/wp-content\\\/uploads\\\/2018\\\/02\\\/Norsk-Akkustikksenter_nyLogo_payoff-3-e1518606723632.png\",\"contentUrl\":\"https:\\\/\\\/www.akustikksenter.no\\\/wp-content\\\/uploads\\\/2018\\\/02\\\/Norsk-Akkustikksenter_nyLogo_payoff-3-e1518606723632.png\",\"width\":232,\"height\":93,\"caption\":\"Norsk Akustikksenter\"},\"image\":{\"@id\":\"https:\\\/\\\/www.akustikksenter.no\\\/#\\\/schema\\\/logo\\\/image\\\/\"},\"sameAs\":[\"https:\\\/\\\/www.facebook.com\\\/Akustikksenter\\\/\",\"https:\\\/\\\/www.pinterest.com\\\/akustikksenter\\\/\",\"https:\\\/\\\/www.instagram.com\\\/akustikksenter_norway\\\/\",\"https:\\\/\\\/no.linkedin.com\\\/company\\\/norsk-akustikksenter-as\"]}]}<\/script>\n<!-- \/ Yoast SEO plugin. -->","yoast_head_json":{"title":"Startpakke Frigg Dekor lydabsorbenter - Norsk Akustikksenter","description":"Dekorative klangplader af ensartet h\u00f8j kvalitet og finish. Nem installation. Pakkel\u00f8sning til stuer, tv-stuer, indspilningsstudier, sovev\u00e6relser, kontorer og m\u00f8delokaler.","robots":{"index":"index","follow":"follow","max-snippet":"max-snippet:-1","max-image-preview":"max-image-preview:large","max-video-preview":"max-video-preview:-1"},"canonical":"https:\/\/www.akustikksenter.no\/da\/butik\/startpakker\/pakkeaflaesning-frigg-indretning-lydabsorbenter\/","og_locale":"da_DK","og_type":"article","og_title":"Startpakke Frigg Dekor lydabsorbenter - Norsk Akustikksenter","og_description":"Dekorative lydplater av gjennomf\u00f8rt h\u00f8y kvalitet og finish. Enkel montering. Pakkel\u00f8sning til stuer, TV-rom, lydstudio, soverom, kontorer og m\u00f8terom.","og_url":"https:\/\/www.akustikksenter.no\/da\/butik\/startpakker\/pakkeaflaesning-frigg-indretning-lydabsorbenter\/","og_site_name":"Norsk Akustikksenter","article_publisher":"https:\/\/www.facebook.com\/Akustikksenter\/","article_modified_time":"2026-02-24T13:38:48+00:00","og_image":[{"width":1024,"height":938,"url":"https:\/\/www.akustikksenter.no\/wp-content\/uploads\/2022\/09\/Pakkelosning-Frigg-Dekor-lydplater-1024x938.png","type":"image\/png"}],"schema":{"@context":"https:\/\/schema.org","@graph":[{"@type":"WebPage","@id":"https:\/\/www.akustikksenter.no\/butikk\/startpakker\/pakkelosning-frigg-dekor-lydabsorbenter\/","url":"https:\/\/www.akustikksenter.no\/butikk\/startpakker\/pakkelosning-frigg-dekor-lydabsorbenter\/","name":"Startpakke Frigg Dekor lydabsorbenter - Norsk Akustikksenter","isPartOf":{"@id":"https:\/\/www.akustikksenter.no\/#website"},"primaryImageOfPage":{"@id":"https:\/\/www.akustikksenter.no\/butikk\/startpakker\/pakkelosning-frigg-dekor-lydabsorbenter\/#primaryimage"},"image":{"@id":"https:\/\/www.akustikksenter.no\/butikk\/startpakker\/pakkelosning-frigg-dekor-lydabsorbenter\/#primaryimage"},"thumbnailUrl":"https:\/\/www.akustikksenter.no\/wp-content\/uploads\/2022\/09\/Pakkelosning-Frigg-Dekor-lydplater.png","datePublished":"2022-09-26T13:26:48+00:00","dateModified":"2026-02-24T13:38:48+00:00","description":"Dekorative klangplader af ensartet h\u00f8j kvalitet og finish. Nem installation. Pakkel\u00f8sning til stuer, tv-stuer, indspilningsstudier, sovev\u00e6relser, kontorer og m\u00f8delokaler.","breadcrumb":{"@id":"https:\/\/www.akustikksenter.no\/butikk\/startpakker\/pakkelosning-frigg-dekor-lydabsorbenter\/#breadcrumb"},"inLanguage":"da-DK","potentialAction":[{"@type":"ReadAction","target":["https:\/\/www.akustikksenter.no\/butikk\/startpakker\/pakkelosning-frigg-dekor-lydabsorbenter\/"]}]},{"@type":"ImageObject","inLanguage":"da-DK","@id":"https:\/\/www.akustikksenter.no\/butikk\/startpakker\/pakkelosning-frigg-dekor-lydabsorbenter\/#primaryimage","url":"https:\/\/www.akustikksenter.no\/wp-content\/uploads\/2022\/09\/Pakkelosning-Frigg-Dekor-lydplater.png","contentUrl":"https:\/\/www.akustikksenter.no\/wp-content\/uploads\/2022\/09\/Pakkelosning-Frigg-Dekor-lydplater.png","width":2557,"height":2343},{"@type":"BreadcrumbList","@id":"https:\/\/www.akustikksenter.no\/butikk\/startpakker\/pakkelosning-frigg-dekor-lydabsorbenter\/#breadcrumb","itemListElement":[{"@type":"ListItem","position":1,"name":"Hjem","item":"https:\/\/www.akustikksenter.no\/"},{"@type":"ListItem","position":2,"name":"Nettbutikk","item":"https:\/\/www.akustikksenter.no\/nettbutikk\/"},{"@type":"ListItem","position":3,"name":"Startpakke Frigg Dekor lydabsorbenter"}]},{"@type":"WebSite","@id":"https:\/\/www.akustikksenter.no\/#website","url":"https:\/\/www.akustikksenter.no\/","name":"Norsk Akustik Center","description":"Totalleverand\u00f8r af akustiske l\u00f8sninger","publisher":{"@id":"https:\/\/www.akustikksenter.no\/#organization"},"potentialAction":[{"@type":"SearchAction","target":{"@type":"EntryPoint","urlTemplate":"https:\/\/www.akustikksenter.no\/?s={search_term_string}"},"query-input":{"@type":"PropertyValueSpecification","valueRequired":true,"valueName":"search_term_string"}}],"inLanguage":"da-DK"},{"@type":"Organization","@id":"https:\/\/www.akustikksenter.no\/#organization","name":"Norsk Akustik Center","alternateName":"Akustikksenter","url":"https:\/\/www.akustikksenter.no\/","logo":{"@type":"ImageObject","inLanguage":"da-DK","@id":"https:\/\/www.akustikksenter.no\/#\/schema\/logo\/image\/","url":"https:\/\/www.akustikksenter.no\/wp-content\/uploads\/2018\/02\/Norsk-Akkustikksenter_nyLogo_payoff-3-e1518606723632.png","contentUrl":"https:\/\/www.akustikksenter.no\/wp-content\/uploads\/2018\/02\/Norsk-Akkustikksenter_nyLogo_payoff-3-e1518606723632.png","width":232,"height":93,"caption":"Norsk Akustikksenter"},"image":{"@id":"https:\/\/www.akustikksenter.no\/#\/schema\/logo\/image\/"},"sameAs":["https:\/\/www.facebook.com\/Akustikksenter\/","https:\/\/www.pinterest.com\/akustikksenter\/","https:\/\/www.instagram.com\/akustikksenter_norway\/","https:\/\/no.linkedin.com\/company\/norsk-akustikksenter-as"]}]}},"_links":{"self":[{"href":"https:\/\/www.akustikksenter.no\/da\/wp-json\/wp\/v2\/product\/9450","targetHints":{"allow":["GET"]}}],"collection":[{"href":"https:\/\/www.akustikksenter.no\/da\/wp-json\/wp\/v2\/product"}],"about":[{"href":"https:\/\/www.akustikksenter.no\/da\/wp-json\/wp\/v2\/types\/product"}],"wp:featuredmedia":[{"embeddable":true,"href":"https:\/\/www.akustikksenter.no\/da\/wp-json\/wp\/v2\/media\/9451"}],"wp:attachment":[{"href":"https:\/\/www.akustikksenter.no\/da\/wp-json\/wp\/v2\/media?parent=9450"}],"wp:term":[{"taxonomy":"kampanje","embeddable":true,"href":"https:\/\/www.akustikksenter.no\/da\/wp-json\/wp\/v2\/kampanje?post=9450"},{"taxonomy":"product_brand","embeddable":true,"href":"https:\/\/www.akustikksenter.no\/da\/wp-json\/wp\/v2\/product_brand?post=9450"},{"taxonomy":"product_cat","embeddable":true,"href":"https:\/\/www.akustikksenter.no\/da\/wp-json\/wp\/v2\/product_cat?post=9450"},{"taxonomy":"product_tag","embeddable":true,"href":"https:\/\/www.akustikksenter.no\/da\/wp-json\/wp\/v2\/product_tag?post=9450"}],"curies":[{"name":"wp","href":"https:\/\/api.w.org\/{rel}","templated":true}]}}