{"id":9924,"date":"2023-01-11T10:17:22","date_gmt":"2023-01-11T09:17:22","guid":{"rendered":"https:\/\/www.akustikksenter.no\/?post_type=product&#038;p=9924"},"modified":"2026-02-02T10:28:16","modified_gmt":"2026-02-02T09:28:16","slug":"wire-ophaengningsbafler","status":"publish","type":"product","link":"https:\/\/www.akustikksenter.no\/da\/butikk\/montasje-og-feste\/wireoppheng-baffler\/","title":{"rendered":"Oph\u00e6ngningsbafler af tr\u00e5d"},"content":{"rendered":"<p><strong>Baffler<\/strong><br \/>\nVertikalt oph\u00e6ngte absorbenter, hvor fastg\u00f8relsesskruen er monteret i kanten. Ekstra lange skruer for sikker fastg\u00f8relse.<\/p>\n<p>Til oph\u00e6ngning direkte fra loftet med wire, hvor traditionelle oph\u00e6ngningssystemer (s\u00e5som lim eller t-system) ikke er tilg\u00e6ngelige. Fastg\u00f8relsesskruerne skrues bedst i med h\u00e5nden. Det er vigtigt ikke at oversp\u00e6nde skruerne. Brug af mekanisk v\u00e6rkt\u00f8j anbefales ikke.<\/p>\n<p><strong>B\u00e6reevne ca. 30 kg pr. stk.<\/strong><\/p>\n<p>Absorbenter af glasuld og mineraluld har en por\u00f8s struktur, der g\u00f8r dem til gode lydabsorbenter. Por\u00f8siteten betyder, at der skal bruges specielle fastg\u00f8relsesmidler til sikker oph\u00e6ngning. Der er udviklet specialskruer, som sikrer et fast greb i ulden\/absorbenten, s\u00e5 de kan h\u00e6nges op i f.eks. en etageadskillelse ved hj\u00e6lp af f.eks. wirer.<\/p>\n<p>Ledningen kan fastg\u00f8res til loftet i en krog.<\/p>\n<p>&nbsp;<\/p>","protected":false},"excerpt":{"rendered":"<p>Til oph\u00e6ngning af akustiske bafler direkte fra loftet.<\/p>\n<p>Prisen er pr. s\u00e6t (2 skruer, 2 wirer og 2 snapl\u00e5se). 2 meter lang. Ekstra lange skruer til sikker fastg\u00f8relse.<\/p>","protected":false},"featured_media":1541,"template":"","meta":{"_acf_changed":false},"kampanje":[],"product_brand":[],"product_cat":[23],"product_tag":[],"class_list":{"0":"post-9924","1":"product","2":"type-product","3":"status-publish","4":"has-post-thumbnail","6":"product_cat-montasje-og-feste","8":"first","9":"instock","10":"sale","11":"taxable","12":"shipping-taxable","13":"purchasable","14":"product-type-simple"},"acf":[],"yoast_head":"<!-- This site is optimized with the Yoast SEO plugin v27.3 - https:\/\/yoast.com\/product\/yoast-seo-wordpress\/ -->\n<title>Wireoppheng baffler - Norsk Akustikksenter<\/title>\n<meta name=\"description\" content=\"For oppheng direkte i taket til akustikk baffler.\" \/>\n<meta name=\"robots\" content=\"index, follow, max-snippet:-1, max-image-preview:large, max-video-preview:-1\" \/>\n<link rel=\"canonical\" href=\"https:\/\/www.akustikksenter.no\/da\/butik\/installation-og-fastgorelse\/wire-ophaengningsbafler\/\" \/>\n<meta property=\"og:locale\" content=\"da_DK\" \/>\n<meta property=\"og:type\" content=\"article\" \/>\n<meta property=\"og:title\" content=\"Wireoppheng baffler - Norsk Akustikksenter\" \/>\n<meta property=\"og:description\" content=\"For oppheng direkte i taket til akustikk baffler.\" \/>\n<meta property=\"og:url\" content=\"https:\/\/www.akustikksenter.no\/da\/butik\/installation-og-fastgorelse\/wire-ophaengningsbafler\/\" \/>\n<meta property=\"og:site_name\" content=\"Norsk Akustikksenter\" \/>\n<meta property=\"article:publisher\" content=\"https:\/\/www.facebook.com\/Akustikksenter\/\" \/>\n<meta property=\"article:modified_time\" content=\"2026-02-02T09:28:16+00:00\" \/>\n<meta property=\"og:image\" content=\"https:\/\/www.akustikksenter.no\/wp-content\/uploads\/2014\/02\/86028-wireoppheng.jpg\" \/>\n\t<meta property=\"og:image:width\" content=\"1600\" \/>\n\t<meta property=\"og:image:height\" content=\"1068\" \/>\n\t<meta property=\"og:image:type\" content=\"image\/jpeg\" \/>\n<meta name=\"twitter:label1\" content=\"Estimeret l\u00e6setid\" \/>\n\t<meta name=\"twitter:data1\" content=\"1 minut\" \/>\n<script type=\"application\/ld+json\" class=\"yoast-schema-graph\">{\"@context\":\"https:\\\/\\\/schema.org\",\"@graph\":[{\"@type\":\"WebPage\",\"@id\":\"https:\\\/\\\/www.akustikksenter.no\\\/butikk\\\/montasje-og-feste\\\/wireoppheng-baffler\\\/\",\"url\":\"https:\\\/\\\/www.akustikksenter.no\\\/butikk\\\/montasje-og-feste\\\/wireoppheng-baffler\\\/\",\"name\":\"Wireoppheng baffler - Norsk Akustikksenter\",\"isPartOf\":{\"@id\":\"https:\\\/\\\/www.akustikksenter.no\\\/#website\"},\"primaryImageOfPage\":{\"@id\":\"https:\\\/\\\/www.akustikksenter.no\\\/butikk\\\/montasje-og-feste\\\/wireoppheng-baffler\\\/#primaryimage\"},\"image\":{\"@id\":\"https:\\\/\\\/www.akustikksenter.no\\\/butikk\\\/montasje-og-feste\\\/wireoppheng-baffler\\\/#primaryimage\"},\"thumbnailUrl\":\"https:\\\/\\\/www.akustikksenter.no\\\/wp-content\\\/uploads\\\/2014\\\/02\\\/86028-wireoppheng.jpg\",\"datePublished\":\"2023-01-11T09:17:22+00:00\",\"dateModified\":\"2026-02-02T09:28:16+00:00\",\"description\":\"For oppheng direkte i taket til akustikk baffler.\",\"breadcrumb\":{\"@id\":\"https:\\\/\\\/www.akustikksenter.no\\\/butikk\\\/montasje-og-feste\\\/wireoppheng-baffler\\\/#breadcrumb\"},\"inLanguage\":\"da-DK\",\"potentialAction\":[{\"@type\":\"ReadAction\",\"target\":[\"https:\\\/\\\/www.akustikksenter.no\\\/butikk\\\/montasje-og-feste\\\/wireoppheng-baffler\\\/\"]}]},{\"@type\":\"ImageObject\",\"inLanguage\":\"da-DK\",\"@id\":\"https:\\\/\\\/www.akustikksenter.no\\\/butikk\\\/montasje-og-feste\\\/wireoppheng-baffler\\\/#primaryimage\",\"url\":\"https:\\\/\\\/www.akustikksenter.no\\\/wp-content\\\/uploads\\\/2014\\\/02\\\/86028-wireoppheng.jpg\",\"contentUrl\":\"https:\\\/\\\/www.akustikksenter.no\\\/wp-content\\\/uploads\\\/2014\\\/02\\\/86028-wireoppheng.jpg\",\"width\":1600,\"height\":1068},{\"@type\":\"BreadcrumbList\",\"@id\":\"https:\\\/\\\/www.akustikksenter.no\\\/butikk\\\/montasje-og-feste\\\/wireoppheng-baffler\\\/#breadcrumb\",\"itemListElement\":[{\"@type\":\"ListItem\",\"position\":1,\"name\":\"Hjem\",\"item\":\"https:\\\/\\\/www.akustikksenter.no\\\/\"},{\"@type\":\"ListItem\",\"position\":2,\"name\":\"Nettbutikk\",\"item\":\"https:\\\/\\\/www.akustikksenter.no\\\/nettbutikk\\\/\"},{\"@type\":\"ListItem\",\"position\":3,\"name\":\"Wireoppheng baffler\"}]},{\"@type\":\"WebSite\",\"@id\":\"https:\\\/\\\/www.akustikksenter.no\\\/#website\",\"url\":\"https:\\\/\\\/www.akustikksenter.no\\\/\",\"name\":\"Norsk Akustikksenter\",\"description\":\"Totalleverand\u00f8r av akustikkl\u00f8sninger\",\"publisher\":{\"@id\":\"https:\\\/\\\/www.akustikksenter.no\\\/#organization\"},\"potentialAction\":[{\"@type\":\"SearchAction\",\"target\":{\"@type\":\"EntryPoint\",\"urlTemplate\":\"https:\\\/\\\/www.akustikksenter.no\\\/?s={search_term_string}\"},\"query-input\":{\"@type\":\"PropertyValueSpecification\",\"valueRequired\":true,\"valueName\":\"search_term_string\"}}],\"inLanguage\":\"da-DK\"},{\"@type\":\"Organization\",\"@id\":\"https:\\\/\\\/www.akustikksenter.no\\\/#organization\",\"name\":\"Norsk Akustikksenter\",\"alternateName\":\"Akustikksenter\",\"url\":\"https:\\\/\\\/www.akustikksenter.no\\\/\",\"logo\":{\"@type\":\"ImageObject\",\"inLanguage\":\"da-DK\",\"@id\":\"https:\\\/\\\/www.akustikksenter.no\\\/#\\\/schema\\\/logo\\\/image\\\/\",\"url\":\"https:\\\/\\\/www.akustikksenter.no\\\/wp-content\\\/uploads\\\/2018\\\/02\\\/Norsk-Akkustikksenter_nyLogo_payoff-3-e1518606723632.png\",\"contentUrl\":\"https:\\\/\\\/www.akustikksenter.no\\\/wp-content\\\/uploads\\\/2018\\\/02\\\/Norsk-Akkustikksenter_nyLogo_payoff-3-e1518606723632.png\",\"width\":232,\"height\":93,\"caption\":\"Norsk Akustikksenter\"},\"image\":{\"@id\":\"https:\\\/\\\/www.akustikksenter.no\\\/#\\\/schema\\\/logo\\\/image\\\/\"},\"sameAs\":[\"https:\\\/\\\/www.facebook.com\\\/Akustikksenter\\\/\",\"https:\\\/\\\/www.pinterest.com\\\/akustikksenter\\\/\",\"https:\\\/\\\/www.instagram.com\\\/akustikksenter_norway\\\/\",\"https:\\\/\\\/no.linkedin.com\\\/company\\\/norsk-akustikksenter-as\"]}]}<\/script>\n<!-- \/ Yoast SEO plugin. -->","yoast_head_json":{"title":"Bafler til tr\u00e5doph\u00e6ng - Norsk Akustikksenter","description":"Til oph\u00e6ng direkte fra loftet til akustiske bafler.","robots":{"index":"index","follow":"follow","max-snippet":"max-snippet:-1","max-image-preview":"max-image-preview:large","max-video-preview":"max-video-preview:-1"},"canonical":"https:\/\/www.akustikksenter.no\/da\/butik\/installation-og-fastgorelse\/wire-ophaengningsbafler\/","og_locale":"da_DK","og_type":"article","og_title":"Wireoppheng baffler - Norsk Akustikksenter","og_description":"For oppheng direkte i taket til akustikk baffler.","og_url":"https:\/\/www.akustikksenter.no\/da\/butik\/installation-og-fastgorelse\/wire-ophaengningsbafler\/","og_site_name":"Norsk Akustikksenter","article_publisher":"https:\/\/www.facebook.com\/Akustikksenter\/","article_modified_time":"2026-02-02T09:28:16+00:00","og_image":[{"width":1600,"height":1068,"url":"https:\/\/www.akustikksenter.no\/wp-content\/uploads\/2014\/02\/86028-wireoppheng.jpg","type":"image\/jpeg"}],"twitter_misc":{"Estimeret l\u00e6setid":"1 minut"},"schema":{"@context":"https:\/\/schema.org","@graph":[{"@type":"WebPage","@id":"https:\/\/www.akustikksenter.no\/butikk\/montasje-og-feste\/wireoppheng-baffler\/","url":"https:\/\/www.akustikksenter.no\/butikk\/montasje-og-feste\/wireoppheng-baffler\/","name":"Bafler til tr\u00e5doph\u00e6ng - Norsk Akustikksenter","isPartOf":{"@id":"https:\/\/www.akustikksenter.no\/#website"},"primaryImageOfPage":{"@id":"https:\/\/www.akustikksenter.no\/butikk\/montasje-og-feste\/wireoppheng-baffler\/#primaryimage"},"image":{"@id":"https:\/\/www.akustikksenter.no\/butikk\/montasje-og-feste\/wireoppheng-baffler\/#primaryimage"},"thumbnailUrl":"https:\/\/www.akustikksenter.no\/wp-content\/uploads\/2014\/02\/86028-wireoppheng.jpg","datePublished":"2023-01-11T09:17:22+00:00","dateModified":"2026-02-02T09:28:16+00:00","description":"Til oph\u00e6ng direkte fra loftet til akustiske bafler.","breadcrumb":{"@id":"https:\/\/www.akustikksenter.no\/butikk\/montasje-og-feste\/wireoppheng-baffler\/#breadcrumb"},"inLanguage":"da-DK","potentialAction":[{"@type":"ReadAction","target":["https:\/\/www.akustikksenter.no\/butikk\/montasje-og-feste\/wireoppheng-baffler\/"]}]},{"@type":"ImageObject","inLanguage":"da-DK","@id":"https:\/\/www.akustikksenter.no\/butikk\/montasje-og-feste\/wireoppheng-baffler\/#primaryimage","url":"https:\/\/www.akustikksenter.no\/wp-content\/uploads\/2014\/02\/86028-wireoppheng.jpg","contentUrl":"https:\/\/www.akustikksenter.no\/wp-content\/uploads\/2014\/02\/86028-wireoppheng.jpg","width":1600,"height":1068},{"@type":"BreadcrumbList","@id":"https:\/\/www.akustikksenter.no\/butikk\/montasje-og-feste\/wireoppheng-baffler\/#breadcrumb","itemListElement":[{"@type":"ListItem","position":1,"name":"Hjem","item":"https:\/\/www.akustikksenter.no\/"},{"@type":"ListItem","position":2,"name":"Nettbutikk","item":"https:\/\/www.akustikksenter.no\/nettbutikk\/"},{"@type":"ListItem","position":3,"name":"Wireoppheng baffler"}]},{"@type":"WebSite","@id":"https:\/\/www.akustikksenter.no\/#website","url":"https:\/\/www.akustikksenter.no\/","name":"Norsk Akustik Center","description":"Totalleverand\u00f8r af akustiske l\u00f8sninger","publisher":{"@id":"https:\/\/www.akustikksenter.no\/#organization"},"potentialAction":[{"@type":"SearchAction","target":{"@type":"EntryPoint","urlTemplate":"https:\/\/www.akustikksenter.no\/?s={search_term_string}"},"query-input":{"@type":"PropertyValueSpecification","valueRequired":true,"valueName":"search_term_string"}}],"inLanguage":"da-DK"},{"@type":"Organization","@id":"https:\/\/www.akustikksenter.no\/#organization","name":"Norsk Akustik Center","alternateName":"Akustikksenter","url":"https:\/\/www.akustikksenter.no\/","logo":{"@type":"ImageObject","inLanguage":"da-DK","@id":"https:\/\/www.akustikksenter.no\/#\/schema\/logo\/image\/","url":"https:\/\/www.akustikksenter.no\/wp-content\/uploads\/2018\/02\/Norsk-Akkustikksenter_nyLogo_payoff-3-e1518606723632.png","contentUrl":"https:\/\/www.akustikksenter.no\/wp-content\/uploads\/2018\/02\/Norsk-Akkustikksenter_nyLogo_payoff-3-e1518606723632.png","width":232,"height":93,"caption":"Norsk Akustikksenter"},"image":{"@id":"https:\/\/www.akustikksenter.no\/#\/schema\/logo\/image\/"},"sameAs":["https:\/\/www.facebook.com\/Akustikksenter\/","https:\/\/www.pinterest.com\/akustikksenter\/","https:\/\/www.instagram.com\/akustikksenter_norway\/","https:\/\/no.linkedin.com\/company\/norsk-akustikksenter-as"]}]}},"_links":{"self":[{"href":"https:\/\/www.akustikksenter.no\/da\/wp-json\/wp\/v2\/product\/9924","targetHints":{"allow":["GET"]}}],"collection":[{"href":"https:\/\/www.akustikksenter.no\/da\/wp-json\/wp\/v2\/product"}],"about":[{"href":"https:\/\/www.akustikksenter.no\/da\/wp-json\/wp\/v2\/types\/product"}],"wp:featuredmedia":[{"embeddable":true,"href":"https:\/\/www.akustikksenter.no\/da\/wp-json\/wp\/v2\/media\/1541"}],"wp:attachment":[{"href":"https:\/\/www.akustikksenter.no\/da\/wp-json\/wp\/v2\/media?parent=9924"}],"wp:term":[{"taxonomy":"kampanje","embeddable":true,"href":"https:\/\/www.akustikksenter.no\/da\/wp-json\/wp\/v2\/kampanje?post=9924"},{"taxonomy":"product_brand","embeddable":true,"href":"https:\/\/www.akustikksenter.no\/da\/wp-json\/wp\/v2\/product_brand?post=9924"},{"taxonomy":"product_cat","embeddable":true,"href":"https:\/\/www.akustikksenter.no\/da\/wp-json\/wp\/v2\/product_cat?post=9924"},{"taxonomy":"product_tag","embeddable":true,"href":"https:\/\/www.akustikksenter.no\/da\/wp-json\/wp\/v2\/product_tag?post=9924"}],"curies":[{"name":"wp","href":"https:\/\/api.w.org\/{rel}","templated":true}]}}