{"id":10551,"date":"2023-07-17T08:01:54","date_gmt":"2023-07-17T06:01:54","guid":{"rendered":"https:\/\/www-akustikksenter.wp3.hcweb.dev\/?page_id=10551"},"modified":"2026-04-15T10:44:39","modified_gmt":"2026-04-15T08:44:39","slug":"production-environment-and-development","status":"publish","type":"page","link":"https:\/\/www.akustikksenter.no\/en\/om-oss\/produksjon-miljo-og-utvikling\/","title":{"rendered":"Production, environment and development"},"content":{"rendered":"<p>Since 2007<\/p>\n<h1>\n\t\tProduction and development\n\t<\/h1>\n<h2>\n\t\tInnovation, environment and sustainability in focus\n\t<\/h2>\n\t\t\t\t<img decoding=\"async\" src=\"https:\/\/www.akustikksenter.no\/wp-content\/uploads\/2019\/03\/Gr\u00f8nn-produksjon.png\" alt=\"Green production\" itemprop=\"image\" height=\"300\" width=\"300\" title=\"Green production\" onerror=\"this.style.display='none'\"  \/>\n\t<h3>Green production<\/h3>\n<p>Using 9,000 square metres of state-of-the-art solar panels, we have a production that runs mainly on solar power (approx. 61 %). This reduces the consumption of fossil fuels such as oil, gas and coal to produce our absorbents. For us, this is important in our efforts to achieve clean production and help improve the climate.<\/p>\n<p>Green production and high quality products with a long lifespan create sustainable products.<\/p>\n\t\t\t\t<img decoding=\"async\" src=\"https:\/\/www.akustikksenter.no\/wp-content\/uploads\/2019\/03\/Nye-produksjonsmaskiner.png\" alt=\"New production machinery\" itemprop=\"image\" height=\"300\" width=\"300\" title=\"New production machinery\" onerror=\"this.style.display='none'\"  \/>\n\t<h3>Production equipment<\/h3>\n<p>In recent years, we have invested heavily in new, state-of-the-art machinery that performs tasks faster, more efficiently, safer and with greater precision than ever before. New German production lines installed between 2016 and 2019 have facilitated the production of world-class sound-absorbing materials. In addition to CE requirements, the products fulfil the strictest requirements for emissions and non-use of toxic substances, i.e. the products are e.g. M1 certified. M1 certified.<\/p>\n<p><a href=\"https:\/\/www.akustikksenter.no\/en\/about-us\/certifications-and-expertise\/\">Read more about expertise and certification.<\/a><\/p>\n\t\t\t\t<img decoding=\"async\" src=\"https:\/\/www.akustikksenter.no\/wp-content\/uploads\/2019\/03\/WeChat-Image_20181008110901-scaled.jpg\" alt=\"WeChat Image_20181008110901\" itemprop=\"image\" height=\"1707\" width=\"2560\" title=\"WeChat Image_20181008110901\" onerror=\"this.style.display='none'\"  \/>\n\t\t\t\t<img decoding=\"async\" src=\"https:\/\/www.akustikksenter.no\/wp-content\/uploads\/2019\/03\/IMG_0875-scaled.jpg\" alt=\"IMG_0875\" itemprop=\"image\" height=\"1920\" width=\"2560\" title=\"IMG_0875\" onerror=\"this.style.display='none'\"  \/>\n\t\t\t\t<img decoding=\"async\" src=\"https:\/\/www.akustikksenter.no\/wp-content\/uploads\/2019\/03\/Alt-vann-blir-resirkulert-og-renset.png\" alt=\"All water is recycled and purified\" itemprop=\"image\" height=\"300\" width=\"300\" title=\"All water is recycled and purified\" onerror=\"this.style.display='none'\"  \/>\n\t<h3>All water is recycled and purified<\/h3>\n<p>The manufacture of our products consumes a certain amount of water for purposes such as cooling hot equipment and cleaning. All water that is contaminated by our production goes through a treatment plant at the factory where it is returned to clean water and thus recycled as part of more sustainable production.<\/p>\n\t\t\t\t<img decoding=\"async\" src=\"https:\/\/www.akustikksenter.no\/wp-content\/uploads\/2019\/03\/Oppsamling-og-resirkulering-av-st\u00f8v.png\" alt=\"Dust collection and recycling\" itemprop=\"image\" height=\"300\" width=\"300\" title=\"Dust collection and recycling\" onerror=\"this.style.display='none'\"  \/>\n\t<h3>Collection and recycling of production dust<\/h3>\n<p>Most of our products consist mainly of compressed glass wool. During production, dust is generated when the glass wool is processed and refined. The dust is collected and utilised in new and innovative products.<\/p>\n\t\t\t\t<img decoding=\"async\" src=\"https:\/\/www.akustikksenter.no\/wp-content\/uploads\/2019\/05\/Forskning-og-utvikling.png\" alt=\"Research and development\" itemprop=\"image\" height=\"300\" width=\"300\" title=\"Research and development\" onerror=\"this.style.display='none'\"  \/>\n\t<h3>Working environment and HSE<\/h3>\n<p>The production framework, working environment and HSE at the factory follow our guidelines, which are based on Norwegian standards. There are highly qualified, permanently employed, university-educated engineers. Quality controllers and production staff have extensive experience. There are orderly working conditions and facilities that correspond to the best of Scandinavian working conditions.<\/p>\n<p>Leading Chinese personnel visit Norway to exchange expertise and experience. We are keen to transfer best practice and provide an understanding of the requirements of our market.<\/p>\n<p>The factory is the only one of its kind in China with its own school and training programme for employees.<\/p>\n\t\t\t\t<img decoding=\"async\" src=\"https:\/\/www.akustikksenter.no\/wp-content\/uploads\/2019\/03\/Forskning-og-utvikling.png\" alt=\"Research and development\" itemprop=\"image\" height=\"300\" width=\"300\" title=\"Research and development\" onerror=\"this.style.display='none'\"  \/>\n\t<h3>Research and development<\/h3>\n<p>In a world as dynamic as the one we live in, nothing stays the same from month to month. At the Norwegian Acoustics Centre, we are constantly probing both the national and international markets for new ways to absorb sound waves.<\/p>\n<p>We work closely with world-leading institutions within sound absorption and acoustics.  We have developed all our products and have several exciting projects that will be launched in the future.<\/p>\n\t\t\t\t<img decoding=\"async\" src=\"https:\/\/www.akustikksenter.no\/wp-content\/uploads\/2019\/05\/Foto-til-utdanningsprogram-e1662383243245.jpg\" alt=\"Photo for education programme\" itemprop=\"image\" height=\"1180\" width=\"1728\" title=\"Photo for education programme\" onerror=\"this.style.display='none'\"  \/>\n\t\t\t\t<img decoding=\"async\" src=\"https:\/\/www.akustikksenter.no\/wp-content\/uploads\/2019\/03\/IMG_0879-scaled.jpg\" alt=\"IMG_0879\" itemprop=\"image\" height=\"1920\" width=\"2560\" title=\"IMG_0879\" onerror=\"this.style.display='none'\"  \/>\n\t\t\t\t<img decoding=\"async\" src=\"https:\/\/www.akustikksenter.no\/wp-content\/uploads\/2023\/11\/Banner-til-web-6-vi-er-sertifisert.jpg\" alt=\"Banner-to-web-6-we-are-certified\" itemprop=\"image\" height=\"1080\" width=\"1920\" title=\"Banner-to-web-6-we-are-certified\" onerror=\"this.style.display='none'\"  \/>\n<h2>\n\t\tEco-lighthouse\n\t<\/h2>\n\t<p>The Norwegian Acoustics Centre has made a conscious decision to assume climate and environmental responsibility through <a href=\"https:\/\/www.miljofyrtarn.no\/\" target=\"_blank\" rel=\"noreferrer noopener\">Eco-lighthouse<\/a>\u00a0certification.<\/p>\n\t<p>Eco-Lighthouse provides us with a concrete framework as an environmental management system, where we have actively set environmental goals and fulfil carefully defined requirements within health, environment, safety, working environment, energy, waste, transport and aesthetics. Through a thorough environmental analysis, we have now achieved Eco-Lighthouse certification, which emphasises our commitment to sustainable principles. <a href=\"https:\/\/www.akustikksenter.no\/en\/archive\/we-are-eco-tarn-certified\/\">Read more<\/a>.<\/p>\n<p><a href=\"https:\/\/www.akustikksenter.no\/en\/about-us\/production-environment-and-development\/climate-accounting\/\">See our climate accounts.\u00a0<\/a><\/p>","protected":false},"excerpt":{"rendered":"<p>Since 2007 Production and development Focus on innovation, the environment and sustainability Green production Using 9,000 square metres of state-of-the-art solar panels, we have production that runs mainly on solar power (approx. 61 %). This reduces the consumption of fossil fuels such as oil, gas and coal to produce our absorbents. For us, this is important...<\/p>","protected":false},"author":1,"featured_media":10210,"parent":129,"menu_order":0,"comment_status":"closed","ping_status":"closed","template":"","meta":{"_acf_changed":false,"footnotes":""},"class_list":["post-10551","page","type-page","status-publish","has-post-thumbnail","hentry"],"acf":[],"yoast_head":"<!-- This site is optimized with the Yoast SEO plugin v27.5 - https:\/\/yoast.com\/product\/yoast-seo-wordpress\/ -->\n<title>Produksjon, milj\u00f8 og utvikling | Akustikksenter<\/title>\n<meta name=\"description\" content=\"B\u00e6rekraftig produksjon av akustikkl\u00f8sninger med fokus p\u00e5 milj\u00f8 og utvikling. Vi kombinerer kvalitet, design og ansvarlige materialvalg.\" \/>\n<meta name=\"robots\" content=\"index, follow, max-snippet:-1, max-image-preview:large, max-video-preview:-1\" \/>\n<link rel=\"canonical\" href=\"https:\/\/www.akustikksenter.no\/en\/about-us\/production-environment-and-development\/\" \/>\n<meta property=\"og:locale\" content=\"en_GB\" \/>\n<meta property=\"og:type\" content=\"article\" \/>\n<meta property=\"og:title\" content=\"Produksjon, milj\u00f8 og utvikling | Akustikksenter\" \/>\n<meta property=\"og:description\" content=\"B\u00e6rekraftig produksjon av akustikkl\u00f8sninger med fokus p\u00e5 milj\u00f8 og utvikling. Vi kombinerer kvalitet, design og ansvarlige materialvalg.\" \/>\n<meta property=\"og:url\" content=\"https:\/\/www.akustikksenter.no\/en\/about-us\/production-environment-and-development\/\" \/>\n<meta property=\"og:site_name\" content=\"Norsk Akustikksenter\" \/>\n<meta property=\"article:publisher\" content=\"https:\/\/www.facebook.com\/Akustikksenter\/\" \/>\n<meta property=\"article:modified_time\" content=\"2026-04-15T08:44:39+00:00\" \/>\n<meta property=\"og:image\" content=\"https:\/\/www.akustikksenter.no\/wp-content\/uploads\/2018\/03\/Moterom-Akustikkbildfe-og-Frigg-Hex.jpeg\" \/>\n\t<meta property=\"og:image:width\" content=\"2048\" \/>\n\t<meta property=\"og:image:height\" content=\"1536\" \/>\n\t<meta property=\"og:image:type\" content=\"image\/jpeg\" \/>\n<meta name=\"twitter:label1\" content=\"Estimated reading time\" \/>\n\t<meta name=\"twitter:data1\" content=\"5 minutes\" \/>\n<script type=\"application\/ld+json\" class=\"yoast-schema-graph\">{\"@context\":\"https:\\\/\\\/schema.org\",\"@graph\":[{\"@type\":\"WebPage\",\"@id\":\"https:\\\/\\\/www.akustikksenter.no\\\/om-oss\\\/produksjon-miljo-og-utvikling\\\/\",\"url\":\"https:\\\/\\\/www.akustikksenter.no\\\/om-oss\\\/produksjon-miljo-og-utvikling\\\/\",\"name\":\"Produksjon, milj\u00f8 og utvikling | Akustikksenter\",\"isPartOf\":{\"@id\":\"https:\\\/\\\/www.akustikksenter.no\\\/#website\"},\"primaryImageOfPage\":{\"@id\":\"https:\\\/\\\/www.akustikksenter.no\\\/om-oss\\\/produksjon-miljo-og-utvikling\\\/#primaryimage\"},\"image\":{\"@id\":\"https:\\\/\\\/www.akustikksenter.no\\\/om-oss\\\/produksjon-miljo-og-utvikling\\\/#primaryimage\"},\"thumbnailUrl\":\"https:\\\/\\\/www.akustikksenter.no\\\/wp-content\\\/uploads\\\/2018\\\/03\\\/Moterom-Akustikkbildfe-og-Frigg-Hex.jpeg\",\"datePublished\":\"2023-07-17T06:01:54+00:00\",\"dateModified\":\"2026-04-15T08:44:39+00:00\",\"description\":\"B\u00e6rekraftig produksjon av akustikkl\u00f8sninger med fokus p\u00e5 milj\u00f8 og utvikling. Vi kombinerer kvalitet, design og ansvarlige materialvalg.\",\"breadcrumb\":{\"@id\":\"https:\\\/\\\/www.akustikksenter.no\\\/om-oss\\\/produksjon-miljo-og-utvikling\\\/#breadcrumb\"},\"inLanguage\":\"en-GB\",\"potentialAction\":[{\"@type\":\"ReadAction\",\"target\":[\"https:\\\/\\\/www.akustikksenter.no\\\/om-oss\\\/produksjon-miljo-og-utvikling\\\/\"]}]},{\"@type\":\"ImageObject\",\"inLanguage\":\"en-GB\",\"@id\":\"https:\\\/\\\/www.akustikksenter.no\\\/om-oss\\\/produksjon-miljo-og-utvikling\\\/#primaryimage\",\"url\":\"https:\\\/\\\/www.akustikksenter.no\\\/wp-content\\\/uploads\\\/2018\\\/03\\\/Moterom-Akustikkbildfe-og-Frigg-Hex.jpeg\",\"contentUrl\":\"https:\\\/\\\/www.akustikksenter.no\\\/wp-content\\\/uploads\\\/2018\\\/03\\\/Moterom-Akustikkbildfe-og-Frigg-Hex.jpeg\",\"width\":2048,\"height\":1536},{\"@type\":\"BreadcrumbList\",\"@id\":\"https:\\\/\\\/www.akustikksenter.no\\\/om-oss\\\/produksjon-miljo-og-utvikling\\\/#breadcrumb\",\"itemListElement\":[{\"@type\":\"ListItem\",\"position\":1,\"name\":\"Hjem\",\"item\":\"https:\\\/\\\/www.akustikksenter.no\\\/\"},{\"@type\":\"ListItem\",\"position\":2,\"name\":\"Om Norsk Akustikksenter\",\"item\":\"https:\\\/\\\/www.akustikksenter.no\\\/om-oss\\\/\"},{\"@type\":\"ListItem\",\"position\":3,\"name\":\"Produksjon, milj\u00f8 og utvikling\"}]},{\"@type\":\"WebSite\",\"@id\":\"https:\\\/\\\/www.akustikksenter.no\\\/#website\",\"url\":\"https:\\\/\\\/www.akustikksenter.no\\\/\",\"name\":\"Norsk Akustikksenter\",\"description\":\"Totalleverand\u00f8r av akustikkl\u00f8sninger\",\"publisher\":{\"@id\":\"https:\\\/\\\/www.akustikksenter.no\\\/#organization\"},\"potentialAction\":[{\"@type\":\"SearchAction\",\"target\":{\"@type\":\"EntryPoint\",\"urlTemplate\":\"https:\\\/\\\/www.akustikksenter.no\\\/?s={search_term_string}\"},\"query-input\":{\"@type\":\"PropertyValueSpecification\",\"valueRequired\":true,\"valueName\":\"search_term_string\"}}],\"inLanguage\":\"en-GB\"},{\"@type\":\"Organization\",\"@id\":\"https:\\\/\\\/www.akustikksenter.no\\\/#organization\",\"name\":\"Norsk Akustikksenter\",\"alternateName\":\"Akustikksenter\",\"url\":\"https:\\\/\\\/www.akustikksenter.no\\\/\",\"logo\":{\"@type\":\"ImageObject\",\"inLanguage\":\"en-GB\",\"@id\":\"https:\\\/\\\/www.akustikksenter.no\\\/#\\\/schema\\\/logo\\\/image\\\/\",\"url\":\"https:\\\/\\\/www.akustikksenter.no\\\/wp-content\\\/uploads\\\/2018\\\/02\\\/Norsk-Akkustikksenter_nyLogo_payoff-3-e1518606723632.png\",\"contentUrl\":\"https:\\\/\\\/www.akustikksenter.no\\\/wp-content\\\/uploads\\\/2018\\\/02\\\/Norsk-Akkustikksenter_nyLogo_payoff-3-e1518606723632.png\",\"width\":232,\"height\":93,\"caption\":\"Norsk Akustikksenter\"},\"image\":{\"@id\":\"https:\\\/\\\/www.akustikksenter.no\\\/#\\\/schema\\\/logo\\\/image\\\/\"},\"sameAs\":[\"https:\\\/\\\/www.facebook.com\\\/Akustikksenter\\\/\",\"https:\\\/\\\/www.pinterest.com\\\/akustikksenter\\\/\",\"https:\\\/\\\/www.instagram.com\\\/akustikksenter_norway\\\/\",\"https:\\\/\\\/no.linkedin.com\\\/company\\\/norsk-akustikksenter-as\"]}]}<\/script>\n<!-- \/ Yoast SEO plugin. -->","yoast_head_json":{"title":"Production, environment and development | Acoustics Centre","description":"Sustainable production of acoustic solutions with a focus on the environment and development. We combine quality, design and responsible material choices.","robots":{"index":"index","follow":"follow","max-snippet":"max-snippet:-1","max-image-preview":"max-image-preview:large","max-video-preview":"max-video-preview:-1"},"canonical":"https:\/\/www.akustikksenter.no\/en\/about-us\/production-environment-and-development\/","og_locale":"en_GB","og_type":"article","og_title":"Produksjon, milj\u00f8 og utvikling | Akustikksenter","og_description":"B\u00e6rekraftig produksjon av akustikkl\u00f8sninger med fokus p\u00e5 milj\u00f8 og utvikling. Vi kombinerer kvalitet, design og ansvarlige materialvalg.","og_url":"https:\/\/www.akustikksenter.no\/en\/about-us\/production-environment-and-development\/","og_site_name":"Norsk Akustikksenter","article_publisher":"https:\/\/www.facebook.com\/Akustikksenter\/","article_modified_time":"2026-04-15T08:44:39+00:00","og_image":[{"width":2048,"height":1536,"url":"https:\/\/www.akustikksenter.no\/wp-content\/uploads\/2018\/03\/Moterom-Akustikkbildfe-og-Frigg-Hex.jpeg","type":"image\/jpeg"}],"twitter_misc":{"Estimated reading time":"5 minutes"},"schema":{"@context":"https:\/\/schema.org","@graph":[{"@type":"WebPage","@id":"https:\/\/www.akustikksenter.no\/om-oss\/produksjon-miljo-og-utvikling\/","url":"https:\/\/www.akustikksenter.no\/om-oss\/produksjon-miljo-og-utvikling\/","name":"Production, environment and development | Acoustics Centre","isPartOf":{"@id":"https:\/\/www.akustikksenter.no\/#website"},"primaryImageOfPage":{"@id":"https:\/\/www.akustikksenter.no\/om-oss\/produksjon-miljo-og-utvikling\/#primaryimage"},"image":{"@id":"https:\/\/www.akustikksenter.no\/om-oss\/produksjon-miljo-og-utvikling\/#primaryimage"},"thumbnailUrl":"https:\/\/www.akustikksenter.no\/wp-content\/uploads\/2018\/03\/Moterom-Akustikkbildfe-og-Frigg-Hex.jpeg","datePublished":"2023-07-17T06:01:54+00:00","dateModified":"2026-04-15T08:44:39+00:00","description":"Sustainable production of acoustic solutions with a focus on the environment and development. We combine quality, design and responsible material choices.","breadcrumb":{"@id":"https:\/\/www.akustikksenter.no\/om-oss\/produksjon-miljo-og-utvikling\/#breadcrumb"},"inLanguage":"en-GB","potentialAction":[{"@type":"ReadAction","target":["https:\/\/www.akustikksenter.no\/om-oss\/produksjon-miljo-og-utvikling\/"]}]},{"@type":"ImageObject","inLanguage":"en-GB","@id":"https:\/\/www.akustikksenter.no\/om-oss\/produksjon-miljo-og-utvikling\/#primaryimage","url":"https:\/\/www.akustikksenter.no\/wp-content\/uploads\/2018\/03\/Moterom-Akustikkbildfe-og-Frigg-Hex.jpeg","contentUrl":"https:\/\/www.akustikksenter.no\/wp-content\/uploads\/2018\/03\/Moterom-Akustikkbildfe-og-Frigg-Hex.jpeg","width":2048,"height":1536},{"@type":"BreadcrumbList","@id":"https:\/\/www.akustikksenter.no\/om-oss\/produksjon-miljo-og-utvikling\/#breadcrumb","itemListElement":[{"@type":"ListItem","position":1,"name":"Hjem","item":"https:\/\/www.akustikksenter.no\/"},{"@type":"ListItem","position":2,"name":"Om Norsk Akustikksenter","item":"https:\/\/www.akustikksenter.no\/om-oss\/"},{"@type":"ListItem","position":3,"name":"Produksjon, milj\u00f8 og utvikling"}]},{"@type":"WebSite","@id":"https:\/\/www.akustikksenter.no\/#website","url":"https:\/\/www.akustikksenter.no\/","name":"Norwegian Acoustics Centre","description":"Total supplier of acoustic solutions","publisher":{"@id":"https:\/\/www.akustikksenter.no\/#organization"},"potentialAction":[{"@type":"SearchAction","target":{"@type":"EntryPoint","urlTemplate":"https:\/\/www.akustikksenter.no\/?s={search_term_string}"},"query-input":{"@type":"PropertyValueSpecification","valueRequired":true,"valueName":"search_term_string"}}],"inLanguage":"en-GB"},{"@type":"Organization","@id":"https:\/\/www.akustikksenter.no\/#organization","name":"Norwegian Acoustics Centre","alternateName":"Akustikksenter","url":"https:\/\/www.akustikksenter.no\/","logo":{"@type":"ImageObject","inLanguage":"en-GB","@id":"https:\/\/www.akustikksenter.no\/#\/schema\/logo\/image\/","url":"https:\/\/www.akustikksenter.no\/wp-content\/uploads\/2018\/02\/Norsk-Akkustikksenter_nyLogo_payoff-3-e1518606723632.png","contentUrl":"https:\/\/www.akustikksenter.no\/wp-content\/uploads\/2018\/02\/Norsk-Akkustikksenter_nyLogo_payoff-3-e1518606723632.png","width":232,"height":93,"caption":"Norsk Akustikksenter"},"image":{"@id":"https:\/\/www.akustikksenter.no\/#\/schema\/logo\/image\/"},"sameAs":["https:\/\/www.facebook.com\/Akustikksenter\/","https:\/\/www.pinterest.com\/akustikksenter\/","https:\/\/www.instagram.com\/akustikksenter_norway\/","https:\/\/no.linkedin.com\/company\/norsk-akustikksenter-as"]}]}},"_links":{"self":[{"href":"https:\/\/www.akustikksenter.no\/en\/wp-json\/wp\/v2\/pages\/10551","targetHints":{"allow":["GET"]}}],"collection":[{"href":"https:\/\/www.akustikksenter.no\/en\/wp-json\/wp\/v2\/pages"}],"about":[{"href":"https:\/\/www.akustikksenter.no\/en\/wp-json\/wp\/v2\/types\/page"}],"author":[{"embeddable":true,"href":"https:\/\/www.akustikksenter.no\/en\/wp-json\/wp\/v2\/users\/1"}],"replies":[{"embeddable":true,"href":"https:\/\/www.akustikksenter.no\/en\/wp-json\/wp\/v2\/comments?post=10551"}],"version-history":[{"count":1,"href":"https:\/\/www.akustikksenter.no\/en\/wp-json\/wp\/v2\/pages\/10551\/revisions"}],"predecessor-version":[{"id":13071,"href":"https:\/\/www.akustikksenter.no\/en\/wp-json\/wp\/v2\/pages\/10551\/revisions\/13071"}],"up":[{"embeddable":true,"href":"https:\/\/www.akustikksenter.no\/en\/wp-json\/wp\/v2\/pages\/129"}],"wp:featuredmedia":[{"embeddable":true,"href":"https:\/\/www.akustikksenter.no\/en\/wp-json\/wp\/v2\/media\/10210"}],"wp:attachment":[{"href":"https:\/\/www.akustikksenter.no\/en\/wp-json\/wp\/v2\/media?parent=10551"}],"curies":[{"name":"wp","href":"https:\/\/api.w.org\/{rel}","templated":true}]}}