{"id":11725,"date":"2024-05-14T15:47:31","date_gmt":"2024-05-14T13:47:31","guid":{"rendered":"https:\/\/www.akustikksenter.no\/?page_id=11725"},"modified":"2025-04-07T10:24:17","modified_gmt":"2025-04-07T08:24:17","slug":"climate-accounting","status":"publish","type":"page","link":"https:\/\/www.akustikksenter.no\/en\/om-oss\/produksjon-miljo-og-utvikling\/klimaregnskap\/","title":{"rendered":"Climate accounts for Norsk Akustikksenter AS"},"content":{"rendered":"<h1>Climate accounting for<br \/>\nNorwegian Acoustics Centre 2024<\/h1>\n\t\t\t\t<img loading=\"lazy\" decoding=\"async\" src=\"https:\/\/www.akustikksenter.no\/wp-content\/uploads\/2025\/04\/fotavtrykk-co2-2024.png\" alt=\"co2 footprint 2024\" itemprop=\"image\" height=\"360\" width=\"360\" title=\"co2 footprint 2024\" onerror=\"this.style.display='none'\"  \/>\n\t\t\t\t<img decoding=\"async\" src=\"https:\/\/www.akustikksenter.no\/wp-content\/uploads\/2025\/04\/Prosentvis-fordeling-av-CO2-utslipp-2024.svg\" alt=\"Percentage distribution of CO2 emissions 2024\" itemprop=\"image\" title=\"Percentage distribution of CO2 emissions 2024\" onerror=\"this.style.display='none'\"  \/>\n\t<h2>Our comments on the climate accounts<\/h2>\n<p>The company now has a stable low consumption of energy, emissions and waste. This is due to the office and showroom being located in modern offices. 2024 has been an active year with a lot of travelling and increased sales. This has led to higher activity and an increased number of journeys. Planned measures have been implemented and our footprint is low.<\/p>\n\t\t<ul>\n\t\t\t\t\t<li>\n\t\t\t\t\n\t\t<p>Waste and reuse 0.01%<\/p>\t\t\t\n\t\t\t<\/li>\n\t\t\t\t\t<li>\n\t\t\t\t\n\t\t<p>Energy 5.82%<\/p>\t\t\t\n\t\t\t<\/li>\n\t\t\t\t\t<li>\n\t\t\t\t\n\t\t<p>Transport 94.17%<\/p>\t\t\t\n\t\t\t<\/li>\n\t\t\t\t<\/ul>\n\t<a href=\"https:\/\/www.akustikksenter.no\/wp-content\/uploads\/2025\/04\/MFT-Miljofyrtarn.pdf\" target=\"_self\" role=\"button\" download=\"MFT-Miljofyrtarn.pdf\" aria-label=\"Read the full report (2024)\">\n\t\t\t\t\t\tRead the full report (2024)\n\t\t\t\t\t<\/a>\n\t<h2>Carbon footprint for the Norwegian Acoustics Centre 2023<\/h2>\n\t\t\t\t<img loading=\"lazy\" decoding=\"async\" src=\"https:\/\/www.akustikksenter.no\/wp-content\/uploads\/2024\/05\/fotavtryk-c02-2023.png\" alt=\"footprint c02 2023\" itemprop=\"image\" height=\"338\" width=\"338\" title=\"footprint c02 2023\" onerror=\"this.style.display='none'\"  \/>\n\t\t\t\t<img loading=\"lazy\" decoding=\"async\" src=\"https:\/\/www.akustikksenter.no\/wp-content\/uploads\/2024\/05\/P-R-O-S-E-N-T-V-I-S-F-O-R-D-E-L-I-N-G-AV-CO-2-U-TS-L-I-P-P-2023.png\" alt=\"P R O S E N T V I S F O R D E L I N G AV CO 2 - U TS L I P P 2023\" itemprop=\"image\" height=\"341\" width=\"340\" title=\"P R O S E N T V I S F O R D E L I N G AV CO 2 - U TS L I P P 2023\" onerror=\"this.style.display='none'\"  \/>\n\t<h3>Our comments on the 2023 climate accounts<\/h3>\n2023 was a year of major restructuring in the company. The warehouse was moved to an external warehouse and logistics supplier. Stavanger office moved into shared office space. Oslo office moved from old and inefficient offices as of 30 June 2013. Employees had a home office until moving into new modern shared offices on 1 November 2013.<br \/>\nPlanned measures have been implemented and we appear more efficient and with predictable costs and environmental impact.\n\t\t<ul>\n\t\t\t\t\t<li>\n\t\t\t\t\n\t\t<p>Waste and reuse 0.13%<\/p>\t\t\t\n\t\t\t<\/li>\n\t\t\t\t\t<li>\n\t\t\t\t\n\t\t<p>Energy 0.78%<\/p>\t\t\t\n\t\t\t<\/li>\n\t\t\t\t\t<li>\n\t\t\t\t\n\t\t<p>Transport 99.09%<\/p>\t\t\t\n\t\t\t<\/li>\n\t\t\t\t<\/ul>\n\t<a href=\"https:\/\/www.akustikksenter.no\/wp-content\/uploads\/2024\/05\/MFT-Miljofyrtarn-2023.pdf\" target=\"_self\" role=\"button\" download=\"MFT-Miljofyrtarn-2023.pdf\" aria-label=\"Read the full report (2023)\">\n\t\t\t\t\t\tRead the full report (2023)\n\t\t\t\t\t<\/a>\n\t\t\t\t<img loading=\"lazy\" decoding=\"async\" src=\"https:\/\/www.akustikksenter.no\/wp-content\/uploads\/2020\/02\/miljofyrtarn.png\" alt=\"environmental lighthouse\" itemprop=\"image\" height=\"851\" width=\"1000\" title=\"environmental lighthouse\" onerror=\"this.style.display='none'\"  \/>\n\t<p>The Norwegian Acoustics Centre has made a conscious decision to assume climate and environmental responsibility through\u00a0<a href=\"https:\/\/www.miljofyrtarn.no\/\" target=\"_blank\" rel=\"noreferrer noopener\">Eco-lighthouse<\/a>\u00a0certification.<\/p>\n<p>Read about our focus on<a href=\"https:\/\/www.akustikksenter.no\/en\/about-us\/production-environment-and-development\/\"> innovation, environment and sustainability.\u00a0<\/a><\/p>","protected":false},"excerpt":{"rendered":"<p>Klimaregnskap for Norsk Akustikksenter 2024 V\u00e5r kommentar til klimaregnskapet Selskapet har n\u00e5 et stabilt lite forbruk av energi, utslipp og avfall. Dette er grunnet kontor og showroom i moderne kontorfellesskap. 2024 har v\u00e6rt et aktivt \u00e5r med mye reisevirksomhet og \u00f8kt omsetning. Dette har medf\u00f8rt h\u00f8yere aktivitet og \u00f8kt antall reiser. Planlagte tiltak er gjennomf\u00f8rt&hellip;<\/p>","protected":false},"author":1,"featured_media":11745,"parent":10551,"menu_order":0,"comment_status":"closed","ping_status":"closed","template":"","meta":{"_acf_changed":false,"footnotes":""},"class_list":["post-11725","page","type-page","status-publish","has-post-thumbnail","hentry"],"acf":[],"yoast_head":"<!-- This site is optimized with the Yoast SEO plugin v27.3 - https:\/\/yoast.com\/product\/yoast-seo-wordpress\/ -->\n<title>Klimaregnskap for Norsk Akustikksenter AS - Norsk Akustikksenter<\/title>\n<meta name=\"robots\" content=\"index, follow, max-snippet:-1, max-image-preview:large, max-video-preview:-1\" \/>\n<link rel=\"canonical\" href=\"https:\/\/www.akustikksenter.no\/en\/about-us\/production-environment-and-development\/climate-accounting\/\" \/>\n<meta property=\"og:locale\" content=\"en_GB\" \/>\n<meta property=\"og:type\" content=\"article\" \/>\n<meta property=\"og:title\" content=\"Klimaregnskap for Norsk Akustikksenter AS - Norsk Akustikksenter\" \/>\n<meta property=\"og:description\" content=\"Klimaregnskap for Norsk Akustikksenter 2024 V\u00e5r kommentar til klimaregnskapet Selskapet har n\u00e5 et stabilt lite forbruk av energi, utslipp og avfall. Dette er grunnet kontor og showroom i moderne kontorfellesskap. 2024 har v\u00e6rt et aktivt \u00e5r med mye reisevirksomhet og \u00f8kt omsetning. Dette har medf\u00f8rt h\u00f8yere aktivitet og \u00f8kt antall reiser. Planlagte tiltak er gjennomf\u00f8rt&hellip;\" \/>\n<meta property=\"og:url\" content=\"https:\/\/www.akustikksenter.no\/en\/about-us\/production-environment-and-development\/climate-accounting\/\" \/>\n<meta property=\"og:site_name\" content=\"Norsk Akustikksenter\" \/>\n<meta property=\"article:publisher\" content=\"https:\/\/www.facebook.com\/Akustikksenter\/\" \/>\n<meta property=\"article:modified_time\" content=\"2025-04-07T08:24:17+00:00\" \/>\n<meta property=\"og:image\" content=\"https:\/\/www.akustikksenter.no\/wp-content\/uploads\/2024\/05\/P-R-O-S-E-N-T-V-I-S-F-O-R-D-E-L-I-N-G-AV-CO-2-U-TS-L-I-P-P-2023.png\" \/>\n\t<meta property=\"og:image:width\" content=\"340\" \/>\n\t<meta property=\"og:image:height\" content=\"341\" \/>\n\t<meta property=\"og:image:type\" content=\"image\/png\" \/>\n<meta name=\"twitter:label1\" content=\"Estimated reading time\" \/>\n\t<meta name=\"twitter:data1\" content=\"1 minute\" \/>\n<script type=\"application\/ld+json\" class=\"yoast-schema-graph\">{\"@context\":\"https:\\\/\\\/schema.org\",\"@graph\":[{\"@type\":\"WebPage\",\"@id\":\"https:\\\/\\\/www.akustikksenter.no\\\/om-oss\\\/produksjon-miljo-og-utvikling\\\/klimaregnskap\\\/\",\"url\":\"https:\\\/\\\/www.akustikksenter.no\\\/om-oss\\\/produksjon-miljo-og-utvikling\\\/klimaregnskap\\\/\",\"name\":\"Klimaregnskap for Norsk Akustikksenter AS - Norsk Akustikksenter\",\"isPartOf\":{\"@id\":\"https:\\\/\\\/www.akustikksenter.no\\\/#website\"},\"primaryImageOfPage\":{\"@id\":\"https:\\\/\\\/www.akustikksenter.no\\\/om-oss\\\/produksjon-miljo-og-utvikling\\\/klimaregnskap\\\/#primaryimage\"},\"image\":{\"@id\":\"https:\\\/\\\/www.akustikksenter.no\\\/om-oss\\\/produksjon-miljo-og-utvikling\\\/klimaregnskap\\\/#primaryimage\"},\"thumbnailUrl\":\"https:\\\/\\\/www.akustikksenter.no\\\/wp-content\\\/uploads\\\/2024\\\/05\\\/P-R-O-S-E-N-T-V-I-S-F-O-R-D-E-L-I-N-G-AV-CO-2-U-TS-L-I-P-P-2023.png\",\"datePublished\":\"2024-05-14T13:47:31+00:00\",\"dateModified\":\"2025-04-07T08:24:17+00:00\",\"breadcrumb\":{\"@id\":\"https:\\\/\\\/www.akustikksenter.no\\\/om-oss\\\/produksjon-miljo-og-utvikling\\\/klimaregnskap\\\/#breadcrumb\"},\"inLanguage\":\"en-GB\",\"potentialAction\":[{\"@type\":\"ReadAction\",\"target\":[\"https:\\\/\\\/www.akustikksenter.no\\\/om-oss\\\/produksjon-miljo-og-utvikling\\\/klimaregnskap\\\/\"]}]},{\"@type\":\"ImageObject\",\"inLanguage\":\"en-GB\",\"@id\":\"https:\\\/\\\/www.akustikksenter.no\\\/om-oss\\\/produksjon-miljo-og-utvikling\\\/klimaregnskap\\\/#primaryimage\",\"url\":\"https:\\\/\\\/www.akustikksenter.no\\\/wp-content\\\/uploads\\\/2024\\\/05\\\/P-R-O-S-E-N-T-V-I-S-F-O-R-D-E-L-I-N-G-AV-CO-2-U-TS-L-I-P-P-2023.png\",\"contentUrl\":\"https:\\\/\\\/www.akustikksenter.no\\\/wp-content\\\/uploads\\\/2024\\\/05\\\/P-R-O-S-E-N-T-V-I-S-F-O-R-D-E-L-I-N-G-AV-CO-2-U-TS-L-I-P-P-2023.png\",\"width\":340,\"height\":341},{\"@type\":\"BreadcrumbList\",\"@id\":\"https:\\\/\\\/www.akustikksenter.no\\\/om-oss\\\/produksjon-miljo-og-utvikling\\\/klimaregnskap\\\/#breadcrumb\",\"itemListElement\":[{\"@type\":\"ListItem\",\"position\":1,\"name\":\"Hjem\",\"item\":\"https:\\\/\\\/www.akustikksenter.no\\\/\"},{\"@type\":\"ListItem\",\"position\":2,\"name\":\"Om Norsk Akustikksenter\",\"item\":\"https:\\\/\\\/www.akustikksenter.no\\\/om-oss\\\/\"},{\"@type\":\"ListItem\",\"position\":3,\"name\":\"Produksjon, milj\u00f8 og utvikling\",\"item\":\"https:\\\/\\\/www.akustikksenter.no\\\/om-oss\\\/produksjon-miljo-og-utvikling\\\/\"},{\"@type\":\"ListItem\",\"position\":4,\"name\":\"Klimaregnskap for Norsk Akustikksenter AS\"}]},{\"@type\":\"WebSite\",\"@id\":\"https:\\\/\\\/www.akustikksenter.no\\\/#website\",\"url\":\"https:\\\/\\\/www.akustikksenter.no\\\/\",\"name\":\"Norsk Akustikksenter\",\"description\":\"Totalleverand\u00f8r av akustikkl\u00f8sninger\",\"publisher\":{\"@id\":\"https:\\\/\\\/www.akustikksenter.no\\\/#organization\"},\"potentialAction\":[{\"@type\":\"SearchAction\",\"target\":{\"@type\":\"EntryPoint\",\"urlTemplate\":\"https:\\\/\\\/www.akustikksenter.no\\\/?s={search_term_string}\"},\"query-input\":{\"@type\":\"PropertyValueSpecification\",\"valueRequired\":true,\"valueName\":\"search_term_string\"}}],\"inLanguage\":\"en-GB\"},{\"@type\":\"Organization\",\"@id\":\"https:\\\/\\\/www.akustikksenter.no\\\/#organization\",\"name\":\"Norsk Akustikksenter\",\"alternateName\":\"Akustikksenter\",\"url\":\"https:\\\/\\\/www.akustikksenter.no\\\/\",\"logo\":{\"@type\":\"ImageObject\",\"inLanguage\":\"en-GB\",\"@id\":\"https:\\\/\\\/www.akustikksenter.no\\\/#\\\/schema\\\/logo\\\/image\\\/\",\"url\":\"https:\\\/\\\/www.akustikksenter.no\\\/wp-content\\\/uploads\\\/2018\\\/02\\\/Norsk-Akkustikksenter_nyLogo_payoff-3-e1518606723632.png\",\"contentUrl\":\"https:\\\/\\\/www.akustikksenter.no\\\/wp-content\\\/uploads\\\/2018\\\/02\\\/Norsk-Akkustikksenter_nyLogo_payoff-3-e1518606723632.png\",\"width\":232,\"height\":93,\"caption\":\"Norsk Akustikksenter\"},\"image\":{\"@id\":\"https:\\\/\\\/www.akustikksenter.no\\\/#\\\/schema\\\/logo\\\/image\\\/\"},\"sameAs\":[\"https:\\\/\\\/www.facebook.com\\\/Akustikksenter\\\/\",\"https:\\\/\\\/www.pinterest.com\\\/akustikksenter\\\/\",\"https:\\\/\\\/www.instagram.com\\\/akustikksenter_norway\\\/\",\"https:\\\/\\\/no.linkedin.com\\\/company\\\/norsk-akustikksenter-as\"]}]}<\/script>\n<!-- \/ Yoast SEO plugin. -->","yoast_head_json":{"title":"Climate accounts for Norsk Akustikksenter AS - Norsk Akustikksenter","robots":{"index":"index","follow":"follow","max-snippet":"max-snippet:-1","max-image-preview":"max-image-preview:large","max-video-preview":"max-video-preview:-1"},"canonical":"https:\/\/www.akustikksenter.no\/en\/about-us\/production-environment-and-development\/climate-accounting\/","og_locale":"en_GB","og_type":"article","og_title":"Klimaregnskap for Norsk Akustikksenter AS - Norsk Akustikksenter","og_description":"Klimaregnskap for Norsk Akustikksenter 2024 V\u00e5r kommentar til klimaregnskapet Selskapet har n\u00e5 et stabilt lite forbruk av energi, utslipp og avfall. Dette er grunnet kontor og showroom i moderne kontorfellesskap. 2024 har v\u00e6rt et aktivt \u00e5r med mye reisevirksomhet og \u00f8kt omsetning. Dette har medf\u00f8rt h\u00f8yere aktivitet og \u00f8kt antall reiser. Planlagte tiltak er gjennomf\u00f8rt&hellip;","og_url":"https:\/\/www.akustikksenter.no\/en\/about-us\/production-environment-and-development\/climate-accounting\/","og_site_name":"Norsk Akustikksenter","article_publisher":"https:\/\/www.facebook.com\/Akustikksenter\/","article_modified_time":"2025-04-07T08:24:17+00:00","og_image":[{"width":340,"height":341,"url":"https:\/\/www.akustikksenter.no\/wp-content\/uploads\/2024\/05\/P-R-O-S-E-N-T-V-I-S-F-O-R-D-E-L-I-N-G-AV-CO-2-U-TS-L-I-P-P-2023.png","type":"image\/png"}],"twitter_misc":{"Estimated reading time":"1 minute"},"schema":{"@context":"https:\/\/schema.org","@graph":[{"@type":"WebPage","@id":"https:\/\/www.akustikksenter.no\/om-oss\/produksjon-miljo-og-utvikling\/klimaregnskap\/","url":"https:\/\/www.akustikksenter.no\/om-oss\/produksjon-miljo-og-utvikling\/klimaregnskap\/","name":"Climate accounts for Norsk Akustikksenter AS - Norsk Akustikksenter","isPartOf":{"@id":"https:\/\/www.akustikksenter.no\/#website"},"primaryImageOfPage":{"@id":"https:\/\/www.akustikksenter.no\/om-oss\/produksjon-miljo-og-utvikling\/klimaregnskap\/#primaryimage"},"image":{"@id":"https:\/\/www.akustikksenter.no\/om-oss\/produksjon-miljo-og-utvikling\/klimaregnskap\/#primaryimage"},"thumbnailUrl":"https:\/\/www.akustikksenter.no\/wp-content\/uploads\/2024\/05\/P-R-O-S-E-N-T-V-I-S-F-O-R-D-E-L-I-N-G-AV-CO-2-U-TS-L-I-P-P-2023.png","datePublished":"2024-05-14T13:47:31+00:00","dateModified":"2025-04-07T08:24:17+00:00","breadcrumb":{"@id":"https:\/\/www.akustikksenter.no\/om-oss\/produksjon-miljo-og-utvikling\/klimaregnskap\/#breadcrumb"},"inLanguage":"en-GB","potentialAction":[{"@type":"ReadAction","target":["https:\/\/www.akustikksenter.no\/om-oss\/produksjon-miljo-og-utvikling\/klimaregnskap\/"]}]},{"@type":"ImageObject","inLanguage":"en-GB","@id":"https:\/\/www.akustikksenter.no\/om-oss\/produksjon-miljo-og-utvikling\/klimaregnskap\/#primaryimage","url":"https:\/\/www.akustikksenter.no\/wp-content\/uploads\/2024\/05\/P-R-O-S-E-N-T-V-I-S-F-O-R-D-E-L-I-N-G-AV-CO-2-U-TS-L-I-P-P-2023.png","contentUrl":"https:\/\/www.akustikksenter.no\/wp-content\/uploads\/2024\/05\/P-R-O-S-E-N-T-V-I-S-F-O-R-D-E-L-I-N-G-AV-CO-2-U-TS-L-I-P-P-2023.png","width":340,"height":341},{"@type":"BreadcrumbList","@id":"https:\/\/www.akustikksenter.no\/om-oss\/produksjon-miljo-og-utvikling\/klimaregnskap\/#breadcrumb","itemListElement":[{"@type":"ListItem","position":1,"name":"Hjem","item":"https:\/\/www.akustikksenter.no\/"},{"@type":"ListItem","position":2,"name":"Om Norsk Akustikksenter","item":"https:\/\/www.akustikksenter.no\/om-oss\/"},{"@type":"ListItem","position":3,"name":"Produksjon, milj\u00f8 og utvikling","item":"https:\/\/www.akustikksenter.no\/om-oss\/produksjon-miljo-og-utvikling\/"},{"@type":"ListItem","position":4,"name":"Klimaregnskap for Norsk Akustikksenter AS"}]},{"@type":"WebSite","@id":"https:\/\/www.akustikksenter.no\/#website","url":"https:\/\/www.akustikksenter.no\/","name":"Norwegian Acoustics Centre","description":"Total supplier of acoustic solutions","publisher":{"@id":"https:\/\/www.akustikksenter.no\/#organization"},"potentialAction":[{"@type":"SearchAction","target":{"@type":"EntryPoint","urlTemplate":"https:\/\/www.akustikksenter.no\/?s={search_term_string}"},"query-input":{"@type":"PropertyValueSpecification","valueRequired":true,"valueName":"search_term_string"}}],"inLanguage":"en-GB"},{"@type":"Organization","@id":"https:\/\/www.akustikksenter.no\/#organization","name":"Norwegian Acoustics Centre","alternateName":"Akustikksenter","url":"https:\/\/www.akustikksenter.no\/","logo":{"@type":"ImageObject","inLanguage":"en-GB","@id":"https:\/\/www.akustikksenter.no\/#\/schema\/logo\/image\/","url":"https:\/\/www.akustikksenter.no\/wp-content\/uploads\/2018\/02\/Norsk-Akkustikksenter_nyLogo_payoff-3-e1518606723632.png","contentUrl":"https:\/\/www.akustikksenter.no\/wp-content\/uploads\/2018\/02\/Norsk-Akkustikksenter_nyLogo_payoff-3-e1518606723632.png","width":232,"height":93,"caption":"Norsk Akustikksenter"},"image":{"@id":"https:\/\/www.akustikksenter.no\/#\/schema\/logo\/image\/"},"sameAs":["https:\/\/www.facebook.com\/Akustikksenter\/","https:\/\/www.pinterest.com\/akustikksenter\/","https:\/\/www.instagram.com\/akustikksenter_norway\/","https:\/\/no.linkedin.com\/company\/norsk-akustikksenter-as"]}]}},"_links":{"self":[{"href":"https:\/\/www.akustikksenter.no\/en\/wp-json\/wp\/v2\/pages\/11725","targetHints":{"allow":["GET"]}}],"collection":[{"href":"https:\/\/www.akustikksenter.no\/en\/wp-json\/wp\/v2\/pages"}],"about":[{"href":"https:\/\/www.akustikksenter.no\/en\/wp-json\/wp\/v2\/types\/page"}],"author":[{"embeddable":true,"href":"https:\/\/www.akustikksenter.no\/en\/wp-json\/wp\/v2\/users\/1"}],"replies":[{"embeddable":true,"href":"https:\/\/www.akustikksenter.no\/en\/wp-json\/wp\/v2\/comments?post=11725"}],"version-history":[{"count":2,"href":"https:\/\/www.akustikksenter.no\/en\/wp-json\/wp\/v2\/pages\/11725\/revisions"}],"predecessor-version":[{"id":13039,"href":"https:\/\/www.akustikksenter.no\/en\/wp-json\/wp\/v2\/pages\/11725\/revisions\/13039"}],"up":[{"embeddable":true,"href":"https:\/\/www.akustikksenter.no\/en\/wp-json\/wp\/v2\/pages\/10551"}],"wp:featuredmedia":[{"embeddable":true,"href":"https:\/\/www.akustikksenter.no\/en\/wp-json\/wp\/v2\/media\/11745"}],"wp:attachment":[{"href":"https:\/\/www.akustikksenter.no\/en\/wp-json\/wp\/v2\/media?parent=11725"}],"curies":[{"name":"wp","href":"https:\/\/api.w.org\/{rel}","templated":true}]}}