{"id":2602,"date":"2016-11-22T08:51:29","date_gmt":"2016-11-22T07:51:29","guid":{"rendered":"https:\/\/www.akustikksenter.no\/?page_id=2602"},"modified":"2021-06-15T14:15:57","modified_gmt":"2021-06-15T12:15:57","slug":"ce-certification","status":"publish","type":"page","link":"https:\/\/www.akustikksenter.no\/en\/ce-sertifisering\/","title":{"rendered":"CE certification"},"content":{"rendered":"<p><strong>All products that we develop and market in the Nordic region are CE certified in accordance with the applicable standard.<\/strong><\/p>\n<p>A large number of products have been developed by us and are certified by us. The CE certification registration number is also shown on the individual product's data sheet and DoP certificate. Data sheets and DoP certificates are easily found on the individual product on our website.<\/p>\n<p>CE certification of our products is carried out by the independent company Warrington Certification, United Kingdom.<\/p>\n<p>We ensure that products we carry that are developed by other manufacturers are also duly certified for the Nordic market if required.<\/p>\n\n\t\t<style>\n\t\t\t#gallery-1 {\n\t\t\t\tmargin: auto;\n\t\t\t}\n\t\t\t#gallery-1 .gallery-item {\n\t\t\t\tfloat: left;\n\t\t\t\tmargin-top: 10px;\n\t\t\t\ttext-align: center;\n\t\t\t\twidth: 33%;\n\t\t\t}\n\t\t\t#gallery-1 img {\n\t\t\t\tborder: 2px solid #cfcfcf;\n\t\t\t}\n\t\t\t#gallery-1 .gallery-caption {\n\t\t\t\tmargin-left: 0;\n\t\t\t}\n\t\t\t\/* see gallery_shortcode() in wp-includes\/media.php *\/\n\t\t<\/style>\n\t\t<div id='gallery-1' class='gallery galleryid-2602 gallery-columns-3 gallery-size-large'><dl class='gallery-item'>\n\t\t\t<dt class='gallery-icon portrait'>\n\t\t\t\t<a href='https:\/\/www.akustikksenter.no\/en\/ce-sertifisering\/ce-eksempel-1\/'><img loading=\"lazy\" decoding=\"async\" width=\"700\" height=\"963\" src=\"https:\/\/www.akustikksenter.no\/wp-content\/uploads\/2021\/06\/CE-eksempel-1.jpg\" class=\"attachment-large size-large\" alt=\"\" srcset=\"https:\/\/www.akustikksenter.no\/wp-content\/uploads\/2021\/06\/CE-eksempel-1.jpg 700w, https:\/\/www.akustikksenter.no\/wp-content\/uploads\/2021\/06\/CE-eksempel-1-450x619.jpg 450w, https:\/\/www.akustikksenter.no\/wp-content\/uploads\/2021\/06\/CE-eksempel-1-291x400.jpg 291w, https:\/\/www.akustikksenter.no\/wp-content\/uploads\/2021\/06\/CE-eksempel-1-145x200.jpg 145w, https:\/\/www.akustikksenter.no\/wp-content\/uploads\/2021\/06\/CE-eksempel-1-182x250.jpg 182w, https:\/\/www.akustikksenter.no\/wp-content\/uploads\/2021\/06\/CE-eksempel-1-250x344.jpg 250w, https:\/\/www.akustikksenter.no\/wp-content\/uploads\/2021\/06\/CE-eksempel-1-500x688.jpg 500w\" sizes=\"auto, (max-width: 700px) 100vw, 700px\" \/><\/a>\n\t\t\t<\/dt><\/dl><dl class='gallery-item'>\n\t\t\t<dt class='gallery-icon portrait'>\n\t\t\t\t<a href='https:\/\/www.akustikksenter.no\/en\/ce-sertifisering\/ce-eksempel-2\/'><img loading=\"lazy\" decoding=\"async\" width=\"700\" height=\"963\" src=\"https:\/\/www.akustikksenter.no\/wp-content\/uploads\/2021\/06\/CE-eksempel-2.jpg\" class=\"attachment-large size-large\" alt=\"\" srcset=\"https:\/\/www.akustikksenter.no\/wp-content\/uploads\/2021\/06\/CE-eksempel-2.jpg 700w, https:\/\/www.akustikksenter.no\/wp-content\/uploads\/2021\/06\/CE-eksempel-2-450x619.jpg 450w, https:\/\/www.akustikksenter.no\/wp-content\/uploads\/2021\/06\/CE-eksempel-2-291x400.jpg 291w, https:\/\/www.akustikksenter.no\/wp-content\/uploads\/2021\/06\/CE-eksempel-2-145x200.jpg 145w, https:\/\/www.akustikksenter.no\/wp-content\/uploads\/2021\/06\/CE-eksempel-2-182x250.jpg 182w, https:\/\/www.akustikksenter.no\/wp-content\/uploads\/2021\/06\/CE-eksempel-2-250x344.jpg 250w, https:\/\/www.akustikksenter.no\/wp-content\/uploads\/2021\/06\/CE-eksempel-2-500x688.jpg 500w\" sizes=\"auto, (max-width: 700px) 100vw, 700px\" \/><\/a>\n\t\t\t<\/dt><\/dl>\n\t\t\t<br style='clear: both' \/>\n\t\t<\/div>","protected":false},"excerpt":{"rendered":"<p>All products that we develop and market in the Nordic region are CE certified in accordance with applicable standards. A large number of products have been developed by us and are certified by us. The individual product's data sheet and DoP certificate also show the CE certification registration number. Data sheets and DoP certificates can easily be found on the individual product on our website ....<\/p>","protected":false},"author":1,"featured_media":0,"parent":0,"menu_order":0,"comment_status":"closed","ping_status":"closed","template":"","meta":{"_acf_changed":false,"footnotes":""},"class_list":["post-2602","page","type-page","status-publish","hentry"],"acf":[],"yoast_head":"<!-- This site is optimized with the Yoast SEO plugin v27.2 - https:\/\/yoast.com\/product\/yoast-seo-wordpress\/ -->\n<title>CE sertifisering - Norsk Akustikksenter<\/title>\n<meta name=\"robots\" content=\"index, follow, max-snippet:-1, max-image-preview:large, max-video-preview:-1\" \/>\n<link rel=\"canonical\" href=\"https:\/\/www.akustikksenter.no\/en\/ce-certification\/\" \/>\n<meta property=\"og:locale\" content=\"en_GB\" \/>\n<meta property=\"og:type\" content=\"article\" \/>\n<meta property=\"og:title\" content=\"CE sertifisering - Norsk Akustikksenter\" \/>\n<meta property=\"og:description\" content=\"Alle produkter som vi utvikler og markedsf\u00f8rer i Norden er CE sertifisert i hht gjeldende standard. En lang rekke produkter er utviklet av oss og er sertifiserte av oss. P\u00e5 det enkelte produkts Datablad og DoP sertifikat fremkommer ogs\u00e5 CE sertifiseringens registreringsnummer. Datablad og DoP sertifikat finnes enkelt p\u00e5 det enkelte produkt p\u00e5 v\u00e5r hjemmeside.&hellip;\" \/>\n<meta property=\"og:url\" content=\"https:\/\/www.akustikksenter.no\/en\/ce-certification\/\" \/>\n<meta property=\"og:site_name\" content=\"Norsk Akustikksenter\" \/>\n<meta property=\"article:publisher\" content=\"https:\/\/www.facebook.com\/Akustikksenter\/\" \/>\n<meta property=\"article:modified_time\" content=\"2021-06-15T12:15:57+00:00\" \/>\n<meta property=\"og:image\" content=\"https:\/\/www.akustikksenter.no\/wp-content\/uploads\/2021\/06\/CE-eksempel-1.jpg\" \/>\n<meta name=\"twitter:label1\" content=\"Estimated reading time\" \/>\n\t<meta name=\"twitter:data1\" content=\"1 minute\" \/>\n<script type=\"application\/ld+json\" class=\"yoast-schema-graph\">{\"@context\":\"https:\/\/schema.org\",\"@graph\":[{\"@type\":\"WebPage\",\"@id\":\"https:\/\/www.akustikksenter.no\/ce-sertifisering\/\",\"url\":\"https:\/\/www.akustikksenter.no\/ce-sertifisering\/\",\"name\":\"CE sertifisering - Norsk Akustikksenter\",\"isPartOf\":{\"@id\":\"https:\/\/www.akustikksenter.no\/#website\"},\"datePublished\":\"2016-11-22T07:51:29+00:00\",\"dateModified\":\"2021-06-15T12:15:57+00:00\",\"breadcrumb\":{\"@id\":\"https:\/\/www.akustikksenter.no\/ce-sertifisering\/#breadcrumb\"},\"inLanguage\":\"en-GB\",\"potentialAction\":[{\"@type\":\"ReadAction\",\"target\":[\"https:\/\/www.akustikksenter.no\/ce-sertifisering\/\"]}]},{\"@type\":\"BreadcrumbList\",\"@id\":\"https:\/\/www.akustikksenter.no\/ce-sertifisering\/#breadcrumb\",\"itemListElement\":[{\"@type\":\"ListItem\",\"position\":1,\"name\":\"Hjem\",\"item\":\"https:\/\/www.akustikksenter.no\/\"},{\"@type\":\"ListItem\",\"position\":2,\"name\":\"CE sertifisering\"}]},{\"@type\":\"WebSite\",\"@id\":\"https:\/\/www.akustikksenter.no\/#website\",\"url\":\"https:\/\/www.akustikksenter.no\/\",\"name\":\"Norsk Akustikksenter\",\"description\":\"Totalleverand\u00f8r av akustikkl\u00f8sninger\",\"publisher\":{\"@id\":\"https:\/\/www.akustikksenter.no\/#organization\"},\"potentialAction\":[{\"@type\":\"SearchAction\",\"target\":{\"@type\":\"EntryPoint\",\"urlTemplate\":\"https:\/\/www.akustikksenter.no\/?s={search_term_string}\"},\"query-input\":{\"@type\":\"PropertyValueSpecification\",\"valueRequired\":true,\"valueName\":\"search_term_string\"}}],\"inLanguage\":\"en-GB\"},{\"@type\":\"Organization\",\"@id\":\"https:\/\/www.akustikksenter.no\/#organization\",\"name\":\"Norsk Akustikksenter\",\"alternateName\":\"Akustikksenter\",\"url\":\"https:\/\/www.akustikksenter.no\/\",\"logo\":{\"@type\":\"ImageObject\",\"inLanguage\":\"en-GB\",\"@id\":\"https:\/\/www.akustikksenter.no\/#\/schema\/logo\/image\/\",\"url\":\"https:\/\/www.akustikksenter.no\/wp-content\/uploads\/2018\/02\/Norsk-Akkustikksenter_nyLogo_payoff-3-e1518606723632.png\",\"contentUrl\":\"https:\/\/www.akustikksenter.no\/wp-content\/uploads\/2018\/02\/Norsk-Akkustikksenter_nyLogo_payoff-3-e1518606723632.png\",\"width\":232,\"height\":93,\"caption\":\"Norsk Akustikksenter\"},\"image\":{\"@id\":\"https:\/\/www.akustikksenter.no\/#\/schema\/logo\/image\/\"},\"sameAs\":[\"https:\/\/www.facebook.com\/Akustikksenter\/\",\"https:\/\/www.pinterest.com\/akustikksenter\/\",\"https:\/\/www.instagram.com\/akustikksenter_norway\/\",\"https:\/\/no.linkedin.com\/company\/norsk-akustikksenter-as\"]}]}<\/script>\n<!-- \/ Yoast SEO plugin. -->","yoast_head_json":{"title":"CE certification - Norwegian Acoustics Centre","robots":{"index":"index","follow":"follow","max-snippet":"max-snippet:-1","max-image-preview":"max-image-preview:large","max-video-preview":"max-video-preview:-1"},"canonical":"https:\/\/www.akustikksenter.no\/en\/ce-certification\/","og_locale":"en_GB","og_type":"article","og_title":"CE sertifisering - Norsk Akustikksenter","og_description":"Alle produkter som vi utvikler og markedsf\u00f8rer i Norden er CE sertifisert i hht gjeldende standard. En lang rekke produkter er utviklet av oss og er sertifiserte av oss. P\u00e5 det enkelte produkts Datablad og DoP sertifikat fremkommer ogs\u00e5 CE sertifiseringens registreringsnummer. Datablad og DoP sertifikat finnes enkelt p\u00e5 det enkelte produkt p\u00e5 v\u00e5r hjemmeside.&hellip;","og_url":"https:\/\/www.akustikksenter.no\/en\/ce-certification\/","og_site_name":"Norsk Akustikksenter","article_publisher":"https:\/\/www.facebook.com\/Akustikksenter\/","article_modified_time":"2021-06-15T12:15:57+00:00","og_image":[{"url":"https:\/\/www.akustikksenter.no\/wp-content\/uploads\/2021\/06\/CE-eksempel-1.jpg","type":"","width":"","height":""}],"twitter_misc":{"Estimated reading time":"1 minute"},"schema":{"@context":"https:\/\/schema.org","@graph":[{"@type":"WebPage","@id":"https:\/\/www.akustikksenter.no\/ce-sertifisering\/","url":"https:\/\/www.akustikksenter.no\/ce-sertifisering\/","name":"CE certification - Norwegian Acoustics Centre","isPartOf":{"@id":"https:\/\/www.akustikksenter.no\/#website"},"datePublished":"2016-11-22T07:51:29+00:00","dateModified":"2021-06-15T12:15:57+00:00","breadcrumb":{"@id":"https:\/\/www.akustikksenter.no\/ce-sertifisering\/#breadcrumb"},"inLanguage":"en-GB","potentialAction":[{"@type":"ReadAction","target":["https:\/\/www.akustikksenter.no\/ce-sertifisering\/"]}]},{"@type":"BreadcrumbList","@id":"https:\/\/www.akustikksenter.no\/ce-sertifisering\/#breadcrumb","itemListElement":[{"@type":"ListItem","position":1,"name":"Hjem","item":"https:\/\/www.akustikksenter.no\/"},{"@type":"ListItem","position":2,"name":"CE sertifisering"}]},{"@type":"WebSite","@id":"https:\/\/www.akustikksenter.no\/#website","url":"https:\/\/www.akustikksenter.no\/","name":"Norwegian Acoustics Centre","description":"Total supplier of acoustic solutions","publisher":{"@id":"https:\/\/www.akustikksenter.no\/#organization"},"potentialAction":[{"@type":"SearchAction","target":{"@type":"EntryPoint","urlTemplate":"https:\/\/www.akustikksenter.no\/?s={search_term_string}"},"query-input":{"@type":"PropertyValueSpecification","valueRequired":true,"valueName":"search_term_string"}}],"inLanguage":"en-GB"},{"@type":"Organization","@id":"https:\/\/www.akustikksenter.no\/#organization","name":"Norwegian Acoustics Centre","alternateName":"Akustikksenter","url":"https:\/\/www.akustikksenter.no\/","logo":{"@type":"ImageObject","inLanguage":"en-GB","@id":"https:\/\/www.akustikksenter.no\/#\/schema\/logo\/image\/","url":"https:\/\/www.akustikksenter.no\/wp-content\/uploads\/2018\/02\/Norsk-Akkustikksenter_nyLogo_payoff-3-e1518606723632.png","contentUrl":"https:\/\/www.akustikksenter.no\/wp-content\/uploads\/2018\/02\/Norsk-Akkustikksenter_nyLogo_payoff-3-e1518606723632.png","width":232,"height":93,"caption":"Norsk Akustikksenter"},"image":{"@id":"https:\/\/www.akustikksenter.no\/#\/schema\/logo\/image\/"},"sameAs":["https:\/\/www.facebook.com\/Akustikksenter\/","https:\/\/www.pinterest.com\/akustikksenter\/","https:\/\/www.instagram.com\/akustikksenter_norway\/","https:\/\/no.linkedin.com\/company\/norsk-akustikksenter-as"]}]}},"_links":{"self":[{"href":"https:\/\/www.akustikksenter.no\/en\/wp-json\/wp\/v2\/pages\/2602","targetHints":{"allow":["GET"]}}],"collection":[{"href":"https:\/\/www.akustikksenter.no\/en\/wp-json\/wp\/v2\/pages"}],"about":[{"href":"https:\/\/www.akustikksenter.no\/en\/wp-json\/wp\/v2\/types\/page"}],"author":[{"embeddable":true,"href":"https:\/\/www.akustikksenter.no\/en\/wp-json\/wp\/v2\/users\/1"}],"replies":[{"embeddable":true,"href":"https:\/\/www.akustikksenter.no\/en\/wp-json\/wp\/v2\/comments?post=2602"}],"version-history":[{"count":0,"href":"https:\/\/www.akustikksenter.no\/en\/wp-json\/wp\/v2\/pages\/2602\/revisions"}],"wp:attachment":[{"href":"https:\/\/www.akustikksenter.no\/en\/wp-json\/wp\/v2\/media?parent=2602"}],"curies":[{"name":"wp","href":"https:\/\/api.w.org\/{rel}","templated":true}]}}