{"id":4155,"date":"2018-05-22T13:27:24","date_gmt":"2018-05-22T11:27:24","guid":{"rendered":"https:\/\/www.akustikksenter.no\/?page_id=4155"},"modified":"2026-03-02T10:23:40","modified_gmt":"2026-03-02T09:23:40","slug":"privacy","status":"publish","type":"page","link":"https:\/\/www.akustikksenter.no\/en\/personvern\/","title":{"rendered":"Privacy policy"},"content":{"rendered":"<strong>Norwegian Acoustics Centre as<\/strong><br \/>\nAuglendsmyr\u00e5 13<br \/>\n4016 Stavanger, Norway<br \/>\nOrg. no. 915 530 001\n<p>&nbsp;<\/p>\n\t<strong>Contact information<\/strong><br \/>\nPhone 902 38 611<br \/>\n<a href=\"mailto:post@akustikksenter.no\">post@akustikksenter.no<\/a>\n\t\t\t\t\t<a role=\"heading\" aria-level=\"2\" tabindex=\"-1\"  id=\"fl-accordion--label-0\">Information we collect<\/a>\n\t\t\t\t\t\t\t\t\t\t\t<button type=\"button\" id=\"fl-accordion--icon-0\" aria-expanded=\"false\" aria-controls=\"fl-accordion--panel-0\"><i>Utvid<\/i><\/button>\n\t\t\t\t\t<p>When visiting the website, our web provider may collect the necessary information required to provide a stable service.<\/p>\n<p>You can read more about this in <a href=\"https:\/\/www.hjelseth.com\/personvern\/\">Hjelseth Computers' privacy policy<\/a>.<\/p>\n<p>&nbsp;<\/p>\n\t\t\t\t\t<a role=\"heading\" aria-level=\"2\" tabindex=\"-1\"  id=\"fl-accordion--label-1\">Cookies (cookies)<\/a>\n\t\t\t\t\t\t\t\t\t\t\t<button type=\"button\" id=\"fl-accordion--icon-1\" aria-expanded=\"false\" aria-controls=\"fl-accordion--panel-1\"><i>Utvid<\/i><\/button>\n\t\t\t\t\t<h3>How we use cookies<\/h3>\n<p>We use cookies to provide you with better services. Some cookies are essential for the functionality of the website, while others are used to improve performance and user experience.<\/p>\nFunctional cookies are used to:<br \/>\n&#8211; huske innloggingsopplysningene dine<br \/>\n&#8211; ivareta sikkerheten n\u00e5r du er innlogget<br \/>\n&#8211; s\u00f8rge for at nettsidene ser konsistente ut\nYtelsescookies brukes til \u00e5:<br \/>\n&#8211; forbedre ytelsen til nettsidene gjennom \u00e5 laste sidene raskere<br \/>\n&#8211; forbedre brukeropplevelsen\nM\u00e5lrettede cookies brukes til \u00e5:<br \/>\n&#8211; la deg dele og like innhold<br \/>\n&#8211; sende informasjon til andre nettsteder for \u00e5 tilpasse reklamen deres\n<h3>Examples of use<\/h3>\nCookies are used to provide you with better services, for example by<br \/>\n&#8211; aktivere en tjeneste som gjenkjenner enheten din, s\u00e5 du slipper \u00e5 oppgi samme informasjon flere ganger<br \/>\n&#8211; huske at du allerede har oppgitt brukernavn og passord n\u00e5r du er logget p\u00e5 sidene, s\u00e5 du ikke trenger \u00e5 gj\u00f8r det om igjen for hver side<br \/>\n&#8211; m\u00e5le hvor mange som bruker tjenestene, s\u00e5 vi kan gj\u00f8re dem enklere og raskere<br \/>\n&#8211; analysere data for \u00e5 hjelpe oss \u00e5 forst\u00e5 hvordan du bruker tjenester p\u00e5 nettet, slik at vi kan forbedre dem\nHvis du ikke tillater oss \u00e5 bruke cookies, vil visse funksjoner og nettsidene ikke fungere som de skal.<br \/>\nIf you want to delete cookies that are already stored on your computer, follow the instructions for your browser by clicking Help in the menu.\n<p>You can read more about cookies and how to use them at <a href=\"http:\/\/www.aboutcookies.org\/\">www.aboutcookies.org<\/a> or by clicking Help in your browser.<\/p>\n<p>&nbsp;<\/p>\n\t\t\t\t\t<a role=\"heading\" aria-level=\"2\" tabindex=\"-1\"  id=\"fl-accordion--label-2\">Statistics<\/a>\n\t\t\t\t\t\t\t\t\t\t\t<button type=\"button\" id=\"fl-accordion--icon-2\" aria-expanded=\"false\" aria-controls=\"fl-accordion--panel-2\"><i>Utvid<\/i><\/button>\n\t\t\t\t\t<p>We use Google Analytics to measure the number of visitors, which pages are most popular, the duration of visits and other related information.<\/p>\n<p>Denne informasjonen er anonymisert s\u00e5 langt det lar seg gj\u00f8re via Google Analytics&#8217; verkt\u00f8y, og den benyttes kun for \u00e5 gi ett helthetsinntrykk, vi identifiserer ikke enkeltpersoner gjennom statistikkinnhenting.<\/p>\n<p>Read more in <a href=\"https:\/\/policies.google.com\/privacy\">Google's privacy policy<\/a>.<\/p>\n\t\t\t\t\t<a role=\"heading\" aria-level=\"2\" tabindex=\"-1\"  id=\"fl-accordion--label-3\">Online shop<\/a>\n\t\t\t\t\t\t\t\t\t\t\t<button type=\"button\" id=\"fl-accordion--icon-3\" aria-expanded=\"false\" aria-controls=\"fl-accordion--panel-3\"><i>Utvid<\/i><\/button>\n\t\t\t\t\t<p>We collect information related to orders and store it for as long as necessary. You have the option to have information deleted from your personal account (profile) in the online store. To do this, send us a request for deletion of personal data. You have the right to demand access to and deletion of personal data. You can read more about your requirements and rights on the Norwegian Data Protection Authority's own website\u00a0<a href=\"https:\/\/www.datatilsynet.no\/\">datatilsynet.no<\/a>.<\/p>\n<p>&nbsp;<\/p>\n\t\t\t\t\t<a role=\"heading\" aria-level=\"2\" tabindex=\"-1\"  id=\"fl-accordion--label-4\">Third-party tools<\/a>\n\t\t\t\t\t\t\t\t\t\t\t<button type=\"button\" id=\"fl-accordion--icon-4\" aria-expanded=\"false\" aria-controls=\"fl-accordion--panel-4\"><i>Utvid<\/i><\/button>\n\t\t\t\t\t<h3>Texts<\/h3>\n<p>The website utilises text types made available via <a href=\"https:\/\/fonts.google.com\">Google Fonts<\/a>. To the best of our knowledge, no information about the website visitor is collected when loading such text types.<\/p>\n<h3>Third-party content<\/h3>\n<p>We sometimes include video clips, images or content from other third-party websites. Such content treats the visitor as if they were on the included content's own website and it may therefore occur that cookies are stored or statistics are collected by these third parties.<\/p>\n<h3>Use of Microsoft Clarity<\/h3>\n<p>We use Microsoft Clarity on our websites to analyse user behaviour, such as visits, click patterns, scrolling and session duration. This helps us to improve user experience, navigation and content customisation. Data is collected via cookies and other tracking technologies that record, among other things, device information and how you interact with the pages.<\/p>\n<p>By using the Site, you agree that we and Microsoft may collect and use this information for our website analytics and optimisation purposes.<\/p>\n<p>Information collected through Microsoft Clarity may include:<\/p>\n<p>Interaction data (user clicks, gestures, scrolling)<\/p>\n<p>Technical data (browser, device, screen size)<\/p>\n<h4>Session information<\/h4>\n<p>Data collection with Microsoft Clarity takes place only after the user has given explicit consent via our cookie consent solution.<\/p>\n<p><em>For more information about how Microsoft processes personal data, see <a href=\"https:\/\/www.microsoft.com\/en-us\/privacy\/privacystatement\" target=\"_blank\" rel=\"noopener\">Microsoft&#8217;s egen personvernerkl\u00e6ring<\/a>.<\/em><\/p>\n<p>&nbsp;<\/p>\n\t\t\t\t\t<a role=\"heading\" aria-level=\"2\" tabindex=\"-1\"  id=\"fl-accordion--label-5\">General<\/a>\n\t\t\t\t\t\t\t\t\t\t\t<button type=\"button\" id=\"fl-accordion--icon-5\" aria-expanded=\"false\" aria-controls=\"fl-accordion--panel-5\"><i>Utvid<\/i><\/button>\n\t\t\t\t\t<h3>Contact form<\/h3>\n<p>On our website, you can also contact us via a contact form, in which case we ask for the name and contact details of a contact person. The personal data we receive in connection with your enquiry will not be used for any other purpose than to contact you.<\/p>","protected":false},"excerpt":{"rendered":"<p>Norsk Akustikksenter as Auglendsmyr\u00e5 13 4016 Stavanger Org.nr. 915 530 001 &nbsp; Kontaktinformasjon Telefon 902 38 611 post@akustikksenter.no Informasjon vi innhenter Utvid Ved bes\u00f8k p\u00e5 nettsiden vil v\u00e5r nettleverand\u00f8r kunne innhente n\u00f8dvendig informasjon som er n\u00f8dvendig for \u00e5 levere en stabil tjeneste. Det kan leses mer om dette i personvernerkl\u00e6ringen til Hjelseth Computers. &nbsp; Informasjonskapsler&hellip;<\/p>","protected":false},"author":1,"featured_media":0,"parent":0,"menu_order":0,"comment_status":"closed","ping_status":"closed","template":"","meta":{"_acf_changed":false,"footnotes":""},"class_list":["post-4155","page","type-page","status-publish","hentry"],"acf":[],"yoast_head":"<!-- This site is optimized with the Yoast SEO plugin v27.3 - https:\/\/yoast.com\/product\/yoast-seo-wordpress\/ -->\n<title>Personvern - Norsk Akustikksenter<\/title>\n<meta name=\"robots\" content=\"index, follow, max-snippet:-1, max-image-preview:large, max-video-preview:-1\" \/>\n<link rel=\"canonical\" href=\"https:\/\/www.akustikksenter.no\/en\/privacy\/\" \/>\n<meta property=\"og:locale\" content=\"en_GB\" \/>\n<meta property=\"og:type\" content=\"article\" \/>\n<meta property=\"og:title\" content=\"Personvern - Norsk Akustikksenter\" \/>\n<meta property=\"og:description\" content=\"Norsk Akustikksenter as Auglendsmyr\u00e5 13 4016 Stavanger Org.nr. 915 530 001 &nbsp; Kontaktinformasjon Telefon 902 38 611 post@akustikksenter.no Informasjon vi innhenter Utvid Ved bes\u00f8k p\u00e5 nettsiden vil v\u00e5r nettleverand\u00f8r kunne innhente n\u00f8dvendig informasjon som er n\u00f8dvendig for \u00e5 levere en stabil tjeneste. Det kan leses mer om dette i personvernerkl\u00e6ringen til Hjelseth Computers. &nbsp; Informasjonskapsler&hellip;\" \/>\n<meta property=\"og:url\" content=\"https:\/\/www.akustikksenter.no\/en\/privacy\/\" \/>\n<meta property=\"og:site_name\" content=\"Norsk Akustikksenter\" \/>\n<meta property=\"article:publisher\" content=\"https:\/\/www.facebook.com\/Akustikksenter\/\" \/>\n<meta property=\"article:modified_time\" content=\"2026-03-02T09:23:40+00:00\" \/>\n<meta name=\"twitter:label1\" content=\"Estimated reading time\" \/>\n\t<meta name=\"twitter:data1\" content=\"4 minutes\" \/>\n<script type=\"application\/ld+json\" class=\"yoast-schema-graph\">{\"@context\":\"https:\\\/\\\/schema.org\",\"@graph\":[{\"@type\":\"WebPage\",\"@id\":\"https:\\\/\\\/www.akustikksenter.no\\\/personvern\\\/\",\"url\":\"https:\\\/\\\/www.akustikksenter.no\\\/personvern\\\/\",\"name\":\"Personvern - Norsk Akustikksenter\",\"isPartOf\":{\"@id\":\"https:\\\/\\\/www.akustikksenter.no\\\/#website\"},\"datePublished\":\"2018-05-22T11:27:24+00:00\",\"dateModified\":\"2026-03-02T09:23:40+00:00\",\"breadcrumb\":{\"@id\":\"https:\\\/\\\/www.akustikksenter.no\\\/personvern\\\/#breadcrumb\"},\"inLanguage\":\"en-GB\",\"potentialAction\":[{\"@type\":\"ReadAction\",\"target\":[\"https:\\\/\\\/www.akustikksenter.no\\\/personvern\\\/\"]}]},{\"@type\":\"BreadcrumbList\",\"@id\":\"https:\\\/\\\/www.akustikksenter.no\\\/personvern\\\/#breadcrumb\",\"itemListElement\":[{\"@type\":\"ListItem\",\"position\":1,\"name\":\"Hjem\",\"item\":\"https:\\\/\\\/www.akustikksenter.no\\\/\"},{\"@type\":\"ListItem\",\"position\":2,\"name\":\"Personvern\"}]},{\"@type\":\"WebSite\",\"@id\":\"https:\\\/\\\/www.akustikksenter.no\\\/#website\",\"url\":\"https:\\\/\\\/www.akustikksenter.no\\\/\",\"name\":\"Norsk Akustikksenter\",\"description\":\"Totalleverand\u00f8r av akustikkl\u00f8sninger\",\"publisher\":{\"@id\":\"https:\\\/\\\/www.akustikksenter.no\\\/#organization\"},\"potentialAction\":[{\"@type\":\"SearchAction\",\"target\":{\"@type\":\"EntryPoint\",\"urlTemplate\":\"https:\\\/\\\/www.akustikksenter.no\\\/?s={search_term_string}\"},\"query-input\":{\"@type\":\"PropertyValueSpecification\",\"valueRequired\":true,\"valueName\":\"search_term_string\"}}],\"inLanguage\":\"en-GB\"},{\"@type\":\"Organization\",\"@id\":\"https:\\\/\\\/www.akustikksenter.no\\\/#organization\",\"name\":\"Norsk Akustikksenter\",\"alternateName\":\"Akustikksenter\",\"url\":\"https:\\\/\\\/www.akustikksenter.no\\\/\",\"logo\":{\"@type\":\"ImageObject\",\"inLanguage\":\"en-GB\",\"@id\":\"https:\\\/\\\/www.akustikksenter.no\\\/#\\\/schema\\\/logo\\\/image\\\/\",\"url\":\"https:\\\/\\\/www.akustikksenter.no\\\/wp-content\\\/uploads\\\/2018\\\/02\\\/Norsk-Akkustikksenter_nyLogo_payoff-3-e1518606723632.png\",\"contentUrl\":\"https:\\\/\\\/www.akustikksenter.no\\\/wp-content\\\/uploads\\\/2018\\\/02\\\/Norsk-Akkustikksenter_nyLogo_payoff-3-e1518606723632.png\",\"width\":232,\"height\":93,\"caption\":\"Norsk Akustikksenter\"},\"image\":{\"@id\":\"https:\\\/\\\/www.akustikksenter.no\\\/#\\\/schema\\\/logo\\\/image\\\/\"},\"sameAs\":[\"https:\\\/\\\/www.facebook.com\\\/Akustikksenter\\\/\",\"https:\\\/\\\/www.pinterest.com\\\/akustikksenter\\\/\",\"https:\\\/\\\/www.instagram.com\\\/akustikksenter_norway\\\/\",\"https:\\\/\\\/no.linkedin.com\\\/company\\\/norsk-akustikksenter-as\"]}]}<\/script>\n<!-- \/ Yoast SEO plugin. -->","yoast_head_json":{"title":"Privacy policy - Norwegian Acoustics Centre","robots":{"index":"index","follow":"follow","max-snippet":"max-snippet:-1","max-image-preview":"max-image-preview:large","max-video-preview":"max-video-preview:-1"},"canonical":"https:\/\/www.akustikksenter.no\/en\/privacy\/","og_locale":"en_GB","og_type":"article","og_title":"Personvern - Norsk Akustikksenter","og_description":"Norsk Akustikksenter as Auglendsmyr\u00e5 13 4016 Stavanger Org.nr. 915 530 001 &nbsp; Kontaktinformasjon Telefon 902 38 611 post@akustikksenter.no Informasjon vi innhenter Utvid Ved bes\u00f8k p\u00e5 nettsiden vil v\u00e5r nettleverand\u00f8r kunne innhente n\u00f8dvendig informasjon som er n\u00f8dvendig for \u00e5 levere en stabil tjeneste. Det kan leses mer om dette i personvernerkl\u00e6ringen til Hjelseth Computers. &nbsp; Informasjonskapsler&hellip;","og_url":"https:\/\/www.akustikksenter.no\/en\/privacy\/","og_site_name":"Norsk Akustikksenter","article_publisher":"https:\/\/www.facebook.com\/Akustikksenter\/","article_modified_time":"2026-03-02T09:23:40+00:00","twitter_misc":{"Estimated reading time":"4 minutes"},"schema":{"@context":"https:\/\/schema.org","@graph":[{"@type":"WebPage","@id":"https:\/\/www.akustikksenter.no\/personvern\/","url":"https:\/\/www.akustikksenter.no\/personvern\/","name":"Privacy policy - Norwegian Acoustics Centre","isPartOf":{"@id":"https:\/\/www.akustikksenter.no\/#website"},"datePublished":"2018-05-22T11:27:24+00:00","dateModified":"2026-03-02T09:23:40+00:00","breadcrumb":{"@id":"https:\/\/www.akustikksenter.no\/personvern\/#breadcrumb"},"inLanguage":"en-GB","potentialAction":[{"@type":"ReadAction","target":["https:\/\/www.akustikksenter.no\/personvern\/"]}]},{"@type":"BreadcrumbList","@id":"https:\/\/www.akustikksenter.no\/personvern\/#breadcrumb","itemListElement":[{"@type":"ListItem","position":1,"name":"Hjem","item":"https:\/\/www.akustikksenter.no\/"},{"@type":"ListItem","position":2,"name":"Personvern"}]},{"@type":"WebSite","@id":"https:\/\/www.akustikksenter.no\/#website","url":"https:\/\/www.akustikksenter.no\/","name":"Norwegian Acoustics Centre","description":"Total supplier of acoustic solutions","publisher":{"@id":"https:\/\/www.akustikksenter.no\/#organization"},"potentialAction":[{"@type":"SearchAction","target":{"@type":"EntryPoint","urlTemplate":"https:\/\/www.akustikksenter.no\/?s={search_term_string}"},"query-input":{"@type":"PropertyValueSpecification","valueRequired":true,"valueName":"search_term_string"}}],"inLanguage":"en-GB"},{"@type":"Organization","@id":"https:\/\/www.akustikksenter.no\/#organization","name":"Norwegian Acoustics Centre","alternateName":"Akustikksenter","url":"https:\/\/www.akustikksenter.no\/","logo":{"@type":"ImageObject","inLanguage":"en-GB","@id":"https:\/\/www.akustikksenter.no\/#\/schema\/logo\/image\/","url":"https:\/\/www.akustikksenter.no\/wp-content\/uploads\/2018\/02\/Norsk-Akkustikksenter_nyLogo_payoff-3-e1518606723632.png","contentUrl":"https:\/\/www.akustikksenter.no\/wp-content\/uploads\/2018\/02\/Norsk-Akkustikksenter_nyLogo_payoff-3-e1518606723632.png","width":232,"height":93,"caption":"Norsk Akustikksenter"},"image":{"@id":"https:\/\/www.akustikksenter.no\/#\/schema\/logo\/image\/"},"sameAs":["https:\/\/www.facebook.com\/Akustikksenter\/","https:\/\/www.pinterest.com\/akustikksenter\/","https:\/\/www.instagram.com\/akustikksenter_norway\/","https:\/\/no.linkedin.com\/company\/norsk-akustikksenter-as"]}]}},"_links":{"self":[{"href":"https:\/\/www.akustikksenter.no\/en\/wp-json\/wp\/v2\/pages\/4155","targetHints":{"allow":["GET"]}}],"collection":[{"href":"https:\/\/www.akustikksenter.no\/en\/wp-json\/wp\/v2\/pages"}],"about":[{"href":"https:\/\/www.akustikksenter.no\/en\/wp-json\/wp\/v2\/types\/page"}],"author":[{"embeddable":true,"href":"https:\/\/www.akustikksenter.no\/en\/wp-json\/wp\/v2\/users\/1"}],"replies":[{"embeddable":true,"href":"https:\/\/www.akustikksenter.no\/en\/wp-json\/wp\/v2\/comments?post=4155"}],"version-history":[{"count":2,"href":"https:\/\/www.akustikksenter.no\/en\/wp-json\/wp\/v2\/pages\/4155\/revisions"}],"predecessor-version":[{"id":14279,"href":"https:\/\/www.akustikksenter.no\/en\/wp-json\/wp\/v2\/pages\/4155\/revisions\/14279"}],"wp:attachment":[{"href":"https:\/\/www.akustikksenter.no\/en\/wp-json\/wp\/v2\/media?parent=4155"}],"curies":[{"name":"wp","href":"https:\/\/api.w.org\/{rel}","templated":true}]}}