{"id":10939,"date":"2023-10-05T13:39:26","date_gmt":"2023-10-05T11:39:26","guid":{"rendered":"https:\/\/www-akustikksenter.wp3.hcweb.dev\/?post_type=product&#038;p=10939"},"modified":"2026-04-09T15:58:17","modified_gmt":"2026-04-09T13:58:17","slug":"frigg-40-circle","status":"publish","type":"product","link":"https:\/\/www.akustikksenter.no\/en\/butikk\/direkte-monterte-absorbenter-vegg-og-tak\/frigg-40-circle\/","title":{"rendered":"Frigg\u2122 40 Circle"},"content":{"rendered":"<p><b><img decoding=\"async\" class=\"alignnone wp-image-7313\" src=\"https:\/\/www.akustikksenter.no\/wp-content\/uploads\/2020\/02\/klasse-A-med-stjerne.png\" alt=\"\" width=\"66\" height=\"56\" \/>\u00a0 \u00a0<\/b><\/p>\n<p><b><br \/>\nHigh-quality decorative sound absorbers - silencers.\u00a0<\/b><b>Highly effective sound absorbers.<\/b><\/p>\n<p>The sound absorbers are covered with fabric and are available in several different colours and sizes. The surface is impact-resistant and very robust, making them suitable for use in all types of rooms with many types of activity. For example, they can also be used in gyms, nurseries and children's rooms. Of course, they can also be used decoratively in offices and homes. When printing decoration on sound absorbers, we prefer to use this absorber as it gives a great result. These sound absorbers can also be used as notice boards, but be aware that the sound absorbing effect is reduced.<\/p>\n<p><strong>Wall absorbers made of glass wool and fire retardant textile. Excellent for sound absorption.<br \/>\n<\/strong><br \/>\nManufactured in accordance with EN 13964: 2014.<\/p>\n<p>The core of the panels consists of glass wool with a density of 120g. The visible surface is coated with coloured textile. The reverse side is covered with transparent non-woven fabric. The edges are sealed under the textile with water-based lime glue. The sheet is 40 mm thick.<\/p>\n<p>Normally fixed with mounting adhesive, alternatively with a suspension bracket or fixing screws.<\/p>\n<p><strong>Sizes<\/strong><br \/>\nStandard sizes in stock. Special sizes can be ordered.<\/p>\n<p><strong>Colours<\/strong><br \/>\nWhite, beige, light grey, charcoal grey, black or with <a href=\"https:\/\/www.akustikksenter.no\/en\/online-shop\/acoustic-images\/?_gl=1*t9bpu7*_up*MQ..*_ga*MTMwODM1OTQwLjE2OTQxODE3MzM.*_ga_XPZ7G5SB2Y*MTY5NDE4MTczMi4xLjAuMTY5NDE4MTczMi4wLjAuMA..\">printed colour\/motif<\/a>.<\/p>\n<p><strong>Fire class.<\/strong>\u00a0The boards are non-combustible. Glass wool core: A2-s1,d0 ref. EN 13501-1 and surface cloth (white): B-s2,d0 ref. EN 13501-1<\/p>\n<p><strong>Impact resistant.\u00a0<\/strong>The absorber is tested for impact resistance in class 1A in accordance with EN13964, annex D and DIN 18032:2018-11. This is the best possible for this type of product\/material.<\/p>\n<p><strong>The product is M1 certified.\u00a0<\/strong>This means that the product has been tested and fulfils the strictest international requirements for emissions and non-use of toxic components. There are specific requirements for acoustic products that must be met to obtain M1 certification<\/p>\n<p><strong>Insulating properties.\u00a0<\/strong>The absorbers have very good insulation properties. Laboratory tested in accordance with current regulations. Thermal thermal conductivity \/ Lambda value = 0.033W\/(m-K). Thermal heat resistance = 1.191 (m2-K)\/W.<\/p>\n<p><strong>EPD (Environmental Product Declaration).\u00a0<\/strong>The product has completed the LCA (Life Cycle Assessment) report and received an EPD (Environmental Product Declaration) certificate.<\/p>\n<p><strong>Cleaning and maintenance.\u00a0<\/strong>The panel has a surface that allows for dusting, vacuuming and gentle washing with a slightly damp cloth. If the disc is painted over, it will lose its properties.<\/p>\n<p><a href=\"https:\/\/www.akustikksenter.no\/en\/online-shop\/acoustic-images\/\"><em>Perfect for acoustic images\u00a0<\/em><\/a><\/p>","protected":false},"excerpt":{"rendered":"<p><b>Highly effective and decorative soundproofing panels.\u00a0 <\/b>The absorbers are 40 mm and covered with fabric. They are available in several different colours and sizes. The surface is impact-resistant and very robust. Can also be used as notice boards.<\/p>\n<p>Green production, high quality and a long service life make the product highly sustainable.<\/p>","protected":false},"featured_media":14093,"template":"","meta":{"_acf_changed":false},"kampanje":[],"product_brand":[],"product_cat":[348,18],"product_tag":[330,331,332,333,327,334,292],"class_list":{"0":"post-10939","1":"product","2":"type-product","3":"status-publish","4":"has-post-thumbnail","6":"product_cat-dekor-absorbenter-vegg-og-tak","7":"product_cat-direkte-monterte-absorbenter-vegg-og-tak","8":"product_tag-hotell-restaurant-og-uteliv","9":"product_tag-idrettshaller-og-treningssenter","10":"product_tag-industri-kjopesenter-og-butikk","11":"product_tag-kontor-moterom-og-kantine","12":"product_tag-privat-bolig","13":"product_tag-skoler-og-barnehager","14":"product_tag-tekstiloverflate","15":"pa_farge-beige","16":"pa_farge-gra","17":"pa_farge-hvit","18":"pa_farge-koksgra","19":"pa_farge-svart","21":"first","22":"instock","23":"taxable","24":"shipping-taxable","25":"purchasable","26":"product-type-variable"},"acf":[],"yoast_head":"<!-- This site is optimized with the Yoast SEO plugin v27.4 - https:\/\/yoast.com\/product\/yoast-seo-wordpress\/ -->\n<title>Frigg\u2122 40 Circle - Norsk Akustikksenter<\/title>\n<meta name=\"description\" content=\"Sv\u00e6rt effektive og dekorative lyddempende plater.\u00a0 Absorbentene er 40 mm og trukket med tekstil. De f\u00e5s i flere forskjellige farger og st\u00f8rrelser. Overflaten er slagfast og meget robust. Kan ogs\u00e5 brukes som oppslagstavler.\" \/>\n<meta name=\"robots\" content=\"index, follow, max-snippet:-1, max-image-preview:large, max-video-preview:-1\" \/>\n<link rel=\"canonical\" href=\"https:\/\/www.akustikksenter.no\/en\/shop\/directly-mounted-absorbers-wall-and-ceiling\/frigg-40-circle\/\" \/>\n<meta property=\"og:locale\" content=\"en_GB\" \/>\n<meta property=\"og:type\" content=\"article\" \/>\n<meta property=\"og:title\" content=\"Frigg\u2122 40 Circle - Norsk Akustikksenter\" \/>\n<meta property=\"og:description\" content=\"Sv\u00e6rt effektive og dekorative lyddempende plater.\u00a0 Absorbentene er 40 mm og trukket med tekstil. De f\u00e5s i flere forskjellige farger og st\u00f8rrelser. Overflaten er slagfast og meget robust. Kan ogs\u00e5 brukes som oppslagstavler.\" \/>\n<meta property=\"og:url\" content=\"https:\/\/www.akustikksenter.no\/en\/shop\/directly-mounted-absorbers-wall-and-ceiling\/frigg-40-circle\/\" \/>\n<meta property=\"og:site_name\" content=\"Norsk Akustikksenter\" \/>\n<meta property=\"article:publisher\" content=\"https:\/\/www.facebook.com\/Akustikksenter\/\" \/>\n<meta property=\"article:modified_time\" content=\"2026-04-09T13:58:17+00:00\" \/>\n<meta property=\"og:image\" content=\"https:\/\/www.akustikksenter.no\/wp-content\/uploads\/2023\/10\/Circle-beige-2-1009x1024.jpg\" \/>\n\t<meta property=\"og:image:width\" content=\"1009\" \/>\n\t<meta property=\"og:image:height\" content=\"1024\" \/>\n\t<meta property=\"og:image:type\" content=\"image\/jpeg\" \/>\n<meta name=\"twitter:label1\" content=\"Estimated reading time\" \/>\n\t<meta name=\"twitter:data1\" content=\"2 minutes\" \/>\n<script type=\"application\/ld+json\" class=\"yoast-schema-graph\">{\"@context\":\"https:\\\/\\\/schema.org\",\"@graph\":[{\"@type\":\"WebPage\",\"@id\":\"https:\\\/\\\/www.akustikksenter.no\\\/butikk\\\/direkte-monterte-absorbenter-vegg-og-tak\\\/frigg-40-circle\\\/\",\"url\":\"https:\\\/\\\/www.akustikksenter.no\\\/butikk\\\/direkte-monterte-absorbenter-vegg-og-tak\\\/frigg-40-circle\\\/\",\"name\":\"Frigg\u2122 40 Circle - Norsk Akustikksenter\",\"isPartOf\":{\"@id\":\"https:\\\/\\\/www.akustikksenter.no\\\/#website\"},\"primaryImageOfPage\":{\"@id\":\"https:\\\/\\\/www.akustikksenter.no\\\/butikk\\\/direkte-monterte-absorbenter-vegg-og-tak\\\/frigg-40-circle\\\/#primaryimage\"},\"image\":{\"@id\":\"https:\\\/\\\/www.akustikksenter.no\\\/butikk\\\/direkte-monterte-absorbenter-vegg-og-tak\\\/frigg-40-circle\\\/#primaryimage\"},\"thumbnailUrl\":\"https:\\\/\\\/www.akustikksenter.no\\\/wp-content\\\/uploads\\\/2023\\\/10\\\/Circle-beige-2.jpg\",\"datePublished\":\"2023-10-05T11:39:26+00:00\",\"dateModified\":\"2026-04-09T13:58:17+00:00\",\"description\":\"Sv\u00e6rt effektive og dekorative lyddempende plater.\u00a0 Absorbentene er 40 mm og trukket med tekstil. De f\u00e5s i flere forskjellige farger og st\u00f8rrelser. Overflaten er slagfast og meget robust. Kan ogs\u00e5 brukes som oppslagstavler.\",\"breadcrumb\":{\"@id\":\"https:\\\/\\\/www.akustikksenter.no\\\/butikk\\\/direkte-monterte-absorbenter-vegg-og-tak\\\/frigg-40-circle\\\/#breadcrumb\"},\"inLanguage\":\"en-GB\",\"potentialAction\":[{\"@type\":\"ReadAction\",\"target\":[\"https:\\\/\\\/www.akustikksenter.no\\\/butikk\\\/direkte-monterte-absorbenter-vegg-og-tak\\\/frigg-40-circle\\\/\"]}]},{\"@type\":\"ImageObject\",\"inLanguage\":\"en-GB\",\"@id\":\"https:\\\/\\\/www.akustikksenter.no\\\/butikk\\\/direkte-monterte-absorbenter-vegg-og-tak\\\/frigg-40-circle\\\/#primaryimage\",\"url\":\"https:\\\/\\\/www.akustikksenter.no\\\/wp-content\\\/uploads\\\/2023\\\/10\\\/Circle-beige-2.jpg\",\"contentUrl\":\"https:\\\/\\\/www.akustikksenter.no\\\/wp-content\\\/uploads\\\/2023\\\/10\\\/Circle-beige-2.jpg\",\"width\":2484,\"height\":2520},{\"@type\":\"BreadcrumbList\",\"@id\":\"https:\\\/\\\/www.akustikksenter.no\\\/butikk\\\/direkte-monterte-absorbenter-vegg-og-tak\\\/frigg-40-circle\\\/#breadcrumb\",\"itemListElement\":[{\"@type\":\"ListItem\",\"position\":1,\"name\":\"Hjem\",\"item\":\"https:\\\/\\\/www.akustikksenter.no\\\/\"},{\"@type\":\"ListItem\",\"position\":2,\"name\":\"Nettbutikk\",\"item\":\"https:\\\/\\\/www.akustikksenter.no\\\/nettbutikk\\\/\"},{\"@type\":\"ListItem\",\"position\":3,\"name\":\"Frigg\u2122 40 Circle\"}]},{\"@type\":\"WebSite\",\"@id\":\"https:\\\/\\\/www.akustikksenter.no\\\/#website\",\"url\":\"https:\\\/\\\/www.akustikksenter.no\\\/\",\"name\":\"Norsk Akustikksenter\",\"description\":\"Totalleverand\u00f8r av akustikkl\u00f8sninger\",\"publisher\":{\"@id\":\"https:\\\/\\\/www.akustikksenter.no\\\/#organization\"},\"potentialAction\":[{\"@type\":\"SearchAction\",\"target\":{\"@type\":\"EntryPoint\",\"urlTemplate\":\"https:\\\/\\\/www.akustikksenter.no\\\/?s={search_term_string}\"},\"query-input\":{\"@type\":\"PropertyValueSpecification\",\"valueRequired\":true,\"valueName\":\"search_term_string\"}}],\"inLanguage\":\"en-GB\"},{\"@type\":\"Organization\",\"@id\":\"https:\\\/\\\/www.akustikksenter.no\\\/#organization\",\"name\":\"Norsk Akustikksenter\",\"alternateName\":\"Akustikksenter\",\"url\":\"https:\\\/\\\/www.akustikksenter.no\\\/\",\"logo\":{\"@type\":\"ImageObject\",\"inLanguage\":\"en-GB\",\"@id\":\"https:\\\/\\\/www.akustikksenter.no\\\/#\\\/schema\\\/logo\\\/image\\\/\",\"url\":\"https:\\\/\\\/www.akustikksenter.no\\\/wp-content\\\/uploads\\\/2018\\\/02\\\/Norsk-Akkustikksenter_nyLogo_payoff-3-e1518606723632.png\",\"contentUrl\":\"https:\\\/\\\/www.akustikksenter.no\\\/wp-content\\\/uploads\\\/2018\\\/02\\\/Norsk-Akkustikksenter_nyLogo_payoff-3-e1518606723632.png\",\"width\":232,\"height\":93,\"caption\":\"Norsk Akustikksenter\"},\"image\":{\"@id\":\"https:\\\/\\\/www.akustikksenter.no\\\/#\\\/schema\\\/logo\\\/image\\\/\"},\"sameAs\":[\"https:\\\/\\\/www.facebook.com\\\/Akustikksenter\\\/\",\"https:\\\/\\\/www.pinterest.com\\\/akustikksenter\\\/\",\"https:\\\/\\\/www.instagram.com\\\/akustikksenter_norway\\\/\",\"https:\\\/\\\/no.linkedin.com\\\/company\\\/norsk-akustikksenter-as\"]}]}<\/script>\n<!-- \/ Yoast SEO plugin. -->","yoast_head_json":{"title":"Frigg\u2122 40 Circle - Norwegian Acoustics Centre","description":"Highly effective and decorative sound absorbing panels.  The absorbers are 40 mm and covered with fabric. They are available in several different colours and sizes. The surface is impact-resistant and very robust. Can also be used as notice boards.","robots":{"index":"index","follow":"follow","max-snippet":"max-snippet:-1","max-image-preview":"max-image-preview:large","max-video-preview":"max-video-preview:-1"},"canonical":"https:\/\/www.akustikksenter.no\/en\/shop\/directly-mounted-absorbers-wall-and-ceiling\/frigg-40-circle\/","og_locale":"en_GB","og_type":"article","og_title":"Frigg\u2122 40 Circle - Norsk Akustikksenter","og_description":"Sv\u00e6rt effektive og dekorative lyddempende plater.\u00a0 Absorbentene er 40 mm og trukket med tekstil. De f\u00e5s i flere forskjellige farger og st\u00f8rrelser. Overflaten er slagfast og meget robust. Kan ogs\u00e5 brukes som oppslagstavler.","og_url":"https:\/\/www.akustikksenter.no\/en\/shop\/directly-mounted-absorbers-wall-and-ceiling\/frigg-40-circle\/","og_site_name":"Norsk Akustikksenter","article_publisher":"https:\/\/www.facebook.com\/Akustikksenter\/","article_modified_time":"2026-04-09T13:58:17+00:00","og_image":[{"width":1009,"height":1024,"url":"https:\/\/www.akustikksenter.no\/wp-content\/uploads\/2023\/10\/Circle-beige-2-1009x1024.jpg","type":"image\/jpeg"}],"twitter_misc":{"Estimated reading time":"2 minutes"},"schema":{"@context":"https:\/\/schema.org","@graph":[{"@type":"WebPage","@id":"https:\/\/www.akustikksenter.no\/butikk\/direkte-monterte-absorbenter-vegg-og-tak\/frigg-40-circle\/","url":"https:\/\/www.akustikksenter.no\/butikk\/direkte-monterte-absorbenter-vegg-og-tak\/frigg-40-circle\/","name":"Frigg\u2122 40 Circle - Norwegian Acoustics Centre","isPartOf":{"@id":"https:\/\/www.akustikksenter.no\/#website"},"primaryImageOfPage":{"@id":"https:\/\/www.akustikksenter.no\/butikk\/direkte-monterte-absorbenter-vegg-og-tak\/frigg-40-circle\/#primaryimage"},"image":{"@id":"https:\/\/www.akustikksenter.no\/butikk\/direkte-monterte-absorbenter-vegg-og-tak\/frigg-40-circle\/#primaryimage"},"thumbnailUrl":"https:\/\/www.akustikksenter.no\/wp-content\/uploads\/2023\/10\/Circle-beige-2.jpg","datePublished":"2023-10-05T11:39:26+00:00","dateModified":"2026-04-09T13:58:17+00:00","description":"Highly effective and decorative sound absorbing panels.  The absorbers are 40 mm and covered with fabric. They are available in several different colours and sizes. The surface is impact-resistant and very robust. Can also be used as notice boards.","breadcrumb":{"@id":"https:\/\/www.akustikksenter.no\/butikk\/direkte-monterte-absorbenter-vegg-og-tak\/frigg-40-circle\/#breadcrumb"},"inLanguage":"en-GB","potentialAction":[{"@type":"ReadAction","target":["https:\/\/www.akustikksenter.no\/butikk\/direkte-monterte-absorbenter-vegg-og-tak\/frigg-40-circle\/"]}]},{"@type":"ImageObject","inLanguage":"en-GB","@id":"https:\/\/www.akustikksenter.no\/butikk\/direkte-monterte-absorbenter-vegg-og-tak\/frigg-40-circle\/#primaryimage","url":"https:\/\/www.akustikksenter.no\/wp-content\/uploads\/2023\/10\/Circle-beige-2.jpg","contentUrl":"https:\/\/www.akustikksenter.no\/wp-content\/uploads\/2023\/10\/Circle-beige-2.jpg","width":2484,"height":2520},{"@type":"BreadcrumbList","@id":"https:\/\/www.akustikksenter.no\/butikk\/direkte-monterte-absorbenter-vegg-og-tak\/frigg-40-circle\/#breadcrumb","itemListElement":[{"@type":"ListItem","position":1,"name":"Hjem","item":"https:\/\/www.akustikksenter.no\/"},{"@type":"ListItem","position":2,"name":"Nettbutikk","item":"https:\/\/www.akustikksenter.no\/nettbutikk\/"},{"@type":"ListItem","position":3,"name":"Frigg\u2122 40 Circle"}]},{"@type":"WebSite","@id":"https:\/\/www.akustikksenter.no\/#website","url":"https:\/\/www.akustikksenter.no\/","name":"Norwegian Acoustics Centre","description":"Total supplier of acoustic solutions","publisher":{"@id":"https:\/\/www.akustikksenter.no\/#organization"},"potentialAction":[{"@type":"SearchAction","target":{"@type":"EntryPoint","urlTemplate":"https:\/\/www.akustikksenter.no\/?s={search_term_string}"},"query-input":{"@type":"PropertyValueSpecification","valueRequired":true,"valueName":"search_term_string"}}],"inLanguage":"en-GB"},{"@type":"Organization","@id":"https:\/\/www.akustikksenter.no\/#organization","name":"Norwegian Acoustics Centre","alternateName":"Akustikksenter","url":"https:\/\/www.akustikksenter.no\/","logo":{"@type":"ImageObject","inLanguage":"en-GB","@id":"https:\/\/www.akustikksenter.no\/#\/schema\/logo\/image\/","url":"https:\/\/www.akustikksenter.no\/wp-content\/uploads\/2018\/02\/Norsk-Akkustikksenter_nyLogo_payoff-3-e1518606723632.png","contentUrl":"https:\/\/www.akustikksenter.no\/wp-content\/uploads\/2018\/02\/Norsk-Akkustikksenter_nyLogo_payoff-3-e1518606723632.png","width":232,"height":93,"caption":"Norsk Akustikksenter"},"image":{"@id":"https:\/\/www.akustikksenter.no\/#\/schema\/logo\/image\/"},"sameAs":["https:\/\/www.facebook.com\/Akustikksenter\/","https:\/\/www.pinterest.com\/akustikksenter\/","https:\/\/www.instagram.com\/akustikksenter_norway\/","https:\/\/no.linkedin.com\/company\/norsk-akustikksenter-as"]}]}},"_links":{"self":[{"href":"https:\/\/www.akustikksenter.no\/en\/wp-json\/wp\/v2\/product\/10939","targetHints":{"allow":["GET"]}}],"collection":[{"href":"https:\/\/www.akustikksenter.no\/en\/wp-json\/wp\/v2\/product"}],"about":[{"href":"https:\/\/www.akustikksenter.no\/en\/wp-json\/wp\/v2\/types\/product"}],"wp:featuredmedia":[{"embeddable":true,"href":"https:\/\/www.akustikksenter.no\/en\/wp-json\/wp\/v2\/media\/14093"}],"wp:attachment":[{"href":"https:\/\/www.akustikksenter.no\/en\/wp-json\/wp\/v2\/media?parent=10939"}],"wp:term":[{"taxonomy":"kampanje","embeddable":true,"href":"https:\/\/www.akustikksenter.no\/en\/wp-json\/wp\/v2\/kampanje?post=10939"},{"taxonomy":"product_brand","embeddable":true,"href":"https:\/\/www.akustikksenter.no\/en\/wp-json\/wp\/v2\/product_brand?post=10939"},{"taxonomy":"product_cat","embeddable":true,"href":"https:\/\/www.akustikksenter.no\/en\/wp-json\/wp\/v2\/product_cat?post=10939"},{"taxonomy":"product_tag","embeddable":true,"href":"https:\/\/www.akustikksenter.no\/en\/wp-json\/wp\/v2\/product_tag?post=10939"}],"curies":[{"name":"wp","href":"https:\/\/api.w.org\/{rel}","templated":true}]}}