{"id":11045,"date":"2022-05-12T17:24:08","date_gmt":"2022-05-12T15:24:08","guid":{"rendered":"https:\/\/www-akustikksenter.wp3.hcweb.dev\/?post_type=product&#038;p=11045"},"modified":"2026-02-02T10:28:18","modified_gmt":"2026-02-02T09:28:18","slug":"yggdrasil-perforated-wood-panel","status":"publish","type":"product","link":"https:\/\/www.akustikksenter.no\/en\/butikk\/perforerte-lyddempende-trepaneler\/yggdrasil-perforerte-trepanel\/","title":{"rendered":"Yggdrasil\u2122 perforated wood panel"},"content":{"rendered":"<p>The solution is designed specifically for installation directly on walls or ceilings.<\/p>\n<p>There are three components in the solution:<\/p>\n<p><a href=\"https:\/\/www.akustikksenter.no\/en\/shop\/directly-mounted-absorbers-wall-and-ceiling\/eira-40mm-sound-damping-plate\/\">1: Eira<sup>TM<\/sup>40mm black absorber (sound class A)<\/a> with high density is mounted inside with<\/p>\n<p>2. <a href=\"https:\/\/www.akustikksenter.no\/en\/shop\/installation-and-fastening\/fix-all-x-treme\/\">adhesive\/fixing agent<\/a> to the absorber.<\/p>\n<p>3. Perforated wood veneer with Oak surface - veneer is installed on the outside of the absorber. Screws and mouldings are not included.<\/p>\n<p><strong>Sizes.<\/strong> Can be produced in different sizes. Price is based on size 1200\u00d72400 mm. Real Oak surface, MDF core. Absorbent and fabric are in matt black. Special sizes and selected RAL colours as special order.<\/p>\n<p><strong>Fire class.<\/strong> Lacquered surface treated perforated wood veneer with Oak surface veneer; B-s1-2, d0, according to EN 13823 and EN 13501-1. The absorber is fire class A2-s2,d0, according to EN 13501-1.<\/p>\n<p><strong>Installation.<\/strong>The panels are mounted directly on the ceiling or wall. Normally fixed with mounting adhesive and screws. The panels do not fit into a traditional T-system. Panels for T-system are special order.<\/p>\n<p><strong>The absorber is M1 certified.<\/strong>\u00a0This means that the product has been tested and fulfils the strictest international requirements for emissions and non-use of toxic components. There are special requirements for acoustic products that must be met to obtain M1 certification.<\/p>\n<p><strong>Insulating properties.\u00a0<\/strong>The absorbers have very good insulation properties. Laboratory tested in accordance with current regulations. Thermal thermal conductivity \/ Lambda value = 0.033W\/(m-K). Thermal heat resistance = 1.191 (m2-K)\/W.<\/p>\n<p><strong>EPD (Environmental Product Declaration).\u00a0<\/strong>The product has completed the LCA (Life Cycle Assessment) report and received an EPD (Environmental Product Declaration) certificate.<\/p>\n<p><strong>Sustainability for the panel.<\/strong> The wood used in the wood veneer panel is produced in accordance with sustainability and certified by PEFC or FSC. Produced in Norway.<\/p>\n<p><strong>Cleaning and maintenance<\/strong>. The panel has a surface that allows dusting, vacuuming and careful washing with a slightly damp cloth. If the disc is painted\/sealed again, it will lose its properties.<\/p>\n<p>&nbsp;<\/p>","protected":false},"excerpt":{"rendered":"<p>The solution is designed specifically for direct wall mounting. But can also be installed in ceilings. With high sound absorption and effective sound attenuation, <strong>sound class B<\/strong>As a result, it is suitable for most rooms and areas where there is a lot of reverberation and noise. The solution is also very sturdy and can withstand tough treatment and is often used in sports halls, for example. The board is available with a traditional real oak surface. <strong>Order item<\/strong> and <a href=\"https:\/\/www.akustikksenter.no\/en\/contact\/\">special order\/own price<\/a> with Birch or Ash and other colours.<\/p>\n<p>There are three components in the solution;<a href=\"https:\/\/www.akustikksenter.no\/en\/shop\/directly-mounted-absorbers-wall-and-ceiling\/eira-40mm-sound-damping-plate\/\">Eira<sup>TM<\/sup>40mm black absorber (sound class A)<\/a> with high density is mounted inside with <a href=\"https:\/\/www.akustikksenter.no\/en\/shop\/installation-and-fastening\/fix-all-x-treme\/\">adhesive\/fixing agent<\/a> to the absorber. The perforated veneer sheet is mounted on the outside of the absorber. Screws and mouldings are not included.<\/p>","protected":false},"featured_media":11056,"template":"","meta":{"_acf_changed":false},"kampanje":[],"product_brand":[],"product_cat":[350],"product_tag":[328,330,331,332,333,327,334],"class_list":{"0":"post-11045","1":"product","2":"type-product","3":"status-publish","4":"has-post-thumbnail","6":"product_cat-perforerte-lyddempende-trepaneler","7":"product_tag-hjemmekino-og-lydstudio","8":"product_tag-hotell-restaurant-og-uteliv","9":"product_tag-idrettshaller-og-treningssenter","10":"product_tag-industri-kjopesenter-og-butikk","11":"product_tag-kontor-moterom-og-kantine","12":"product_tag-privat-bolig","13":"product_tag-skoler-og-barnehager","15":"first","16":"onbackorder","17":"taxable","18":"shipping-taxable","19":"purchasable","20":"product-type-variable"},"acf":[],"yoast_head":"<!-- This site is optimized with the Yoast SEO plugin v27.5 - https:\/\/yoast.com\/product\/yoast-seo-wordpress\/ -->\n<title>Yggdrasil\u2122 perforert trepanel - Norsk Akustikksenter<\/title>\n<meta name=\"description\" content=\"L\u00f8sningen er utviklet spesielt med tanke p\u00e5 montasje direkte p\u00e5 vegg. Men kan ogs\u00e5 monteres i tak. Med h\u00f8y lydabsorbsjon og effektiv lyddemping, lydklasse B, er den derfor velegnet til de fleste rom og arealer der det er mye etterklang og st\u00f8y. L\u00f8sningen er ogs\u00e5 meget solid og motst\u00e5r t\u00f8ff behandling og ofte brukt i for eksempel idrettshaller. Platen f\u00e5s med en tradisjonell Eik overflate.\" \/>\n<meta name=\"robots\" content=\"index, follow, max-snippet:-1, max-image-preview:large, max-video-preview:-1\" \/>\n<link rel=\"canonical\" href=\"https:\/\/www.akustikksenter.no\/en\/shop\/perforated-sound-absorbing-wood-panels\/yggdrasil-perforated-wood-panel\/\" \/>\n<meta property=\"og:locale\" content=\"en_GB\" \/>\n<meta property=\"og:type\" content=\"article\" \/>\n<meta property=\"og:title\" content=\"Yggdrasil\u2122 perforert trepanel - Norsk Akustikksenter\" \/>\n<meta property=\"og:description\" content=\"L\u00f8sningen er utviklet spesielt med tanke p\u00e5 montasje direkte p\u00e5 vegg. Men kan ogs\u00e5 monteres i tak. Med h\u00f8y lydabsorbsjon og effektiv lyddemping, lydklasse B, er den derfor velegnet til de fleste rom og arealer der det er mye etterklang og st\u00f8y. L\u00f8sningen er ogs\u00e5 meget solid og motst\u00e5r t\u00f8ff behandling og ofte brukt i for eksempel idrettshaller. Platen f\u00e5s med en tradisjonell Eik overflate.\" \/>\n<meta property=\"og:url\" content=\"https:\/\/www.akustikksenter.no\/en\/shop\/perforated-sound-absorbing-wood-panels\/yggdrasil-perforated-wood-panel\/\" \/>\n<meta property=\"og:site_name\" content=\"Norsk Akustikksenter\" \/>\n<meta property=\"article:publisher\" content=\"https:\/\/www.facebook.com\/Akustikksenter\/\" \/>\n<meta property=\"article:modified_time\" content=\"2026-02-02T09:28:18+00:00\" \/>\n<meta property=\"og:image\" content=\"https:\/\/www.akustikksenter.no\/wp-content\/uploads\/2023\/10\/Produktbilde.jpg\" \/>\n\t<meta property=\"og:image:width\" content=\"1888\" \/>\n\t<meta property=\"og:image:height\" content=\"1062\" \/>\n\t<meta property=\"og:image:type\" content=\"image\/jpeg\" \/>\n<meta name=\"twitter:label1\" content=\"Estimated reading time\" \/>\n\t<meta name=\"twitter:data1\" content=\"1 minute\" \/>\n<script type=\"application\/ld+json\" class=\"yoast-schema-graph\">{\"@context\":\"https:\\\/\\\/schema.org\",\"@graph\":[{\"@type\":\"WebPage\",\"@id\":\"https:\\\/\\\/www.akustikksenter.no\\\/butikk\\\/perforerte-lyddempende-trepaneler\\\/yggdrasil-perforerte-trepanel\\\/\",\"url\":\"https:\\\/\\\/www.akustikksenter.no\\\/butikk\\\/perforerte-lyddempende-trepaneler\\\/yggdrasil-perforerte-trepanel\\\/\",\"name\":\"Yggdrasil\u2122 perforert trepanel - Norsk Akustikksenter\",\"isPartOf\":{\"@id\":\"https:\\\/\\\/www.akustikksenter.no\\\/#website\"},\"primaryImageOfPage\":{\"@id\":\"https:\\\/\\\/www.akustikksenter.no\\\/butikk\\\/perforerte-lyddempende-trepaneler\\\/yggdrasil-perforerte-trepanel\\\/#primaryimage\"},\"image\":{\"@id\":\"https:\\\/\\\/www.akustikksenter.no\\\/butikk\\\/perforerte-lyddempende-trepaneler\\\/yggdrasil-perforerte-trepanel\\\/#primaryimage\"},\"thumbnailUrl\":\"https:\\\/\\\/www.akustikksenter.no\\\/wp-content\\\/uploads\\\/2023\\\/10\\\/Produktbilde.jpg\",\"datePublished\":\"2022-05-12T15:24:08+00:00\",\"dateModified\":\"2026-02-02T09:28:18+00:00\",\"description\":\"L\u00f8sningen er utviklet spesielt med tanke p\u00e5 montasje direkte p\u00e5 vegg. Men kan ogs\u00e5 monteres i tak. Med h\u00f8y lydabsorbsjon og effektiv lyddemping, lydklasse B, er den derfor velegnet til de fleste rom og arealer der det er mye etterklang og st\u00f8y. L\u00f8sningen er ogs\u00e5 meget solid og motst\u00e5r t\u00f8ff behandling og ofte brukt i for eksempel idrettshaller. Platen f\u00e5s med en tradisjonell Eik overflate.\",\"breadcrumb\":{\"@id\":\"https:\\\/\\\/www.akustikksenter.no\\\/butikk\\\/perforerte-lyddempende-trepaneler\\\/yggdrasil-perforerte-trepanel\\\/#breadcrumb\"},\"inLanguage\":\"en-GB\",\"potentialAction\":[{\"@type\":\"ReadAction\",\"target\":[\"https:\\\/\\\/www.akustikksenter.no\\\/butikk\\\/perforerte-lyddempende-trepaneler\\\/yggdrasil-perforerte-trepanel\\\/\"]}]},{\"@type\":\"ImageObject\",\"inLanguage\":\"en-GB\",\"@id\":\"https:\\\/\\\/www.akustikksenter.no\\\/butikk\\\/perforerte-lyddempende-trepaneler\\\/yggdrasil-perforerte-trepanel\\\/#primaryimage\",\"url\":\"https:\\\/\\\/www.akustikksenter.no\\\/wp-content\\\/uploads\\\/2023\\\/10\\\/Produktbilde.jpg\",\"contentUrl\":\"https:\\\/\\\/www.akustikksenter.no\\\/wp-content\\\/uploads\\\/2023\\\/10\\\/Produktbilde.jpg\",\"width\":1888,\"height\":1062},{\"@type\":\"BreadcrumbList\",\"@id\":\"https:\\\/\\\/www.akustikksenter.no\\\/butikk\\\/perforerte-lyddempende-trepaneler\\\/yggdrasil-perforerte-trepanel\\\/#breadcrumb\",\"itemListElement\":[{\"@type\":\"ListItem\",\"position\":1,\"name\":\"Hjem\",\"item\":\"https:\\\/\\\/www.akustikksenter.no\\\/\"},{\"@type\":\"ListItem\",\"position\":2,\"name\":\"Nettbutikk\",\"item\":\"https:\\\/\\\/www.akustikksenter.no\\\/nettbutikk\\\/\"},{\"@type\":\"ListItem\",\"position\":3,\"name\":\"Yggdrasil\u2122 perforert trepanel\"}]},{\"@type\":\"WebSite\",\"@id\":\"https:\\\/\\\/www.akustikksenter.no\\\/#website\",\"url\":\"https:\\\/\\\/www.akustikksenter.no\\\/\",\"name\":\"Norsk Akustikksenter\",\"description\":\"Totalleverand\u00f8r av akustikkl\u00f8sninger\",\"publisher\":{\"@id\":\"https:\\\/\\\/www.akustikksenter.no\\\/#organization\"},\"potentialAction\":[{\"@type\":\"SearchAction\",\"target\":{\"@type\":\"EntryPoint\",\"urlTemplate\":\"https:\\\/\\\/www.akustikksenter.no\\\/?s={search_term_string}\"},\"query-input\":{\"@type\":\"PropertyValueSpecification\",\"valueRequired\":true,\"valueName\":\"search_term_string\"}}],\"inLanguage\":\"en-GB\"},{\"@type\":\"Organization\",\"@id\":\"https:\\\/\\\/www.akustikksenter.no\\\/#organization\",\"name\":\"Norsk Akustikksenter\",\"alternateName\":\"Akustikksenter\",\"url\":\"https:\\\/\\\/www.akustikksenter.no\\\/\",\"logo\":{\"@type\":\"ImageObject\",\"inLanguage\":\"en-GB\",\"@id\":\"https:\\\/\\\/www.akustikksenter.no\\\/#\\\/schema\\\/logo\\\/image\\\/\",\"url\":\"https:\\\/\\\/www.akustikksenter.no\\\/wp-content\\\/uploads\\\/2018\\\/02\\\/Norsk-Akkustikksenter_nyLogo_payoff-3-e1518606723632.png\",\"contentUrl\":\"https:\\\/\\\/www.akustikksenter.no\\\/wp-content\\\/uploads\\\/2018\\\/02\\\/Norsk-Akkustikksenter_nyLogo_payoff-3-e1518606723632.png\",\"width\":232,\"height\":93,\"caption\":\"Norsk Akustikksenter\"},\"image\":{\"@id\":\"https:\\\/\\\/www.akustikksenter.no\\\/#\\\/schema\\\/logo\\\/image\\\/\"},\"sameAs\":[\"https:\\\/\\\/www.facebook.com\\\/Akustikksenter\\\/\",\"https:\\\/\\\/www.pinterest.com\\\/akustikksenter\\\/\",\"https:\\\/\\\/www.instagram.com\\\/akustikksenter_norway\\\/\",\"https:\\\/\\\/no.linkedin.com\\\/company\\\/norsk-akustikksenter-as\"]}]}<\/script>\n<!-- \/ Yoast SEO plugin. -->","yoast_head_json":{"title":"Yggdrasil\u2122 perforated wood panel - Norsk Akustikksenter","description":"The solution is designed specifically for direct wall mounting. But it can also be installed in ceilings. With high sound absorption and effective sound attenuation, sound class B, it is therefore suitable for most rooms and areas where there is a lot of reverberation and noise. The solution is also very solid and resists harsh treatment and is often used in sports centres, for example. The board is available with a traditional Oak surface.","robots":{"index":"index","follow":"follow","max-snippet":"max-snippet:-1","max-image-preview":"max-image-preview:large","max-video-preview":"max-video-preview:-1"},"canonical":"https:\/\/www.akustikksenter.no\/en\/shop\/perforated-sound-absorbing-wood-panels\/yggdrasil-perforated-wood-panel\/","og_locale":"en_GB","og_type":"article","og_title":"Yggdrasil\u2122 perforert trepanel - Norsk Akustikksenter","og_description":"L\u00f8sningen er utviklet spesielt med tanke p\u00e5 montasje direkte p\u00e5 vegg. Men kan ogs\u00e5 monteres i tak. Med h\u00f8y lydabsorbsjon og effektiv lyddemping, lydklasse B, er den derfor velegnet til de fleste rom og arealer der det er mye etterklang og st\u00f8y. L\u00f8sningen er ogs\u00e5 meget solid og motst\u00e5r t\u00f8ff behandling og ofte brukt i for eksempel idrettshaller. Platen f\u00e5s med en tradisjonell Eik overflate.","og_url":"https:\/\/www.akustikksenter.no\/en\/shop\/perforated-sound-absorbing-wood-panels\/yggdrasil-perforated-wood-panel\/","og_site_name":"Norsk Akustikksenter","article_publisher":"https:\/\/www.facebook.com\/Akustikksenter\/","article_modified_time":"2026-02-02T09:28:18+00:00","og_image":[{"width":1888,"height":1062,"url":"https:\/\/www.akustikksenter.no\/wp-content\/uploads\/2023\/10\/Produktbilde.jpg","type":"image\/jpeg"}],"twitter_misc":{"Estimated reading time":"1 minute"},"schema":{"@context":"https:\/\/schema.org","@graph":[{"@type":"WebPage","@id":"https:\/\/www.akustikksenter.no\/butikk\/perforerte-lyddempende-trepaneler\/yggdrasil-perforerte-trepanel\/","url":"https:\/\/www.akustikksenter.no\/butikk\/perforerte-lyddempende-trepaneler\/yggdrasil-perforerte-trepanel\/","name":"Yggdrasil\u2122 perforated wood panel - Norsk Akustikksenter","isPartOf":{"@id":"https:\/\/www.akustikksenter.no\/#website"},"primaryImageOfPage":{"@id":"https:\/\/www.akustikksenter.no\/butikk\/perforerte-lyddempende-trepaneler\/yggdrasil-perforerte-trepanel\/#primaryimage"},"image":{"@id":"https:\/\/www.akustikksenter.no\/butikk\/perforerte-lyddempende-trepaneler\/yggdrasil-perforerte-trepanel\/#primaryimage"},"thumbnailUrl":"https:\/\/www.akustikksenter.no\/wp-content\/uploads\/2023\/10\/Produktbilde.jpg","datePublished":"2022-05-12T15:24:08+00:00","dateModified":"2026-02-02T09:28:18+00:00","description":"The solution is designed specifically for direct wall mounting. But it can also be installed in ceilings. With high sound absorption and effective sound attenuation, sound class B, it is therefore suitable for most rooms and areas where there is a lot of reverberation and noise. The solution is also very solid and resists harsh treatment and is often used in sports centres, for example. The board is available with a traditional Oak surface.","breadcrumb":{"@id":"https:\/\/www.akustikksenter.no\/butikk\/perforerte-lyddempende-trepaneler\/yggdrasil-perforerte-trepanel\/#breadcrumb"},"inLanguage":"en-GB","potentialAction":[{"@type":"ReadAction","target":["https:\/\/www.akustikksenter.no\/butikk\/perforerte-lyddempende-trepaneler\/yggdrasil-perforerte-trepanel\/"]}]},{"@type":"ImageObject","inLanguage":"en-GB","@id":"https:\/\/www.akustikksenter.no\/butikk\/perforerte-lyddempende-trepaneler\/yggdrasil-perforerte-trepanel\/#primaryimage","url":"https:\/\/www.akustikksenter.no\/wp-content\/uploads\/2023\/10\/Produktbilde.jpg","contentUrl":"https:\/\/www.akustikksenter.no\/wp-content\/uploads\/2023\/10\/Produktbilde.jpg","width":1888,"height":1062},{"@type":"BreadcrumbList","@id":"https:\/\/www.akustikksenter.no\/butikk\/perforerte-lyddempende-trepaneler\/yggdrasil-perforerte-trepanel\/#breadcrumb","itemListElement":[{"@type":"ListItem","position":1,"name":"Hjem","item":"https:\/\/www.akustikksenter.no\/"},{"@type":"ListItem","position":2,"name":"Nettbutikk","item":"https:\/\/www.akustikksenter.no\/nettbutikk\/"},{"@type":"ListItem","position":3,"name":"Yggdrasil\u2122 perforert trepanel"}]},{"@type":"WebSite","@id":"https:\/\/www.akustikksenter.no\/#website","url":"https:\/\/www.akustikksenter.no\/","name":"Norwegian Acoustics Centre","description":"Total supplier of acoustic solutions","publisher":{"@id":"https:\/\/www.akustikksenter.no\/#organization"},"potentialAction":[{"@type":"SearchAction","target":{"@type":"EntryPoint","urlTemplate":"https:\/\/www.akustikksenter.no\/?s={search_term_string}"},"query-input":{"@type":"PropertyValueSpecification","valueRequired":true,"valueName":"search_term_string"}}],"inLanguage":"en-GB"},{"@type":"Organization","@id":"https:\/\/www.akustikksenter.no\/#organization","name":"Norwegian Acoustics Centre","alternateName":"Akustikksenter","url":"https:\/\/www.akustikksenter.no\/","logo":{"@type":"ImageObject","inLanguage":"en-GB","@id":"https:\/\/www.akustikksenter.no\/#\/schema\/logo\/image\/","url":"https:\/\/www.akustikksenter.no\/wp-content\/uploads\/2018\/02\/Norsk-Akkustikksenter_nyLogo_payoff-3-e1518606723632.png","contentUrl":"https:\/\/www.akustikksenter.no\/wp-content\/uploads\/2018\/02\/Norsk-Akkustikksenter_nyLogo_payoff-3-e1518606723632.png","width":232,"height":93,"caption":"Norsk Akustikksenter"},"image":{"@id":"https:\/\/www.akustikksenter.no\/#\/schema\/logo\/image\/"},"sameAs":["https:\/\/www.facebook.com\/Akustikksenter\/","https:\/\/www.pinterest.com\/akustikksenter\/","https:\/\/www.instagram.com\/akustikksenter_norway\/","https:\/\/no.linkedin.com\/company\/norsk-akustikksenter-as"]}]}},"_links":{"self":[{"href":"https:\/\/www.akustikksenter.no\/en\/wp-json\/wp\/v2\/product\/11045","targetHints":{"allow":["GET"]}}],"collection":[{"href":"https:\/\/www.akustikksenter.no\/en\/wp-json\/wp\/v2\/product"}],"about":[{"href":"https:\/\/www.akustikksenter.no\/en\/wp-json\/wp\/v2\/types\/product"}],"wp:featuredmedia":[{"embeddable":true,"href":"https:\/\/www.akustikksenter.no\/en\/wp-json\/wp\/v2\/media\/11056"}],"wp:attachment":[{"href":"https:\/\/www.akustikksenter.no\/en\/wp-json\/wp\/v2\/media?parent=11045"}],"wp:term":[{"taxonomy":"kampanje","embeddable":true,"href":"https:\/\/www.akustikksenter.no\/en\/wp-json\/wp\/v2\/kampanje?post=11045"},{"taxonomy":"product_brand","embeddable":true,"href":"https:\/\/www.akustikksenter.no\/en\/wp-json\/wp\/v2\/product_brand?post=11045"},{"taxonomy":"product_cat","embeddable":true,"href":"https:\/\/www.akustikksenter.no\/en\/wp-json\/wp\/v2\/product_cat?post=11045"},{"taxonomy":"product_tag","embeddable":true,"href":"https:\/\/www.akustikksenter.no\/en\/wp-json\/wp\/v2\/product_tag?post=11045"}],"curies":[{"name":"wp","href":"https:\/\/api.w.org\/{rel}","templated":true}]}}