{"id":380,"date":"2014-02-05T13:45:16","date_gmt":"2014-02-05T12:45:16","guid":{"rendered":"https:\/\/www-akustikksenter.wp3.hcweb.dev\/?post_type=product&#038;p=380"},"modified":"2026-02-24T14:07:22","modified_gmt":"2026-02-24T13:07:22","slug":"flat","status":"publish","type":"product","link":"https:\/\/www.akustikksenter.no\/en\/butikk\/flater-og-baffler\/flate\/","title":{"rendered":"Loke\u2122 40mm Sound deadening float"},"content":{"rendered":"<p><img decoding=\"async\" class=\"alignnone wp-image-5130\" src=\"https:\/\/www.akustikksenter.no\/wp-content\/uploads\/2018\/11\/klasse_A-150x150.png\" alt=\"\" width=\"57\" height=\"57\" \/><\/p>\n<p>Developed specifically for installation suspended from the ceiling (with wire) or glued to a wall or ceiling. The panel has a finely structured surface and also has a coating\/coating on the surface that makes it easier to maintain and gives it a long service life compared to more traditional absorbers on the market. It has extremely good sound absorption and is highly sound-absorbing. It is therefore very suitable for reducing reverberation and noise in all types of areas, such as open landscapes with high ceilings, offices and teaching environments, kindergartens and rooms with a lot of noise.<\/p>\n<p><strong>Installation<\/strong>. The panels are installed in ceilings with wire suspension. The suspension consists of a spiral screw, wire and fixing hook.  The panels do not fit into a traditional T-system<\/p>\n<p><strong>Edge types.\u00a0<\/strong>Edge B<\/p>\n<p><strong>Sizes.\u00a0<\/strong>Standard sizes and colours in stock. <strong>All our absorbers can also be used as rafts as they have painted and neat edges.<\/strong> Special sizes and colours can be ordered.<\/p>\n<p><strong>Colour.\u00a0<\/strong>White, closest colour code NCS 0502-Y. Special production of your own colour code can be ordered (minimum 100 m2).<\/p>\n<p><strong>Fire class.\u00a0<\/strong>A2-s1,d0, according to EN 13501-1<\/p>\n<p><strong>The product is M1 certified.<\/strong> This means that the product has been tested and fulfils the strictest international requirements for emissions and non-use of toxic components. There are special requirements for acoustic products that must be met to obtain M1 certification.<\/p>\n<p style=\"margin: 0cm 0cm 18.0pt 0cm;\"><strong><span style=\"font-family: 'Lato',sans-serif; color: #262626;\">EPD (Environmental Product Declaration).\u00a0<\/span><\/strong><span style=\"font-family: 'Lato',sans-serif; color: #262626;\">The product has completed the LCA (Life Cycle Assessment) report and received an EPD (Environmental Product Declaration) certificate.<\/span><\/p>\n<p><strong>Cleaning and maintenance<\/strong><br \/>\nThe board has a surface that allows dusting and careful washing with a slightly damp cloth. If the disc is painted over, it will lose its properties.<\/p>\n<p>&nbsp;<\/p>\n<p>&nbsp;<\/p>","protected":false},"excerpt":{"rendered":"<p>Raft with extremely good sound absorption. Sound absorption, class A.  The plate is 40 mm thick. Installed with wire in ceiling.<\/p>\n<p>Green production, high quality and a long service life make the product highly sustainable.<\/p>\n<p>&nbsp;<\/p>","protected":false},"featured_media":9040,"template":"","meta":{"_acf_changed":false},"kampanje":[],"product_brand":[],"product_cat":[348,317],"product_tag":[294,289],"class_list":{"0":"post-380","1":"product","2":"type-product","3":"status-publish","4":"has-post-thumbnail","6":"product_cat-dekor-absorbenter-vegg-og-tak","7":"product_cat-flater-og-baffler","8":"product_tag-flate","9":"product_tag-tak","10":"pa_storrelse_type-1000120040mm-b-kant-2-stk-24m","11":"pa_storrelse_type-1200120040mm-b-kant-2-stk-288m","12":"pa_storrelse_type-1200240040mm-b-kant-4-stk-288m","14":"first","15":"instock","16":"featured","17":"taxable","18":"shipping-taxable","19":"purchasable","20":"product-type-variable"},"acf":[],"yoast_head":"<!-- This site is optimized with the Yoast SEO plugin v27.5 - https:\/\/yoast.com\/product\/yoast-seo-wordpress\/ -->\n<title>Loke\u2122 40mm Lyddempende fl\u00e5te - Norsk Akustikksenter<\/title>\n<meta name=\"description\" content=\"Fl\u00e5te med s\u00e6rdeles god lydabsorbsjon. Lyddemping, klasse A.\u00a0 Platen er 40 mm tykk. Monteres med wire i tak. M1 og EPD Sertifikat.\" \/>\n<meta name=\"robots\" content=\"index, follow, max-snippet:-1, max-image-preview:large, max-video-preview:-1\" \/>\n<link rel=\"canonical\" href=\"https:\/\/www.akustikksenter.no\/en\/shop\/surfaces-and-baffles\/flat\/\" \/>\n<meta property=\"og:locale\" content=\"en_GB\" \/>\n<meta property=\"og:type\" content=\"article\" \/>\n<meta property=\"og:title\" content=\"Loke\u2122 40mm Lyddempende fl\u00e5te - Norsk Akustikksenter\" \/>\n<meta property=\"og:description\" content=\"Fl\u00e5te med s\u00e6rdeles god lydabsorbsjon. Lyddemping, klasse A.\u00a0 Platen er 40 mm tykk. Monteres med wire i tak. M1 og EPD Sertifikat.\" \/>\n<meta property=\"og:url\" content=\"https:\/\/www.akustikksenter.no\/en\/shop\/surfaces-and-baffles\/flat\/\" \/>\n<meta property=\"og:site_name\" content=\"Norsk Akustikksenter\" \/>\n<meta property=\"article:publisher\" content=\"https:\/\/www.facebook.com\/Akustikksenter\/\" \/>\n<meta property=\"article:modified_time\" content=\"2026-02-24T13:07:22+00:00\" \/>\n<meta property=\"og:image\" content=\"https:\/\/www.akustikksenter.no\/wp-content\/uploads\/2014\/02\/Flater-ulike-storrelser-e1662369331167.jpg\" \/>\n\t<meta property=\"og:image:width\" content=\"423\" \/>\n\t<meta property=\"og:image:height\" content=\"423\" \/>\n\t<meta property=\"og:image:type\" content=\"image\/jpeg\" \/>\n<meta name=\"twitter:label1\" content=\"Estimated reading time\" \/>\n\t<meta name=\"twitter:data1\" content=\"2 minutes\" \/>\n<script type=\"application\/ld+json\" class=\"yoast-schema-graph\">{\"@context\":\"https:\\\/\\\/schema.org\",\"@graph\":[{\"@type\":\"WebPage\",\"@id\":\"https:\\\/\\\/www.akustikksenter.no\\\/butikk\\\/flater-og-baffler\\\/flate\\\/\",\"url\":\"https:\\\/\\\/www.akustikksenter.no\\\/butikk\\\/flater-og-baffler\\\/flate\\\/\",\"name\":\"Loke\u2122 40mm Lyddempende fl\u00e5te - Norsk Akustikksenter\",\"isPartOf\":{\"@id\":\"https:\\\/\\\/www.akustikksenter.no\\\/#website\"},\"primaryImageOfPage\":{\"@id\":\"https:\\\/\\\/www.akustikksenter.no\\\/butikk\\\/flater-og-baffler\\\/flate\\\/#primaryimage\"},\"image\":{\"@id\":\"https:\\\/\\\/www.akustikksenter.no\\\/butikk\\\/flater-og-baffler\\\/flate\\\/#primaryimage\"},\"thumbnailUrl\":\"https:\\\/\\\/www.akustikksenter.no\\\/wp-content\\\/uploads\\\/2014\\\/02\\\/Flater-ulike-storrelser-e1662369331167.jpg\",\"datePublished\":\"2014-02-05T12:45:16+00:00\",\"dateModified\":\"2026-02-24T13:07:22+00:00\",\"description\":\"Fl\u00e5te med s\u00e6rdeles god lydabsorbsjon. Lyddemping, klasse A.\u00a0 Platen er 40 mm tykk. Monteres med wire i tak. M1 og EPD Sertifikat.\",\"breadcrumb\":{\"@id\":\"https:\\\/\\\/www.akustikksenter.no\\\/butikk\\\/flater-og-baffler\\\/flate\\\/#breadcrumb\"},\"inLanguage\":\"en-GB\",\"potentialAction\":[{\"@type\":\"ReadAction\",\"target\":[\"https:\\\/\\\/www.akustikksenter.no\\\/butikk\\\/flater-og-baffler\\\/flate\\\/\"]}]},{\"@type\":\"ImageObject\",\"inLanguage\":\"en-GB\",\"@id\":\"https:\\\/\\\/www.akustikksenter.no\\\/butikk\\\/flater-og-baffler\\\/flate\\\/#primaryimage\",\"url\":\"https:\\\/\\\/www.akustikksenter.no\\\/wp-content\\\/uploads\\\/2014\\\/02\\\/Flater-ulike-storrelser-e1662369331167.jpg\",\"contentUrl\":\"https:\\\/\\\/www.akustikksenter.no\\\/wp-content\\\/uploads\\\/2014\\\/02\\\/Flater-ulike-storrelser-e1662369331167.jpg\",\"width\":423,\"height\":423},{\"@type\":\"BreadcrumbList\",\"@id\":\"https:\\\/\\\/www.akustikksenter.no\\\/butikk\\\/flater-og-baffler\\\/flate\\\/#breadcrumb\",\"itemListElement\":[{\"@type\":\"ListItem\",\"position\":1,\"name\":\"Hjem\",\"item\":\"https:\\\/\\\/www.akustikksenter.no\\\/\"},{\"@type\":\"ListItem\",\"position\":2,\"name\":\"Nettbutikk\",\"item\":\"https:\\\/\\\/www.akustikksenter.no\\\/nettbutikk\\\/\"},{\"@type\":\"ListItem\",\"position\":3,\"name\":\"Loke\u2122 40mm Lyddempende fl\u00e5te\"}]},{\"@type\":\"WebSite\",\"@id\":\"https:\\\/\\\/www.akustikksenter.no\\\/#website\",\"url\":\"https:\\\/\\\/www.akustikksenter.no\\\/\",\"name\":\"Norsk Akustikksenter\",\"description\":\"Totalleverand\u00f8r av akustikkl\u00f8sninger\",\"publisher\":{\"@id\":\"https:\\\/\\\/www.akustikksenter.no\\\/#organization\"},\"potentialAction\":[{\"@type\":\"SearchAction\",\"target\":{\"@type\":\"EntryPoint\",\"urlTemplate\":\"https:\\\/\\\/www.akustikksenter.no\\\/?s={search_term_string}\"},\"query-input\":{\"@type\":\"PropertyValueSpecification\",\"valueRequired\":true,\"valueName\":\"search_term_string\"}}],\"inLanguage\":\"en-GB\"},{\"@type\":\"Organization\",\"@id\":\"https:\\\/\\\/www.akustikksenter.no\\\/#organization\",\"name\":\"Norsk Akustikksenter\",\"alternateName\":\"Akustikksenter\",\"url\":\"https:\\\/\\\/www.akustikksenter.no\\\/\",\"logo\":{\"@type\":\"ImageObject\",\"inLanguage\":\"en-GB\",\"@id\":\"https:\\\/\\\/www.akustikksenter.no\\\/#\\\/schema\\\/logo\\\/image\\\/\",\"url\":\"https:\\\/\\\/www.akustikksenter.no\\\/wp-content\\\/uploads\\\/2018\\\/02\\\/Norsk-Akkustikksenter_nyLogo_payoff-3-e1518606723632.png\",\"contentUrl\":\"https:\\\/\\\/www.akustikksenter.no\\\/wp-content\\\/uploads\\\/2018\\\/02\\\/Norsk-Akkustikksenter_nyLogo_payoff-3-e1518606723632.png\",\"width\":232,\"height\":93,\"caption\":\"Norsk Akustikksenter\"},\"image\":{\"@id\":\"https:\\\/\\\/www.akustikksenter.no\\\/#\\\/schema\\\/logo\\\/image\\\/\"},\"sameAs\":[\"https:\\\/\\\/www.facebook.com\\\/Akustikksenter\\\/\",\"https:\\\/\\\/www.pinterest.com\\\/akustikksenter\\\/\",\"https:\\\/\\\/www.instagram.com\\\/akustikksenter_norway\\\/\",\"https:\\\/\\\/no.linkedin.com\\\/company\\\/norsk-akustikksenter-as\"]}]}<\/script>\n<!-- \/ Yoast SEO plugin. -->","yoast_head_json":{"title":"Loke\u2122 40mm Sound attenuation raft - Norsk Akustikksenter","description":"Raft with extremely good sound absorption. Sound absorption, class A.  The plate is 40 mm thick. Mounted with wire in ceiling. M1 and EPD certificate.","robots":{"index":"index","follow":"follow","max-snippet":"max-snippet:-1","max-image-preview":"max-image-preview:large","max-video-preview":"max-video-preview:-1"},"canonical":"https:\/\/www.akustikksenter.no\/en\/shop\/surfaces-and-baffles\/flat\/","og_locale":"en_GB","og_type":"article","og_title":"Loke\u2122 40mm Lyddempende fl\u00e5te - Norsk Akustikksenter","og_description":"Fl\u00e5te med s\u00e6rdeles god lydabsorbsjon. Lyddemping, klasse A.\u00a0 Platen er 40 mm tykk. Monteres med wire i tak. M1 og EPD Sertifikat.","og_url":"https:\/\/www.akustikksenter.no\/en\/shop\/surfaces-and-baffles\/flat\/","og_site_name":"Norsk Akustikksenter","article_publisher":"https:\/\/www.facebook.com\/Akustikksenter\/","article_modified_time":"2026-02-24T13:07:22+00:00","og_image":[{"width":423,"height":423,"url":"https:\/\/www.akustikksenter.no\/wp-content\/uploads\/2014\/02\/Flater-ulike-storrelser-e1662369331167.jpg","type":"image\/jpeg"}],"twitter_misc":{"Estimated reading time":"2 minutes"},"schema":{"@context":"https:\/\/schema.org","@graph":[{"@type":"WebPage","@id":"https:\/\/www.akustikksenter.no\/butikk\/flater-og-baffler\/flate\/","url":"https:\/\/www.akustikksenter.no\/butikk\/flater-og-baffler\/flate\/","name":"Loke\u2122 40mm Sound attenuation raft - Norsk Akustikksenter","isPartOf":{"@id":"https:\/\/www.akustikksenter.no\/#website"},"primaryImageOfPage":{"@id":"https:\/\/www.akustikksenter.no\/butikk\/flater-og-baffler\/flate\/#primaryimage"},"image":{"@id":"https:\/\/www.akustikksenter.no\/butikk\/flater-og-baffler\/flate\/#primaryimage"},"thumbnailUrl":"https:\/\/www.akustikksenter.no\/wp-content\/uploads\/2014\/02\/Flater-ulike-storrelser-e1662369331167.jpg","datePublished":"2014-02-05T12:45:16+00:00","dateModified":"2026-02-24T13:07:22+00:00","description":"Raft with extremely good sound absorption. Sound absorption, class A.  The plate is 40 mm thick. Mounted with wire in ceiling. M1 and EPD certificate.","breadcrumb":{"@id":"https:\/\/www.akustikksenter.no\/butikk\/flater-og-baffler\/flate\/#breadcrumb"},"inLanguage":"en-GB","potentialAction":[{"@type":"ReadAction","target":["https:\/\/www.akustikksenter.no\/butikk\/flater-og-baffler\/flate\/"]}]},{"@type":"ImageObject","inLanguage":"en-GB","@id":"https:\/\/www.akustikksenter.no\/butikk\/flater-og-baffler\/flate\/#primaryimage","url":"https:\/\/www.akustikksenter.no\/wp-content\/uploads\/2014\/02\/Flater-ulike-storrelser-e1662369331167.jpg","contentUrl":"https:\/\/www.akustikksenter.no\/wp-content\/uploads\/2014\/02\/Flater-ulike-storrelser-e1662369331167.jpg","width":423,"height":423},{"@type":"BreadcrumbList","@id":"https:\/\/www.akustikksenter.no\/butikk\/flater-og-baffler\/flate\/#breadcrumb","itemListElement":[{"@type":"ListItem","position":1,"name":"Hjem","item":"https:\/\/www.akustikksenter.no\/"},{"@type":"ListItem","position":2,"name":"Nettbutikk","item":"https:\/\/www.akustikksenter.no\/nettbutikk\/"},{"@type":"ListItem","position":3,"name":"Loke\u2122 40mm Lyddempende fl\u00e5te"}]},{"@type":"WebSite","@id":"https:\/\/www.akustikksenter.no\/#website","url":"https:\/\/www.akustikksenter.no\/","name":"Norwegian Acoustics Centre","description":"Total supplier of acoustic solutions","publisher":{"@id":"https:\/\/www.akustikksenter.no\/#organization"},"potentialAction":[{"@type":"SearchAction","target":{"@type":"EntryPoint","urlTemplate":"https:\/\/www.akustikksenter.no\/?s={search_term_string}"},"query-input":{"@type":"PropertyValueSpecification","valueRequired":true,"valueName":"search_term_string"}}],"inLanguage":"en-GB"},{"@type":"Organization","@id":"https:\/\/www.akustikksenter.no\/#organization","name":"Norwegian Acoustics Centre","alternateName":"Akustikksenter","url":"https:\/\/www.akustikksenter.no\/","logo":{"@type":"ImageObject","inLanguage":"en-GB","@id":"https:\/\/www.akustikksenter.no\/#\/schema\/logo\/image\/","url":"https:\/\/www.akustikksenter.no\/wp-content\/uploads\/2018\/02\/Norsk-Akkustikksenter_nyLogo_payoff-3-e1518606723632.png","contentUrl":"https:\/\/www.akustikksenter.no\/wp-content\/uploads\/2018\/02\/Norsk-Akkustikksenter_nyLogo_payoff-3-e1518606723632.png","width":232,"height":93,"caption":"Norsk Akustikksenter"},"image":{"@id":"https:\/\/www.akustikksenter.no\/#\/schema\/logo\/image\/"},"sameAs":["https:\/\/www.facebook.com\/Akustikksenter\/","https:\/\/www.pinterest.com\/akustikksenter\/","https:\/\/www.instagram.com\/akustikksenter_norway\/","https:\/\/no.linkedin.com\/company\/norsk-akustikksenter-as"]}]}},"_links":{"self":[{"href":"https:\/\/www.akustikksenter.no\/en\/wp-json\/wp\/v2\/product\/380","targetHints":{"allow":["GET"]}}],"collection":[{"href":"https:\/\/www.akustikksenter.no\/en\/wp-json\/wp\/v2\/product"}],"about":[{"href":"https:\/\/www.akustikksenter.no\/en\/wp-json\/wp\/v2\/types\/product"}],"wp:featuredmedia":[{"embeddable":true,"href":"https:\/\/www.akustikksenter.no\/en\/wp-json\/wp\/v2\/media\/9040"}],"wp:attachment":[{"href":"https:\/\/www.akustikksenter.no\/en\/wp-json\/wp\/v2\/media?parent=380"}],"wp:term":[{"taxonomy":"kampanje","embeddable":true,"href":"https:\/\/www.akustikksenter.no\/en\/wp-json\/wp\/v2\/kampanje?post=380"},{"taxonomy":"product_brand","embeddable":true,"href":"https:\/\/www.akustikksenter.no\/en\/wp-json\/wp\/v2\/product_brand?post=380"},{"taxonomy":"product_cat","embeddable":true,"href":"https:\/\/www.akustikksenter.no\/en\/wp-json\/wp\/v2\/product_cat?post=380"},{"taxonomy":"product_tag","embeddable":true,"href":"https:\/\/www.akustikksenter.no\/en\/wp-json\/wp\/v2\/product_tag?post=380"}],"curies":[{"name":"wp","href":"https:\/\/api.w.org\/{rel}","templated":true}]}}