{"id":9450,"date":"2022-09-26T15:26:48","date_gmt":"2022-09-26T13:26:48","guid":{"rendered":"https:\/\/www-akustikksenter.wp3.hcweb.dev\/?post_type=product&#038;p=9450"},"modified":"2026-02-24T14:38:48","modified_gmt":"2026-02-24T13:38:48","slug":"package-unloading-frigg-decor-sound-absorbers","status":"publish","type":"product","link":"https:\/\/www.akustikksenter.no\/en\/butikk\/startpakker\/pakkelosning-frigg-dekor-lydabsorbenter\/","title":{"rendered":"Starter pack Frigg Dekor sound absorbers"},"content":{"rendered":"<p><strong><u>Contents light grey package (item number:7004) :<\/u><\/strong><\/p>\n<ul>\n<li><a href=\"https:\/\/www.akustikksenter.no\/en\/shop\/directly-glued-on-wall-and-ceiling-absorbers\/frigg40mm-textile\/?attribute_pa_farge=gra&amp;attribute_pa_storrelse=300-x-1200\">1 box with 4 discs in the size 30\u00d7120 cm. Item no. 85098<\/a><\/li>\n<li><a href=\"https:\/\/www.akustikksenter.no\/en\/shop\/directly-glued-on-wall-and-ceiling-absorbers\/frigg40mm-textile\/?attribute_pa_farge=gra&amp;attribute_pa_storrelse=600-x-600\">1 box with 8 discs in the size 60\u00d760 cm. Item no. 86095<\/a><\/li>\n<li><a href=\"https:\/\/www.akustikksenter.no\/en\/shop\/suspension-and-fastening\/fix-all-x-treme\/\">3 pcs adhesive for wall. Item no. 8645<\/a><\/li>\n<li>or<\/li>\n<li><a href=\"https:\/\/www.akustikksenter.no\/en\/shop\/installation-and-fastening\/fixing-screw-with-cover-cup\/?attribute_pa_farge=aluminium\">4 packs of 16 pcs cover cups for screws (blank). Item no. 86023<\/a><\/li>\n<li><a href=\"https:\/\/www.akustikksenter.no\/en\/shop\/installation-and-fastening\/assembly-glove\/\">1 pack of gloves<\/a><\/li>\n<\/ul>\n<p>&nbsp;<\/p>\n<p><strong><u>Contents charcoal grey package (item number: 7005):<\/u><\/strong><\/p>\n<ul>\n<li><a href=\"https:\/\/www.akustikksenter.no\/en\/shop\/directly-glued-on-wall-and-ceiling-absorbers\/frigg40mm-textile\/?attribute_pa_farge=koksgra&amp;attribute_pa_storrelse=300-x-1200\">1 box with 4 discs in the size 30\u00d7120 cm. Item no. 85099COAL<\/a><\/li>\n<li><a href=\"https:\/\/www.akustikksenter.no\/en\/shop\/directly-glued-on-wall-and-ceiling-absorbers\/frigg40mm-textile\/?attribute_pa_farge=koksgra&amp;attribute_pa_storrelse=600-x-600\">1 box with 8 discs in the size 60\u00d760 cm. Item no. 86093COAL<\/a><\/li>\n<li><a href=\"https:\/\/www.akustikksenter.no\/en\/shop\/suspension-and-fastening\/fix-all-x-treme\/\">3 pcs adhesive for wall. Item no. 8645<\/a><\/li>\n<li>or<\/li>\n<li><a href=\"https:\/\/www.akustikksenter.no\/en\/shop\/installation-and-fastening\/fixing-screw-with-cover-cup\/?attribute_pa_farge=svart\">4 packs of 16 decorative cups for screws (matt black). Item no. 86023BLK<\/a><\/li>\n<li><a href=\"https:\/\/www.akustikksenter.no\/en\/shop\/installation-and-fastening\/assembly-glove\/\">1 pack of gloves<\/a><\/li>\n<\/ul>\n<p>&nbsp;<\/p>","protected":false},"excerpt":{"rendered":"<p><strong>Package solution for living rooms, TV rooms, recording studios, bedrooms, offices and meeting rooms<\/strong>. Can also be used as notice boards and can withstand needles. Decorative sound absorbers of consistently high quality and finish. Create your own design and install yourself.<\/p>\n<p>The package contains 4.3 metres<sup>2<\/sup> high-grade <a href=\"https:\/\/www.akustikksenter.no\/en\/shop\/directly-glued-on-wall-and-ceiling-absorbers\/frigg40mm-textile\/\">sound class A sound absorbers<\/a>. Enough to achieve good improved acoustic conditions in most rooms that are from approx. 10 - 20 m<sup>2<\/sup>. There are 4 panels in the size 30\u00d7120 cm and 8 panels in the size 60\u00d760 cm. They are 4 cm thick, impact-resistant and very robust. Read more further down under details of the package contents. Green production, high quality and a long service life make the product very sustainable.<\/p>\n<p>Choose between light grey or charcoal grey soundboards and write if you want <strong>glue or decorative cups<\/strong> for screws.<\/p>","protected":false},"featured_media":9451,"template":"","meta":{"_acf_changed":false},"kampanje":[],"product_brand":[],"product_cat":[225],"product_tag":[],"class_list":{"0":"post-9450","1":"product","2":"type-product","3":"status-publish","4":"has-post-thumbnail","6":"product_cat-startpakker","7":"pa_farge-gra","8":"pa_farge-koksgra","10":"first","11":"instock","12":"taxable","13":"shipping-taxable","14":"purchasable","15":"product-type-variable","16":"has-default-attributes"},"acf":[],"yoast_head":"<!-- This site is optimized with the Yoast SEO plugin v27.4 - https:\/\/yoast.com\/product\/yoast-seo-wordpress\/ -->\n<title>Startpakke Frigg Dekor lydabsorbenter - Norsk Akustikksenter<\/title>\n<meta name=\"description\" content=\"Dekorative lydplater av gjennomf\u00f8rt h\u00f8y kvalitet og finish. Enkel montering. Pakkel\u00f8sning til stuer, TV-rom, lydstudio, soverom, kontorer og m\u00f8terom.\" \/>\n<meta name=\"robots\" content=\"index, follow, max-snippet:-1, max-image-preview:large, max-video-preview:-1\" \/>\n<link rel=\"canonical\" href=\"https:\/\/www.akustikksenter.no\/en\/shop\/starter-packs\/package-unloading-frigg-decor-sound-absorbers\/\" \/>\n<meta property=\"og:locale\" content=\"en_GB\" \/>\n<meta property=\"og:type\" content=\"article\" \/>\n<meta property=\"og:title\" content=\"Startpakke Frigg Dekor lydabsorbenter - Norsk Akustikksenter\" \/>\n<meta property=\"og:description\" content=\"Dekorative lydplater av gjennomf\u00f8rt h\u00f8y kvalitet og finish. Enkel montering. Pakkel\u00f8sning til stuer, TV-rom, lydstudio, soverom, kontorer og m\u00f8terom.\" \/>\n<meta property=\"og:url\" content=\"https:\/\/www.akustikksenter.no\/en\/shop\/starter-packs\/package-unloading-frigg-decor-sound-absorbers\/\" \/>\n<meta property=\"og:site_name\" content=\"Norsk Akustikksenter\" \/>\n<meta property=\"article:publisher\" content=\"https:\/\/www.facebook.com\/Akustikksenter\/\" \/>\n<meta property=\"article:modified_time\" content=\"2026-02-24T13:38:48+00:00\" \/>\n<meta property=\"og:image\" content=\"https:\/\/www.akustikksenter.no\/wp-content\/uploads\/2022\/09\/Pakkelosning-Frigg-Dekor-lydplater-1024x938.png\" \/>\n\t<meta property=\"og:image:width\" content=\"1024\" \/>\n\t<meta property=\"og:image:height\" content=\"938\" \/>\n\t<meta property=\"og:image:type\" content=\"image\/png\" \/>\n<script type=\"application\/ld+json\" class=\"yoast-schema-graph\">{\"@context\":\"https:\\\/\\\/schema.org\",\"@graph\":[{\"@type\":\"WebPage\",\"@id\":\"https:\\\/\\\/www.akustikksenter.no\\\/butikk\\\/startpakker\\\/pakkelosning-frigg-dekor-lydabsorbenter\\\/\",\"url\":\"https:\\\/\\\/www.akustikksenter.no\\\/butikk\\\/startpakker\\\/pakkelosning-frigg-dekor-lydabsorbenter\\\/\",\"name\":\"Startpakke Frigg Dekor lydabsorbenter - Norsk Akustikksenter\",\"isPartOf\":{\"@id\":\"https:\\\/\\\/www.akustikksenter.no\\\/#website\"},\"primaryImageOfPage\":{\"@id\":\"https:\\\/\\\/www.akustikksenter.no\\\/butikk\\\/startpakker\\\/pakkelosning-frigg-dekor-lydabsorbenter\\\/#primaryimage\"},\"image\":{\"@id\":\"https:\\\/\\\/www.akustikksenter.no\\\/butikk\\\/startpakker\\\/pakkelosning-frigg-dekor-lydabsorbenter\\\/#primaryimage\"},\"thumbnailUrl\":\"https:\\\/\\\/www.akustikksenter.no\\\/wp-content\\\/uploads\\\/2022\\\/09\\\/Pakkelosning-Frigg-Dekor-lydplater.png\",\"datePublished\":\"2022-09-26T13:26:48+00:00\",\"dateModified\":\"2026-02-24T13:38:48+00:00\",\"description\":\"Dekorative lydplater av gjennomf\u00f8rt h\u00f8y kvalitet og finish. Enkel montering. Pakkel\u00f8sning til stuer, TV-rom, lydstudio, soverom, kontorer og m\u00f8terom.\",\"breadcrumb\":{\"@id\":\"https:\\\/\\\/www.akustikksenter.no\\\/butikk\\\/startpakker\\\/pakkelosning-frigg-dekor-lydabsorbenter\\\/#breadcrumb\"},\"inLanguage\":\"en-GB\",\"potentialAction\":[{\"@type\":\"ReadAction\",\"target\":[\"https:\\\/\\\/www.akustikksenter.no\\\/butikk\\\/startpakker\\\/pakkelosning-frigg-dekor-lydabsorbenter\\\/\"]}]},{\"@type\":\"ImageObject\",\"inLanguage\":\"en-GB\",\"@id\":\"https:\\\/\\\/www.akustikksenter.no\\\/butikk\\\/startpakker\\\/pakkelosning-frigg-dekor-lydabsorbenter\\\/#primaryimage\",\"url\":\"https:\\\/\\\/www.akustikksenter.no\\\/wp-content\\\/uploads\\\/2022\\\/09\\\/Pakkelosning-Frigg-Dekor-lydplater.png\",\"contentUrl\":\"https:\\\/\\\/www.akustikksenter.no\\\/wp-content\\\/uploads\\\/2022\\\/09\\\/Pakkelosning-Frigg-Dekor-lydplater.png\",\"width\":2557,\"height\":2343},{\"@type\":\"BreadcrumbList\",\"@id\":\"https:\\\/\\\/www.akustikksenter.no\\\/butikk\\\/startpakker\\\/pakkelosning-frigg-dekor-lydabsorbenter\\\/#breadcrumb\",\"itemListElement\":[{\"@type\":\"ListItem\",\"position\":1,\"name\":\"Hjem\",\"item\":\"https:\\\/\\\/www.akustikksenter.no\\\/\"},{\"@type\":\"ListItem\",\"position\":2,\"name\":\"Nettbutikk\",\"item\":\"https:\\\/\\\/www.akustikksenter.no\\\/nettbutikk\\\/\"},{\"@type\":\"ListItem\",\"position\":3,\"name\":\"Startpakke Frigg Dekor lydabsorbenter\"}]},{\"@type\":\"WebSite\",\"@id\":\"https:\\\/\\\/www.akustikksenter.no\\\/#website\",\"url\":\"https:\\\/\\\/www.akustikksenter.no\\\/\",\"name\":\"Norsk Akustikksenter\",\"description\":\"Totalleverand\u00f8r av akustikkl\u00f8sninger\",\"publisher\":{\"@id\":\"https:\\\/\\\/www.akustikksenter.no\\\/#organization\"},\"potentialAction\":[{\"@type\":\"SearchAction\",\"target\":{\"@type\":\"EntryPoint\",\"urlTemplate\":\"https:\\\/\\\/www.akustikksenter.no\\\/?s={search_term_string}\"},\"query-input\":{\"@type\":\"PropertyValueSpecification\",\"valueRequired\":true,\"valueName\":\"search_term_string\"}}],\"inLanguage\":\"en-GB\"},{\"@type\":\"Organization\",\"@id\":\"https:\\\/\\\/www.akustikksenter.no\\\/#organization\",\"name\":\"Norsk Akustikksenter\",\"alternateName\":\"Akustikksenter\",\"url\":\"https:\\\/\\\/www.akustikksenter.no\\\/\",\"logo\":{\"@type\":\"ImageObject\",\"inLanguage\":\"en-GB\",\"@id\":\"https:\\\/\\\/www.akustikksenter.no\\\/#\\\/schema\\\/logo\\\/image\\\/\",\"url\":\"https:\\\/\\\/www.akustikksenter.no\\\/wp-content\\\/uploads\\\/2018\\\/02\\\/Norsk-Akkustikksenter_nyLogo_payoff-3-e1518606723632.png\",\"contentUrl\":\"https:\\\/\\\/www.akustikksenter.no\\\/wp-content\\\/uploads\\\/2018\\\/02\\\/Norsk-Akkustikksenter_nyLogo_payoff-3-e1518606723632.png\",\"width\":232,\"height\":93,\"caption\":\"Norsk Akustikksenter\"},\"image\":{\"@id\":\"https:\\\/\\\/www.akustikksenter.no\\\/#\\\/schema\\\/logo\\\/image\\\/\"},\"sameAs\":[\"https:\\\/\\\/www.facebook.com\\\/Akustikksenter\\\/\",\"https:\\\/\\\/www.pinterest.com\\\/akustikksenter\\\/\",\"https:\\\/\\\/www.instagram.com\\\/akustikksenter_norway\\\/\",\"https:\\\/\\\/no.linkedin.com\\\/company\\\/norsk-akustikksenter-as\"]}]}<\/script>\n<!-- \/ Yoast SEO plugin. -->","yoast_head_json":{"title":"Starter pack Frigg Dekor sound absorbers - Norsk Akustikksenter","description":"Decorative soundboards of consistently high quality and finish. Easy installation. Package solution for living rooms, TV rooms, recording studios, bedrooms, offices and meeting rooms.","robots":{"index":"index","follow":"follow","max-snippet":"max-snippet:-1","max-image-preview":"max-image-preview:large","max-video-preview":"max-video-preview:-1"},"canonical":"https:\/\/www.akustikksenter.no\/en\/shop\/starter-packs\/package-unloading-frigg-decor-sound-absorbers\/","og_locale":"en_GB","og_type":"article","og_title":"Startpakke Frigg Dekor lydabsorbenter - Norsk Akustikksenter","og_description":"Dekorative lydplater av gjennomf\u00f8rt h\u00f8y kvalitet og finish. Enkel montering. Pakkel\u00f8sning til stuer, TV-rom, lydstudio, soverom, kontorer og m\u00f8terom.","og_url":"https:\/\/www.akustikksenter.no\/en\/shop\/starter-packs\/package-unloading-frigg-decor-sound-absorbers\/","og_site_name":"Norsk Akustikksenter","article_publisher":"https:\/\/www.facebook.com\/Akustikksenter\/","article_modified_time":"2026-02-24T13:38:48+00:00","og_image":[{"width":1024,"height":938,"url":"https:\/\/www.akustikksenter.no\/wp-content\/uploads\/2022\/09\/Pakkelosning-Frigg-Dekor-lydplater-1024x938.png","type":"image\/png"}],"schema":{"@context":"https:\/\/schema.org","@graph":[{"@type":"WebPage","@id":"https:\/\/www.akustikksenter.no\/butikk\/startpakker\/pakkelosning-frigg-dekor-lydabsorbenter\/","url":"https:\/\/www.akustikksenter.no\/butikk\/startpakker\/pakkelosning-frigg-dekor-lydabsorbenter\/","name":"Starter pack Frigg Dekor sound absorbers - Norsk Akustikksenter","isPartOf":{"@id":"https:\/\/www.akustikksenter.no\/#website"},"primaryImageOfPage":{"@id":"https:\/\/www.akustikksenter.no\/butikk\/startpakker\/pakkelosning-frigg-dekor-lydabsorbenter\/#primaryimage"},"image":{"@id":"https:\/\/www.akustikksenter.no\/butikk\/startpakker\/pakkelosning-frigg-dekor-lydabsorbenter\/#primaryimage"},"thumbnailUrl":"https:\/\/www.akustikksenter.no\/wp-content\/uploads\/2022\/09\/Pakkelosning-Frigg-Dekor-lydplater.png","datePublished":"2022-09-26T13:26:48+00:00","dateModified":"2026-02-24T13:38:48+00:00","description":"Decorative soundboards of consistently high quality and finish. Easy installation. Package solution for living rooms, TV rooms, recording studios, bedrooms, offices and meeting rooms.","breadcrumb":{"@id":"https:\/\/www.akustikksenter.no\/butikk\/startpakker\/pakkelosning-frigg-dekor-lydabsorbenter\/#breadcrumb"},"inLanguage":"en-GB","potentialAction":[{"@type":"ReadAction","target":["https:\/\/www.akustikksenter.no\/butikk\/startpakker\/pakkelosning-frigg-dekor-lydabsorbenter\/"]}]},{"@type":"ImageObject","inLanguage":"en-GB","@id":"https:\/\/www.akustikksenter.no\/butikk\/startpakker\/pakkelosning-frigg-dekor-lydabsorbenter\/#primaryimage","url":"https:\/\/www.akustikksenter.no\/wp-content\/uploads\/2022\/09\/Pakkelosning-Frigg-Dekor-lydplater.png","contentUrl":"https:\/\/www.akustikksenter.no\/wp-content\/uploads\/2022\/09\/Pakkelosning-Frigg-Dekor-lydplater.png","width":2557,"height":2343},{"@type":"BreadcrumbList","@id":"https:\/\/www.akustikksenter.no\/butikk\/startpakker\/pakkelosning-frigg-dekor-lydabsorbenter\/#breadcrumb","itemListElement":[{"@type":"ListItem","position":1,"name":"Hjem","item":"https:\/\/www.akustikksenter.no\/"},{"@type":"ListItem","position":2,"name":"Nettbutikk","item":"https:\/\/www.akustikksenter.no\/nettbutikk\/"},{"@type":"ListItem","position":3,"name":"Startpakke Frigg Dekor lydabsorbenter"}]},{"@type":"WebSite","@id":"https:\/\/www.akustikksenter.no\/#website","url":"https:\/\/www.akustikksenter.no\/","name":"Norwegian Acoustics Centre","description":"Total supplier of acoustic solutions","publisher":{"@id":"https:\/\/www.akustikksenter.no\/#organization"},"potentialAction":[{"@type":"SearchAction","target":{"@type":"EntryPoint","urlTemplate":"https:\/\/www.akustikksenter.no\/?s={search_term_string}"},"query-input":{"@type":"PropertyValueSpecification","valueRequired":true,"valueName":"search_term_string"}}],"inLanguage":"en-GB"},{"@type":"Organization","@id":"https:\/\/www.akustikksenter.no\/#organization","name":"Norwegian Acoustics Centre","alternateName":"Akustikksenter","url":"https:\/\/www.akustikksenter.no\/","logo":{"@type":"ImageObject","inLanguage":"en-GB","@id":"https:\/\/www.akustikksenter.no\/#\/schema\/logo\/image\/","url":"https:\/\/www.akustikksenter.no\/wp-content\/uploads\/2018\/02\/Norsk-Akkustikksenter_nyLogo_payoff-3-e1518606723632.png","contentUrl":"https:\/\/www.akustikksenter.no\/wp-content\/uploads\/2018\/02\/Norsk-Akkustikksenter_nyLogo_payoff-3-e1518606723632.png","width":232,"height":93,"caption":"Norsk Akustikksenter"},"image":{"@id":"https:\/\/www.akustikksenter.no\/#\/schema\/logo\/image\/"},"sameAs":["https:\/\/www.facebook.com\/Akustikksenter\/","https:\/\/www.pinterest.com\/akustikksenter\/","https:\/\/www.instagram.com\/akustikksenter_norway\/","https:\/\/no.linkedin.com\/company\/norsk-akustikksenter-as"]}]}},"_links":{"self":[{"href":"https:\/\/www.akustikksenter.no\/en\/wp-json\/wp\/v2\/product\/9450","targetHints":{"allow":["GET"]}}],"collection":[{"href":"https:\/\/www.akustikksenter.no\/en\/wp-json\/wp\/v2\/product"}],"about":[{"href":"https:\/\/www.akustikksenter.no\/en\/wp-json\/wp\/v2\/types\/product"}],"wp:featuredmedia":[{"embeddable":true,"href":"https:\/\/www.akustikksenter.no\/en\/wp-json\/wp\/v2\/media\/9451"}],"wp:attachment":[{"href":"https:\/\/www.akustikksenter.no\/en\/wp-json\/wp\/v2\/media?parent=9450"}],"wp:term":[{"taxonomy":"kampanje","embeddable":true,"href":"https:\/\/www.akustikksenter.no\/en\/wp-json\/wp\/v2\/kampanje?post=9450"},{"taxonomy":"product_brand","embeddable":true,"href":"https:\/\/www.akustikksenter.no\/en\/wp-json\/wp\/v2\/product_brand?post=9450"},{"taxonomy":"product_cat","embeddable":true,"href":"https:\/\/www.akustikksenter.no\/en\/wp-json\/wp\/v2\/product_cat?post=9450"},{"taxonomy":"product_tag","embeddable":true,"href":"https:\/\/www.akustikksenter.no\/en\/wp-json\/wp\/v2\/product_tag?post=9450"}],"curies":[{"name":"wp","href":"https:\/\/api.w.org\/{rel}","templated":true}]}}